{"id":5477,"date":"2023-02-22T19:21:45","date_gmt":"2023-02-22T11:21:45","guid":{"rendered":"https:\/\/renodoll.com\/?page_id=5477"},"modified":"2023-03-31T18:35:03","modified_gmt":"2023-03-31T10:35:03","slug":"sex-doll-tongue","status":"publish","type":"page","link":"https:\/\/renodoll.com\/sv\/sex-docka-tunga\/","title":{"rendered":"Sexdocka tunga"},"content":{"rendered":"<div data-elementor-type=\"wp-page\" data-elementor-id=\"5477\" class=\"elementor elementor-5477\">\n\t\t\t\t\t\t\t\t\t<section class=\"elementor-section elementor-top-section elementor-element elementor-element-19ce2b8 page-content-text elementor-section-boxed elementor-section-height-default elementor-section-height-default\" data-id=\"19ce2b8\" data-element_type=\"section\">\n\t\t\t\t\t\t<div class=\"elementor-container elementor-column-gap-default\">\n\t\t\t\t\t<div class=\"elementor-column elementor-col-100 elementor-top-column elementor-element elementor-element-f3c1b7c\" data-id=\"f3c1b7c\" data-element_type=\"column\">\n\t\t\t<div class=\"elementor-widget-wrap elementor-element-populated\">\n\t\t\t\t\t\t\t\t<div class=\"elementor-element elementor-element-d7cc961 elementor-invisible elementor-widget elementor-widget-heading\" data-id=\"d7cc961\" data-element_type=\"widget\" data-settings=\"{&quot;_animation&quot;:&quot;fadeInUp&quot;}\" data-widget_type=\"heading.default\">\n\t\t\t\t<div class=\"elementor-widget-container\">\n\t\t\t<style>\/*! elementor - v3.10.2 - 29-01-2023 *\/\n.elementor-heading-title{padding:0;margin:0;line-height:1}.elementor-widget-heading .elementor-heading-title[class*=elementor-size-]>a{color:inherit;font-size:inherit;line-height:inherit}.elementor-widget-heading .elementor-heading-title.elementor-size-small{font-size:15px}.elementor-widget-heading .elementor-heading-title.elementor-size-medium{font-size:19px}.elementor-widget-heading .elementor-heading-title.elementor-size-large{font-size:29px}.elementor-widget-heading .elementor-heading-title.elementor-size-xl{font-size:39px}.elementor-widget-heading .elementor-heading-title.elementor-size-xxl{font-size:59px}<\/style><h2 class=\"elementor-heading-title elementor-size-default\">Tunga<\/h2>\t\t<\/div>\n\t\t\t\t<\/div>\n\t\t\t\t<div class=\"elementor-element elementor-element-2f50bad elementor-widget elementor-widget-text-editor\" data-id=\"2f50bad\" data-element_type=\"widget\" data-widget_type=\"text-editor.default\">\n\t\t\t\t<div class=\"elementor-widget-container\">\n\t\t\t<style>\/*! elementor - v3.10.2 - 29-01-2023 *\/\n.elementor-widget-text-editor.elementor-drop-cap-view-stacked .elementor-drop-cap{background-color:#818a91;color:#fff}.elementor-widget-text-editor.elementor-drop-cap-view-framed .elementor-drop-cap{color:#818a91;border:3px solid;background-color:transparent}.elementor-widget-text-editor:not(.elementor-drop-cap-view-default) .elementor-drop-cap{margin-top:8px}.elementor-widget-text-editor:not(.elementor-drop-cap-view-default) .elementor-drop-cap-letter{width:1em;height:1em}.elementor-widget-text-editor .elementor-drop-cap{float:left;text-align:center;line-height:1;font-size:50px}.elementor-widget-text-editor .elementor-drop-cap-letter{display:inline-block}<\/style>\t\t\t\tTPE (termoplastisk elastomer) gjord tunga f\u00f6r din sexdockans huvud. Denna tunga \u00e4r ocks\u00e5 avtagbar, och den kan anv\u00e4ndas f\u00f6r fotograferings\u00e4ndam\u00e5l. Den sitter inte fast och sitter bara inne i dockans mun.\t\t\t\t\t\t<\/div>\n\t\t\t\t<\/div>\n\t\t\t\t<div class=\"elementor-element elementor-element-7b009cf elementor-widget elementor-widget-text-editor\" data-id=\"7b009cf\" data-element_type=\"widget\" data-widget_type=\"text-editor.default\">\n\t\t\t\t<div class=\"elementor-widget-container\">\n\t\t\t\t\t\t\t\u00c4r du en sexdockanv\u00e4ndare och vill uppleva \u00e4nnu mer tillfredsst\u00e4llande sexuell njutning? Vi har implanterade sexdockor med avtagbara tungor, som \u00e4r speciellt designade f\u00f6r verklighetstrogen oralsex.\n\t\t\t\t\t\t<\/div>\n\t\t\t\t<\/div>\n\t\t\t\t<section class=\"elementor-section elementor-inner-section elementor-element elementor-element-d419c7c elementor-section-boxed elementor-section-height-default elementor-section-height-default\" data-id=\"d419c7c\" data-element_type=\"section\">\n\t\t\t\t\t\t<div class=\"elementor-container elementor-column-gap-default\">\n\t\t\t\t\t<div class=\"elementor-column elementor-col-50 elementor-inner-column elementor-element elementor-element-df64315\" data-id=\"df64315\" data-element_type=\"column\">\n\t\t\t<div class=\"elementor-widget-wrap elementor-element-populated\">\n\t\t\t\t\t\t\t\t<div class=\"elementor-element elementor-element-791ec70 elementor-invisible elementor-widget elementor-widget-heading\" data-id=\"791ec70\" data-element_type=\"widget\" data-settings=\"{&quot;_animation&quot;:&quot;fadeInUp&quot;}\" data-widget_type=\"heading.default\">\n\t\t\t\t<div class=\"elementor-widget-container\">\n\t\t\t<h2 class=\"elementor-heading-title elementor-size-default\">Realistiska tungor f\u00f6r din RenoDoll \n<\/h2>\t\t<\/div>\n\t\t\t\t<\/div>\n\t\t\t\t<div class=\"elementor-element elementor-element-d24a218 elementor-widget elementor-widget-text-editor\" data-id=\"d24a218\" data-element_type=\"widget\" data-widget_type=\"text-editor.default\">\n\t\t\t\t<div class=\"elementor-widget-container\">\n\t\t\t\t\t\t\tDet var l\u00e4nge sedan. Vi har f\u00f6rs\u00f6kt g\u00f6ra n\u00e5gra f\u00f6rb\u00e4ttringar av v\u00e5r nya sexdockabutik; du kommer att se att detta \u00e4r sant med den nya k\u00e4rleksdockan vi har i lager. P\u00e5 grund av vissa orsaker kommer vi att ha fler silikondockor, s\u00e5 vi anstr\u00e4nger oss mer f\u00f6r att f\u00f6rb\u00e4ttra v\u00e5rt lager.\n\t\t\t\t\t\t<\/div>\n\t\t\t\t<\/div>\n\t\t\t\t<div class=\"elementor-element elementor-element-9f505e9 elementor-widget elementor-widget-text-editor\" data-id=\"9f505e9\" data-element_type=\"widget\" data-widget_type=\"text-editor.default\">\n\t\t\t\t<div class=\"elementor-widget-container\">\n\t\t\t\t\t\t\t<p>Vi har en ny funktion f\u00f6r v\u00e5r RenoDoll, och vi kommer att ber\u00e4tta om det i det h\u00e4r inl\u00e4gget. Det \u00e4r ist\u00e4llet en k\u00e4nd hemlighet att k\u00e4rleksdockor inte kommer med tungor; detta kan orsaka viss tillfredsst\u00e4llelse i deras anv\u00e4ndning, s\u00e4rskilt n\u00e4r det g\u00e4ller att kyssa dessa k\u00e4rleksdockor.<\/p>\t\t\t\t\t\t<\/div>\n\t\t\t\t<\/div>\n\t\t\t\t<div class=\"elementor-element elementor-element-75d035e elementor-widget elementor-widget-text-editor\" data-id=\"75d035e\" data-element_type=\"widget\" data-widget_type=\"text-editor.default\">\n\t\t\t\t<div class=\"elementor-widget-container\">\n\t\t\t\t\t\t\t<p>Vi erbjuder \u00e4ntligen tungor f\u00f6r v\u00e5ra RenoDolls. Dessa tungor k\u00e4nns realistiska, precis som den \u00e4kta varan, och den \u00e4r f\u00e4st vid huvudena s\u00e5 att de inte skulle slitas av lika l\u00e4tt som tidigare. Vi har dock bara denna innovation f\u00f6r ett f\u00e5tal verifierade RenoDolls-s\u00e4ljare. Och vi \u00e4r stolta verifierade docks\u00e4ljare; du vill inte missa detta, kolla in det s\u00e5 snart som m\u00f6jligt.<\/p>\t\t\t\t\t\t<\/div>\n\t\t\t\t<\/div>\n\t\t\t\t<div class=\"elementor-element elementor-element-4c9dc49 elementor-widget elementor-widget-text-editor\" data-id=\"4c9dc49\" data-element_type=\"widget\" data-widget_type=\"text-editor.default\">\n\t\t\t\t<div class=\"elementor-widget-container\">\n\t\t\t\t\t\t\tKolla g\u00e4rna in bilderna nedan.\n\t\t\t\t\t\t<\/div>\n\t\t\t\t<\/div>\n\t\t\t\t\t<\/div>\n\t\t<\/div>\n\t\t\t\t<div class=\"elementor-column elementor-col-50 elementor-inner-column elementor-element elementor-element-6a2ef2e\" data-id=\"6a2ef2e\" data-element_type=\"column\">\n\t\t\t<div class=\"elementor-widget-wrap elementor-element-populated\">\n\t\t\t\t\t\t\t\t<div class=\"elementor-element elementor-element-799aff2 elementor-widget elementor-widget-image\" data-id=\"799aff2\" data-element_type=\"widget\" data-widget_type=\"image.default\">\n\t\t\t\t<div class=\"elementor-widget-container\">\n\t\t\t<style>\/*! elementor - v3.10.2 - 29-01-2023 *\/\n.elementor-widget-image{text-align:center}.elementor-widget-image a{display:inline-block}.elementor-widget-image a img[src$=\".svg\"]{width:48px}.elementor-widget-image img{vertical-align:middle;display:inline-block}<\/style>\t\t\t\t\t\t\t\t\t\t\t\t<img loading=\"lazy\" decoding=\"async\" width=\"1000\" height=\"1000\" src=\"https:\/\/renodoll.com\/wp-content\/uploads\/2023\/03\/aura-dolls-toronto-s8n24.jpg\" class=\"attachment-large size-large wp-image-8720\" alt=\"\" srcset=\"https:\/\/renodoll.com\/wp-content\/uploads\/2023\/03\/aura-dolls-toronto-s8n24.jpg 1000w, https:\/\/renodoll.com\/wp-content\/uploads\/2023\/03\/aura-dolls-toronto-s8n24-300x300.jpg 300w, https:\/\/renodoll.com\/wp-content\/uploads\/2023\/03\/aura-dolls-toronto-s8n24-150x150.jpg 150w, https:\/\/renodoll.com\/wp-content\/uploads\/2023\/03\/aura-dolls-toronto-s8n24-768x768.jpg 768w, https:\/\/renodoll.com\/wp-content\/uploads\/2023\/03\/aura-dolls-toronto-s8n24-12x12.jpg 12w, https:\/\/renodoll.com\/wp-content\/uploads\/2023\/03\/aura-dolls-toronto-s8n24-100x100.jpg 100w, https:\/\/renodoll.com\/wp-content\/uploads\/2023\/03\/aura-dolls-toronto-s8n24-600x600.jpg 600w, https:\/\/renodoll.com\/wp-content\/uploads\/2023\/03\/aura-dolls-toronto-s8n24-10x10.jpg 10w\" sizes=\"auto, (max-width: 1000px) 100vw, 1000px\" \/>\t\t\t\t\t\t\t\t\t\t\t\t\t\t\t<\/div>\n\t\t\t\t<\/div>\n\t\t\t\t\t<\/div>\n\t\t<\/div>\n\t\t\t\t\t\t\t<\/div>\n\t\t<\/section>\n\t\t\t\t<div class=\"elementor-element elementor-element-7895fb1 elementor-invisible elementor-widget elementor-widget-heading\" data-id=\"7895fb1\" data-element_type=\"widget\" data-settings=\"{&quot;_animation&quot;:&quot;fadeInUp&quot;}\" data-widget_type=\"heading.default\">\n\t\t\t\t<div class=\"elementor-widget-container\">\n\t\t\t<h2 class=\"elementor-heading-title elementor-size-default\">Upps\u00e4ttning av tunga och t\u00e4nder f\u00f6r dockor Head.\n<\/h2>\t\t<\/div>\n\t\t\t\t<\/div>\n\t\t\t\t<div class=\"elementor-element elementor-element-6f7a4a4 elementor-widget elementor-widget-text-editor\" data-id=\"6f7a4a4\" data-element_type=\"widget\" data-widget_type=\"text-editor.default\">\n\t\t\t\t<div class=\"elementor-widget-container\">\n\t\t\t\t\t\t\tVill du att din docka ska ha ett annat utseende? D\u00e5 \u00e4r h\u00e4r de perfekta t\u00e4nderna och tungan f\u00f6r dig.\n\t\t\t\t\t\t<\/div>\n\t\t\t\t<\/div>\n\t\t\t\t<div class=\"elementor-element elementor-element-cddf1f1 elementor-widget elementor-widget-html\" data-id=\"cddf1f1\" data-element_type=\"widget\" data-widget_type=\"html.default\">\n\t\t\t\t<div class=\"elementor-widget-container\">\n\t\t\t<ol class=\"number_list_type\">\n    <li>\n        Din k\u00e4rleksdocka har mer uttryck med dessa riktiga t\u00e4nder och tungor.\n    <\/li>\n    <li>\n        F\u00f6rb\u00e4ttrade huvuden, munnar och implanterade h\u00e5rstr\u00e5n g\u00e5r inte ihop med dessa t\u00e4nder och tungor; de fungerar bara med vanliga huvuden.\n    <\/li>\n<\/ol>\t\t<\/div>\n\t\t\t\t<\/div>\n\t\t\t\t<div class=\"elementor-element elementor-element-2d6e4b0 elementor-widget elementor-widget-text-editor\" data-id=\"2d6e4b0\" data-element_type=\"widget\" data-widget_type=\"text-editor.default\">\n\t\t\t\t<div class=\"elementor-widget-container\">\n\t\t\t\t\t\t\tKontakta oss g\u00e4rna f\u00f6r att veta om din k\u00e4rleksdocka har ett huvud som \u00e4r kompatibelt med dessa nya uppfinningar.\t\t\t\t\t\t<\/div>\n\t\t\t\t<\/div>\n\t\t\t\t\t<\/div>\n\t\t<\/div>\n\t\t\t\t\t\t\t<\/div>\n\t\t<\/section>\n\t\t\t\t\t\t\t<\/div>","protected":false},"excerpt":{"rendered":"<p>Tunga TPE (termoplastisk elastomer) gjord tunga f\u00f6r din sexdockas huvud. Denna tunga \u00e4r ocks\u00e5 avtagbar, och den kan anv\u00e4ndas f\u00f6r fotograferings\u00e4ndam\u00e5l. Den sitter inte fast och sitter bara i dockans mun. \u00c4r du en sexdockaanv\u00e4ndare och vill uppleva \u00e4nnu mer tillfredsst\u00e4llande sexuell njutning? Vi har implanterade sexdockor med avtagbara tungor, som \u00e4r speciellt designade f\u00f6r verklighetstrogen oralsex. Realistiska tungor f\u00f6r din RenoDoll Det har varit l\u00e4nge sedan. Vi har f\u00f6rs\u00f6kt g\u00f6ra n\u00e5gra f\u00f6rb\u00e4ttringar av v\u00e5r nya sexdockabutik; du kommer att se att detta \u00e4r sant med den nya k\u00e4rleksdockan vi har i<\/p>","protected":false},"author":1,"featured_media":0,"parent":0,"menu_order":0,"comment_status":"closed","ping_status":"closed","template":"","meta":{"footnotes":""},"class_list":["post-5477","page","type-page","status-publish","hentry"],"aioseo_notices":[],"_links":{"self":[{"href":"https:\/\/renodoll.com\/sv\/wp-json\/wp\/v2\/pages\/5477","targetHints":{"allow":["GET"]}}],"collection":[{"href":"https:\/\/renodoll.com\/sv\/wp-json\/wp\/v2\/pages"}],"about":[{"href":"https:\/\/renodoll.com\/sv\/wp-json\/wp\/v2\/types\/page"}],"author":[{"embeddable":true,"href":"https:\/\/renodoll.com\/sv\/wp-json\/wp\/v2\/users\/1"}],"replies":[{"embeddable":true,"href":"https:\/\/renodoll.com\/sv\/wp-json\/wp\/v2\/comments?post=5477"}],"version-history":[{"count":107,"href":"https:\/\/renodoll.com\/sv\/wp-json\/wp\/v2\/pages\/5477\/revisions"}],"predecessor-version":[{"id":14853,"href":"https:\/\/renodoll.com\/sv\/wp-json\/wp\/v2\/pages\/5477\/revisions\/14853"}],"wp:attachment":[{"href":"https:\/\/renodoll.com\/sv\/wp-json\/wp\/v2\/media?parent=5477"}],"curies":[{"name":"wp","href":"https:\/\/api.w.org\/{rel}","templated":true}]}}