{"id":5446,"date":"2023-02-22T18:57:12","date_gmt":"2023-02-22T10:57:12","guid":{"rendered":"https:\/\/renodoll.com\/?page_id=5446"},"modified":"2023-03-29T16:46:47","modified_gmt":"2023-03-29T08:46:47","slug":"articulated-finger","status":"publish","type":"page","link":"https:\/\/renodoll.com\/sv\/articulated-finger\/","title":{"rendered":"Ledfinger"},"content":{"rendered":"<div data-elementor-type=\"wp-page\" data-elementor-id=\"5446\" class=\"elementor elementor-5446\" data-elementor-post-type=\"page\">\n\t\t\t\t\t\t<section class=\"elementor-section elementor-top-section elementor-element elementor-element-19ce2b8 elementor-section-boxed elementor-section-height-default elementor-section-height-default\" data-id=\"19ce2b8\" data-element_type=\"section\" data-e-type=\"section\">\n\t\t\t\t\t\t<div class=\"elementor-container elementor-column-gap-default\">\n\t\t\t\t\t<div class=\"elementor-column elementor-col-100 elementor-top-column elementor-element elementor-element-f3c1b7c page-content-text\" data-id=\"f3c1b7c\" data-element_type=\"column\" data-e-type=\"column\">\n\t\t\t<div class=\"elementor-widget-wrap elementor-element-populated\">\n\t\t\t\t\t\t<section class=\"elementor-section elementor-inner-section elementor-element elementor-element-fd7ff6a elementor-section-boxed elementor-section-height-default elementor-section-height-default\" data-id=\"fd7ff6a\" data-element_type=\"section\" data-e-type=\"section\">\n\t\t\t\t\t\t<div class=\"elementor-container elementor-column-gap-default\">\n\t\t\t\t\t<div class=\"elementor-column elementor-col-50 elementor-inner-column elementor-element elementor-element-4194eef\" data-id=\"4194eef\" data-element_type=\"column\" data-e-type=\"column\">\n\t\t\t<div class=\"elementor-widget-wrap elementor-element-populated\">\n\t\t\t\t\t\t<div class=\"elementor-element elementor-element-445fe14 elementor-invisible elementor-widget elementor-widget-heading\" data-id=\"445fe14\" data-element_type=\"widget\" data-e-type=\"widget\" data-settings=\"{&quot;_animation&quot;:&quot;fadeInUp&quot;}\" data-widget_type=\"heading.default\">\n\t\t\t\t<div class=\"elementor-widget-container\">\n\t\t\t\t\t<h2 class=\"elementor-heading-title elementor-size-default\">Finger<\/h2>\t\t\t\t<\/div>\n\t\t\t\t<\/div>\n\t\t\t\t<div class=\"elementor-element elementor-element-2f50bad elementor-widget elementor-widget-text-editor\" data-id=\"2f50bad\" data-element_type=\"widget\" data-e-type=\"widget\" data-widget_type=\"text-editor.default\">\n\t\t\t\t<div class=\"elementor-widget-container\">\n\t\t\t\t\t\t\t\t\t<p>Inte riktigt l\u00e4nge tillk\u00e4nnagav Irontech lanseringen av de nya ledade h\u00e4nderna och fingrarna f\u00f6r deras sexdockor och gick med YL Doll och WMDoll som nummer tre av varum\u00e4rket f\u00f6r sexdockor i TPE f\u00f6r att erbjuda en uppgradering f\u00f6r deras sexdockors finger.<\/p>\t\t\t\t\t\t\t\t<\/div>\n\t\t\t\t<\/div>\n\t\t\t\t<div class=\"elementor-element elementor-element-7b009cf elementor-widget elementor-widget-text-editor\" data-id=\"7b009cf\" data-element_type=\"widget\" data-e-type=\"widget\" data-widget_type=\"text-editor.default\">\n\t\t\t\t<div class=\"elementor-widget-container\">\n\t\t\t\t\t\t\t\t\tDenna nya sexdocka-funktion har blivit en trend inom sexdockorbranschen, och detta \u00e4r en gl\u00e4djande trend f\u00f6r sexdockor-gemenskapen eftersom en majoritet av dessa riktiga dock\u00e4gare inte gillar gamla fingrar, som \u00e4r \u00f6mt\u00e5liga och tr\u00e5dbundna.\n\t\t\t\t\t\t\t\t<\/div>\n\t\t\t\t<\/div>\n\t\t\t\t<div class=\"elementor-element elementor-element-d24a218 elementor-widget elementor-widget-text-editor\" data-id=\"d24a218\" data-element_type=\"widget\" data-e-type=\"widget\" data-widget_type=\"text-editor.default\">\n\t\t\t\t<div class=\"elementor-widget-container\">\n\t\t\t\t\t\t\t\t\t<p>Den ledade fingeruppgraderingen som Irontech tillk\u00e4nnager \u00e4r ungef\u00e4r densamma som WM. Sexdockans metallhandskelett har en g\u00e5ngj\u00e4rnsled och \u00e4r \u00e4ven t\u00e4ckt med en vit bel\u00e4ggning f\u00f6r att f\u00f6rhindra att fingrets hud skadas. Dessa upps\u00e4ttningar dockor kan enkelt g\u00f6ra realistiska poser som involverar handen och fingret utan att kablar beh\u00f6ver passera genom TPE.<\/p>\t\t\t\t\t\t\t\t<\/div>\n\t\t\t\t<\/div>\n\t\t\t\t\t<\/div>\n\t\t<\/div>\n\t\t\t\t<div class=\"elementor-column elementor-col-50 elementor-inner-column elementor-element elementor-element-df10d16\" data-id=\"df10d16\" data-element_type=\"column\" data-e-type=\"column\">\n\t\t\t<div class=\"elementor-widget-wrap elementor-element-populated\">\n\t\t\t\t\t\t<div class=\"elementor-element elementor-element-2fef030 elementor-widget elementor-widget-video\" data-id=\"2fef030\" data-element_type=\"widget\" data-e-type=\"widget\" data-settings=\"{&quot;video_type&quot;:&quot;hosted&quot;,&quot;autoplay&quot;:&quot;yes&quot;,&quot;play_on_mobile&quot;:&quot;yes&quot;,&quot;loop&quot;:&quot;yes&quot;,&quot;controls&quot;:&quot;yes&quot;}\" data-widget_type=\"video.default\">\n\t\t\t\t<div class=\"elementor-widget-container\">\n\t\t\t\t\t\t\t<div class=\"e-hosted-video elementor-wrapper elementor-open-inline\">\n\t\t\t\t\t<video class=\"elementor-video\" src=\"http:\/\/renodoll.com\/wp-content\/uploads\/2023\/03\/kb-finger.mp4\" autoplay=\"\" loop=\"\" controls=\"\" playsinline=\"\" controlslist=\"nodownload\"><\/video>\n\t\t\t\t<\/div>\n\t\t\t\t\t\t<\/div>\n\t\t\t\t<\/div>\n\t\t\t\t\t<\/div>\n\t\t<\/div>\n\t\t\t\t\t<\/div>\n\t\t<\/section>\n\t\t\t\t<div class=\"elementor-element elementor-element-9f505e9 elementor-widget elementor-widget-text-editor\" data-id=\"9f505e9\" data-element_type=\"widget\" data-e-type=\"widget\" data-widget_type=\"text-editor.default\">\n\t\t\t\t<div class=\"elementor-widget-container\">\n\t\t\t\t\t\t\t\t\tDet kan ha tagit l\u00e5ng tid, men den artikulerade finger- och handfunktionen \u00e4r en trevlig nyhet f\u00f6r sexdockor-gemenskapen. Om denna funktion behagar dig, gl\u00f6m inte att l\u00e4gga till den i din best\u00e4llning. \n\t\t\t\t\t\t\t\t<\/div>\n\t\t\t\t<\/div>\n\t\t\t\t<div class=\"elementor-element elementor-element-75d035e elementor-widget elementor-widget-text-editor\" data-id=\"75d035e\" data-element_type=\"widget\" data-e-type=\"widget\" data-widget_type=\"text-editor.default\">\n\t\t\t\t<div class=\"elementor-widget-container\">\n\t\t\t\t\t\t\t\t\t\u00c4r du tr\u00f6tt p\u00e5 att din sexdockas finger k\u00f6rs av den inre metalltr\u00e5den? Vill du att din sexdocka ska ha ett finger som \u00e4r mer flexibelt? D\u00e5 \u00e4r den h\u00e4r nya funktionen hos ett nytt och ledat finger en uppgradering du m\u00e5ste \u00f6verv\u00e4ga.\t\t\t\t\t\t\t\t<\/div>\n\t\t\t\t<\/div>\n\t\t\t\t<div class=\"elementor-element elementor-element-4c9dc49 elementor-widget elementor-widget-text-editor\" data-id=\"4c9dc49\" data-element_type=\"widget\" data-e-type=\"widget\" data-widget_type=\"text-editor.default\">\n\t\t\t\t<div class=\"elementor-widget-container\">\n\t\t\t\t\t\t\t\t\t<p>Det \u00e4r ett n\u00f6je att ber\u00e4tta att WMDoll-fabriken har b\u00f6rjat tillverka sina sexdockor i full storlek med den ledade fingeruppgraderingen, som \u00e4r en nyligen utvecklad skeletthand.<\/p>\t\t\t\t\t\t\t\t<\/div>\n\t\t\t\t<\/div>\n\t\t\t\t<div class=\"elementor-element elementor-element-6f7a4a4 elementor-widget elementor-widget-text-editor\" data-id=\"6f7a4a4\" data-element_type=\"widget\" data-e-type=\"widget\" data-widget_type=\"text-editor.default\">\n\t\t\t\t<div class=\"elementor-widget-container\">\n\t\t\t\t\t\t\t\t\tDenna nya ledade fingerfunktion \u00e4r designad med omsorg och har robusta metallleder och rundade spetsar f\u00f6r att f\u00f6rhindra att huden p\u00e5 fingret l\u00e4tt punkteras. Den b\u00e4sta delen av detta; den h\u00e4r nya funktionen g\u00f6r att sexdockan kan kopiera m\u00e5nga handgester som den gamla tr\u00e5dbundna fingerhanden inte kan g\u00f6ra. Detta \u00e4r en fantastisk uppgradering, speciellt f\u00f6r gemenskapen av sexdocka\u00e4lskare.\n\t\t\t\t\t\t\t\t<\/div>\n\t\t\t\t<\/div>\n\t\t\t\t<div class=\"elementor-element elementor-element-e390632 elementor-widget elementor-widget-text-editor\" data-id=\"e390632\" data-element_type=\"widget\" data-e-type=\"widget\" data-widget_type=\"text-editor.default\">\n\t\t\t\t<div class=\"elementor-widget-container\">\n\t\t\t\t\t\t\t\t\tTitta p\u00e5 videon nedan f\u00f6r att uppt\u00e4cka hur den h\u00e4r nya funktionen fungerar.\t\t\t\t\t\t\t\t<\/div>\n\t\t\t\t<\/div>\n\t\t\t\t<div class=\"elementor-element elementor-element-e28a12e elementor-invisible elementor-widget elementor-widget-heading\" data-id=\"e28a12e\" data-element_type=\"widget\" data-e-type=\"widget\" data-settings=\"{&quot;_animation&quot;:&quot;fadeInUp&quot;}\" data-widget_type=\"heading.default\">\n\t\t\t\t<div class=\"elementor-widget-container\">\n\t\t\t\t\t<h2 class=\"elementor-heading-title elementor-size-default\">Kom ih\u00e5g :<\/h2>\t\t\t\t<\/div>\n\t\t\t\t<\/div>\n\t\t\t\t<div class=\"elementor-element elementor-element-ac5f65c elementor-widget elementor-widget-html\" data-id=\"ac5f65c\" data-element_type=\"widget\" data-e-type=\"widget\" data-widget_type=\"html.default\">\n\t\t\t\t<div class=\"elementor-widget-container\">\n\t\t\t\t\t<ol class=\"number_list_type\"><li>Endast WMDoll och YL Dolls erbjuder denna nya funktion.<\/li>\n<li>Denna sp\u00e4nnande nya funktion \u00e4r endast tillg\u00e4nglig f\u00f6r TPE-dockor som \u00e4r \u00f6ver 140 cm.\n<\/li>\n<li>Det kan inte anv\u00e4ndas med de gamla WMdolls, \u00e4ndras eller uppgraderas.<\/li>\n<li>Den \u00e4r gjord av metall och inte koppartr\u00e5d.<\/li>\n<li>De ledade fingrarna kan inte trasslas ihop.\n<\/li>\n<li>R\u00f6relseomf\u00e5nget f\u00f6r det ledade fingret \u00e4r detsamma som f\u00f6r det gamla tr\u00e5dbundna fingret.<\/li>\n<li>Denna nya funktion m\u00f6jligg\u00f6r upp\u00e5t- och ned\u00e5tr\u00f6relse av handen och \u00e4ven den inre och yttre rotationen av underarmen.<\/li>\n<li>\n    Handr\u00f6relsens r\u00e4ckvidd \u00e4r n\u00e4stan 95% av en verklig m\u00e4nsklig hand, och det \u00e4r d\u00e4rf\u00f6r handens r\u00f6relse upp\u00e5t och ned\u00e5t, s\u00e5v\u00e4l som den inre och yttre rotationen av underarmen, \u00e4r m\u00f6jliga.\n<\/li>\n<\/ol>\t\t\t\t<\/div>\n\t\t\t\t<\/div>\n\t\t\t\t\t<\/div>\n\t\t<\/div>\n\t\t\t\t\t<\/div>\n\t\t<\/section>\n\t\t\t\t<\/div>","protected":false},"excerpt":{"rendered":"<p>Finger Inte riktigt l\u00e4nge tillk\u00e4nnagav Irontech lanseringen av de nya ledade h\u00e4nderna och fingrarna f\u00f6r deras sexdockor och gick med YL Doll och WMDoll som nummer tre av varum\u00e4rket f\u00f6r sexdockor i TPE f\u00f6r att erbjuda en uppgradering f\u00f6r deras sexdockors finger. Denna nya sexdocka-funktion har blivit en trend inom sexdockorbranschen, och detta \u00e4r en gl\u00e4djande trend f\u00f6r sexdockor-gemenskapen eftersom en majoritet av dessa riktiga dock\u00e4gare inte gillar gamla fingrar, som \u00e4r \u00f6mt\u00e5liga och tr\u00e5dbundna. Den ledade fingeruppgraderingen som Irontech tillk\u00e4nnager \u00e4r ungef\u00e4r densamma som WM.<\/p>","protected":false},"author":1,"featured_media":0,"parent":0,"menu_order":0,"comment_status":"closed","ping_status":"closed","template":"","meta":{"footnotes":""},"class_list":["post-5446","page","type-page","status-publish","hentry"],"aioseo_notices":[],"_links":{"self":[{"href":"https:\/\/renodoll.com\/sv\/wp-json\/wp\/v2\/pages\/5446","targetHints":{"allow":["GET"]}}],"collection":[{"href":"https:\/\/renodoll.com\/sv\/wp-json\/wp\/v2\/pages"}],"about":[{"href":"https:\/\/renodoll.com\/sv\/wp-json\/wp\/v2\/types\/page"}],"author":[{"embeddable":true,"href":"https:\/\/renodoll.com\/sv\/wp-json\/wp\/v2\/users\/1"}],"replies":[{"embeddable":true,"href":"https:\/\/renodoll.com\/sv\/wp-json\/wp\/v2\/comments?post=5446"}],"version-history":[{"count":38,"href":"https:\/\/renodoll.com\/sv\/wp-json\/wp\/v2\/pages\/5446\/revisions"}],"predecessor-version":[{"id":14260,"href":"https:\/\/renodoll.com\/sv\/wp-json\/wp\/v2\/pages\/5446\/revisions\/14260"}],"wp:attachment":[{"href":"https:\/\/renodoll.com\/sv\/wp-json\/wp\/v2\/media?parent=5446"}],"curies":[{"name":"wp","href":"https:\/\/api.w.org\/{rel}","templated":true}]}}