{"id":5157,"date":"2023-02-20T14:08:08","date_gmt":"2023-02-20T06:08:08","guid":{"rendered":"https:\/\/renodoll.com\/?page_id=5157"},"modified":"2023-03-31T14:23:28","modified_gmt":"2023-03-31T06:23:28","slug":"disclaimer","status":"publish","type":"page","link":"https:\/\/renodoll.com\/sv\/varning\/","title":{"rendered":"varning"},"content":{"rendered":"<div data-elementor-type=\"wp-page\" data-elementor-id=\"5157\" class=\"elementor elementor-5157\">\n\t\t\t\t\t\t\t\t\t<section class=\"elementor-section elementor-top-section elementor-element elementor-element-2aace59 elementor-section-boxed elementor-section-height-default elementor-section-height-default\" data-id=\"2aace59\" data-element_type=\"section\">\n\t\t\t\t\t\t<div class=\"elementor-container elementor-column-gap-no\">\n\t\t\t\t\t<div class=\"elementor-column elementor-col-100 elementor-top-column elementor-element elementor-element-0017d57\" data-id=\"0017d57\" data-element_type=\"column\">\n\t\t\t<div class=\"elementor-widget-wrap elementor-element-populated\">\n\t\t\t\t\t\t\t\t<div class=\"elementor-element elementor-element-8a2ff4e elementor-widget elementor-widget-spacer\" data-id=\"8a2ff4e\" data-element_type=\"widget\" data-widget_type=\"spacer.default\">\n\t\t\t\t<div class=\"elementor-widget-container\">\n\t\t\t<style>\/*! elementor - v3.10.2 - 29-01-2023 *\/\n.elementor-column .elementor-spacer-inner{height:var(--spacer-size)}.e-con{--container-widget-width:100%}.e-con-inner>.elementor-widget-spacer,.e-con>.elementor-widget-spacer{width:var(--container-widget-width,var(--spacer-size));--align-self:var(--container-widget-align-self,initial);--flex-shrink:0}.e-con-inner>.elementor-widget-spacer>.elementor-widget-container,.e-con-inner>.elementor-widget-spacer>.elementor-widget-container>.elementor-spacer,.e-con>.elementor-widget-spacer>.elementor-widget-container,.e-con>.elementor-widget-spacer>.elementor-widget-container>.elementor-spacer{height:100%}.e-con-inner>.elementor-widget-spacer>.elementor-widget-container>.elementor-spacer>.elementor-spacer-inner,.e-con>.elementor-widget-spacer>.elementor-widget-container>.elementor-spacer>.elementor-spacer-inner{height:var(--container-widget-height,var(--spacer-size))}<\/style>\t\t<div class=\"elementor-spacer\">\n\t\t\t<div class=\"elementor-spacer-inner\"><\/div>\n\t\t<\/div>\n\t\t\t\t<\/div>\n\t\t\t\t<\/div>\n\t\t\t\t<section class=\"elementor-section elementor-inner-section elementor-element elementor-element-16bb0ad elementor-section-boxed elementor-section-height-default elementor-section-height-default\" data-id=\"16bb0ad\" data-element_type=\"section\">\n\t\t\t\t\t\t<div class=\"elementor-container elementor-column-gap-default\">\n\t\t\t\t\t<div class=\"elementor-column elementor-col-50 elementor-inner-column elementor-element elementor-element-3d41176\" data-id=\"3d41176\" data-element_type=\"column\">\n\t\t\t<div class=\"elementor-widget-wrap elementor-element-populated\">\n\t\t\t\t\t\t\t\t<div class=\"elementor-element elementor-element-5997a9f elementor-invisible elementor-widget elementor-widget-heading\" data-id=\"5997a9f\" data-element_type=\"widget\" data-settings=\"{&quot;_animation&quot;:&quot;fadeInUp&quot;}\" data-widget_type=\"heading.default\">\n\t\t\t\t<div class=\"elementor-widget-container\">\n\t\t\t<style>\/*! elementor - v3.10.2 - 29-01-2023 *\/\n.elementor-heading-title{padding:0;margin:0;line-height:1}.elementor-widget-heading .elementor-heading-title[class*=elementor-size-]>a{color:inherit;font-size:inherit;line-height:inherit}.elementor-widget-heading .elementor-heading-title.elementor-size-small{font-size:15px}.elementor-widget-heading .elementor-heading-title.elementor-size-medium{font-size:19px}.elementor-widget-heading .elementor-heading-title.elementor-size-large{font-size:29px}.elementor-widget-heading .elementor-heading-title.elementor-size-xl{font-size:39px}.elementor-widget-heading .elementor-heading-title.elementor-size-xxl{font-size:59px}<\/style><h2 class=\"elementor-heading-title elementor-size-default\">Varning<\/h2>\t\t<\/div>\n\t\t\t\t<\/div>\n\t\t\t\t<div class=\"elementor-element elementor-element-3feda34 elementor-widget elementor-widget-text-editor\" data-id=\"3feda34\" data-element_type=\"widget\" data-widget_type=\"text-editor.default\">\n\t\t\t\t<div class=\"elementor-widget-container\">\n\t\t\t<style>\/*! elementor - v3.10.2 - 29-01-2023 *\/\n.elementor-widget-text-editor.elementor-drop-cap-view-stacked .elementor-drop-cap{background-color:#818a91;color:#fff}.elementor-widget-text-editor.elementor-drop-cap-view-framed .elementor-drop-cap{color:#818a91;border:3px solid;background-color:transparent}.elementor-widget-text-editor:not(.elementor-drop-cap-view-default) .elementor-drop-cap{margin-top:8px}.elementor-widget-text-editor:not(.elementor-drop-cap-view-default) .elementor-drop-cap-letter{width:1em;height:1em}.elementor-widget-text-editor .elementor-drop-cap{float:left;text-align:center;line-height:1;font-size:50px}.elementor-widget-text-editor .elementor-drop-cap-letter{display:inline-block}<\/style>\t\t\t\tDet som finns p\u00e5 den h\u00e4r webbplatsen \u00e4r huvudsakligen material f\u00f6r sexuell upphetsning och tillfredsst\u00e4llelse, och det \u00e4r endast avsett f\u00f6r personer 18 \u00e5r och \u00e4ldre. Innan du loggar in p\u00e5 v\u00e5r webbplats b\u00f6r du godk\u00e4nna f\u00f6ljande villkor:\t\t\t\t\t\t<\/div>\n\t\t\t\t<\/div>\n\t\t\t\t<div class=\"elementor-element elementor-element-1a4cbf5 elementor-widget elementor-widget-spacer\" data-id=\"1a4cbf5\" data-element_type=\"widget\" data-widget_type=\"spacer.default\">\n\t\t\t\t<div class=\"elementor-widget-container\">\n\t\t\t\t\t<div class=\"elementor-spacer\">\n\t\t\t<div class=\"elementor-spacer-inner\"><\/div>\n\t\t<\/div>\n\t\t\t\t<\/div>\n\t\t\t\t<\/div>\n\t\t\t\t<div class=\"elementor-element elementor-element-57d9795 elementor-invisible elementor-widget elementor-widget-heading\" data-id=\"57d9795\" data-element_type=\"widget\" data-settings=\"{&quot;_animation&quot;:&quot;fadeInUp&quot;}\" data-widget_type=\"heading.default\">\n\t\t\t\t<div class=\"elementor-widget-container\">\n\t\t\t<h2 class=\"elementor-heading-title elementor-size-default\">Vuxna fr\u00e5n 18 \u00e5r och upp\u00e5t <\/h2>\t\t<\/div>\n\t\t\t\t<\/div>\n\t\t\t\t<div class=\"elementor-element elementor-element-4079b24 elementor-widget elementor-widget-text-editor\" data-id=\"4079b24\" data-element_type=\"widget\" data-widget_type=\"text-editor.default\">\n\t\t\t\t<div class=\"elementor-widget-container\">\n\t\t\t\t\t\t\t<p>renodoll.com kan inte och kommer aldrig att f\u00f6rbjuda minder\u00e5riga att kolla in sajten. Det \u00e4r enbart f\u00f6r\u00e4ldrars och v\u00e5rdnadshavares ansvar att \u00f6vervaka barns och ton\u00e5ringars aktiviteter p\u00e5 l\u00e4mpligt material som g\u00f6rs tillg\u00e4ngligt f\u00f6r deras syn. RenoDoll accepterar endast k\u00f6p gjorda av en vuxen \u00f6ver 18 \u00e5r.<\/p>\t\t\t\t\t\t<\/div>\n\t\t\t\t<\/div>\n\t\t\t\t\t<\/div>\n\t\t<\/div>\n\t\t\t\t<div class=\"elementor-column elementor-col-50 elementor-inner-column elementor-element elementor-element-df8a856\" data-id=\"df8a856\" data-element_type=\"column\">\n\t\t\t<div class=\"elementor-widget-wrap elementor-element-populated\">\n\t\t\t\t\t\t\t\t<div class=\"elementor-element elementor-element-5e5ebd7 elementor-widget elementor-widget-image\" data-id=\"5e5ebd7\" data-element_type=\"widget\" data-widget_type=\"image.default\">\n\t\t\t\t<div class=\"elementor-widget-container\">\n\t\t\t<style>\/*! elementor - v3.10.2 - 29-01-2023 *\/\n.elementor-widget-image{text-align:center}.elementor-widget-image a{display:inline-block}.elementor-widget-image a img[src$=\".svg\"]{width:48px}.elementor-widget-image img{vertical-align:middle;display:inline-block}<\/style>\t\t\t\t\t\t\t\t\t\t\t\t<img loading=\"lazy\" decoding=\"async\" width=\"626\" height=\"391\" src=\"https:\/\/renodoll.com\/wp-content\/uploads\/2023\/03\/renodoll_adults-only-18-plus.jpg\" class=\"attachment-large size-large wp-image-14375\" alt=\"\" srcset=\"https:\/\/renodoll.com\/wp-content\/uploads\/2023\/03\/renodoll_adults-only-18-plus.jpg 626w, https:\/\/renodoll.com\/wp-content\/uploads\/2023\/03\/renodoll_adults-only-18-plus-300x187.jpg 300w, https:\/\/renodoll.com\/wp-content\/uploads\/2023\/03\/renodoll_adults-only-18-plus-18x12.jpg 18w, https:\/\/renodoll.com\/wp-content\/uploads\/2023\/03\/renodoll_adults-only-18-plus-100x62.jpg 100w, https:\/\/renodoll.com\/wp-content\/uploads\/2023\/03\/renodoll_adults-only-18-plus-600x375.jpg 600w, https:\/\/renodoll.com\/wp-content\/uploads\/2023\/03\/renodoll_adults-only-18-plus-10x6.jpg 10w\" sizes=\"auto, (max-width: 626px) 100vw, 626px\" \/>\t\t\t\t\t\t\t\t\t\t\t\t\t\t\t<\/div>\n\t\t\t\t<\/div>\n\t\t\t\t\t<\/div>\n\t\t<\/div>\n\t\t\t\t\t\t\t<\/div>\n\t\t<\/section>\n\t\t\t\t<div class=\"elementor-element elementor-element-d37e8f7 elementor-widget elementor-widget-spacer\" data-id=\"d37e8f7\" data-element_type=\"widget\" data-widget_type=\"spacer.default\">\n\t\t\t\t<div class=\"elementor-widget-container\">\n\t\t\t\t\t<div class=\"elementor-spacer\">\n\t\t\t<div class=\"elementor-spacer-inner\"><\/div>\n\t\t<\/div>\n\t\t\t\t<\/div>\n\t\t\t\t<\/div>\n\t\t\t\t<div class=\"elementor-element elementor-element-fd092ed elementor-invisible elementor-widget elementor-widget-heading\" data-id=\"fd092ed\" data-element_type=\"widget\" data-settings=\"{&quot;_animation&quot;:&quot;fadeInUp&quot;}\" data-widget_type=\"heading.default\">\n\t\t\t\t<div class=\"elementor-widget-container\">\n\t\t\t<h2 class=\"elementor-heading-title elementor-size-default\">upphovsr\u00e4tt<\/h2>\t\t<\/div>\n\t\t\t\t<\/div>\n\t\t\t\t<div class=\"elementor-element elementor-element-4a2734b elementor-widget elementor-widget-text-editor\" data-id=\"4a2734b\" data-element_type=\"widget\" data-widget_type=\"text-editor.default\">\n\t\t\t\t<div class=\"elementor-widget-container\">\n\t\t\t\t\t\t\t<p>Om inte kontraindicerat, \u00e4r alla resurser som g\u00f6rs tillg\u00e4ngliga, b\u00e5de bilddesign, webbplatser, skrivningar, konfigurationer och andra val, alla \u00e4gander\u00e4ttigheter f\u00f6r renodoll.com; d\u00e4rf\u00f6r \u00e4r anv\u00e4ndningen av inneh\u00e5llet p\u00e5 denna webbplats enbart f\u00f6r aff\u00e4rs\u00e4ndam\u00e5l och ingen dold agenda kopplad till den. Inga kopierade materiella resurser fr\u00e5n denna webbplats ska uts\u00e4ttas f\u00f6r f\u00f6rnyelse, \u00e4ndring, omtryckning, publicerad, kommunicerad och dispenserad p\u00e5 n\u00e5got s\u00e4tt eller av n\u00e5gon utan vederb\u00f6rligt medgivande genom ett skriftligt dokument fr\u00e5n renodoll.com. Alla r\u00e4ttigheter som inte \u00e4r vederb\u00f6rligen ges \u00e4r \u00e5sidosatta. Anv\u00e4ndning av exemplar fr\u00e5n denna webbplats utan vederb\u00f6rligt tillst\u00e5nd kan manipulera r\u00e4ttigheten och varum\u00e4rket, vilket kan resultera i en straffr\u00e4ttslig eller civilr\u00e4ttslig p\u00e5f\u00f6ljd.<\/p>\t\t\t\t\t\t<\/div>\n\t\t\t\t<\/div>\n\t\t\t\t<div class=\"elementor-element elementor-element-b84993c elementor-widget elementor-widget-spacer\" data-id=\"b84993c\" data-element_type=\"widget\" data-widget_type=\"spacer.default\">\n\t\t\t\t<div class=\"elementor-widget-container\">\n\t\t\t\t\t<div class=\"elementor-spacer\">\n\t\t\t<div class=\"elementor-spacer-inner\"><\/div>\n\t\t<\/div>\n\t\t\t\t<\/div>\n\t\t\t\t<\/div>\n\t\t\t\t<div class=\"elementor-element elementor-element-4cc3835 elementor-invisible elementor-widget elementor-widget-heading\" data-id=\"4cc3835\" data-element_type=\"widget\" data-settings=\"{&quot;_animation&quot;:&quot;fadeInUp&quot;}\" data-widget_type=\"heading.default\">\n\t\t\t\t<div class=\"elementor-widget-container\">\n\t\t\t<h2 class=\"elementor-heading-title elementor-size-default\">varning<\/h2>\t\t<\/div>\n\t\t\t\t<\/div>\n\t\t\t\t<div class=\"elementor-element elementor-element-5b37396 elementor-widget elementor-widget-text-editor\" data-id=\"5b37396\" data-element_type=\"widget\" data-widget_type=\"text-editor.default\">\n\t\t\t\t<div class=\"elementor-widget-container\">\n\t\t\t\t\t\t\t<p>Allt inneh\u00e5ll som finns p\u00e5 den h\u00e4r webben g\u00f6rs tillg\u00e4ngligt i sin ursprungliga form utan n\u00e5gon garanti. Genom att prenumerera p\u00e5 denna webbplats har du samtyckt till alla faror som \u00e4r f\u00f6rknippade med anv\u00e4ndningen av allt inneh\u00e5ll p\u00e5 denna webbplats. renodoll.com, dess personal, ledningsgrupp och entrepren\u00f6rer kommer inte att h\u00e5llas ansvariga f\u00f6r n\u00e5gon f\u00f6rlust eller skada som beror p\u00e5 din of\u00f6rm\u00e5ga att anv\u00e4nda webbplatsen och dess l\u00e4nkar korrekt. renodoll.com och hennes bidragsgivare som bidragit till inneh\u00e5ll p\u00e5 webbplatsen kan inte h\u00e5llas ansvariga om det skulle uppst\u00e5 n\u00e5gra problem p\u00e5 grund av ditt beroende av inneh\u00e5llet.<\/p>\t\t\t\t\t\t<\/div>\n\t\t\t\t<\/div>\n\t\t\t\t<div class=\"elementor-element elementor-element-5fbeccb elementor-widget elementor-widget-text-editor\" data-id=\"5fbeccb\" data-element_type=\"widget\" data-widget_type=\"text-editor.default\">\n\t\t\t\t<div class=\"elementor-widget-container\">\n\t\t\t\t\t\t\t<p>P\u00e5 denna webbplats \u00e4r alla produkter som hittas f\u00f6r sp\u00e4nnande och unika upplevelser. RenoDoll garanterar inte att v\u00e5ra produkter \u00e4r intakta, utan defekter fr\u00e5n tillverkaren och felaktiga framst\u00e4llningar fr\u00e5n tillverkaren.<\/p>\t\t\t\t\t\t<\/div>\n\t\t\t\t<\/div>\n\t\t\t\t<div class=\"elementor-element elementor-element-87c5887 elementor-widget elementor-widget-text-editor\" data-id=\"87c5887\" data-element_type=\"widget\" data-widget_type=\"text-editor.default\">\n\t\t\t\t<div class=\"elementor-widget-container\">\n\t\t\t\t\t\t\t<p>Genom att skicka in dina best\u00e4llningar accepterar och samtycker du till nedanst\u00e5ende att RenoDoll inte kommer att h\u00e5llas ansvarigt f\u00f6r n\u00e5got avsiktligt eller oavsiktligt miss\u00f6de som orsakats av okunnighet, oavsett skadest\u00e5ndslagen.<\/p>\t\t\t\t\t\t<\/div>\n\t\t\t\t<\/div>\n\t\t\t\t<div class=\"elementor-element elementor-element-373e79d elementor-widget elementor-widget-spacer\" data-id=\"373e79d\" data-element_type=\"widget\" data-widget_type=\"spacer.default\">\n\t\t\t\t<div class=\"elementor-widget-container\">\n\t\t\t\t\t<div class=\"elementor-spacer\">\n\t\t\t<div class=\"elementor-spacer-inner\"><\/div>\n\t\t<\/div>\n\t\t\t\t<\/div>\n\t\t\t\t<\/div>\n\t\t\t\t<div class=\"elementor-element elementor-element-56745a0 elementor-invisible elementor-widget elementor-widget-heading\" data-id=\"56745a0\" data-element_type=\"widget\" data-settings=\"{&quot;_animation&quot;:&quot;fadeInUp&quot;}\" data-widget_type=\"heading.default\">\n\t\t\t\t<div class=\"elementor-widget-container\">\n\t\t\t<h2 class=\"elementor-heading-title elementor-size-default\">\u00c5terbetalning<\/h2>\t\t<\/div>\n\t\t\t\t<\/div>\n\t\t\t\t<div class=\"elementor-element elementor-element-1d0d6b3 elementor-widget elementor-widget-text-editor\" data-id=\"1d0d6b3\" data-element_type=\"widget\" data-widget_type=\"text-editor.default\">\n\t\t\t\t<div class=\"elementor-widget-container\">\n\t\t\t\t\t\t\tAlla f\u00f6rem\u00e5l som k\u00f6pts och har l\u00e4mnat f\u00f6retaget, men p\u00e5 grund av falska aktiviteter, returnerades de tillbaka till f\u00f6retaget som en \u00e5terbetalning, dessa kommer att noggrant och lagligt arkiveras genom din lokala myndighet, och lagen kommer att ta hela sin g\u00e5ng om den befinns skyldig . \t\t\t\t\t\t<\/div>\n\t\t\t\t<\/div>\n\t\t\t\t<div class=\"elementor-element elementor-element-0300983 elementor-widget elementor-widget-text-editor\" data-id=\"0300983\" data-element_type=\"widget\" data-widget_type=\"text-editor.default\">\n\t\t\t\t<div class=\"elementor-widget-container\">\n\t\t\t\t\t\t\t<p>Genom att k\u00f6pa n\u00e5gon av v\u00e5ra varor p\u00e5 renodoll.com samtycker du till det faktum att; du kommer inte att g\u00f6ra en r\u00e4ttslig str\u00e4van i n\u00e5gon form eller kr\u00e4va \u00e5terbetalning f\u00f6r n\u00e5gon produkt som betalning har gjorts med dina plastpengar\/kreditkort p\u00e5 renodoll.com.<\/p>\t\t\t\t\t\t<\/div>\n\t\t\t\t<\/div>\n\t\t\t\t<div class=\"elementor-element elementor-element-92ba549 elementor-widget elementor-widget-text-editor\" data-id=\"92ba549\" data-element_type=\"widget\" data-widget_type=\"text-editor.default\">\n\t\t\t\t<div class=\"elementor-widget-container\">\n\t\t\t\t\t\t\t<p>Utan att g\u00f6ra en medveten anstr\u00e4ngning, f\u00f6r att informera oss om eventuella problem som uppst\u00e5tt och f\u00f6r att \u00e4ven ge organisationen rimlig tid att l\u00f6sa det, betraktar renodoll.com en beg\u00e4ran om \u00e5terbetalning av betalning eller \u00e5terkrav som en bedr\u00e4glig handling.<\/p>\t\t\t\t\t\t<\/div>\n\t\t\t\t<\/div>\n\t\t\t\t<div class=\"elementor-element elementor-element-f9ca80d elementor-widget elementor-widget-text-editor\" data-id=\"f9ca80d\" data-element_type=\"widget\" data-widget_type=\"text-editor.default\">\n\t\t\t\t<div class=\"elementor-widget-container\">\n\t\t\t\t\t\t\tVarje handling f\u00f6r att lura organisationen genom att anv\u00e4nda falska plastpengar\/kreditkort f\u00f6r att betala efter att ha k\u00f6pt en vara kommer inte att tolereras. Alla olagliga transaktioner fr\u00e5n en klient som orsakar f\u00f6retaget att \u00e5dra sig skulder eller f\u00f6rluster kommer att tvingas m\u00f6ta hela r\u00e4ttsf\u00f6rloppet, oavsett om det \u00e4r i aff\u00e4rer, kostnader f\u00f6r forskning eller juridiska betalningar, och detta inkluderar personalens fritid.\t\t\t\t\t\t<\/div>\n\t\t\t\t<\/div>\n\t\t\t\t<div class=\"elementor-element elementor-element-0647a6a elementor-widget elementor-widget-text-editor\" data-id=\"0647a6a\" data-element_type=\"widget\" data-widget_type=\"text-editor.default\">\n\t\t\t\t<div class=\"elementor-widget-container\">\n\t\t\t\t\t\t\tVarje \u00e5terbetalning som en kund kr\u00e4ver st\u00f6r v\u00e5r personal eftersom det st\u00f6r v\u00e5r ordinarie aff\u00e4rsverksamhet och \u00e4ven drar pengar ur f\u00f6retagets pl\u00e5nbok i detta avseende:\t\t\t\t\t\t<\/div>\n\t\t\t\t<\/div>\n\t\t\t\t<div class=\"elementor-element elementor-element-25f164f elementor-widget elementor-widget-text-editor\" data-id=\"25f164f\" data-element_type=\"widget\" data-widget_type=\"text-editor.default\">\n\t\t\t\t<div class=\"elementor-widget-container\">\n\t\t\t\t\t\t\t<p>Skulle det ske ett k\u00f6p av v\u00e5ra realistiska sexdockor av n\u00e5gon kund fr\u00e5n renodoll.com, och i den processen \u00e5dra sig skada p\u00e5 produkten och samtidigt st\u00e4lla f\u00f6retaget inf\u00f6r domstol eller kr\u00e4va \u00e5terbetalning av pengar med dina plastpengar \/kreditkortsf\u00f6retag, p\u00e5 grund av ett tillst\u00e5nd som bryter mot v\u00e5ra villkor, som du ursprungligen samtyckte till vid den tidpunkt d\u00e5 du gjorde best\u00e4llningen, eller inte meddelade f\u00f6retaget i tid och inte ut\u00f6vade t\u00e5lamod f\u00f6r f\u00f6retaget att acceptera, bekr\u00e4fta och g\u00f6ra en adekvat f\u00f6rfr\u00e5gan f\u00f6r feedback, d\u00e5 f\u00f6rlorar en s\u00e5dan klient och kommer inte att ges n\u00e5gon \u00e5terbetalning.<\/p>\t\t\t\t\t\t<\/div>\n\t\t\t\t<\/div>\n\t\t\t\t<div class=\"elementor-element elementor-element-3356070 elementor-widget elementor-widget-text-editor\" data-id=\"3356070\" data-element_type=\"widget\" data-widget_type=\"text-editor.default\">\n\t\t\t\t<div class=\"elementor-widget-container\">\n\t\t\t\t\t\t\t<p>Men i en situation d\u00e4r en klient vinner \u00e5terbetalnings-\/betalnings\u00e4rendet med sitt plastpengar\/kreditkortsf\u00f6retag, kommer renodoll.com att f\u00f6rs\u00f6ka \u00e5terf\u00e5 varje felaktigt argumenterad avgift, inklusive en extra kostnad f\u00f6r personens agent. Biodata kommer att inneh\u00e5lla deras fullst\u00e4ndiga namn, e-post, produktbest\u00e4llningsdatum, produktbelopp, IP-adress, hemadress och mobiltelefonnummer.<\/p>\t\t\t\t\t\t<\/div>\n\t\t\t\t<\/div>\n\t\t\t\t\t<\/div>\n\t\t<\/div>\n\t\t\t\t\t\t\t<\/div>\n\t\t<\/section>\n\t\t\t\t\t\t\t<\/div>","protected":false},"excerpt":{"rendered":"<p>Varning Det som finns p\u00e5 den h\u00e4r webbplatsen \u00e4r huvudsakligen material f\u00f6r sexuell upphetsning och tillfredsst\u00e4llelse, och det \u00e4r endast avsett f\u00f6r personer 18 \u00e5r och \u00e4ldre. Innan du loggar in p\u00e5 v\u00e5r sida b\u00f6r du godk\u00e4nna f\u00f6ljande villkor: Vuxna som \u00e4r 18 \u00e5r och \u00e4ldre renodoll.com kan inte och kommer aldrig att f\u00f6rbjuda minder\u00e5riga att kolla in sidan. Det \u00e4r enbart f\u00f6r\u00e4ldrars och v\u00e5rdnadshavares ansvar att \u00f6vervaka barns och ton\u00e5ringars aktiviteter p\u00e5 l\u00e4mpligt material som g\u00f6rs tillg\u00e4ngligt f\u00f6r deras syn. RenoDoll accepterar endast k\u00f6p gjorda av en vuxen som \u00e4r 18 \u00e5r eller \u00e4ldre. Upphovsr\u00e4tt<\/p>","protected":false},"author":1,"featured_media":0,"parent":0,"menu_order":0,"comment_status":"closed","ping_status":"closed","template":"","meta":{"footnotes":""},"class_list":["post-5157","page","type-page","status-publish","hentry"],"aioseo_notices":[],"_links":{"self":[{"href":"https:\/\/renodoll.com\/sv\/wp-json\/wp\/v2\/pages\/5157","targetHints":{"allow":["GET"]}}],"collection":[{"href":"https:\/\/renodoll.com\/sv\/wp-json\/wp\/v2\/pages"}],"about":[{"href":"https:\/\/renodoll.com\/sv\/wp-json\/wp\/v2\/types\/page"}],"author":[{"embeddable":true,"href":"https:\/\/renodoll.com\/sv\/wp-json\/wp\/v2\/users\/1"}],"replies":[{"embeddable":true,"href":"https:\/\/renodoll.com\/sv\/wp-json\/wp\/v2\/comments?post=5157"}],"version-history":[{"count":31,"href":"https:\/\/renodoll.com\/sv\/wp-json\/wp\/v2\/pages\/5157\/revisions"}],"predecessor-version":[{"id":14623,"href":"https:\/\/renodoll.com\/sv\/wp-json\/wp\/v2\/pages\/5157\/revisions\/14623"}],"wp:attachment":[{"href":"https:\/\/renodoll.com\/sv\/wp-json\/wp\/v2\/media?parent=5157"}],"curies":[{"name":"wp","href":"https:\/\/api.w.org\/{rel}","templated":true}]}}