{"id":5446,"date":"2023-02-22T18:57:12","date_gmt":"2023-02-22T10:57:12","guid":{"rendered":"https:\/\/renodoll.com\/?page_id=5446"},"modified":"2023-03-29T16:46:47","modified_gmt":"2023-03-29T08:46:47","slug":"articulated-finger","status":"publish","type":"page","link":"https:\/\/renodoll.com\/sl\/clenkasto-prstni\/","title":{"rendered":"Zgibni prst"},"content":{"rendered":"<div data-elementor-type=\"wp-page\" data-elementor-id=\"5446\" class=\"elementor elementor-5446\">\n\t\t\t\t\t\t\t\t\t<section class=\"elementor-section elementor-top-section elementor-element elementor-element-19ce2b8 elementor-section-boxed elementor-section-height-default elementor-section-height-default\" data-id=\"19ce2b8\" data-element_type=\"section\">\n\t\t\t\t\t\t<div class=\"elementor-container elementor-column-gap-default\">\n\t\t\t\t\t<div class=\"elementor-column elementor-col-100 elementor-top-column elementor-element elementor-element-f3c1b7c page-content-text\" data-id=\"f3c1b7c\" data-element_type=\"column\">\n\t\t\t<div class=\"elementor-widget-wrap elementor-element-populated\">\n\t\t\t\t\t\t\t\t<section class=\"elementor-section elementor-inner-section elementor-element elementor-element-fd7ff6a elementor-section-boxed elementor-section-height-default elementor-section-height-default\" data-id=\"fd7ff6a\" data-element_type=\"section\">\n\t\t\t\t\t\t<div class=\"elementor-container elementor-column-gap-default\">\n\t\t\t\t\t<div class=\"elementor-column elementor-col-50 elementor-inner-column elementor-element elementor-element-4194eef\" data-id=\"4194eef\" data-element_type=\"column\">\n\t\t\t<div class=\"elementor-widget-wrap elementor-element-populated\">\n\t\t\t\t\t\t\t\t<div class=\"elementor-element elementor-element-445fe14 elementor-invisible elementor-widget elementor-widget-heading\" data-id=\"445fe14\" data-element_type=\"widget\" data-settings=\"{&quot;_animation&quot;:&quot;fadeInUp&quot;}\" data-widget_type=\"heading.default\">\n\t\t\t\t<div class=\"elementor-widget-container\">\n\t\t\t<style>\/*! elementor - v3.10.2 - 29-01-2023 *\/\n.elementor-heading-title{padding:0;margin:0;line-height:1}.elementor-widget-heading .elementor-heading-title[class*=elementor-size-]>a{color:inherit;font-size:inherit;line-height:inherit}.elementor-widget-heading .elementor-heading-title.elementor-size-small{font-size:15px}.elementor-widget-heading .elementor-heading-title.elementor-size-medium{font-size:19px}.elementor-widget-heading .elementor-heading-title.elementor-size-large{font-size:29px}.elementor-widget-heading .elementor-heading-title.elementor-size-xl{font-size:39px}.elementor-widget-heading .elementor-heading-title.elementor-size-xxl{font-size:59px}<\/style><h2 class=\"elementor-heading-title elementor-size-default\">Prst<\/h2>\t\t<\/div>\n\t\t\t\t<\/div>\n\t\t\t\t<div class=\"elementor-element elementor-element-2f50bad elementor-widget elementor-widget-text-editor\" data-id=\"2f50bad\" data-element_type=\"widget\" data-widget_type=\"text-editor.default\">\n\t\t\t\t<div class=\"elementor-widget-container\">\n\t\t\t<style>\/*! elementor - v3.10.2 - 29-01-2023 *\/\n.elementor-widget-text-editor.elementor-drop-cap-view-stacked .elementor-drop-cap{background-color:#818a91;color:#fff}.elementor-widget-text-editor.elementor-drop-cap-view-framed .elementor-drop-cap{color:#818a91;border:3px solid;background-color:transparent}.elementor-widget-text-editor:not(.elementor-drop-cap-view-default) .elementor-drop-cap{margin-top:8px}.elementor-widget-text-editor:not(.elementor-drop-cap-view-default) .elementor-drop-cap-letter{width:1em;height:1em}.elementor-widget-text-editor .elementor-drop-cap{float:left;text-align:center;line-height:1;font-size:50px}.elementor-widget-text-editor .elementor-drop-cap-letter{display:inline-block}<\/style>\t\t\t\t<p>Kmalu je Irontech napovedal izdajo novih zgibnih rok in prstov za svoje spolne lutke in se pridru\u017eil YL Doll in WMDoll kot \u0161tevilka tri blagovni znamki TPE spolnih lutk, da bi ponudil nadgradnjo za prst svoje spolne lutke.<\/p>\t\t\t\t\t\t<\/div>\n\t\t\t\t<\/div>\n\t\t\t\t<div class=\"elementor-element elementor-element-7b009cf elementor-widget elementor-widget-text-editor\" data-id=\"7b009cf\" data-element_type=\"widget\" data-widget_type=\"text-editor.default\">\n\t\t\t\t<div class=\"elementor-widget-container\">\n\t\t\t\t\t\t\tTa nova funkcija seks lutk je postala trend v industriji seks lutk in to je prijeten trend za skupnost seks lutk, ker ve\u010dina teh pravih lastnikov lutk ne mara starih prstov, ki so krhki in o\u017ei\u010deni.\n\t\t\t\t\t\t<\/div>\n\t\t\t\t<\/div>\n\t\t\t\t<div class=\"elementor-element elementor-element-d24a218 elementor-widget elementor-widget-text-editor\" data-id=\"d24a218\" data-element_type=\"widget\" data-widget_type=\"text-editor.default\">\n\t\t\t\t<div class=\"elementor-widget-container\">\n\t\t\t\t\t\t\t<p>Nadgradnja zglobnega prsta, ki jo je napovedal Irontech, je povsem enaka kot pri WM. Kovinsko okostje roke spolne lutke ima zgibni sklep in je prevle\u010deno z belim premazom, ki prepre\u010duje po\u0161kodbe ko\u017ee prstov. S temi kompleti pun\u010dk je mogo\u010de preprosto oblikovati realisti\u010dne poze, ki vklju\u010dujejo roko in prst, ne da bi \u017eice morale potekati skozi TPE.<\/p>\t\t\t\t\t\t<\/div>\n\t\t\t\t<\/div>\n\t\t\t\t\t<\/div>\n\t\t<\/div>\n\t\t\t\t<div class=\"elementor-column elementor-col-50 elementor-inner-column elementor-element elementor-element-df10d16\" data-id=\"df10d16\" data-element_type=\"column\">\n\t\t\t<div class=\"elementor-widget-wrap elementor-element-populated\">\n\t\t\t\t\t\t\t\t<div class=\"elementor-element elementor-element-2fef030 elementor-aspect-ratio-169 elementor-widget elementor-widget-video\" data-id=\"2fef030\" data-element_type=\"widget\" data-settings=\"{&quot;video_type&quot;:&quot;hosted&quot;,&quot;autoplay&quot;:&quot;yes&quot;,&quot;play_on_mobile&quot;:&quot;yes&quot;,&quot;loop&quot;:&quot;yes&quot;,&quot;controls&quot;:&quot;yes&quot;,&quot;aspect_ratio&quot;:&quot;169&quot;}\" data-widget_type=\"video.default\">\n\t\t\t\t<div class=\"elementor-widget-container\">\n\t\t\t<style>\/*! elementor - v3.10.2 - 29-01-2023 *\/\n.elementor-widget-video .elementor-widget-container{overflow:hidden;transform:translateZ(0)}.elementor-widget-video .elementor-open-inline .elementor-custom-embed-image-overlay{position:absolute;top:0;left:0;width:100%;height:100%;background-size:cover;background-position:50%}.elementor-widget-video .elementor-custom-embed-image-overlay{cursor:pointer;text-align:center}.elementor-widget-video .elementor-custom-embed-image-overlay:hover .elementor-custom-embed-play i{opacity:1}.elementor-widget-video .elementor-custom-embed-image-overlay img{display:block;width:100%}.elementor-widget-video .e-hosted-video .elementor-video{-o-object-fit:cover;object-fit:cover}.e-con-inner>.elementor-widget-video,.e-con>.elementor-widget-video{width:var(--container-widget-width);--flex-grow:var(--container-widget-flex-grow)}<\/style>\t\t<div class=\"e-hosted-video elementor-wrapper elementor-fit-aspect-ratio elementor-open-inline\">\n\t\t\t\t\t<video class=\"elementor-video\" src=\"http:\/\/renodoll.com\/wp-content\/uploads\/2023\/03\/kb-finger.mp4\" autoplay=\"\" loop=\"\" controls=\"\" playsinline=\"\" controlslist=\"nodownload\"><\/video>\n\t\t\t\t<\/div>\n\t\t\t\t<\/div>\n\t\t\t\t<\/div>\n\t\t\t\t\t<\/div>\n\t\t<\/div>\n\t\t\t\t\t\t\t<\/div>\n\t\t<\/section>\n\t\t\t\t<div class=\"elementor-element elementor-element-9f505e9 elementor-widget elementor-widget-text-editor\" data-id=\"9f505e9\" data-element_type=\"widget\" data-widget_type=\"text-editor.default\">\n\t\t\t\t<div class=\"elementor-widget-container\">\n\t\t\t\t\t\t\tMorda je trajalo dolgo, toda funkcija zgibnih prstov in rok je prijetna novica za skupnost seks lutk. \u010ce vas ta funkcija veseli, je ne pozabite dodati svojemu naro\u010dilu. \n\t\t\t\t\t\t<\/div>\n\t\t\t\t<\/div>\n\t\t\t\t<div class=\"elementor-element elementor-element-75d035e elementor-widget elementor-widget-text-editor\" data-id=\"75d035e\" data-element_type=\"widget\" data-widget_type=\"text-editor.default\">\n\t\t\t\t<div class=\"elementor-widget-container\">\n\t\t\t\t\t\t\tSte naveli\u010dani prsta va\u0161e spolne lutke, ki jo vodi notranja kovinska \u017eica? Bi radi, da ima va\u0161a spolna pun\u010dka bolj gibljiv prst? Potem je ta nova lastnost novega in zgibnega prsta nadgradnja, ki jo morate upo\u0161tevati.\t\t\t\t\t\t<\/div>\n\t\t\t\t<\/div>\n\t\t\t\t<div class=\"elementor-element elementor-element-4c9dc49 elementor-widget elementor-widget-text-editor\" data-id=\"4c9dc49\" data-element_type=\"widget\" data-widget_type=\"text-editor.default\">\n\t\t\t\t<div class=\"elementor-widget-container\">\n\t\t\t\t\t\t\t<p>Z veseljem vam sporo\u010damo, da je tovarna WMDoll za\u010dela proizvajati svoje seks pun\u010dke v polni velikosti z nadgradnjo z zgibnim prstom, ki je nedavno razvita okostna roka.<\/p>\t\t\t\t\t\t<\/div>\n\t\t\t\t<\/div>\n\t\t\t\t<div class=\"elementor-element elementor-element-6f7a4a4 elementor-widget elementor-widget-text-editor\" data-id=\"6f7a4a4\" data-element_type=\"widget\" data-widget_type=\"text-editor.default\">\n\t\t\t\t<div class=\"elementor-widget-container\">\n\t\t\t\t\t\t\tTa nova funkcija zgibnega prsta je skrbno zasnovana in ima \u010dvrste kovinske spoje ter zaobljene konice, ki prepre\u010dujejo enostavno prebadanje ko\u017ee prsta. Najbolj\u0161i del tega; ta nova funkcija omogo\u010da spolni lutki, da kopira \u0161tevilne kretnje rok, ki jih stara prstna roka z \u017eico ne zmore. To je fantasti\u010dna nadgradnja, \u0161e posebej za skupnost ljubiteljev seks lutk.\n\t\t\t\t\t\t<\/div>\n\t\t\t\t<\/div>\n\t\t\t\t<div class=\"elementor-element elementor-element-e390632 elementor-widget elementor-widget-text-editor\" data-id=\"e390632\" data-element_type=\"widget\" data-widget_type=\"text-editor.default\">\n\t\t\t\t<div class=\"elementor-widget-container\">\n\t\t\t\t\t\t\tOglejte si spodnji video, da ugotovite, kako deluje ta nova funkcija.\t\t\t\t\t\t<\/div>\n\t\t\t\t<\/div>\n\t\t\t\t<div class=\"elementor-element elementor-element-e28a12e elementor-invisible elementor-widget elementor-widget-heading\" data-id=\"e28a12e\" data-element_type=\"widget\" data-settings=\"{&quot;_animation&quot;:&quot;fadeInUp&quot;}\" data-widget_type=\"heading.default\">\n\t\t\t\t<div class=\"elementor-widget-container\">\n\t\t\t<h2 class=\"elementor-heading-title elementor-size-default\">Imejte v mislih:<\/h2>\t\t<\/div>\n\t\t\t\t<\/div>\n\t\t\t\t<div class=\"elementor-element elementor-element-ac5f65c elementor-widget elementor-widget-html\" data-id=\"ac5f65c\" data-element_type=\"widget\" data-widget_type=\"html.default\">\n\t\t\t\t<div class=\"elementor-widget-container\">\n\t\t\t<ol class=\"number_list_type\"><li>Samo WMDoll in YL Dolls ponujata to novo funkcijo.<\/li>\n<li>Ta razburljiva nova funkcija je na voljo samo za pun\u010dke TPE, ki so vi\u0161je od 140 cm.\n<\/li>\n<li>Ni ga mogo\u010de uporabljati s starimi WMdolls, spremeniti ali nadgraditi.<\/li>\n<li>Narejen je iz kovinske in ne bakrene \u017eice.<\/li>\n<li>Zgibnih prstov ni mogo\u010de zaplesti.\n<\/li>\n<li>Obseg gibanja zgibnega prsta je enak kot pri starem \u017ei\u010dnem prstu.<\/li>\n<li>Ta nova funkcija omogo\u010da gibanje roke navzgor in navzdol ter notranjo in zunanjo rotacijo podlakti.<\/li>\n<li>\n    Obseg gibanja roke je skoraj 95% dejanske \u010dlove\u0161ke roke, zato so mo\u017eni gibi roke navzgor in navzdol ter notranja in zunanja rotacija podlakti.\n<\/li>\n<\/ol>\t\t<\/div>\n\t\t\t\t<\/div>\n\t\t\t\t\t<\/div>\n\t\t<\/div>\n\t\t\t\t\t\t\t<\/div>\n\t\t<\/section>\n\t\t\t\t\t\t\t<\/div>","protected":false},"excerpt":{"rendered":"<p>Finger Ne tako dolgo je Irontech napovedal izdajo novih zgibnih rok in prstov za svoje seks pun\u010dke in se pridru\u017eil YL Doll in WMDoll kot \u0161tevilka tri blagovni znamki seks pun\u010dk TPE, da bi ponudil nadgradnjo za svoj prst za seks pun\u010dke. Ta nova funkcija seks lutk je postala trend v industriji seks lutk in to je prijeten trend za skupnost seks lutk, ker ve\u010dina teh pravih lastnikov lutk ne mara starih prstov, ki so krhki in o\u017ei\u010deni. Nadgradnja zglobnega prsta, ki jo je napovedal Irontech, je povsem enaka kot pri WM.<\/p>","protected":false},"author":1,"featured_media":0,"parent":0,"menu_order":0,"comment_status":"closed","ping_status":"closed","template":"","meta":{"footnotes":""},"class_list":["post-5446","page","type-page","status-publish","hentry"],"aioseo_notices":[],"_links":{"self":[{"href":"https:\/\/renodoll.com\/sl\/wp-json\/wp\/v2\/pages\/5446","targetHints":{"allow":["GET"]}}],"collection":[{"href":"https:\/\/renodoll.com\/sl\/wp-json\/wp\/v2\/pages"}],"about":[{"href":"https:\/\/renodoll.com\/sl\/wp-json\/wp\/v2\/types\/page"}],"author":[{"embeddable":true,"href":"https:\/\/renodoll.com\/sl\/wp-json\/wp\/v2\/users\/1"}],"replies":[{"embeddable":true,"href":"https:\/\/renodoll.com\/sl\/wp-json\/wp\/v2\/comments?post=5446"}],"version-history":[{"count":38,"href":"https:\/\/renodoll.com\/sl\/wp-json\/wp\/v2\/pages\/5446\/revisions"}],"predecessor-version":[{"id":14260,"href":"https:\/\/renodoll.com\/sl\/wp-json\/wp\/v2\/pages\/5446\/revisions\/14260"}],"wp:attachment":[{"href":"https:\/\/renodoll.com\/sl\/wp-json\/wp\/v2\/media?parent=5446"}],"curies":[{"name":"wp","href":"https:\/\/api.w.org\/{rel}","templated":true}]}}