{"id":5358,"date":"2023-02-22T15:16:33","date_gmt":"2023-02-22T07:16:33","guid":{"rendered":"https:\/\/renodoll.com\/?page_id=5358"},"modified":"2023-04-24T20:05:00","modified_gmt":"2023-04-24T12:05:00","slug":"sex-doll-breast-options","status":"publish","type":"page","link":"https:\/\/renodoll.com\/sl\/sex-doll-breast-options\/","title":{"rendered":"Mo\u017enosti prsi Sex Doll"},"content":{"rendered":"<div data-elementor-type=\"wp-page\" data-elementor-id=\"5358\" class=\"elementor elementor-5358\" data-elementor-post-type=\"page\">\n\t\t\t\t\t\t<section class=\"elementor-section elementor-top-section elementor-element elementor-element-f699184 elementor-section-boxed elementor-section-height-default elementor-section-height-default\" data-id=\"f699184\" data-element_type=\"section\" data-e-type=\"section\">\n\t\t\t\t\t\t<div class=\"elementor-container elementor-column-gap-default\">\n\t\t\t\t\t<div class=\"elementor-column elementor-col-100 elementor-top-column elementor-element elementor-element-d1f5877 page-content-text\" data-id=\"d1f5877\" data-element_type=\"column\" data-e-type=\"column\">\n\t\t\t<div class=\"elementor-widget-wrap elementor-element-populated\">\n\t\t\t\t\t\t<div class=\"elementor-element elementor-element-5387678 elementor-widget elementor-widget-text-editor\" data-id=\"5387678\" data-element_type=\"widget\" data-e-type=\"widget\" data-widget_type=\"text-editor.default\">\n\t\t\t\t<div class=\"elementor-widget-container\">\n\t\t\t\t\t\t\t\t\tDa bi bilo dotikanje prsi va\u0161e lutke ljubezni podobno izku\u0161nji kot \u010dlove\u0161ko telo, delamo na nenehni improvizaciji prsi. Trije na\u010dini dela na prsih so:\t\t\t\t\t\t\t\t<\/div>\n\t\t\t\t<\/div>\n\t\t\t\t<div class=\"elementor-element elementor-element-d899880 elementor-align-start elementor-icon-list--layout-traditional elementor-list-item-link-full_width elementor-widget elementor-widget-icon-list\" data-id=\"d899880\" data-element_type=\"widget\" data-e-type=\"widget\" data-widget_type=\"icon-list.default\">\n\t\t\t\t<div class=\"elementor-widget-container\">\n\t\t\t\t\t\t\t<ul class=\"elementor-icon-list-items\">\n\t\t\t\t\t\t\t<li class=\"elementor-icon-list-item\">\n\t\t\t\t\t\t\t\t\t\t\t<span class=\"elementor-icon-list-icon\">\n\t\t\t\t\t\t\t<i aria-hidden=\"true\" class=\"fas fa-check\"><\/i>\t\t\t\t\t\t<\/span>\n\t\t\t\t\t\t\t\t\t\t<span class=\"elementor-icon-list-text\">Standardno<\/span>\n\t\t\t\t\t\t\t\t\t<\/li>\n\t\t\t\t\t\t\t\t<li class=\"elementor-icon-list-item\">\n\t\t\t\t\t\t\t\t\t\t\t<span class=\"elementor-icon-list-icon\">\n\t\t\t\t\t\t\t<i aria-hidden=\"true\" class=\"fas fa-check\"><\/i>\t\t\t\t\t\t<\/span>\n\t\t\t\t\t\t\t\t\t\t<span class=\"elementor-icon-list-text\">Polnjeno z gelom<\/span>\n\t\t\t\t\t\t\t\t\t<\/li>\n\t\t\t\t\t\t\t\t<li class=\"elementor-icon-list-item\">\n\t\t\t\t\t\t\t\t\t\t\t<span class=\"elementor-icon-list-icon\">\n\t\t\t\t\t\t\t<i aria-hidden=\"true\" class=\"fas fa-check\"><\/i>\t\t\t\t\t\t<\/span>\n\t\t\t\t\t\t\t\t\t\t<span class=\"elementor-icon-list-text\">Votlo<\/span>\n\t\t\t\t\t\t\t\t\t<\/li>\n\t\t\t\t\t\t<\/ul>\n\t\t\t\t\t\t<\/div>\n\t\t\t\t<\/div>\n\t\t\t\t<div class=\"elementor-element elementor-element-0f22dab elementor-invisible elementor-widget elementor-widget-heading\" data-id=\"0f22dab\" data-element_type=\"widget\" data-e-type=\"widget\" data-settings=\"{&quot;_animation&quot;:&quot;fadeInUp&quot;}\" data-widget_type=\"heading.default\">\n\t\t\t\t<div class=\"elementor-widget-container\">\n\t\t\t\t\t<h2 class=\"elementor-heading-title elementor-size-default\">Mo\u017enost dojk za spolne lutke za odrasle \u2013 standardne, polnjene z gelom ali votle?<\/h2>\t\t\t\t<\/div>\n\t\t\t\t<\/div>\n\t\t\t\t<div class=\"elementor-element elementor-element-c746337 elementor-widget elementor-widget-text-editor\" data-id=\"c746337\" data-element_type=\"widget\" data-e-type=\"widget\" data-widget_type=\"text-editor.default\">\n\t\t\t\t<div class=\"elementor-widget-container\">\n\t\t\t\t\t\t\t\t\t<p>Izbrati svojo najljub\u0161o lutko iz na\u0161e \u0161iroke ponudbe spolnih lutk je lahko prava te\u017eava. Trenutno imamo v na\u0161i zbirki ve\u010d kot 2000 seks pun\u010dk, med katerimi lahko izbirate, in niti se ne kon\u010da pri tem. Ko se boste lahko dokon\u010dno odlo\u010dili in vztrajali pri svoji pravi lutki, boste popeljani v drug cel svet dizajnov in nadgradenj. Vpra\u0161ali bi vas tudi o obliki prsi, ki bi jo morda \u017eeleli; tukaj pride ta \u010dlanek prav, saj ponuja vpogled v to, kak\u0161ne prsi bi morda \u017eeleli, da bi imela va\u0161a spolna lutka.<\/p>\t\t\t\t\t\t\t\t<\/div>\n\t\t\t\t<\/div>\n\t\t\t\t<div class=\"elementor-element elementor-element-406d124 elementor-widget elementor-widget-text-editor\" data-id=\"406d124\" data-element_type=\"widget\" data-e-type=\"widget\" data-widget_type=\"text-editor.default\">\n\t\t\t\t<div class=\"elementor-widget-container\">\n\t\t\t\t\t\t\t\t\tTri razpolo\u017eljive mo\u017enosti za spolne lutke:\t\t\t\t\t\t\t\t<\/div>\n\t\t\t\t<\/div>\n\t\t\t\t<div class=\"elementor-element elementor-element-1f03e71 elementor-align-start elementor-icon-list--layout-traditional elementor-list-item-link-full_width elementor-widget elementor-widget-icon-list\" data-id=\"1f03e71\" data-element_type=\"widget\" data-e-type=\"widget\" data-widget_type=\"icon-list.default\">\n\t\t\t\t<div class=\"elementor-widget-container\">\n\t\t\t\t\t\t\t<ul class=\"elementor-icon-list-items\">\n\t\t\t\t\t\t\t<li class=\"elementor-icon-list-item\">\n\t\t\t\t\t\t\t\t\t\t\t<span class=\"elementor-icon-list-icon\">\n\t\t\t\t\t\t\t<i aria-hidden=\"true\" class=\"fas fa-check\"><\/i>\t\t\t\t\t\t<\/span>\n\t\t\t\t\t\t\t\t\t\t<span class=\"elementor-icon-list-text\">Standardne prsi,<\/span>\n\t\t\t\t\t\t\t\t\t<\/li>\n\t\t\t\t\t\t\t\t<li class=\"elementor-icon-list-item\">\n\t\t\t\t\t\t\t\t\t\t\t<span class=\"elementor-icon-list-icon\">\n\t\t\t\t\t\t\t<i aria-hidden=\"true\" class=\"fas fa-check\"><\/i>\t\t\t\t\t\t<\/span>\n\t\t\t\t\t\t\t\t\t\t<span class=\"elementor-icon-list-text\">Z gelom napolnjene prsi, <\/span>\n\t\t\t\t\t\t\t\t\t<\/li>\n\t\t\t\t\t\t\t\t<li class=\"elementor-icon-list-item\">\n\t\t\t\t\t\t\t\t\t\t\t<span class=\"elementor-icon-list-icon\">\n\t\t\t\t\t\t\t<i aria-hidden=\"true\" class=\"fas fa-check\"><\/i>\t\t\t\t\t\t<\/span>\n\t\t\t\t\t\t\t\t\t\t<span class=\"elementor-icon-list-text\">Votle prsi.<\/span>\n\t\t\t\t\t\t\t\t\t<\/li>\n\t\t\t\t\t\t<\/ul>\n\t\t\t\t\t\t<\/div>\n\t\t\t\t<\/div>\n\t\t\t\t<div class=\"elementor-element elementor-element-1f5c990 elementor-widget elementor-widget-text-editor\" data-id=\"1f5c990\" data-element_type=\"widget\" data-e-type=\"widget\" data-widget_type=\"text-editor.default\">\n\t\t\t\t<div class=\"elementor-widget-container\">\n\t\t\t\t\t\t\t\t\tOpis vsake oblike prsi, prednosti in slabosti so razlo\u017eeni spodaj.\t\t\t\t\t\t\t\t<\/div>\n\t\t\t\t<\/div>\n\t\t\t\t<div class=\"elementor-element elementor-element-4c62670 elementor-invisible elementor-widget elementor-widget-heading\" data-id=\"4c62670\" data-element_type=\"widget\" data-e-type=\"widget\" data-settings=\"{&quot;_animation&quot;:&quot;fadeInUp&quot;}\" data-widget_type=\"heading.default\">\n\t\t\t\t<div class=\"elementor-widget-container\">\n\t\t\t\t\t<h2 class=\"elementor-heading-title elementor-size-default\">Standardne prsi<\/h2>\t\t\t\t<\/div>\n\t\t\t\t<\/div>\n\t\t\t\t<section class=\"elementor-section elementor-inner-section elementor-element elementor-element-16df2c5 elementor-section-boxed elementor-section-height-default elementor-section-height-default\" data-id=\"16df2c5\" data-element_type=\"section\" data-e-type=\"section\">\n\t\t\t\t\t\t<div class=\"elementor-container elementor-column-gap-default\">\n\t\t\t\t\t<div class=\"elementor-column elementor-col-50 elementor-inner-column elementor-element elementor-element-9f060c9\" data-id=\"9f060c9\" data-element_type=\"column\" data-e-type=\"column\">\n\t\t\t<div class=\"elementor-widget-wrap elementor-element-populated\">\n\t\t\t\t\t\t<div class=\"elementor-element elementor-element-00f4dc3 elementor-widget elementor-widget-text-editor\" data-id=\"00f4dc3\" data-element_type=\"widget\" data-e-type=\"widget\" data-widget_type=\"text-editor.default\">\n\t\t\t\t<div class=\"elementor-widget-container\">\n\t\t\t\t\t\t\t\t\tStandardne prsi so lahke in preproste ter so brez dodatnih stro\u0161kov. Narejena je iz enakega materiala kot va\u0161a pun\u010dka, bodisi iz silikona ali TPE. Prsi so \u010dvrste in \u017eivahne, vendar \u0161e vedno do neke mere vsebujejo mehkobo in posko\u010dnost, ki bi jo morala imeti silikonska ali TPE seks lutka. \t\t\t\t\t\t\t\t<\/div>\n\t\t\t\t<\/div>\n\t\t\t\t<div class=\"elementor-element elementor-element-d1c8f9d elementor-widget elementor-widget-text-editor\" data-id=\"d1c8f9d\" data-element_type=\"widget\" data-e-type=\"widget\" data-widget_type=\"text-editor.default\">\n\t\t\t\t<div class=\"elementor-widget-container\">\n\t\t\t\t\t\t\t\t\tTa mo\u017enost je najbolj\u0161a izbira, \u010de niste tako zaskrbljeni zaradi mehkobe prsi in se \u017eelite izogniti pla\u010dilu nadgradenj. Standardna dojka je dovolj realna za tiste, ki si jih \u017eelijo tak\u0161ne in jih ne zanima nakup nadgradnje. \t\t\t\t\t\t\t\t<\/div>\n\t\t\t\t<\/div>\n\t\t\t\t<div class=\"elementor-element elementor-element-d7f55b7 elementor-widget elementor-widget-heading\" data-id=\"d7f55b7\" data-element_type=\"widget\" data-e-type=\"widget\" data-widget_type=\"heading.default\">\n\t\t\t\t<div class=\"elementor-widget-container\">\n\t\t\t\t\t<h2 class=\"elementor-heading-title elementor-size-default\">- Prednosti<\/h2>\t\t\t\t<\/div>\n\t\t\t\t<\/div>\n\t\t\t\t<div class=\"elementor-element elementor-element-cd23bc8 elementor-widget elementor-widget-html\" data-id=\"cd23bc8\" data-element_type=\"widget\" data-e-type=\"widget\" data-widget_type=\"html.default\">\n\t\t\t\t<div class=\"elementor-widget-container\">\n\t\t\t\t\t<ol class=\"number_list_type\"><li>Ne pla\u010date ve\u010d, ker je prilo\u017eena va\u0161i spolni lutki.<\/li>\n<li>\u010cvrsto in \u017eivahno.<\/li>\n \n<\/ol>\t\t\t\t<\/div>\n\t\t\t\t<\/div>\n\t\t\t\t<div class=\"elementor-element elementor-element-c8bf5aa elementor-widget elementor-widget-heading\" data-id=\"c8bf5aa\" data-element_type=\"widget\" data-e-type=\"widget\" data-widget_type=\"heading.default\">\n\t\t\t\t<div class=\"elementor-widget-container\">\n\t\t\t\t\t<h2 class=\"elementor-heading-title elementor-size-default\">- Slabosti<\/h2>\t\t\t\t<\/div>\n\t\t\t\t<\/div>\n\t\t\t\t<div class=\"elementor-element elementor-element-f6e0f40 elementor-widget elementor-widget-text-editor\" data-id=\"f6e0f40\" data-element_type=\"widget\" data-e-type=\"widget\" data-widget_type=\"text-editor.default\">\n\t\t\t\t<div class=\"elementor-widget-container\">\n\t\t\t\t\t\t\t\t\tAbsolutno se ne more primerjati z drugimi, ki so mehkasti ali posko\u010dni.\t\t\t\t\t\t\t\t<\/div>\n\t\t\t\t<\/div>\n\t\t\t\t\t<\/div>\n\t\t<\/div>\n\t\t\t\t<div class=\"elementor-column elementor-col-50 elementor-inner-column elementor-element elementor-element-62c7b6b\" data-id=\"62c7b6b\" data-element_type=\"column\" data-e-type=\"column\">\n\t\t\t<div class=\"elementor-widget-wrap elementor-element-populated\">\n\t\t\t\t\t\t<div class=\"elementor-element elementor-element-61593ef elementor-invisible elementor-widget elementor-widget-image\" data-id=\"61593ef\" data-element_type=\"widget\" data-e-type=\"widget\" data-settings=\"{&quot;_animation&quot;:&quot;fadeInRight&quot;}\" data-widget_type=\"image.default\">\n\t\t\t\t<div class=\"elementor-widget-container\">\n\t\t\t\t\t\t\t\t\t\t\t\t\t\t\t<img loading=\"lazy\" decoding=\"async\" width=\"700\" height=\"700\" src=\"https:\/\/renodoll.com\/wp-content\/uploads\/xstore\/xstore-placeholder-1x1.png\" class=\"attachment-large size-large wp-image-6612 lazyload lazyload-simple et-lazyload-fadeIn\" alt=\"\" sizes=\"auto, (max-width: 700px) 100vw, 700px\" data-src=\"https:\/\/renodoll.com\/wp-content\/uploads\/2023\/03\/solid.png\" data-srcset=\"https:\/\/renodoll.com\/wp-content\/uploads\/2023\/03\/solid.png 700w, https:\/\/renodoll.com\/wp-content\/uploads\/2023\/03\/solid-300x300.png 300w, https:\/\/renodoll.com\/wp-content\/uploads\/2023\/03\/solid-150x150.png 150w, https:\/\/renodoll.com\/wp-content\/uploads\/2023\/03\/solid-12x12.png 12w, https:\/\/renodoll.com\/wp-content\/uploads\/2023\/03\/solid-100x100.png 100w, https:\/\/renodoll.com\/wp-content\/uploads\/2023\/03\/solid-600x600.png 600w, https:\/\/renodoll.com\/wp-content\/uploads\/2023\/03\/solid-10x10.png 10w\" \/>\t\t\t\t\t\t\t\t\t\t\t\t\t\t\t<\/div>\n\t\t\t\t<\/div>\n\t\t\t\t\t<\/div>\n\t\t<\/div>\n\t\t\t\t\t<\/div>\n\t\t<\/section>\n\t\t\t\t<div class=\"elementor-element elementor-element-b3b0941 elementor-invisible elementor-widget elementor-widget-heading\" data-id=\"b3b0941\" data-element_type=\"widget\" data-e-type=\"widget\" data-settings=\"{&quot;_animation&quot;:&quot;fadeInUp&quot;}\" data-widget_type=\"heading.default\">\n\t\t\t\t<div class=\"elementor-widget-container\">\n\t\t\t\t\t<h2 class=\"elementor-heading-title elementor-size-default\">Z gelom napolnjene prsi<\/h2>\t\t\t\t<\/div>\n\t\t\t\t<\/div>\n\t\t\t\t<section class=\"elementor-section elementor-inner-section elementor-element elementor-element-5a4b94d elementor-section-boxed elementor-section-height-default elementor-section-height-default\" data-id=\"5a4b94d\" data-element_type=\"section\" data-e-type=\"section\">\n\t\t\t\t\t\t<div class=\"elementor-container elementor-column-gap-default\">\n\t\t\t\t\t<div class=\"elementor-column elementor-col-50 elementor-inner-column elementor-element elementor-element-5856779\" data-id=\"5856779\" data-element_type=\"column\" data-e-type=\"column\">\n\t\t\t<div class=\"elementor-widget-wrap elementor-element-populated\">\n\t\t\t\t\t\t<div class=\"elementor-element elementor-element-40bf171 elementor-invisible elementor-widget elementor-widget-image\" data-id=\"40bf171\" data-element_type=\"widget\" data-e-type=\"widget\" data-settings=\"{&quot;_animation&quot;:&quot;fadeInLeft&quot;}\" data-widget_type=\"image.default\">\n\t\t\t\t<div class=\"elementor-widget-container\">\n\t\t\t\t\t\t\t\t\t\t\t\t\t\t\t<img loading=\"lazy\" decoding=\"async\" width=\"700\" height=\"700\" src=\"https:\/\/renodoll.com\/wp-content\/uploads\/xstore\/xstore-placeholder-1x1.png\" class=\"attachment-large size-large wp-image-6609 lazyload lazyload-simple et-lazyload-fadeIn\" alt=\"\" sizes=\"auto, (max-width: 700px) 100vw, 700px\" data-src=\"https:\/\/renodoll.com\/wp-content\/uploads\/2023\/03\/gel.png\" data-srcset=\"https:\/\/renodoll.com\/wp-content\/uploads\/2023\/03\/gel.png 700w, https:\/\/renodoll.com\/wp-content\/uploads\/2023\/03\/gel-300x300.png 300w, https:\/\/renodoll.com\/wp-content\/uploads\/2023\/03\/gel-150x150.png 150w, https:\/\/renodoll.com\/wp-content\/uploads\/2023\/03\/gel-12x12.png 12w, https:\/\/renodoll.com\/wp-content\/uploads\/2023\/03\/gel-100x100.png 100w, https:\/\/renodoll.com\/wp-content\/uploads\/2023\/03\/gel-600x600.png 600w, https:\/\/renodoll.com\/wp-content\/uploads\/2023\/03\/gel-10x10.png 10w\" \/>\t\t\t\t\t\t\t\t\t\t\t\t\t\t\t<\/div>\n\t\t\t\t<\/div>\n\t\t\t\t\t<\/div>\n\t\t<\/div>\n\t\t\t\t<div class=\"elementor-column elementor-col-50 elementor-inner-column elementor-element elementor-element-3e24827\" data-id=\"3e24827\" data-element_type=\"column\" data-e-type=\"column\">\n\t\t\t<div class=\"elementor-widget-wrap elementor-element-populated\">\n\t\t\t\t\t\t<div class=\"elementor-element elementor-element-105a2ab elementor-widget elementor-widget-text-editor\" data-id=\"105a2ab\" data-element_type=\"widget\" data-e-type=\"widget\" data-widget_type=\"text-editor.default\">\n\t\t\t\t<div class=\"elementor-widget-container\">\n\t\t\t\t\t\t\t\t\tKar zadeva prsi seks pun\u010dk v resni\u010dnem \u017eivljenju, bi bila najbolj\u0161a mo\u017enost. Precej mehkej\u0161e od standardne mo\u017enosti prsi, bolj polne in \u017eivahnej\u0161e od mo\u017enosti votlih prsi. Najbolj se pribli\u017ea gel, ker je popolna srednja pot in premaga vse druge mo\u017enosti z na\u010dinom, kako posnema ob\u010dutek in gibanje \u010dlove\u0161kih dojk. Z gelom napolnjene prsi so narejene strogo tako, da delujejo tako realisti\u010dno, tako kot \u010dlove\u0161ka ma\u0161\u010doba. \t\t\t\t\t\t\t\t<\/div>\n\t\t\t\t<\/div>\n\t\t\t\t<div class=\"elementor-element elementor-element-67b058d elementor-widget elementor-widget-text-editor\" data-id=\"67b058d\" data-element_type=\"widget\" data-e-type=\"widget\" data-widget_type=\"text-editor.default\">\n\t\t\t\t<div class=\"elementor-widget-container\">\n\t\t\t\t\t\t\t\t\tMo\u017enost, napolnjena z gelom, je najbolj\u0161a mo\u017enost in je resni\u010dno vredna nadgradnje, \u010de vas zanima seksi seks lutka, ki daje ob\u010dutek \u010dlove\u0161kih prsi.\t\t\t\t\t\t\t\t<\/div>\n\t\t\t\t<\/div>\n\t\t\t\t<div class=\"elementor-element elementor-element-59d4aa3 elementor-widget elementor-widget-text-editor\" data-id=\"59d4aa3\" data-element_type=\"widget\" data-e-type=\"widget\" data-widget_type=\"text-editor.default\">\n\t\t\t\t<div class=\"elementor-widget-container\">\n\t\t\t\t\t\t\t\t\tSpodaj so videoposnetki, ki v bistvu prikazujejo gibanje in ob\u010dutek spolne lutke z gelom napolnjenimi prsmi.\t\t\t\t\t\t\t\t<\/div>\n\t\t\t\t<\/div>\n\t\t\t\t<div class=\"elementor-element elementor-element-b0938a0 elementor-widget elementor-widget-heading\" data-id=\"b0938a0\" data-element_type=\"widget\" data-e-type=\"widget\" data-widget_type=\"heading.default\">\n\t\t\t\t<div class=\"elementor-widget-container\">\n\t\t\t\t\t<h2 class=\"elementor-heading-title elementor-size-default\">- Prednosti<\/h2>\t\t\t\t<\/div>\n\t\t\t\t<\/div>\n\t\t\t\t<div class=\"elementor-element elementor-element-04f5968 elementor-widget elementor-widget-html\" data-id=\"04f5968\" data-element_type=\"widget\" data-e-type=\"widget\" data-widget_type=\"html.default\">\n\t\t\t\t<div class=\"elementor-widget-container\">\n\t\t\t\t\t<ol class=\"number_list_type\"><li>Najbolj realna mo\u017enost obstaja.<\/li>\n<li>Zmerno mehko in hkrati \u017eivahno.<\/li>\n \n<\/ol>\t\t\t\t<\/div>\n\t\t\t\t<\/div>\n\t\t\t\t<div class=\"elementor-element elementor-element-ddba5a6 elementor-widget elementor-widget-heading\" data-id=\"ddba5a6\" data-element_type=\"widget\" data-e-type=\"widget\" data-widget_type=\"heading.default\">\n\t\t\t\t<div class=\"elementor-widget-container\">\n\t\t\t\t\t<h2 class=\"elementor-heading-title elementor-size-default\">- Slabosti<\/h2>\t\t\t\t<\/div>\n\t\t\t\t<\/div>\n\t\t\t\t<div class=\"elementor-element elementor-element-6addaf1 elementor-widget elementor-widget-text-editor\" data-id=\"6addaf1\" data-element_type=\"widget\" data-e-type=\"widget\" data-widget_type=\"text-editor.default\">\n\t\t\t\t<div class=\"elementor-widget-container\">\n\t\t\t\t\t\t\t\t\tZelo drago med vsemi mo\u017enostmi. \t\t\t\t\t\t\t\t<\/div>\n\t\t\t\t<\/div>\n\t\t\t\t\t<\/div>\n\t\t<\/div>\n\t\t\t\t\t<\/div>\n\t\t<\/section>\n\t\t\t\t<div class=\"elementor-element elementor-element-7fcd1f9 elementor-invisible elementor-widget elementor-widget-heading\" data-id=\"7fcd1f9\" data-element_type=\"widget\" data-e-type=\"widget\" data-settings=\"{&quot;_animation&quot;:&quot;fadeInUp&quot;}\" data-widget_type=\"heading.default\">\n\t\t\t\t<div class=\"elementor-widget-container\">\n\t\t\t\t\t<h2 class=\"elementor-heading-title elementor-size-default\">Votle prsi<\/h2>\t\t\t\t<\/div>\n\t\t\t\t<\/div>\n\t\t\t\t<section class=\"elementor-section elementor-inner-section elementor-element elementor-element-0cd3338 elementor-section-boxed elementor-section-height-default elementor-section-height-default\" data-id=\"0cd3338\" data-element_type=\"section\" data-e-type=\"section\">\n\t\t\t\t\t\t<div class=\"elementor-container elementor-column-gap-default\">\n\t\t\t\t\t<div class=\"elementor-column elementor-col-50 elementor-inner-column elementor-element elementor-element-2ee01ef\" data-id=\"2ee01ef\" data-element_type=\"column\" data-e-type=\"column\">\n\t\t\t<div class=\"elementor-widget-wrap elementor-element-populated\">\n\t\t\t\t\t\t<div class=\"elementor-element elementor-element-63b3ad4 elementor-widget elementor-widget-text-editor\" data-id=\"63b3ad4\" data-element_type=\"widget\" data-e-type=\"widget\" data-widget_type=\"text-editor.default\">\n\t\t\t\t<div class=\"elementor-widget-container\">\n\t\t\t\t\t\t\t\t\t\u010ce slu\u010dajno spadate v kategorijo mo\u0161kih, ki resni\u010dno obo\u017eujejo lahkotne in posko\u010dne prsi, ki so hkrati super mehke, potem ste slu\u010dajno na pravem mestu. \t\t\t\t\t\t\t\t<\/div>\n\t\t\t\t<\/div>\n\t\t\t\t<div class=\"elementor-element elementor-element-5cd7ace elementor-widget elementor-widget-text-editor\" data-id=\"5cd7ace\" data-element_type=\"widget\" data-e-type=\"widget\" data-widget_type=\"text-editor.default\">\n\t\t\t\t<div class=\"elementor-widget-container\">\n\t\t\t\t\t\t\t\t\tKot pove \u017ee ime, so votle prsi votle in namesto da bi bile trdne kot TPE ali napolnjene z gelom, se vanje vstavi zrak, da jih napolni. S tem zrakom v njih na koncu postanejo mehkasti in se tresejo. Ena dobra stvar pri tem je, da jih lahko brez strahu zgrabite ali opazujete, kako poskakujejo. \t\t\t\t\t\t\t\t<\/div>\n\t\t\t\t<\/div>\n\t\t\t\t<div class=\"elementor-element elementor-element-62a62d2 elementor-widget elementor-widget-text-editor\" data-id=\"62a62d2\" data-element_type=\"widget\" data-e-type=\"widget\" data-widget_type=\"text-editor.default\">\n\t\t\t\t<div class=\"elementor-widget-container\">\n\t\t\t\t\t\t\t\t\tV primerjavi s standardnimi prsmi stanejo nekoliko ve\u010d.\t\t\t\t\t\t\t\t<\/div>\n\t\t\t\t<\/div>\n\t\t\t\t<div class=\"elementor-element elementor-element-2fe7e37 elementor-widget elementor-widget-heading\" data-id=\"2fe7e37\" data-element_type=\"widget\" data-e-type=\"widget\" data-widget_type=\"heading.default\">\n\t\t\t\t<div class=\"elementor-widget-container\">\n\t\t\t\t\t<h2 class=\"elementor-heading-title elementor-size-default\">- Prednosti<\/h2>\t\t\t\t<\/div>\n\t\t\t\t<\/div>\n\t\t\t\t<div class=\"elementor-element elementor-element-937b94e elementor-widget elementor-widget-html\" data-id=\"937b94e\" data-element_type=\"widget\" data-e-type=\"widget\" data-widget_type=\"html.default\">\n\t\t\t\t<div class=\"elementor-widget-container\">\n\t\t\t\t\t<ol class=\"number_list_type\"><li>Veliko poskakuje.<\/li>\n<li>Zelo mehak in mehak.<\/li>\n \n<\/ol>\t\t\t\t<\/div>\n\t\t\t\t<\/div>\n\t\t\t\t<div class=\"elementor-element elementor-element-57b81b1 elementor-widget elementor-widget-heading\" data-id=\"57b81b1\" data-element_type=\"widget\" data-e-type=\"widget\" data-widget_type=\"heading.default\">\n\t\t\t\t<div class=\"elementor-widget-container\">\n\t\t\t\t\t<h2 class=\"elementor-heading-title elementor-size-default\">- Slabosti<\/h2>\t\t\t\t<\/div>\n\t\t\t\t<\/div>\n\t\t\t\t<div class=\"elementor-element elementor-element-4e5fda9 elementor-widget elementor-widget-text-editor\" data-id=\"4e5fda9\" data-element_type=\"widget\" data-e-type=\"widget\" data-widget_type=\"text-editor.default\">\n\t\t\t\t<div class=\"elementor-widget-container\">\n\t\t\t\t\t\t\t\t\tNi tako \u017eivahen kot drugi.\t\t\t\t\t\t\t\t<\/div>\n\t\t\t\t<\/div>\n\t\t\t\t\t<\/div>\n\t\t<\/div>\n\t\t\t\t<div class=\"elementor-column elementor-col-50 elementor-inner-column elementor-element elementor-element-9c89274\" data-id=\"9c89274\" data-element_type=\"column\" data-e-type=\"column\">\n\t\t\t<div class=\"elementor-widget-wrap elementor-element-populated\">\n\t\t\t\t\t\t<div class=\"elementor-element elementor-element-0ff871d elementor-invisible elementor-widget elementor-widget-image\" data-id=\"0ff871d\" data-element_type=\"widget\" data-e-type=\"widget\" data-settings=\"{&quot;_animation&quot;:&quot;fadeInRight&quot;}\" data-widget_type=\"image.default\">\n\t\t\t\t<div class=\"elementor-widget-container\">\n\t\t\t\t\t\t\t\t\t\t\t\t\t\t\t<img loading=\"lazy\" decoding=\"async\" width=\"700\" height=\"700\" src=\"https:\/\/renodoll.com\/wp-content\/uploads\/xstore\/xstore-placeholder-1x1.png\" class=\"attachment-large size-large wp-image-6611 lazyload lazyload-simple et-lazyload-fadeIn\" alt=\"\" sizes=\"auto, (max-width: 700px) 100vw, 700px\" data-src=\"https:\/\/renodoll.com\/wp-content\/uploads\/2023\/03\/hollow.png\" data-srcset=\"https:\/\/renodoll.com\/wp-content\/uploads\/2023\/03\/hollow.png 700w, https:\/\/renodoll.com\/wp-content\/uploads\/2023\/03\/hollow-300x300.png 300w, https:\/\/renodoll.com\/wp-content\/uploads\/2023\/03\/hollow-150x150.png 150w, https:\/\/renodoll.com\/wp-content\/uploads\/2023\/03\/hollow-12x12.png 12w, https:\/\/renodoll.com\/wp-content\/uploads\/2023\/03\/hollow-100x100.png 100w, https:\/\/renodoll.com\/wp-content\/uploads\/2023\/03\/hollow-600x600.png 600w, https:\/\/renodoll.com\/wp-content\/uploads\/2023\/03\/hollow-10x10.png 10w\" \/>\t\t\t\t\t\t\t\t\t\t\t\t\t\t\t<\/div>\n\t\t\t\t<\/div>\n\t\t\t\t\t<\/div>\n\t\t<\/div>\n\t\t\t\t\t<\/div>\n\t\t<\/section>\n\t\t\t\t\t<\/div>\n\t\t<\/div>\n\t\t\t\t\t<\/div>\n\t\t<\/section>\n\t\t\t\t<\/div>","protected":false},"excerpt":{"rendered":"<p>Da bi bilo dotikanje prsi va\u0161e lutke ljubezni podobno izku\u0161nji kot \u010dlove\u0161ko telo, delamo na nenehni improvizaciji prsi. Trije na\u010dini dela na prsih so: standardna votla spolna lutka za odrasle, polnjena z gelom, mo\u017enost prsi \u2013 standardna, polnjena z gelom ali votla? Izbrati svojo najljub\u0161o lutko iz na\u0161e \u0161iroke ponudbe spolnih lutk je lahko prava te\u017eava. Trenutno imamo v na\u0161i zbirki ve\u010d kot 2000 seks pun\u010dk, med katerimi lahko izbirate, in niti se ne kon\u010da pri tem. Ko ste lahko sprejeli kon\u010dno odlo\u010ditev<\/p>","protected":false},"author":1,"featured_media":0,"parent":0,"menu_order":0,"comment_status":"closed","ping_status":"closed","template":"","meta":{"footnotes":""},"class_list":["post-5358","page","type-page","status-publish","hentry"],"aioseo_notices":[],"_links":{"self":[{"href":"https:\/\/renodoll.com\/sl\/wp-json\/wp\/v2\/pages\/5358","targetHints":{"allow":["GET"]}}],"collection":[{"href":"https:\/\/renodoll.com\/sl\/wp-json\/wp\/v2\/pages"}],"about":[{"href":"https:\/\/renodoll.com\/sl\/wp-json\/wp\/v2\/types\/page"}],"author":[{"embeddable":true,"href":"https:\/\/renodoll.com\/sl\/wp-json\/wp\/v2\/users\/1"}],"replies":[{"embeddable":true,"href":"https:\/\/renodoll.com\/sl\/wp-json\/wp\/v2\/comments?post=5358"}],"version-history":[{"count":49,"href":"https:\/\/renodoll.com\/sl\/wp-json\/wp\/v2\/pages\/5358\/revisions"}],"predecessor-version":[{"id":16002,"href":"https:\/\/renodoll.com\/sl\/wp-json\/wp\/v2\/pages\/5358\/revisions\/16002"}],"wp:attachment":[{"href":"https:\/\/renodoll.com\/sl\/wp-json\/wp\/v2\/media?parent=5358"}],"curies":[{"name":"wp","href":"https:\/\/api.w.org\/{rel}","templated":true}]}}