{"id":5342,"date":"2023-02-22T14:38:20","date_gmt":"2023-02-22T06:38:20","guid":{"rendered":"https:\/\/renodoll.com\/?page_id=5342"},"modified":"2023-03-31T18:15:51","modified_gmt":"2023-03-31T10:15:51","slug":"sex-doll-skeleton","status":"publish","type":"page","link":"https:\/\/renodoll.com\/sl\/sex-doll-skeleton\/","title":{"rendered":"Seks lutka Skeleton"},"content":{"rendered":"<div data-elementor-type=\"wp-page\" data-elementor-id=\"5342\" class=\"elementor elementor-5342\">\n\t\t\t\t\t\t\t\t\t<section class=\"elementor-section elementor-top-section elementor-element elementor-element-acc2331 elementor-section-boxed elementor-section-height-default elementor-section-height-default\" data-id=\"acc2331\" data-element_type=\"section\">\n\t\t\t\t\t\t<div class=\"elementor-container elementor-column-gap-default\">\n\t\t\t\t\t<div class=\"elementor-column elementor-col-100 elementor-top-column elementor-element elementor-element-03b26f5 page-content-text\" data-id=\"03b26f5\" data-element_type=\"column\">\n\t\t\t<div class=\"elementor-widget-wrap elementor-element-populated\">\n\t\t\t\t\t\t\t\t<div class=\"elementor-element elementor-element-881ee1c elementor-widget elementor-widget-text-editor\" data-id=\"881ee1c\" data-element_type=\"widget\" data-widget_type=\"text-editor.default\">\n\t\t\t\t<div class=\"elementor-widget-container\">\n\t\t\t<style>\/*! elementor - v3.10.2 - 29-01-2023 *\/\n.elementor-widget-text-editor.elementor-drop-cap-view-stacked .elementor-drop-cap{background-color:#818a91;color:#fff}.elementor-widget-text-editor.elementor-drop-cap-view-framed .elementor-drop-cap{color:#818a91;border:3px solid;background-color:transparent}.elementor-widget-text-editor:not(.elementor-drop-cap-view-default) .elementor-drop-cap{margin-top:8px}.elementor-widget-text-editor:not(.elementor-drop-cap-view-default) .elementor-drop-cap-letter{width:1em;height:1em}.elementor-widget-text-editor .elementor-drop-cap{float:left;text-align:center;line-height:1;font-size:50px}.elementor-widget-text-editor .elementor-drop-cap-letter{display:inline-block}<\/style>\t\t\t\tZnotraj telesa ljubezenske pun\u010dke je skeletna struktura, ki pomaga pri gibanju telesa in prepre\u010duje, da bi se telo zvilo ali padlo. Okostje znotraj spolne lutke pomaga ugotoviti \u017eivljenjsko dobo in velikost, ki jo telo lahko prenese. Razli\u010dni dizajni okostnjakov pomagajo potrditi gibe, ki jih lahko izvajajo ljubezenske pun\u010dke.\t\t\t\t\t\t<\/div>\n\t\t\t\t<\/div>\n\t\t\t\t<div class=\"elementor-element elementor-element-4556673 elementor-widget elementor-widget-text-editor\" data-id=\"4556673\" data-element_type=\"widget\" data-widget_type=\"text-editor.default\">\n\t\t\t\t<div class=\"elementor-widget-container\">\n\t\t\t\t\t\t\tOglejte si slike pod to objavo, da vidite, kako okostje deluje.\t\t\t\t\t\t<\/div>\n\t\t\t\t<\/div>\n\t\t\t\t<div class=\"elementor-element elementor-element-38afaf6 elementor-invisible elementor-widget elementor-widget-image\" data-id=\"38afaf6\" data-element_type=\"widget\" data-settings=\"{&quot;_animation&quot;:&quot;zoomIn&quot;}\" data-widget_type=\"image.default\">\n\t\t\t\t<div class=\"elementor-widget-container\">\n\t\t\t<style>\/*! elementor - v3.10.2 - 29-01-2023 *\/\n.elementor-widget-image{text-align:center}.elementor-widget-image a{display:inline-block}.elementor-widget-image a img[src$=\".svg\"]{width:48px}.elementor-widget-image img{vertical-align:middle;display:inline-block}<\/style>\t\t\t\t\t\t\t\t\t\t\t\t<img loading=\"lazy\" decoding=\"async\" width=\"1000\" height=\"828\" src=\"https:\/\/renodoll.com\/wp-content\/uploads\/2023\/03\/skeleton-introduction.png\" class=\"attachment-large size-large wp-image-6565\" alt=\"\" srcset=\"https:\/\/renodoll.com\/wp-content\/uploads\/2023\/03\/skeleton-introduction.png 1000w, https:\/\/renodoll.com\/wp-content\/uploads\/2023\/03\/skeleton-introduction-300x248.png 300w, https:\/\/renodoll.com\/wp-content\/uploads\/2023\/03\/skeleton-introduction-768x636.png 768w, https:\/\/renodoll.com\/wp-content\/uploads\/2023\/03\/skeleton-introduction-14x12.png 14w, https:\/\/renodoll.com\/wp-content\/uploads\/2023\/03\/skeleton-introduction-100x83.png 100w, https:\/\/renodoll.com\/wp-content\/uploads\/2023\/03\/skeleton-introduction-600x497.png 600w, https:\/\/renodoll.com\/wp-content\/uploads\/2023\/03\/skeleton-introduction-10x8.png 10w\" sizes=\"auto, (max-width: 1000px) 100vw, 1000px\" \/>\t\t\t\t\t\t\t\t\t\t\t\t\t\t\t<\/div>\n\t\t\t\t<\/div>\n\t\t\t\t<div class=\"elementor-element elementor-element-cc71f48 elementor-widget elementor-widget-text-editor\" data-id=\"cc71f48\" data-element_type=\"widget\" data-widget_type=\"text-editor.default\">\n\t\t\t\t<div class=\"elementor-widget-container\">\n\t\t\t\t\t\t\tTrenutno imamo dve razli\u010dni vrsti okostnjakov, ki imata razli\u010dne stro\u0161ke. Bistvena razlika med obema je v tem, da lahko eden skomigne z rameni, drugi pa ne. Dobro je, da sledite \u010dlanku do konca, da vidite druge razlike.\t\t\t\t\t\t<\/div>\n\t\t\t\t<\/div>\n\t\t\t\t<div class=\"elementor-element elementor-element-b7893ed elementor-invisible elementor-widget elementor-widget-image\" data-id=\"b7893ed\" data-element_type=\"widget\" data-settings=\"{&quot;_animation&quot;:&quot;zoomIn&quot;}\" data-widget_type=\"image.default\">\n\t\t\t\t<div class=\"elementor-widget-container\">\n\t\t\t\t\t\t\t\t\t\t\t\t\t\t\t<img loading=\"lazy\" decoding=\"async\" width=\"932\" height=\"1200\" src=\"https:\/\/renodoll.com\/wp-content\/uploads\/2023\/03\/h3bd0710ee3cb4337bf498e9c8b5ea2583-1662214320665.png\" class=\"attachment-full size-full wp-image-6566\" alt=\"\" srcset=\"https:\/\/renodoll.com\/wp-content\/uploads\/2023\/03\/h3bd0710ee3cb4337bf498e9c8b5ea2583-1662214320665.png 932w, https:\/\/renodoll.com\/wp-content\/uploads\/2023\/03\/h3bd0710ee3cb4337bf498e9c8b5ea2583-1662214320665-233x300.png 233w, https:\/\/renodoll.com\/wp-content\/uploads\/2023\/03\/h3bd0710ee3cb4337bf498e9c8b5ea2583-1662214320665-795x1024.png 795w, https:\/\/renodoll.com\/wp-content\/uploads\/2023\/03\/h3bd0710ee3cb4337bf498e9c8b5ea2583-1662214320665-768x989.png 768w, https:\/\/renodoll.com\/wp-content\/uploads\/2023\/03\/h3bd0710ee3cb4337bf498e9c8b5ea2583-1662214320665-9x12.png 9w, https:\/\/renodoll.com\/wp-content\/uploads\/2023\/03\/h3bd0710ee3cb4337bf498e9c8b5ea2583-1662214320665-78x100.png 78w, https:\/\/renodoll.com\/wp-content\/uploads\/2023\/03\/h3bd0710ee3cb4337bf498e9c8b5ea2583-1662214320665-300x386.png 300w, https:\/\/renodoll.com\/wp-content\/uploads\/2023\/03\/h3bd0710ee3cb4337bf498e9c8b5ea2583-1662214320665-600x773.png 600w, https:\/\/renodoll.com\/wp-content\/uploads\/2023\/03\/h3bd0710ee3cb4337bf498e9c8b5ea2583-1662214320665-8x10.png 8w\" sizes=\"auto, (max-width: 932px) 100vw, 932px\" \/>\t\t\t\t\t\t\t\t\t\t\t\t\t\t\t<\/div>\n\t\t\t\t<\/div>\n\t\t\t\t<div class=\"elementor-element elementor-element-48b66a9 elementor-widget elementor-widget-text-editor\" data-id=\"48b66a9\" data-element_type=\"widget\" data-widget_type=\"text-editor.default\">\n\t\t\t\t<div class=\"elementor-widget-container\">\n\t\t\t\t\t\t\tMedtem ko razmi\u0161ljate o tem, kak\u0161no spolno lutko bi imeli, se lahko novinci v svetu spolnih lutk soo\u010dijo z dolo\u010deno obliko zmede pri izbiri med standardnimi okostnjaki EVO in okostnjaki EVO. Kak\u0161ne so te razlike, se boste morda vpra\u0161ali? Ostanite z nami in povedali vam bomo.\t\t\t\t\t\t<\/div>\n\t\t\t\t<\/div>\n\t\t\t\t<div class=\"elementor-element elementor-element-2aae69c elementor-invisible elementor-widget elementor-widget-heading\" data-id=\"2aae69c\" data-element_type=\"widget\" data-settings=\"{&quot;_animation&quot;:&quot;fadeInUp&quot;}\" data-widget_type=\"heading.default\">\n\t\t\t\t<div class=\"elementor-widget-container\">\n\t\t\t<style>\/*! elementor - v3.10.2 - 29-01-2023 *\/\n.elementor-heading-title{padding:0;margin:0;line-height:1}.elementor-widget-heading .elementor-heading-title[class*=elementor-size-]>a{color:inherit;font-size:inherit;line-height:inherit}.elementor-widget-heading .elementor-heading-title.elementor-size-small{font-size:15px}.elementor-widget-heading .elementor-heading-title.elementor-size-medium{font-size:19px}.elementor-widget-heading .elementor-heading-title.elementor-size-large{font-size:29px}.elementor-widget-heading .elementor-heading-title.elementor-size-xl{font-size:39px}.elementor-widget-heading .elementor-heading-title.elementor-size-xxl{font-size:59px}<\/style><h2 class=\"elementor-heading-title elementor-size-default\">Standardni skelet<\/h2>\t\t<\/div>\n\t\t\t\t<\/div>\n\t\t\t\t<div class=\"elementor-element elementor-element-8b640d4 elementor-widget elementor-widget-text-editor\" data-id=\"8b640d4\" data-element_type=\"widget\" data-widget_type=\"text-editor.default\">\n\t\t\t\t<div class=\"elementor-widget-container\">\n\t\t\t\t\t\t\tLutka Standard Skeleton ne omogo\u010da rotacije ramen, saj je precej toga. \t\t\t\t\t\t<\/div>\n\t\t\t\t<\/div>\n\t\t\t\t<div class=\"elementor-element elementor-element-baa72d8 elementor-widget elementor-widget-text-editor\" data-id=\"baa72d8\" data-element_type=\"widget\" data-widget_type=\"text-editor.default\">\n\t\t\t\t<div class=\"elementor-widget-container\">\n\t\t\t\t\t\t\tKomolci in kolena so lahko nekoliko pokr\u010deni. Pribli\u017eno 90 stopinj. \t\t\t\t\t\t<\/div>\n\t\t\t\t<\/div>\n\t\t\t\t<div class=\"elementor-element elementor-element-4ffcfcb elementor-widget elementor-widget-text-editor\" data-id=\"4ffcfcb\" data-element_type=\"widget\" data-widget_type=\"text-editor.default\">\n\t\t\t\t<div class=\"elementor-widget-container\">\n\t\t\t\t\t\t\tVe\u010dino, \u010de ne vseh, standardnih okostnjakov je mogo\u010de premikati samo naprej in nazaj.\t\t\t\t\t\t<\/div>\n\t\t\t\t<\/div>\n\t\t\t\t<div class=\"elementor-element elementor-element-e31910a elementor-invisible elementor-widget elementor-widget-heading\" data-id=\"e31910a\" data-element_type=\"widget\" data-settings=\"{&quot;_animation&quot;:&quot;fadeInUp&quot;}\" data-widget_type=\"heading.default\">\n\t\t\t\t<div class=\"elementor-widget-container\">\n\t\t\t<h2 class=\"elementor-heading-title elementor-size-default\">Evo Skeleton<\/h2>\t\t<\/div>\n\t\t\t\t<\/div>\n\t\t\t\t<div class=\"elementor-element elementor-element-780de4e elementor-widget elementor-widget-text-editor\" data-id=\"780de4e\" data-element_type=\"widget\" data-widget_type=\"text-editor.default\">\n\t\t\t\t<div class=\"elementor-widget-container\">\n\t\t\t\t\t\t\tNa novo prenovljeni EVO Skeleton lahko va\u0161o spolno lutko skomigne z rameni in ji omogo\u010di svobodo, da zavzame razli\u010dne poze na bolj resni\u010den na\u010din.\t\t\t\t\t\t<\/div>\n\t\t\t\t<\/div>\n\t\t\t\t<div class=\"elementor-element elementor-element-9de1aa2 elementor-widget elementor-widget-text-editor\" data-id=\"9de1aa2\" data-element_type=\"widget\" data-widget_type=\"text-editor.default\">\n\t\t\t\t<div class=\"elementor-widget-container\">\n\t\t\t\t\t\t\tNoge va\u0161e odrasle spolne lutke lahko upognete tako, da noge dose\u017eejo zadnjico ljubezenske lutke bodisi navzdol ali v polo\u017eaju W.\t\t\t\t\t\t<\/div>\n\t\t\t\t<\/div>\n\t\t\t\t<div class=\"elementor-element elementor-element-13a0f35 elementor-widget elementor-widget-text-editor\" data-id=\"13a0f35\" data-element_type=\"widget\" data-widget_type=\"text-editor.default\">\n\t\t\t\t<div class=\"elementor-widget-container\">\n\t\t\t\t\t\t\tHrbtenica lutke v naravni velikosti ni toga v primerjavi s standardnim okostjem. To omogo\u010da seksi spolni lutki, da premika hrbtenico, kakor ho\u010de lastnika, in tako ustvarja veliko bolj intimen u\u017eitek, kot ga lastniki \u017eelijo.\t\t\t\t\t\t<\/div>\n\t\t\t\t<\/div>\n\t\t\t\t<section class=\"elementor-section elementor-inner-section elementor-element elementor-element-389eee2 elementor-section-boxed elementor-section-height-default elementor-section-height-default\" data-id=\"389eee2\" data-element_type=\"section\">\n\t\t\t\t\t\t<div class=\"elementor-container elementor-column-gap-default\">\n\t\t\t\t\t<div class=\"elementor-column elementor-col-50 elementor-inner-column elementor-element elementor-element-209d53e\" data-id=\"209d53e\" data-element_type=\"column\">\n\t\t\t<div class=\"elementor-widget-wrap elementor-element-populated\">\n\t\t\t\t\t\t\t\t<div class=\"elementor-element elementor-element-acedf47 elementor-invisible elementor-widget elementor-widget-heading\" data-id=\"acedf47\" data-element_type=\"widget\" data-settings=\"{&quot;_animation&quot;:&quot;fadeInUp&quot;}\" data-widget_type=\"heading.default\">\n\t\t\t\t<div class=\"elementor-widget-container\">\n\t\t\t<h2 class=\"elementor-heading-title elementor-size-default\">Sex Doll Upgraded EVO Skeleton<\/h2>\t\t<\/div>\n\t\t\t\t<\/div>\n\t\t\t\t<div class=\"elementor-element elementor-element-a110e11 elementor-widget elementor-widget-text-editor\" data-id=\"a110e11\" data-element_type=\"widget\" data-widget_type=\"text-editor.default\">\n\t\t\t\t<div class=\"elementor-widget-container\">\n\t\t\t\t\t\t\tZa razliko od standardnega skeleta je EVO bolj detajlen in prenovljen skelet. Je prilagodljiv in daje prostor za bolj naravno in realisti\u010dno poziranje, ki je lahko dobro za modeliranje ali fotografiranje in napreden spolni polo\u017eaj. Napredna okostja EVO iz nekaterih podjetij, kot so WM, Piper, Starpery in mnoga druga, nadaljujejo z razvojem teh pravih pun\u010dk, tako da so bolj prilagodljive z dvojno zgibnimi rokami in nogami. To pripomore k temu, da je njihovo raztezanje v po\u010depih in kle\u010de\u010dih polo\u017eajih \u010dim bolj podobno \u010dlove\u0161kemu.\t\t\t\t\t\t<\/div>\n\t\t\t\t<\/div>\n\t\t\t\t<div class=\"elementor-element elementor-element-41811f4 elementor-widget elementor-widget-text-editor\" data-id=\"41811f4\" data-element_type=\"widget\" data-widget_type=\"text-editor.default\">\n\t\t\t\t<div class=\"elementor-widget-container\">\n\t\t\t\t\t\t\tNadgradnja okostja va\u0161e ljubezenske lutke ima svojo ceno. \u010ce ne potrebujete veliko gibljivosti v predelih sklepov, je va\u0161a izbira standardni skeleton. \u010ce si \u017eelite veliko bolj intimnih in prijetnih trenutkov s svojo spolno lutko zaradi njene prilagodljivosti, je EVO skeleton za vas.\t\t\t\t\t\t<\/div>\n\t\t\t\t<\/div>\n\t\t\t\t\t<\/div>\n\t\t<\/div>\n\t\t\t\t<div class=\"elementor-column elementor-col-50 elementor-inner-column elementor-element elementor-element-c8cd916\" data-id=\"c8cd916\" data-element_type=\"column\">\n\t\t\t<div class=\"elementor-widget-wrap elementor-element-populated\">\n\t\t\t\t\t\t\t\t<div class=\"elementor-element elementor-element-2f820d1 elementor-aspect-ratio-32 elementor-widget elementor-widget-video\" data-id=\"2f820d1\" data-element_type=\"widget\" data-settings=\"{&quot;video_type&quot;:&quot;hosted&quot;,&quot;autoplay&quot;:&quot;yes&quot;,&quot;loop&quot;:&quot;yes&quot;,&quot;aspect_ratio&quot;:&quot;32&quot;,&quot;controls&quot;:&quot;yes&quot;}\" data-widget_type=\"video.default\">\n\t\t\t\t<div class=\"elementor-widget-container\">\n\t\t\t<style>\/*! elementor - v3.10.2 - 29-01-2023 *\/\n.elementor-widget-video .elementor-widget-container{overflow:hidden;transform:translateZ(0)}.elementor-widget-video .elementor-open-inline .elementor-custom-embed-image-overlay{position:absolute;top:0;left:0;width:100%;height:100%;background-size:cover;background-position:50%}.elementor-widget-video .elementor-custom-embed-image-overlay{cursor:pointer;text-align:center}.elementor-widget-video .elementor-custom-embed-image-overlay:hover .elementor-custom-embed-play i{opacity:1}.elementor-widget-video .elementor-custom-embed-image-overlay img{display:block;width:100%}.elementor-widget-video .e-hosted-video .elementor-video{-o-object-fit:cover;object-fit:cover}.e-con-inner>.elementor-widget-video,.e-con>.elementor-widget-video{width:var(--container-widget-width);--flex-grow:var(--container-widget-flex-grow)}<\/style>\t\t<div class=\"e-hosted-video elementor-wrapper elementor-fit-aspect-ratio elementor-open-inline\">\n\t\t\t\t\t<video class=\"elementor-video\" src=\"http:\/\/renodoll.com\/wp-content\/uploads\/2023\/03\/RudeLustrousBooby-mobile.mp4\" autoplay=\"\" loop=\"\" controls=\"\"><\/video>\n\t\t\t\t<\/div>\n\t\t\t\t<\/div>\n\t\t\t\t<\/div>\n\t\t\t\t\t<\/div>\n\t\t<\/div>\n\t\t\t\t\t\t\t<\/div>\n\t\t<\/section>\n\t\t\t\t\t<\/div>\n\t\t<\/div>\n\t\t\t\t\t\t\t<\/div>\n\t\t<\/section>\n\t\t\t\t\t\t\t<\/div>","protected":false},"excerpt":{"rendered":"<p>Znotraj telesa ljubezenske pun\u010dke je skeletna struktura, ki pomaga pri gibanju telesa in prepre\u010duje, da bi se telo zvilo ali padlo. Okostje znotraj spolne lutke pomaga ugotoviti \u017eivljenjsko dobo in velikost, ki jo telo lahko prenese. Razli\u010dni dizajni okostnjakov pomagajo potrditi gibe, ki jih lahko izvajajo ljubezenske pun\u010dke. Oglejte si slike pod to objavo, da vidite, kako okostje deluje. Trenutno imamo dve razli\u010dni vrsti okostnjakov, ki imata razli\u010dne stro\u0161ke. Bistvena razlika med obema je v tem, da lahko eden skomigne z rameni, drugi pa ne. Dobro sledite<\/p>","protected":false},"author":1,"featured_media":0,"parent":0,"menu_order":0,"comment_status":"closed","ping_status":"closed","template":"","meta":{"footnotes":""},"class_list":["post-5342","page","type-page","status-publish","hentry"],"aioseo_notices":[],"_links":{"self":[{"href":"https:\/\/renodoll.com\/sl\/wp-json\/wp\/v2\/pages\/5342","targetHints":{"allow":["GET"]}}],"collection":[{"href":"https:\/\/renodoll.com\/sl\/wp-json\/wp\/v2\/pages"}],"about":[{"href":"https:\/\/renodoll.com\/sl\/wp-json\/wp\/v2\/types\/page"}],"author":[{"embeddable":true,"href":"https:\/\/renodoll.com\/sl\/wp-json\/wp\/v2\/users\/1"}],"replies":[{"embeddable":true,"href":"https:\/\/renodoll.com\/sl\/wp-json\/wp\/v2\/comments?post=5342"}],"version-history":[{"count":41,"href":"https:\/\/renodoll.com\/sl\/wp-json\/wp\/v2\/pages\/5342\/revisions"}],"predecessor-version":[{"id":14819,"href":"https:\/\/renodoll.com\/sl\/wp-json\/wp\/v2\/pages\/5342\/revisions\/14819"}],"wp:attachment":[{"href":"https:\/\/renodoll.com\/sl\/wp-json\/wp\/v2\/media?parent=5342"}],"curies":[{"name":"wp","href":"https:\/\/api.w.org\/{rel}","templated":true}]}}