{"id":5175,"date":"2023-02-20T14:42:53","date_gmt":"2023-02-20T06:42:53","guid":{"rendered":"https:\/\/renodoll.com\/?page_id=5175"},"modified":"2023-04-03T11:22:16","modified_gmt":"2023-04-03T03:22:16","slug":"sex-doll-images","status":"publish","type":"page","link":"https:\/\/renodoll.com\/sl\/podobe-seks-lutk\/","title":{"rendered":"Slike spolnih lutk"},"content":{"rendered":"<div data-elementor-type=\"wp-page\" data-elementor-id=\"5175\" class=\"elementor elementor-5175\">\n\t\t\t\t\t\t\t\t\t<section class=\"elementor-section elementor-top-section elementor-element elementor-element-2aace59 elementor-section-boxed elementor-section-height-default elementor-section-height-default\" data-id=\"2aace59\" data-element_type=\"section\">\n\t\t\t\t\t\t<div class=\"elementor-container elementor-column-gap-no\">\n\t\t\t\t\t<div class=\"elementor-column elementor-col-100 elementor-top-column elementor-element elementor-element-0017d57\" data-id=\"0017d57\" data-element_type=\"column\">\n\t\t\t<div class=\"elementor-widget-wrap elementor-element-populated\">\n\t\t\t\t\t\t\t\t<div class=\"elementor-element elementor-element-8a2ff4e elementor-widget elementor-widget-spacer\" data-id=\"8a2ff4e\" data-element_type=\"widget\" data-widget_type=\"spacer.default\">\n\t\t\t\t<div class=\"elementor-widget-container\">\n\t\t\t<style>\/*! elementor - v3.10.2 - 29-01-2023 *\/\n.elementor-column .elementor-spacer-inner{height:var(--spacer-size)}.e-con{--container-widget-width:100%}.e-con-inner>.elementor-widget-spacer,.e-con>.elementor-widget-spacer{width:var(--container-widget-width,var(--spacer-size));--align-self:var(--container-widget-align-self,initial);--flex-shrink:0}.e-con-inner>.elementor-widget-spacer>.elementor-widget-container,.e-con-inner>.elementor-widget-spacer>.elementor-widget-container>.elementor-spacer,.e-con>.elementor-widget-spacer>.elementor-widget-container,.e-con>.elementor-widget-spacer>.elementor-widget-container>.elementor-spacer{height:100%}.e-con-inner>.elementor-widget-spacer>.elementor-widget-container>.elementor-spacer>.elementor-spacer-inner,.e-con>.elementor-widget-spacer>.elementor-widget-container>.elementor-spacer>.elementor-spacer-inner{height:var(--container-widget-height,var(--spacer-size))}<\/style>\t\t<div class=\"elementor-spacer\">\n\t\t\t<div class=\"elementor-spacer-inner\"><\/div>\n\t\t<\/div>\n\t\t\t\t<\/div>\n\t\t\t\t<\/div>\n\t\t\t\t<div class=\"elementor-element elementor-element-5997a9f elementor-invisible elementor-widget elementor-widget-heading\" data-id=\"5997a9f\" data-element_type=\"widget\" data-settings=\"{&quot;_animation&quot;:&quot;fadeInLeft&quot;}\" data-widget_type=\"heading.default\">\n\t\t\t\t<div class=\"elementor-widget-container\">\n\t\t\t<style>\/*! elementor - v3.10.2 - 29-01-2023 *\/\n.elementor-heading-title{padding:0;margin:0;line-height:1}.elementor-widget-heading .elementor-heading-title[class*=elementor-size-]>a{color:inherit;font-size:inherit;line-height:inherit}.elementor-widget-heading .elementor-heading-title.elementor-size-small{font-size:15px}.elementor-widget-heading .elementor-heading-title.elementor-size-medium{font-size:19px}.elementor-widget-heading .elementor-heading-title.elementor-size-large{font-size:29px}.elementor-widget-heading .elementor-heading-title.elementor-size-xl{font-size:39px}.elementor-widget-heading .elementor-heading-title.elementor-size-xxl{font-size:59px}<\/style><h1 class=\"elementor-heading-title elementor-size-default\">Prikazni profil spolne lutke<\/h1>\t\t<\/div>\n\t\t\t\t<\/div>\n\t\t\t\t<div class=\"elementor-element elementor-element-7cdfd52 elementor-widget elementor-widget-spacer\" data-id=\"7cdfd52\" data-element_type=\"widget\" data-widget_type=\"spacer.default\">\n\t\t\t\t<div class=\"elementor-widget-container\">\n\t\t\t\t\t<div class=\"elementor-spacer\">\n\t\t\t<div class=\"elementor-spacer-inner\"><\/div>\n\t\t<\/div>\n\t\t\t\t<\/div>\n\t\t\t\t<\/div>\n\t\t\t\t<div class=\"elementor-element elementor-element-26c34f9 elementor-widget elementor-widget-heading\" data-id=\"26c34f9\" data-element_type=\"widget\" data-widget_type=\"heading.default\">\n\t\t\t\t<div class=\"elementor-widget-container\">\n\t\t\t<h2 class=\"elementor-heading-title elementor-size-default\">Dobrodo\u0161li v galeriji Reno Doll<\/h2>\t\t<\/div>\n\t\t\t\t<\/div>\n\t\t\t\t<div class=\"elementor-element elementor-element-3feda34 elementor-widget elementor-widget-text-editor\" data-id=\"3feda34\" data-element_type=\"widget\" data-widget_type=\"text-editor.default\">\n\t\t\t\t<div class=\"elementor-widget-container\">\n\t\t\t<style>\/*! elementor - v3.10.2 - 29-01-2023 *\/\n.elementor-widget-text-editor.elementor-drop-cap-view-stacked .elementor-drop-cap{background-color:#818a91;color:#fff}.elementor-widget-text-editor.elementor-drop-cap-view-framed .elementor-drop-cap{color:#818a91;border:3px solid;background-color:transparent}.elementor-widget-text-editor:not(.elementor-drop-cap-view-default) .elementor-drop-cap{margin-top:8px}.elementor-widget-text-editor:not(.elementor-drop-cap-view-default) .elementor-drop-cap-letter{width:1em;height:1em}.elementor-widget-text-editor .elementor-drop-cap{float:left;text-align:center;line-height:1;font-size:50px}.elementor-widget-text-editor .elementor-drop-cap-letter{display:inline-block}<\/style>\t\t\t\t<p>Na\u0161e \u010dudovite slike spolnih lutk vam ponujajo pogled na ljubezenske lutke, ki jih imamo v na\u0161i delavnici. Brez dodatnega filtra za lepoto. Kliknite na sliko po va\u0161i izbiri in videli boste, kako lepa in vabljiva je sex lutka. Ko na RenoDoll vidite svojo najljub\u0161o spolno pun\u010dko za odrasle, se obrnite na nas in prejmite hiter odgovor na\u0161e ekipe.<\/p>\t\t\t\t\t\t<\/div>\n\t\t\t\t<\/div>\n\t\t\t\t<div class=\"elementor-element elementor-element-821e5c1 elementor-widget elementor-widget-spacer\" data-id=\"821e5c1\" data-element_type=\"widget\" data-widget_type=\"spacer.default\">\n\t\t\t\t<div class=\"elementor-widget-container\">\n\t\t\t\t\t<div class=\"elementor-spacer\">\n\t\t\t<div class=\"elementor-spacer-inner\"><\/div>\n\t\t<\/div>\n\t\t\t\t<\/div>\n\t\t\t\t<\/div>\n\t\t\t\t<div class=\"elementor-element elementor-element-57d9795 elementor-invisible elementor-widget elementor-widget-heading\" data-id=\"57d9795\" data-element_type=\"widget\" data-settings=\"{&quot;_animation&quot;:&quot;fadeInUp&quot;}\" data-widget_type=\"heading.default\">\n\t\t\t\t<div class=\"elementor-widget-container\">\n\t\t\t<h2 class=\"elementor-heading-title elementor-size-default\">Tovarni\u0161ke slike<\/h2>\t\t<\/div>\n\t\t\t\t<\/div>\n\t\t\t\t<div class=\"elementor-element elementor-element-4079b24 elementor-widget elementor-widget-text-editor\" data-id=\"4079b24\" data-element_type=\"widget\" data-widget_type=\"text-editor.default\">\n\t\t\t\t<div class=\"elementor-widget-container\">\n\t\t\t\t\t\t\t<p>Kar zadeva na\u0161e realisti\u010dne spolne lutke, ne mislimo, da bi izsiljevali va\u0161 denar ali bile prepoceni. Te spolne lutke v naravni velikosti niso samo za intimno dejanje, ampak tudi za u\u017eitek, romantiko in fotografiranje, med mnogimi drugimi. \u017delite pristno in dragoceno seksi seks lutko, zato naj bo RenoDoll va\u0161 vti\u010d.<\/p>\t\t\t\t\t\t<\/div>\n\t\t\t\t<\/div>\n\t\t\t\t<div class=\"elementor-element elementor-element-76dc8b6 elementor-widget elementor-widget-text-editor\" data-id=\"76dc8b6\" data-element_type=\"widget\" data-widget_type=\"text-editor.default\">\n\t\t\t\t<div class=\"elementor-widget-container\">\n\t\t\t\t\t\t\t<p>Te slike nas prikazujejo v RenoDoll. Vsak dan delamo v tovarni realisti\u010dnih lutk. Te fotografije vas bodo pomirile, da smo avtenti\u010dni, saj ustvarjamo lutke za na\u0161e podjetje RenoDoll, ustanovljeno na Kitajskem.<\/p>\t\t\t\t\t\t<\/div>\n\t\t\t\t<\/div>\n\t\t\t\t<div class=\"elementor-element elementor-element-939a218 elementor-widget elementor-widget-text-editor\" data-id=\"939a218\" data-element_type=\"widget\" data-widget_type=\"text-editor.default\">\n\t\t\t\t<div class=\"elementor-widget-container\">\n\t\t\t\t\t\t\t<p>Ti nizi slik so nefiltrirane slike silikonskih realisti\u010dnih seks lutk RenoDoll, ki so jih posneli delavci s kamerami svojih telefonov in ne s profesionalnimi kamerami. Kar naro\u010di\u0161, to dobi\u0161. Ni\u010d ve\u010d, ni\u010d manj.<\/p>\t\t\t\t\t\t<\/div>\n\t\t\t\t<\/div>\n\t\t\t\t<div class=\"elementor-element elementor-element-d2ad2a2 elementor-widget elementor-widget-text-editor\" data-id=\"d2ad2a2\" data-element_type=\"widget\" data-widget_type=\"text-editor.default\">\n\t\t\t\t<div class=\"elementor-widget-container\">\n\t\t\t\t\t\t\t\u010ce \u017eelite biti po naro\u010dilu svoje ljubezenske pun\u010dke \u0161e enkrat prepri\u010dani, vas bomo pokrili. Ko je va\u0161a ljubezenska pun\u010dka narejena tako, da ustreza va\u0161emu opisu, vam na\u0161a ekipa za pomo\u010d strankam po\u0161lje e-po\u0161to z zadevo \u00bbFactory Pictures\u00ab. Vsebuje slike va\u0161e identi\u010dne realisti\u010dne spolne lutke z va\u0161imi specifikacijami, ki jim privzeto sledijo.\t\t\t\t\t\t<\/div>\n\t\t\t\t<\/div>\n\t\t\t\t<div class=\"elementor-element elementor-element-1ff2f80 elementor-widget elementor-widget-image\" data-id=\"1ff2f80\" data-element_type=\"widget\" data-widget_type=\"image.default\">\n\t\t\t\t<div class=\"elementor-widget-container\">\n\t\t\t<style>\/*! elementor - v3.10.2 - 29-01-2023 *\/\n.elementor-widget-image{text-align:center}.elementor-widget-image a{display:inline-block}.elementor-widget-image a img[src$=\".svg\"]{width:48px}.elementor-widget-image img{vertical-align:middle;display:inline-block}<\/style>\t\t\t\t\t\t\t\t\t\t\t\t<img loading=\"lazy\" decoding=\"async\" width=\"758\" height=\"511\" src=\"https:\/\/renodoll.com\/wp-content\/uploads\/2023\/03\/kb-storage-case.jpg\" class=\"attachment-large size-large wp-image-14208\" alt=\"\" srcset=\"https:\/\/renodoll.com\/wp-content\/uploads\/2023\/03\/kb-storage-case.jpg 758w, https:\/\/renodoll.com\/wp-content\/uploads\/2023\/03\/kb-storage-case-300x202.jpg 300w, https:\/\/renodoll.com\/wp-content\/uploads\/2023\/03\/kb-storage-case-18x12.jpg 18w, https:\/\/renodoll.com\/wp-content\/uploads\/2023\/03\/kb-storage-case-100x67.jpg 100w, https:\/\/renodoll.com\/wp-content\/uploads\/2023\/03\/kb-storage-case-600x404.jpg 600w, https:\/\/renodoll.com\/wp-content\/uploads\/2023\/03\/kb-storage-case-10x7.jpg 10w\" sizes=\"auto, (max-width: 758px) 100vw, 758px\" \/>\t\t\t\t\t\t\t\t\t\t\t\t\t\t\t<\/div>\n\t\t\t\t<\/div>\n\t\t\t\t\t<\/div>\n\t\t<\/div>\n\t\t\t\t\t\t\t<\/div>\n\t\t<\/section>\n\t\t\t\t\t\t\t<\/div>","protected":false},"excerpt":{"rendered":"<p>Prikazni profil seks lutk Dobrodo\u0161li v galeriji Reno Doll. Na\u0161e ljubke slike seks lutk vam ponujajo pogled na ljubezenske pun\u010dke, ki jih imamo v na\u0161i delavnici. Brez dodatnega filtra za lepoto. Kliknite na sliko po va\u0161i izbiri in videli boste, kako lepa in vabljiva je sex lutka. Ko na RenoDoll vidite svojo najljub\u0161o spolno pun\u010dko za odrasle, se obrnite na nas in prejmite hiter odgovor na\u0161e ekipe. Tovarni\u0161ke slike Kar zadeva na\u0161e realisti\u010dne spolne lutke, ne mislimo, da bi izsiljevali va\u0161 denar ali bili prepoceni. Te seks lutke v naravni velikosti so<\/p>","protected":false},"author":1,"featured_media":0,"parent":0,"menu_order":0,"comment_status":"closed","ping_status":"closed","template":"","meta":{"footnotes":""},"class_list":["post-5175","page","type-page","status-publish","hentry"],"aioseo_notices":[],"_links":{"self":[{"href":"https:\/\/renodoll.com\/sl\/wp-json\/wp\/v2\/pages\/5175","targetHints":{"allow":["GET"]}}],"collection":[{"href":"https:\/\/renodoll.com\/sl\/wp-json\/wp\/v2\/pages"}],"about":[{"href":"https:\/\/renodoll.com\/sl\/wp-json\/wp\/v2\/types\/page"}],"author":[{"embeddable":true,"href":"https:\/\/renodoll.com\/sl\/wp-json\/wp\/v2\/users\/1"}],"replies":[{"embeddable":true,"href":"https:\/\/renodoll.com\/sl\/wp-json\/wp\/v2\/comments?post=5175"}],"version-history":[{"count":20,"href":"https:\/\/renodoll.com\/sl\/wp-json\/wp\/v2\/pages\/5175\/revisions"}],"predecessor-version":[{"id":14979,"href":"https:\/\/renodoll.com\/sl\/wp-json\/wp\/v2\/pages\/5175\/revisions\/14979"}],"wp:attachment":[{"href":"https:\/\/renodoll.com\/sl\/wp-json\/wp\/v2\/media?parent=5175"}],"curies":[{"name":"wp","href":"https:\/\/api.w.org\/{rel}","templated":true}]}}