{"id":5477,"date":"2023-02-22T19:21:45","date_gmt":"2023-02-22T11:21:45","guid":{"rendered":"https:\/\/renodoll.com\/?page_id=5477"},"modified":"2023-03-31T18:35:03","modified_gmt":"2023-03-31T10:35:03","slug":"sex-doll-tongue","status":"publish","type":"page","link":"https:\/\/renodoll.com\/sk\/sex-doll-tongue\/","title":{"rendered":"Jazyk sexu\u00e1lnej b\u00e1biky"},"content":{"rendered":"<div data-elementor-type=\"wp-page\" data-elementor-id=\"5477\" class=\"elementor elementor-5477\" data-elementor-post-type=\"page\">\n\t\t\t\t\t\t<section class=\"elementor-section elementor-top-section elementor-element elementor-element-19ce2b8 page-content-text elementor-section-boxed elementor-section-height-default elementor-section-height-default\" data-id=\"19ce2b8\" data-element_type=\"section\" data-e-type=\"section\">\n\t\t\t\t\t\t<div class=\"elementor-container elementor-column-gap-default\">\n\t\t\t\t\t<div class=\"elementor-column elementor-col-100 elementor-top-column elementor-element elementor-element-f3c1b7c\" data-id=\"f3c1b7c\" data-element_type=\"column\" data-e-type=\"column\">\n\t\t\t<div class=\"elementor-widget-wrap elementor-element-populated\">\n\t\t\t\t\t\t<div class=\"elementor-element elementor-element-d7cc961 elementor-invisible elementor-widget elementor-widget-heading\" data-id=\"d7cc961\" data-element_type=\"widget\" data-e-type=\"widget\" data-settings=\"{&quot;_animation&quot;:&quot;fadeInUp&quot;}\" data-widget_type=\"heading.default\">\n\t\t\t\t<div class=\"elementor-widget-container\">\n\t\t\t\t\t<h2 class=\"elementor-heading-title elementor-size-default\">Jazyk<\/h2>\t\t\t\t<\/div>\n\t\t\t\t<\/div>\n\t\t\t\t<div class=\"elementor-element elementor-element-2f50bad elementor-widget elementor-widget-text-editor\" data-id=\"2f50bad\" data-element_type=\"widget\" data-e-type=\"widget\" data-widget_type=\"text-editor.default\">\n\t\t\t\t<div class=\"elementor-widget-container\">\n\t\t\t\t\t\t\t\t\tTPE (termoplastick\u00fd elastom\u00e9r) vyroben\u00fd jazyk pre hlavu va\u0161ej sexu\u00e1lnej b\u00e1biky. Tento jazyk je tie\u017e odn\u00edmate\u013en\u00fd a m\u00f4\u017ee by\u0165 pou\u017eit\u00fd na fotografick\u00e9 \u00fa\u010dely. Nie je pripevnen\u00fd a sed\u00ed iba v \u00fastach b\u00e1biky.\t\t\t\t\t\t\t\t<\/div>\n\t\t\t\t<\/div>\n\t\t\t\t<div class=\"elementor-element elementor-element-7b009cf elementor-widget elementor-widget-text-editor\" data-id=\"7b009cf\" data-element_type=\"widget\" data-e-type=\"widget\" data-widget_type=\"text-editor.default\">\n\t\t\t\t<div class=\"elementor-widget-container\">\n\t\t\t\t\t\t\t\t\tSte u\u017e\u00edvate\u013eom sexu\u00e1lnej b\u00e1biky a chcete za\u017ei\u0165 e\u0161te viac nap\u013a\u0148aj\u00faceho sexu\u00e1lneho pote\u0161enia? M\u00e1me sexu\u00e1lne b\u00e1biky s implantovan\u00fdmi odn\u00edmate\u013en\u00fdmi jazykmi, ktor\u00e9 s\u00fa \u0161peci\u00e1lne navrhnut\u00e9 pre skuto\u010dn\u00fd or\u00e1lny sex.\n\t\t\t\t\t\t\t\t<\/div>\n\t\t\t\t<\/div>\n\t\t\t\t<section class=\"elementor-section elementor-inner-section elementor-element elementor-element-d419c7c elementor-section-boxed elementor-section-height-default elementor-section-height-default\" data-id=\"d419c7c\" data-element_type=\"section\" data-e-type=\"section\">\n\t\t\t\t\t\t<div class=\"elementor-container elementor-column-gap-default\">\n\t\t\t\t\t<div class=\"elementor-column elementor-col-50 elementor-inner-column elementor-element elementor-element-df64315\" data-id=\"df64315\" data-element_type=\"column\" data-e-type=\"column\">\n\t\t\t<div class=\"elementor-widget-wrap elementor-element-populated\">\n\t\t\t\t\t\t<div class=\"elementor-element elementor-element-791ec70 elementor-invisible elementor-widget elementor-widget-heading\" data-id=\"791ec70\" data-element_type=\"widget\" data-e-type=\"widget\" data-settings=\"{&quot;_animation&quot;:&quot;fadeInUp&quot;}\" data-widget_type=\"heading.default\">\n\t\t\t\t<div class=\"elementor-widget-container\">\n\t\t\t\t\t<h2 class=\"elementor-heading-title elementor-size-default\">Realistick\u00e9 jazyky pre va\u0161u b\u00e1biku RenoDoll \n<\/h2>\t\t\t\t<\/div>\n\t\t\t\t<\/div>\n\t\t\t\t<div class=\"elementor-element elementor-element-d24a218 elementor-widget elementor-widget-text-editor\" data-id=\"d24a218\" data-element_type=\"widget\" data-e-type=\"widget\" data-widget_type=\"text-editor.default\">\n\t\t\t\t<div class=\"elementor-widget-container\">\n\t\t\t\t\t\t\t\t\tU\u017e je to d\u00e1vno. Sna\u017eili sme sa urobi\u0165 nejak\u00e9 vylep\u0161enia v na\u0161om novom obchode so sexu\u00e1lnymi b\u00e1bikami; uvid\u00edte, \u017ee je to pravda s novou b\u00e1bikou l\u00e1sky, ktor\u00fa m\u00e1me na sklade. Kv\u00f4li niektor\u00fdm pr\u00ed\u010din\u00e1m budeme ma\u0165 viac silik\u00f3nov\u00fdch b\u00e1bik, tak\u017ee vynaklad\u00e1me viac \u00fasilia na zlep\u0161enie na\u0161ich z\u00e1sob.\n\t\t\t\t\t\t\t\t<\/div>\n\t\t\t\t<\/div>\n\t\t\t\t<div class=\"elementor-element elementor-element-9f505e9 elementor-widget elementor-widget-text-editor\" data-id=\"9f505e9\" data-element_type=\"widget\" data-e-type=\"widget\" data-widget_type=\"text-editor.default\">\n\t\t\t\t<div class=\"elementor-widget-container\">\n\t\t\t\t\t\t\t\t\t<p>M\u00e1me nov\u00fa funkciu pre na\u0161u RenoDoll a my v\u00e1m o nej povieme v tomto pr\u00edspevku. Namiesto toho je zn\u00e1mym tajomstvom, \u017ee b\u00e1biky l\u00e1sky nemaj\u00fa jazyky; to m\u00f4\u017ee sp\u00f4sobi\u0165 ur\u010dit\u00e9 uspokojenie pri ich pou\u017e\u00edvan\u00ed, najm\u00e4 pokia\u013e ide o bozk\u00e1vanie t\u00fdchto b\u00e1bik.<\/p>\t\t\t\t\t\t\t\t<\/div>\n\t\t\t\t<\/div>\n\t\t\t\t<div class=\"elementor-element elementor-element-75d035e elementor-widget elementor-widget-text-editor\" data-id=\"75d035e\" data-element_type=\"widget\" data-e-type=\"widget\" data-widget_type=\"text-editor.default\">\n\t\t\t\t<div class=\"elementor-widget-container\">\n\t\t\t\t\t\t\t\t\t<p>Kone\u010dne pon\u00fakame jaz\u00fd\u010dky pre na\u0161e RenoDolls. Tieto jazyky p\u00f4sobia realisticky, rovnako ako skuto\u010dn\u00e9, a s\u00fa pripevnen\u00e9 k hlav\u00e1m, aby sa nedali tak \u013eahko odtrhn\u00fa\u0165 ako predt\u00fdm. T\u00fato novinku v\u0161ak m\u00e1me len pre p\u00e1r overen\u00fdch predajcov RenoDolls. A my sme hrd\u00ed overen\u00ed predajcovia b\u00e1bik; toto nechcete zme\u0161ka\u0165, pozrite si to \u010do najsk\u00f4r.<\/p>\t\t\t\t\t\t\t\t<\/div>\n\t\t\t\t<\/div>\n\t\t\t\t<div class=\"elementor-element elementor-element-4c9dc49 elementor-widget elementor-widget-text-editor\" data-id=\"4c9dc49\" data-element_type=\"widget\" data-e-type=\"widget\" data-widget_type=\"text-editor.default\">\n\t\t\t\t<div class=\"elementor-widget-container\">\n\t\t\t\t\t\t\t\t\tPros\u00edm, pozrite si obr\u00e1zky ni\u017e\u0161ie.\n\t\t\t\t\t\t\t\t<\/div>\n\t\t\t\t<\/div>\n\t\t\t\t\t<\/div>\n\t\t<\/div>\n\t\t\t\t<div class=\"elementor-column elementor-col-50 elementor-inner-column elementor-element elementor-element-6a2ef2e\" data-id=\"6a2ef2e\" data-element_type=\"column\" data-e-type=\"column\">\n\t\t\t<div class=\"elementor-widget-wrap elementor-element-populated\">\n\t\t\t\t\t\t<div class=\"elementor-element elementor-element-799aff2 elementor-widget elementor-widget-image\" data-id=\"799aff2\" data-element_type=\"widget\" data-e-type=\"widget\" data-widget_type=\"image.default\">\n\t\t\t\t<div class=\"elementor-widget-container\">\n\t\t\t\t\t\t\t\t\t\t\t\t\t\t\t<img loading=\"lazy\" decoding=\"async\" width=\"1000\" height=\"1000\" src=\"https:\/\/renodoll.com\/wp-content\/uploads\/xstore\/xstore-placeholder-1x1.png\" class=\"attachment-large size-large wp-image-8720 lazyload lazyload-simple et-lazyload-fadeIn\" alt=\"\" sizes=\"auto, (max-width: 1000px) 100vw, 1000px\" data-src=\"https:\/\/renodoll.com\/wp-content\/uploads\/2023\/03\/aura-dolls-toronto-s8n24.jpg\" data-srcset=\"https:\/\/renodoll.com\/wp-content\/uploads\/2023\/03\/aura-dolls-toronto-s8n24.jpg 1000w, https:\/\/renodoll.com\/wp-content\/uploads\/2023\/03\/aura-dolls-toronto-s8n24-300x300.jpg 300w, https:\/\/renodoll.com\/wp-content\/uploads\/2023\/03\/aura-dolls-toronto-s8n24-150x150.jpg 150w, https:\/\/renodoll.com\/wp-content\/uploads\/2023\/03\/aura-dolls-toronto-s8n24-768x768.jpg 768w, https:\/\/renodoll.com\/wp-content\/uploads\/2023\/03\/aura-dolls-toronto-s8n24-12x12.jpg 12w, https:\/\/renodoll.com\/wp-content\/uploads\/2023\/03\/aura-dolls-toronto-s8n24-100x100.jpg 100w, https:\/\/renodoll.com\/wp-content\/uploads\/2023\/03\/aura-dolls-toronto-s8n24-600x600.jpg 600w, https:\/\/renodoll.com\/wp-content\/uploads\/2023\/03\/aura-dolls-toronto-s8n24-10x10.jpg 10w\" \/>\t\t\t\t\t\t\t\t\t\t\t\t\t\t\t<\/div>\n\t\t\t\t<\/div>\n\t\t\t\t\t<\/div>\n\t\t<\/div>\n\t\t\t\t\t<\/div>\n\t\t<\/section>\n\t\t\t\t<div class=\"elementor-element elementor-element-7895fb1 elementor-invisible elementor-widget elementor-widget-heading\" data-id=\"7895fb1\" data-element_type=\"widget\" data-e-type=\"widget\" data-settings=\"{&quot;_animation&quot;:&quot;fadeInUp&quot;}\" data-widget_type=\"heading.default\">\n\t\t\t\t<div class=\"elementor-widget-container\">\n\t\t\t\t\t<h2 class=\"elementor-heading-title elementor-size-default\">Sada jazyka a z\u00fabkov pre b\u00e1biky Head.\n<\/h2>\t\t\t\t<\/div>\n\t\t\t\t<\/div>\n\t\t\t\t<div class=\"elementor-element elementor-element-6f7a4a4 elementor-widget elementor-widget-text-editor\" data-id=\"6f7a4a4\" data-element_type=\"widget\" data-e-type=\"widget\" data-widget_type=\"text-editor.default\">\n\t\t\t\t<div class=\"elementor-widget-container\">\n\t\t\t\t\t\t\t\t\tChceli by ste, aby va\u0161a b\u00e1bika vyzerala inak? Potom s\u00fa tu pre v\u00e1s ide\u00e1lne zuby a jazyk.\n\t\t\t\t\t\t\t\t<\/div>\n\t\t\t\t<\/div>\n\t\t\t\t<div class=\"elementor-element elementor-element-cddf1f1 elementor-widget elementor-widget-html\" data-id=\"cddf1f1\" data-element_type=\"widget\" data-e-type=\"widget\" data-widget_type=\"html.default\">\n\t\t\t\t<div class=\"elementor-widget-container\">\n\t\t\t\t\t<ol class=\"number_list_type\">\n    <li>\n        Va\u0161a b\u00e1bika m\u00e1 viac v\u00fdrazu s t\u00fdmito skuto\u010dn\u00fdmi zubami a jazykmi.\n    <\/li>\n    <li>\n        Vylep\u0161en\u00e9 hlavy, \u00fasta a implantovan\u00e9 ch\u013apky nejd\u00fa s t\u00fdmito zubami a jazykmi; pracuj\u00fa len s be\u017en\u00fdmi hlavami.\n    <\/li>\n<\/ol>\t\t\t\t<\/div>\n\t\t\t\t<\/div>\n\t\t\t\t<div class=\"elementor-element elementor-element-2d6e4b0 elementor-widget elementor-widget-text-editor\" data-id=\"2d6e4b0\" data-element_type=\"widget\" data-e-type=\"widget\" data-widget_type=\"text-editor.default\">\n\t\t\t\t<div class=\"elementor-widget-container\">\n\t\t\t\t\t\t\t\t\tObr\u00e1\u0165te sa na n\u00e1s a zistite, \u010di va\u0161a b\u00e1bika l\u00e1sky m\u00e1 hlavu kompatibiln\u00fa s t\u00fdmito nov\u00fdmi vyn\u00e1lezmi.\t\t\t\t\t\t\t\t<\/div>\n\t\t\t\t<\/div>\n\t\t\t\t\t<\/div>\n\t\t<\/div>\n\t\t\t\t\t<\/div>\n\t\t<\/section>\n\t\t\t\t<\/div>","protected":false},"excerpt":{"rendered":"<p>Jazyk TPE (termoplastick\u00fd elastom\u00e9r) vyroben\u00fd jazykom pre hlavu va\u0161ej sexu\u00e1lnej b\u00e1biky. Tento jazyk je tie\u017e odn\u00edmate\u013en\u00fd a m\u00f4\u017ee by\u0165 pou\u017eit\u00fd na fotografick\u00e9 \u00fa\u010dely. Nie je pripevnen\u00e1 a sed\u00ed len v \u00fastach b\u00e1biky. Ste u\u017e\u00edvate\u013ekou sexu\u00e1lnej b\u00e1biky a chcete za\u017ei\u0165 e\u0161te viac nap\u013a\u0148aj\u00faceho sexu\u00e1lneho pote\u0161enia? M\u00e1me sexu\u00e1lne b\u00e1biky s implantovan\u00fdmi odn\u00edmate\u013en\u00fdmi jazykmi, ktor\u00e9 s\u00fa \u0161peci\u00e1lne navrhnut\u00e9 pre skuto\u010dn\u00fd or\u00e1lny sex. Realistick\u00e9 jazyky pre va\u0161u b\u00e1biku RenoDoll U\u017e je to d\u00e1vno. Sna\u017eili sme sa urobi\u0165 nejak\u00e9 vylep\u0161enia v na\u0161om novom obchode so sexu\u00e1lnymi b\u00e1bikami; uvid\u00edte, \u017ee je to pravda s novou b\u00e1bikou l\u00e1sky, ktor\u00fa m\u00e1me<\/p>","protected":false},"author":1,"featured_media":0,"parent":0,"menu_order":0,"comment_status":"closed","ping_status":"closed","template":"","meta":{"footnotes":""},"class_list":["post-5477","page","type-page","status-publish","hentry"],"aioseo_notices":[],"_links":{"self":[{"href":"https:\/\/renodoll.com\/sk\/wp-json\/wp\/v2\/pages\/5477","targetHints":{"allow":["GET"]}}],"collection":[{"href":"https:\/\/renodoll.com\/sk\/wp-json\/wp\/v2\/pages"}],"about":[{"href":"https:\/\/renodoll.com\/sk\/wp-json\/wp\/v2\/types\/page"}],"author":[{"embeddable":true,"href":"https:\/\/renodoll.com\/sk\/wp-json\/wp\/v2\/users\/1"}],"replies":[{"embeddable":true,"href":"https:\/\/renodoll.com\/sk\/wp-json\/wp\/v2\/comments?post=5477"}],"version-history":[{"count":107,"href":"https:\/\/renodoll.com\/sk\/wp-json\/wp\/v2\/pages\/5477\/revisions"}],"predecessor-version":[{"id":14853,"href":"https:\/\/renodoll.com\/sk\/wp-json\/wp\/v2\/pages\/5477\/revisions\/14853"}],"wp:attachment":[{"href":"https:\/\/renodoll.com\/sk\/wp-json\/wp\/v2\/media?parent=5477"}],"curies":[{"name":"wp","href":"https:\/\/api.w.org\/{rel}","templated":true}]}}