{"id":5463,"date":"2023-02-22T19:09:25","date_gmt":"2023-02-22T11:09:25","guid":{"rendered":"https:\/\/renodoll.com\/?page_id=5463"},"modified":"2023-04-24T20:08:12","modified_gmt":"2023-04-24T12:08:12","slug":"sex-doll-storage","status":"publish","type":"page","link":"https:\/\/renodoll.com\/sk\/skladovanie-sexualnych-babik\/","title":{"rendered":"\u00dalo\u017eisko sexu\u00e1lnych b\u00e1bik"},"content":{"rendered":"<div data-elementor-type=\"wp-page\" data-elementor-id=\"5463\" class=\"elementor elementor-5463\">\n\t\t\t\t\t\t\t\t\t<section class=\"elementor-section elementor-top-section elementor-element elementor-element-bbb23ef elementor-section-boxed elementor-section-height-default elementor-section-height-default\" data-id=\"bbb23ef\" data-element_type=\"section\">\n\t\t\t\t\t\t<div class=\"elementor-container elementor-column-gap-default\">\n\t\t\t\t\t<div class=\"elementor-column elementor-col-100 elementor-top-column elementor-element elementor-element-f3c1b7c page-content-text\" data-id=\"f3c1b7c\" data-element_type=\"column\">\n\t\t\t<div class=\"elementor-widget-wrap elementor-element-populated\">\n\t\t\t\t\t\t\t\t<div class=\"elementor-element elementor-element-58b854c elementor-invisible elementor-widget elementor-widget-heading\" data-id=\"58b854c\" data-element_type=\"widget\" data-settings=\"{&quot;_animation&quot;:&quot;fadeInUp&quot;}\" data-widget_type=\"heading.default\">\n\t\t\t\t<div class=\"elementor-widget-container\">\n\t\t\t<style>\/*! elementor - v3.10.2 - 29-01-2023 *\/\n.elementor-heading-title{padding:0;margin:0;line-height:1}.elementor-widget-heading .elementor-heading-title[class*=elementor-size-]>a{color:inherit;font-size:inherit;line-height:inherit}.elementor-widget-heading .elementor-heading-title.elementor-size-small{font-size:15px}.elementor-widget-heading .elementor-heading-title.elementor-size-medium{font-size:19px}.elementor-widget-heading .elementor-heading-title.elementor-size-large{font-size:29px}.elementor-widget-heading .elementor-heading-title.elementor-size-xl{font-size:39px}.elementor-widget-heading .elementor-heading-title.elementor-size-xxl{font-size:59px}<\/style><h2 class=\"elementor-heading-title elementor-size-default\">\u00davod do skladovania sexu\u00e1lnych b\u00e1bik <\/h2>\t\t<\/div>\n\t\t\t\t<\/div>\n\t\t\t\t<div class=\"elementor-element elementor-element-2f50bad elementor-widget elementor-widget-text-editor\" data-id=\"2f50bad\" data-element_type=\"widget\" data-widget_type=\"text-editor.default\">\n\t\t\t\t<div class=\"elementor-widget-container\">\n\t\t\t<style>\/*! elementor - v3.10.2 - 29-01-2023 *\/\n.elementor-widget-text-editor.elementor-drop-cap-view-stacked .elementor-drop-cap{background-color:#818a91;color:#fff}.elementor-widget-text-editor.elementor-drop-cap-view-framed .elementor-drop-cap{color:#818a91;border:3px solid;background-color:transparent}.elementor-widget-text-editor:not(.elementor-drop-cap-view-default) .elementor-drop-cap{margin-top:8px}.elementor-widget-text-editor:not(.elementor-drop-cap-view-default) .elementor-drop-cap-letter{width:1em;height:1em}.elementor-widget-text-editor .elementor-drop-cap{float:left;text-align:center;line-height:1;font-size:50px}.elementor-widget-text-editor .elementor-drop-cap-letter{display:inline-block}<\/style>\t\t\t\tPri skladovan\u00ed sexu\u00e1lnej b\u00e1biky je potrebn\u00e9 dodr\u017ea\u0165 konkr\u00e9tne kroky, aby sa zaistila jej dlhovekos\u0165 a aby sa sexu\u00e1lne b\u00e1biky mohli pou\u017e\u00edva\u0165 dlh\u00fa dobu.\n\t\t\t\t\t\t<\/div>\n\t\t\t\t<\/div>\n\t\t\t\t<div class=\"elementor-element elementor-element-7b009cf elementor-widget elementor-widget-text-editor\" data-id=\"7b009cf\" data-element_type=\"widget\" data-widget_type=\"text-editor.default\">\n\t\t\t\t<div class=\"elementor-widget-container\">\n\t\t\t\t\t\t\tDobr\u00e1 plocha na uskladnenie sexu\u00e1lnej b\u00e1biky m\u00f4\u017ee ur\u010di\u0165, ako skoro bude silik\u00f3nov\u00e1 poko\u017eka sexu\u00e1lnej b\u00e1biky a vn\u00fatorn\u00e9 \u010dasti starn\u00fa\u0165 a rovnako tak pred\u013a\u017ei\u0165 \u017eivotnos\u0165 sexu\u00e1lnej b\u00e1biky.\t\t\t\t\t\t<\/div>\n\t\t\t\t<\/div>\n\t\t\t\t<div class=\"elementor-element elementor-element-c9145ea elementor-widget elementor-widget-heading\" data-id=\"c9145ea\" data-element_type=\"widget\" data-widget_type=\"heading.default\">\n\t\t\t\t<div class=\"elementor-widget-container\">\n\t\t\t<h2 class=\"elementor-heading-title elementor-size-default\">Ako nevyhnutnos\u0165:\n<\/h2>\t\t<\/div>\n\t\t\t\t<\/div>\n\t\t\t\t<div class=\"elementor-element elementor-element-874bd24 elementor-widget elementor-widget-html\" data-id=\"874bd24\" data-element_type=\"widget\" data-widget_type=\"html.default\">\n\t\t\t\t<div class=\"elementor-widget-container\">\n\t\t\t<ol class=\"number_list_type\">\n    <li>Detsk\u00fd p\u00fader alebo mastenec sa musia pravidelne nan\u00e1\u0161a\u0165 na ko\u017eu sexu\u00e1lnej b\u00e1biky, aby bola chr\u00e1nen\u00e1 pred mastnotou a prachom.<\/li>\n    <li>\n        Po pou\u017eit\u00ed sexu\u00e1lnou b\u00e1bikou by mala by\u0165 sexu\u00e1lna b\u00e1bika ulo\u017een\u00e1 v p\u00f4vodnej vyrobenej polohe, preto\u017ee je to najlep\u0161ia poloha na skladovanie.\n    <\/li>\n        <li>\n        M\u00f4\u017eete si vybra\u0165 najvhodnej\u0161ie \u00falo\u017en\u00e9 puzdro na sexu\u00e1lnu b\u00e1biku, \u00falo\u017en\u00fd box alebo \u00falo\u017en\u00fa ta\u0161ku.\n    <\/li>\n<\/ol>\t\t<\/div>\n\t\t\t\t<\/div>\n\t\t\t\t<div class=\"elementor-element elementor-element-db9171e elementor-widget elementor-widget-heading\" data-id=\"db9171e\" data-element_type=\"widget\" data-widget_type=\"heading.default\">\n\t\t\t\t<div class=\"elementor-widget-container\">\n\t\t\t<h2 class=\"elementor-heading-title elementor-size-default\">Tipy na dlhodob\u00e9 skladovanie sexu\u00e1lnej b\u00e1biky<\/h2>\t\t<\/div>\n\t\t\t\t<\/div>\n\t\t\t\t<div class=\"elementor-element elementor-element-dd80794 elementor-widget elementor-widget-heading\" data-id=\"dd80794\" data-element_type=\"widget\" data-widget_type=\"heading.default\">\n\t\t\t\t<div class=\"elementor-widget-container\">\n\t\t\t<h4 class=\"elementor-heading-title elementor-size-default\">1. Vyhnite sa dlhodob\u00e9mu vystavovaniu sexu\u00e1lnej b\u00e1biky slnku<\/h4>\t\t<\/div>\n\t\t\t\t<\/div>\n\t\t\t\t<div class=\"elementor-element elementor-element-9f505e9 elementor-widget elementor-widget-text-editor\" data-id=\"9f505e9\" data-element_type=\"widget\" data-widget_type=\"text-editor.default\">\n\t\t\t\t<div class=\"elementor-widget-container\">\n\t\t\t\t\t\t\tNevystavujte sexu\u00e1lnu b\u00e1biku priamemu slne\u010dn\u00e9mu \u017eiareniu na dlh\u0161\u00ed \u010das; sp\u00f4sobilo by to mierne vyblednutie farby silik\u00f3novej sexu\u00e1lnej b\u00e1biky.\t\t\t\t\t\t<\/div>\n\t\t\t\t<\/div>\n\t\t\t\t<div class=\"elementor-element elementor-element-e7cb264 elementor-widget elementor-widget-heading\" data-id=\"e7cb264\" data-element_type=\"widget\" data-widget_type=\"heading.default\">\n\t\t\t\t<div class=\"elementor-widget-container\">\n\t\t\t<h4 class=\"elementor-heading-title elementor-size-default\">2. Zabr\u00e1\u0148te prilepeniu prachu na povrch sexu\u00e1lnej b\u00e1biky<\/h4>\t\t<\/div>\n\t\t\t\t<\/div>\n\t\t\t\t<div class=\"elementor-element elementor-element-4c9dc49 elementor-widget elementor-widget-text-editor\" data-id=\"4c9dc49\" data-element_type=\"widget\" data-widget_type=\"text-editor.default\">\n\t\t\t\t<div class=\"elementor-widget-container\">\n\t\t\t\t\t\t\tZa ka\u017ed\u00fa cenu sa vyh\u00fdbajte prachu, preto\u017ee silik\u00f3nov\u00fd povrch sexu\u00e1lnej b\u00e1biky m\u00e1 lepkavos\u0165 a statick\u00fa elektrinu, v\u010faka \u010domu sa na \u0148u \u013eahko prilep\u00ed prach.\t\t\t\t\t\t<\/div>\n\t\t\t\t<\/div>\n\t\t\t\t<div class=\"elementor-element elementor-element-505e489 elementor-widget elementor-widget-heading\" data-id=\"505e489\" data-element_type=\"widget\" data-widget_type=\"heading.default\">\n\t\t\t\t<div class=\"elementor-widget-container\">\n\t\t\t<h4 class=\"elementor-heading-title elementor-size-default\">3. Sexu\u00e1lnu b\u00e1biku chr\u00e1\u0148te pred vlhkos\u0165ou.<\/h4>\t\t<\/div>\n\t\t\t\t<\/div>\n\t\t\t\t<div class=\"elementor-element elementor-element-91259c1 elementor-widget elementor-widget-text-editor\" data-id=\"91259c1\" data-element_type=\"widget\" data-widget_type=\"text-editor.default\">\n\t\t\t\t<div class=\"elementor-widget-container\">\n\t\t\t\t\t\t\tVyhnite sa vlhk\u00e9mu a vlhk\u00e9mu prostrediu, preto\u017ee vn\u00fatro sexu\u00e1lnej b\u00e1biky je hubovit\u00e9 a v mokrom a vlhkom prostred\u00ed by nabrala vodu.\t\t\t\t\t\t<\/div>\n\t\t\t\t<\/div>\n\t\t\t\t<div class=\"elementor-element elementor-element-6f7a4a4 elementor-widget elementor-widget-text-editor\" data-id=\"6f7a4a4\" data-element_type=\"widget\" data-widget_type=\"text-editor.default\">\n\t\t\t\t<div class=\"elementor-widget-container\">\n\t\t\t\t\t\t\tJe bezpe\u010dn\u00e9 k\u00fapa\u0165 b\u00e1biku l\u00e1sky alebo ju \u010disti\u0165 vodou, ale vyhnite sa nam\u00e1\u010daniu b\u00e1biky vo vode alebo jej dlho do vody.\n\t\t\t\t\t\t<\/div>\n\t\t\t\t<\/div>\n\t\t\t\t<div class=\"elementor-element elementor-element-75d035e elementor-widget elementor-widget-text-editor\" data-id=\"75d035e\" data-element_type=\"widget\" data-widget_type=\"text-editor.default\">\n\t\t\t\t<div class=\"elementor-widget-container\">\n\t\t\t\t\t\t\tNalievanie vody do \u010dasti krku, kde je kov, sp\u00f4sob\u00ed trval\u00e9 po\u0161kodenie sexu\u00e1lnej b\u00e1biky, nerobte to.\n\t\t\t\t\t\t<\/div>\n\t\t\t\t<\/div>\n\t\t\t\t<div class=\"elementor-element elementor-element-0f85efc elementor-widget elementor-widget-text-editor\" data-id=\"0f85efc\" data-element_type=\"widget\" data-widget_type=\"text-editor.default\">\n\t\t\t\t<div class=\"elementor-widget-container\">\n\t\t\t\t\t\t\tVn\u00fatro sexu\u00e1lnej b\u00e1biky je hubovit\u00e9; akon\u00e1hle je v \u0148om voda, sexu\u00e1lnu b\u00e1biku by bolo \u0165a\u017ek\u00e9 vysu\u0161i\u0165.\n\t\t\t\t\t\t<\/div>\n\t\t\t\t<\/div>\n\t\t\t\t<div class=\"elementor-element elementor-element-b60c58d elementor-widget elementor-widget-heading\" data-id=\"b60c58d\" data-element_type=\"widget\" data-widget_type=\"heading.default\">\n\t\t\t\t<div class=\"elementor-widget-container\">\n\t\t\t<h4 class=\"elementor-heading-title elementor-size-default\">4. Zabr\u00e1\u0148te zafarbeniu povrchu b\u00e1biky\n<\/h4>\t\t<\/div>\n\t\t\t\t<\/div>\n\t\t\t\t<div class=\"elementor-element elementor-element-b094b3e elementor-widget elementor-widget-text-editor\" data-id=\"b094b3e\" data-element_type=\"widget\" data-widget_type=\"text-editor.default\">\n\t\t\t\t<div class=\"elementor-widget-container\">\n\t\t\t\t\t\t\tNed\u00e1vajte sexu\u00e1lnu b\u00e1biku pr\u00edli\u0161 dlho na umel\u00fa ko\u017eu alebo vysu\u0161en\u00e9 ko\u017een\u00e9 kreslo, aby ste zabr\u00e1nili tomu, aby sa pigmentov\u00e9 farby rozpustn\u00e9 v oleji, ktor\u00e9 obsahuj\u00fa, dostali na b\u00e1biku a sp\u00f4sobili trval\u00fa \u0161kvrnu.\n\t\t\t\t\t\t<\/div>\n\t\t\t\t<\/div>\n\t\t\t\t<div class=\"elementor-element elementor-element-c38fba8 elementor-widget elementor-widget-text-editor\" data-id=\"c38fba8\" data-element_type=\"widget\" data-widget_type=\"text-editor.default\">\n\t\t\t\t<div class=\"elementor-widget-container\">\n\t\t\t\t\t\t\tAk je va\u0161a silik\u00f3nov\u00e1 sexu\u00e1lna b\u00e1bika umiestnen\u00e1 na tomto druhu materi\u00e1lu na dve hodiny alebo viac, v\u0161imnete si v\u00fdrazn\u00fa zmenu farby silik\u00f3nu a m\u00f4\u017ee by\u0165 \u0165a\u017ek\u00e9 sa jej zbavi\u0165.\t\t\t\t\t\t<\/div>\n\t\t\t\t<\/div>\n\t\t\t\t<div class=\"elementor-element elementor-element-f20f4f3 elementor-widget elementor-widget-heading\" data-id=\"f20f4f3\" data-element_type=\"widget\" data-widget_type=\"heading.default\">\n\t\t\t\t<div class=\"elementor-widget-container\">\n\t\t\t<h4 class=\"elementor-heading-title elementor-size-default\">5. D\u00e1vajte pozor na teplotu skladovacieho priestoru\n<\/h4>\t\t<\/div>\n\t\t\t\t<\/div>\n\t\t\t\t<div class=\"elementor-element elementor-element-ea4b523 elementor-widget elementor-widget-text-editor\" data-id=\"ea4b523\" data-element_type=\"widget\" data-widget_type=\"text-editor.default\">\n\t\t\t\t<div class=\"elementor-widget-container\">\n\t\t\t\t\t\t\tVyhnite sa teplote, ktor\u00e1 je pr\u00edli\u0161 vysok\u00e1 alebo pr\u00edli\u0161 n\u00edzka pod izbovou teplotou; najlep\u0161ia je len izbov\u00e1 teplota.\t\t\t\t\t\t<\/div>\n\t\t\t\t<\/div>\n\t\t\t\t<div class=\"elementor-element elementor-element-8bed4d2 elementor-widget elementor-widget-text-editor\" data-id=\"8bed4d2\" data-element_type=\"widget\" data-widget_type=\"text-editor.default\">\n\t\t\t\t<div class=\"elementor-widget-container\">\n\t\t\t\t\t\t\tNeodpor\u00fa\u010da sa d\u00e1va\u0165 silik\u00f3nov\u00fa sexu\u00e1lnu b\u00e1biku na pr\u00edli\u0161 vysok\u00fa alebo pr\u00edli\u0161 n\u00edzku teplotu na dlh\u0161\u00ed \u010das; Norm\u00e1lna skladovacia teplota by mala by\u0165 pribli\u017ene 5-35 stup\u0148ov C alebo 40-95 stup\u0148ov F\n\t\t\t\t\t\t<\/div>\n\t\t\t\t<\/div>\n\t\t\t\t<div class=\"elementor-element elementor-element-f57a6a9 elementor-widget elementor-widget-text-editor\" data-id=\"f57a6a9\" data-element_type=\"widget\" data-widget_type=\"text-editor.default\">\n\t\t\t\t<div class=\"elementor-widget-container\">\n\t\t\t\t\t\t\tPo\u010das zimy m\u00f4\u017eete sexu\u00e1lnu b\u00e1biku zahria\u0165 elektrickou dekou; vezmite v\u0161ak na vedomie, \u017ee teplota prikr\u00fdvky nebude pr\u00edli\u0161 vysok\u00e1.\t\t\t\t\t\t<\/div>\n\t\t\t\t<\/div>\n\t\t\t\t<div class=\"elementor-element elementor-element-9657b65 elementor-widget elementor-widget-heading\" data-id=\"9657b65\" data-element_type=\"widget\" data-widget_type=\"heading.default\">\n\t\t\t\t<div class=\"elementor-widget-container\">\n\t\t\t<h4 class=\"elementor-heading-title elementor-size-default\">6. Vyhnite sa stl\u00e1\u010daniu sexu\u00e1lnej b\u00e1biky <\/h4>\t\t<\/div>\n\t\t\t\t<\/div>\n\t\t\t\t<div class=\"elementor-element elementor-element-952079d elementor-widget elementor-widget-text-editor\" data-id=\"952079d\" data-element_type=\"widget\" data-widget_type=\"text-editor.default\">\n\t\t\t\t<div class=\"elementor-widget-container\">\n\t\t\t\t\t\t\tK\u00fdm sa sexu\u00e1lna b\u00e1bika skladuje, sexu\u00e1lnu b\u00e1biku dlho nestl\u00e1\u010dajte ani nestl\u00e1\u010dajte; kompresia m\u00f4\u017ee vies\u0165 k trval\u00e9mu po\u0161kodeniu silik\u00f3nu a \u0161pongie v sexu\u00e1lnej b\u00e1bike.\n\t\t\t\t\t\t<\/div>\n\t\t\t\t<\/div>\n\t\t\t\t<div class=\"elementor-element elementor-element-a02a319 elementor-widget elementor-widget-text-editor\" data-id=\"a02a319\" data-element_type=\"widget\" data-widget_type=\"text-editor.default\">\n\t\t\t\t<div class=\"elementor-widget-container\">\n\t\t\t\t\t\t\tNed\u00e1vajte na sexu\u00e1lnu b\u00e1biku ve\u013emi \u0165a\u017ek\u00e9 predmety a sexu\u00e1lnu b\u00e1biku neu\u0165ahujte ani nestl\u00e1\u010dajte dlh\u0161\u00ed \u010das.\n\t\t\t\t\t\t<\/div>\n\t\t\t\t<\/div>\n\t\t\t\t<div class=\"elementor-element elementor-element-94e52f8 elementor-widget elementor-widget-heading\" data-id=\"94e52f8\" data-element_type=\"widget\" data-widget_type=\"heading.default\">\n\t\t\t\t<div class=\"elementor-widget-container\">\n\t\t\t<h4 class=\"elementor-heading-title elementor-size-default\">7 Udr\u017eujte polohu sexu\u00e1lnej b\u00e1biky bez vonkaj\u0161ieho tlaku.\n<\/h4>\t\t<\/div>\n\t\t\t\t<\/div>\n\t\t\t\t<div class=\"elementor-element elementor-element-9f468f4 elementor-widget elementor-widget-text-editor\" data-id=\"9f468f4\" data-element_type=\"widget\" data-widget_type=\"text-editor.default\">\n\t\t\t\t<div class=\"elementor-widget-container\">\n\t\t\t\t\t\t\tPri skladovan\u00ed by mala by\u0165 sexu\u00e1lna b\u00e1bika umiestnen\u00e1 v polohe, ktor\u00e1 ju chr\u00e1ni pred vonkaj\u0161\u00edm tlakom, teda do polohy, v ktorej nie je zlo\u017een\u00e1, preto\u017ee zlo\u017een\u00e1 alebo stla\u010den\u00e1 m\u00f4\u017ee vies\u0165 k prasknutiu a po\u0161kodeniu silik\u00f3nu.\n\t\t\t\t\t\t<\/div>\n\t\t\t\t<\/div>\n\t\t\t\t<div class=\"elementor-element elementor-element-f501526 elementor-widget elementor-widget-heading\" data-id=\"f501526\" data-element_type=\"widget\" data-widget_type=\"heading.default\">\n\t\t\t\t<div class=\"elementor-widget-container\">\n\t\t\t<h4 class=\"elementor-heading-title elementor-size-default\">8. Je to sexu\u00e1lna b\u00e1bika, nie detsk\u00e1 hra\u010dka<\/h4>\t\t<\/div>\n\t\t\t\t<\/div>\n\t\t\t\t<div class=\"elementor-element elementor-element-26f4ec6 elementor-widget elementor-widget-text-editor\" data-id=\"26f4ec6\" data-element_type=\"widget\" data-widget_type=\"text-editor.default\">\n\t\t\t\t<div class=\"elementor-widget-container\">\n\t\t\t\t\t\t\tSexu\u00e1lnu b\u00e1biku uchov\u00e1vajte mimo dosahu det\u00ed a neskladujte ju na miestach, kde by s \u0148ou deti mohli \u013eahko pr\u00eds\u0165 do kontaktu.\n\t\t\t\t\t\t<\/div>\n\t\t\t\t<\/div>\n\t\t\t\t<div class=\"elementor-element elementor-element-7a7f856 elementor-widget elementor-widget-text-editor\" data-id=\"7a7f856\" data-element_type=\"widget\" data-widget_type=\"text-editor.default\">\n\t\t\t\t<div class=\"elementor-widget-container\">\n\t\t\t\t\t\t\tNa dlhodob\u00e9 vystavenie a ulo\u017eenie va\u0161ej b\u00e1biky.\n\t\t\t\t\t\t<\/div>\n\t\t\t\t<\/div>\n\t\t\t\t<div class=\"elementor-element elementor-element-003fa28 elementor-widget elementor-widget-text-editor\" data-id=\"003fa28\" data-element_type=\"widget\" data-widget_type=\"text-editor.default\">\n\t\t\t\t<div class=\"elementor-widget-container\">\n\t\t\t\t\t\t\tPon\u00fakame stojan na sexu\u00e1lnu b\u00e1biku na vystavenie sexu\u00e1lnych b\u00e1bik. Stojan pre sexu\u00e1lnu b\u00e1biku udr\u017e\u00ed va\u0161u sexu\u00e1lnu b\u00e1biku v stojacej polohe.\n\t\t\t\t\t\t<\/div>\n\t\t\t\t<\/div>\n\t\t\t\t<div class=\"elementor-element elementor-element-91e5c9a elementor-widget elementor-widget-text-editor\" data-id=\"91e5c9a\" data-element_type=\"widget\" data-widget_type=\"text-editor.default\">\n\t\t\t\t<div class=\"elementor-widget-container\">\n\t\t\t\t\t\t\tM\u00e1me tie\u017e h\u00e1\u010dik na sexu\u00e1lnu b\u00e1biku, kde m\u00f4\u017ee by\u0165 sexu\u00e1lna b\u00e1bika zavesen\u00e1 na dlh\u00fa dobu, aby sa zabezpe\u010dilo jej bezpe\u010dn\u00e9 ulo\u017eenie.\n\t\t\t\t\t\t<\/div>\n\t\t\t\t<\/div>\n\t\t\t\t<div class=\"elementor-element elementor-element-0f84cab elementor-widget elementor-widget-text-editor\" data-id=\"0f84cab\" data-element_type=\"widget\" data-widget_type=\"text-editor.default\">\n\t\t\t\t<div class=\"elementor-widget-container\">\n\t\t\t\t\t\t\tPozrite si pros\u00edm toto video.\n\t\t\t\t\t\t<\/div>\n\t\t\t\t<\/div>\n\t\t\t\t<div class=\"elementor-element elementor-element-0a8f03e elementor-widget elementor-widget-image\" data-id=\"0a8f03e\" data-element_type=\"widget\" data-widget_type=\"image.default\">\n\t\t\t\t<div class=\"elementor-widget-container\">\n\t\t\t<style>\/*! elementor - v3.10.2 - 29-01-2023 *\/\n.elementor-widget-image{text-align:center}.elementor-widget-image a{display:inline-block}.elementor-widget-image a img[src$=\".svg\"]{width:48px}.elementor-widget-image img{vertical-align:middle;display:inline-block}<\/style>\t\t\t\t\t\t\t\t\t\t\t\t<img loading=\"lazy\" decoding=\"async\" width=\"758\" height=\"511\" src=\"https:\/\/renodoll.com\/wp-content\/uploads\/2023\/03\/kb-storage-case.jpg\" class=\"attachment-full size-full wp-image-14208\" alt=\"\" srcset=\"https:\/\/renodoll.com\/wp-content\/uploads\/2023\/03\/kb-storage-case.jpg 758w, https:\/\/renodoll.com\/wp-content\/uploads\/2023\/03\/kb-storage-case-300x202.jpg 300w, https:\/\/renodoll.com\/wp-content\/uploads\/2023\/03\/kb-storage-case-18x12.jpg 18w, https:\/\/renodoll.com\/wp-content\/uploads\/2023\/03\/kb-storage-case-100x67.jpg 100w, https:\/\/renodoll.com\/wp-content\/uploads\/2023\/03\/kb-storage-case-600x404.jpg 600w, https:\/\/renodoll.com\/wp-content\/uploads\/2023\/03\/kb-storage-case-10x7.jpg 10w\" sizes=\"auto, (max-width: 758px) 100vw, 758px\" \/>\t\t\t\t\t\t\t\t\t\t\t\t\t\t\t<\/div>\n\t\t\t\t<\/div>\n\t\t\t\t\t<\/div>\n\t\t<\/div>\n\t\t\t\t\t\t\t<\/div>\n\t\t<\/section>\n\t\t\t\t\t\t\t<\/div>","protected":false},"excerpt":{"rendered":"<p>Sex Doll Storage Introduction There are specific steps to be followed in storing the sex doll to ensure that their longevity is preserved and the sex dolls can be used for a long time. A good area for the storage of the sex doll can determine how early the silicone skin of the sex doll and the internal parts will age and equally elongate the sex doll\u2019s lifespan. As a necessity : Baby powder or talcum powder must be applied to the sex doll\u2019s skin regularly to protect it from oil and dust. After the sex doll\u2019s usage, the sex<\/p>","protected":false},"author":1,"featured_media":0,"parent":0,"menu_order":0,"comment_status":"closed","ping_status":"closed","template":"","meta":{"footnotes":""},"class_list":["post-5463","page","type-page","status-publish","hentry"],"aioseo_notices":[],"_links":{"self":[{"href":"https:\/\/renodoll.com\/sk\/wp-json\/wp\/v2\/pages\/5463","targetHints":{"allow":["GET"]}}],"collection":[{"href":"https:\/\/renodoll.com\/sk\/wp-json\/wp\/v2\/pages"}],"about":[{"href":"https:\/\/renodoll.com\/sk\/wp-json\/wp\/v2\/types\/page"}],"author":[{"embeddable":true,"href":"https:\/\/renodoll.com\/sk\/wp-json\/wp\/v2\/users\/1"}],"replies":[{"embeddable":true,"href":"https:\/\/renodoll.com\/sk\/wp-json\/wp\/v2\/comments?post=5463"}],"version-history":[{"count":43,"href":"https:\/\/renodoll.com\/sk\/wp-json\/wp\/v2\/pages\/5463\/revisions"}],"predecessor-version":[{"id":16008,"href":"https:\/\/renodoll.com\/sk\/wp-json\/wp\/v2\/pages\/5463\/revisions\/16008"}],"wp:attachment":[{"href":"https:\/\/renodoll.com\/sk\/wp-json\/wp\/v2\/media?parent=5463"}],"curies":[{"name":"wp","href":"https:\/\/api.w.org\/{rel}","templated":true}]}}