{"id":5446,"date":"2023-02-22T18:57:12","date_gmt":"2023-02-22T10:57:12","guid":{"rendered":"https:\/\/renodoll.com\/?page_id=5446"},"modified":"2023-03-29T16:46:47","modified_gmt":"2023-03-29T08:46:47","slug":"articulated-finger","status":"publish","type":"page","link":"https:\/\/renodoll.com\/sk\/articulated-finger\/","title":{"rendered":"K\u013abov\u00fd prst"},"content":{"rendered":"<div data-elementor-type=\"wp-page\" data-elementor-id=\"5446\" class=\"elementor elementor-5446\" data-elementor-post-type=\"page\">\n\t\t\t\t\t\t<section class=\"elementor-section elementor-top-section elementor-element elementor-element-19ce2b8 elementor-section-boxed elementor-section-height-default elementor-section-height-default\" data-id=\"19ce2b8\" data-element_type=\"section\" data-e-type=\"section\">\n\t\t\t\t\t\t<div class=\"elementor-container elementor-column-gap-default\">\n\t\t\t\t\t<div class=\"elementor-column elementor-col-100 elementor-top-column elementor-element elementor-element-f3c1b7c page-content-text\" data-id=\"f3c1b7c\" data-element_type=\"column\" data-e-type=\"column\">\n\t\t\t<div class=\"elementor-widget-wrap elementor-element-populated\">\n\t\t\t\t\t\t<section class=\"elementor-section elementor-inner-section elementor-element elementor-element-fd7ff6a elementor-section-boxed elementor-section-height-default elementor-section-height-default\" data-id=\"fd7ff6a\" data-element_type=\"section\" data-e-type=\"section\">\n\t\t\t\t\t\t<div class=\"elementor-container elementor-column-gap-default\">\n\t\t\t\t\t<div class=\"elementor-column elementor-col-50 elementor-inner-column elementor-element elementor-element-4194eef\" data-id=\"4194eef\" data-element_type=\"column\" data-e-type=\"column\">\n\t\t\t<div class=\"elementor-widget-wrap elementor-element-populated\">\n\t\t\t\t\t\t<div class=\"elementor-element elementor-element-445fe14 elementor-invisible elementor-widget elementor-widget-heading\" data-id=\"445fe14\" data-element_type=\"widget\" data-e-type=\"widget\" data-settings=\"{&quot;_animation&quot;:&quot;fadeInUp&quot;}\" data-widget_type=\"heading.default\">\n\t\t\t\t<div class=\"elementor-widget-container\">\n\t\t\t\t\t<h2 class=\"elementor-heading-title elementor-size-default\">Prst<\/h2>\t\t\t\t<\/div>\n\t\t\t\t<\/div>\n\t\t\t\t<div class=\"elementor-element elementor-element-2f50bad elementor-widget elementor-widget-text-editor\" data-id=\"2f50bad\" data-element_type=\"widget\" data-e-type=\"widget\" data-widget_type=\"text-editor.default\">\n\t\t\t\t<div class=\"elementor-widget-container\">\n\t\t\t\t\t\t\t\t\t<p>Netrvalo dlho a spolo\u010dnos\u0165 Irontech ozn\u00e1mila vydanie nov\u00fdch k\u013abov\u00fdch r\u00fak a prstov pre ich sexu\u00e1lne b\u00e1biky a pripojila sa k YL Doll a WMDoll ako tretej zna\u010dke sexu\u00e1lnych b\u00e1bik TPE, aby pon\u00fakla vylep\u0161enie pre prst svojej sexu\u00e1lnej b\u00e1biky.<\/p>\t\t\t\t\t\t\t\t<\/div>\n\t\t\t\t<\/div>\n\t\t\t\t<div class=\"elementor-element elementor-element-7b009cf elementor-widget elementor-widget-text-editor\" data-id=\"7b009cf\" data-element_type=\"widget\" data-e-type=\"widget\" data-widget_type=\"text-editor.default\">\n\t\t\t\t<div class=\"elementor-widget-container\">\n\t\t\t\t\t\t\t\t\tT\u00e1to nov\u00e1 funkcia sexu\u00e1lnych b\u00e1bik sa stala trendom v priemysle sexu\u00e1lnych b\u00e1bik a je to pote\u0161uj\u00faci trend pre komunitu sexu\u00e1lnych b\u00e1bik, preto\u017ee v\u00e4\u010d\u0161ina t\u00fdchto skuto\u010dn\u00fdch majite\u013eov b\u00e1bik nem\u00e1 rada star\u00e9 prsty, ktor\u00e9 s\u00fa krehk\u00e9 a dr\u00f4ten\u00e9.\n\t\t\t\t\t\t\t\t<\/div>\n\t\t\t\t<\/div>\n\t\t\t\t<div class=\"elementor-element elementor-element-d24a218 elementor-widget elementor-widget-text-editor\" data-id=\"d24a218\" data-element_type=\"widget\" data-e-type=\"widget\" data-widget_type=\"text-editor.default\">\n\t\t\t\t<div class=\"elementor-widget-container\">\n\t\t\t\t\t\t\t\t\t<p>Inov\u00e1cia k\u013abov\u00fdch prstov, ktor\u00fa ozn\u00e1mila spolo\u010dnos\u0165 Irontech, je \u00faplne rovnak\u00e1 ako v pr\u00edpade WM. Kovov\u00e1 kostra ruky sexu\u00e1lnej b\u00e1biky m\u00e1 k\u013abov\u00fd k\u013ab a je tie\u017e pokryt\u00e1 bielym povlakom, aby sa zabr\u00e1nilo po\u0161kodeniu ko\u017ee prsta. Tieto s\u00fapravy b\u00e1bik dok\u00e1\u017eu \u013eahko vytv\u00e1ra\u0165 realistick\u00e9 p\u00f3zy zah\u0155\u0148aj\u00face ruku a prst bez toho, aby cez TPE museli prech\u00e1dza\u0165 dr\u00f4ty.<\/p>\t\t\t\t\t\t\t\t<\/div>\n\t\t\t\t<\/div>\n\t\t\t\t\t<\/div>\n\t\t<\/div>\n\t\t\t\t<div class=\"elementor-column elementor-col-50 elementor-inner-column elementor-element elementor-element-df10d16\" data-id=\"df10d16\" data-element_type=\"column\" data-e-type=\"column\">\n\t\t\t<div class=\"elementor-widget-wrap elementor-element-populated\">\n\t\t\t\t\t\t<div class=\"elementor-element elementor-element-2fef030 elementor-widget elementor-widget-video\" data-id=\"2fef030\" data-element_type=\"widget\" data-e-type=\"widget\" data-settings=\"{&quot;video_type&quot;:&quot;hosted&quot;,&quot;autoplay&quot;:&quot;yes&quot;,&quot;play_on_mobile&quot;:&quot;yes&quot;,&quot;loop&quot;:&quot;yes&quot;,&quot;controls&quot;:&quot;yes&quot;}\" data-widget_type=\"video.default\">\n\t\t\t\t<div class=\"elementor-widget-container\">\n\t\t\t\t\t\t\t<div class=\"e-hosted-video elementor-wrapper elementor-open-inline\">\n\t\t\t\t\t<video class=\"elementor-video\" src=\"http:\/\/renodoll.com\/wp-content\/uploads\/2023\/03\/kb-finger.mp4\" autoplay=\"\" loop=\"\" controls=\"\" playsinline=\"\" controlslist=\"nodownload\"><\/video>\n\t\t\t\t<\/div>\n\t\t\t\t\t\t<\/div>\n\t\t\t\t<\/div>\n\t\t\t\t\t<\/div>\n\t\t<\/div>\n\t\t\t\t\t<\/div>\n\t\t<\/section>\n\t\t\t\t<div class=\"elementor-element elementor-element-9f505e9 elementor-widget elementor-widget-text-editor\" data-id=\"9f505e9\" data-element_type=\"widget\" data-e-type=\"widget\" data-widget_type=\"text-editor.default\">\n\t\t\t\t<div class=\"elementor-widget-container\">\n\t\t\t\t\t\t\t\t\tMohlo to trva\u0165 dlho, ale funkcia k\u013abov\u00e9ho prsta a ruky je pre komunitu sexu\u00e1lnych b\u00e1bik pr\u00edjemnou novinkou. Ak sa v\u00e1m t\u00e1to funkcia p\u00e1\u010di, nezabudnite ju prida\u0165 do objedn\u00e1vky. \n\t\t\t\t\t\t\t\t<\/div>\n\t\t\t\t<\/div>\n\t\t\t\t<div class=\"elementor-element elementor-element-75d035e elementor-widget elementor-widget-text-editor\" data-id=\"75d035e\" data-element_type=\"widget\" data-e-type=\"widget\" data-widget_type=\"text-editor.default\">\n\t\t\t\t<div class=\"elementor-widget-container\">\n\t\t\t\t\t\t\t\t\tSte unaven\u00ed z toho, \u017ee prst va\u0161ej sexu\u00e1lnej b\u00e1biky je veden\u00fd vn\u00fatorn\u00fdm kovov\u00fdm dr\u00f4tom? Chceli by ste, aby va\u0161a sexu\u00e1lna b\u00e1bika mala ohybnej\u0161\u00ed prst? Potom je t\u00e1to nov\u00e1 funkcia nov\u00e9ho a k\u013abov\u00e9ho prsta inov\u00e1ciou, ktor\u00fa mus\u00edte zv\u00e1\u017ei\u0165.\t\t\t\t\t\t\t\t<\/div>\n\t\t\t\t<\/div>\n\t\t\t\t<div class=\"elementor-element elementor-element-4c9dc49 elementor-widget elementor-widget-text-editor\" data-id=\"4c9dc49\" data-element_type=\"widget\" data-e-type=\"widget\" data-widget_type=\"text-editor.default\">\n\t\t\t\t<div class=\"elementor-widget-container\">\n\t\t\t\t\t\t\t\t\t<p>S pote\u0161en\u00edm v\u00e1m m\u00f4\u017eeme ozn\u00e1mi\u0165, \u017ee tov\u00e1re\u0148 WMDoll za\u010dala vyr\u00e1ba\u0165 svoje sexu\u00e1lne b\u00e1biky v plnej ve\u013ekosti s vylep\u0161en\u00edm k\u013abov\u00fdch prstov, \u010do je ned\u00e1vno vyvinut\u00e1 kostra ruky.<\/p>\t\t\t\t\t\t\t\t<\/div>\n\t\t\t\t<\/div>\n\t\t\t\t<div class=\"elementor-element elementor-element-6f7a4a4 elementor-widget elementor-widget-text-editor\" data-id=\"6f7a4a4\" data-element_type=\"widget\" data-e-type=\"widget\" data-widget_type=\"text-editor.default\">\n\t\t\t\t<div class=\"elementor-widget-container\">\n\t\t\t\t\t\t\t\t\tT\u00e1to nov\u00e1 funkcia k\u013abov\u00e9ho prsta je navrhnut\u00e1 opatrne a m\u00e1 robustn\u00e9 kovov\u00e9 k\u013aby a zaoblen\u00e9 hroty, aby sa zabr\u00e1nilo \u013eahk\u00e9mu prepichnutiu poko\u017eky prsta. Najlep\u0161ia \u010das\u0165 tohto; t\u00e1to nov\u00e1 funkcia umo\u017e\u0148uje sexu\u00e1lnej b\u00e1bike kop\u00edrova\u0165 mnoh\u00e9 gest\u00e1 r\u00fak, ktor\u00e9 star\u00e1 dr\u00f4ten\u00e1 prstov\u00e1 ruka nedok\u00e1\u017ee. Toto je fantastick\u00fd upgrade, najm\u00e4 pre komunitu milovn\u00edkov sexu\u00e1lnych b\u00e1bik.\n\t\t\t\t\t\t\t\t<\/div>\n\t\t\t\t<\/div>\n\t\t\t\t<div class=\"elementor-element elementor-element-e390632 elementor-widget elementor-widget-text-editor\" data-id=\"e390632\" data-element_type=\"widget\" data-e-type=\"widget\" data-widget_type=\"text-editor.default\">\n\t\t\t\t<div class=\"elementor-widget-container\">\n\t\t\t\t\t\t\t\t\tPozrite si video ni\u017e\u0161ie a zistite, ako t\u00e1to nov\u00e1 funkcia funguje.\t\t\t\t\t\t\t\t<\/div>\n\t\t\t\t<\/div>\n\t\t\t\t<div class=\"elementor-element elementor-element-e28a12e elementor-invisible elementor-widget elementor-widget-heading\" data-id=\"e28a12e\" data-element_type=\"widget\" data-e-type=\"widget\" data-settings=\"{&quot;_animation&quot;:&quot;fadeInUp&quot;}\" data-widget_type=\"heading.default\">\n\t\t\t\t<div class=\"elementor-widget-container\">\n\t\t\t\t\t<h2 class=\"elementor-heading-title elementor-size-default\">Mysli na to :<\/h2>\t\t\t\t<\/div>\n\t\t\t\t<\/div>\n\t\t\t\t<div class=\"elementor-element elementor-element-ac5f65c elementor-widget elementor-widget-html\" data-id=\"ac5f65c\" data-element_type=\"widget\" data-e-type=\"widget\" data-widget_type=\"html.default\">\n\t\t\t\t<div class=\"elementor-widget-container\">\n\t\t\t\t\t<ol class=\"number_list_type\"><li>T\u00fato nov\u00fa funkciu pon\u00fakaj\u00fa iba b\u00e1biky WMDoll a YL Dolls.<\/li>\n<li>T\u00e1to vzru\u0161uj\u00faca nov\u00e1 funkcia je dostupn\u00e1 iba pre b\u00e1biky z TPE, ktor\u00e9 s\u00fa v\u00e4\u010d\u0161ie ako 140 cm.\n<\/li>\n<li>Nemo\u017eno ho pou\u017ei\u0165 so star\u00fdmi WMdoll, zmeni\u0165 alebo inovova\u0165.<\/li>\n<li>Je vyroben\u00fd z kovu a nie z meden\u00e9ho dr\u00f4tu.<\/li>\n<li>K\u013abov\u00e9 prsty sa nedaj\u00fa zamota\u0165.\n<\/li>\n<li>Rozsah pohybu k\u013abov\u00e9ho prsta je rovnak\u00fd ako u star\u00e9ho dr\u00f4tovan\u00e9ho prsta.<\/li>\n<li>T\u00e1to nov\u00e1 funkcia umo\u017e\u0148uje pohyb ruky nahor a nadol a tie\u017e vn\u00fatorn\u00fa a vonkaj\u0161iu rot\u00e1ciu predlaktia.<\/li>\n<li>\n    Rozsah pohybu ruky je takmer 95% skuto\u010dnej \u013eudskej ruky, a preto je mo\u017en\u00fd pohyb ruky nahor a nadol, ako aj vn\u00fatorn\u00e1 a vonkaj\u0161ia rot\u00e1cia predlaktia.\n<\/li>\n<\/ol>\t\t\t\t<\/div>\n\t\t\t\t<\/div>\n\t\t\t\t\t<\/div>\n\t\t<\/div>\n\t\t\t\t\t<\/div>\n\t\t<\/section>\n\t\t\t\t<\/div>","protected":false},"excerpt":{"rendered":"<p>Finger Nie je to tak dlho, Irontech ozn\u00e1mil vydanie nov\u00fdch k\u013abov\u00fdch r\u00fak a prstov pre ich sexu\u00e1lne b\u00e1biky a pripojil sa k YL Doll a WMDoll ako tretia zna\u010dka TPE sexu\u00e1lnych b\u00e1bik, ktor\u00e1 pon\u00faka vylep\u0161enie pre prst svojej sexu\u00e1lnej b\u00e1biky. T\u00e1to nov\u00e1 funkcia sexu\u00e1lnych b\u00e1bik sa stala trendom v priemysle sexu\u00e1lnych b\u00e1bik a je to pote\u0161uj\u00faci trend pre komunitu sexu\u00e1lnych b\u00e1bik, preto\u017ee v\u00e4\u010d\u0161ina t\u00fdchto skuto\u010dn\u00fdch majite\u013eov b\u00e1bik nem\u00e1 rada star\u00e9 prsty, ktor\u00e9 s\u00fa krehk\u00e9 a dr\u00f4ten\u00e9. Inov\u00e1cia k\u013abov\u00fdch prstov, ktor\u00fa ozn\u00e1mila spolo\u010dnos\u0165 Irontech, je \u00faplne rovnak\u00e1 ako v pr\u00edpade WM.<\/p>","protected":false},"author":1,"featured_media":0,"parent":0,"menu_order":0,"comment_status":"closed","ping_status":"closed","template":"","meta":{"footnotes":""},"class_list":["post-5446","page","type-page","status-publish","hentry"],"aioseo_notices":[],"_links":{"self":[{"href":"https:\/\/renodoll.com\/sk\/wp-json\/wp\/v2\/pages\/5446","targetHints":{"allow":["GET"]}}],"collection":[{"href":"https:\/\/renodoll.com\/sk\/wp-json\/wp\/v2\/pages"}],"about":[{"href":"https:\/\/renodoll.com\/sk\/wp-json\/wp\/v2\/types\/page"}],"author":[{"embeddable":true,"href":"https:\/\/renodoll.com\/sk\/wp-json\/wp\/v2\/users\/1"}],"replies":[{"embeddable":true,"href":"https:\/\/renodoll.com\/sk\/wp-json\/wp\/v2\/comments?post=5446"}],"version-history":[{"count":38,"href":"https:\/\/renodoll.com\/sk\/wp-json\/wp\/v2\/pages\/5446\/revisions"}],"predecessor-version":[{"id":14260,"href":"https:\/\/renodoll.com\/sk\/wp-json\/wp\/v2\/pages\/5446\/revisions\/14260"}],"wp:attachment":[{"href":"https:\/\/renodoll.com\/sk\/wp-json\/wp\/v2\/media?parent=5446"}],"curies":[{"name":"wp","href":"https:\/\/api.w.org\/{rel}","templated":true}]}}