{"id":5441,"date":"2023-02-22T18:54:21","date_gmt":"2023-02-22T10:54:21","guid":{"rendered":"https:\/\/renodoll.com\/?page_id=5441"},"modified":"2023-03-29T17:38:45","modified_gmt":"2023-03-29T09:38:45","slug":"evo-yoga-skeleton","status":"publish","type":"page","link":"https:\/\/renodoll.com\/sk\/evo-yoga-skeleton\/","title":{"rendered":"Kostra jogy EVO"},"content":{"rendered":"<div data-elementor-type=\"wp-page\" data-elementor-id=\"5441\" class=\"elementor elementor-5441\" data-elementor-post-type=\"page\">\n\t\t\t\t\t\t<section class=\"elementor-section elementor-top-section elementor-element elementor-element-19ce2b8 elementor-section-boxed elementor-section-height-default elementor-section-height-default\" data-id=\"19ce2b8\" data-element_type=\"section\" data-e-type=\"section\">\n\t\t\t\t\t\t<div class=\"elementor-container elementor-column-gap-default\">\n\t\t\t\t\t<div class=\"elementor-column elementor-col-100 elementor-top-column elementor-element elementor-element-f3c1b7c page-content-text\" data-id=\"f3c1b7c\" data-element_type=\"column\" data-e-type=\"column\">\n\t\t\t<div class=\"elementor-widget-wrap elementor-element-populated\">\n\t\t\t\t\t\t<div class=\"elementor-element elementor-element-445fe14 elementor-invisible elementor-widget elementor-widget-heading\" data-id=\"445fe14\" data-element_type=\"widget\" data-e-type=\"widget\" data-settings=\"{&quot;_animation&quot;:&quot;fadeInUp&quot;}\" data-widget_type=\"heading.default\">\n\t\t\t\t<div class=\"elementor-widget-container\">\n\t\t\t\t\t<h2 class=\"elementor-heading-title elementor-size-default\">Ozuben\u00e9 k\u013aby (Evo Gear, jogov\u00e1 kostra)<\/h2>\t\t\t\t<\/div>\n\t\t\t\t<\/div>\n\t\t\t\t<div class=\"elementor-element elementor-element-2f50bad elementor-widget elementor-widget-text-editor\" data-id=\"2f50bad\" data-element_type=\"widget\" data-e-type=\"widget\" data-widget_type=\"text-editor.default\">\n\t\t\t\t<div class=\"elementor-widget-container\">\n\t\t\t\t\t\t\t\t\tVe\u013ek\u00e9 zna\u010dky niekedy pou\u017e\u00edvaj\u00fa ve\u013emi objemn\u00e9 kostry, \u010do sp\u00f4sobuje, \u017ee rot\u00e1cia k\u013abov nie je tak\u00e1 flexibiln\u00e1 a sexu\u00e1lna b\u00e1bika sa ve\u013emi \u0165a\u017eko umiest\u0148uje do po\u017eadovanej polohy, dokonca aj pre mu\u017ea, ktor\u00fd je vysok\u00fd 166 st\u00f4p. Kostra gear jogy by tento probl\u00e9m jednoducho vyrie\u0161ila.\t\t\t\t\t\t\t\t<\/div>\n\t\t\t\t<\/div>\n\t\t\t\t<div class=\"elementor-element elementor-element-7b009cf elementor-widget elementor-widget-text-editor\" data-id=\"7b009cf\" data-element_type=\"widget\" data-e-type=\"widget\" data-widget_type=\"text-editor.default\">\n\t\t\t\t<div class=\"elementor-widget-container\">\n\t\t\t\t\t\t\t\t\tPozrite si a pou\u017eite ni\u017e\u0161ie uveden\u00fd obr\u00e1zok.\t\t\t\t\t\t\t\t<\/div>\n\t\t\t\t<\/div>\n\t\t\t\t<div class=\"elementor-element elementor-element-fa47064 elementor-widget elementor-widget-image\" data-id=\"fa47064\" data-element_type=\"widget\" data-e-type=\"widget\" data-widget_type=\"image.default\">\n\t\t\t\t<div class=\"elementor-widget-container\">\n\t\t\t\t\t\t\t\t\t\t\t\t\t\t\t<img loading=\"lazy\" decoding=\"async\" width=\"488\" height=\"1024\" src=\"https:\/\/renodoll.com\/wp-content\/uploads\/elementor\/thumbs\/xstore-placeholder-q1lsnz7dz6f9wss1ii0gg4998xrp37rdpr696eqywk.png\" class=\"attachment-large size-large wp-image-14096 lazyload lazyload-simple et-lazyload-fadeIn\" alt=\"\" sizes=\"auto, (max-width: 488px) 100vw, 488px\" data-src=\"https:\/\/renodoll.com\/wp-content\/uploads\/2023\/03\/renodoll_evoskeleton-488x1024.jpg\" data-srcset=\"https:\/\/renodoll.com\/wp-content\/uploads\/2023\/03\/renodoll_evoskeleton-488x1024.jpg 488w, https:\/\/renodoll.com\/wp-content\/uploads\/2023\/03\/renodoll_evoskeleton-143x300.jpg 143w, https:\/\/renodoll.com\/wp-content\/uploads\/2023\/03\/renodoll_evoskeleton-768x1611.jpg 768w, https:\/\/renodoll.com\/wp-content\/uploads\/2023\/03\/renodoll_evoskeleton-732x1536.jpg 732w, https:\/\/renodoll.com\/wp-content\/uploads\/2023\/03\/renodoll_evoskeleton-6x12.jpg 6w, https:\/\/renodoll.com\/wp-content\/uploads\/2023\/03\/renodoll_evoskeleton-48x100.jpg 48w, https:\/\/renodoll.com\/wp-content\/uploads\/2023\/03\/renodoll_evoskeleton-300x629.jpg 300w, https:\/\/renodoll.com\/wp-content\/uploads\/2023\/03\/renodoll_evoskeleton-600x1258.jpg 600w, https:\/\/renodoll.com\/wp-content\/uploads\/2023\/03\/renodoll_evoskeleton-5x10.jpg 5w, https:\/\/renodoll.com\/wp-content\/uploads\/2023\/03\/renodoll_evoskeleton.jpg 790w\" \/>\t\t\t\t\t\t\t\t\t\t\t\t\t\t\t<\/div>\n\t\t\t\t<\/div>\n\t\t\t\t<div class=\"elementor-element elementor-element-e28a12e elementor-invisible elementor-widget elementor-widget-heading\" data-id=\"e28a12e\" data-element_type=\"widget\" data-e-type=\"widget\" data-settings=\"{&quot;_animation&quot;:&quot;fadeInUp&quot;}\" data-widget_type=\"heading.default\">\n\t\t\t\t<div class=\"elementor-widget-container\">\n\t\t\t\t\t<h2 class=\"elementor-heading-title elementor-size-default\">Flexibilita kostry \u2013 jogov\u00e1 poloha<\/h2>\t\t\t\t<\/div>\n\t\t\t\t<\/div>\n\t\t\t\t<div class=\"elementor-element elementor-element-f465bfd elementor-widget elementor-widget-text-editor\" data-id=\"f465bfd\" data-element_type=\"widget\" data-e-type=\"widget\" data-widget_type=\"text-editor.default\">\n\t\t\t\t<div class=\"elementor-widget-container\">\n\t\t\t\t\t\t\t\t\tV\u0161etky sexu\u00e1lne b\u00e1biky (najm\u00e4 v bud\u00facnosti) s\u00fa vyroben\u00e9 z pr\u00e9miov\u00fdch a kvalitn\u00fdch silik\u00f3nov\u00fdch materi\u00e1lov, v\u010faka ktor\u00fdm je ich poko\u017eka a telo ve\u013emi podobn\u00e9 telu skuto\u010dnej \u017eeny.\t\t\t\t\t\t\t\t<\/div>\n\t\t\t\t<\/div>\n\t\t\t\t<div class=\"elementor-element elementor-element-7871ee2 elementor-widget elementor-widget-text-editor\" data-id=\"7871ee2\" data-element_type=\"widget\" data-e-type=\"widget\" data-widget_type=\"text-editor.default\">\n\t\t\t\t<div class=\"elementor-widget-container\">\n\t\t\t\t\t\t\t\t\t<p>Kovov\u00e1 kostra t\u00fdchto sexu\u00e1lnych b\u00e1bik je 100% dobre k\u013abov\u00e1, \u010do d\u00e1va priestor pre flexibilitu a u\u013eah\u010duje umiestnenie sexu\u00e1lnych b\u00e1bik do akejko\u013evek mo\u017enej polohy, aby uspokojili sexu\u00e1lne t\u00fa\u017eby a t\u00fa\u017eby.<\/p>\t\t\t\t\t\t\t\t<\/div>\n\t\t\t\t<\/div>\n\t\t\t\t\t<\/div>\n\t\t<\/div>\n\t\t\t\t\t<\/div>\n\t\t<\/section>\n\t\t\t\t<\/div>","protected":false},"excerpt":{"rendered":"<p>Gear Joints (Evo Gear, Yoga Skeleton) Big brands sometimes use very bulky skeletons, which makes joint rotation not so flexible and the sex doll very difficult to place in the desired position, even for a man that\u2019s 6 six feet tall. The gear yoga skeleton would easily solve this issue.Kindly see and use the illustration below. Skeleton Flexibility &#8211; Yoga Position All sex dolls (especially in the future) are made from premium and quality silicone materials that make their skin and body very relatable to that of an actual woman. The metal skeleton of these sex dolls is 100% well<\/p>","protected":false},"author":1,"featured_media":0,"parent":0,"menu_order":0,"comment_status":"closed","ping_status":"closed","template":"","meta":{"footnotes":""},"class_list":["post-5441","page","type-page","status-publish","hentry"],"aioseo_notices":[],"_links":{"self":[{"href":"https:\/\/renodoll.com\/sk\/wp-json\/wp\/v2\/pages\/5441","targetHints":{"allow":["GET"]}}],"collection":[{"href":"https:\/\/renodoll.com\/sk\/wp-json\/wp\/v2\/pages"}],"about":[{"href":"https:\/\/renodoll.com\/sk\/wp-json\/wp\/v2\/types\/page"}],"author":[{"embeddable":true,"href":"https:\/\/renodoll.com\/sk\/wp-json\/wp\/v2\/users\/1"}],"replies":[{"embeddable":true,"href":"https:\/\/renodoll.com\/sk\/wp-json\/wp\/v2\/comments?post=5441"}],"version-history":[{"count":25,"href":"https:\/\/renodoll.com\/sk\/wp-json\/wp\/v2\/pages\/5441\/revisions"}],"predecessor-version":[{"id":14278,"href":"https:\/\/renodoll.com\/sk\/wp-json\/wp\/v2\/pages\/5441\/revisions\/14278"}],"wp:attachment":[{"href":"https:\/\/renodoll.com\/sk\/wp-json\/wp\/v2\/media?parent=5441"}],"curies":[{"name":"wp","href":"https:\/\/api.w.org\/{rel}","templated":true}]}}