{"id":5394,"date":"2023-02-22T16:53:11","date_gmt":"2023-02-22T08:53:11","guid":{"rendered":"https:\/\/renodoll.com\/?page_id=5394"},"modified":"2023-04-24T20:06:46","modified_gmt":"2023-04-24T12:06:46","slug":"sex-doll-maintenance","status":"publish","type":"page","link":"https:\/\/renodoll.com\/sk\/udrzba-sexualnych-babik\/","title":{"rendered":"\u00dadr\u017eba sexu\u00e1lnych b\u00e1bik"},"content":{"rendered":"<div data-elementor-type=\"wp-page\" data-elementor-id=\"5394\" class=\"elementor elementor-5394\">\n\t\t\t\t\t\t\t\t\t<section class=\"elementor-section elementor-top-section elementor-element elementor-element-b863e45 elementor-section-boxed elementor-section-height-default elementor-section-height-default\" data-id=\"b863e45\" data-element_type=\"section\">\n\t\t\t\t\t\t<div class=\"elementor-container elementor-column-gap-default\">\n\t\t\t\t\t<div class=\"elementor-column elementor-col-100 elementor-top-column elementor-element elementor-element-d06ff7c page-content-text\" data-id=\"d06ff7c\" data-element_type=\"column\">\n\t\t\t<div class=\"elementor-widget-wrap elementor-element-populated\">\n\t\t\t\t\t\t\t\t<div class=\"elementor-element elementor-element-cc13aac elementor-invisible elementor-widget elementor-widget-heading\" data-id=\"cc13aac\" data-element_type=\"widget\" data-settings=\"{&quot;_animation&quot;:&quot;fadeInUp&quot;}\" data-widget_type=\"heading.default\">\n\t\t\t\t<div class=\"elementor-widget-container\">\n\t\t\t<style>\/*! elementor - v3.10.2 - 29-01-2023 *\/\n.elementor-heading-title{padding:0;margin:0;line-height:1}.elementor-widget-heading .elementor-heading-title[class*=elementor-size-]>a{color:inherit;font-size:inherit;line-height:inherit}.elementor-widget-heading .elementor-heading-title.elementor-size-small{font-size:15px}.elementor-widget-heading .elementor-heading-title.elementor-size-medium{font-size:19px}.elementor-widget-heading .elementor-heading-title.elementor-size-large{font-size:29px}.elementor-widget-heading .elementor-heading-title.elementor-size-xl{font-size:39px}.elementor-widget-heading .elementor-heading-title.elementor-size-xxl{font-size:59px}<\/style><h2 class=\"elementor-heading-title elementor-size-default\">STAROSTLIVOS\u0164 O SILIK\u00d3NOV\u00dd POVRCH<\/h2>\t\t<\/div>\n\t\t\t\t<\/div>\n\t\t\t\t<section class=\"elementor-section elementor-inner-section elementor-element elementor-element-b9cb035 elementor-section-boxed elementor-section-height-default elementor-section-height-default\" data-id=\"b9cb035\" data-element_type=\"section\">\n\t\t\t\t\t\t<div class=\"elementor-container elementor-column-gap-default\">\n\t\t\t\t\t<div class=\"elementor-column elementor-col-100 elementor-inner-column elementor-element elementor-element-3145bdb\" data-id=\"3145bdb\" data-element_type=\"column\">\n\t\t\t<div class=\"elementor-widget-wrap elementor-element-populated\">\n\t\t\t\t\t\t\t\t<div class=\"elementor-element elementor-element-8958d6e elementor-invisible elementor-widget elementor-widget-heading\" data-id=\"8958d6e\" data-element_type=\"widget\" data-settings=\"{&quot;_animation&quot;:&quot;fadeInUp&quot;}\" data-widget_type=\"heading.default\">\n\t\t\t\t<div class=\"elementor-widget-container\">\n\t\t\t<h2 class=\"elementor-heading-title elementor-size-default\">\u00davod do starostlivosti o sexu\u00e1lnu b\u00e1biku<\/h2>\t\t<\/div>\n\t\t\t\t<\/div>\n\t\t\t\t<div class=\"elementor-element elementor-element-5c55386 elementor-widget elementor-widget-text-editor\" data-id=\"5c55386\" data-element_type=\"widget\" data-widget_type=\"text-editor.default\">\n\t\t\t\t<div class=\"elementor-widget-container\">\n\t\t\t<style>\/*! elementor - v3.10.2 - 29-01-2023 *\/\n.elementor-widget-text-editor.elementor-drop-cap-view-stacked .elementor-drop-cap{background-color:#818a91;color:#fff}.elementor-widget-text-editor.elementor-drop-cap-view-framed .elementor-drop-cap{color:#818a91;border:3px solid;background-color:transparent}.elementor-widget-text-editor:not(.elementor-drop-cap-view-default) .elementor-drop-cap{margin-top:8px}.elementor-widget-text-editor:not(.elementor-drop-cap-view-default) .elementor-drop-cap-letter{width:1em;height:1em}.elementor-widget-text-editor .elementor-drop-cap{float:left;text-align:center;line-height:1;font-size:50px}.elementor-widget-text-editor .elementor-drop-cap-letter{display:inline-block}<\/style>\t\t\t\t<p>Pre duplik\u00e1t ko\u017ee modelu b\u00e1biky pou\u017e\u00edvame ako vybavenie cudziu polym\u00e9rnu silik\u00f3nov\u00fa gumu \u013eudsk\u00e9ho tela, ktor\u00e1 je netoxick\u00e1 a bez z\u00e1pachu.<\/p>\t\t\t\t\t\t<\/div>\n\t\t\t\t<\/div>\n\t\t\t\t<div class=\"elementor-element elementor-element-ce0966c elementor-widget elementor-widget-text-editor\" data-id=\"ce0966c\" data-element_type=\"widget\" data-widget_type=\"text-editor.default\">\n\t\t\t\t<div class=\"elementor-widget-container\">\n\t\t\t\t\t\t\tAkon\u00e1hle sa silik\u00f3nov\u00e9 materi\u00e1ly dlh\u0161\u00ed \u010das nepou\u017e\u00edvaj\u00fa, d\u00f4jde na ich povrchu k rozliatiu oleja v d\u00f4sledku silik\u00f3nov\u00e9ho oleja obsiahnut\u00e9ho v silik\u00f3novom zlo\u017een\u00ed, \u010do je be\u017en\u00fd jav.\t\t\t\t\t\t<\/div>\n\t\t\t\t<\/div>\n\t\t\t\t<div class=\"elementor-element elementor-element-28b24ad elementor-widget elementor-widget-text-editor\" data-id=\"28b24ad\" data-element_type=\"widget\" data-widget_type=\"text-editor.default\">\n\t\t\t\t<div class=\"elementor-widget-container\">\n\t\t\t\t\t\t\tSta\u010d\u00ed povrch jemne vy\u010disti\u0165 akouko\u013evek \u010distou l\u00e1tkou. Taktie\u017e, ke\u010f sa sexu\u00e1lne b\u00e1biky dlh\u0161\u00ed \u010das nepou\u017e\u00edvaj\u00fa, ich povrchy sa za\u0161pinia olejom; to znamen\u00e1, \u017ee aby ste udr\u017eali silik\u00f3nov\u00fa poko\u017eku \u010dist\u00fa a bezpe\u010dn\u00fa pre lep\u0161\u00ed v\u00fdkon, v\u017edy vykonajte rutinn\u00fa kontrolu a pravidelne vykon\u00e1vajte \u00fadr\u017ebu.\t\t\t\t\t\t<\/div>\n\t\t\t\t<\/div>\n\t\t\t\t<div class=\"elementor-element elementor-element-1003aec elementor-widget elementor-widget-text-editor\" data-id=\"1003aec\" data-element_type=\"widget\" data-widget_type=\"text-editor.default\">\n\t\t\t\t<div class=\"elementor-widget-container\">\n\t\t\t\t\t\t\tOdhadovan\u00fd \u010das \u010distenia sa l\u00ed\u0161i v z\u00e1vislosti od v\u00fdznamu slu\u017eby a oblasti skladu. Vo v\u0161eobecnosti je prijate\u013en\u00e1 mesa\u010dn\u00e1 rutina.\t\t\t\t\t\t<\/div>\n\t\t\t\t<\/div>\n\t\t\t\t\t<\/div>\n\t\t<\/div>\n\t\t\t\t\t\t\t<\/div>\n\t\t<\/section>\n\t\t\t\t<div class=\"elementor-element elementor-element-e5c4aaa elementor-invisible elementor-widget elementor-widget-heading\" data-id=\"e5c4aaa\" data-element_type=\"widget\" data-settings=\"{&quot;_animation&quot;:&quot;fadeInUp&quot;}\" data-widget_type=\"heading.default\">\n\t\t\t\t<div class=\"elementor-widget-container\">\n\t\t\t<h2 class=\"elementor-heading-title elementor-size-default\">Rutinn\u00e1 met\u00f3da \u00fadr\u017eby sexu\u00e1lnych b\u00e1bik <\/h2>\t\t<\/div>\n\t\t\t\t<\/div>\n\t\t\t\t<div class=\"elementor-element elementor-element-6d7a9f6 elementor-widget elementor-widget-text-editor\" data-id=\"6d7a9f6\" data-element_type=\"widget\" data-widget_type=\"text-editor.default\">\n\t\t\t\t<div class=\"elementor-widget-container\">\n\t\t\t\t\t\t\tNajprv ponorte l\u00e1tku do vla\u017enej vody a d\u00f4kladne \u0148ou o\u010distite povrch b\u00e1biky. Ak je na silik\u00f3novom povrchu \u0161pina alebo lepkav\u00e1 \u0161kvrna, opatrne ho nieko\u013ekokr\u00e1t utrite mydlovou vodou a netierajte ho n\u00e1sil\u00edm.\t\t\t\t\t\t<\/div>\n\t\t\t\t<\/div>\n\t\t\t\t<div class=\"elementor-element elementor-element-9ea4cf7 elementor-widget elementor-widget-text-editor\" data-id=\"9ea4cf7\" data-element_type=\"widget\" data-widget_type=\"text-editor.default\">\n\t\t\t\t<div class=\"elementor-widget-container\">\n\t\t\t\t\t\t\tPri \u010disten\u00ed povrchu silik\u00f3nu sa sna\u017ete nepou\u017e\u00edva\u0165 nebezpe\u010dn\u00e9 \u010distiace prostriedky, ako s\u00fa siln\u00e9 roztoky kysel\u00edn a z\u00e1sad, siln\u00e9 dezinfek\u010dn\u00e9 roztoky \u010distiaceho prostriedku at\u010f.\t\t\t\t\t\t<\/div>\n\t\t\t\t<\/div>\n\t\t\t\t<div class=\"elementor-element elementor-element-3cf20d9 elementor-widget elementor-widget-text-editor\" data-id=\"3cf20d9\" data-element_type=\"widget\" data-widget_type=\"text-editor.default\">\n\t\t\t\t<div class=\"elementor-widget-container\">\n\t\t\t\t\t\t\tNa vtieranie je mo\u017en\u00e9 pou\u017ei\u0165 jemn\u00e9 mydlo, tekut\u00fd prac\u00ed prostriedok, \u0161amp\u00f3n alebo sprchov\u00fd g\u00e9l.\t\t\t\t\t\t<\/div>\n\t\t\t\t<\/div>\n\t\t\t\t<div class=\"elementor-element elementor-element-ece45d6 elementor-widget elementor-widget-image\" data-id=\"ece45d6\" data-element_type=\"widget\" data-widget_type=\"image.default\">\n\t\t\t\t<div class=\"elementor-widget-container\">\n\t\t\t<style>\/*! elementor - v3.10.2 - 29-01-2023 *\/\n.elementor-widget-image{text-align:center}.elementor-widget-image a{display:inline-block}.elementor-widget-image a img[src$=\".svg\"]{width:48px}.elementor-widget-image img{vertical-align:middle;display:inline-block}<\/style>\t\t\t\t\t\t\t\t\t\t\t\t<img loading=\"lazy\" decoding=\"async\" width=\"770\" height=\"213\" src=\"https:\/\/renodoll.com\/wp-content\/uploads\/2023\/03\/kb-maintain-1.gif\" class=\"attachment-large size-large wp-image-14560\" alt=\"\" \/>\t\t\t\t\t\t\t\t\t\t\t\t\t\t\t<\/div>\n\t\t\t\t<\/div>\n\t\t\t\t<div class=\"elementor-element elementor-element-018d411 elementor-widget elementor-widget-text-editor\" data-id=\"018d411\" data-element_type=\"widget\" data-widget_type=\"text-editor.default\">\n\t\t\t\t<div class=\"elementor-widget-container\">\n\t\t\t\t\t\t\tPo pou\u017eit\u00ed povrch o\u010distite a osu\u0161te a na pr\u00edrodn\u00fa b\u00e1biku naneste k\u00fape\u013e alebo mastenec; pri vykon\u00e1van\u00ed tejto oper\u00e1cie noste tv\u00e1rov\u00fa masku, aby ste zabr\u00e1nili vniknutiu prachu.\t\t\t\t\t\t<\/div>\n\t\t\t\t<\/div>\n\t\t\t\t<div class=\"elementor-element elementor-element-8d314f9 elementor-invisible elementor-widget elementor-widget-heading\" data-id=\"8d314f9\" data-element_type=\"widget\" data-settings=\"{&quot;_animation&quot;:&quot;fadeInUp&quot;}\" data-widget_type=\"heading.default\">\n\t\t\t\t<div class=\"elementor-widget-container\">\n\t\t\t<h2 class=\"elementor-heading-title elementor-size-default\">Starostlivos\u0165 o \u010dasti k\u013abov <\/h2>\t\t<\/div>\n\t\t\t\t<\/div>\n\t\t\t\t<div class=\"elementor-element elementor-element-db124c9 elementor-widget elementor-widget-text-editor\" data-id=\"db124c9\" data-element_type=\"widget\" data-widget_type=\"text-editor.default\">\n\t\t\t\t<div class=\"elementor-widget-container\">\n\t\t\t\t\t\t\tK\u013abov\u00e1 \u010das\u0165 by nemala zosta\u0165 naklonen\u00e1 pr\u00edli\u0161 dlho, ak nie, na jej povrchu vznikn\u00fa vr\u00e1sky v d\u00f4sledku nevhodn\u00e9ho umiestnenia sp\u00f4soben\u00e9ho dlhodob\u00fdm tlakom na ko\u017eu. Ak napr\u00edklad sed\u00edte na gau\u010di dlh\u0161\u00ed \u010das, na bruchu sa mu objav\u00ed vodorovn\u00e1 \u010diara.\t\t\t\t\t\t<\/div>\n\t\t\t\t<\/div>\n\t\t\t\t<div class=\"elementor-element elementor-element-c56c12b elementor-widget elementor-widget-image\" data-id=\"c56c12b\" data-element_type=\"widget\" data-widget_type=\"image.default\">\n\t\t\t\t<div class=\"elementor-widget-container\">\n\t\t\t\t\t\t\t\t\t\t\t\t\t\t\t<img loading=\"lazy\" decoding=\"async\" width=\"770\" height=\"332\" src=\"https:\/\/renodoll.com\/wp-content\/uploads\/2023\/03\/kb-maintain-2.gif\" class=\"attachment-large size-large wp-image-14561\" alt=\"\" \/>\t\t\t\t\t\t\t\t\t\t\t\t\t\t\t<\/div>\n\t\t\t\t<\/div>\n\t\t\t\t<div class=\"elementor-element elementor-element-04e7cc1 elementor-widget elementor-widget-text-editor\" data-id=\"04e7cc1\" data-element_type=\"widget\" data-widget_type=\"text-editor.default\">\n\t\t\t\t<div class=\"elementor-widget-container\">\n\t\t\t\t\t\t\tSilik\u00f3n m\u00e1 trvanlivos\u0165; sexu\u00e1lna b\u00e1bika sa nepou\u017e\u00edva; pros\u00edm, zaba\u013ete ho rovnak\u00fdm sp\u00f4sobom, ako vy\u0161iel z tov\u00e1rne; zn\u00ed\u017ei tlak na v\u0161etky k\u013aby. Odlo\u017ete realistick\u00fa sexu\u00e1lnu b\u00e1biku na nieko\u013eko dn\u00ed, ak by sa na nej objavili nejak\u00e9 z\u00e1hyby a vr\u00e1sky, a uvo\u013en\u00ed sa.\t\t\t\t\t\t<\/div>\n\t\t\t\t<\/div>\n\t\t\t\t<div class=\"elementor-element elementor-element-30b6d21 elementor-invisible elementor-widget elementor-widget-heading\" data-id=\"30b6d21\" data-element_type=\"widget\" data-settings=\"{&quot;_animation&quot;:&quot;fadeInUp&quot;}\" data-widget_type=\"heading.default\">\n\t\t\t\t<div class=\"elementor-widget-container\">\n\t\t\t<h2 class=\"elementor-heading-title elementor-size-default\">Starostlivos\u0165 o realistick\u00fd povlak pre sexu\u00e1lnu b\u00e1biku <\/h2>\t\t<\/div>\n\t\t\t\t<\/div>\n\t\t\t\t<div class=\"elementor-element elementor-element-56ee739 elementor-widget elementor-widget-html\" data-id=\"56ee739\" data-element_type=\"widget\" data-widget_type=\"html.default\">\n\t\t\t\t<div class=\"elementor-widget-container\">\n\t\t\t<ol class=\"number_list_type\"><li>Kr\u00e1sny make-up vytvoren\u00fd na b\u00e1bike l\u00e1sky, ktor\u00e1 ju posiela na\u0161im klientom, je silik\u00f3nov\u00fd povlak, ktor\u00fd sa nemus\u00ed \u010disti\u0165<\/li>\n<li>Ne\u010distite ho nasilu, najm\u00e4 ak je make-up na tv\u00e1ri, obo\u010diach a mihalniciach sexu\u00e1lnej b\u00e1biky v \u017eivotnej ve\u013ekosti. Venujte pros\u00edm ve\u013ek\u00fa pozornos\u0165 sile aplikovanej pri rutinnom \u010disten\u00ed sexu\u00e1lnej b\u00e1biky v skuto\u010dnej \u017eivotnej ve\u013ekosti.\n<\/li>\n<li>Ak pou\u017eijete ve\u013ea sily, vlasy sa vytrhn\u00fa a ich farba tie\u017e vybledne, ke\u010f farba zmizne; je \u0165a\u017ek\u00e9 robi\u0165 opravy.<\/li>\n<li>V\u0161eobecn\u00fa kozmetiku mo\u017eno pou\u017ei\u0165 na l\u00ed\u010denie sexu\u00e1lnych b\u00e1bik, napr. r\u00fa\u017e at\u010f.<\/li>\n<li>Nepou\u017e\u00edvajte pr\u00edli\u0161 hust\u00fa a lepkav\u00fa mas\u0165 na natieranie tv\u00e1re, inak bude \u0165a\u017ek\u00e9 ju zotrie\u0165.<\/li>\n<li>Pri v\u00fdmene make-upu ho pros\u00edm neotierajte neopatrne s ve\u013ekou energiou; na \u010distenie opatrne pou\u017eite mydlov\u00fa vodu alebo utierku na tv\u00e1r.<\/li>\n<\/ol>\t\t<\/div>\n\t\t\t\t<\/div>\n\t\t\t\t\t<\/div>\n\t\t<\/div>\n\t\t\t\t\t\t\t<\/div>\n\t\t<\/section>\n\t\t\t\t\t\t\t<\/div>","protected":false},"excerpt":{"rendered":"<p>STAROSTLIVOS\u0164 O SILIK\u00d3NOV\u00dd POVRCH Starostlivos\u0165 o sexu\u00e1lnu b\u00e1biku \u00davod Pre duplicitn\u00fa ko\u017eu modelu b\u00e1biky pou\u017e\u00edvame ako vybavenie cudziu polym\u00e9rnu silik\u00f3nov\u00fa gumu z \u013eudsk\u00e9ho tela, ktor\u00e1 je netoxick\u00e1 a bez z\u00e1pachu. Akon\u00e1hle sa silik\u00f3nov\u00e9 materi\u00e1ly dlh\u0161\u00ed \u010das nepou\u017e\u00edvaj\u00fa, d\u00f4jde k rozliatiu oleja na ich povrch v d\u00f4sledku silik\u00f3nov\u00e9ho oleja obsiahnut\u00e9ho v silik\u00f3novom zlo\u017een\u00ed, \u010do je be\u017en\u00fd jav. Povrch mus\u00edte vy\u010disti\u0165 iba jemne ak\u00fdmko\u013evek \u010distiacim prostriedkom. tkanina. Taktie\u017e, ke\u010f sa sexu\u00e1lne b\u00e1biky dlh\u0161\u00ed \u010das nepou\u017e\u00edvaj\u00fa, ich povrchy sa za\u0161pinia<\/p>","protected":false},"author":1,"featured_media":0,"parent":0,"menu_order":0,"comment_status":"closed","ping_status":"closed","template":"","meta":{"footnotes":""},"class_list":["post-5394","page","type-page","status-publish","hentry"],"aioseo_notices":[],"_links":{"self":[{"href":"https:\/\/renodoll.com\/sk\/wp-json\/wp\/v2\/pages\/5394","targetHints":{"allow":["GET"]}}],"collection":[{"href":"https:\/\/renodoll.com\/sk\/wp-json\/wp\/v2\/pages"}],"about":[{"href":"https:\/\/renodoll.com\/sk\/wp-json\/wp\/v2\/types\/page"}],"author":[{"embeddable":true,"href":"https:\/\/renodoll.com\/sk\/wp-json\/wp\/v2\/users\/1"}],"replies":[{"embeddable":true,"href":"https:\/\/renodoll.com\/sk\/wp-json\/wp\/v2\/comments?post=5394"}],"version-history":[{"count":55,"href":"https:\/\/renodoll.com\/sk\/wp-json\/wp\/v2\/pages\/5394\/revisions"}],"predecessor-version":[{"id":16006,"href":"https:\/\/renodoll.com\/sk\/wp-json\/wp\/v2\/pages\/5394\/revisions\/16006"}],"wp:attachment":[{"href":"https:\/\/renodoll.com\/sk\/wp-json\/wp\/v2\/media?parent=5394"}],"curies":[{"name":"wp","href":"https:\/\/api.w.org\/{rel}","templated":true}]}}