{"id":5353,"date":"2023-02-22T15:06:32","date_gmt":"2023-02-22T07:06:32","guid":{"rendered":"https:\/\/renodoll.com\/?page_id=5353"},"modified":"2023-03-31T18:22:04","modified_gmt":"2023-03-31T10:22:04","slug":"blood-vessel","status":"publish","type":"page","link":"https:\/\/renodoll.com\/sk\/blood-vessel\/","title":{"rendered":"Cieva"},"content":{"rendered":"<div data-elementor-type=\"wp-page\" data-elementor-id=\"5353\" class=\"elementor elementor-5353\" data-elementor-post-type=\"page\">\n\t\t\t\t\t\t<section class=\"elementor-section elementor-top-section elementor-element elementor-element-7fc86cc elementor-section-boxed elementor-section-height-default elementor-section-height-default\" data-id=\"7fc86cc\" data-element_type=\"section\" data-e-type=\"section\">\n\t\t\t\t\t\t<div class=\"elementor-container elementor-column-gap-default\">\n\t\t\t\t\t<div class=\"elementor-column elementor-col-100 elementor-top-column elementor-element elementor-element-3b22b53 page-content-text\" data-id=\"3b22b53\" data-element_type=\"column\" data-e-type=\"column\">\n\t\t\t<div class=\"elementor-widget-wrap elementor-element-populated\">\n\t\t\t\t\t\t<div class=\"elementor-element elementor-element-0aea17b elementor-widget elementor-widget-text-editor\" data-id=\"0aea17b\" data-element_type=\"widget\" data-e-type=\"widget\" data-widget_type=\"text-editor.default\">\n\t\t\t\t<div class=\"elementor-widget-container\">\n\t\t\t\t\t\t\t\t\tTPE aj silik\u00f3nov\u00e9 tel\u00e1 m\u00f4\u017eu ma\u0165 teraz vzh\u013ead krvn\u00fdch ciev. Ako na to zist\u00edte na obr\u00e1zkoch ni\u017e\u0161ie.\t\t\t\t\t\t\t\t<\/div>\n\t\t\t\t<\/div>\n\t\t\t\t<section class=\"elementor-section elementor-inner-section elementor-element elementor-element-541c4ba elementor-section-boxed elementor-section-height-default elementor-section-height-default\" data-id=\"541c4ba\" data-element_type=\"section\" data-e-type=\"section\">\n\t\t\t\t\t\t<div class=\"elementor-container elementor-column-gap-default\">\n\t\t\t\t\t<div class=\"elementor-column elementor-col-50 elementor-inner-column elementor-element elementor-element-25cfd42\" data-id=\"25cfd42\" data-element_type=\"column\" data-e-type=\"column\">\n\t\t\t<div class=\"elementor-widget-wrap elementor-element-populated\">\n\t\t\t\t\t\t<div class=\"elementor-element elementor-element-2f09bdd elementor-invisible elementor-widget elementor-widget-image\" data-id=\"2f09bdd\" data-element_type=\"widget\" data-e-type=\"widget\" data-settings=\"{&quot;_animation&quot;:&quot;fadeInLeft&quot;}\" data-widget_type=\"image.default\">\n\t\t\t\t<div class=\"elementor-widget-container\">\n\t\t\t\t\t\t\t\t\t\t\t\t\t\t\t<img loading=\"lazy\" decoding=\"async\" width=\"768\" height=\"1024\" src=\"https:\/\/renodoll.com\/wp-content\/uploads\/xstore\/xstore-placeholder-1024x1024.png\" class=\"attachment-large size-large wp-image-6603 lazyload lazyload-simple et-lazyload-fadeIn\" alt=\"\" sizes=\"auto, (max-width: 768px) 100vw, 768px\" data-src=\"https:\/\/renodoll.com\/wp-content\/uploads\/2023\/03\/Blood-Vessel1-768x1024.png\" data-srcset=\"https:\/\/renodoll.com\/wp-content\/uploads\/2023\/03\/Blood-Vessel1-768x1024.png 768w, https:\/\/renodoll.com\/wp-content\/uploads\/2023\/03\/Blood-Vessel1-225x300.png 225w, https:\/\/renodoll.com\/wp-content\/uploads\/2023\/03\/Blood-Vessel1-9x12.png 9w, https:\/\/renodoll.com\/wp-content\/uploads\/2023\/03\/Blood-Vessel1-75x100.png 75w, https:\/\/renodoll.com\/wp-content\/uploads\/2023\/03\/Blood-Vessel1-300x400.png 300w, https:\/\/renodoll.com\/wp-content\/uploads\/2023\/03\/Blood-Vessel1-600x800.png 600w, https:\/\/renodoll.com\/wp-content\/uploads\/2023\/03\/Blood-Vessel1-8x10.png 8w, https:\/\/renodoll.com\/wp-content\/uploads\/2023\/03\/Blood-Vessel1.png 900w\" \/>\t\t\t\t\t\t\t\t\t\t\t\t\t\t\t<\/div>\n\t\t\t\t<\/div>\n\t\t\t\t\t<\/div>\n\t\t<\/div>\n\t\t\t\t<div class=\"elementor-column elementor-col-50 elementor-inner-column elementor-element elementor-element-e0ce621\" data-id=\"e0ce621\" data-element_type=\"column\" data-e-type=\"column\">\n\t\t\t<div class=\"elementor-widget-wrap elementor-element-populated\">\n\t\t\t\t\t\t<div class=\"elementor-element elementor-element-6fd4c66 elementor-invisible elementor-widget elementor-widget-image\" data-id=\"6fd4c66\" data-element_type=\"widget\" data-e-type=\"widget\" data-settings=\"{&quot;_animation&quot;:&quot;fadeInRight&quot;}\" data-widget_type=\"image.default\">\n\t\t\t\t<div class=\"elementor-widget-container\">\n\t\t\t\t\t\t\t\t\t\t\t\t\t\t\t<img loading=\"lazy\" decoding=\"async\" width=\"768\" height=\"1024\" src=\"https:\/\/renodoll.com\/wp-content\/uploads\/xstore\/xstore-placeholder-1024x1024.png\" class=\"attachment-large size-large wp-image-6604 lazyload lazyload-simple et-lazyload-fadeIn\" alt=\"\" sizes=\"auto, (max-width: 768px) 100vw, 768px\" data-src=\"https:\/\/renodoll.com\/wp-content\/uploads\/2023\/03\/Blood-Vessel-768x1024.png\" data-srcset=\"https:\/\/renodoll.com\/wp-content\/uploads\/2023\/03\/Blood-Vessel-768x1024.png 768w, https:\/\/renodoll.com\/wp-content\/uploads\/2023\/03\/Blood-Vessel-225x300.png 225w, https:\/\/renodoll.com\/wp-content\/uploads\/2023\/03\/Blood-Vessel-9x12.png 9w, https:\/\/renodoll.com\/wp-content\/uploads\/2023\/03\/Blood-Vessel-75x100.png 75w, https:\/\/renodoll.com\/wp-content\/uploads\/2023\/03\/Blood-Vessel-300x400.png 300w, https:\/\/renodoll.com\/wp-content\/uploads\/2023\/03\/Blood-Vessel-600x800.png 600w, https:\/\/renodoll.com\/wp-content\/uploads\/2023\/03\/Blood-Vessel-8x10.png 8w, https:\/\/renodoll.com\/wp-content\/uploads\/2023\/03\/Blood-Vessel.png 900w\" \/>\t\t\t\t\t\t\t\t\t\t\t\t\t\t\t<\/div>\n\t\t\t\t<\/div>\n\t\t\t\t\t<\/div>\n\t\t<\/div>\n\t\t\t\t\t<\/div>\n\t\t<\/section>\n\t\t\t\t<div class=\"elementor-element elementor-element-350bb40 elementor-widget elementor-widget-spacer\" data-id=\"350bb40\" data-element_type=\"widget\" data-e-type=\"widget\" data-widget_type=\"spacer.default\">\n\t\t\t\t<div class=\"elementor-widget-container\">\n\t\t\t\t\t\t\t<div class=\"elementor-spacer\">\n\t\t\t<div class=\"elementor-spacer-inner\"><\/div>\n\t\t<\/div>\n\t\t\t\t\t\t<\/div>\n\t\t\t\t<\/div>\n\t\t\t\t<div class=\"elementor-element elementor-element-760dc5b elementor-widget elementor-widget-text-editor\" data-id=\"760dc5b\" data-element_type=\"widget\" data-e-type=\"widget\" data-widget_type=\"text-editor.default\">\n\t\t\t\t<div class=\"elementor-widget-container\">\n\t\t\t\t\t\t\t\t\t<p>\u00da\u017easn\u00e1 vec na milostn\u00fdch b\u00e1bik\u00e1ch RenoDoll je make-up cel\u00e9ho tela so skuto\u010dn\u00fdmi krvn\u00fdmi cievami.<\/p>\t\t\t\t\t\t\t\t<\/div>\n\t\t\t\t<\/div>\n\t\t\t\t<div class=\"elementor-element elementor-element-7312d3a elementor-widget elementor-widget-text-editor\" data-id=\"7312d3a\" data-element_type=\"widget\" data-e-type=\"widget\" data-widget_type=\"text-editor.default\">\n\t\t\t\t<div class=\"elementor-widget-container\">\n\t\t\t\t\t\t\t\t\t<p>RenoDoll je sl\u00e1vna svetozn\u00e1ma zna\u010dka. S\u00eddlo medzin\u00e1rodnej spolo\u010dnosti sa nach\u00e1dza v Shenzhene v \u010c\u00edne. RenoDoll je prv\u00fd be\u017eec a vodca silik\u00f3novej hlavy + TPE tela cievnej karb\u00f3novej k\u00f3pie.<\/p>\t\t\t\t\t\t\t\t<\/div>\n\t\t\t\t<\/div>\n\t\t\t\t<div class=\"elementor-element elementor-element-6aa2484 elementor-widget elementor-widget-text-editor\" data-id=\"6aa2484\" data-element_type=\"widget\" data-e-type=\"widget\" data-widget_type=\"text-editor.default\">\n\t\t\t\t<div class=\"elementor-widget-container\">\n\t\t\t\t\t\t\t\t\tVyu\u017e\u00edva technol\u00f3giu skuto\u010dn\u00fdch foriem na duplikovanie skuto\u010dn\u00e9ho tela modelu 1:1 s text\u00farou poko\u017eky. \t\t\t\t\t\t\t\t<\/div>\n\t\t\t\t<\/div>\n\t\t\t\t<div class=\"elementor-element elementor-element-a759c16 elementor-invisible elementor-widget elementor-widget-heading\" data-id=\"a759c16\" data-element_type=\"widget\" data-e-type=\"widget\" data-settings=\"{&quot;_animation&quot;:&quot;fadeInUp&quot;}\" data-widget_type=\"heading.default\">\n\t\t\t\t<div class=\"elementor-widget-container\">\n\t\t\t\t\t<h2 class=\"elementor-heading-title elementor-size-default\">Vlastnosti Sexy Sex Dolls<\/h2>\t\t\t\t<\/div>\n\t\t\t\t<\/div>\n\t\t\t\t<div class=\"elementor-element elementor-element-323fb16 elementor-widget elementor-widget-text-editor\" data-id=\"323fb16\" data-element_type=\"widget\" data-e-type=\"widget\" data-widget_type=\"text-editor.default\">\n\t\t\t\t<div class=\"elementor-widget-container\">\n\t\t\t\t\t\t\t\t\tSofistikovan\u00e1, realistick\u00e1 sexu\u00e1lna b\u00e1bika sa sna\u017e\u00ed o dokonalos\u0165 so skuto\u010dnou b\u00e1bikou. \u010crty tv\u00e1re s\u00fa jasnej\u0161ie a viac simulovan\u00e9, telo je potiahnut\u00e9 tak, aby vyhovovalo akejko\u013evek farbe pleti, ktor\u00fa si \u017eel\u00e1te, a make-up cel\u00e9ho tela je vyplnen\u00fd skuto\u010dn\u00fdmi krvn\u00fdmi cievami a l\u00edniami poko\u017eky.\t\t\t\t\t\t\t\t<\/div>\n\t\t\t\t<\/div>\n\t\t\t\t<div class=\"elementor-element elementor-element-b37b977 elementor-invisible elementor-widget elementor-widget-heading\" data-id=\"b37b977\" data-element_type=\"widget\" data-e-type=\"widget\" data-settings=\"{&quot;_animation&quot;:&quot;fadeInUp&quot;}\" data-widget_type=\"heading.default\">\n\t\t\t\t<div class=\"elementor-widget-container\">\n\t\t\t\t\t<h2 class=\"elementor-heading-title elementor-size-default\">Reno Doll, jeden z najlep\u0161\u00edch distrib\u00fatorov autentick\u00fdch b\u00e1bik l\u00e1sky<\/h2>\t\t\t\t<\/div>\n\t\t\t\t<\/div>\n\t\t\t\t<div class=\"elementor-element elementor-element-1e016d9 elementor-widget elementor-widget-text-editor\" data-id=\"1e016d9\" data-element_type=\"widget\" data-e-type=\"widget\" data-widget_type=\"text-editor.default\">\n\t\t\t\t<div class=\"elementor-widget-container\">\n\t\t\t\t\t\t\t\t\t<p>Skuto\u010dn\u00e1 b\u00e1bika vyu\u017e\u00edva dva r\u00f4zne materi\u00e1ly, silik\u00f3n a TPE. Telo a hlava s\u00fa vyroben\u00e9 z r\u00f4znych \u0161pi\u010dkov\u00fdch materi\u00e1lov, aby sa dali maxim\u00e1lne vyu\u017ei\u0165. Hlava je zlo\u017een\u00e1 z vysoko kvalitn\u00e9ho silik\u00f3nov\u00e9ho materi\u00e1lu, ktor\u00fd potvrdzuje, \u017ee \u0161pecifik\u00e1cie skuto\u010dnej hlavy s\u00fa v \u010do najv\u00e4\u010d\u0161ej miere obnoven\u00e9.<\/p>\t\t\t\t\t\t\t\t<\/div>\n\t\t\t\t<\/div>\n\t\t\t\t<div class=\"elementor-element elementor-element-c5464c7 elementor-invisible elementor-widget elementor-widget-heading\" data-id=\"c5464c7\" data-element_type=\"widget\" data-e-type=\"widget\" data-settings=\"{&quot;_animation&quot;:&quot;fadeInUp&quot;}\" data-widget_type=\"heading.default\">\n\t\t\t\t<div class=\"elementor-widget-container\">\n\t\t\t\t\t<h2 class=\"elementor-heading-title elementor-size-default\">Kvalitn\u00e9 sexu\u00e1lne b\u00e1biky na predaj online<\/h2>\t\t\t\t<\/div>\n\t\t\t\t<\/div>\n\t\t\t\t<div class=\"elementor-element elementor-element-1dd287d elementor-widget elementor-widget-text-editor\" data-id=\"1dd287d\" data-element_type=\"widget\" data-e-type=\"widget\" data-widget_type=\"text-editor.default\">\n\t\t\t\t<div class=\"elementor-widget-container\">\n\t\t\t\t\t\t\t\t\t<p>Sexu\u00e1lne b\u00e1biky v \u017eivotnej ve\u013ekosti s\u00fa n\u00e1dhern\u00e9, zvl\u00e1\u0161tne a flexibiln\u00e9, v\u010faka \u010domu s\u00fa ve\u013emi praktickou n\u00e1hradou porna pre v\u00e1\u0161 sexu\u00e1lny \u017eivot. K\u00fapte si Sexy Sexy Dolls RenoDoll v ka\u017edom na\u0161om obchode so sexu\u00e1lnymi b\u00e1bikami a bu\u010fte si ist\u00ed, \u017ee dostanete tie najkvalitnej\u0161ie sexu\u00e1lne b\u00e1biky.<\/p>\t\t\t\t\t\t\t\t<\/div>\n\t\t\t\t<\/div>\n\t\t\t\t\t<\/div>\n\t\t<\/div>\n\t\t\t\t\t<\/div>\n\t\t<\/section>\n\t\t\t\t<\/div>","protected":false},"excerpt":{"rendered":"<p>TPE aj silik\u00f3nov\u00e9 tel\u00e1 m\u00f4\u017eu ma\u0165 teraz vzh\u013ead krvn\u00fdch ciev. Ako na to zist\u00edte na obr\u00e1zkoch ni\u017e\u0161ie. \u00da\u017easn\u00e1 vec na milostn\u00fdch b\u00e1bik\u00e1ch RenoDoll je make-up cel\u00e9ho tela so skuto\u010dn\u00fdmi krvn\u00fdmi cievami. RenoDoll je sl\u00e1vna svetozn\u00e1ma zna\u010dka. S\u00eddlo medzin\u00e1rodnej spolo\u010dnosti sa nach\u00e1dza v Shenzhene v \u010c\u00edne. RenoDoll je prv\u00fd be\u017eec a vodca silik\u00f3novej hlavy + TPE tela cievnej karb\u00f3novej k\u00f3pie. Vyu\u017e\u00edva technol\u00f3giu skuto\u010dn\u00fdch foriem na duplikovanie skuto\u010dn\u00e9ho tela modelu 1:1 s text\u00farou poko\u017eky. Vlastnosti Sexy Sex Dolls Sofistikovan\u00e1, realistick\u00e1 sexu\u00e1lna b\u00e1bika sa sna\u017e\u00ed o dokonalos\u0165<\/p>","protected":false},"author":1,"featured_media":0,"parent":0,"menu_order":0,"comment_status":"closed","ping_status":"closed","template":"","meta":{"footnotes":""},"class_list":["post-5353","page","type-page","status-publish","hentry"],"aioseo_notices":[],"_links":{"self":[{"href":"https:\/\/renodoll.com\/sk\/wp-json\/wp\/v2\/pages\/5353","targetHints":{"allow":["GET"]}}],"collection":[{"href":"https:\/\/renodoll.com\/sk\/wp-json\/wp\/v2\/pages"}],"about":[{"href":"https:\/\/renodoll.com\/sk\/wp-json\/wp\/v2\/types\/page"}],"author":[{"embeddable":true,"href":"https:\/\/renodoll.com\/sk\/wp-json\/wp\/v2\/users\/1"}],"replies":[{"embeddable":true,"href":"https:\/\/renodoll.com\/sk\/wp-json\/wp\/v2\/comments?post=5353"}],"version-history":[{"count":25,"href":"https:\/\/renodoll.com\/sk\/wp-json\/wp\/v2\/pages\/5353\/revisions"}],"predecessor-version":[{"id":14828,"href":"https:\/\/renodoll.com\/sk\/wp-json\/wp\/v2\/pages\/5353\/revisions\/14828"}],"wp:attachment":[{"href":"https:\/\/renodoll.com\/sk\/wp-json\/wp\/v2\/media?parent=5353"}],"curies":[{"name":"wp","href":"https:\/\/api.w.org\/{rel}","templated":true}]}}