{"id":5330,"date":"2023-02-22T14:27:04","date_gmt":"2023-02-22T06:27:04","guid":{"rendered":"https:\/\/renodoll.com\/?page_id=5330"},"modified":"2023-04-24T20:06:13","modified_gmt":"2023-04-24T12:06:13","slug":"sex-doll-dress-up","status":"publish","type":"page","link":"https:\/\/renodoll.com\/sk\/sex-doll-dress-up\/","title":{"rendered":"Sex Doll Dress Up"},"content":{"rendered":"<div data-elementor-type=\"wp-page\" data-elementor-id=\"5330\" class=\"elementor elementor-5330\" data-elementor-post-type=\"page\">\n\t\t\t\t\t\t<section class=\"elementor-section elementor-top-section elementor-element elementor-element-9ee3c63 elementor-section-boxed elementor-section-height-default elementor-section-height-default\" data-id=\"9ee3c63\" data-element_type=\"section\" data-e-type=\"section\">\n\t\t\t\t\t\t<div class=\"elementor-container elementor-column-gap-default\">\n\t\t\t\t\t<div class=\"elementor-column elementor-col-100 elementor-top-column elementor-element elementor-element-a5c4cb6 page-content-text\" data-id=\"a5c4cb6\" data-element_type=\"column\" data-e-type=\"column\">\n\t\t\t<div class=\"elementor-widget-wrap elementor-element-populated\">\n\t\t\t\t\t\t<div class=\"elementor-element elementor-element-23b29e3 elementor-invisible elementor-widget elementor-widget-heading\" data-id=\"23b29e3\" data-element_type=\"widget\" data-e-type=\"widget\" data-settings=\"{&quot;_animation&quot;:&quot;fadeInUp&quot;}\" data-widget_type=\"heading.default\">\n\t\t\t\t<div class=\"elementor-widget-container\">\n\t\t\t\t\t<h2 class=\"elementor-heading-title elementor-size-default\">Body, na ktor\u00e9 treba pam\u00e4ta\u0165 pri obliekan\u00ed b\u00e1biky<\/h2>\t\t\t\t<\/div>\n\t\t\t\t<\/div>\n\t\t\t\t<div class=\"elementor-element elementor-element-0275977 elementor-widget elementor-widget-spacer\" data-id=\"0275977\" data-element_type=\"widget\" data-e-type=\"widget\" data-widget_type=\"spacer.default\">\n\t\t\t\t<div class=\"elementor-widget-container\">\n\t\t\t\t\t\t\t<div class=\"elementor-spacer\">\n\t\t\t<div class=\"elementor-spacer-inner\"><\/div>\n\t\t<\/div>\n\t\t\t\t\t\t<\/div>\n\t\t\t\t<\/div>\n\t\t\t\t<div class=\"elementor-element elementor-element-0ee033e elementor-invisible elementor-widget elementor-widget-heading\" data-id=\"0ee033e\" data-element_type=\"widget\" data-e-type=\"widget\" data-settings=\"{&quot;_animation&quot;:&quot;fadeInUp&quot;}\" data-widget_type=\"heading.default\">\n\t\t\t\t<div class=\"elementor-widget-container\">\n\t\t\t\t\t<h2 class=\"elementor-heading-title elementor-size-default\">\u00davod<\/h2>\t\t\t\t<\/div>\n\t\t\t\t<\/div>\n\t\t\t\t<div class=\"elementor-element elementor-element-1366056 elementor-widget elementor-widget-text-editor\" data-id=\"1366056\" data-element_type=\"widget\" data-e-type=\"widget\" data-widget_type=\"text-editor.default\">\n\t\t\t\t<div class=\"elementor-widget-container\">\n\t\t\t\t\t\t\t\t\tKon\u010datiny silik\u00f3novej b\u00e1biky sa m\u00f4\u017eu pohybova\u0165, ale je to s ur\u010dit\u00fdmi obmedzeniami. Pri obliekan\u00ed svojej sexu\u00e1lnej b\u00e1biky pod\u013ea svojho vkusu mus\u00edte chr\u00e1ni\u0165 aj silik\u00f3nov\u00fa poko\u017eku. Dobre si v\u0161imnite nasleduj\u00face body. \t\t\t\t\t\t\t\t<\/div>\n\t\t\t\t<\/div>\n\t\t\t\t<div class=\"elementor-element elementor-element-1b286a6 elementor-invisible elementor-widget elementor-widget-heading\" data-id=\"1b286a6\" data-element_type=\"widget\" data-e-type=\"widget\" data-settings=\"{&quot;_animation&quot;:&quot;fadeInUp&quot;}\" data-widget_type=\"heading.default\">\n\t\t\t\t<div class=\"elementor-widget-container\">\n\t\t\t\t\t<h2 class=\"elementor-heading-title elementor-size-default\">Nedovo\u013ete, aby sa kon\u010datiny pr\u00edli\u0161 oh\u00fdbali<\/h2>\t\t\t\t<\/div>\n\t\t\t\t<\/div>\n\t\t\t\t<div class=\"elementor-element elementor-element-5570512 elementor-widget elementor-widget-text-editor\" data-id=\"5570512\" data-element_type=\"widget\" data-e-type=\"widget\" data-widget_type=\"text-editor.default\">\n\t\t\t\t<div class=\"elementor-widget-container\">\n\t\t\t\t\t\t\t\t\tKe\u010f obliekate svoju sexu\u00e1lnu b\u00e1biku, sna\u017ete sa \u010do najviac vyh\u00fdba\u0165 tomu, aby ste pr\u00edli\u0161 vysoko zdvihli ruky svojej b\u00e1biky, aby nedo\u0161lo k prasknutiu alebo roztrhnutiu silik\u00f3nu. Venujte zv\u00fd\u0161en\u00fa pozornos\u0165 in\u0161trukci\u00e1m o bezpe\u010dnom uhle v rozsahu fyzickej aktivity v\u00fdlu\u010dne pre oper\u00e1cie. \t\t\t\t\t\t\t\t<\/div>\n\t\t\t\t<\/div>\n\t\t\t\t<div class=\"elementor-element elementor-element-690b0e9 elementor-invisible elementor-widget elementor-widget-heading\" data-id=\"690b0e9\" data-element_type=\"widget\" data-e-type=\"widget\" data-settings=\"{&quot;_animation&quot;:&quot;fadeInUp&quot;}\" data-widget_type=\"heading.default\">\n\t\t\t\t<div class=\"elementor-widget-container\">\n\t\t\t\t\t<h2 class=\"elementor-heading-title elementor-size-default\">D\u00e1vajte pozor na \u0161krabance<\/h2>\t\t\t\t<\/div>\n\t\t\t\t<\/div>\n\t\t\t\t<div class=\"elementor-element elementor-element-2665724 elementor-widget elementor-widget-text-editor\" data-id=\"2665724\" data-element_type=\"widget\" data-e-type=\"widget\" data-widget_type=\"text-editor.default\">\n\t\t\t\t<div class=\"elementor-widget-container\">\n\t\t\t\t\t\t\t\t\tD\u00e1vajte pozor, aby ste svojej b\u00e1bike l\u00e1sky nedovolili nosi\u0165 oble\u010denie alebo doplnky s tak ostr\u00fdmi hranami, \u017ee za\u010dn\u00fa hyzdi\u0165 va\u0161u b\u00e1biku. Ak v\u0161ak v\u00e1\u0161 v\u00fdber oble\u010denia obsahuje ostr\u00e9 gomb\u00edky a podobne, pri obliekan\u00ed sa k svojej skuto\u010dnej b\u00e1bike spr\u00e1vajte ako k b\u00e1b\u00e4tku.\t\t\t\t\t\t\t\t<\/div>\n\t\t\t\t<\/div>\n\t\t\t\t<div class=\"elementor-element elementor-element-760f9e7 elementor-invisible elementor-widget elementor-widget-heading\" data-id=\"760f9e7\" data-element_type=\"widget\" data-e-type=\"widget\" data-settings=\"{&quot;_animation&quot;:&quot;fadeInUp&quot;}\" data-widget_type=\"heading.default\">\n\t\t\t\t<div class=\"elementor-widget-container\">\n\t\t\t\t\t<h2 class=\"elementor-heading-title elementor-size-default\">Pred nasaden\u00edm kab\u00e1ta si zlo\u017ete hlavu<\/h2>\t\t\t\t<\/div>\n\t\t\t\t<\/div>\n\t\t\t\t<div class=\"elementor-element elementor-element-32fca7b elementor-widget elementor-widget-text-editor\" data-id=\"32fca7b\" data-element_type=\"widget\" data-e-type=\"widget\" data-widget_type=\"text-editor.default\">\n\t\t\t\t<div class=\"elementor-widget-container\">\n\t\t\t\t\t\t\t\t\tKe\u010f obliekate svoju b\u00e1biku l\u00e1sky a v\u0161imnete si, \u017ee niektor\u00e1 \u010das\u0165 oble\u010denia je pr\u00edli\u0161 tesn\u00e1 alebo by va\u0161ej b\u00e1bike podobnej \u017eivotu sp\u00f4sobovala ur\u010dit\u00fd stupe\u0148 nepohodlia, urobte dobre, ak svojej skuto\u010dnej b\u00e1bike zlo\u017e\u00edte hlavu. \t\t\t\t\t\t\t\t<\/div>\n\t\t\t\t<\/div>\n\t\t\t\t<section class=\"elementor-section elementor-inner-section elementor-element elementor-element-d0ad383 elementor-section-full_width elementor-section-height-default elementor-section-height-default\" data-id=\"d0ad383\" data-element_type=\"section\" data-e-type=\"section\">\n\t\t\t\t\t\t<div class=\"elementor-container elementor-column-gap-default\">\n\t\t\t\t\t<div class=\"elementor-column elementor-col-50 elementor-inner-column elementor-element elementor-element-0d201b2\" data-id=\"0d201b2\" data-element_type=\"column\" data-e-type=\"column\">\n\t\t\t<div class=\"elementor-widget-wrap elementor-element-populated\">\n\t\t\t\t\t\t<div class=\"elementor-element elementor-element-5e75bf3 elementor-widget elementor-widget-image\" data-id=\"5e75bf3\" data-element_type=\"widget\" data-e-type=\"widget\" data-widget_type=\"image.default\">\n\t\t\t\t<div class=\"elementor-widget-container\">\n\t\t\t\t\t\t\t\t\t\t\t\t\t\t\t<img loading=\"lazy\" decoding=\"async\" width=\"367\" height=\"388\" src=\"https:\/\/renodoll.com\/wp-content\/uploads\/xstore\/xstore-placeholder-600x600.png\" class=\"attachment-woocommerce_single size-woocommerce_single wp-image-14231 lazyload lazyload-simple et-lazyload-fadeIn\" alt=\"\" sizes=\"auto, (max-width: 367px) 100vw, 367px\" data-src=\"https:\/\/renodoll.com\/wp-content\/uploads\/2023\/03\/kb-piercing.jpg\" data-srcset=\"https:\/\/renodoll.com\/wp-content\/uploads\/2023\/03\/kb-piercing.jpg 367w, https:\/\/renodoll.com\/wp-content\/uploads\/2023\/03\/kb-piercing-284x300.jpg 284w, https:\/\/renodoll.com\/wp-content\/uploads\/2023\/03\/kb-piercing-11x12.jpg 11w, https:\/\/renodoll.com\/wp-content\/uploads\/2023\/03\/kb-piercing-95x100.jpg 95w, https:\/\/renodoll.com\/wp-content\/uploads\/2023\/03\/kb-piercing-300x317.jpg 300w, https:\/\/renodoll.com\/wp-content\/uploads\/2023\/03\/kb-piercing-10x10.jpg 10w\" \/>\t\t\t\t\t\t\t\t\t\t\t\t\t\t\t<\/div>\n\t\t\t\t<\/div>\n\t\t\t\t\t<\/div>\n\t\t<\/div>\n\t\t\t\t<div class=\"elementor-column elementor-col-50 elementor-inner-column elementor-element elementor-element-e1caa7e\" data-id=\"e1caa7e\" data-element_type=\"column\" data-e-type=\"column\">\n\t\t\t<div class=\"elementor-widget-wrap elementor-element-populated\">\n\t\t\t\t\t\t<div class=\"elementor-element elementor-element-4260ec5 elementor-invisible elementor-widget elementor-widget-heading\" data-id=\"4260ec5\" data-element_type=\"widget\" data-e-type=\"widget\" data-settings=\"{&quot;_animation&quot;:&quot;fadeInUp&quot;}\" data-widget_type=\"heading.default\">\n\t\t\t\t<div class=\"elementor-widget-container\">\n\t\t\t\t\t<h2 class=\"elementor-heading-title elementor-size-default\">Piercing (u\u0161n\u00fd a n\u00e1morn\u00fd)<\/h2>\t\t\t\t<\/div>\n\t\t\t\t<\/div>\n\t\t\t\t<div class=\"elementor-element elementor-element-1732e22 elementor-widget elementor-widget-text-editor\" data-id=\"1732e22\" data-element_type=\"widget\" data-e-type=\"widget\" data-widget_type=\"text-editor.default\">\n\t\t\t\t<div class=\"elementor-widget-container\">\n\t\t\t\t\t\t\t\t\tM\u00f4\u017eete da\u0165 svojej dospelej sexu\u00e1lnej b\u00e1bike piercing? Pozit\u00edvny. Pri v\u0161etkom, \u010do rob\u00edte, nezabudnite, \u017ee n\u00e1strojmi na piercing s\u00fa tenk\u00fd \u017eelezn\u00fd dr\u00f4t alebo ihly, ktor\u00e9 sa trochu zapichn\u00fa do silik\u00f3novej ko\u017ee va\u0161ej realistickej b\u00e1biky. Priemer diery by v\u0161ak nemal by\u0165 v\u00e4\u010d\u0161\u00ed ako 0,5 mm a v \u017eiadnom pr\u00edpade by ste na rezanie nemali pou\u017e\u00edva\u0165 no\u017ee alebo in\u00e9 ostr\u00e9 predmety. Tieto piercingy s\u00fa trval\u00e9, aby sa predi\u0161lo prasknutiu alebo roztrhnutiu silik\u00f3nu.\t\t\t\t\t\t\t\t<\/div>\n\t\t\t\t<\/div>\n\t\t\t\t<div class=\"elementor-element elementor-element-a03cfc1 elementor-widget elementor-widget-text-editor\" data-id=\"a03cfc1\" data-element_type=\"widget\" data-e-type=\"widget\" data-widget_type=\"text-editor.default\">\n\t\t\t\t<div class=\"elementor-widget-container\">\n\t\t\t\t\t\t\t\t\tNezabudnite v\u017edy nanies\u0165 pr\u00e1\u0161ok na va\u0161u skuto\u010dn\u00fa b\u00e1biku predt\u00fdm, ako sa oble\u010diete do \u00fazkych nohav\u00edc. Silik\u00f3n m\u00e1 n\u00e1hodou ve\u013ek\u00e9 trenie, a preto ak je pr\u00edli\u0161 tesn\u00e9 obliec\u0165 b\u00e1biku l\u00e1sky do nohav\u00edc alebo pono\u017eiek, urobte nasledovn\u00e9. Pred obliekan\u00edm si vyzle\u010dte nohavice a naneste pr\u00e1\u0161ok do k\u00fape\u013ea alebo mastenec.\t\t\t\t\t\t\t\t<\/div>\n\t\t\t\t<\/div>\n\t\t\t\t\t<\/div>\n\t\t<\/div>\n\t\t\t\t\t<\/div>\n\t\t<\/section>\n\t\t\t\t<div class=\"elementor-element elementor-element-91005da elementor-invisible elementor-widget elementor-widget-heading\" data-id=\"91005da\" data-element_type=\"widget\" data-e-type=\"widget\" data-settings=\"{&quot;_animation&quot;:&quot;fadeInUp&quot;}\" data-widget_type=\"heading.default\">\n\t\t\t\t<div class=\"elementor-widget-container\">\n\t\t\t\t\t<h2 class=\"elementor-heading-title elementor-size-default\">Fitness Oble\u010denie<\/h2>\t\t\t\t<\/div>\n\t\t\t\t<\/div>\n\t\t\t\t<div class=\"elementor-element elementor-element-0e05e3e elementor-widget elementor-widget-text-editor\" data-id=\"0e05e3e\" data-element_type=\"widget\" data-e-type=\"widget\" data-widget_type=\"text-editor.default\">\n\t\t\t\t<div class=\"elementor-widget-container\">\n\t\t\t\t\t\t\t\t\tPok\u00faste sa \u010do najviac vyhn\u00fa\u0165 tomu, aby ste svoju sexu\u00e1lnu b\u00e1biku obliekali do tesn\u00e9ho oble\u010denia alebo oble\u010denia, ktor\u00e9 by ju na dlh\u00fa dobu stl\u00e1\u010dalo. To m\u00f4\u017ee sp\u00f4sobi\u0165 prasknutie silik\u00f3nu alebo ohov\u00e1ranie.\t\t\t\t\t\t\t\t<\/div>\n\t\t\t\t<\/div>\n\t\t\t\t<div class=\"elementor-element elementor-element-8cc3ec1 elementor-widget elementor-widget-text-editor\" data-id=\"8cc3ec1\" data-element_type=\"widget\" data-e-type=\"widget\" data-widget_type=\"text-editor.default\">\n\t\t\t\t<div class=\"elementor-widget-container\">\n\t\t\t\t\t\t\t\t\t Ak va\u0161ej sexu\u00e1lnej b\u00e1bike nesed\u00ed ve\u013ekos\u0165 \u0161iat, po ktorej t\u00fa\u017eite, zaobstarajte si in\u00fa. Navy\u0161e, niektor\u00e9 oble\u010denie mus\u00ed by\u0165 \u0161peci\u00e1lne vyroben\u00e9 pre b\u00e1biky.\t\t\t\t\t\t\t\t<\/div>\n\t\t\t\t<\/div>\n\t\t\t\t<div class=\"elementor-element elementor-element-fb0bc57 elementor-invisible elementor-widget elementor-widget-heading\" data-id=\"fb0bc57\" data-element_type=\"widget\" data-e-type=\"widget\" data-settings=\"{&quot;_animation&quot;:&quot;fadeInUp&quot;}\" data-widget_type=\"heading.default\">\n\t\t\t\t<div class=\"elementor-widget-container\">\n\t\t\t\t\t<h2 class=\"elementor-heading-title elementor-size-default\">Zabr\u00e1\u0148te zafarbeniu<\/h2>\t\t\t\t<\/div>\n\t\t\t\t<\/div>\n\t\t\t\t<div class=\"elementor-element elementor-element-53229ea elementor-widget elementor-widget-text-editor\" data-id=\"53229ea\" data-element_type=\"widget\" data-e-type=\"widget\" data-widget_type=\"text-editor.default\">\n\t\t\t\t<div class=\"elementor-widget-container\">\n\t\t\t\t\t\t\t\t\tNiektor\u00e9 typy oble\u010denia s\u00fa vyroben\u00e9 bu\u010f z farbenej umelej ko\u017ee, alebo z in\u00fdch olejom zafarben\u00fdch ko\u017een\u00fdch materi\u00e1lov s hrozn\u00fdm sfarben\u00edm, ktor\u00e9 m\u00f4\u017ee prenikn\u00fa\u0165 do vn\u00fatra silik\u00f3nu, ke\u010f m\u00e1 sexu\u00e1lna b\u00e1bika dlh\u0161\u00ed \u010das kontakt so \u0161atami. To m\u00f4\u017ee vies\u0165 k zmene farby pleti va\u0161ej sexu\u00e1lnej b\u00e1biky. Najrealistickej\u0161ie je vyh\u00fdba\u0165 sa tomuto typu \u017eiary, ako sa len d\u00e1, alebo ak to bude potrebn\u00e9 a budete si ich musie\u0165 obliec\u0165, nechajte to na obmedzen\u00fa dobu na tele sexi b\u00e1biky.\t\t\t\t\t\t\t\t<\/div>\n\t\t\t\t<\/div>\n\t\t\t\t<div class=\"elementor-element elementor-element-2e3d2b1 elementor-invisible elementor-widget elementor-widget-heading\" data-id=\"2e3d2b1\" data-element_type=\"widget\" data-e-type=\"widget\" data-settings=\"{&quot;_animation&quot;:&quot;fadeInUp&quot;}\" data-widget_type=\"heading.default\">\n\t\t\t\t<div class=\"elementor-widget-container\">\n\t\t\t\t\t<h2 class=\"elementor-heading-title elementor-size-default\">Pou\u017eite pr\u00e1\u0161ok do k\u00fape\u013ea, mastenec alebo detsk\u00fd p\u00fader, aby ste zabr\u00e1nili lepkavosti<\/h2>\t\t\t\t<\/div>\n\t\t\t\t<\/div>\n\t\t\t\t<div class=\"elementor-element elementor-element-0963a4f elementor-widget elementor-widget-text-editor\" data-id=\"0963a4f\" data-element_type=\"widget\" data-e-type=\"widget\" data-widget_type=\"text-editor.default\">\n\t\t\t\t<div class=\"elementor-widget-container\">\n\t\t\t\t\t\t\t\t\tPrirodzene, silik\u00f3nov\u00fd povrch je dos\u0165 lepkav\u00fd. Pred obliekan\u00edm mus\u00edte pou\u017ei\u0165 pr\u00e1\u0161ok do k\u00fape\u013ea alebo mastenec. Ak je k dispoz\u00edcii statick\u00e1 elektrina, mo\u017eno pou\u017ei\u0165 sprej na statick\u00fa elektrinu. Pri striekan\u00ed v\u0161ak bu\u010fte opatrn\u00ed, aby ste nenastriekali pr\u00edli\u0161 ve\u013ea.\t\t\t\t\t\t\t\t<\/div>\n\t\t\t\t<\/div>\n\t\t\t\t\t<\/div>\n\t\t<\/div>\n\t\t\t\t\t<\/div>\n\t\t<\/section>\n\t\t\t\t<\/div>","protected":false},"excerpt":{"rendered":"<p>Points To Note When Dressing Your Doll Introduction The limbs of the Silicone doll can move, but it&#8217;s with some restrictions. While dressing your sex doll to suit your taste, you also need to protect the Silicone skin. Do well to take note of the following points. Do Not Allow The Limbs To Bend Too Much When dressing your sex doll, try as much as possible to avoid raising the arms of your doll too high so Silicone ruptures or tearing do not occur. Please pay close attention to the safe angle instructions in the Physical Activity Scope strictly for<\/p>","protected":false},"author":1,"featured_media":0,"parent":0,"menu_order":0,"comment_status":"closed","ping_status":"closed","template":"","meta":{"footnotes":""},"class_list":["post-5330","page","type-page","status-publish","hentry"],"aioseo_notices":[],"_links":{"self":[{"href":"https:\/\/renodoll.com\/sk\/wp-json\/wp\/v2\/pages\/5330","targetHints":{"allow":["GET"]}}],"collection":[{"href":"https:\/\/renodoll.com\/sk\/wp-json\/wp\/v2\/pages"}],"about":[{"href":"https:\/\/renodoll.com\/sk\/wp-json\/wp\/v2\/types\/page"}],"author":[{"embeddable":true,"href":"https:\/\/renodoll.com\/sk\/wp-json\/wp\/v2\/users\/1"}],"replies":[{"embeddable":true,"href":"https:\/\/renodoll.com\/sk\/wp-json\/wp\/v2\/comments?post=5330"}],"version-history":[{"count":53,"href":"https:\/\/renodoll.com\/sk\/wp-json\/wp\/v2\/pages\/5330\/revisions"}],"predecessor-version":[{"id":16005,"href":"https:\/\/renodoll.com\/sk\/wp-json\/wp\/v2\/pages\/5330\/revisions\/16005"}],"wp:attachment":[{"href":"https:\/\/renodoll.com\/sk\/wp-json\/wp\/v2\/media?parent=5330"}],"curies":[{"name":"wp","href":"https:\/\/api.w.org\/{rel}","templated":true}]}}