{"id":5165,"date":"2023-02-20T14:23:19","date_gmt":"2023-02-20T06:23:19","guid":{"rendered":"https:\/\/renodoll.com\/?page_id=5165"},"modified":"2023-03-31T14:27:41","modified_gmt":"2023-03-31T06:27:41","slug":"payment","status":"publish","type":"page","link":"https:\/\/renodoll.com\/sk\/payment\/","title":{"rendered":"Platba"},"content":{"rendered":"<div data-elementor-type=\"wp-page\" data-elementor-id=\"5165\" class=\"elementor elementor-5165\" data-elementor-post-type=\"page\">\n\t\t\t\t\t\t<section class=\"elementor-section elementor-top-section elementor-element elementor-element-2aace59 elementor-section-boxed elementor-section-height-default elementor-section-height-default\" data-id=\"2aace59\" data-element_type=\"section\" data-e-type=\"section\">\n\t\t\t\t\t\t<div class=\"elementor-container elementor-column-gap-no\">\n\t\t\t\t\t<div class=\"elementor-column elementor-col-100 elementor-top-column elementor-element elementor-element-0017d57\" data-id=\"0017d57\" data-element_type=\"column\" data-e-type=\"column\">\n\t\t\t<div class=\"elementor-widget-wrap elementor-element-populated\">\n\t\t\t\t\t\t<div class=\"elementor-element elementor-element-8a2ff4e elementor-widget elementor-widget-spacer\" data-id=\"8a2ff4e\" data-element_type=\"widget\" data-e-type=\"widget\" data-widget_type=\"spacer.default\">\n\t\t\t\t<div class=\"elementor-widget-container\">\n\t\t\t\t\t\t\t<div class=\"elementor-spacer\">\n\t\t\t<div class=\"elementor-spacer-inner\"><\/div>\n\t\t<\/div>\n\t\t\t\t\t\t<\/div>\n\t\t\t\t<\/div>\n\t\t\t\t<div class=\"elementor-element elementor-element-5997a9f elementor-invisible elementor-widget elementor-widget-heading\" data-id=\"5997a9f\" data-element_type=\"widget\" data-e-type=\"widget\" data-settings=\"{&quot;_animation&quot;:&quot;fadeInLeft&quot;}\" data-widget_type=\"heading.default\">\n\t\t\t\t<div class=\"elementor-widget-container\">\n\t\t\t\t\t<h1 class=\"elementor-heading-title elementor-size-default\">\u010co by ste mali vedie\u0165 o na\u0161om sp\u00f4sobe platby<\/h1>\t\t\t\t<\/div>\n\t\t\t\t<\/div>\n\t\t\t\t<div class=\"elementor-element elementor-element-7cdfd52 elementor-widget elementor-widget-spacer\" data-id=\"7cdfd52\" data-element_type=\"widget\" data-e-type=\"widget\" data-widget_type=\"spacer.default\">\n\t\t\t\t<div class=\"elementor-widget-container\">\n\t\t\t\t\t\t\t<div class=\"elementor-spacer\">\n\t\t\t<div class=\"elementor-spacer-inner\"><\/div>\n\t\t<\/div>\n\t\t\t\t\t\t<\/div>\n\t\t\t\t<\/div>\n\t\t\t\t<div class=\"elementor-element elementor-element-26c34f9 elementor-invisible elementor-widget elementor-widget-heading\" data-id=\"26c34f9\" data-element_type=\"widget\" data-e-type=\"widget\" data-settings=\"{&quot;_animation&quot;:&quot;fadeInUp&quot;}\" data-widget_type=\"heading.default\">\n\t\t\t\t<div class=\"elementor-widget-container\">\n\t\t\t\t\t<h2 class=\"elementor-heading-title elementor-size-default\">Ako si k\u00fapim svoju sexu\u00e1lnu b\u00e1biku?<\/h2>\t\t\t\t<\/div>\n\t\t\t\t<\/div>\n\t\t\t\t<div class=\"elementor-element elementor-element-3feda34 elementor-widget elementor-widget-text-editor\" data-id=\"3feda34\" data-element_type=\"widget\" data-e-type=\"widget\" data-widget_type=\"text-editor.default\">\n\t\t\t\t<div class=\"elementor-widget-container\">\n\t\t\t\t\t\t\t\t\t<p>Prij\u00edmame r\u00f4zne platby z r\u00f4znych mien, ako s\u00fa USD, EUR, GBP a AUD, aby sme spomenuli len niektor\u00e9. Prij\u00edmaj\u00fa sa hlavn\u00e9 platby kreditn\u00fdmi a debetn\u00fdmi kartami, vr\u00e1tane VISA, Mastercard a AMEX.<\/p>\t\t\t\t\t\t\t\t<\/div>\n\t\t\t\t<\/div>\n\t\t\t\t<div class=\"elementor-element elementor-element-99d4923 elementor-widget elementor-widget-text-editor\" data-id=\"99d4923\" data-element_type=\"widget\" data-e-type=\"widget\" data-widget_type=\"text-editor.default\">\n\t\t\t\t<div class=\"elementor-widget-container\">\n\t\t\t\t\t\t\t\t\tAkceptujeme aj PayPal, kryptomeny a PayPal fakt\u00fary (objednajte si b\u00e1biky l\u00e1sky a zapla\u0165te nesk\u00f4r prostredn\u00edctvom manu\u00e1lnej fakt\u00fary.)\t\t\t\t\t\t\t\t<\/div>\n\t\t\t\t<\/div>\n\t\t\t\t<div class=\"elementor-element elementor-element-821e5c1 elementor-widget elementor-widget-spacer\" data-id=\"821e5c1\" data-element_type=\"widget\" data-e-type=\"widget\" data-widget_type=\"spacer.default\">\n\t\t\t\t<div class=\"elementor-widget-container\">\n\t\t\t\t\t\t\t<div class=\"elementor-spacer\">\n\t\t\t<div class=\"elementor-spacer-inner\"><\/div>\n\t\t<\/div>\n\t\t\t\t\t\t<\/div>\n\t\t\t\t<\/div>\n\t\t\t\t<div class=\"elementor-element elementor-element-57d9795 elementor-invisible elementor-widget elementor-widget-heading\" data-id=\"57d9795\" data-element_type=\"widget\" data-e-type=\"widget\" data-settings=\"{&quot;_animation&quot;:&quot;fadeInUp&quot;}\" data-widget_type=\"heading.default\">\n\t\t\t\t<div class=\"elementor-widget-container\">\n\t\t\t\t\t<h2 class=\"elementor-heading-title elementor-size-default\">Ako sa transakcia zobraz\u00ed v mojich bankov\u00fdch z\u00e1znamoch?<\/h2>\t\t\t\t<\/div>\n\t\t\t\t<\/div>\n\t\t\t\t<div class=\"elementor-element elementor-element-4079b24 elementor-widget elementor-widget-text-editor\" data-id=\"4079b24\" data-element_type=\"widget\" data-e-type=\"widget\" data-widget_type=\"text-editor.default\">\n\t\t\t\t<div class=\"elementor-widget-container\">\n\t\t\t\t\t\t\t\t\t<p>Transakcie sa diskr\u00e9tne objavia vo va\u0161ich z\u00e1znamoch s dennou komoditou alebo nie\u010d\u00edm podobn\u00fdm. Zost\u00e1vame v anonymite a va\u0161e s\u00fakromie je na\u0161\u00edm z\u00e1ujmom.<\/p>\t\t\t\t\t\t\t\t<\/div>\n\t\t\t\t<\/div>\n\t\t\t\t<div class=\"elementor-element elementor-element-1a4cbf5 elementor-widget elementor-widget-spacer\" data-id=\"1a4cbf5\" data-element_type=\"widget\" data-e-type=\"widget\" data-widget_type=\"spacer.default\">\n\t\t\t\t<div class=\"elementor-widget-container\">\n\t\t\t\t\t\t\t<div class=\"elementor-spacer\">\n\t\t\t<div class=\"elementor-spacer-inner\"><\/div>\n\t\t<\/div>\n\t\t\t\t\t\t<\/div>\n\t\t\t\t<\/div>\n\t\t\t\t<div class=\"elementor-element elementor-element-fd092ed elementor-invisible elementor-widget elementor-widget-heading\" data-id=\"fd092ed\" data-element_type=\"widget\" data-e-type=\"widget\" data-settings=\"{&quot;_animation&quot;:&quot;fadeInUp&quot;}\" data-widget_type=\"heading.default\">\n\t\t\t\t<div class=\"elementor-widget-container\">\n\t\t\t\t\t<h2 class=\"elementor-heading-title elementor-size-default\">Ste skeptick\u00fd k bezpe\u010dnosti platieb?<\/h2>\t\t\t\t<\/div>\n\t\t\t\t<\/div>\n\t\t\t\t<div class=\"elementor-element elementor-element-4a2734b elementor-widget elementor-widget-text-editor\" data-id=\"4a2734b\" data-element_type=\"widget\" data-e-type=\"widget\" data-widget_type=\"text-editor.default\">\n\t\t\t\t<div class=\"elementor-widget-container\">\n\t\t\t\t\t\t\t\t\tVa\u0161e platby s\u00fa vysoko zabezpe\u010den\u00e9. N\u00e1\u0161 \u0161pi\u010dkov\u00fd platobn\u00fd re\u017eim je kompatibiln\u00fd s po\u010d\u00edta\u010dom \u00farovne 1.\t\t\t\t\t\t\t\t<\/div>\n\t\t\t\t<\/div>\n\t\t\t\t<div class=\"elementor-element elementor-element-fa5dcc4 elementor-widget elementor-widget-text-editor\" data-id=\"fa5dcc4\" data-element_type=\"widget\" data-e-type=\"widget\" data-widget_type=\"text-editor.default\">\n\t\t\t\t<div class=\"elementor-widget-container\">\n\t\t\t\t\t\t\t\t\tNa\u0161a str\u00e1nka je \u0161ifrovan\u00e1 SSL. To znamen\u00e1, \u017ee inform\u00e1cie pren\u00e1\u0161an\u00e9 cez webov\u00e9 str\u00e1nky a prehliada\u010d zost\u00e1vaj\u00fa anonymn\u00e9 a nemo\u017eno ich sledova\u0165. Aby ste uspokojili va\u0161u zvedavos\u0165, m\u00f4\u017eete si to pozrie\u0165 pr\u00e1ve teraz. Kliknite na panel s adresou URL prehliada\u010da; v\u013eavo je symbol zatvoren\u00e9ho z\u00e1mku. V\u0161imnite si, ako na\u0161a adresa za\u010d\u00edna \u201eHTTPS\u201c, aby sme potvrdili \u0161ifrovanie SSL. \t\t\t\t\t\t\t\t<\/div>\n\t\t\t\t<\/div>\n\t\t\t\t<div class=\"elementor-element elementor-element-91624e5 elementor-widget elementor-widget-text-editor\" data-id=\"91624e5\" data-element_type=\"widget\" data-e-type=\"widget\" data-widget_type=\"text-editor.default\">\n\t\t\t\t<div class=\"elementor-widget-container\">\n\t\t\t\t\t\t\t\t\tV\u0161etky nami poskytovan\u00e9 mo\u017enosti platby chr\u00e1nia v\u00e1s, kupuj\u00faceho a n\u00e1s, v\u00fdrobcov, pred pochybn\u00fdmi predajmi. Va\u0161e \u00fadaje u n\u00e1s s\u00fa maxim\u00e1lne zabezpe\u010den\u00e9, preto\u017ee s\u00fa monitorovan\u00e9 24 hod\u00edn denne, 7 dn\u00ed v t\u00fd\u017edni, aby sa predi\u0161lo odcudzeniu identity alebo falo\u0161n\u00fdm n\u00e1kupom. Tieto transakcie vyu\u017e\u00edvaj\u00fa pokro\u010dil\u00e9 \u0161ifrovan\u00e9 technologick\u00e9 \u00fadaje.\t\t\t\t\t\t\t\t<\/div>\n\t\t\t\t<\/div>\n\t\t\t\t<div class=\"elementor-element elementor-element-dfc3f46 elementor-widget elementor-widget-text-editor\" data-id=\"dfc3f46\" data-element_type=\"widget\" data-e-type=\"widget\" data-widget_type=\"text-editor.default\">\n\t\t\t\t<div class=\"elementor-widget-container\">\n\t\t\t\t\t\t\t\t\t<h4><\/h4>\t\t\t\t\t\t\t\t<\/div>\n\t\t\t\t<\/div>\n\t\t\t\t<div class=\"elementor-element elementor-element-3a98a00 elementor-widget elementor-widget-heading\" data-id=\"3a98a00\" data-element_type=\"widget\" data-e-type=\"widget\" data-widget_type=\"heading.default\">\n\t\t\t\t<div class=\"elementor-widget-container\">\n\t\t\t\t\t<h3 class=\"elementor-heading-title elementor-size-default\">Medzi na\u0161e \u010fal\u0161ie mo\u017enosti platby patria:<\/h3>\t\t\t\t<\/div>\n\t\t\t\t<\/div>\n\t\t\t\t<div class=\"elementor-element elementor-element-8ca286f elementor-align-start elementor-icon-list--layout-traditional elementor-list-item-link-full_width elementor-widget elementor-widget-icon-list\" data-id=\"8ca286f\" data-element_type=\"widget\" data-e-type=\"widget\" data-widget_type=\"icon-list.default\">\n\t\t\t\t<div class=\"elementor-widget-container\">\n\t\t\t\t\t\t\t<ul class=\"elementor-icon-list-items\">\n\t\t\t\t\t\t\t<li class=\"elementor-icon-list-item\">\n\t\t\t\t\t\t\t\t\t\t\t<span class=\"elementor-icon-list-icon\">\n\t\t\t\t\t\t\t<i aria-hidden=\"true\" class=\"fas fa-check\"><\/i>\t\t\t\t\t\t<\/span>\n\t\t\t\t\t\t\t\t\t\t<span class=\"elementor-icon-list-text\">Bankov\u00e9 prevody<\/span>\n\t\t\t\t\t\t\t\t\t<\/li>\n\t\t\t\t\t\t\t\t<li class=\"elementor-icon-list-item\">\n\t\t\t\t\t\t\t\t\t\t\t<span class=\"elementor-icon-list-icon\">\n\t\t\t\t\t\t\t<i aria-hidden=\"true\" class=\"fas fa-check\"><\/i>\t\t\t\t\t\t<\/span>\n\t\t\t\t\t\t\t\t\t\t<span class=\"elementor-icon-list-text\">Pokladni\u010dn\u00e9 \u0161eky<\/span>\n\t\t\t\t\t\t\t\t\t<\/li>\n\t\t\t\t\t\t\t\t<li class=\"elementor-icon-list-item\">\n\t\t\t\t\t\t\t\t\t\t\t<span class=\"elementor-icon-list-icon\">\n\t\t\t\t\t\t\t<i aria-hidden=\"true\" class=\"fas fa-check\"><\/i>\t\t\t\t\t\t<\/span>\n\t\t\t\t\t\t\t\t\t\t<span class=\"elementor-icon-list-text\">Akceptovan\u00e9 s\u00fa aj v\u0161etky druhy minc\u00ed.<\/span>\n\t\t\t\t\t\t\t\t\t<\/li>\n\t\t\t\t\t\t<\/ul>\n\t\t\t\t\t\t<\/div>\n\t\t\t\t<\/div>\n\t\t\t\t<div class=\"elementor-element elementor-element-0300983 elementor-widget elementor-widget-text-editor\" data-id=\"0300983\" data-element_type=\"widget\" data-e-type=\"widget\" data-widget_type=\"text-editor.default\">\n\t\t\t\t<div class=\"elementor-widget-container\">\n\t\t\t\t\t\t\t\t\tAk tu v\u00e1\u0161 sp\u00f4sob platby nie je k dispoz\u00edcii, okam\u017eite n\u00e1s kontaktujte. \t\t\t\t\t\t\t\t<\/div>\n\t\t\t\t<\/div>\n\t\t\t\t<div class=\"elementor-element elementor-element-373e79d elementor-widget elementor-widget-spacer\" data-id=\"373e79d\" data-element_type=\"widget\" data-e-type=\"widget\" data-widget_type=\"spacer.default\">\n\t\t\t\t<div class=\"elementor-widget-container\">\n\t\t\t\t\t\t\t<div class=\"elementor-spacer\">\n\t\t\t<div class=\"elementor-spacer-inner\"><\/div>\n\t\t<\/div>\n\t\t\t\t\t\t<\/div>\n\t\t\t\t<\/div>\n\t\t\t\t<div class=\"elementor-element elementor-element-56745a0 elementor-invisible elementor-widget elementor-widget-heading\" data-id=\"56745a0\" data-element_type=\"widget\" data-e-type=\"widget\" data-settings=\"{&quot;_animation&quot;:&quot;fadeInUp&quot;}\" data-widget_type=\"heading.default\">\n\t\t\t\t<div class=\"elementor-widget-container\">\n\t\t\t\t\t<h2 class=\"elementor-heading-title elementor-size-default\">Ochrana kupuj\u00faceho a bezpe\u010dn\u00e1 platba<\/h2>\t\t\t\t<\/div>\n\t\t\t\t<\/div>\n\t\t\t\t<div class=\"elementor-element elementor-element-1d0d6b3 elementor-widget elementor-widget-text-editor\" data-id=\"1d0d6b3\" data-element_type=\"widget\" data-e-type=\"widget\" data-widget_type=\"text-editor.default\">\n\t\t\t\t<div class=\"elementor-widget-container\">\n\t\t\t\t\t\t\t\t\tNa\u0161ou staros\u0165ou je anonymita a bezpe\u010dnos\u0165.\t\t\t\t\t\t\t\t<\/div>\n\t\t\t\t<\/div>\n\t\t\t\t<div class=\"elementor-element elementor-element-e560cc4 elementor-widget elementor-widget-text-editor\" data-id=\"e560cc4\" data-element_type=\"widget\" data-e-type=\"widget\" data-widget_type=\"text-editor.default\">\n\t\t\t\t<div class=\"elementor-widget-container\">\n\t\t\t\t\t\t\t\t\tVer\u00edme v anonymitu a aby sme v\u00e1m ju mohli pon\u00faknu\u0165, na\u0161e str\u00e1nky s\u00fa \u0161ifrovan\u00e9 SSL. Aby sme to dosiahli, pou\u017e\u00edvame slu\u017ebu Shopify pre n\u00e1\u0161 back-end server. Slu\u017eba Shopify je zabezpe\u010den\u00e1 a PayPal n\u00e1m pom\u00e1ha zabezpe\u010di\u0165 a zaru\u010di\u0165 va\u0161u bezpe\u010dnos\u0165 a s\u00fakromie. \t\t\t\t\t\t\t\t<\/div>\n\t\t\t\t<\/div>\n\t\t\t\t<div class=\"elementor-element elementor-element-9213263 elementor-widget elementor-widget-text-editor\" data-id=\"9213263\" data-element_type=\"widget\" data-e-type=\"widget\" data-widget_type=\"text-editor.default\">\n\t\t\t\t<div class=\"elementor-widget-container\">\n\t\t\t\t\t\t\t\t\tNie sme vynechan\u00ed, preto\u017ee sa vyzbrojujeme ochranou pred falo\u0161n\u00fdmi transakciami pomocou Signifyd a rizikov\u00e9ho modelu. Va\u0161e objedn\u00e1vky s\u00fa pozastaven\u00e9, k\u00fdm nezist\u00edme, \u010di s\u00fa va\u0161e platobn\u00e9 \u00fadaje skuto\u010dn\u00e9 a legit\u00edmne.\t\t\t\t\t\t\t\t<\/div>\n\t\t\t\t<\/div>\n\t\t\t\t<div class=\"elementor-element elementor-element-4a60422 elementor-widget elementor-widget-text-editor\" data-id=\"4a60422\" data-element_type=\"widget\" data-e-type=\"widget\" data-widget_type=\"text-editor.default\">\n\t\t\t\t<div class=\"elementor-widget-container\">\n\t\t\t\t\t\t\t\t\tSo v\u0161etk\u00fdmi t\u00fdmito dostupn\u00fdmi opatreniami je va\u0161a a na\u0161a bezpe\u010dnos\u0165 zaru\u010den\u00e1. \t\t\t\t\t\t\t\t<\/div>\n\t\t\t\t<\/div>\n\t\t\t\t<div class=\"elementor-element elementor-element-cdef221 elementor-widget elementor-widget-spacer\" data-id=\"cdef221\" data-element_type=\"widget\" data-e-type=\"widget\" data-widget_type=\"spacer.default\">\n\t\t\t\t<div class=\"elementor-widget-container\">\n\t\t\t\t\t\t\t<div class=\"elementor-spacer\">\n\t\t\t<div class=\"elementor-spacer-inner\"><\/div>\n\t\t<\/div>\n\t\t\t\t\t\t<\/div>\n\t\t\t\t<\/div>\n\t\t\t\t<div class=\"elementor-element elementor-element-8618904 elementor-invisible elementor-widget elementor-widget-heading\" data-id=\"8618904\" data-element_type=\"widget\" data-e-type=\"widget\" data-settings=\"{&quot;_animation&quot;:&quot;fadeInUp&quot;}\" data-widget_type=\"heading.default\">\n\t\t\t\t<div class=\"elementor-widget-container\">\n\t\t\t\t\t<h2 class=\"elementor-heading-title elementor-size-default\">CompliAssure Site Seal<\/h2>\t\t\t\t<\/div>\n\t\t\t\t<\/div>\n\t\t\t\t<div class=\"elementor-element elementor-element-d43308c elementor-widget elementor-widget-text-editor\" data-id=\"d43308c\" data-element_type=\"widget\" data-e-type=\"widget\" data-widget_type=\"text-editor.default\">\n\t\t\t\t<div class=\"elementor-widget-container\">\n\t\t\t\t\t\t\t\t\tPlatba cez PayPal je najlep\u0161ie odpor\u00fa\u010dan\u00e1 z d\u00f4vodu ochrany s\u00fakromia a pri platbe za n\u00e1kup cez PayPal nie je potrebn\u00fd \u017eiadny PayPal \u00fa\u010det. \t\t\t\t\t\t\t\t<\/div>\n\t\t\t\t<\/div>\n\t\t\t\t<div class=\"elementor-element elementor-element-877ddfb elementor-widget elementor-widget-text-editor\" data-id=\"877ddfb\" data-element_type=\"widget\" data-e-type=\"widget\" data-widget_type=\"text-editor.default\">\n\t\t\t\t<div class=\"elementor-widget-container\">\n\t\t\t\t\t\t\t\t\tAkceptujeme aj hlavn\u00fdch poskytovate\u013eov kreditn\u00fdch a debetn\u00fdch kariet.\t\t\t\t\t\t\t\t<\/div>\n\t\t\t\t<\/div>\n\t\t\t\t<div class=\"elementor-element elementor-element-c674c01 elementor-widget elementor-widget-spacer\" data-id=\"c674c01\" data-element_type=\"widget\" data-e-type=\"widget\" data-widget_type=\"spacer.default\">\n\t\t\t\t<div class=\"elementor-widget-container\">\n\t\t\t\t\t\t\t<div class=\"elementor-spacer\">\n\t\t\t<div class=\"elementor-spacer-inner\"><\/div>\n\t\t<\/div>\n\t\t\t\t\t\t<\/div>\n\t\t\t\t<\/div>\n\t\t\t\t<div class=\"elementor-element elementor-element-9a04966 elementor-invisible elementor-widget elementor-widget-heading\" data-id=\"9a04966\" data-element_type=\"widget\" data-e-type=\"widget\" data-settings=\"{&quot;_animation&quot;:&quot;fadeInUp&quot;}\" data-widget_type=\"heading.default\">\n\t\t\t\t<div class=\"elementor-widget-container\">\n\t\t\t\t\t<h2 class=\"elementor-heading-title elementor-size-default\">Vyu\u017e\u00edvate VPN?<\/h2>\t\t\t\t<\/div>\n\t\t\t\t<\/div>\n\t\t\t\t<div class=\"elementor-element elementor-element-9084bcd elementor-widget elementor-widget-text-editor\" data-id=\"9084bcd\" data-element_type=\"widget\" data-e-type=\"widget\" data-widget_type=\"text-editor.default\">\n\t\t\t\t<div class=\"elementor-widget-container\">\n\t\t\t\t\t\t\t\t\tV pr\u00edpade, \u017ee na maskovanie identity pou\u017eijete sie\u0165 VPN, n\u00e1\u0161 bezpe\u010dnostn\u00fd protokol m\u00f4\u017ee odmietnu\u0165 a ozna\u010di\u0165 va\u0161e transakcie. Vieme, \u017ee va\u0161e s\u00fakromie je va\u0161\u00edm z\u00e1ujmom, ale va\u0161e s\u00fakromie je na\u0161ou prioritou, preto\u017ee va\u0161e inform\u00e1cie s\u00fa dobre skryt\u00e9 a chr\u00e1nen\u00e9. Na\u0161i pracovn\u00edci nemaj\u00fa pr\u00edstup k va\u0161im \u00fadajom, preto v\u00e1m odpor\u00fa\u010dame, aby ste ich ne\u017eiadali o pomoc pri zad\u00e1van\u00ed objedn\u00e1vky, preto\u017ee by to bolo zbyto\u010dn\u00e9.\t\t\t\t\t\t\t\t<\/div>\n\t\t\t\t<\/div>\n\t\t\t\t<div class=\"elementor-element elementor-element-84fa1c6 elementor-widget elementor-widget-spacer\" data-id=\"84fa1c6\" data-element_type=\"widget\" data-e-type=\"widget\" data-widget_type=\"spacer.default\">\n\t\t\t\t<div class=\"elementor-widget-container\">\n\t\t\t\t\t\t\t<div class=\"elementor-spacer\">\n\t\t\t<div class=\"elementor-spacer-inner\"><\/div>\n\t\t<\/div>\n\t\t\t\t\t\t<\/div>\n\t\t\t\t<\/div>\n\t\t\t\t\t<\/div>\n\t\t<\/div>\n\t\t\t\t\t<\/div>\n\t\t<\/section>\n\t\t\t\t<\/div>","protected":false},"excerpt":{"rendered":"<p>\u010co by ste mali vedie\u0165 o na\u0161om sp\u00f4sobe platby Ako si k\u00fapim svoju sexu\u00e1lnu b\u00e1biku? Prij\u00edmame r\u00f4zne platby z r\u00f4znych mien, ako s\u00fa USD, EUR, GBP a AUD, aby sme spomenuli len niektor\u00e9. Prij\u00edmaj\u00fa sa hlavn\u00e9 platby kreditn\u00fdmi a debetn\u00fdmi kartami, vr\u00e1tane VISA, Mastercard a AMEX. Prij\u00edmame aj PayPal, kryptomeny a PayPal fakt\u00fary (objednajte si b\u00e1biky l\u00e1sky a zapla\u0165te nesk\u00f4r prostredn\u00edctvom manu\u00e1lnej fakt\u00fary.) Ako sa transakcia objav\u00ed na mojich bankov\u00fdch z\u00e1znamoch? Transakcie sa diskr\u00e9tne objavia vo va\u0161ich z\u00e1znamoch s dennou komoditou alebo nie\u010d\u00edm podobn\u00fdm. Zost\u00e1vame v anonymite a va\u0161e s\u00fakromie je na\u0161\u00edm z\u00e1ujmom. Ste skeptick\u00fd k bezpe\u010dnosti platieb?<\/p>","protected":false},"author":1,"featured_media":0,"parent":0,"menu_order":0,"comment_status":"closed","ping_status":"closed","template":"","meta":{"footnotes":""},"class_list":["post-5165","page","type-page","status-publish","hentry"],"aioseo_notices":[],"_links":{"self":[{"href":"https:\/\/renodoll.com\/sk\/wp-json\/wp\/v2\/pages\/5165","targetHints":{"allow":["GET"]}}],"collection":[{"href":"https:\/\/renodoll.com\/sk\/wp-json\/wp\/v2\/pages"}],"about":[{"href":"https:\/\/renodoll.com\/sk\/wp-json\/wp\/v2\/types\/page"}],"author":[{"embeddable":true,"href":"https:\/\/renodoll.com\/sk\/wp-json\/wp\/v2\/users\/1"}],"replies":[{"embeddable":true,"href":"https:\/\/renodoll.com\/sk\/wp-json\/wp\/v2\/comments?post=5165"}],"version-history":[{"count":34,"href":"https:\/\/renodoll.com\/sk\/wp-json\/wp\/v2\/pages\/5165\/revisions"}],"predecessor-version":[{"id":14626,"href":"https:\/\/renodoll.com\/sk\/wp-json\/wp\/v2\/pages\/5165\/revisions\/14626"}],"wp:attachment":[{"href":"https:\/\/renodoll.com\/sk\/wp-json\/wp\/v2\/media?parent=5165"}],"curies":[{"name":"wp","href":"https:\/\/api.w.org\/{rel}","templated":true}]}}