{"id":5157,"date":"2023-02-20T14:08:08","date_gmt":"2023-02-20T06:08:08","guid":{"rendered":"https:\/\/renodoll.com\/?page_id=5157"},"modified":"2023-03-31T14:23:28","modified_gmt":"2023-03-31T06:23:28","slug":"disclaimer","status":"publish","type":"page","link":"https:\/\/renodoll.com\/sk\/odmietnutie-zodpovednosti\/","title":{"rendered":"Vyl\u00fa\u010denie zodpovednosti"},"content":{"rendered":"<div data-elementor-type=\"wp-page\" data-elementor-id=\"5157\" class=\"elementor elementor-5157\">\n\t\t\t\t\t\t\t\t\t<section class=\"elementor-section elementor-top-section elementor-element elementor-element-2aace59 elementor-section-boxed elementor-section-height-default elementor-section-height-default\" data-id=\"2aace59\" data-element_type=\"section\">\n\t\t\t\t\t\t<div class=\"elementor-container elementor-column-gap-no\">\n\t\t\t\t\t<div class=\"elementor-column elementor-col-100 elementor-top-column elementor-element elementor-element-0017d57\" data-id=\"0017d57\" data-element_type=\"column\">\n\t\t\t<div class=\"elementor-widget-wrap elementor-element-populated\">\n\t\t\t\t\t\t\t\t<div class=\"elementor-element elementor-element-8a2ff4e elementor-widget elementor-widget-spacer\" data-id=\"8a2ff4e\" data-element_type=\"widget\" data-widget_type=\"spacer.default\">\n\t\t\t\t<div class=\"elementor-widget-container\">\n\t\t\t<style>\/*! elementor - v3.10.2 - 29-01-2023 *\/\n.elementor-column .elementor-spacer-inner{height:var(--spacer-size)}.e-con{--container-widget-width:100%}.e-con-inner>.elementor-widget-spacer,.e-con>.elementor-widget-spacer{width:var(--container-widget-width,var(--spacer-size));--align-self:var(--container-widget-align-self,initial);--flex-shrink:0}.e-con-inner>.elementor-widget-spacer>.elementor-widget-container,.e-con-inner>.elementor-widget-spacer>.elementor-widget-container>.elementor-spacer,.e-con>.elementor-widget-spacer>.elementor-widget-container,.e-con>.elementor-widget-spacer>.elementor-widget-container>.elementor-spacer{height:100%}.e-con-inner>.elementor-widget-spacer>.elementor-widget-container>.elementor-spacer>.elementor-spacer-inner,.e-con>.elementor-widget-spacer>.elementor-widget-container>.elementor-spacer>.elementor-spacer-inner{height:var(--container-widget-height,var(--spacer-size))}<\/style>\t\t<div class=\"elementor-spacer\">\n\t\t\t<div class=\"elementor-spacer-inner\"><\/div>\n\t\t<\/div>\n\t\t\t\t<\/div>\n\t\t\t\t<\/div>\n\t\t\t\t<section class=\"elementor-section elementor-inner-section elementor-element elementor-element-16bb0ad elementor-section-boxed elementor-section-height-default elementor-section-height-default\" data-id=\"16bb0ad\" data-element_type=\"section\">\n\t\t\t\t\t\t<div class=\"elementor-container elementor-column-gap-default\">\n\t\t\t\t\t<div class=\"elementor-column elementor-col-50 elementor-inner-column elementor-element elementor-element-3d41176\" data-id=\"3d41176\" data-element_type=\"column\">\n\t\t\t<div class=\"elementor-widget-wrap elementor-element-populated\">\n\t\t\t\t\t\t\t\t<div class=\"elementor-element elementor-element-5997a9f elementor-invisible elementor-widget elementor-widget-heading\" data-id=\"5997a9f\" data-element_type=\"widget\" data-settings=\"{&quot;_animation&quot;:&quot;fadeInUp&quot;}\" data-widget_type=\"heading.default\">\n\t\t\t\t<div class=\"elementor-widget-container\">\n\t\t\t<style>\/*! elementor - v3.10.2 - 29-01-2023 *\/\n.elementor-heading-title{padding:0;margin:0;line-height:1}.elementor-widget-heading .elementor-heading-title[class*=elementor-size-]>a{color:inherit;font-size:inherit;line-height:inherit}.elementor-widget-heading .elementor-heading-title.elementor-size-small{font-size:15px}.elementor-widget-heading .elementor-heading-title.elementor-size-medium{font-size:19px}.elementor-widget-heading .elementor-heading-title.elementor-size-large{font-size:29px}.elementor-widget-heading .elementor-heading-title.elementor-size-xl{font-size:39px}.elementor-widget-heading .elementor-heading-title.elementor-size-xxl{font-size:59px}<\/style><h2 class=\"elementor-heading-title elementor-size-default\">POZOR<\/h2>\t\t<\/div>\n\t\t\t\t<\/div>\n\t\t\t\t<div class=\"elementor-element elementor-element-3feda34 elementor-widget elementor-widget-text-editor\" data-id=\"3feda34\" data-element_type=\"widget\" data-widget_type=\"text-editor.default\">\n\t\t\t\t<div class=\"elementor-widget-container\">\n\t\t\t<style>\/*! elementor - v3.10.2 - 29-01-2023 *\/\n.elementor-widget-text-editor.elementor-drop-cap-view-stacked .elementor-drop-cap{background-color:#818a91;color:#fff}.elementor-widget-text-editor.elementor-drop-cap-view-framed .elementor-drop-cap{color:#818a91;border:3px solid;background-color:transparent}.elementor-widget-text-editor:not(.elementor-drop-cap-view-default) .elementor-drop-cap{margin-top:8px}.elementor-widget-text-editor:not(.elementor-drop-cap-view-default) .elementor-drop-cap-letter{width:1em;height:1em}.elementor-widget-text-editor .elementor-drop-cap{float:left;text-align:center;line-height:1;font-size:50px}.elementor-widget-text-editor .elementor-drop-cap-letter{display:inline-block}<\/style>\t\t\t\tT\u00e1to str\u00e1nka obsahuje materi\u00e1ly ur\u010den\u00e9 predov\u0161etk\u00fdm na sexu\u00e1lne vzru\u0161enie a uspokojenie a je ur\u010den\u00e1 len pre osoby star\u0161ie ako 18 rokov. Pred prihl\u00e1sen\u00edm na na\u0161u str\u00e1nku by ste mali s\u00fahlasi\u0165 s nasleduj\u00facimi podmienkami:\t\t\t\t\t\t<\/div>\n\t\t\t\t<\/div>\n\t\t\t\t<div class=\"elementor-element elementor-element-1a4cbf5 elementor-widget elementor-widget-spacer\" data-id=\"1a4cbf5\" data-element_type=\"widget\" data-widget_type=\"spacer.default\">\n\t\t\t\t<div class=\"elementor-widget-container\">\n\t\t\t\t\t<div class=\"elementor-spacer\">\n\t\t\t<div class=\"elementor-spacer-inner\"><\/div>\n\t\t<\/div>\n\t\t\t\t<\/div>\n\t\t\t\t<\/div>\n\t\t\t\t<div class=\"elementor-element elementor-element-57d9795 elementor-invisible elementor-widget elementor-widget-heading\" data-id=\"57d9795\" data-element_type=\"widget\" data-settings=\"{&quot;_animation&quot;:&quot;fadeInUp&quot;}\" data-widget_type=\"heading.default\">\n\t\t\t\t<div class=\"elementor-widget-container\">\n\t\t\t<h2 class=\"elementor-heading-title elementor-size-default\">Dospel\u00ed vo veku 18 rokov a viac <\/h2>\t\t<\/div>\n\t\t\t\t<\/div>\n\t\t\t\t<div class=\"elementor-element elementor-element-4079b24 elementor-widget elementor-widget-text-editor\" data-id=\"4079b24\" data-element_type=\"widget\" data-widget_type=\"text-editor.default\">\n\t\t\t\t<div class=\"elementor-widget-container\">\n\t\t\t\t\t\t\t<p>renodoll.com nem\u00f4\u017ee a nikdy nebude zakazova\u0165 neplnolet\u00fdm, aby nav\u0161tevovali str\u00e1nku. Je v\u00fdhradnou zodpovednos\u0165ou rodi\u010dov a opatrovn\u00edkov, aby dohliadali na aktivity det\u00ed a t\u00edned\u017eerov na vhodn\u00fdch materi\u00e1loch, ktor\u00e9 maj\u00fa k dispoz\u00edcii. RenoDoll bude akceptova\u0165 iba n\u00e1kupy uskuto\u010dnen\u00e9 dospelou osobou vo veku 18 rokov a viac.<\/p>\t\t\t\t\t\t<\/div>\n\t\t\t\t<\/div>\n\t\t\t\t\t<\/div>\n\t\t<\/div>\n\t\t\t\t<div class=\"elementor-column elementor-col-50 elementor-inner-column elementor-element elementor-element-df8a856\" data-id=\"df8a856\" data-element_type=\"column\">\n\t\t\t<div class=\"elementor-widget-wrap elementor-element-populated\">\n\t\t\t\t\t\t\t\t<div class=\"elementor-element elementor-element-5e5ebd7 elementor-widget elementor-widget-image\" data-id=\"5e5ebd7\" data-element_type=\"widget\" data-widget_type=\"image.default\">\n\t\t\t\t<div class=\"elementor-widget-container\">\n\t\t\t<style>\/*! elementor - v3.10.2 - 29-01-2023 *\/\n.elementor-widget-image{text-align:center}.elementor-widget-image a{display:inline-block}.elementor-widget-image a img[src$=\".svg\"]{width:48px}.elementor-widget-image img{vertical-align:middle;display:inline-block}<\/style>\t\t\t\t\t\t\t\t\t\t\t\t<img loading=\"lazy\" decoding=\"async\" width=\"626\" height=\"391\" src=\"https:\/\/renodoll.com\/wp-content\/uploads\/2023\/03\/renodoll_adults-only-18-plus.jpg\" class=\"attachment-large size-large wp-image-14375\" alt=\"\" srcset=\"https:\/\/renodoll.com\/wp-content\/uploads\/2023\/03\/renodoll_adults-only-18-plus.jpg 626w, https:\/\/renodoll.com\/wp-content\/uploads\/2023\/03\/renodoll_adults-only-18-plus-300x187.jpg 300w, https:\/\/renodoll.com\/wp-content\/uploads\/2023\/03\/renodoll_adults-only-18-plus-18x12.jpg 18w, https:\/\/renodoll.com\/wp-content\/uploads\/2023\/03\/renodoll_adults-only-18-plus-100x62.jpg 100w, https:\/\/renodoll.com\/wp-content\/uploads\/2023\/03\/renodoll_adults-only-18-plus-600x375.jpg 600w, https:\/\/renodoll.com\/wp-content\/uploads\/2023\/03\/renodoll_adults-only-18-plus-10x6.jpg 10w\" sizes=\"auto, (max-width: 626px) 100vw, 626px\" \/>\t\t\t\t\t\t\t\t\t\t\t\t\t\t\t<\/div>\n\t\t\t\t<\/div>\n\t\t\t\t\t<\/div>\n\t\t<\/div>\n\t\t\t\t\t\t\t<\/div>\n\t\t<\/section>\n\t\t\t\t<div class=\"elementor-element elementor-element-d37e8f7 elementor-widget elementor-widget-spacer\" data-id=\"d37e8f7\" data-element_type=\"widget\" data-widget_type=\"spacer.default\">\n\t\t\t\t<div class=\"elementor-widget-container\">\n\t\t\t\t\t<div class=\"elementor-spacer\">\n\t\t\t<div class=\"elementor-spacer-inner\"><\/div>\n\t\t<\/div>\n\t\t\t\t<\/div>\n\t\t\t\t<\/div>\n\t\t\t\t<div class=\"elementor-element elementor-element-fd092ed elementor-invisible elementor-widget elementor-widget-heading\" data-id=\"fd092ed\" data-element_type=\"widget\" data-settings=\"{&quot;_animation&quot;:&quot;fadeInUp&quot;}\" data-widget_type=\"heading.default\">\n\t\t\t\t<div class=\"elementor-widget-container\">\n\t\t\t<h2 class=\"elementor-heading-title elementor-size-default\">Autorsk\u00e9 pr\u00e1va<\/h2>\t\t<\/div>\n\t\t\t\t<\/div>\n\t\t\t\t<div class=\"elementor-element elementor-element-4a2734b elementor-widget elementor-widget-text-editor\" data-id=\"4a2734b\" data-element_type=\"widget\" data-widget_type=\"text-editor.default\">\n\t\t\t\t<div class=\"elementor-widget-container\">\n\t\t\t\t\t\t\t<p>Ak to nie je kontraindikovan\u00e9, v\u0161etky dostupn\u00e9 zdroje, obrazov\u00e9 n\u00e1vrhy, webov\u00e9 str\u00e1nky, z\u00e1pisy, konfigur\u00e1cie a in\u00e9 v\u00fdbery, s\u00fa vlastn\u00edctvom renodoll.com; preto je pou\u017eitie obsahu na tejto webovej lokalite v\u00fdlu\u010dne na obchodn\u00e9 \u00fa\u010dely a nie je s \u0148ou spojen\u00e1 \u017eiadna skryt\u00e1 agenda. \u017diadne skop\u00edrovan\u00e9 materi\u00e1lne zdroje z tejto webovej str\u00e1nky by sa nemali podrobova\u0165 regener\u00e1cii, \u00faprav\u00e1m, op\u00e4tovnej tla\u010di, zverej\u0148ovaniu, oznamovaniu a vyd\u00e1vaniu ak\u00fdmiko\u013evek prostriedkami ani nik\u00fdm bez n\u00e1le\u017eit\u00e9ho s\u00fahlasu prostredn\u00edctvom p\u00edsomn\u00e9ho dokumentu z renodoll.com. V\u0161etky pr\u00e1va, ktor\u00e9 neboli riadne dan\u00e9, s\u00fa odlo\u017een\u00e9. Pou\u017eitie vzoriek z tejto str\u00e1nky bez n\u00e1le\u017eit\u00e9ho povolenia m\u00f4\u017ee zasahova\u0165 do pr\u00e1va a ochrannej zn\u00e1mky, \u010do m\u00f4\u017ee ma\u0165 za n\u00e1sledok trestnopr\u00e1vnu alebo ob\u010dianskopr\u00e1vnu sankciu.<\/p>\t\t\t\t\t\t<\/div>\n\t\t\t\t<\/div>\n\t\t\t\t<div class=\"elementor-element elementor-element-b84993c elementor-widget elementor-widget-spacer\" data-id=\"b84993c\" data-element_type=\"widget\" data-widget_type=\"spacer.default\">\n\t\t\t\t<div class=\"elementor-widget-container\">\n\t\t\t\t\t<div class=\"elementor-spacer\">\n\t\t\t<div class=\"elementor-spacer-inner\"><\/div>\n\t\t<\/div>\n\t\t\t\t<\/div>\n\t\t\t\t<\/div>\n\t\t\t\t<div class=\"elementor-element elementor-element-4cc3835 elementor-invisible elementor-widget elementor-widget-heading\" data-id=\"4cc3835\" data-element_type=\"widget\" data-settings=\"{&quot;_animation&quot;:&quot;fadeInUp&quot;}\" data-widget_type=\"heading.default\">\n\t\t\t\t<div class=\"elementor-widget-container\">\n\t\t\t<h2 class=\"elementor-heading-title elementor-size-default\">Vyl\u00fa\u010denie zodpovednosti<\/h2>\t\t<\/div>\n\t\t\t\t<\/div>\n\t\t\t\t<div class=\"elementor-element elementor-element-5b37396 elementor-widget elementor-widget-text-editor\" data-id=\"5b37396\" data-element_type=\"widget\" data-widget_type=\"text-editor.default\">\n\t\t\t\t<div class=\"elementor-widget-container\">\n\t\t\t\t\t\t\t<p>V\u0161etok obsah nach\u00e1dzaj\u00faci sa na tomto webe je spr\u00edstupnen\u00fd v p\u00f4vodnej podobe bez akejko\u013evek z\u00e1ruky. Prihl\u00e1sen\u00edm sa na odber tejto lokality s\u00fahlas\u00edte so v\u0161etk\u00fdmi rizikami spojen\u00fdmi s pou\u017e\u00edvan\u00edm ka\u017ed\u00e9ho obsahu na tejto webovej lokalite. renodoll.com, jej zamestnanci, mana\u017e\u00e9rsky t\u00edm a dod\u00e1vatelia nebud\u00fa zodpovedn\u00ed za \u017eiadne straty alebo \u0161kody vypl\u00fdvaj\u00face z va\u0161ej neschopnosti spr\u00e1vne pou\u017e\u00edva\u0165 str\u00e1nku a jej odkazy. renodoll.com a jej prispievatelia, ktor\u00ed prispeli k obsahu na webovej str\u00e1nke, nem\u00f4\u017eu by\u0165 bran\u00ed na zodpovednos\u0165, ak by sa vyskytli nejak\u00e9 probl\u00e9my kv\u00f4li va\u0161ej z\u00e1vislosti na obsahu.<\/p>\t\t\t\t\t\t<\/div>\n\t\t\t\t<\/div>\n\t\t\t\t<div class=\"elementor-element elementor-element-5fbeccb elementor-widget elementor-widget-text-editor\" data-id=\"5fbeccb\" data-element_type=\"widget\" data-widget_type=\"text-editor.default\">\n\t\t\t\t<div class=\"elementor-widget-container\">\n\t\t\t\t\t\t\t<p>Na tejto webovej str\u00e1nke s\u00fa v\u0161etky produkty n\u00e1jden\u00e9 pre vzru\u0161uj\u00face a jedine\u010dn\u00e9 z\u00e1\u017eitky. RenoDoll neru\u010d\u00ed za to, \u017ee na\u0161e produkty s\u00fa neporu\u0161en\u00e9, neobsahuj\u00fa chyby od v\u00fdrobcu a \u017ee ich v\u00fdrobca neklame.<\/p>\t\t\t\t\t\t<\/div>\n\t\t\t\t<\/div>\n\t\t\t\t<div class=\"elementor-element elementor-element-87c5887 elementor-widget elementor-widget-text-editor\" data-id=\"87c5887\" data-element_type=\"widget\" data-widget_type=\"text-editor.default\">\n\t\t\t\t<div class=\"elementor-widget-container\">\n\t\t\t\t\t\t\t<p>Odoslan\u00edm va\u0161ich objedn\u00e1vok akceptujete a s\u00fahlas\u00edte s ni\u017e\u0161ie uveden\u00fdm, \u017ee RenoDoll nebude nies\u0165 zodpovednos\u0165 za \u017eiadne \u00famyseln\u00e9 alebo ne\u00famyseln\u00e9 nehody sp\u00f4soben\u00e9 neznalos\u0165ou, bez oh\u013eadu na z\u00e1kon o priestupkoch.<\/p>\t\t\t\t\t\t<\/div>\n\t\t\t\t<\/div>\n\t\t\t\t<div class=\"elementor-element elementor-element-373e79d elementor-widget elementor-widget-spacer\" data-id=\"373e79d\" data-element_type=\"widget\" data-widget_type=\"spacer.default\">\n\t\t\t\t<div class=\"elementor-widget-container\">\n\t\t\t\t\t<div class=\"elementor-spacer\">\n\t\t\t<div class=\"elementor-spacer-inner\"><\/div>\n\t\t<\/div>\n\t\t\t\t<\/div>\n\t\t\t\t<\/div>\n\t\t\t\t<div class=\"elementor-element elementor-element-56745a0 elementor-invisible elementor-widget elementor-widget-heading\" data-id=\"56745a0\" data-element_type=\"widget\" data-settings=\"{&quot;_animation&quot;:&quot;fadeInUp&quot;}\" data-widget_type=\"heading.default\">\n\t\t\t\t<div class=\"elementor-widget-container\">\n\t\t\t<h2 class=\"elementor-heading-title elementor-size-default\">Vr\u00e1tenie pe\u0148az\u00ed<\/h2>\t\t<\/div>\n\t\t\t\t<\/div>\n\t\t\t\t<div class=\"elementor-element elementor-element-1d0d6b3 elementor-widget elementor-widget-text-editor\" data-id=\"1d0d6b3\" data-element_type=\"widget\" data-widget_type=\"text-editor.default\">\n\t\t\t\t<div class=\"elementor-widget-container\">\n\t\t\t\t\t\t\tV\u0161etky polo\u017eky, ktor\u00e9 boli zak\u00fapen\u00e9 a opustili spolo\u010dnos\u0165, ale kv\u00f4li niektor\u00fdm falo\u0161n\u00fdm aktivit\u00e1m boli vr\u00e1ten\u00e9 sp\u00e4\u0165 spolo\u010dnosti ako kompenz\u00e1cia, tieto bud\u00fa starostlivo a leg\u00e1lne zaevidovan\u00e9 prostredn\u00edctvom v\u00e1\u0161ho miestneho \u00faradu a v pr\u00edpade uznania viny bude plati\u0165 z\u00e1kon. . \t\t\t\t\t\t<\/div>\n\t\t\t\t<\/div>\n\t\t\t\t<div class=\"elementor-element elementor-element-0300983 elementor-widget elementor-widget-text-editor\" data-id=\"0300983\" data-element_type=\"widget\" data-widget_type=\"text-editor.default\">\n\t\t\t\t<div class=\"elementor-widget-container\">\n\t\t\t\t\t\t\t<p>K\u00fapou ktorejko\u013evek z na\u0161ich polo\u017eiek na renodoll.com s\u00fahlas\u00edte s t\u00fdm, \u017ee; nevykon\u00e1te \u017eiadnu pr\u00e1vnu \u017ealobu v \u017eiadnej forme ani nebudete po\u017eadova\u0165 vr\u00e1tenie pe\u0148az\u00ed za \u017eiadny produkt, za ktor\u00fd bola platba uskuto\u010dnen\u00e1 pomocou va\u0161ich plastov\u00fdch pe\u0148az\u00ed\/kreditnej karty na renodoll.com.<\/p>\t\t\t\t\t\t<\/div>\n\t\t\t\t<\/div>\n\t\t\t\t<div class=\"elementor-element elementor-element-92ba549 elementor-widget elementor-widget-text-editor\" data-id=\"92ba549\" data-element_type=\"widget\" data-widget_type=\"text-editor.default\">\n\t\t\t\t<div class=\"elementor-widget-container\">\n\t\t\t\t\t\t\t<p>Bez vynalo\u017eenia vedom\u00e9ho \u00fasilia, informova\u0165 n\u00e1s o ak\u00fdchko\u013evek \u0165a\u017ekostiach, ktor\u00e9 sa vyskytli a tie\u017e poskytn\u00fa\u0165 organiz\u00e1cii primeran\u00fd \u010das na ich vyrie\u0161enie, renodoll.com pova\u017euje \u017eiados\u0165 o vr\u00e1tenie platby alebo chargeback za podvodn\u00fd \u010din.<\/p>\t\t\t\t\t\t<\/div>\n\t\t\t\t<\/div>\n\t\t\t\t<div class=\"elementor-element elementor-element-f9ca80d elementor-widget elementor-widget-text-editor\" data-id=\"f9ca80d\" data-element_type=\"widget\" data-widget_type=\"text-editor.default\">\n\t\t\t\t<div class=\"elementor-widget-container\">\n\t\t\t\t\t\t\tAk\u00fdko\u013evek akt podv\u00e1dzania organiz\u00e1cie pou\u017eit\u00edm falo\u0161n\u00fdch plastov\u00fdch pe\u0148az\u00ed\/kreditnej karty na uskuto\u010dnenie platby po zak\u00fapen\u00ed polo\u017eky nebude tolerovan\u00fd. Ak\u00e1ko\u013evek nez\u00e1konn\u00e1 transakcia ak\u00e9hoko\u013evek klienta, ktor\u00e1 sp\u00f4sob\u00ed zadl\u017eenie alebo stratu spolo\u010dnosti, bude vystaven\u00e1 cel\u00e9mu z\u00e1konu, \u010di u\u017e ide o obchod, n\u00e1klady na v\u00fdskum alebo pr\u00e1vne platby, a to vr\u00e1tane vo\u013en\u00e9ho \u010dasu zamestnancov.\t\t\t\t\t\t<\/div>\n\t\t\t\t<\/div>\n\t\t\t\t<div class=\"elementor-element elementor-element-0647a6a elementor-widget elementor-widget-text-editor\" data-id=\"0647a6a\" data-element_type=\"widget\" data-widget_type=\"text-editor.default\">\n\t\t\t\t<div class=\"elementor-widget-container\">\n\t\t\t\t\t\t\tKa\u017ed\u00e1 refund\u00e1cia, ktor\u00fa klient po\u017eaduje, sp\u00f4sobuje nepr\u00edjemnosti na\u0161im zamestnancom, preto\u017ee zasahuje do na\u0161ich be\u017en\u00fdch obchodn\u00fdch aktiv\u00edt a tie\u017e \u0165ah\u00e1 peniaze z pe\u0148a\u017eenky spolo\u010dnosti v tomto smere:\t\t\t\t\t\t<\/div>\n\t\t\t\t<\/div>\n\t\t\t\t<div class=\"elementor-element elementor-element-25f164f elementor-widget elementor-widget-text-editor\" data-id=\"25f164f\" data-element_type=\"widget\" data-widget_type=\"text-editor.default\">\n\t\t\t\t<div class=\"elementor-widget-container\">\n\t\t\t\t\t\t\t<p>Ak by si niektor\u00fd klient z renodoll.com k\u00fapil na\u0161e realistick\u00e9 sexu\u00e1lne b\u00e1biky a v tomto procese by do\u0161lo k po\u0161kodeniu produktu a z\u00e1rove\u0148 by ste spolo\u010dnos\u0165 za\u017ealovali na s\u00fade alebo po\u017eadovali vr\u00e1tenie pe\u0148az\u00ed za va\u0161e plastov\u00e9 peniaze \/spolo\u010dnos\u0165 vyd\u00e1vaj\u00faca kreditn\u00e9 karty v s\u00favislosti so stavom, ktor\u00fd poru\u0161uje na\u0161e zmluvn\u00e9 podmienky, s ktor\u00fdmi ste p\u00f4vodne s\u00fahlasili v momente, ke\u010f ste zadali objedn\u00e1vku, alebo neupovedomenie spolo\u010dnosti v\u010das a nevynalo\u017eenie trpezlivosti, aby spolo\u010dnos\u0165 prijala, potvrd\u00edte a vykon\u00e1te primeran\u00fa po\u017eiadavku na sp\u00e4tn\u00fa v\u00e4zbu, potom tak\u00fdto klient strat\u00ed a nebud\u00fa mu vr\u00e1ten\u00e9 peniaze.<\/p>\t\t\t\t\t\t<\/div>\n\t\t\t\t<\/div>\n\t\t\t\t<div class=\"elementor-element elementor-element-3356070 elementor-widget elementor-widget-text-editor\" data-id=\"3356070\" data-element_type=\"widget\" data-widget_type=\"text-editor.default\">\n\t\t\t\t<div class=\"elementor-widget-container\">\n\t\t\t\t\t\t\t<p>Ale v situ\u00e1cii, ke\u010f klient vyhr\u00e1 pr\u00edpad vr\u00e1tenia\/platby so svojou spolo\u010dnos\u0165ou na v\u00fdrobu plastov\u00fdch pe\u0148az\u00ed\/kreditn\u00fdch kariet, renodoll.com sa pok\u00fasi z\u00edska\u0165 sp\u00e4\u0165 ka\u017ed\u00fd falo\u0161ne argumentovan\u00fd poplatok, vr\u00e1tane dodato\u010dn\u00fdch n\u00e1kladov na agenta danej osoby. Biologick\u00e9 \u00fadaje bud\u00fa zah\u0155\u0148a\u0165 ich cel\u00e9 meno, e-mail, d\u00e1tum objedn\u00e1vky produktu, mno\u017estvo produktu, adresu IP, adresu bydliska a \u010d\u00edslo mobiln\u00e9ho telef\u00f3nu.<\/p>\t\t\t\t\t\t<\/div>\n\t\t\t\t<\/div>\n\t\t\t\t\t<\/div>\n\t\t<\/div>\n\t\t\t\t\t\t\t<\/div>\n\t\t<\/section>\n\t\t\t\t\t\t\t<\/div>","protected":false},"excerpt":{"rendered":"<p>Upozornenie To, \u010do obsahuje t\u00e1to str\u00e1nka, je materi\u00e1l ur\u010den\u00fd predov\u0161etk\u00fdm na sexu\u00e1lne vzru\u0161enie a uspokojenie a je ur\u010den\u00fd len pre osoby star\u0161ie ako 18 rokov. Pred prihl\u00e1sen\u00edm na na\u0161u str\u00e1nku by ste mali s\u00fahlasi\u0165 s nasleduj\u00facimi podmienkami: Dospel\u00ed star\u0161\u00ed ako 18 rokov renodoll.com nem\u00f4\u017ee a nikdy nebude zakazova\u0165 neplnolet\u00fdm osob\u00e1m nav\u0161tevova\u0165 str\u00e1nku. Je v\u00fdhradnou zodpovednos\u0165ou rodi\u010dov a opatrovn\u00edkov, aby dohliadali na aktivity det\u00ed a t\u00edned\u017eerov na vhodn\u00fdch materi\u00e1loch, ktor\u00e9 maj\u00fa k dispoz\u00edcii. RenoDoll bude akceptova\u0165 iba n\u00e1kupy uskuto\u010dnen\u00e9 dospelou osobou vo veku 18 rokov a viac. Autorsk\u00e9 pr\u00e1va<\/p>","protected":false},"author":1,"featured_media":0,"parent":0,"menu_order":0,"comment_status":"closed","ping_status":"closed","template":"","meta":{"footnotes":""},"class_list":["post-5157","page","type-page","status-publish","hentry"],"aioseo_notices":[],"_links":{"self":[{"href":"https:\/\/renodoll.com\/sk\/wp-json\/wp\/v2\/pages\/5157","targetHints":{"allow":["GET"]}}],"collection":[{"href":"https:\/\/renodoll.com\/sk\/wp-json\/wp\/v2\/pages"}],"about":[{"href":"https:\/\/renodoll.com\/sk\/wp-json\/wp\/v2\/types\/page"}],"author":[{"embeddable":true,"href":"https:\/\/renodoll.com\/sk\/wp-json\/wp\/v2\/users\/1"}],"replies":[{"embeddable":true,"href":"https:\/\/renodoll.com\/sk\/wp-json\/wp\/v2\/comments?post=5157"}],"version-history":[{"count":31,"href":"https:\/\/renodoll.com\/sk\/wp-json\/wp\/v2\/pages\/5157\/revisions"}],"predecessor-version":[{"id":14623,"href":"https:\/\/renodoll.com\/sk\/wp-json\/wp\/v2\/pages\/5157\/revisions\/14623"}],"wp:attachment":[{"href":"https:\/\/renodoll.com\/sk\/wp-json\/wp\/v2\/media?parent=5157"}],"curies":[{"name":"wp","href":"https:\/\/api.w.org\/{rel}","templated":true}]}}