{"id":5463,"date":"2023-02-22T19:09:25","date_gmt":"2023-02-22T11:09:25","guid":{"rendered":"https:\/\/renodoll.com\/?page_id=5463"},"modified":"2023-04-24T20:08:12","modified_gmt":"2023-04-24T12:08:12","slug":"sex-doll-storage","status":"publish","type":"page","link":"https:\/\/renodoll.com\/ro\/sex-doll-storage\/","title":{"rendered":"Depozitare p\u0103pu\u0219i sexuale"},"content":{"rendered":"<div data-elementor-type=\"wp-page\" data-elementor-id=\"5463\" class=\"elementor elementor-5463\" data-elementor-post-type=\"page\">\n\t\t\t\t\t\t<section class=\"elementor-section elementor-top-section elementor-element elementor-element-bbb23ef elementor-section-boxed elementor-section-height-default elementor-section-height-default\" data-id=\"bbb23ef\" data-element_type=\"section\" data-e-type=\"section\">\n\t\t\t\t\t\t<div class=\"elementor-container elementor-column-gap-default\">\n\t\t\t\t\t<div class=\"elementor-column elementor-col-100 elementor-top-column elementor-element elementor-element-f3c1b7c page-content-text\" data-id=\"f3c1b7c\" data-element_type=\"column\" data-e-type=\"column\">\n\t\t\t<div class=\"elementor-widget-wrap elementor-element-populated\">\n\t\t\t\t\t\t<div class=\"elementor-element elementor-element-58b854c elementor-invisible elementor-widget elementor-widget-heading\" data-id=\"58b854c\" data-element_type=\"widget\" data-e-type=\"widget\" data-settings=\"{&quot;_animation&quot;:&quot;fadeInUp&quot;}\" data-widget_type=\"heading.default\">\n\t\t\t\t<div class=\"elementor-widget-container\">\n\t\t\t\t\t<h2 class=\"elementor-heading-title elementor-size-default\">Introducere pentru depozitarea p\u0103pu\u0219ilor sexuale <\/h2>\t\t\t\t<\/div>\n\t\t\t\t<\/div>\n\t\t\t\t<div class=\"elementor-element elementor-element-2f50bad elementor-widget elementor-widget-text-editor\" data-id=\"2f50bad\" data-element_type=\"widget\" data-e-type=\"widget\" data-widget_type=\"text-editor.default\">\n\t\t\t\t<div class=\"elementor-widget-container\">\n\t\t\t\t\t\t\t\t\tExist\u0103 pa\u0219i specifici care trebuie urma\u021bi \u00een depozitarea p\u0103pu\u0219ii sexuale pentru a v\u0103 asigura c\u0103 longevitatea acestora este p\u0103strat\u0103 \u0219i c\u0103 p\u0103pu\u0219ile sexuale pot fi folosite o perioad\u0103 lung\u0103 de timp.\n\t\t\t\t\t\t\t\t<\/div>\n\t\t\t\t<\/div>\n\t\t\t\t<div class=\"elementor-element elementor-element-7b009cf elementor-widget elementor-widget-text-editor\" data-id=\"7b009cf\" data-element_type=\"widget\" data-e-type=\"widget\" data-widget_type=\"text-editor.default\">\n\t\t\t\t<div class=\"elementor-widget-container\">\n\t\t\t\t\t\t\t\t\tO zon\u0103 bun\u0103 pentru depozitarea p\u0103pu\u0219ii sexuale poate determina c\u00e2t de devreme va \u00eemb\u0103tr\u00e2ni pielea de silicon a p\u0103pu\u0219ii sexuale \u0219i p\u0103r\u021bile interne \u0219i prelunge\u0219te \u00een mod egal durata de via\u021b\u0103 a p\u0103pu\u0219ii sexuale.\t\t\t\t\t\t\t\t<\/div>\n\t\t\t\t<\/div>\n\t\t\t\t<div class=\"elementor-element elementor-element-c9145ea elementor-widget elementor-widget-heading\" data-id=\"c9145ea\" data-element_type=\"widget\" data-e-type=\"widget\" data-widget_type=\"heading.default\">\n\t\t\t\t<div class=\"elementor-widget-container\">\n\t\t\t\t\t<h2 class=\"elementor-heading-title elementor-size-default\">Ca o necesitate:\n<\/h2>\t\t\t\t<\/div>\n\t\t\t\t<\/div>\n\t\t\t\t<div class=\"elementor-element elementor-element-874bd24 elementor-widget elementor-widget-html\" data-id=\"874bd24\" data-element_type=\"widget\" data-e-type=\"widget\" data-widget_type=\"html.default\">\n\t\t\t\t<div class=\"elementor-widget-container\">\n\t\t\t\t\t<ol class=\"number_list_type\">\n    <li>Pudra pentru bebelu\u0219i sau pudra de talc trebuie aplicat\u0103 \u00een mod regulat pe pielea p\u0103pu\u0219ii sexuale pentru a o proteja de ulei \u0219i praf.<\/li>\n    <li>\n        Dup\u0103 utilizarea p\u0103pu\u0219ii sexuale, p\u0103pu\u0219a sexual\u0103 trebuie depozitat\u0103 \u00een pozi\u021bia sa original\u0103 de fabrica\u021bie, deoarece aceasta este cea mai bun\u0103 pozi\u021bie pentru depozitare.\n    <\/li>\n        <li>\n        Pute\u021bi alege cea mai potrivit\u0103 cutie de depozitare pentru p\u0103pu\u0219i sexuale, cutie de depozitare sau geant\u0103 de depozitare.\n    <\/li>\n<\/ol>\t\t\t\t<\/div>\n\t\t\t\t<\/div>\n\t\t\t\t<div class=\"elementor-element elementor-element-db9171e elementor-widget elementor-widget-heading\" data-id=\"db9171e\" data-element_type=\"widget\" data-e-type=\"widget\" data-widget_type=\"heading.default\">\n\t\t\t\t<div class=\"elementor-widget-container\">\n\t\t\t\t\t<h2 class=\"elementor-heading-title elementor-size-default\">Sfaturi de depozitare de lung\u0103 durat\u0103 pentru p\u0103pu\u0219a sexual\u0103<\/h2>\t\t\t\t<\/div>\n\t\t\t\t<\/div>\n\t\t\t\t<div class=\"elementor-element elementor-element-dd80794 elementor-widget elementor-widget-heading\" data-id=\"dd80794\" data-element_type=\"widget\" data-e-type=\"widget\" data-widget_type=\"heading.default\">\n\t\t\t\t<div class=\"elementor-widget-container\">\n\t\t\t\t\t<h4 class=\"elementor-heading-title elementor-size-default\">1. Evita\u021bi expunerea p\u0103pu\u0219ii sexuale la soare pentru o perioad\u0103 lung\u0103 de timp<\/h4>\t\t\t\t<\/div>\n\t\t\t\t<\/div>\n\t\t\t\t<div class=\"elementor-element elementor-element-9f505e9 elementor-widget elementor-widget-text-editor\" data-id=\"9f505e9\" data-element_type=\"widget\" data-e-type=\"widget\" data-widget_type=\"text-editor.default\">\n\t\t\t\t<div class=\"elementor-widget-container\">\n\t\t\t\t\t\t\t\t\tNu expune\u021bi p\u0103pu\u0219a sexual\u0103 la lumina direct\u0103 a soarelui pentru o perioad\u0103 lung\u0103 de timp; ar face ca culoarea p\u0103pu\u0219ii sexuale din silicon s\u0103 se estompeze u\u0219or.\t\t\t\t\t\t\t\t<\/div>\n\t\t\t\t<\/div>\n\t\t\t\t<div class=\"elementor-element elementor-element-e7cb264 elementor-widget elementor-widget-heading\" data-id=\"e7cb264\" data-element_type=\"widget\" data-e-type=\"widget\" data-widget_type=\"heading.default\">\n\t\t\t\t<div class=\"elementor-widget-container\">\n\t\t\t\t\t<h4 class=\"elementor-heading-title elementor-size-default\">2. Evita\u021bi lipirea prafului pe suprafa\u021ba p\u0103pu\u0219ii sexuale<\/h4>\t\t\t\t<\/div>\n\t\t\t\t<\/div>\n\t\t\t\t<div class=\"elementor-element elementor-element-4c9dc49 elementor-widget elementor-widget-text-editor\" data-id=\"4c9dc49\" data-element_type=\"widget\" data-e-type=\"widget\" data-widget_type=\"text-editor.default\">\n\t\t\t\t<div class=\"elementor-widget-container\">\n\t\t\t\t\t\t\t\t\tEvit\u0103 praful cu orice pre\u021b, deoarece suprafa\u021ba din silicon a p\u0103pu\u0219ii sexuale are lipiciitate \u0219i electricitate static\u0103, ceea ce face ca praful s\u0103 se lipeasc\u0103 u\u0219or de ea.\t\t\t\t\t\t\t\t<\/div>\n\t\t\t\t<\/div>\n\t\t\t\t<div class=\"elementor-element elementor-element-505e489 elementor-widget elementor-widget-heading\" data-id=\"505e489\" data-element_type=\"widget\" data-e-type=\"widget\" data-widget_type=\"heading.default\">\n\t\t\t\t<div class=\"elementor-widget-container\">\n\t\t\t\t\t<h4 class=\"elementor-heading-title elementor-size-default\">3. Proteja\u021bi p\u0103pu\u0219a sexual\u0103 de umezeal\u0103.<\/h4>\t\t\t\t<\/div>\n\t\t\t\t<\/div>\n\t\t\t\t<div class=\"elementor-element elementor-element-91259c1 elementor-widget elementor-widget-text-editor\" data-id=\"91259c1\" data-element_type=\"widget\" data-e-type=\"widget\" data-widget_type=\"text-editor.default\">\n\t\t\t\t<div class=\"elementor-widget-container\">\n\t\t\t\t\t\t\t\t\tEvita\u021bi un mediu umed \u0219i umed, deoarece interiorul p\u0103pu\u0219ii sexuale este spongioas\u0103 \u0219i ar absorbi ap\u0103 \u00eentr-un mediu umed \u0219i umed.\t\t\t\t\t\t\t\t<\/div>\n\t\t\t\t<\/div>\n\t\t\t\t<div class=\"elementor-element elementor-element-6f7a4a4 elementor-widget elementor-widget-text-editor\" data-id=\"6f7a4a4\" data-element_type=\"widget\" data-e-type=\"widget\" data-widget_type=\"text-editor.default\">\n\t\t\t\t<div class=\"elementor-widget-container\">\n\t\t\t\t\t\t\t\t\tEste sigur s\u0103 sp\u0103la\u021bi p\u0103pu\u0219a de dragoste sau s\u0103 cur\u0103\u021ba\u021bi p\u0103pu\u0219a de dragoste cu ap\u0103, dar evita\u021bi s\u0103 \u00eenmuia\u021bi p\u0103pu\u0219a de dragoste \u00een ap\u0103 sau s\u0103 o pune\u021bi \u00een ap\u0103 pentru o perioad\u0103 lung\u0103 de timp.\n\t\t\t\t\t\t\t\t<\/div>\n\t\t\t\t<\/div>\n\t\t\t\t<div class=\"elementor-element elementor-element-75d035e elementor-widget elementor-widget-text-editor\" data-id=\"75d035e\" data-element_type=\"widget\" data-e-type=\"widget\" data-widget_type=\"text-editor.default\">\n\t\t\t\t<div class=\"elementor-widget-container\">\n\t\t\t\t\t\t\t\t\tTurnarea apei \u00een partea g\u00e2tului \u00een care exist\u0103 metal va provoca daune permanente p\u0103pu\u0219ii sexuale, nu o face\u021bi.\n\t\t\t\t\t\t\t\t<\/div>\n\t\t\t\t<\/div>\n\t\t\t\t<div class=\"elementor-element elementor-element-0f85efc elementor-widget elementor-widget-text-editor\" data-id=\"0f85efc\" data-element_type=\"widget\" data-e-type=\"widget\" data-widget_type=\"text-editor.default\">\n\t\t\t\t<div class=\"elementor-widget-container\">\n\t\t\t\t\t\t\t\t\tInteriorul p\u0103pu\u0219ii sexuale este spongios; odat\u0103 ce este ap\u0103 \u00een el, ar fi greu s\u0103 usuci p\u0103pu\u0219a sexual\u0103.\n\t\t\t\t\t\t\t\t<\/div>\n\t\t\t\t<\/div>\n\t\t\t\t<div class=\"elementor-element elementor-element-b60c58d elementor-widget elementor-widget-heading\" data-id=\"b60c58d\" data-element_type=\"widget\" data-e-type=\"widget\" data-widget_type=\"heading.default\">\n\t\t\t\t<div class=\"elementor-widget-container\">\n\t\t\t\t\t<h4 class=\"elementor-heading-title elementor-size-default\">4. Preveni\u021bi p\u0103tarea suprafe\u021bei p\u0103pu\u0219ii\n<\/h4>\t\t\t\t<\/div>\n\t\t\t\t<\/div>\n\t\t\t\t<div class=\"elementor-element elementor-element-b094b3e elementor-widget elementor-widget-text-editor\" data-id=\"b094b3e\" data-element_type=\"widget\" data-e-type=\"widget\" data-widget_type=\"text-editor.default\">\n\t\t\t\t<div class=\"elementor-widget-container\">\n\t\t\t\t\t\t\t\t\tEvita\u021bi s\u0103 pune\u021bi p\u0103pu\u0219a sexual\u0103 prea mult timp pe piele artificial\u0103 sau pe un scaun din piele uscat\u0103 pentru a preveni ca culorile pigmentare solubile \u00een ulei pe care le con\u021bin s\u0103 ajung\u0103 pe p\u0103pu\u0219\u0103 \u0219i s\u0103 provoace o pat\u0103 permanent\u0103.\n\t\t\t\t\t\t\t\t<\/div>\n\t\t\t\t<\/div>\n\t\t\t\t<div class=\"elementor-element elementor-element-c38fba8 elementor-widget elementor-widget-text-editor\" data-id=\"c38fba8\" data-element_type=\"widget\" data-e-type=\"widget\" data-widget_type=\"text-editor.default\">\n\t\t\t\t<div class=\"elementor-widget-container\">\n\t\t\t\t\t\t\t\t\tDac\u0103 p\u0103pu\u0219a ta sexual\u0103 din silicon este a\u0219ezat\u0103 pe acest tip de material timp de dou\u0103 ore sau mai mult, vei observa o schimbare sever\u0103 a culorii siliconului \u0219i ar putea fi dificil de sc\u0103pat de aceasta.\t\t\t\t\t\t\t\t<\/div>\n\t\t\t\t<\/div>\n\t\t\t\t<div class=\"elementor-element elementor-element-f20f4f3 elementor-widget elementor-widget-heading\" data-id=\"f20f4f3\" data-element_type=\"widget\" data-e-type=\"widget\" data-widget_type=\"heading.default\">\n\t\t\t\t<div class=\"elementor-widget-container\">\n\t\t\t\t\t<h4 class=\"elementor-heading-title elementor-size-default\">5. Acorda\u021bi aten\u021bie temperaturii zonei de depozitare\n<\/h4>\t\t\t\t<\/div>\n\t\t\t\t<\/div>\n\t\t\t\t<div class=\"elementor-element elementor-element-ea4b523 elementor-widget elementor-widget-text-editor\" data-id=\"ea4b523\" data-element_type=\"widget\" data-e-type=\"widget\" data-widget_type=\"text-editor.default\">\n\t\t\t\t<div class=\"elementor-widget-container\">\n\t\t\t\t\t\t\t\t\tEvita\u021bi o temperatur\u0103 prea ridicat\u0103 sau prea sc\u0103zut\u0103 sub temperatura camerei; numai temperatura camerei este cea mai bun\u0103.\t\t\t\t\t\t\t\t<\/div>\n\t\t\t\t<\/div>\n\t\t\t\t<div class=\"elementor-element elementor-element-8bed4d2 elementor-widget elementor-widget-text-editor\" data-id=\"8bed4d2\" data-element_type=\"widget\" data-e-type=\"widget\" data-widget_type=\"text-editor.default\">\n\t\t\t\t<div class=\"elementor-widget-container\">\n\t\t\t\t\t\t\t\t\tNu este indicat s\u0103-\u021bi pui p\u0103pu\u0219a sexual\u0103 din silicon la o temperatur\u0103 prea ridicat\u0103 sau prea sc\u0103zut\u0103 pentru o perioad\u0103 lung\u0103 de timp; temperatura normal\u0103 de depozitare ar trebui s\u0103 fie de aproximativ 5-35 grade C sau 40-95 grade F\n\t\t\t\t\t\t\t\t<\/div>\n\t\t\t\t<\/div>\n\t\t\t\t<div class=\"elementor-element elementor-element-f57a6a9 elementor-widget elementor-widget-text-editor\" data-id=\"f57a6a9\" data-element_type=\"widget\" data-e-type=\"widget\" data-widget_type=\"text-editor.default\">\n\t\t\t\t<div class=\"elementor-widget-container\">\n\t\t\t\t\t\t\t\t\tPe timpul iernii, po\u021bi \u00eenc\u0103lzi p\u0103pu\u0219a sexual\u0103 cu o p\u0103tur\u0103 electric\u0103; totu\u0219i, re\u021bine\u021bi c\u0103 temperatura p\u0103turii nu cre\u0219te prea mult.\t\t\t\t\t\t\t\t<\/div>\n\t\t\t\t<\/div>\n\t\t\t\t<div class=\"elementor-element elementor-element-9657b65 elementor-widget elementor-widget-heading\" data-id=\"9657b65\" data-element_type=\"widget\" data-e-type=\"widget\" data-widget_type=\"heading.default\">\n\t\t\t\t<div class=\"elementor-widget-container\">\n\t\t\t\t\t<h4 class=\"elementor-heading-title elementor-size-default\">6. Evita\u021bi s\u0103 str\u00e2nge\u021bi p\u0103pu\u0219a sexual\u0103 <\/h4>\t\t\t\t<\/div>\n\t\t\t\t<\/div>\n\t\t\t\t<div class=\"elementor-element elementor-element-952079d elementor-widget elementor-widget-text-editor\" data-id=\"952079d\" data-element_type=\"widget\" data-e-type=\"widget\" data-widget_type=\"text-editor.default\">\n\t\t\t\t<div class=\"elementor-widget-container\">\n\t\t\t\t\t\t\t\t\t\u00cen timp ce p\u0103pu\u0219a sexual\u0103 este depozitat\u0103, nu str\u00e2nge\u021bi sau comprima\u021bi p\u0103pu\u0219a sexual\u0103 pentru o lung\u0103 perioad\u0103 de timp; compresia poate duce la deteriorarea permanent\u0103 a siliconului \u0219i a bure\u021bilor din p\u0103pu\u0219a sexual\u0103.\n\t\t\t\t\t\t\t\t<\/div>\n\t\t\t\t<\/div>\n\t\t\t\t<div class=\"elementor-element elementor-element-a02a319 elementor-widget elementor-widget-text-editor\" data-id=\"a02a319\" data-element_type=\"widget\" data-e-type=\"widget\" data-widget_type=\"text-editor.default\">\n\t\t\t\t<div class=\"elementor-widget-container\">\n\t\t\t\t\t\t\t\t\tNu pune\u021bi obiecte foarte grele pe p\u0103pu\u0219a sexual\u0103 \u0219i nu str\u00e2nge\u021bi sau str\u00e2nge\u021bi p\u0103pu\u0219a sexual\u0103 pentru o perioad\u0103 lung\u0103 de timp.\n\t\t\t\t\t\t\t\t<\/div>\n\t\t\t\t<\/div>\n\t\t\t\t<div class=\"elementor-element elementor-element-94e52f8 elementor-widget elementor-widget-heading\" data-id=\"94e52f8\" data-element_type=\"widget\" data-e-type=\"widget\" data-widget_type=\"heading.default\">\n\t\t\t\t<div class=\"elementor-widget-container\">\n\t\t\t\t\t<h4 class=\"elementor-heading-title elementor-size-default\">7 P\u0103stra\u021bi pozi\u021bia p\u0103pu\u0219ii sexuale liber\u0103 de presiunea extern\u0103.\n<\/h4>\t\t\t\t<\/div>\n\t\t\t\t<\/div>\n\t\t\t\t<div class=\"elementor-element elementor-element-9f468f4 elementor-widget elementor-widget-text-editor\" data-id=\"9f468f4\" data-element_type=\"widget\" data-e-type=\"widget\" data-widget_type=\"text-editor.default\">\n\t\t\t\t<div class=\"elementor-widget-container\">\n\t\t\t\t\t\t\t\t\tC\u00e2nd este depozitat\u0103, p\u0103pu\u0219a sexual\u0103 trebuie a\u0219ezat\u0103 \u00eentr-o pozi\u021bie care s\u0103 o \u021bin\u0103 liber\u0103 de presiunea exterioar\u0103, o pozi\u021bie \u00een care nu este pliat\u0103, deoarece pliat\u0103 sau str\u00e2ns\u0103 poate duce la cr\u0103p\u0103turi \u0219i deteriorarea siliconului.\n\t\t\t\t\t\t\t\t<\/div>\n\t\t\t\t<\/div>\n\t\t\t\t<div class=\"elementor-element elementor-element-f501526 elementor-widget elementor-widget-heading\" data-id=\"f501526\" data-element_type=\"widget\" data-e-type=\"widget\" data-widget_type=\"heading.default\">\n\t\t\t\t<div class=\"elementor-widget-container\">\n\t\t\t\t\t<h4 class=\"elementor-heading-title elementor-size-default\">8. Este o p\u0103pu\u0219\u0103 sexual\u0103, nu o juc\u0103rie pentru copii<\/h4>\t\t\t\t<\/div>\n\t\t\t\t<\/div>\n\t\t\t\t<div class=\"elementor-element elementor-element-26f4ec6 elementor-widget elementor-widget-text-editor\" data-id=\"26f4ec6\" data-element_type=\"widget\" data-e-type=\"widget\" data-widget_type=\"text-editor.default\">\n\t\t\t\t<div class=\"elementor-widget-container\">\n\t\t\t\t\t\t\t\t\t\u021aine\u021bi p\u0103pu\u0219a sexual\u0103 departe de copii \u0219i nu o depozita\u021bi \u00een locuri unde copiii pot intra cu u\u0219urin\u021b\u0103 \u00een contact cu ea.\n\t\t\t\t\t\t\t\t<\/div>\n\t\t\t\t<\/div>\n\t\t\t\t<div class=\"elementor-element elementor-element-7a7f856 elementor-widget elementor-widget-text-editor\" data-id=\"7a7f856\" data-element_type=\"widget\" data-e-type=\"widget\" data-widget_type=\"text-editor.default\">\n\t\t\t\t<div class=\"elementor-widget-container\">\n\t\t\t\t\t\t\t\t\tPentru a-\u021bi afi\u0219a \u0219i depozita p\u0103pu\u0219a pentru o lung\u0103 perioad\u0103 de timp.\n\t\t\t\t\t\t\t\t<\/div>\n\t\t\t\t<\/div>\n\t\t\t\t<div class=\"elementor-element elementor-element-003fa28 elementor-widget elementor-widget-text-editor\" data-id=\"003fa28\" data-element_type=\"widget\" data-e-type=\"widget\" data-widget_type=\"text-editor.default\">\n\t\t\t\t<div class=\"elementor-widget-container\">\n\t\t\t\t\t\t\t\t\tOferim un suport pentru p\u0103pu\u0219i sexuale pentru afi\u0219area p\u0103pu\u0219ilor sexuale. Suportul pentru p\u0103pu\u0219i sexuale v\u0103 va \u021bine p\u0103pu\u0219a sexual\u0103 \u00een pozi\u021bie \u00een picioare.\n\t\t\t\t\t\t\t\t<\/div>\n\t\t\t\t<\/div>\n\t\t\t\t<div class=\"elementor-element elementor-element-91e5c9a elementor-widget elementor-widget-text-editor\" data-id=\"91e5c9a\" data-element_type=\"widget\" data-e-type=\"widget\" data-widget_type=\"text-editor.default\">\n\t\t\t\t<div class=\"elementor-widget-container\">\n\t\t\t\t\t\t\t\t\tAvem, de asemenea, un c\u00e2rlig de p\u0103pu\u0219\u0103 sexual\u0103 \u00een care p\u0103pu\u0219a sexual\u0103 poate fi at\u00e2rnat\u0103 pentru o perioad\u0103 lung\u0103 de timp pentru a asigura depozitarea \u00een siguran\u021b\u0103.\n\t\t\t\t\t\t\t\t<\/div>\n\t\t\t\t<\/div>\n\t\t\t\t<div class=\"elementor-element elementor-element-0f84cab elementor-widget elementor-widget-text-editor\" data-id=\"0f84cab\" data-element_type=\"widget\" data-e-type=\"widget\" data-widget_type=\"text-editor.default\">\n\t\t\t\t<div class=\"elementor-widget-container\">\n\t\t\t\t\t\t\t\t\tV\u0103 rug\u0103m s\u0103 urm\u0103ri\u021bi acest videoclip.\n\t\t\t\t\t\t\t\t<\/div>\n\t\t\t\t<\/div>\n\t\t\t\t<div class=\"elementor-element elementor-element-0a8f03e elementor-widget elementor-widget-image\" data-id=\"0a8f03e\" data-element_type=\"widget\" data-e-type=\"widget\" data-widget_type=\"image.default\">\n\t\t\t\t<div class=\"elementor-widget-container\">\n\t\t\t\t\t\t\t\t\t\t\t\t\t\t\t<img loading=\"lazy\" decoding=\"async\" width=\"758\" height=\"511\" src=\"https:\/\/renodoll.com\/wp-content\/uploads\/xstore\/xstore-placeholder.png\" class=\"attachment-full size-full wp-image-14208 lazyload lazyload-simple et-lazyload-fadeIn\" alt=\"\" sizes=\"auto, (max-width: 758px) 100vw, 758px\" data-src=\"https:\/\/renodoll.com\/wp-content\/uploads\/2023\/03\/kb-storage-case.jpg\" data-srcset=\"https:\/\/renodoll.com\/wp-content\/uploads\/2023\/03\/kb-storage-case.jpg 758w, https:\/\/renodoll.com\/wp-content\/uploads\/2023\/03\/kb-storage-case-300x202.jpg 300w, https:\/\/renodoll.com\/wp-content\/uploads\/2023\/03\/kb-storage-case-18x12.jpg 18w, https:\/\/renodoll.com\/wp-content\/uploads\/2023\/03\/kb-storage-case-100x67.jpg 100w, https:\/\/renodoll.com\/wp-content\/uploads\/2023\/03\/kb-storage-case-600x404.jpg 600w, https:\/\/renodoll.com\/wp-content\/uploads\/2023\/03\/kb-storage-case-10x7.jpg 10w\" \/>\t\t\t\t\t\t\t\t\t\t\t\t\t\t\t<\/div>\n\t\t\t\t<\/div>\n\t\t\t\t\t<\/div>\n\t\t<\/div>\n\t\t\t\t\t<\/div>\n\t\t<\/section>\n\t\t\t\t<\/div>","protected":false},"excerpt":{"rendered":"<p>Depozitarea p\u0103pu\u0219ilor sexuale Introducere Exist\u0103 pa\u0219i specifici care trebuie urma\u021bi \u00een depozitarea p\u0103pu\u0219ii sexuale pentru a v\u0103 asigura c\u0103 longevitatea lor este p\u0103strat\u0103 \u0219i c\u0103 p\u0103pu\u0219ile sexuale pot fi folosite pentru o perioad\u0103 lung\u0103 de timp. O zon\u0103 bun\u0103 pentru depozitarea p\u0103pu\u0219ii sexuale poate determina c\u00e2t de devreme va \u00eemb\u0103tr\u00e2ni pielea de silicon a p\u0103pu\u0219ii sexuale \u0219i p\u0103r\u021bile interne \u0219i prelunge\u0219te \u00een mod egal durata de via\u021b\u0103 a p\u0103pu\u0219ii sexuale. De necesitate: Pudra pentru copii sau pudra de talc trebuie aplicat\u0103 \u00een mod regulat pe pielea p\u0103pu\u0219ii sexuale pentru a o proteja de ulei \u0219i praf. Dup\u0103 folosirea p\u0103pu\u0219ii sexuale, sexul<\/p>","protected":false},"author":1,"featured_media":0,"parent":0,"menu_order":0,"comment_status":"closed","ping_status":"closed","template":"","meta":{"footnotes":""},"class_list":["post-5463","page","type-page","status-publish","hentry"],"aioseo_notices":[],"_links":{"self":[{"href":"https:\/\/renodoll.com\/ro\/wp-json\/wp\/v2\/pages\/5463","targetHints":{"allow":["GET"]}}],"collection":[{"href":"https:\/\/renodoll.com\/ro\/wp-json\/wp\/v2\/pages"}],"about":[{"href":"https:\/\/renodoll.com\/ro\/wp-json\/wp\/v2\/types\/page"}],"author":[{"embeddable":true,"href":"https:\/\/renodoll.com\/ro\/wp-json\/wp\/v2\/users\/1"}],"replies":[{"embeddable":true,"href":"https:\/\/renodoll.com\/ro\/wp-json\/wp\/v2\/comments?post=5463"}],"version-history":[{"count":43,"href":"https:\/\/renodoll.com\/ro\/wp-json\/wp\/v2\/pages\/5463\/revisions"}],"predecessor-version":[{"id":16008,"href":"https:\/\/renodoll.com\/ro\/wp-json\/wp\/v2\/pages\/5463\/revisions\/16008"}],"wp:attachment":[{"href":"https:\/\/renodoll.com\/ro\/wp-json\/wp\/v2\/media?parent=5463"}],"curies":[{"name":"wp","href":"https:\/\/api.w.org\/{rel}","templated":true}]}}