{"id":5458,"date":"2023-02-22T19:06:10","date_gmt":"2023-02-22T11:06:10","guid":{"rendered":"https:\/\/renodoll.com\/?page_id=5458"},"modified":"2023-03-29T17:03:19","modified_gmt":"2023-03-29T09:03:19","slug":"freckles","status":"publish","type":"page","link":"https:\/\/renodoll.com\/ro\/pistrui\/","title":{"rendered":"Pictura cu pistrui"},"content":{"rendered":"<div data-elementor-type=\"wp-page\" data-elementor-id=\"5458\" class=\"elementor elementor-5458\">\n\t\t\t\t\t\t\t\t\t<section class=\"elementor-section elementor-top-section elementor-element elementor-element-829a5bf elementor-section-boxed elementor-section-height-default elementor-section-height-default\" data-id=\"829a5bf\" data-element_type=\"section\">\n\t\t\t\t\t\t<div class=\"elementor-container elementor-column-gap-default\">\n\t\t\t\t\t<div class=\"elementor-column elementor-col-50 elementor-top-column elementor-element elementor-element-f3c1b7c page-content-text\" data-id=\"f3c1b7c\" data-element_type=\"column\">\n\t\t\t<div class=\"elementor-widget-wrap elementor-element-populated\">\n\t\t\t\t\t\t\t\t<div class=\"elementor-element elementor-element-445fe14 elementor-invisible elementor-widget elementor-widget-heading\" data-id=\"445fe14\" data-element_type=\"widget\" data-settings=\"{&quot;_animation&quot;:&quot;fadeInUp&quot;}\" data-widget_type=\"heading.default\">\n\t\t\t\t<div class=\"elementor-widget-container\">\n\t\t\t<style>\/*! elementor - v3.10.2 - 29-01-2023 *\/\n.elementor-heading-title{padding:0;margin:0;line-height:1}.elementor-widget-heading .elementor-heading-title[class*=elementor-size-]>a{color:inherit;font-size:inherit;line-height:inherit}.elementor-widget-heading .elementor-heading-title.elementor-size-small{font-size:15px}.elementor-widget-heading .elementor-heading-title.elementor-size-medium{font-size:19px}.elementor-widget-heading .elementor-heading-title.elementor-size-large{font-size:29px}.elementor-widget-heading .elementor-heading-title.elementor-size-xl{font-size:39px}.elementor-widget-heading .elementor-heading-title.elementor-size-xxl{font-size:59px}<\/style><h2 class=\"elementor-heading-title elementor-size-default\">Pistrui \/ Pigmentare<\/h2>\t\t<\/div>\n\t\t\t\t<\/div>\n\t\t\t\t<div class=\"elementor-element elementor-element-2f50bad elementor-widget elementor-widget-text-editor\" data-id=\"2f50bad\" data-element_type=\"widget\" data-widget_type=\"text-editor.default\">\n\t\t\t\t<div class=\"elementor-widget-container\">\n\t\t\t<style>\/*! elementor - v3.10.2 - 29-01-2023 *\/\n.elementor-widget-text-editor.elementor-drop-cap-view-stacked .elementor-drop-cap{background-color:#818a91;color:#fff}.elementor-widget-text-editor.elementor-drop-cap-view-framed .elementor-drop-cap{color:#818a91;border:3px solid;background-color:transparent}.elementor-widget-text-editor:not(.elementor-drop-cap-view-default) .elementor-drop-cap{margin-top:8px}.elementor-widget-text-editor:not(.elementor-drop-cap-view-default) .elementor-drop-cap-letter{width:1em;height:1em}.elementor-widget-text-editor .elementor-drop-cap{float:left;text-align:center;line-height:1;font-size:50px}.elementor-widget-text-editor .elementor-drop-cap-letter{display:inline-block}<\/style>\t\t\t\t<p>S\u0103rut\u0103 pistruiul acela adev\u0103rat r\u0103sp\u00e2ndit pe fa\u021ba dr\u0103gu\u021b\u0103 a fetei tale. Zonele care sunt \u00een mod natural cel mai mult afectate de soare sunt cele acoperite de pigmentare; nas, obraji \u0219i frunte.<\/p>\t\t\t\t\t\t<\/div>\n\t\t\t\t<\/div>\n\t\t\t\t<div class=\"elementor-element elementor-element-7b009cf elementor-widget elementor-widget-text-editor\" data-id=\"7b009cf\" data-element_type=\"widget\" data-widget_type=\"text-editor.default\">\n\t\t\t\t<div class=\"elementor-widget-container\">\n\t\t\t\t\t\t\t<p>Acest pistrui este una dintre op\u021biunile personalizabile care vin cu p\u0103pu\u0219a ta sexual\u0103, iar un artist de machiaj expert se ocup\u0103 de el la Jinsan.<\/p>\t\t\t\t\t\t<\/div>\n\t\t\t\t<\/div>\n\t\t\t\t<div class=\"elementor-element elementor-element-d24a218 elementor-widget elementor-widget-text-editor\" data-id=\"d24a218\" data-element_type=\"widget\" data-widget_type=\"text-editor.default\">\n\t\t\t\t<div class=\"elementor-widget-container\">\n\t\t\t\t\t\t\tCu toate acestea, ace\u0219ti pistrui sunt semi-permanen\u021bi. Orice pictura corporal\u0103, machiajul corporal \u0219i machiajul fe\u021bei care vine cu p\u0103pu\u0219a ta sexual\u0103 este semi-permanent \u0219i se va \u0219terge dup\u0103 o anumit\u0103 perioad\u0103 din cauza utiliz\u0103rii \u0219i cur\u0103\u021b\u0103rii. Machiajul de pe papusa ta poate fi indepartat imediat cu demachiere sau ulei mineral; \u00cen acest caz, este \u00een\u021belept s\u0103 v\u0103 asigura\u021bi c\u0103 p\u0103pu\u0219a dvs. sexual\u0103 \u00ee\u0219i p\u0103streaz\u0103 aspectul. Cur\u0103\u021b\u0103-\u021bi p\u0103pu\u0219a sexual\u0103 numai cu demachiantul aprobat TPE.\n\t\t\t\t\t\t<\/div>\n\t\t\t\t<\/div>\n\t\t\t\t<div class=\"elementor-element elementor-element-9f505e9 elementor-widget elementor-widget-text-editor\" data-id=\"9f505e9\" data-element_type=\"widget\" data-widget_type=\"text-editor.default\">\n\t\t\t\t<div class=\"elementor-widget-container\">\n\t\t\t\t\t\t\tP\u0103pu\u0219a ta de dragoste are un aspect mai real \u0219i mai natural cu pistrui. Nu numai p\u0103pu\u0219ile sexuale ro\u0219cate sunt eligibile pentru pistrui; p\u0103pu\u0219a ta de dragoste ar putea fi blond\u0103 sau brunet\u0103 \u0219i \u00eenc\u0103 mai are pistrui ca un detaliu de frumuse\u021be suplimentar pe corpul ei. Detaliile p\u0103pu\u0219ilor primesc mai mult\u0103 u\u0219urare de la ace\u0219ti pistrui; arat\u0103 at\u00e2t de uluitor. \n\t\t\t\t\t\t<\/div>\n\t\t\t\t<\/div>\n\t\t\t\t<div class=\"elementor-element elementor-element-75d035e elementor-widget elementor-widget-text-editor\" data-id=\"75d035e\" data-element_type=\"widget\" data-widget_type=\"text-editor.default\">\n\t\t\t\t<div class=\"elementor-widget-container\">\n\t\t\t\t\t\t\tAce\u0219ti pistrui sunt realizati cu mult\u0103 grij\u0103 la pensul\u0103, \u00een mai multe straturi de vopsea, \u0219i pot fi c\u00e2t de den\u0219i sau vizibili pe c\u00e2t se dore\u0219te. Nu conteaz\u0103 dac\u0103 este vorba de pete mici \u0219i delicate pe nas sau de pistrui foarte reali pe zone mai mari; vei ob\u021bine ceea ce vrei.\n\t\t\t\t\t\t<\/div>\n\t\t\t\t<\/div>\n\t\t\t\t<div class=\"elementor-element elementor-element-4c9dc49 elementor-widget elementor-widget-text-editor\" data-id=\"4c9dc49\" data-element_type=\"widget\" data-widget_type=\"text-editor.default\">\n\t\t\t\t<div class=\"elementor-widget-container\">\n\t\t\t\t\t\t\tAplicarea pistruilor se poate face pe diferite p\u0103r\u021bi ale corpului; ar putea fi fa\u021ba, obrajii, nasul, chiar deasupra bra\u021bului, partea superioar\u0103 a spatelui, um\u0103rul sau decolteul. Pre\u021bul, \u00eens\u0103, nu poate fi scos cu certitudine, deoarece densitatea lui \u0219i c\u00e2te zone l-a\u021bi dori.\n\t\t\t\t\t\t<\/div>\n\t\t\t\t<\/div>\n\t\t\t\t<div class=\"elementor-element elementor-element-6f7a4a4 elementor-widget elementor-widget-text-editor\" data-id=\"6f7a4a4\" data-element_type=\"widget\" data-widget_type=\"text-editor.default\">\n\t\t\t\t<div class=\"elementor-widget-container\">\n\t\t\t\t\t\t\tArunc\u0103 o privire la felul de pistrui pe care \u00eei putem aplica pe p\u0103pu\u0219a ta sexual\u0103 aici.\t\t\t\t\t\t<\/div>\n\t\t\t\t<\/div>\n\t\t\t\t\t<\/div>\n\t\t<\/div>\n\t\t\t\t<div class=\"elementor-column elementor-col-50 elementor-top-column elementor-element elementor-element-0648baa\" data-id=\"0648baa\" data-element_type=\"column\">\n\t\t\t<div class=\"elementor-widget-wrap elementor-element-populated\">\n\t\t\t\t\t\t\t\t<div class=\"elementor-element elementor-element-d265377 elementor-widget elementor-widget-image\" data-id=\"d265377\" data-element_type=\"widget\" data-widget_type=\"image.default\">\n\t\t\t\t<div class=\"elementor-widget-container\">\n\t\t\t<style>\/*! elementor - v3.10.2 - 29-01-2023 *\/\n.elementor-widget-image{text-align:center}.elementor-widget-image a{display:inline-block}.elementor-widget-image a img[src$=\".svg\"]{width:48px}.elementor-widget-image img{vertical-align:middle;display:inline-block}<\/style>\t\t\t\t\t\t\t\t\t\t\t\t<img loading=\"lazy\" decoding=\"async\" width=\"683\" height=\"1024\" src=\"https:\/\/renodoll.com\/wp-content\/uploads\/2023\/03\/kb-freckles-683x1024.jpg\" class=\"attachment-large size-large wp-image-14261\" alt=\"\" srcset=\"https:\/\/renodoll.com\/wp-content\/uploads\/2023\/03\/kb-freckles-683x1024.jpg 683w, https:\/\/renodoll.com\/wp-content\/uploads\/2023\/03\/kb-freckles-200x300.jpg 200w, https:\/\/renodoll.com\/wp-content\/uploads\/2023\/03\/kb-freckles-768x1152.jpg 768w, https:\/\/renodoll.com\/wp-content\/uploads\/2023\/03\/kb-freckles-1024x1536.jpg 1024w, https:\/\/renodoll.com\/wp-content\/uploads\/2023\/03\/kb-freckles-1365x2048.jpg 1365w, https:\/\/renodoll.com\/wp-content\/uploads\/2023\/03\/kb-freckles-8x12.jpg 8w, https:\/\/renodoll.com\/wp-content\/uploads\/2023\/03\/kb-freckles-67x100.jpg 67w, https:\/\/renodoll.com\/wp-content\/uploads\/2023\/03\/kb-freckles-300x450.jpg 300w, https:\/\/renodoll.com\/wp-content\/uploads\/2023\/03\/kb-freckles-600x900.jpg 600w, https:\/\/renodoll.com\/wp-content\/uploads\/2023\/03\/kb-freckles-7x10.jpg 7w, https:\/\/renodoll.com\/wp-content\/uploads\/2023\/03\/kb-freckles.jpg 1500w\" sizes=\"auto, (max-width: 683px) 100vw, 683px\" \/>\t\t\t\t\t\t\t\t\t\t\t\t\t\t\t<\/div>\n\t\t\t\t<\/div>\n\t\t\t\t\t<\/div>\n\t\t<\/div>\n\t\t\t\t\t\t\t<\/div>\n\t\t<\/section>\n\t\t\t\t\t\t\t<\/div>","protected":false},"excerpt":{"rendered":"<p>Pistrui \/ Pigmentare S\u0103rut\u0103 acel pistrui adev\u0103rat r\u0103sp\u00e2ndit pe fa\u021ba dr\u0103gu\u021b\u0103 a fetei tale. Zonele care sunt \u00een mod natural cel mai mult afectate de soare sunt cele acoperite de pigmentare; nas, obraji \u0219i frunte. Acest pistrui este una dintre op\u021biunile personalizabile care vin cu p\u0103pu\u0219a ta sexual\u0103, iar un artist de machiaj expert se ocup\u0103 de el la Jinsan. Cu toate acestea, ace\u0219ti pistrui sunt semi-permanen\u021bi. Orice pictura corporal\u0103, machiajul corporal \u0219i machiajul fe\u021bei care vine cu p\u0103pu\u0219a ta sexual\u0103 este semi-permanent \u0219i se va \u0219terge dup\u0103 o anumit\u0103 perioad\u0103 din cauza utiliz\u0103rii \u0219i cur\u0103\u021b\u0103rii. Machiajul de pe p\u0103pu\u0219a ta poate fi \u00eendep\u0103rtat imediat<\/p>","protected":false},"author":1,"featured_media":0,"parent":0,"menu_order":0,"comment_status":"closed","ping_status":"closed","template":"","meta":{"footnotes":""},"class_list":["post-5458","page","type-page","status-publish","hentry"],"aioseo_notices":[],"_links":{"self":[{"href":"https:\/\/renodoll.com\/ro\/wp-json\/wp\/v2\/pages\/5458","targetHints":{"allow":["GET"]}}],"collection":[{"href":"https:\/\/renodoll.com\/ro\/wp-json\/wp\/v2\/pages"}],"about":[{"href":"https:\/\/renodoll.com\/ro\/wp-json\/wp\/v2\/types\/page"}],"author":[{"embeddable":true,"href":"https:\/\/renodoll.com\/ro\/wp-json\/wp\/v2\/users\/1"}],"replies":[{"embeddable":true,"href":"https:\/\/renodoll.com\/ro\/wp-json\/wp\/v2\/comments?post=5458"}],"version-history":[{"count":26,"href":"https:\/\/renodoll.com\/ro\/wp-json\/wp\/v2\/pages\/5458\/revisions"}],"predecessor-version":[{"id":14266,"href":"https:\/\/renodoll.com\/ro\/wp-json\/wp\/v2\/pages\/5458\/revisions\/14266"}],"wp:attachment":[{"href":"https:\/\/renodoll.com\/ro\/wp-json\/wp\/v2\/media?parent=5458"}],"curies":[{"name":"wp","href":"https:\/\/api.w.org\/{rel}","templated":true}]}}