{"id":5446,"date":"2023-02-22T18:57:12","date_gmt":"2023-02-22T10:57:12","guid":{"rendered":"https:\/\/renodoll.com\/?page_id=5446"},"modified":"2023-03-29T16:46:47","modified_gmt":"2023-03-29T08:46:47","slug":"articulated-finger","status":"publish","type":"page","link":"https:\/\/renodoll.com\/ro\/articulated-finger\/","title":{"rendered":"Deget articulat"},"content":{"rendered":"<div data-elementor-type=\"wp-page\" data-elementor-id=\"5446\" class=\"elementor elementor-5446\" data-elementor-post-type=\"page\">\n\t\t\t\t\t\t<section class=\"elementor-section elementor-top-section elementor-element elementor-element-19ce2b8 elementor-section-boxed elementor-section-height-default elementor-section-height-default\" data-id=\"19ce2b8\" data-element_type=\"section\" data-e-type=\"section\">\n\t\t\t\t\t\t<div class=\"elementor-container elementor-column-gap-default\">\n\t\t\t\t\t<div class=\"elementor-column elementor-col-100 elementor-top-column elementor-element elementor-element-f3c1b7c page-content-text\" data-id=\"f3c1b7c\" data-element_type=\"column\" data-e-type=\"column\">\n\t\t\t<div class=\"elementor-widget-wrap elementor-element-populated\">\n\t\t\t\t\t\t<section class=\"elementor-section elementor-inner-section elementor-element elementor-element-fd7ff6a elementor-section-boxed elementor-section-height-default elementor-section-height-default\" data-id=\"fd7ff6a\" data-element_type=\"section\" data-e-type=\"section\">\n\t\t\t\t\t\t<div class=\"elementor-container elementor-column-gap-default\">\n\t\t\t\t\t<div class=\"elementor-column elementor-col-50 elementor-inner-column elementor-element elementor-element-4194eef\" data-id=\"4194eef\" data-element_type=\"column\" data-e-type=\"column\">\n\t\t\t<div class=\"elementor-widget-wrap elementor-element-populated\">\n\t\t\t\t\t\t<div class=\"elementor-element elementor-element-445fe14 elementor-invisible elementor-widget elementor-widget-heading\" data-id=\"445fe14\" data-element_type=\"widget\" data-e-type=\"widget\" data-settings=\"{&quot;_animation&quot;:&quot;fadeInUp&quot;}\" data-widget_type=\"heading.default\">\n\t\t\t\t<div class=\"elementor-widget-container\">\n\t\t\t\t\t<h2 class=\"elementor-heading-title elementor-size-default\">Deget<\/h2>\t\t\t\t<\/div>\n\t\t\t\t<\/div>\n\t\t\t\t<div class=\"elementor-element elementor-element-2f50bad elementor-widget elementor-widget-text-editor\" data-id=\"2f50bad\" data-element_type=\"widget\" data-e-type=\"widget\" data-widget_type=\"text-editor.default\">\n\t\t\t\t<div class=\"elementor-widget-container\">\n\t\t\t\t\t\t\t\t\t<p>Nu prea mult timp, Irontech a anun\u021bat lansarea noilor m\u00e2ini \u0219i degete articulate pentru p\u0103pu\u0219ile lor sexuale \u0219i s-a al\u0103turat YL Doll \u0219i WMDoll ca marca num\u0103rul trei de p\u0103pu\u0219i sexuale TPE pentru a oferi un upgrade pentru degetul p\u0103pu\u0219ii lor sexuale.<\/p>\t\t\t\t\t\t\t\t<\/div>\n\t\t\t\t<\/div>\n\t\t\t\t<div class=\"elementor-element elementor-element-7b009cf elementor-widget elementor-widget-text-editor\" data-id=\"7b009cf\" data-element_type=\"widget\" data-e-type=\"widget\" data-widget_type=\"text-editor.default\">\n\t\t\t\t<div class=\"elementor-widget-container\">\n\t\t\t\t\t\t\t\t\tAceast\u0103 nou\u0103 caracteristic\u0103 a p\u0103pu\u0219ilor sexuale a devenit o tendin\u021b\u0103 \u00een industria p\u0103pu\u0219ilor sexuale, iar aceasta este o tendin\u021b\u0103 pl\u0103cut\u0103 comunit\u0103\u021bii de p\u0103pu\u0219i sexuale, deoarece majorit\u0103\u021bii acestor proprietari reali de p\u0103pu\u0219i nu le plac degetele vechi, care sunt fragile \u0219i cu fir.\n\t\t\t\t\t\t\t\t<\/div>\n\t\t\t\t<\/div>\n\t\t\t\t<div class=\"elementor-element elementor-element-d24a218 elementor-widget elementor-widget-text-editor\" data-id=\"d24a218\" data-element_type=\"widget\" data-e-type=\"widget\" data-widget_type=\"text-editor.default\">\n\t\t\t\t<div class=\"elementor-widget-container\">\n\t\t\t\t\t\t\t\t\t<p>Upgrade-ul degetului articulat anun\u021bat de Irontech este aproape acela\u0219i cu cel al WM. Scheletul metalic al m\u00e2inii p\u0103pu\u0219ii sexuale are o articula\u021bie cu balamale \u0219i este, de asemenea, acoperit cu un strat alb pentru a preveni deteriorarea pielii degetului. Aceste seturi de p\u0103pu\u0219i pot face cu u\u0219urin\u021b\u0103 ipostaze realiste care implic\u0103 m\u00e2na \u0219i degetul, f\u0103r\u0103 ca firele s\u0103 treac\u0103 prin TPE.<\/p>\t\t\t\t\t\t\t\t<\/div>\n\t\t\t\t<\/div>\n\t\t\t\t\t<\/div>\n\t\t<\/div>\n\t\t\t\t<div class=\"elementor-column elementor-col-50 elementor-inner-column elementor-element elementor-element-df10d16\" data-id=\"df10d16\" data-element_type=\"column\" data-e-type=\"column\">\n\t\t\t<div class=\"elementor-widget-wrap elementor-element-populated\">\n\t\t\t\t\t\t<div class=\"elementor-element elementor-element-2fef030 elementor-widget elementor-widget-video\" data-id=\"2fef030\" data-element_type=\"widget\" data-e-type=\"widget\" data-settings=\"{&quot;video_type&quot;:&quot;hosted&quot;,&quot;autoplay&quot;:&quot;yes&quot;,&quot;play_on_mobile&quot;:&quot;yes&quot;,&quot;loop&quot;:&quot;yes&quot;,&quot;controls&quot;:&quot;yes&quot;}\" data-widget_type=\"video.default\">\n\t\t\t\t<div class=\"elementor-widget-container\">\n\t\t\t\t\t\t\t<div class=\"e-hosted-video elementor-wrapper elementor-open-inline\">\n\t\t\t\t\t<video class=\"elementor-video\" src=\"http:\/\/renodoll.com\/wp-content\/uploads\/2023\/03\/kb-finger.mp4\" autoplay=\"\" loop=\"\" controls=\"\" playsinline=\"\" controlslist=\"nodownload\"><\/video>\n\t\t\t\t<\/div>\n\t\t\t\t\t\t<\/div>\n\t\t\t\t<\/div>\n\t\t\t\t\t<\/div>\n\t\t<\/div>\n\t\t\t\t\t<\/div>\n\t\t<\/section>\n\t\t\t\t<div class=\"elementor-element elementor-element-9f505e9 elementor-widget elementor-widget-text-editor\" data-id=\"9f505e9\" data-element_type=\"widget\" data-e-type=\"widget\" data-widget_type=\"text-editor.default\">\n\t\t\t\t<div class=\"elementor-widget-container\">\n\t\t\t\t\t\t\t\t\tPoate c\u0103 a durat mult timp, dar caracteristica degetului \u0219i m\u00e2inii articulate este o veste pl\u0103cut\u0103 pentru comunitatea de p\u0103pu\u0219i sexuale. Dac\u0103 aceast\u0103 caracteristic\u0103 v\u0103 mul\u021bume\u0219te, nu uita\u021bi s\u0103 o ad\u0103uga\u021bi la comanda dumneavoastr\u0103. \n\t\t\t\t\t\t\t\t<\/div>\n\t\t\t\t<\/div>\n\t\t\t\t<div class=\"elementor-element elementor-element-75d035e elementor-widget elementor-widget-text-editor\" data-id=\"75d035e\" data-element_type=\"widget\" data-e-type=\"widget\" data-widget_type=\"text-editor.default\">\n\t\t\t\t<div class=\"elementor-widget-container\">\n\t\t\t\t\t\t\t\t\tTe-ai s\u0103turat ca degetul p\u0103pu\u0219ii tale sexuale s\u0103 fie condus de firul metalic interior? \u021ai-ar pl\u0103cea ca p\u0103pu\u0219a ta sexual\u0103 s\u0103 aib\u0103 un deget mai flexibil? Atunci aceast\u0103 nou\u0103 caracteristic\u0103 a unui deget nou \u0219i articulat este o actualizare pe care trebuie s\u0103 o lua\u021bi \u00een considerare.\t\t\t\t\t\t\t\t<\/div>\n\t\t\t\t<\/div>\n\t\t\t\t<div class=\"elementor-element elementor-element-4c9dc49 elementor-widget elementor-widget-text-editor\" data-id=\"4c9dc49\" data-element_type=\"widget\" data-e-type=\"widget\" data-widget_type=\"text-editor.default\">\n\t\t\t\t<div class=\"elementor-widget-container\">\n\t\t\t\t\t\t\t\t\t<p>Este o pl\u0103cere s\u0103 v\u0103 aduc c\u0103 fabrica WMDoll a \u00eenceput s\u0103-\u0219i produc\u0103 p\u0103pu\u0219ile sexuale de dimensiune complet\u0103 cu upgrade pentru degetul articulat, care este o m\u00e2n\u0103 schelet dezvoltat\u0103 recent.<\/p>\t\t\t\t\t\t\t\t<\/div>\n\t\t\t\t<\/div>\n\t\t\t\t<div class=\"elementor-element elementor-element-6f7a4a4 elementor-widget elementor-widget-text-editor\" data-id=\"6f7a4a4\" data-element_type=\"widget\" data-e-type=\"widget\" data-widget_type=\"text-editor.default\">\n\t\t\t\t<div class=\"elementor-widget-container\">\n\t\t\t\t\t\t\t\t\tAceast\u0103 nou\u0103 caracteristic\u0103 pentru degetul articulat este proiectat\u0103 cu grij\u0103 \u0219i are \u00eembin\u0103ri metalice rezistente \u0219i v\u00e2rfuri rotunjite pentru a preveni perforarea cu u\u0219urin\u021b\u0103 a pielii degetului. Cea mai bun\u0103 parte a acestei; aceast\u0103 nou\u0103 caracteristic\u0103 permite p\u0103pu\u0219ii sexuale s\u0103 copieze multe gesturi ale m\u00e2inii pe care vechea m\u00e2n\u0103 cu degetul cu fir nu le poate face. Acesta este un upgrade fantastic, \u00een special pentru comunitatea iubitorilor de p\u0103pu\u0219i sexuale.\n\t\t\t\t\t\t\t\t<\/div>\n\t\t\t\t<\/div>\n\t\t\t\t<div class=\"elementor-element elementor-element-e390632 elementor-widget elementor-widget-text-editor\" data-id=\"e390632\" data-element_type=\"widget\" data-e-type=\"widget\" data-widget_type=\"text-editor.default\">\n\t\t\t\t<div class=\"elementor-widget-container\">\n\t\t\t\t\t\t\t\t\tUrm\u0103re\u0219te videoclipul de mai jos pentru a descoperi cum func\u021bioneaz\u0103 aceast\u0103 nou\u0103 func\u021bie.\t\t\t\t\t\t\t\t<\/div>\n\t\t\t\t<\/div>\n\t\t\t\t<div class=\"elementor-element elementor-element-e28a12e elementor-invisible elementor-widget elementor-widget-heading\" data-id=\"e28a12e\" data-element_type=\"widget\" data-e-type=\"widget\" data-settings=\"{&quot;_animation&quot;:&quot;fadeInUp&quot;}\" data-widget_type=\"heading.default\">\n\t\t\t\t<div class=\"elementor-widget-container\">\n\t\t\t\t\t<h2 class=\"elementor-heading-title elementor-size-default\">\u021aine minte :<\/h2>\t\t\t\t<\/div>\n\t\t\t\t<\/div>\n\t\t\t\t<div class=\"elementor-element elementor-element-ac5f65c elementor-widget elementor-widget-html\" data-id=\"ac5f65c\" data-element_type=\"widget\" data-e-type=\"widget\" data-widget_type=\"html.default\">\n\t\t\t\t<div class=\"elementor-widget-container\">\n\t\t\t\t\t<ol class=\"number_list_type\"><li>Doar p\u0103pu\u0219ile WMDoll \u0219i YL Dolls ofer\u0103 aceast\u0103 nou\u0103 func\u021bie.<\/li>\n<li>Aceast\u0103 nou\u0103 func\u021bie interesant\u0103 este disponibil\u0103 numai pentru p\u0103pu\u0219ile TPE care au peste 140 cm.\n<\/li>\n<li>Nu poate fi folosit cu vechile WMdolls, modificat sau actualizat.<\/li>\n<li>Este realizat din metal \u0219i nu din s\u00e2rm\u0103 de cupru.<\/li>\n<li>Degetele articulate nu pot fi \u00eencurcate.\n<\/li>\n<li>Gama de mi\u0219care pentru degetul articulat este aceea\u0219i cu cea a vechiului deget cu fir.<\/li>\n<li>Aceast\u0103 nou\u0103 caracteristic\u0103 permite mi\u0219carea m\u00e2inii \u00een sus \u0219i \u00een jos \u0219i, de asemenea, rota\u021bia intern\u0103 \u0219i extern\u0103 a antebra\u021bului.<\/li>\n<li>\n    Gama de mi\u0219care a m\u00e2inii este de aproape 95% a unei m\u00e2ini umane reale \u0219i de aceea sunt posibile mi\u0219carea \u00een sus \u0219i \u00een jos a m\u00e2inii, precum \u0219i rota\u021bia intern\u0103 \u0219i extern\u0103 a antebra\u021bului.\n<\/li>\n<\/ol>\t\t\t\t<\/div>\n\t\t\t\t<\/div>\n\t\t\t\t\t<\/div>\n\t\t<\/div>\n\t\t\t\t\t<\/div>\n\t\t<\/section>\n\t\t\t\t<\/div>","protected":false},"excerpt":{"rendered":"<p>Finger Not quite long, Irontech announced the release of the new articulated hands and fingers for their sex dolls and joined YL Doll and WMDoll as the number three TPE sex doll brand to offer an upgrade for their sex doll&#8217;s finger. This new sex doll feature has become a trend in the sex doll industry, and this is a pleasing trend to the sex doll community because a majority of these real doll owners do not like old fingers, which are fragile and wired. The articulated finger upgrade announced by Irontech is quite the same as that of WM.<\/p>","protected":false},"author":1,"featured_media":0,"parent":0,"menu_order":0,"comment_status":"closed","ping_status":"closed","template":"","meta":{"footnotes":""},"class_list":["post-5446","page","type-page","status-publish","hentry"],"aioseo_notices":[],"_links":{"self":[{"href":"https:\/\/renodoll.com\/ro\/wp-json\/wp\/v2\/pages\/5446","targetHints":{"allow":["GET"]}}],"collection":[{"href":"https:\/\/renodoll.com\/ro\/wp-json\/wp\/v2\/pages"}],"about":[{"href":"https:\/\/renodoll.com\/ro\/wp-json\/wp\/v2\/types\/page"}],"author":[{"embeddable":true,"href":"https:\/\/renodoll.com\/ro\/wp-json\/wp\/v2\/users\/1"}],"replies":[{"embeddable":true,"href":"https:\/\/renodoll.com\/ro\/wp-json\/wp\/v2\/comments?post=5446"}],"version-history":[{"count":38,"href":"https:\/\/renodoll.com\/ro\/wp-json\/wp\/v2\/pages\/5446\/revisions"}],"predecessor-version":[{"id":14260,"href":"https:\/\/renodoll.com\/ro\/wp-json\/wp\/v2\/pages\/5446\/revisions\/14260"}],"wp:attachment":[{"href":"https:\/\/renodoll.com\/ro\/wp-json\/wp\/v2\/media?parent=5446"}],"curies":[{"name":"wp","href":"https:\/\/api.w.org\/{rel}","templated":true}]}}