{"id":5425,"date":"2023-02-22T18:33:16","date_gmt":"2023-02-22T10:33:16","guid":{"rendered":"https:\/\/renodoll.com\/?page_id=5425"},"modified":"2023-04-24T19:27:15","modified_gmt":"2023-04-24T11:27:15","slug":"electric-hip-sex-doll","status":"publish","type":"page","link":"https:\/\/renodoll.com\/ro\/electric-hip-sex-doll\/","title":{"rendered":"P\u0103pu\u0219\u0103 electric\u0103 pentru \u0219old"},"content":{"rendered":"<div data-elementor-type=\"wp-page\" data-elementor-id=\"5425\" class=\"elementor elementor-5425\" data-elementor-post-type=\"page\">\n\t\t\t\t\t\t<section class=\"elementor-section elementor-top-section elementor-element elementor-element-19ce2b8 elementor-section-boxed elementor-section-height-default elementor-section-height-default\" data-id=\"19ce2b8\" data-element_type=\"section\" data-e-type=\"section\">\n\t\t\t\t\t\t<div class=\"elementor-container elementor-column-gap-default\">\n\t\t\t\t\t<div class=\"elementor-column elementor-col-100 elementor-top-column elementor-element elementor-element-f3c1b7c page-content-text\" data-id=\"f3c1b7c\" data-element_type=\"column\" data-e-type=\"column\">\n\t\t\t<div class=\"elementor-widget-wrap elementor-element-populated\">\n\t\t\t\t\t\t<div class=\"elementor-element elementor-element-445fe14 elementor-invisible elementor-widget elementor-widget-heading\" data-id=\"445fe14\" data-element_type=\"widget\" data-e-type=\"widget\" data-settings=\"{&quot;_animation&quot;:&quot;fadeInUp&quot;}\" data-widget_type=\"heading.default\">\n\t\t\t\t<div class=\"elementor-widget-container\">\n\t\t\t\t\t<h2 class=\"elementor-heading-title elementor-size-default\">P\u0103pu\u0219\u0103 electric\u0103 pentru \u0219olduri<\/h2>\t\t\t\t<\/div>\n\t\t\t\t<\/div>\n\t\t\t\t<div class=\"elementor-element elementor-element-2f50bad elementor-widget elementor-widget-text-editor\" data-id=\"2f50bad\" data-element_type=\"widget\" data-e-type=\"widget\" data-widget_type=\"text-editor.default\">\n\t\t\t\t<div class=\"elementor-widget-container\">\n\t\t\t\t\t\t\t\t\t<p>Soldurile sunt la mod\u0103, iar dac\u0103 vrei o femeie cu una \u0219i vrei s\u0103 experimentezi mai mult\u0103 \u00eemplinire sexual\u0103, avem op\u021biunea \u201e\u0218olduri electrice\u201d pentru mutarea p\u0103pu\u0219ilor sexuale pentru a satisface toate nevoile \u0219i specifica\u021biile tale. Aplica\u021bia se poate face pe p\u0103pu\u0219ile mari. V\u0103 rug\u0103m s\u0103 face\u021bi clic pe acest link pentru a vedea colec\u021bia noastr\u0103 de p\u0103pu\u0219i sexuale electrice.<\/p>\t\t\t\t\t\t\t\t<\/div>\n\t\t\t\t<\/div>\n\t\t\t\t<div class=\"elementor-element elementor-element-7b009cf elementor-widget elementor-widget-text-editor\" data-id=\"7b009cf\" data-element_type=\"widget\" data-e-type=\"widget\" data-widget_type=\"text-editor.default\">\n\t\t\t\t<div class=\"elementor-widget-container\">\n\t\t\t\t\t\t\t\t\t<p>V\u0103 rug\u0103m s\u0103 vede\u021bi demo-ul p\u0103pu\u0219ii sexuale electrice de mai jos.<\/p>\t\t\t\t\t\t\t\t<\/div>\n\t\t\t\t<\/div>\n\t\t\t\t<div class=\"elementor-element elementor-element-300e279 elementor-widget elementor-widget-video\" data-id=\"300e279\" data-element_type=\"widget\" data-e-type=\"widget\" data-settings=\"{&quot;video_type&quot;:&quot;hosted&quot;,&quot;autoplay&quot;:&quot;yes&quot;,&quot;play_on_mobile&quot;:&quot;yes&quot;,&quot;loop&quot;:&quot;yes&quot;,&quot;controls&quot;:&quot;yes&quot;}\" data-widget_type=\"video.default\">\n\t\t\t\t<div class=\"elementor-widget-container\">\n\t\t\t\t\t\t\t<div class=\"e-hosted-video elementor-wrapper elementor-open-inline\">\n\t\t\t\t\t<video class=\"elementor-video\" src=\"http:\/\/renodoll.com\/wp-content\/uploads\/2023\/03\/kb-electric-doll.mp4\" autoplay=\"\" loop=\"\" controls=\"\" playsinline=\"\"><\/video>\n\t\t\t\t<\/div>\n\t\t\t\t\t\t<\/div>\n\t\t\t\t<\/div>\n\t\t\t\t<section class=\"elementor-section elementor-inner-section elementor-element elementor-element-97c6960 elementor-section-boxed elementor-section-height-default elementor-section-height-default\" data-id=\"97c6960\" data-element_type=\"section\" data-e-type=\"section\">\n\t\t\t\t\t\t<div class=\"elementor-container elementor-column-gap-default\">\n\t\t\t\t\t<div class=\"elementor-column elementor-col-50 elementor-inner-column elementor-element elementor-element-564e172\" data-id=\"564e172\" data-element_type=\"column\" data-e-type=\"column\">\n\t\t\t<div class=\"elementor-widget-wrap elementor-element-populated\">\n\t\t\t\t\t\t<div class=\"elementor-element elementor-element-d24a218 elementor-widget elementor-widget-text-editor\" data-id=\"d24a218\" data-element_type=\"widget\" data-e-type=\"widget\" data-widget_type=\"text-editor.default\">\n\t\t\t\t<div class=\"elementor-widget-container\">\n\t\t\t\t\t\t\t\t\t<p>1. Versiunea ne\u00eenc\u0103rcabil\u0103 (nu are baterie \u00eencorporat\u0103, este plug-and-play)<br \/>&gt; Adaptor de alimentare: tensiune de intrare 100V\u2014240V, tensiune de ie\u0219ire\/curent 24V\/3A<br \/>&gt;Standard de certificare; Putere CE<\/p>\t\t\t\t\t\t\t\t<\/div>\n\t\t\t\t<\/div>\n\t\t\t\t\t<\/div>\n\t\t<\/div>\n\t\t\t\t<div class=\"elementor-column elementor-col-50 elementor-inner-column elementor-element elementor-element-6290fd1\" data-id=\"6290fd1\" data-element_type=\"column\" data-e-type=\"column\">\n\t\t\t<div class=\"elementor-widget-wrap elementor-element-populated\">\n\t\t\t\t\t\t<div class=\"elementor-element elementor-element-9f505e9 elementor-widget elementor-widget-text-editor\" data-id=\"9f505e9\" data-element_type=\"widget\" data-e-type=\"widget\" data-widget_type=\"text-editor.default\">\n\t\t\t\t<div class=\"elementor-widget-container\">\n\t\t\t\t\t\t\t\t\t<p>2. Versiunea re\u00eenc\u0103rcabil\u0103 (bateria \u00eencorporat\u0103 trebuie s\u0103 fie complet \u00eenc\u0103rcat\u0103 \u00eenainte de a putea fi utilizat\u0103).<br \/>&gt; Tensiunea bateriei: tensiunea de lucru este de 22,2 V \u0219i tensiunea f\u0103r\u0103 sarcin\u0103 este de 24 V<br \/>&gt;Durata de \u00eenc\u0103rcare \u0219i desc\u0103rcare dureaz\u0103 aproximativ 280-300 de s\u0103pt\u0103m\u00e2ni<br \/>&gt;Timp pentru \u00eenc\u0103rcare: dureaz\u0103 1,5 ore pentru a \u00eenc\u0103rca rapid<br \/>&gt; Timp de utilizare: atunci c\u00e2nd este \u00eenc\u0103rcat corespunz\u0103tor, poate func\u021biona p\u00e2n\u0103 la cinci ore<\/p>\t\t\t\t\t\t\t\t<\/div>\n\t\t\t\t<\/div>\n\t\t\t\t\t<\/div>\n\t\t<\/div>\n\t\t\t\t\t<\/div>\n\t\t<\/section>\n\t\t\t\t<div class=\"elementor-element elementor-element-e28a12e elementor-invisible elementor-widget elementor-widget-heading\" data-id=\"e28a12e\" data-element_type=\"widget\" data-e-type=\"widget\" data-settings=\"{&quot;_animation&quot;:&quot;fadeInUp&quot;}\" data-widget_type=\"heading.default\">\n\t\t\t\t<div class=\"elementor-widget-container\">\n\t\t\t\t\t<h2 class=\"elementor-heading-title elementor-size-default\">Note<\/h2>\t\t\t\t<\/div>\n\t\t\t\t<\/div>\n\t\t\t\t<div class=\"elementor-element elementor-element-504aea1 elementor-widget elementor-widget-html\" data-id=\"504aea1\" data-element_type=\"widget\" data-e-type=\"widget\" data-widget_type=\"html.default\">\n\t\t\t\t<div class=\"elementor-widget-container\">\n\t\t\t\t\t<ol class=\"number_list_type\"><li>Pentru siguran\u021ba p\u0103pu\u0219ii electrice de \u0219old \u0219i pentru a preveni deteriorarea epidermei de la obiecte ascu\u021bite \u0219i margini aspre, v\u0103 rug\u0103m s\u0103 folosi\u021bi p\u0103pu\u0219a sexual\u0103 pe pat.<\/li>\n<li>Regla\u021bi pozi\u021bia interactiv\u0103 a p\u0103pu\u0219ii sexuale \u00eenainte de a avea vreo leg\u0103tur\u0103 cu \u0219oldul electric.\n<\/li>\n<li>\u00cen timp ce utiliza\u021bi p\u0103pu\u0219a sexual\u0103 electric\u0103, nu schimba\u021bi cu for\u021b\u0103 postura \u0219i nu \u00eentoarce\u021bi p\u0103pu\u0219a sexual\u0103.<\/li>\n<li>Dac\u0103 a\u021bi ajusta postura sau forma p\u0103pu\u0219ii sexuale, va trebui s\u0103 opri\u021bi \u00eentrerup\u0103torul sau sursa de alimentare \u00eenainte de a face asta.<\/li>\n<li>Dac\u0103 a\u021bi folosi p\u0103pu\u0219a electric\u0103 pentru \u0219old pentru o or\u0103 lung\u0103 \u00eentr-o singur\u0103 utilizare. V\u0103 rug\u0103m s\u0103 l\u0103sa\u021bi \u00een mod regulat dou\u0103zeci \u0219i treizeci de minute de odihn\u0103 \u00een timpul utiliz\u0103rii.<\/li>\n<li>Pentru a evita sc\u0103derea duratei de via\u021b\u0103 a bateriei versiunii de re\u00eenc\u0103rcare a unei p\u0103pu\u0219i sexuale electrice, v\u0103 rug\u0103m s\u0103 \u00eenc\u0103rca\u021bi p\u0103pu\u0219a sexual\u0103 dup\u0103 trei-patru ore dintr-o singur\u0103 utilizare.<\/li>\n<li>V\u0103 rug\u0103m s\u0103 cur\u0103\u021ba\u021bi aspectul portant al p\u0103pu\u0219ii sexuale electrice, s\u0103 o pudra\u021bi \u0219i s\u0103 p\u0103stra\u021bi \u00eentre\u021binerea exact\u0103 a \u00eentregii p\u0103r\u021bi a p\u0103pu\u0219ii.<\/li>\n<li>\n    S\u0103 presupunem c\u0103 exist\u0103 daune precum \u00een\u021bep\u0103turi ale pielii sau orice daune mecanice cauzate de utilizarea necorespunz\u0103toare a p\u0103pu\u0219ii sexuale. \u00cen acest caz, nu va fi responsabilitatea companiei noastre.\n<\/li>\n<li>\n    Tensiunea p\u0103pu\u0219ii noastre sexuale urmeaz\u0103 standardul global pentru siguran\u021ba la volan, deoarece p\u0103pu\u0219a noastr\u0103 sec adopt\u0103 o tensiune de conducere de 24 V.\n<\/li>\n<li>\n    \u00cen prezent, viteza nu poate fi reglat\u0103.\n<\/li>\n<\/ol>\t\t\t\t<\/div>\n\t\t\t\t<\/div>\n\t\t\t\t<div class=\"elementor-element elementor-element-5483d1c elementor-invisible elementor-widget elementor-widget-heading\" data-id=\"5483d1c\" data-element_type=\"widget\" data-e-type=\"widget\" data-settings=\"{&quot;_animation&quot;:&quot;fadeInUp&quot;}\" data-widget_type=\"heading.default\">\n\t\t\t\t<div class=\"elementor-widget-container\">\n\t\t\t\t\t<h2 class=\"elementor-heading-title elementor-size-default\">Prezentarea p\u0103pu\u0219ii noastre electrice pentru \u0219olduri<\/h2>\t\t\t\t<\/div>\n\t\t\t\t<\/div>\n\t\t\t\t<div class=\"elementor-element elementor-element-f465bfd elementor-widget elementor-widget-text-editor\" data-id=\"f465bfd\" data-element_type=\"widget\" data-e-type=\"widget\" data-widget_type=\"text-editor.default\">\n\t\t\t\t<div class=\"elementor-widget-container\">\n\t\t\t\t\t\t\t\t\tP\u0103pu\u0219a sexual\u0103 electric\u0103 este produs\u0103 cu o parte automat\u0103 \u00eencorporat\u0103 \u00een fesa p\u0103pu\u0219ii sexuale pentru a permite mi\u0219carea \u0219i r\u0103sucirea u\u0219oar\u0103 a\u0219a cum ar face un om real. \u00cencerca\u021bi singur p\u0103pu\u0219a sexual\u0103 \u0219i vede\u021bi ce poate face.\t\t\t\t\t\t\t\t<\/div>\n\t\t\t\t<\/div>\n\t\t\t\t<div class=\"elementor-element elementor-element-7871ee2 elementor-widget elementor-widget-text-editor\" data-id=\"7871ee2\" data-element_type=\"widget\" data-e-type=\"widget\" data-widget_type=\"text-editor.default\">\n\t\t\t\t<div class=\"elementor-widget-container\">\n\t\t\t\t\t\t\t\t\tUrm\u0103ri\u021bi cum se mi\u0219c\u0103 \u0219i se r\u0103suce\u0219te singur\u0103 p\u0103pu\u0219a sexual\u0103.\t\t\t\t\t\t\t\t<\/div>\n\t\t\t\t<\/div>\n\t\t\t\t<div class=\"elementor-element elementor-element-0dd79a4 elementor-widget elementor-widget-text-editor\" data-id=\"0dd79a4\" data-element_type=\"widget\" data-e-type=\"widget\" data-widget_type=\"text-editor.default\">\n\t\t\t\t<div class=\"elementor-widget-container\">\n\t\t\t\t\t\t\t\t\tP\u0103pu\u0219ile noastre sexuale electrice sunt \u00een dou\u0103 versiuni; \u00een func\u021bie de preferin\u021bele dvs., pute\u021bi alege configura\u021bia pe care trebuie s\u0103 o \u00eenc\u0103rca\u021bi sau cea pe care trebuie s\u0103 o conecta\u021bi.\t\t\t\t\t\t\t\t<\/div>\n\t\t\t\t<\/div>\n\t\t\t\t<div class=\"elementor-element elementor-element-39907ae elementor-invisible elementor-widget elementor-widget-heading\" data-id=\"39907ae\" data-element_type=\"widget\" data-e-type=\"widget\" data-settings=\"{&quot;_animation&quot;:&quot;fadeInUp&quot;}\" data-widget_type=\"heading.default\">\n\t\t\t\t<div class=\"elementor-widget-container\">\n\t\t\t\t\t<h2 class=\"elementor-heading-title elementor-size-default\">Configurare de \u00eenc\u0103rcare pentru bateria \u00eencorporat\u0103 (viziona\u021bi videoclipul)<\/h2>\t\t\t\t<\/div>\n\t\t\t\t<\/div>\n\t\t\t\t<div class=\"elementor-element elementor-element-6f89ec5 elementor-widget elementor-widget-text-editor\" data-id=\"6f89ec5\" data-element_type=\"widget\" data-e-type=\"widget\" data-widget_type=\"text-editor.default\">\n\t\t\t\t<div class=\"elementor-widget-container\">\n\t\t\t\t\t\t\t\t\tC\u00e2nd se utilizeaz\u0103: utiliza\u021bi numai c\u00e2nd este complet \u00eenc\u0103rcat.\t\t\t\t\t\t\t\t<\/div>\n\t\t\t\t<\/div>\n\t\t\t\t<div class=\"elementor-element elementor-element-7afd254 elementor-widget elementor-widget-text-editor\" data-id=\"7afd254\" data-element_type=\"widget\" data-e-type=\"widget\" data-widget_type=\"text-editor.default\">\n\t\t\t\t<div class=\"elementor-widget-container\">\n\t\t\t\t\t\t\t\t\tTimp de \u00eenc\u0103rcare: 1 or\u0103 \u0219i treizeci de minute p\u00e2n\u0103 la dou\u0103 ore\t\t\t\t\t\t\t\t<\/div>\n\t\t\t\t<\/div>\n\t\t\t\t<div class=\"elementor-element elementor-element-7d36ae2 elementor-widget elementor-widget-text-editor\" data-id=\"7d36ae2\" data-element_type=\"widget\" data-e-type=\"widget\" data-widget_type=\"text-editor.default\">\n\t\t\t\t<div class=\"elementor-widget-container\">\n\t\t\t\t\t\t\t\t\tTimp de utilizare: cinci ore de utilizare c\u00e2nd este complet \u00eenc\u0103rcat.\t\t\t\t\t\t\t\t<\/div>\n\t\t\t\t<\/div>\n\t\t\t\t<div class=\"elementor-element elementor-element-71982d8 elementor-invisible elementor-widget elementor-widget-heading\" data-id=\"71982d8\" data-element_type=\"widget\" data-e-type=\"widget\" data-settings=\"{&quot;_animation&quot;:&quot;fadeInUp&quot;}\" data-widget_type=\"heading.default\">\n\t\t\t\t<div class=\"elementor-widget-container\">\n\t\t\t\t\t<h2 class=\"elementor-heading-title elementor-size-default\">Configurare plug-in f\u0103r\u0103 bateria \u00eencorporat\u0103 (viziona\u021bi videoclipul)<\/h2>\t\t\t\t<\/div>\n\t\t\t\t<\/div>\n\t\t\t\t<div class=\"elementor-element elementor-element-91f432c elementor-widget elementor-widget-text-editor\" data-id=\"91f432c\" data-element_type=\"widget\" data-e-type=\"widget\" data-widget_type=\"text-editor.default\">\n\t\t\t\t<div class=\"elementor-widget-container\">\n\t\t\t\t\t\t\t\t\tCum se utilizeaz\u0103; conecta\u021bi pentru a \u00eenc\u0103rca \u0219i utiliza.\t\t\t\t\t\t\t\t<\/div>\n\t\t\t\t<\/div>\n\t\t\t\t<div class=\"elementor-element elementor-element-b13ce6c elementor-invisible elementor-widget elementor-widget-heading\" data-id=\"b13ce6c\" data-element_type=\"widget\" data-e-type=\"widget\" data-settings=\"{&quot;_animation&quot;:&quot;fadeInUp&quot;}\" data-widget_type=\"heading.default\">\n\t\t\t\t<div class=\"elementor-widget-container\">\n\t\t\t\t\t<h2 class=\"elementor-heading-title elementor-size-default\">Siguran\u021b\u0103<\/h2>\t\t\t\t<\/div>\n\t\t\t\t<\/div>\n\t\t\t\t<div class=\"elementor-element elementor-element-3fd4e20 elementor-widget elementor-widget-html\" data-id=\"3fd4e20\" data-element_type=\"widget\" data-e-type=\"widget\" data-widget_type=\"html.default\">\n\t\t\t\t<div class=\"elementor-widget-container\">\n\t\t\t\t\t<ol class=\"number_list_type\"><li>Folosi\u021bi p\u0103pu\u0219a pe pat, nu l\u0103sa\u021bi pielea s\u0103 fie deteriorat\u0103 de obiecte ascu\u021bite \u0219i margini aspre.<\/li>\n<li>Asigura\u021bi-v\u0103 c\u0103 \u0219oldul electric este oprit ori de c\u00e2te ori trebuie s\u0103 \u00eentoarce\u021bi p\u0103pu\u0219a sexual\u0103 sau trebuie s\u0103 schimba\u021bi pozi\u021bia p\u0103pu\u0219ii sexuale.\n<\/li>\n<li>\n    Dac\u0103 l-a\u021bi folosit \u00een mod continuu timp de dou\u0103 ore, v\u0103 rug\u0103m s\u0103 l\u0103sa\u021bi p\u0103pu\u0219a sexual\u0103 s\u0103 se odihneasc\u0103 timp de cel pu\u021bin zece \u0219i treizeci de minute.\n<\/li>\n<li>\n    V\u0103 rug\u0103m s\u0103 cur\u0103\u021ba\u021bi zona de contact \u0219i s\u0103 aplica\u021bi pulbere pe ea dup\u0103 fiecare utilizare a p\u0103pu\u0219ii sexuale.\n<\/li>\n<li>\n    Nu pute\u021bi cere p\u0103pu\u0219ii sexuale s\u0103 efectueze \u0219old electric, aspira\u021bie automat\u0103 sau suflare automat\u0103 dintr-o singur\u0103 mi\u0219care.\n<\/li>\n<\/ol>\t\t\t\t<\/div>\n\t\t\t\t<\/div>\n\t\t\t\t\t<\/div>\n\t\t<\/div>\n\t\t\t\t\t<\/div>\n\t\t<\/section>\n\t\t\t\t<\/div>","protected":false},"excerpt":{"rendered":"<p>Electric Hips Sex Doll Soldurile sunt la mod\u0103, iar dac\u0103 vrei o femeie cu una \u0219i vrei s\u0103 experimentezi mai mult\u0103 \u00eemplinire sexual\u0103, avem op\u021biunea \u201eElectric Hips\u201d pentru mutarea p\u0103pu\u0219ilor sexuale pentru a satisface toate nevoile \u0219i specifica\u021biile tale. Aplica\u021bia se poate face pe p\u0103pu\u0219ile mari. V\u0103 rug\u0103m s\u0103 face\u021bi clic pe acest link pentru a vedea colec\u021bia noastr\u0103 de p\u0103pu\u0219i sexuale electrice. V\u0103 rug\u0103m s\u0103 vede\u021bi demo-ul p\u0103pu\u0219ii sexuale electrice de mai jos. http:\/\/renodoll.com\/wp-content\/uploads\/2023\/03\/kb-electric-doll.mp4 1. Versiunea ne\u00eenc\u0103rcabil\u0103 (nu are baterie \u00eencorporat\u0103, este plug-and-play) &gt;Adaptor de alimentare : tensiune de intrare 100V\u2014240V, tensiune\/curent de ie\u0219ire 24V\/3A &gt;Standard de certificare; Putere CE 2.<\/p>","protected":false},"author":1,"featured_media":0,"parent":0,"menu_order":0,"comment_status":"closed","ping_status":"closed","template":"","meta":{"footnotes":""},"class_list":["post-5425","page","type-page","status-publish","hentry"],"aioseo_notices":[],"_links":{"self":[{"href":"https:\/\/renodoll.com\/ro\/wp-json\/wp\/v2\/pages\/5425","targetHints":{"allow":["GET"]}}],"collection":[{"href":"https:\/\/renodoll.com\/ro\/wp-json\/wp\/v2\/pages"}],"about":[{"href":"https:\/\/renodoll.com\/ro\/wp-json\/wp\/v2\/types\/page"}],"author":[{"embeddable":true,"href":"https:\/\/renodoll.com\/ro\/wp-json\/wp\/v2\/users\/1"}],"replies":[{"embeddable":true,"href":"https:\/\/renodoll.com\/ro\/wp-json\/wp\/v2\/comments?post=5425"}],"version-history":[{"count":52,"href":"https:\/\/renodoll.com\/ro\/wp-json\/wp\/v2\/pages\/5425\/revisions"}],"predecessor-version":[{"id":15989,"href":"https:\/\/renodoll.com\/ro\/wp-json\/wp\/v2\/pages\/5425\/revisions\/15989"}],"wp:attachment":[{"href":"https:\/\/renodoll.com\/ro\/wp-json\/wp\/v2\/media?parent=5425"}],"curies":[{"name":"wp","href":"https:\/\/api.w.org\/{rel}","templated":true}]}}