{"id":5353,"date":"2023-02-22T15:06:32","date_gmt":"2023-02-22T07:06:32","guid":{"rendered":"https:\/\/renodoll.com\/?page_id=5353"},"modified":"2023-03-31T18:22:04","modified_gmt":"2023-03-31T10:22:04","slug":"blood-vessel","status":"publish","type":"page","link":"https:\/\/renodoll.com\/ro\/vas-de-sange\/","title":{"rendered":"Vas de s\u00e2nge"},"content":{"rendered":"<div data-elementor-type=\"wp-page\" data-elementor-id=\"5353\" class=\"elementor elementor-5353\">\n\t\t\t\t\t\t\t\t\t<section class=\"elementor-section elementor-top-section elementor-element elementor-element-7fc86cc elementor-section-boxed elementor-section-height-default elementor-section-height-default\" data-id=\"7fc86cc\" data-element_type=\"section\">\n\t\t\t\t\t\t<div class=\"elementor-container elementor-column-gap-default\">\n\t\t\t\t\t<div class=\"elementor-column elementor-col-100 elementor-top-column elementor-element elementor-element-3b22b53 page-content-text\" data-id=\"3b22b53\" data-element_type=\"column\">\n\t\t\t<div class=\"elementor-widget-wrap elementor-element-populated\">\n\t\t\t\t\t\t\t\t<div class=\"elementor-element elementor-element-0aea17b elementor-widget elementor-widget-text-editor\" data-id=\"0aea17b\" data-element_type=\"widget\" data-widget_type=\"text-editor.default\">\n\t\t\t\t<div class=\"elementor-widget-container\">\n\t\t\t<style>\/*! elementor - v3.10.2 - 29-01-2023 *\/\n.elementor-widget-text-editor.elementor-drop-cap-view-stacked .elementor-drop-cap{background-color:#818a91;color:#fff}.elementor-widget-text-editor.elementor-drop-cap-view-framed .elementor-drop-cap{color:#818a91;border:3px solid;background-color:transparent}.elementor-widget-text-editor:not(.elementor-drop-cap-view-default) .elementor-drop-cap{margin-top:8px}.elementor-widget-text-editor:not(.elementor-drop-cap-view-default) .elementor-drop-cap-letter{width:1em;height:1em}.elementor-widget-text-editor .elementor-drop-cap{float:left;text-align:center;line-height:1;font-size:50px}.elementor-widget-text-editor .elementor-drop-cap-letter{display:inline-block}<\/style>\t\t\t\tAt\u00e2t TPE, c\u00e2t \u0219i Corpurile de Siliciu pot avea acum aspectul vaselor de s\u00e2nge. Afl\u0103 cum \u00een imaginile de mai jos.\t\t\t\t\t\t<\/div>\n\t\t\t\t<\/div>\n\t\t\t\t<section class=\"elementor-section elementor-inner-section elementor-element elementor-element-541c4ba elementor-section-boxed elementor-section-height-default elementor-section-height-default\" data-id=\"541c4ba\" data-element_type=\"section\">\n\t\t\t\t\t\t<div class=\"elementor-container elementor-column-gap-default\">\n\t\t\t\t\t<div class=\"elementor-column elementor-col-50 elementor-inner-column elementor-element elementor-element-25cfd42\" data-id=\"25cfd42\" data-element_type=\"column\">\n\t\t\t<div class=\"elementor-widget-wrap elementor-element-populated\">\n\t\t\t\t\t\t\t\t<div class=\"elementor-element elementor-element-2f09bdd elementor-invisible elementor-widget elementor-widget-image\" data-id=\"2f09bdd\" data-element_type=\"widget\" data-settings=\"{&quot;_animation&quot;:&quot;fadeInLeft&quot;}\" data-widget_type=\"image.default\">\n\t\t\t\t<div class=\"elementor-widget-container\">\n\t\t\t<style>\/*! elementor - v3.10.2 - 29-01-2023 *\/\n.elementor-widget-image{text-align:center}.elementor-widget-image a{display:inline-block}.elementor-widget-image a img[src$=\".svg\"]{width:48px}.elementor-widget-image img{vertical-align:middle;display:inline-block}<\/style>\t\t\t\t\t\t\t\t\t\t\t\t<img loading=\"lazy\" decoding=\"async\" width=\"768\" height=\"1024\" src=\"https:\/\/renodoll.com\/wp-content\/uploads\/2023\/03\/Blood-Vessel1-768x1024.png\" class=\"attachment-large size-large wp-image-6603\" alt=\"\" srcset=\"https:\/\/renodoll.com\/wp-content\/uploads\/2023\/03\/Blood-Vessel1-768x1024.png 768w, https:\/\/renodoll.com\/wp-content\/uploads\/2023\/03\/Blood-Vessel1-225x300.png 225w, https:\/\/renodoll.com\/wp-content\/uploads\/2023\/03\/Blood-Vessel1-9x12.png 9w, https:\/\/renodoll.com\/wp-content\/uploads\/2023\/03\/Blood-Vessel1-75x100.png 75w, https:\/\/renodoll.com\/wp-content\/uploads\/2023\/03\/Blood-Vessel1-300x400.png 300w, https:\/\/renodoll.com\/wp-content\/uploads\/2023\/03\/Blood-Vessel1-600x800.png 600w, https:\/\/renodoll.com\/wp-content\/uploads\/2023\/03\/Blood-Vessel1-8x10.png 8w, https:\/\/renodoll.com\/wp-content\/uploads\/2023\/03\/Blood-Vessel1.png 900w\" sizes=\"auto, (max-width: 768px) 100vw, 768px\" \/>\t\t\t\t\t\t\t\t\t\t\t\t\t\t\t<\/div>\n\t\t\t\t<\/div>\n\t\t\t\t\t<\/div>\n\t\t<\/div>\n\t\t\t\t<div class=\"elementor-column elementor-col-50 elementor-inner-column elementor-element elementor-element-e0ce621\" data-id=\"e0ce621\" data-element_type=\"column\">\n\t\t\t<div class=\"elementor-widget-wrap elementor-element-populated\">\n\t\t\t\t\t\t\t\t<div class=\"elementor-element elementor-element-6fd4c66 elementor-invisible elementor-widget elementor-widget-image\" data-id=\"6fd4c66\" data-element_type=\"widget\" data-settings=\"{&quot;_animation&quot;:&quot;fadeInRight&quot;}\" data-widget_type=\"image.default\">\n\t\t\t\t<div class=\"elementor-widget-container\">\n\t\t\t\t\t\t\t\t\t\t\t\t\t\t\t<img loading=\"lazy\" decoding=\"async\" width=\"768\" height=\"1024\" src=\"https:\/\/renodoll.com\/wp-content\/uploads\/2023\/03\/Blood-Vessel-768x1024.png\" class=\"attachment-large size-large wp-image-6604\" alt=\"\" srcset=\"https:\/\/renodoll.com\/wp-content\/uploads\/2023\/03\/Blood-Vessel-768x1024.png 768w, https:\/\/renodoll.com\/wp-content\/uploads\/2023\/03\/Blood-Vessel-225x300.png 225w, https:\/\/renodoll.com\/wp-content\/uploads\/2023\/03\/Blood-Vessel-9x12.png 9w, https:\/\/renodoll.com\/wp-content\/uploads\/2023\/03\/Blood-Vessel-75x100.png 75w, https:\/\/renodoll.com\/wp-content\/uploads\/2023\/03\/Blood-Vessel-300x400.png 300w, https:\/\/renodoll.com\/wp-content\/uploads\/2023\/03\/Blood-Vessel-600x800.png 600w, https:\/\/renodoll.com\/wp-content\/uploads\/2023\/03\/Blood-Vessel-8x10.png 8w, https:\/\/renodoll.com\/wp-content\/uploads\/2023\/03\/Blood-Vessel.png 900w\" sizes=\"auto, (max-width: 768px) 100vw, 768px\" \/>\t\t\t\t\t\t\t\t\t\t\t\t\t\t\t<\/div>\n\t\t\t\t<\/div>\n\t\t\t\t\t<\/div>\n\t\t<\/div>\n\t\t\t\t\t\t\t<\/div>\n\t\t<\/section>\n\t\t\t\t<div class=\"elementor-element elementor-element-350bb40 elementor-widget elementor-widget-spacer\" data-id=\"350bb40\" data-element_type=\"widget\" data-widget_type=\"spacer.default\">\n\t\t\t\t<div class=\"elementor-widget-container\">\n\t\t\t<style>\/*! elementor - v3.10.2 - 29-01-2023 *\/\n.elementor-column .elementor-spacer-inner{height:var(--spacer-size)}.e-con{--container-widget-width:100%}.e-con-inner>.elementor-widget-spacer,.e-con>.elementor-widget-spacer{width:var(--container-widget-width,var(--spacer-size));--align-self:var(--container-widget-align-self,initial);--flex-shrink:0}.e-con-inner>.elementor-widget-spacer>.elementor-widget-container,.e-con-inner>.elementor-widget-spacer>.elementor-widget-container>.elementor-spacer,.e-con>.elementor-widget-spacer>.elementor-widget-container,.e-con>.elementor-widget-spacer>.elementor-widget-container>.elementor-spacer{height:100%}.e-con-inner>.elementor-widget-spacer>.elementor-widget-container>.elementor-spacer>.elementor-spacer-inner,.e-con>.elementor-widget-spacer>.elementor-widget-container>.elementor-spacer>.elementor-spacer-inner{height:var(--container-widget-height,var(--spacer-size))}<\/style>\t\t<div class=\"elementor-spacer\">\n\t\t\t<div class=\"elementor-spacer-inner\"><\/div>\n\t\t<\/div>\n\t\t\t\t<\/div>\n\t\t\t\t<\/div>\n\t\t\t\t<div class=\"elementor-element elementor-element-760dc5b elementor-widget elementor-widget-text-editor\" data-id=\"760dc5b\" data-element_type=\"widget\" data-widget_type=\"text-editor.default\">\n\t\t\t\t<div class=\"elementor-widget-container\">\n\t\t\t\t\t\t\t<p>Un lucru uimitor despre p\u0103pu\u0219ile de dragoste RenoDoll este machiajul \u00eentregului corp cu vase de s\u00e2nge reale.<\/p>\t\t\t\t\t\t<\/div>\n\t\t\t\t<\/div>\n\t\t\t\t<div class=\"elementor-element elementor-element-7312d3a elementor-widget elementor-widget-text-editor\" data-id=\"7312d3a\" data-element_type=\"widget\" data-widget_type=\"text-editor.default\">\n\t\t\t\t<div class=\"elementor-widget-container\">\n\t\t\t\t\t\t\t<p>RenoDoll este un brand faimos, cunoscut \u00een \u00eentreaga lume. Sediul opera\u021biunii companiei interna\u021bionale este situat \u00een Shenzhen, China. RenoDoll este alerg\u0103torul ini\u021bial \u0219i liderul capului din silicon + corp de copiere a vaselor de s\u00e2nge TPE.<\/p>\t\t\t\t\t\t<\/div>\n\t\t\t\t<\/div>\n\t\t\t\t<div class=\"elementor-element elementor-element-6aa2484 elementor-widget elementor-widget-text-editor\" data-id=\"6aa2484\" data-element_type=\"widget\" data-widget_type=\"text-editor.default\">\n\t\t\t\t<div class=\"elementor-widget-container\">\n\t\t\t\t\t\t\tUtilizeaz\u0103 tehnologia mucegaiului din via\u021ba real\u0103 pentru a duplica corpul modelului din via\u021ba real\u0103 1:1 cu textura pielii. \t\t\t\t\t\t<\/div>\n\t\t\t\t<\/div>\n\t\t\t\t<div class=\"elementor-element elementor-element-a759c16 elementor-invisible elementor-widget elementor-widget-heading\" data-id=\"a759c16\" data-element_type=\"widget\" data-settings=\"{&quot;_animation&quot;:&quot;fadeInUp&quot;}\" data-widget_type=\"heading.default\">\n\t\t\t\t<div class=\"elementor-widget-container\">\n\t\t\t<style>\/*! elementor - v3.10.2 - 29-01-2023 *\/\n.elementor-heading-title{padding:0;margin:0;line-height:1}.elementor-widget-heading .elementor-heading-title[class*=elementor-size-]>a{color:inherit;font-size:inherit;line-height:inherit}.elementor-widget-heading .elementor-heading-title.elementor-size-small{font-size:15px}.elementor-widget-heading .elementor-heading-title.elementor-size-medium{font-size:19px}.elementor-widget-heading .elementor-heading-title.elementor-size-large{font-size:29px}.elementor-widget-heading .elementor-heading-title.elementor-size-xl{font-size:39px}.elementor-widget-heading .elementor-heading-title.elementor-size-xxl{font-size:59px}<\/style><h2 class=\"elementor-heading-title elementor-size-default\">Caracteristicile p\u0103pu\u0219ilor sexuale sexy<\/h2>\t\t<\/div>\n\t\t\t\t<\/div>\n\t\t\t\t<div class=\"elementor-element elementor-element-323fb16 elementor-widget elementor-widget-text-editor\" data-id=\"323fb16\" data-element_type=\"widget\" data-widget_type=\"text-editor.default\">\n\t\t\t\t<div class=\"elementor-widget-container\">\n\t\t\t\t\t\t\tP\u0103pu\u0219a sexual\u0103 sofisticat\u0103 \u0219i realist\u0103 se str\u0103duie\u0219te spre perfec\u021biune cu p\u0103pu\u0219a din via\u021ba real\u0103. Tr\u0103s\u0103turile fe\u021bei sunt mai clare \u0219i mai simulate, corpul este acoperit pentru a se potrivi cu orice culoare a pielii pe care o dori\u021bi, iar \u00eentregul machiaj al corpului este umplut cu vase de s\u00e2nge reale + linii ale pielii.\t\t\t\t\t\t<\/div>\n\t\t\t\t<\/div>\n\t\t\t\t<div class=\"elementor-element elementor-element-b37b977 elementor-invisible elementor-widget elementor-widget-heading\" data-id=\"b37b977\" data-element_type=\"widget\" data-settings=\"{&quot;_animation&quot;:&quot;fadeInUp&quot;}\" data-widget_type=\"heading.default\">\n\t\t\t\t<div class=\"elementor-widget-container\">\n\t\t\t<h2 class=\"elementor-heading-title elementor-size-default\">Reno Doll, unul dintre cei mai buni distribuitori de p\u0103pu\u0219i de dragoste autentice<\/h2>\t\t<\/div>\n\t\t\t\t<\/div>\n\t\t\t\t<div class=\"elementor-element elementor-element-1e016d9 elementor-widget elementor-widget-text-editor\" data-id=\"1e016d9\" data-element_type=\"widget\" data-widget_type=\"text-editor.default\">\n\t\t\t\t<div class=\"elementor-widget-container\">\n\t\t\t\t\t\t\t<p>P\u0103pu\u0219a real\u0103 folose\u0219te dou\u0103 materiale diferite, silicon \u0219i TPE. Corpul si capul sunt realizate din diverse materiale de top pentru a putea fi folosite la maximum. Capul este compus din material siliconic de \u00eenalt\u0103 calitate pentru a afirma c\u0103 specifica\u021biile capului real sunt restaurate \u00een cea mai mare m\u0103sur\u0103.<\/p>\t\t\t\t\t\t<\/div>\n\t\t\t\t<\/div>\n\t\t\t\t<div class=\"elementor-element elementor-element-c5464c7 elementor-invisible elementor-widget elementor-widget-heading\" data-id=\"c5464c7\" data-element_type=\"widget\" data-settings=\"{&quot;_animation&quot;:&quot;fadeInUp&quot;}\" data-widget_type=\"heading.default\">\n\t\t\t\t<div class=\"elementor-widget-container\">\n\t\t\t<h2 class=\"elementor-heading-title elementor-size-default\">V\u00e2nzare online p\u0103pu\u0219i sexuale de calitate<\/h2>\t\t<\/div>\n\t\t\t\t<\/div>\n\t\t\t\t<div class=\"elementor-element elementor-element-1dd287d elementor-widget elementor-widget-text-editor\" data-id=\"1dd287d\" data-element_type=\"widget\" data-widget_type=\"text-editor.default\">\n\t\t\t\t<div class=\"elementor-widget-container\">\n\t\t\t\t\t\t\t<p>P\u0103pu\u0219ile sexuale \u00een m\u0103rime natural\u0103 sunt rafinate, deosebite \u0219i flexibile, f\u0103c\u00e2ndu-le astfel un \u00eenlocuitor porno foarte practic pentru via\u021ba ta sexual\u0103. Cump\u0103ra\u021bi p\u0103pu\u0219i sexuale sexy RenoDoll la orice magazin nostru de p\u0103pu\u0219i sexuale \u0219i asigura\u021bi-v\u0103 c\u0103 ob\u021bine\u021bi p\u0103pu\u0219i sexuale de cea mai \u00eenalt\u0103 calitate.<\/p>\t\t\t\t\t\t<\/div>\n\t\t\t\t<\/div>\n\t\t\t\t\t<\/div>\n\t\t<\/div>\n\t\t\t\t\t\t\t<\/div>\n\t\t<\/section>\n\t\t\t\t\t\t\t<\/div>","protected":false},"excerpt":{"rendered":"<p>At\u00e2t TPE, c\u00e2t \u0219i Corpurile de Siliciu pot avea acum aspectul vaselor de s\u00e2nge. Afl\u0103 cum \u00een imaginile de mai jos. Un lucru uimitor despre p\u0103pu\u0219ile de dragoste RenoDoll este machiajul \u00eentregului corp cu vase de s\u00e2nge reale. RenoDoll este un brand faimos, cunoscut \u00een \u00eentreaga lume. Sediul opera\u021biunii companiei interna\u021bionale este situat \u00een Shenzhen, China. RenoDoll este alerg\u0103torul ini\u021bial \u0219i liderul capului din silicon + corp de copiere a vaselor de s\u00e2nge TPE. Utilizeaz\u0103 tehnologia mucegaiului din via\u021ba real\u0103 pentru a duplica corpul modelului din via\u021ba real\u0103 1:1 cu textura pielii. Caracteristicile p\u0103pu\u0219ilor sexuale sexy P\u0103pu\u0219a sexual\u0103 sofisticat\u0103 \u0219i realist\u0103 se str\u0103duie\u0219te spre perfec\u021biune cu<\/p>","protected":false},"author":1,"featured_media":0,"parent":0,"menu_order":0,"comment_status":"closed","ping_status":"closed","template":"","meta":{"footnotes":""},"class_list":["post-5353","page","type-page","status-publish","hentry"],"aioseo_notices":[],"_links":{"self":[{"href":"https:\/\/renodoll.com\/ro\/wp-json\/wp\/v2\/pages\/5353","targetHints":{"allow":["GET"]}}],"collection":[{"href":"https:\/\/renodoll.com\/ro\/wp-json\/wp\/v2\/pages"}],"about":[{"href":"https:\/\/renodoll.com\/ro\/wp-json\/wp\/v2\/types\/page"}],"author":[{"embeddable":true,"href":"https:\/\/renodoll.com\/ro\/wp-json\/wp\/v2\/users\/1"}],"replies":[{"embeddable":true,"href":"https:\/\/renodoll.com\/ro\/wp-json\/wp\/v2\/comments?post=5353"}],"version-history":[{"count":25,"href":"https:\/\/renodoll.com\/ro\/wp-json\/wp\/v2\/pages\/5353\/revisions"}],"predecessor-version":[{"id":14828,"href":"https:\/\/renodoll.com\/ro\/wp-json\/wp\/v2\/pages\/5353\/revisions\/14828"}],"wp:attachment":[{"href":"https:\/\/renodoll.com\/ro\/wp-json\/wp\/v2\/media?parent=5353"}],"curies":[{"name":"wp","href":"https:\/\/api.w.org\/{rel}","templated":true}]}}