{"id":5330,"date":"2023-02-22T14:27:04","date_gmt":"2023-02-22T06:27:04","guid":{"rendered":"https:\/\/renodoll.com\/?page_id=5330"},"modified":"2023-04-24T20:06:13","modified_gmt":"2023-04-24T12:06:13","slug":"sex-doll-dress-up","status":"publish","type":"page","link":"https:\/\/renodoll.com\/ro\/sex-doll-dress-up\/","title":{"rendered":"Dress Up pentru p\u0103pu\u0219i sexuale"},"content":{"rendered":"<div data-elementor-type=\"wp-page\" data-elementor-id=\"5330\" class=\"elementor elementor-5330\" data-elementor-post-type=\"page\">\n\t\t\t\t\t\t<section class=\"elementor-section elementor-top-section elementor-element elementor-element-9ee3c63 elementor-section-boxed elementor-section-height-default elementor-section-height-default\" data-id=\"9ee3c63\" data-element_type=\"section\" data-e-type=\"section\">\n\t\t\t\t\t\t<div class=\"elementor-container elementor-column-gap-default\">\n\t\t\t\t\t<div class=\"elementor-column elementor-col-100 elementor-top-column elementor-element elementor-element-a5c4cb6 page-content-text\" data-id=\"a5c4cb6\" data-element_type=\"column\" data-e-type=\"column\">\n\t\t\t<div class=\"elementor-widget-wrap elementor-element-populated\">\n\t\t\t\t\t\t<div class=\"elementor-element elementor-element-23b29e3 elementor-invisible elementor-widget elementor-widget-heading\" data-id=\"23b29e3\" data-element_type=\"widget\" data-e-type=\"widget\" data-settings=\"{&quot;_animation&quot;:&quot;fadeInUp&quot;}\" data-widget_type=\"heading.default\">\n\t\t\t\t<div class=\"elementor-widget-container\">\n\t\t\t\t\t<h2 class=\"elementor-heading-title elementor-size-default\">Puncte de re\u021binut atunci c\u00e2nd \u00ee\u021bi \u00eembraci p\u0103pu\u0219a<\/h2>\t\t\t\t<\/div>\n\t\t\t\t<\/div>\n\t\t\t\t<div class=\"elementor-element elementor-element-0275977 elementor-widget elementor-widget-spacer\" data-id=\"0275977\" data-element_type=\"widget\" data-e-type=\"widget\" data-widget_type=\"spacer.default\">\n\t\t\t\t<div class=\"elementor-widget-container\">\n\t\t\t\t\t\t\t<div class=\"elementor-spacer\">\n\t\t\t<div class=\"elementor-spacer-inner\"><\/div>\n\t\t<\/div>\n\t\t\t\t\t\t<\/div>\n\t\t\t\t<\/div>\n\t\t\t\t<div class=\"elementor-element elementor-element-0ee033e elementor-invisible elementor-widget elementor-widget-heading\" data-id=\"0ee033e\" data-element_type=\"widget\" data-e-type=\"widget\" data-settings=\"{&quot;_animation&quot;:&quot;fadeInUp&quot;}\" data-widget_type=\"heading.default\">\n\t\t\t\t<div class=\"elementor-widget-container\">\n\t\t\t\t\t<h2 class=\"elementor-heading-title elementor-size-default\">Introducere<\/h2>\t\t\t\t<\/div>\n\t\t\t\t<\/div>\n\t\t\t\t<div class=\"elementor-element elementor-element-1366056 elementor-widget elementor-widget-text-editor\" data-id=\"1366056\" data-element_type=\"widget\" data-e-type=\"widget\" data-widget_type=\"text-editor.default\">\n\t\t\t\t<div class=\"elementor-widget-container\">\n\t\t\t\t\t\t\t\t\tMembrele p\u0103pu\u0219ii de silicon se pot mi\u0219ca, dar este cu unele restric\u021bii. \u00cen timp ce \u00ee\u021bi \u00eembraci p\u0103pu\u0219a sexual\u0103 dup\u0103 gust, trebuie s\u0103 protejezi \u0219i pielea din silicon. Face\u021bi bine s\u0103 lua\u021bi not\u0103 de urm\u0103toarele puncte. \t\t\t\t\t\t\t\t<\/div>\n\t\t\t\t<\/div>\n\t\t\t\t<div class=\"elementor-element elementor-element-1b286a6 elementor-invisible elementor-widget elementor-widget-heading\" data-id=\"1b286a6\" data-element_type=\"widget\" data-e-type=\"widget\" data-settings=\"{&quot;_animation&quot;:&quot;fadeInUp&quot;}\" data-widget_type=\"heading.default\">\n\t\t\t\t<div class=\"elementor-widget-container\">\n\t\t\t\t\t<h2 class=\"elementor-heading-title elementor-size-default\">Nu permite\u021bi membrelor s\u0103 se \u00eendoaie prea mult<\/h2>\t\t\t\t<\/div>\n\t\t\t\t<\/div>\n\t\t\t\t<div class=\"elementor-element elementor-element-5570512 elementor-widget elementor-widget-text-editor\" data-id=\"5570512\" data-element_type=\"widget\" data-e-type=\"widget\" data-widget_type=\"text-editor.default\">\n\t\t\t\t<div class=\"elementor-widget-container\">\n\t\t\t\t\t\t\t\t\tC\u00e2nd \u00ee\u021bi \u00eembraci p\u0103pu\u0219a sexual\u0103, \u00eencearc\u0103 pe c\u00e2t posibil s\u0103 nu ridici bra\u021bele p\u0103pu\u0219ii prea sus, astfel \u00eenc\u00e2t s\u0103 nu apar\u0103 rupturi sau rupturi de silicon. V\u0103 rug\u0103m s\u0103 acorda\u021bi o aten\u021bie deosebit\u0103 instruc\u021biunilor privind unghiul sigur din Scopul activit\u0103\u021bii fizice strict pentru opera\u021biuni. \t\t\t\t\t\t\t\t<\/div>\n\t\t\t\t<\/div>\n\t\t\t\t<div class=\"elementor-element elementor-element-690b0e9 elementor-invisible elementor-widget elementor-widget-heading\" data-id=\"690b0e9\" data-element_type=\"widget\" data-e-type=\"widget\" data-settings=\"{&quot;_animation&quot;:&quot;fadeInUp&quot;}\" data-widget_type=\"heading.default\">\n\t\t\t\t<div class=\"elementor-widget-container\">\n\t\t\t\t\t<h2 class=\"elementor-heading-title elementor-size-default\">Fii atent la zg\u00e2rieturi<\/h2>\t\t\t\t<\/div>\n\t\t\t\t<\/div>\n\t\t\t\t<div class=\"elementor-element elementor-element-2665724 elementor-widget elementor-widget-text-editor\" data-id=\"2665724\" data-element_type=\"widget\" data-e-type=\"widget\" data-widget_type=\"text-editor.default\">\n\t\t\t\t<div class=\"elementor-widget-container\">\n\t\t\t\t\t\t\t\t\tAi grij\u0103 s\u0103 nu permiti p\u0103pu\u0219ii tale iubite s\u0103 poarte haine sau accesorii cu margini at\u00e2t de ascu\u021bite \u00eenc\u00e2t \u00eencep s\u0103-\u021bi desfigureze p\u0103pu\u0219a iubit\u0103. Dac\u0103, totu\u0219i, alegerea ta de \u00eembr\u0103c\u0103minte con\u021bine nasturi ascu\u021bi\u021bi \u0219i altele asemenea, face bine s\u0103 tratezi p\u0103pu\u0219a ta adev\u0103rat\u0103 ca pe un bebelu\u0219 \u00een timp ce o \u00eembraci.\t\t\t\t\t\t\t\t<\/div>\n\t\t\t\t<\/div>\n\t\t\t\t<div class=\"elementor-element elementor-element-760f9e7 elementor-invisible elementor-widget elementor-widget-heading\" data-id=\"760f9e7\" data-element_type=\"widget\" data-e-type=\"widget\" data-settings=\"{&quot;_animation&quot;:&quot;fadeInUp&quot;}\" data-widget_type=\"heading.default\">\n\t\t\t\t<div class=\"elementor-widget-container\">\n\t\t\t\t\t<h2 class=\"elementor-heading-title elementor-size-default\">Scoate\u021bi capul \u00eenainte de a pune o hain\u0103<\/h2>\t\t\t\t<\/div>\n\t\t\t\t<\/div>\n\t\t\t\t<div class=\"elementor-element elementor-element-32fca7b elementor-widget elementor-widget-text-editor\" data-id=\"32fca7b\" data-element_type=\"widget\" data-e-type=\"widget\" data-widget_type=\"text-editor.default\">\n\t\t\t\t<div class=\"elementor-widget-container\">\n\t\t\t\t\t\t\t\t\tC\u00e2nd \u00ee\u021bi \u00eembraci p\u0103pu\u0219a iubit\u0103 \u0219i observi c\u0103 o parte a \u00eembr\u0103c\u0103mintei este prea str\u00e2ns\u0103 sau ar da un oarecare inconvenient p\u0103pu\u0219ii tale reale, f\u0103 bine s\u0103 sco\u021bi capul p\u0103pu\u0219ii tale adev\u0103rate. \t\t\t\t\t\t\t\t<\/div>\n\t\t\t\t<\/div>\n\t\t\t\t<section class=\"elementor-section elementor-inner-section elementor-element elementor-element-d0ad383 elementor-section-full_width elementor-section-height-default elementor-section-height-default\" data-id=\"d0ad383\" data-element_type=\"section\" data-e-type=\"section\">\n\t\t\t\t\t\t<div class=\"elementor-container elementor-column-gap-default\">\n\t\t\t\t\t<div class=\"elementor-column elementor-col-50 elementor-inner-column elementor-element elementor-element-0d201b2\" data-id=\"0d201b2\" data-element_type=\"column\" data-e-type=\"column\">\n\t\t\t<div class=\"elementor-widget-wrap elementor-element-populated\">\n\t\t\t\t\t\t<div class=\"elementor-element elementor-element-5e75bf3 elementor-widget elementor-widget-image\" data-id=\"5e75bf3\" data-element_type=\"widget\" data-e-type=\"widget\" data-widget_type=\"image.default\">\n\t\t\t\t<div class=\"elementor-widget-container\">\n\t\t\t\t\t\t\t\t\t\t\t\t\t\t\t<img loading=\"lazy\" decoding=\"async\" width=\"367\" height=\"388\" src=\"https:\/\/renodoll.com\/wp-content\/uploads\/xstore\/xstore-placeholder-600x600.png\" class=\"attachment-woocommerce_single size-woocommerce_single wp-image-14231 lazyload lazyload-simple et-lazyload-fadeIn\" alt=\"\" sizes=\"auto, (max-width: 367px) 100vw, 367px\" data-src=\"https:\/\/renodoll.com\/wp-content\/uploads\/2023\/03\/kb-piercing.jpg\" data-srcset=\"https:\/\/renodoll.com\/wp-content\/uploads\/2023\/03\/kb-piercing.jpg 367w, https:\/\/renodoll.com\/wp-content\/uploads\/2023\/03\/kb-piercing-284x300.jpg 284w, https:\/\/renodoll.com\/wp-content\/uploads\/2023\/03\/kb-piercing-11x12.jpg 11w, https:\/\/renodoll.com\/wp-content\/uploads\/2023\/03\/kb-piercing-95x100.jpg 95w, https:\/\/renodoll.com\/wp-content\/uploads\/2023\/03\/kb-piercing-300x317.jpg 300w, https:\/\/renodoll.com\/wp-content\/uploads\/2023\/03\/kb-piercing-10x10.jpg 10w\" \/>\t\t\t\t\t\t\t\t\t\t\t\t\t\t\t<\/div>\n\t\t\t\t<\/div>\n\t\t\t\t\t<\/div>\n\t\t<\/div>\n\t\t\t\t<div class=\"elementor-column elementor-col-50 elementor-inner-column elementor-element elementor-element-e1caa7e\" data-id=\"e1caa7e\" data-element_type=\"column\" data-e-type=\"column\">\n\t\t\t<div class=\"elementor-widget-wrap elementor-element-populated\">\n\t\t\t\t\t\t<div class=\"elementor-element elementor-element-4260ec5 elementor-invisible elementor-widget elementor-widget-heading\" data-id=\"4260ec5\" data-element_type=\"widget\" data-e-type=\"widget\" data-settings=\"{&quot;_animation&quot;:&quot;fadeInUp&quot;}\" data-widget_type=\"heading.default\">\n\t\t\t\t<div class=\"elementor-widget-container\">\n\t\t\t\t\t<h2 class=\"elementor-heading-title elementor-size-default\">Piercinguri (ureche \u0219i navale)<\/h2>\t\t\t\t<\/div>\n\t\t\t\t<\/div>\n\t\t\t\t<div class=\"elementor-element elementor-element-1732e22 elementor-widget elementor-widget-text-editor\" data-id=\"1732e22\" data-element_type=\"widget\" data-e-type=\"widget\" data-widget_type=\"text-editor.default\">\n\t\t\t\t<div class=\"elementor-widget-container\">\n\t\t\t\t\t\t\t\t\t\u00ce\u021bi po\u021bi oferi piercing-ul p\u0103pu\u0219ii tale sexuale pentru adul\u021bi? Pozitiv. \u00cen tot ceea ce face\u021bi, asigura\u021bi-v\u0103 c\u0103 re\u021bine\u021bi c\u0103 instrumentele pentru piercing-uri sunt s\u00e2rm\u0103 sub\u021bire de fier sau ace pentru a ciupi pu\u021bin \u00een pielea de silicon a p\u0103pu\u0219ii tale realiste. Cu toate acestea, diametrul g\u0103urii de perforare nu trebuie s\u0103 dep\u0103\u0219easc\u0103 0,5 mm \u0219i, \u00een niciun caz, nu trebuie s\u0103 folosi\u021bi cu\u021bite sau alte obiecte ascu\u021bite pentru a t\u0103ia. Aceste piercing-uri sunt permanente pentru a evita rupturile sau rupturile siliconului.\t\t\t\t\t\t\t\t<\/div>\n\t\t\t\t<\/div>\n\t\t\t\t<div class=\"elementor-element elementor-element-a03cfc1 elementor-widget elementor-widget-text-editor\" data-id=\"a03cfc1\" data-element_type=\"widget\" data-e-type=\"widget\" data-widget_type=\"text-editor.default\">\n\t\t\t\t<div class=\"elementor-widget-container\">\n\t\t\t\t\t\t\t\t\tNu uita\u021bi s\u0103 aplica\u021bi \u00eentotdeauna pudr\u0103 pe p\u0103pu\u0219a dvs. adev\u0103rat\u0103 \u00eenainte de a v\u0103 \u00eembr\u0103ca \u00een pantaloni str\u00e2m\u021bi. Se \u00eent\u00e2mpl\u0103 ca siliconul s\u0103 aib\u0103 mult\u0103 frecare \u0219i a\u0219a c\u0103, dac\u0103 este prea str\u00e2ns pentru a \u00eembr\u0103ca p\u0103pu\u0219a de dragoste \u00een pantaloni sau \u0219osete, proceda\u021bi \u00een felul urm\u0103tor. Scoate\u021bi pantalonii \u0219i aplica\u021bi pudr\u0103 de baie sau pudr\u0103 de talc \u00eenainte de a v\u0103 \u00eembr\u0103ca din nou.\t\t\t\t\t\t\t\t<\/div>\n\t\t\t\t<\/div>\n\t\t\t\t\t<\/div>\n\t\t<\/div>\n\t\t\t\t\t<\/div>\n\t\t<\/section>\n\t\t\t\t<div class=\"elementor-element elementor-element-91005da elementor-invisible elementor-widget elementor-widget-heading\" data-id=\"91005da\" data-element_type=\"widget\" data-e-type=\"widget\" data-settings=\"{&quot;_animation&quot;:&quot;fadeInUp&quot;}\" data-widget_type=\"heading.default\">\n\t\t\t\t<div class=\"elementor-widget-container\">\n\t\t\t\t\t<h2 class=\"elementor-heading-title elementor-size-default\">Fitness de \u00eembr\u0103c\u0103minte<\/h2>\t\t\t\t<\/div>\n\t\t\t\t<\/div>\n\t\t\t\t<div class=\"elementor-element elementor-element-0e05e3e elementor-widget elementor-widget-text-editor\" data-id=\"0e05e3e\" data-element_type=\"widget\" data-e-type=\"widget\" data-widget_type=\"text-editor.default\">\n\t\t\t\t<div class=\"elementor-widget-container\">\n\t\t\t\t\t\t\t\t\t\u00cencerca\u021bi pe c\u00e2t posibil s\u0103 evita\u021bi s\u0103 v\u0103 \u00eembr\u0103ca\u021bi p\u0103pu\u0219a sexual\u0103 \u00een haine str\u00e2mte sau \u00eembr\u0103c\u0103minte care ar str\u00e2nge-o pentru o perioad\u0103 lung\u0103 de timp. Acest lucru poate provoca fie ruperea siliconului, fie def\u0103imare.\t\t\t\t\t\t\t\t<\/div>\n\t\t\t\t<\/div>\n\t\t\t\t<div class=\"elementor-element elementor-element-8cc3ec1 elementor-widget elementor-widget-text-editor\" data-id=\"8cc3ec1\" data-element_type=\"widget\" data-e-type=\"widget\" data-widget_type=\"text-editor.default\">\n\t\t\t\t<div class=\"elementor-widget-container\">\n\t\t\t\t\t\t\t\t\t Dac\u0103 m\u0103rimea rochiei pe care o dore\u0219ti pentru p\u0103pu\u0219a ta sexual\u0103 nu se potrive\u0219te, ia una diferit\u0103. \u00cen plus, o parte din haine trebuie s\u0103 fie special f\u0103cute pentru p\u0103pu\u0219i.\t\t\t\t\t\t\t\t<\/div>\n\t\t\t\t<\/div>\n\t\t\t\t<div class=\"elementor-element elementor-element-fb0bc57 elementor-invisible elementor-widget elementor-widget-heading\" data-id=\"fb0bc57\" data-element_type=\"widget\" data-e-type=\"widget\" data-settings=\"{&quot;_animation&quot;:&quot;fadeInUp&quot;}\" data-widget_type=\"heading.default\">\n\t\t\t\t<div class=\"elementor-widget-container\">\n\t\t\t\t\t<h2 class=\"elementor-heading-title elementor-size-default\">Preveni\u021bi colorarea<\/h2>\t\t\t\t<\/div>\n\t\t\t\t<\/div>\n\t\t\t\t<div class=\"elementor-element elementor-element-53229ea elementor-widget elementor-widget-text-editor\" data-id=\"53229ea\" data-element_type=\"widget\" data-e-type=\"widget\" data-widget_type=\"text-editor.default\">\n\t\t\t\t<div class=\"elementor-widget-container\">\n\t\t\t\t\t\t\t\t\tUnele tipuri de \u00eembr\u0103c\u0103minte sunt realizate fie din piele artificial\u0103 vopsit\u0103, fie din alte materiale din piele p\u0103tat\u0103 de ulei, cu o culoare groaznic\u0103, care se poate infiltra \u00een interiorul siliconului odat\u0103 ce p\u0103pu\u0219a sexual\u0103 a intrat \u00een contact cu rochia pentru o perioad\u0103 lung\u0103 de timp. Acest lucru poate duce la o schimbare a culorii pielii p\u0103pu\u0219ii tale sexuale. Cel mai realist lucru de f\u0103cut este s\u0103 evi\u021bi pe c\u00e2t posibil acest tip de str\u0103lucire sau dac\u0103 este nevoie \u0219i trebuie s\u0103 le \u00eembraci, las\u0103-l pentru o perioad\u0103 limitat\u0103 de timp pe corpul p\u0103pu\u0219ii sexuale sexy.\t\t\t\t\t\t\t\t<\/div>\n\t\t\t\t<\/div>\n\t\t\t\t<div class=\"elementor-element elementor-element-2e3d2b1 elementor-invisible elementor-widget elementor-widget-heading\" data-id=\"2e3d2b1\" data-element_type=\"widget\" data-e-type=\"widget\" data-settings=\"{&quot;_animation&quot;:&quot;fadeInUp&quot;}\" data-widget_type=\"heading.default\">\n\t\t\t\t<div class=\"elementor-widget-container\">\n\t\t\t\t\t<h2 class=\"elementor-heading-title elementor-size-default\">Utiliza\u021bi pudr\u0103 de baie, talc sau pudr\u0103 pentru bebelu\u0219i pentru a preveni lipiciune<\/h2>\t\t\t\t<\/div>\n\t\t\t\t<\/div>\n\t\t\t\t<div class=\"elementor-element elementor-element-0963a4f elementor-widget elementor-widget-text-editor\" data-id=\"0963a4f\" data-element_type=\"widget\" data-e-type=\"widget\" data-widget_type=\"text-editor.default\">\n\t\t\t\t<div class=\"elementor-widget-container\">\n\t\t\t\t\t\t\t\t\tDesigur, suprafa\u021ba siliconului este destul de lipicioas\u0103. Ceea ce trebuie f\u0103cut este s\u0103 folosi\u021bi pudr\u0103 de baie sau pudr\u0103 de talc \u00eenainte de a v\u0103 \u00eembr\u0103ca. Dac\u0103 este disponibil\u0103 electricitate static\u0103, se poate folosi spray-ul pentru electricitate static\u0103. Fi\u021bi aten\u021bi c\u00e2nd pulveriza\u021bi, totu\u0219i, astfel \u00eenc\u00e2t s\u0103 nu pulveriza\u021bi prea mult.\t\t\t\t\t\t\t\t<\/div>\n\t\t\t\t<\/div>\n\t\t\t\t\t<\/div>\n\t\t<\/div>\n\t\t\t\t\t<\/div>\n\t\t<\/section>\n\t\t\t\t<\/div>","protected":false},"excerpt":{"rendered":"<p>Puncte de re\u021binut atunci c\u00e2nd v\u0103 \u00eembr\u0103ca\u021bi p\u0103pu\u0219a Introducere Membrele p\u0103pu\u0219ii de silicon se pot mi\u0219ca, dar are anumite restric\u021bii. \u00cen timp ce \u00ee\u021bi \u00eembraci p\u0103pu\u0219a sexual\u0103 dup\u0103 gust, trebuie s\u0103 protejezi \u0219i pielea din silicon. Face\u021bi bine s\u0103 lua\u021bi not\u0103 de urm\u0103toarele puncte. Nu l\u0103sa\u021bi membrele s\u0103 se \u00eendoaie prea mult C\u00e2nd v\u0103 \u00eembr\u0103ca\u021bi p\u0103pu\u0219a sexual\u0103, \u00eencerca\u021bi pe c\u00e2t posibil s\u0103 evita\u021bi s\u0103 ridica\u021bi bra\u021bele p\u0103pu\u0219ii prea sus, astfel \u00eenc\u00e2t s\u0103 nu apar\u0103 rupturi sau rupturi de silicon. V\u0103 rug\u0103m s\u0103 acorda\u021bi o aten\u021bie deosebit\u0103 instruc\u021biunilor privind unghiul sigur din Scopul activit\u0103\u021bii fizice strict pentru<\/p>","protected":false},"author":1,"featured_media":0,"parent":0,"menu_order":0,"comment_status":"closed","ping_status":"closed","template":"","meta":{"footnotes":""},"class_list":["post-5330","page","type-page","status-publish","hentry"],"aioseo_notices":[],"_links":{"self":[{"href":"https:\/\/renodoll.com\/ro\/wp-json\/wp\/v2\/pages\/5330","targetHints":{"allow":["GET"]}}],"collection":[{"href":"https:\/\/renodoll.com\/ro\/wp-json\/wp\/v2\/pages"}],"about":[{"href":"https:\/\/renodoll.com\/ro\/wp-json\/wp\/v2\/types\/page"}],"author":[{"embeddable":true,"href":"https:\/\/renodoll.com\/ro\/wp-json\/wp\/v2\/users\/1"}],"replies":[{"embeddable":true,"href":"https:\/\/renodoll.com\/ro\/wp-json\/wp\/v2\/comments?post=5330"}],"version-history":[{"count":53,"href":"https:\/\/renodoll.com\/ro\/wp-json\/wp\/v2\/pages\/5330\/revisions"}],"predecessor-version":[{"id":16005,"href":"https:\/\/renodoll.com\/ro\/wp-json\/wp\/v2\/pages\/5330\/revisions\/16005"}],"wp:attachment":[{"href":"https:\/\/renodoll.com\/ro\/wp-json\/wp\/v2\/media?parent=5330"}],"curies":[{"name":"wp","href":"https:\/\/api.w.org\/{rel}","templated":true}]}}