{"id":5458,"date":"2023-02-22T19:06:10","date_gmt":"2023-02-22T11:06:10","guid":{"rendered":"https:\/\/renodoll.com\/?page_id=5458"},"modified":"2023-03-29T17:03:19","modified_gmt":"2023-03-29T09:03:19","slug":"freckles","status":"publish","type":"page","link":"https:\/\/renodoll.com\/pt\/freckles\/","title":{"rendered":"Pintura de Sardas"},"content":{"rendered":"<div data-elementor-type=\"wp-page\" data-elementor-id=\"5458\" class=\"elementor elementor-5458\" data-elementor-post-type=\"page\">\n\t\t\t\t\t\t<section class=\"elementor-section elementor-top-section elementor-element elementor-element-829a5bf elementor-section-boxed elementor-section-height-default elementor-section-height-default\" data-id=\"829a5bf\" data-element_type=\"section\" data-e-type=\"section\">\n\t\t\t\t\t\t<div class=\"elementor-container elementor-column-gap-default\">\n\t\t\t\t\t<div class=\"elementor-column elementor-col-50 elementor-top-column elementor-element elementor-element-f3c1b7c page-content-text\" data-id=\"f3c1b7c\" data-element_type=\"column\" data-e-type=\"column\">\n\t\t\t<div class=\"elementor-widget-wrap elementor-element-populated\">\n\t\t\t\t\t\t<div class=\"elementor-element elementor-element-445fe14 elementor-invisible elementor-widget elementor-widget-heading\" data-id=\"445fe14\" data-element_type=\"widget\" data-e-type=\"widget\" data-settings=\"{&quot;_animation&quot;:&quot;fadeInUp&quot;}\" data-widget_type=\"heading.default\">\n\t\t\t\t<div class=\"elementor-widget-container\">\n\t\t\t\t\t<h2 class=\"elementor-heading-title elementor-size-default\">Sardas \/ Pigmenta\u00e7\u00e3o<\/h2>\t\t\t\t<\/div>\n\t\t\t\t<\/div>\n\t\t\t\t<div class=\"elementor-element elementor-element-2f50bad elementor-widget elementor-widget-text-editor\" data-id=\"2f50bad\" data-element_type=\"widget\" data-e-type=\"widget\" data-widget_type=\"text-editor.default\">\n\t\t\t\t<div class=\"elementor-widget-container\">\n\t\t\t\t\t\t\t\t\t<p>Beije aquela sarda verdadeira espalhada no rosto fofo da sua garota. As \u00e1reas naturalmente mais afetadas pelo sol s\u00e3o aquelas cobertas de pigmenta\u00e7\u00e3o; nariz, bochechas e testa.<\/p>\t\t\t\t\t\t\t\t<\/div>\n\t\t\t\t<\/div>\n\t\t\t\t<div class=\"elementor-element elementor-element-7b009cf elementor-widget elementor-widget-text-editor\" data-id=\"7b009cf\" data-element_type=\"widget\" data-e-type=\"widget\" data-widget_type=\"text-editor.default\">\n\t\t\t\t<div class=\"elementor-widget-container\">\n\t\t\t\t\t\t\t\t\t<p>Essa sarda \u00e9 uma das op\u00e7\u00f5es personaliz\u00e1veis que acompanham sua boneca sexual, e um maquiador especialista est\u00e1 cuidando disso na Jinsan.<\/p>\t\t\t\t\t\t\t\t<\/div>\n\t\t\t\t<\/div>\n\t\t\t\t<div class=\"elementor-element elementor-element-d24a218 elementor-widget elementor-widget-text-editor\" data-id=\"d24a218\" data-element_type=\"widget\" data-e-type=\"widget\" data-widget_type=\"text-editor.default\">\n\t\t\t\t<div class=\"elementor-widget-container\">\n\t\t\t\t\t\t\t\t\tNo entanto, essas sardas s\u00e3o semipermanentes. Qualquer pintura corporal, maquiagem corporal e maquiagem facial que venha com sua boneca sexual \u00e9 semipermanente e desaparecer\u00e1 ap\u00f3s algum per\u00edodo devido ao uso e limpeza. A maquiagem da sua boneca pode ser removida imediatamente com desmaquilhante ou \u00f3leo mineral; neste caso, \u00e9 aconselh\u00e1vel garantir que sua boneca sexual mantenha sua apar\u00eancia. Limpe sua boneca sexual apenas com o limpador TPE aprovado.\n\t\t\t\t\t\t\t\t<\/div>\n\t\t\t\t<\/div>\n\t\t\t\t<div class=\"elementor-element elementor-element-9f505e9 elementor-widget elementor-widget-text-editor\" data-id=\"9f505e9\" data-element_type=\"widget\" data-e-type=\"widget\" data-widget_type=\"text-editor.default\">\n\t\t\t\t<div class=\"elementor-widget-container\">\n\t\t\t\t\t\t\t\t\tSua boneca do amor tem um visual mais real e natural com sardas. N\u00e3o apenas as bonecas sexuais ruivas s\u00e3o eleg\u00edveis para sardas; sua boneca do amor pode ser loira ou morena e ainda ter sardas como detalhe extra de beleza no corpo. Os detalhes dos bonecos ganham mais relevo com essas sardas; parece t\u00e3o impressionante. \n\t\t\t\t\t\t\t\t<\/div>\n\t\t\t\t<\/div>\n\t\t\t\t<div class=\"elementor-element elementor-element-75d035e elementor-widget elementor-widget-text-editor\" data-id=\"75d035e\" data-element_type=\"widget\" data-e-type=\"widget\" data-widget_type=\"text-editor.default\">\n\t\t\t\t<div class=\"elementor-widget-container\">\n\t\t\t\t\t\t\t\t\tEssas sardas s\u00e3o feitas com cuidado redobrado pelo pincel, em diversas camadas de tinta, e podem ser t\u00e3o densas ou vis\u00edveis quanto voc\u00ea quiser. N\u00e3o importa se s\u00e3o manchas pequenas e delicadas no nariz ou sardas bem reais em \u00e1reas maiores; voc\u00ea conseguir\u00e1 o que deseja.\n\t\t\t\t\t\t\t\t<\/div>\n\t\t\t\t<\/div>\n\t\t\t\t<div class=\"elementor-element elementor-element-4c9dc49 elementor-widget elementor-widget-text-editor\" data-id=\"4c9dc49\" data-element_type=\"widget\" data-e-type=\"widget\" data-widget_type=\"text-editor.default\">\n\t\t\t\t<div class=\"elementor-widget-container\">\n\t\t\t\t\t\t\t\t\tA aplica\u00e7\u00e3o de sardas pode ser feita em diversas partes do corpo; pode ser o rosto, as bochechas, o nariz, logo acima do bra\u00e7o, a parte superior das costas, o ombro ou o decote. O pre\u00e7o, por\u00e9m, n\u00e3o pode ser divulgado com certeza, assim como sua densidade e quantas \u00e1reas voc\u00ea deseja.\n\t\t\t\t\t\t\t\t<\/div>\n\t\t\t\t<\/div>\n\t\t\t\t<div class=\"elementor-element elementor-element-6f7a4a4 elementor-widget elementor-widget-text-editor\" data-id=\"6f7a4a4\" data-element_type=\"widget\" data-e-type=\"widget\" data-widget_type=\"text-editor.default\">\n\t\t\t\t<div class=\"elementor-widget-container\">\n\t\t\t\t\t\t\t\t\tD\u00ea uma olhada nos tipos de sardas que podemos aplicar na sua boneca sexual aqui.\t\t\t\t\t\t\t\t<\/div>\n\t\t\t\t<\/div>\n\t\t\t\t\t<\/div>\n\t\t<\/div>\n\t\t\t\t<div class=\"elementor-column elementor-col-50 elementor-top-column elementor-element elementor-element-0648baa\" data-id=\"0648baa\" data-element_type=\"column\" data-e-type=\"column\">\n\t\t\t<div class=\"elementor-widget-wrap elementor-element-populated\">\n\t\t\t\t\t\t<div class=\"elementor-element elementor-element-d265377 elementor-widget elementor-widget-image\" data-id=\"d265377\" data-element_type=\"widget\" data-e-type=\"widget\" data-widget_type=\"image.default\">\n\t\t\t\t<div class=\"elementor-widget-container\">\n\t\t\t\t\t\t\t\t\t\t\t\t\t\t\t<img loading=\"lazy\" decoding=\"async\" width=\"683\" height=\"1024\" src=\"https:\/\/renodoll.com\/wp-content\/uploads\/xstore\/xstore-placeholder-1024x1024.png\" class=\"attachment-large size-large wp-image-14261 lazyload lazyload-simple et-lazyload-fadeIn\" alt=\"\" sizes=\"auto, (max-width: 683px) 100vw, 683px\" data-src=\"https:\/\/renodoll.com\/wp-content\/uploads\/2023\/03\/kb-freckles-683x1024.jpg\" data-srcset=\"https:\/\/renodoll.com\/wp-content\/uploads\/2023\/03\/kb-freckles-683x1024.jpg 683w, https:\/\/renodoll.com\/wp-content\/uploads\/2023\/03\/kb-freckles-200x300.jpg 200w, https:\/\/renodoll.com\/wp-content\/uploads\/2023\/03\/kb-freckles-768x1152.jpg 768w, https:\/\/renodoll.com\/wp-content\/uploads\/2023\/03\/kb-freckles-1024x1536.jpg 1024w, https:\/\/renodoll.com\/wp-content\/uploads\/2023\/03\/kb-freckles-1365x2048.jpg 1365w, https:\/\/renodoll.com\/wp-content\/uploads\/2023\/03\/kb-freckles-8x12.jpg 8w, https:\/\/renodoll.com\/wp-content\/uploads\/2023\/03\/kb-freckles-67x100.jpg 67w, https:\/\/renodoll.com\/wp-content\/uploads\/2023\/03\/kb-freckles-300x450.jpg 300w, https:\/\/renodoll.com\/wp-content\/uploads\/2023\/03\/kb-freckles-600x900.jpg 600w, https:\/\/renodoll.com\/wp-content\/uploads\/2023\/03\/kb-freckles-7x10.jpg 7w, https:\/\/renodoll.com\/wp-content\/uploads\/2023\/03\/kb-freckles.jpg 1500w\" \/>\t\t\t\t\t\t\t\t\t\t\t\t\t\t\t<\/div>\n\t\t\t\t<\/div>\n\t\t\t\t\t<\/div>\n\t\t<\/div>\n\t\t\t\t\t<\/div>\n\t\t<\/section>\n\t\t\t\t<\/div>","protected":false},"excerpt":{"rendered":"<p>Sardas \/ Pigmenta\u00e7\u00e3o Beije aquela sarda real espalhada no rosto fofo da sua garota. As \u00e1reas que s\u00e3o naturalmente mais afetadas pelo sol s\u00e3o as cobertas de pigmenta\u00e7\u00e3o; nariz, bochechas e testa. Esta sarda \u00e9 uma das op\u00e7\u00f5es personaliz\u00e1veis que v\u00eam com sua boneca sexual, e um maquiador especialista est\u00e1 cuidando disso na Jinsan. No entanto, essas sardas s\u00e3o semipermanentes. Qualquer pintura corporal, maquiagem corporal e maquiagem do rosto que vem com sua boneca sexual \u00e9 semipermanente e vai sair depois de algum tempo devido ao uso e limpeza. A maquiagem da sua boneca pode ser removida imediatamente<\/p>","protected":false},"author":1,"featured_media":0,"parent":0,"menu_order":0,"comment_status":"closed","ping_status":"closed","template":"","meta":{"footnotes":""},"class_list":["post-5458","page","type-page","status-publish","hentry"],"aioseo_notices":[],"_links":{"self":[{"href":"https:\/\/renodoll.com\/pt\/wp-json\/wp\/v2\/pages\/5458","targetHints":{"allow":["GET"]}}],"collection":[{"href":"https:\/\/renodoll.com\/pt\/wp-json\/wp\/v2\/pages"}],"about":[{"href":"https:\/\/renodoll.com\/pt\/wp-json\/wp\/v2\/types\/page"}],"author":[{"embeddable":true,"href":"https:\/\/renodoll.com\/pt\/wp-json\/wp\/v2\/users\/1"}],"replies":[{"embeddable":true,"href":"https:\/\/renodoll.com\/pt\/wp-json\/wp\/v2\/comments?post=5458"}],"version-history":[{"count":26,"href":"https:\/\/renodoll.com\/pt\/wp-json\/wp\/v2\/pages\/5458\/revisions"}],"predecessor-version":[{"id":14266,"href":"https:\/\/renodoll.com\/pt\/wp-json\/wp\/v2\/pages\/5458\/revisions\/14266"}],"wp:attachment":[{"href":"https:\/\/renodoll.com\/pt\/wp-json\/wp\/v2\/media?parent=5458"}],"curies":[{"name":"wp","href":"https:\/\/api.w.org\/{rel}","templated":true}]}}