{"id":5446,"date":"2023-02-22T18:57:12","date_gmt":"2023-02-22T10:57:12","guid":{"rendered":"https:\/\/renodoll.com\/?page_id=5446"},"modified":"2023-03-29T16:46:47","modified_gmt":"2023-03-29T08:46:47","slug":"articulated-finger","status":"publish","type":"page","link":"https:\/\/renodoll.com\/pt\/dedo-articulado\/","title":{"rendered":"Dedo Articulado"},"content":{"rendered":"<div data-elementor-type=\"wp-page\" data-elementor-id=\"5446\" class=\"elementor elementor-5446\">\n\t\t\t\t\t\t\t\t\t<section class=\"elementor-section elementor-top-section elementor-element elementor-element-19ce2b8 elementor-section-boxed elementor-section-height-default elementor-section-height-default\" data-id=\"19ce2b8\" data-element_type=\"section\">\n\t\t\t\t\t\t<div class=\"elementor-container elementor-column-gap-default\">\n\t\t\t\t\t<div class=\"elementor-column elementor-col-100 elementor-top-column elementor-element elementor-element-f3c1b7c page-content-text\" data-id=\"f3c1b7c\" data-element_type=\"column\">\n\t\t\t<div class=\"elementor-widget-wrap elementor-element-populated\">\n\t\t\t\t\t\t\t\t<section class=\"elementor-section elementor-inner-section elementor-element elementor-element-fd7ff6a elementor-section-boxed elementor-section-height-default elementor-section-height-default\" data-id=\"fd7ff6a\" data-element_type=\"section\">\n\t\t\t\t\t\t<div class=\"elementor-container elementor-column-gap-default\">\n\t\t\t\t\t<div class=\"elementor-column elementor-col-50 elementor-inner-column elementor-element elementor-element-4194eef\" data-id=\"4194eef\" data-element_type=\"column\">\n\t\t\t<div class=\"elementor-widget-wrap elementor-element-populated\">\n\t\t\t\t\t\t\t\t<div class=\"elementor-element elementor-element-445fe14 elementor-invisible elementor-widget elementor-widget-heading\" data-id=\"445fe14\" data-element_type=\"widget\" data-settings=\"{&quot;_animation&quot;:&quot;fadeInUp&quot;}\" data-widget_type=\"heading.default\">\n\t\t\t\t<div class=\"elementor-widget-container\">\n\t\t\t<style>\/*! elementor - v3.10.2 - 29-01-2023 *\/\n.elementor-heading-title{padding:0;margin:0;line-height:1}.elementor-widget-heading .elementor-heading-title[class*=elementor-size-]>a{color:inherit;font-size:inherit;line-height:inherit}.elementor-widget-heading .elementor-heading-title.elementor-size-small{font-size:15px}.elementor-widget-heading .elementor-heading-title.elementor-size-medium{font-size:19px}.elementor-widget-heading .elementor-heading-title.elementor-size-large{font-size:29px}.elementor-widget-heading .elementor-heading-title.elementor-size-xl{font-size:39px}.elementor-widget-heading .elementor-heading-title.elementor-size-xxl{font-size:59px}<\/style><h2 class=\"elementor-heading-title elementor-size-default\">Dedo<\/h2>\t\t<\/div>\n\t\t\t\t<\/div>\n\t\t\t\t<div class=\"elementor-element elementor-element-2f50bad elementor-widget elementor-widget-text-editor\" data-id=\"2f50bad\" data-element_type=\"widget\" data-widget_type=\"text-editor.default\">\n\t\t\t\t<div class=\"elementor-widget-container\">\n\t\t\t<style>\/*! elementor - v3.10.2 - 29-01-2023 *\/\n.elementor-widget-text-editor.elementor-drop-cap-view-stacked .elementor-drop-cap{background-color:#818a91;color:#fff}.elementor-widget-text-editor.elementor-drop-cap-view-framed .elementor-drop-cap{color:#818a91;border:3px solid;background-color:transparent}.elementor-widget-text-editor:not(.elementor-drop-cap-view-default) .elementor-drop-cap{margin-top:8px}.elementor-widget-text-editor:not(.elementor-drop-cap-view-default) .elementor-drop-cap-letter{width:1em;height:1em}.elementor-widget-text-editor .elementor-drop-cap{float:left;text-align:center;line-height:1;font-size:50px}.elementor-widget-text-editor .elementor-drop-cap-letter{display:inline-block}<\/style>\t\t\t\t<p>N\u00e3o muito tempo depois, a Irontech anunciou o lan\u00e7amento de novas m\u00e3os e dedos articulados para suas bonecas sexuais e se juntou \u00e0 YL Doll e WMDoll como a terceira marca de bonecas sexuais TPE para oferecer uma atualiza\u00e7\u00e3o para o dedo de sua boneca sexual.<\/p>\t\t\t\t\t\t<\/div>\n\t\t\t\t<\/div>\n\t\t\t\t<div class=\"elementor-element elementor-element-7b009cf elementor-widget elementor-widget-text-editor\" data-id=\"7b009cf\" data-element_type=\"widget\" data-widget_type=\"text-editor.default\">\n\t\t\t\t<div class=\"elementor-widget-container\">\n\t\t\t\t\t\t\tEste novo recurso de bonecas sexuais se tornou uma tend\u00eancia na ind\u00fastria de bonecas sexuais, e esta \u00e9 uma tend\u00eancia agrad\u00e1vel para a comunidade de bonecas sexuais porque a maioria desses verdadeiros donos de bonecas n\u00e3o gosta de dedos velhos, que s\u00e3o fr\u00e1geis e com fios.\n\t\t\t\t\t\t<\/div>\n\t\t\t\t<\/div>\n\t\t\t\t<div class=\"elementor-element elementor-element-d24a218 elementor-widget elementor-widget-text-editor\" data-id=\"d24a218\" data-element_type=\"widget\" data-widget_type=\"text-editor.default\">\n\t\t\t\t<div class=\"elementor-widget-container\">\n\t\t\t\t\t\t\t<p>A atualiza\u00e7\u00e3o do dedo articulado anunciada pela Irontech \u00e9 praticamente a mesma da WM. O esqueleto da m\u00e3o de metal da boneca sexual tem uma articula\u00e7\u00e3o articulada e tamb\u00e9m \u00e9 coberto com uma camada branca para evitar danos \u00e0 pele do dedo. Esses conjuntos de bonecos podem facilmente fazer poses realistas envolvendo a m\u00e3o e o dedo, sem que os fios tenham que passar pelo TPE.<\/p>\t\t\t\t\t\t<\/div>\n\t\t\t\t<\/div>\n\t\t\t\t\t<\/div>\n\t\t<\/div>\n\t\t\t\t<div class=\"elementor-column elementor-col-50 elementor-inner-column elementor-element elementor-element-df10d16\" data-id=\"df10d16\" data-element_type=\"column\">\n\t\t\t<div class=\"elementor-widget-wrap elementor-element-populated\">\n\t\t\t\t\t\t\t\t<div class=\"elementor-element elementor-element-2fef030 elementor-aspect-ratio-169 elementor-widget elementor-widget-video\" data-id=\"2fef030\" data-element_type=\"widget\" data-settings=\"{&quot;video_type&quot;:&quot;hosted&quot;,&quot;autoplay&quot;:&quot;yes&quot;,&quot;play_on_mobile&quot;:&quot;yes&quot;,&quot;loop&quot;:&quot;yes&quot;,&quot;controls&quot;:&quot;yes&quot;,&quot;aspect_ratio&quot;:&quot;169&quot;}\" data-widget_type=\"video.default\">\n\t\t\t\t<div class=\"elementor-widget-container\">\n\t\t\t<style>\/*! elementor - v3.10.2 - 29-01-2023 *\/\n.elementor-widget-video .elementor-widget-container{overflow:hidden;transform:translateZ(0)}.elementor-widget-video .elementor-open-inline .elementor-custom-embed-image-overlay{position:absolute;top:0;left:0;width:100%;height:100%;background-size:cover;background-position:50%}.elementor-widget-video .elementor-custom-embed-image-overlay{cursor:pointer;text-align:center}.elementor-widget-video .elementor-custom-embed-image-overlay:hover .elementor-custom-embed-play i{opacity:1}.elementor-widget-video .elementor-custom-embed-image-overlay img{display:block;width:100%}.elementor-widget-video .e-hosted-video .elementor-video{-o-object-fit:cover;object-fit:cover}.e-con-inner>.elementor-widget-video,.e-con>.elementor-widget-video{width:var(--container-widget-width);--flex-grow:var(--container-widget-flex-grow)}<\/style>\t\t<div class=\"e-hosted-video elementor-wrapper elementor-fit-aspect-ratio elementor-open-inline\">\n\t\t\t\t\t<video class=\"elementor-video\" src=\"http:\/\/renodoll.com\/wp-content\/uploads\/2023\/03\/kb-finger.mp4\" autoplay=\"\" loop=\"\" controls=\"\" playsinline=\"\" controlslist=\"nodownload\"><\/video>\n\t\t\t\t<\/div>\n\t\t\t\t<\/div>\n\t\t\t\t<\/div>\n\t\t\t\t\t<\/div>\n\t\t<\/div>\n\t\t\t\t\t\t\t<\/div>\n\t\t<\/section>\n\t\t\t\t<div class=\"elementor-element elementor-element-9f505e9 elementor-widget elementor-widget-text-editor\" data-id=\"9f505e9\" data-element_type=\"widget\" data-widget_type=\"text-editor.default\">\n\t\t\t\t<div class=\"elementor-widget-container\">\n\t\t\t\t\t\t\tPode ter demorado muito, mas o recurso articulado de dedos e m\u00e3os \u00e9 uma boa not\u00edcia para a comunidade de bonecas sexuais. Se esse recurso lhe agrada, n\u00e3o esque\u00e7a de adicion\u00e1-lo ao seu pedido. \n\t\t\t\t\t\t<\/div>\n\t\t\t\t<\/div>\n\t\t\t\t<div class=\"elementor-element elementor-element-75d035e elementor-widget elementor-widget-text-editor\" data-id=\"75d035e\" data-element_type=\"widget\" data-widget_type=\"text-editor.default\">\n\t\t\t\t<div class=\"elementor-widget-container\">\n\t\t\t\t\t\t\tVoc\u00ea est\u00e1 cansado de ver o dedo da sua boneca sexual passar pelo fio de metal interno? Voc\u00ea gostaria que sua boneca sexual tivesse um dedo mais flex\u00edvel? Ent\u00e3o esse novo recurso de um dedo novo e articulado \u00e9 uma atualiza\u00e7\u00e3o que voc\u00ea deve considerar.\t\t\t\t\t\t<\/div>\n\t\t\t\t<\/div>\n\t\t\t\t<div class=\"elementor-element elementor-element-4c9dc49 elementor-widget elementor-widget-text-editor\" data-id=\"4c9dc49\" data-element_type=\"widget\" data-widget_type=\"text-editor.default\">\n\t\t\t\t<div class=\"elementor-widget-container\">\n\t\t\t\t\t\t\t<p>\u00c9 um prazer informar que a f\u00e1brica WMDoll come\u00e7ou a produzir suas bonecas sexuais em tamanho real com a atualiza\u00e7\u00e3o do dedo articulado, que \u00e9 uma m\u00e3o esquel\u00e9tica desenvolvida recentemente.<\/p>\t\t\t\t\t\t<\/div>\n\t\t\t\t<\/div>\n\t\t\t\t<div class=\"elementor-element elementor-element-6f7a4a4 elementor-widget elementor-widget-text-editor\" data-id=\"6f7a4a4\" data-element_type=\"widget\" data-widget_type=\"text-editor.default\">\n\t\t\t\t<div class=\"elementor-widget-container\">\n\t\t\t\t\t\t\tEste novo recurso de dedo articulado foi projetado com cuidado e possui juntas de metal resistentes e pontas arredondadas para evitar que a pele do dedo seja facilmente perfurada. A melhor parte disso; esse novo recurso permite que a boneca sexual copie muitos gestos com as m\u00e3os que a velha m\u00e3o com fio n\u00e3o consegue fazer. Esta \u00e9 uma atualiza\u00e7\u00e3o fant\u00e1stica, especialmente para a comunidade de amantes de bonecas sexuais.\n\t\t\t\t\t\t<\/div>\n\t\t\t\t<\/div>\n\t\t\t\t<div class=\"elementor-element elementor-element-e390632 elementor-widget elementor-widget-text-editor\" data-id=\"e390632\" data-element_type=\"widget\" data-widget_type=\"text-editor.default\">\n\t\t\t\t<div class=\"elementor-widget-container\">\n\t\t\t\t\t\t\tObserve o v\u00eddeo abaixo para descobrir como funciona esse novo recurso.\t\t\t\t\t\t<\/div>\n\t\t\t\t<\/div>\n\t\t\t\t<div class=\"elementor-element elementor-element-e28a12e elementor-invisible elementor-widget elementor-widget-heading\" data-id=\"e28a12e\" data-element_type=\"widget\" data-settings=\"{&quot;_animation&quot;:&quot;fadeInUp&quot;}\" data-widget_type=\"heading.default\">\n\t\t\t\t<div class=\"elementor-widget-container\">\n\t\t\t<h2 class=\"elementor-heading-title elementor-size-default\">Tenha em mente :<\/h2>\t\t<\/div>\n\t\t\t\t<\/div>\n\t\t\t\t<div class=\"elementor-element elementor-element-ac5f65c elementor-widget elementor-widget-html\" data-id=\"ac5f65c\" data-element_type=\"widget\" data-widget_type=\"html.default\">\n\t\t\t\t<div class=\"elementor-widget-container\">\n\t\t\t<ol class=\"number_list_type\"><li>Apenas WMDoll e YL Dolls oferecem esse novo recurso.<\/li>\n<li>Este novo recurso interessante est\u00e1 dispon\u00edvel apenas para bonecos TPE com mais de 140 cm.\n<\/li>\n<li>N\u00e3o pode ser usado com WMdolls antigos, alterados ou atualizados.<\/li>\n<li>\u00c9 feito de metal e n\u00e3o de fio de cobre.<\/li>\n<li>Os dedos articulados n\u00e3o podem ficar emaranhados.\n<\/li>\n<li>A amplitude de movimento do dedo articulado \u00e9 a mesma do antigo dedo com fio.<\/li>\n<li>Este novo recurso permite o movimento da m\u00e3o para cima e para baixo e tamb\u00e9m a rota\u00e7\u00e3o interna e externa do antebra\u00e7o.<\/li>\n<li>\n    A amplitude do movimento da m\u00e3o \u00e9 quase 95% de uma m\u00e3o humana real, e \u00e9 por isso que o movimento para cima e para baixo da m\u00e3o, bem como a rota\u00e7\u00e3o interna e externa do antebra\u00e7o, s\u00e3o poss\u00edveis.\n<\/li>\n<\/ol>\t\t<\/div>\n\t\t\t\t<\/div>\n\t\t\t\t\t<\/div>\n\t\t<\/div>\n\t\t\t\t\t\t\t<\/div>\n\t\t<\/section>\n\t\t\t\t\t\t\t<\/div>","protected":false},"excerpt":{"rendered":"<p>Dedo N\u00e3o muito tempo depois, a Irontech anunciou o lan\u00e7amento das novas m\u00e3os e dedos articulados para suas bonecas sexuais e se juntou \u00e0 YL Doll e \u00e0 WMDoll como a terceira marca de bonecas sexuais TPE a oferecer uma atualiza\u00e7\u00e3o para o dedo de sua boneca sexual. Esse novo recurso de boneca sexual se tornou uma tend\u00eancia na ind\u00fastria de bonecas sexuais, e essa \u00e9 uma tend\u00eancia agrad\u00e1vel para a comunidade de bonecas sexuais porque a maioria desses donos de bonecas reais n\u00e3o gosta de dedos velhos, que s\u00e3o fr\u00e1geis e com fios. A atualiza\u00e7\u00e3o do dedo articulado anunciada pela Irontech \u00e9 bem parecida com a da WM.<\/p>","protected":false},"author":1,"featured_media":0,"parent":0,"menu_order":0,"comment_status":"closed","ping_status":"closed","template":"","meta":{"footnotes":""},"class_list":["post-5446","page","type-page","status-publish","hentry"],"aioseo_notices":[],"_links":{"self":[{"href":"https:\/\/renodoll.com\/pt\/wp-json\/wp\/v2\/pages\/5446","targetHints":{"allow":["GET"]}}],"collection":[{"href":"https:\/\/renodoll.com\/pt\/wp-json\/wp\/v2\/pages"}],"about":[{"href":"https:\/\/renodoll.com\/pt\/wp-json\/wp\/v2\/types\/page"}],"author":[{"embeddable":true,"href":"https:\/\/renodoll.com\/pt\/wp-json\/wp\/v2\/users\/1"}],"replies":[{"embeddable":true,"href":"https:\/\/renodoll.com\/pt\/wp-json\/wp\/v2\/comments?post=5446"}],"version-history":[{"count":38,"href":"https:\/\/renodoll.com\/pt\/wp-json\/wp\/v2\/pages\/5446\/revisions"}],"predecessor-version":[{"id":14260,"href":"https:\/\/renodoll.com\/pt\/wp-json\/wp\/v2\/pages\/5446\/revisions\/14260"}],"wp:attachment":[{"href":"https:\/\/renodoll.com\/pt\/wp-json\/wp\/v2\/media?parent=5446"}],"curies":[{"name":"wp","href":"https:\/\/api.w.org\/{rel}","templated":true}]}}