{"id":5425,"date":"2023-02-22T18:33:16","date_gmt":"2023-02-22T10:33:16","guid":{"rendered":"https:\/\/renodoll.com\/?page_id=5425"},"modified":"2023-04-24T19:27:15","modified_gmt":"2023-04-24T11:27:15","slug":"electric-hip-sex-doll","status":"publish","type":"page","link":"https:\/\/renodoll.com\/pt\/boneca-sexual-eletrica\/","title":{"rendered":"Boneca sexual el\u00e9trica de quadril"},"content":{"rendered":"<div data-elementor-type=\"wp-page\" data-elementor-id=\"5425\" class=\"elementor elementor-5425\">\n\t\t\t\t\t\t\t\t\t<section class=\"elementor-section elementor-top-section elementor-element elementor-element-19ce2b8 elementor-section-boxed elementor-section-height-default elementor-section-height-default\" data-id=\"19ce2b8\" data-element_type=\"section\">\n\t\t\t\t\t\t<div class=\"elementor-container elementor-column-gap-default\">\n\t\t\t\t\t<div class=\"elementor-column elementor-col-100 elementor-top-column elementor-element elementor-element-f3c1b7c page-content-text\" data-id=\"f3c1b7c\" data-element_type=\"column\">\n\t\t\t<div class=\"elementor-widget-wrap elementor-element-populated\">\n\t\t\t\t\t\t\t\t<div class=\"elementor-element elementor-element-445fe14 elementor-invisible elementor-widget elementor-widget-heading\" data-id=\"445fe14\" data-element_type=\"widget\" data-settings=\"{&quot;_animation&quot;:&quot;fadeInUp&quot;}\" data-widget_type=\"heading.default\">\n\t\t\t\t<div class=\"elementor-widget-container\">\n\t\t\t<style>\/*! elementor - v3.10.2 - 29-01-2023 *\/\n.elementor-heading-title{padding:0;margin:0;line-height:1}.elementor-widget-heading .elementor-heading-title[class*=elementor-size-]>a{color:inherit;font-size:inherit;line-height:inherit}.elementor-widget-heading .elementor-heading-title.elementor-size-small{font-size:15px}.elementor-widget-heading .elementor-heading-title.elementor-size-medium{font-size:19px}.elementor-widget-heading .elementor-heading-title.elementor-size-large{font-size:29px}.elementor-widget-heading .elementor-heading-title.elementor-size-xl{font-size:39px}.elementor-widget-heading .elementor-heading-title.elementor-size-xxl{font-size:59px}<\/style><h2 class=\"elementor-heading-title elementor-size-default\">Boneca sexual el\u00e9trica de quadris<\/h2>\t\t<\/div>\n\t\t\t\t<\/div>\n\t\t\t\t<div class=\"elementor-element elementor-element-2f50bad elementor-widget elementor-widget-text-editor\" data-id=\"2f50bad\" data-element_type=\"widget\" data-widget_type=\"text-editor.default\">\n\t\t\t\t<div class=\"elementor-widget-container\">\n\t\t\t<style>\/*! elementor - v3.10.2 - 29-01-2023 *\/\n.elementor-widget-text-editor.elementor-drop-cap-view-stacked .elementor-drop-cap{background-color:#818a91;color:#fff}.elementor-widget-text-editor.elementor-drop-cap-view-framed .elementor-drop-cap{color:#818a91;border:3px solid;background-color:transparent}.elementor-widget-text-editor:not(.elementor-drop-cap-view-default) .elementor-drop-cap{margin-top:8px}.elementor-widget-text-editor:not(.elementor-drop-cap-view-default) .elementor-drop-cap-letter{width:1em;height:1em}.elementor-widget-text-editor .elementor-drop-cap{float:left;text-align:center;line-height:1;font-size:50px}.elementor-widget-text-editor .elementor-drop-cap-letter{display:inline-block}<\/style>\t\t\t\t<p>Os quadris est\u00e3o na moda, e se voc\u00ea quer uma mulher com um e quer ter mais satisfa\u00e7\u00e3o sexual, temos a op\u00e7\u00e3o \u201cQuadris El\u00e9tricos\u201d para mover bonecas sexuais para atender a todas as suas necessidades e especifica\u00e7\u00f5es. A aplica\u00e7\u00e3o pode ser feita nos bonecos em tamanho real. Clique neste link para conferir nossa cole\u00e7\u00e3o de bonecas sexuais el\u00e9tricas.<\/p>\t\t\t\t\t\t<\/div>\n\t\t\t\t<\/div>\n\t\t\t\t<div class=\"elementor-element elementor-element-7b009cf elementor-widget elementor-widget-text-editor\" data-id=\"7b009cf\" data-element_type=\"widget\" data-widget_type=\"text-editor.default\">\n\t\t\t\t<div class=\"elementor-widget-container\">\n\t\t\t\t\t\t\t<p>Veja a demonstra\u00e7\u00e3o da boneca sexual el\u00e9trica abaixo.<\/p>\t\t\t\t\t\t<\/div>\n\t\t\t\t<\/div>\n\t\t\t\t<div class=\"elementor-element elementor-element-300e279 elementor-aspect-ratio-169 elementor-widget elementor-widget-video\" data-id=\"300e279\" data-element_type=\"widget\" data-settings=\"{&quot;video_type&quot;:&quot;hosted&quot;,&quot;autoplay&quot;:&quot;yes&quot;,&quot;play_on_mobile&quot;:&quot;yes&quot;,&quot;loop&quot;:&quot;yes&quot;,&quot;controls&quot;:&quot;yes&quot;,&quot;aspect_ratio&quot;:&quot;169&quot;}\" data-widget_type=\"video.default\">\n\t\t\t\t<div class=\"elementor-widget-container\">\n\t\t\t<style>\/*! elementor - v3.10.2 - 29-01-2023 *\/\n.elementor-widget-video .elementor-widget-container{overflow:hidden;transform:translateZ(0)}.elementor-widget-video .elementor-open-inline .elementor-custom-embed-image-overlay{position:absolute;top:0;left:0;width:100%;height:100%;background-size:cover;background-position:50%}.elementor-widget-video .elementor-custom-embed-image-overlay{cursor:pointer;text-align:center}.elementor-widget-video .elementor-custom-embed-image-overlay:hover .elementor-custom-embed-play i{opacity:1}.elementor-widget-video .elementor-custom-embed-image-overlay img{display:block;width:100%}.elementor-widget-video .e-hosted-video .elementor-video{-o-object-fit:cover;object-fit:cover}.e-con-inner>.elementor-widget-video,.e-con>.elementor-widget-video{width:var(--container-widget-width);--flex-grow:var(--container-widget-flex-grow)}<\/style>\t\t<div class=\"e-hosted-video elementor-wrapper elementor-fit-aspect-ratio elementor-open-inline\">\n\t\t\t\t\t<video class=\"elementor-video\" src=\"http:\/\/renodoll.com\/wp-content\/uploads\/2023\/03\/kb-electric-doll.mp4\" autoplay=\"\" loop=\"\" controls=\"\" playsinline=\"\"><\/video>\n\t\t\t\t<\/div>\n\t\t\t\t<\/div>\n\t\t\t\t<\/div>\n\t\t\t\t<section class=\"elementor-section elementor-inner-section elementor-element elementor-element-97c6960 elementor-section-boxed elementor-section-height-default elementor-section-height-default\" data-id=\"97c6960\" data-element_type=\"section\">\n\t\t\t\t\t\t<div class=\"elementor-container elementor-column-gap-default\">\n\t\t\t\t\t<div class=\"elementor-column elementor-col-50 elementor-inner-column elementor-element elementor-element-564e172\" data-id=\"564e172\" data-element_type=\"column\">\n\t\t\t<div class=\"elementor-widget-wrap elementor-element-populated\">\n\t\t\t\t\t\t\t\t<div class=\"elementor-element elementor-element-d24a218 elementor-widget elementor-widget-text-editor\" data-id=\"d24a218\" data-element_type=\"widget\" data-widget_type=\"text-editor.default\">\n\t\t\t\t<div class=\"elementor-widget-container\">\n\t\t\t\t\t\t\t<p>1. A vers\u00e3o n\u00e3o carreg\u00e1vel (n\u00e3o tem bateria embutida, \u00e9 plug-and-play)<br \/>&gt; Adaptador de energia: tens\u00e3o de entrada de energia 100V-240V, tens\u00e3o\/corrente de sa\u00edda 24V\/3A<br \/>&gt;Padr\u00e3o de Certifica\u00e7\u00e3o; Pot\u00eancia CE<\/p>\t\t\t\t\t\t<\/div>\n\t\t\t\t<\/div>\n\t\t\t\t\t<\/div>\n\t\t<\/div>\n\t\t\t\t<div class=\"elementor-column elementor-col-50 elementor-inner-column elementor-element elementor-element-6290fd1\" data-id=\"6290fd1\" data-element_type=\"column\">\n\t\t\t<div class=\"elementor-widget-wrap elementor-element-populated\">\n\t\t\t\t\t\t\t\t<div class=\"elementor-element elementor-element-9f505e9 elementor-widget elementor-widget-text-editor\" data-id=\"9f505e9\" data-element_type=\"widget\" data-widget_type=\"text-editor.default\">\n\t\t\t\t<div class=\"elementor-widget-container\">\n\t\t\t\t\t\t\t<p>2. A vers\u00e3o recarreg\u00e1vel (a bateria embutida deve estar totalmente carregada antes de poder ser usada).<br \/>&gt; Tens\u00e3o da bateria: a tens\u00e3o de trabalho \u00e9 22,2 V e a tens\u00e3o sem carga \u00e9 24 V<br \/>&gt; A dura\u00e7\u00e3o da carga e descarga leva cerca de 280-300 semanas<br \/>&gt;Tempo para carregar: leva 1,5 horas para carregar rapidamente<br \/>&gt;Tempo de uso: quando devidamente carregado, pode funcionar por at\u00e9 cinco horas<\/p>\t\t\t\t\t\t<\/div>\n\t\t\t\t<\/div>\n\t\t\t\t\t<\/div>\n\t\t<\/div>\n\t\t\t\t\t\t\t<\/div>\n\t\t<\/section>\n\t\t\t\t<div class=\"elementor-element elementor-element-e28a12e elementor-invisible elementor-widget elementor-widget-heading\" data-id=\"e28a12e\" data-element_type=\"widget\" data-settings=\"{&quot;_animation&quot;:&quot;fadeInUp&quot;}\" data-widget_type=\"heading.default\">\n\t\t\t\t<div class=\"elementor-widget-container\">\n\t\t\t<h2 class=\"elementor-heading-title elementor-size-default\">Notas<\/h2>\t\t<\/div>\n\t\t\t\t<\/div>\n\t\t\t\t<div class=\"elementor-element elementor-element-504aea1 elementor-widget elementor-widget-html\" data-id=\"504aea1\" data-element_type=\"widget\" data-widget_type=\"html.default\">\n\t\t\t\t<div class=\"elementor-widget-container\">\n\t\t\t<ol class=\"number_list_type\"><li>Para a seguran\u00e7a da boneca sexual el\u00e9trica de quadril e para evitar danos \u00e0 epiderme causados por objetos pontiagudos e arestas, por favor, use a boneca sexual na cama.<\/li>\n<li>Ajuste a postura interativa da boneca sexual antes de fazer qualquer coisa com o quadril el\u00e9trico.\n<\/li>\n<li>Ao usar a boneca sexual el\u00e9trica, n\u00e3o mude a postura com for\u00e7a nem vire a boneca sexual.<\/li>\n<li>Se voc\u00ea quiser ajustar a postura ou o formato da boneca sexual, ser\u00e1 necess\u00e1rio desligar o interruptor ou a fonte de alimenta\u00e7\u00e3o antes de fazer isso.<\/li>\n<li>Se voc\u00ea usaria a boneca sexual el\u00e9trica de quadril por uma longa hora em um \u00fanico uso. Por favor, permita vinte e trinta minutos regulares de descanso durante o uso.<\/li>\n<li>Para evitar uma diminui\u00e7\u00e3o na vida \u00fatil da bateria da vers\u00e3o recarregada de uma boneca sexual el\u00e9trica de quadril, carregue a boneca sexual ap\u00f3s tr\u00eas a quatro horas de uso.<\/li>\n<li>Por favor, limpe o aspecto de sustenta\u00e7\u00e3o da boneca sexual el\u00e9trica, aplique p\u00f3 e mantenha a manuten\u00e7\u00e3o precisa de toda a parte da boneca.<\/li>\n<li>\n    Suponha que haja danos como perfura\u00e7\u00f5es na pele ou quaisquer danos mec\u00e2nicos causados pelo uso indevido da boneca sexual. Nesse caso, n\u00e3o ser\u00e1 de responsabilidade da nossa empresa.\n<\/li>\n<li>\n    A voltagem de nossa boneca sexual segue o padr\u00e3o global de seguran\u00e7a ao dirigir com voltagem porque nossa boneca secund\u00e1ria adota uma voltagem de 24V.\n<\/li>\n<li>\n    Atualmente, a velocidade n\u00e3o pode ser ajustada.\n<\/li>\n<\/ol>\t\t<\/div>\n\t\t\t\t<\/div>\n\t\t\t\t<div class=\"elementor-element elementor-element-5483d1c elementor-invisible elementor-widget elementor-widget-heading\" data-id=\"5483d1c\" data-element_type=\"widget\" data-settings=\"{&quot;_animation&quot;:&quot;fadeInUp&quot;}\" data-widget_type=\"heading.default\">\n\t\t\t\t<div class=\"elementor-widget-container\">\n\t\t\t<h2 class=\"elementor-heading-title elementor-size-default\">Introdu\u00e7\u00e3o de nossa boneca sexual el\u00e9trica de quadril<\/h2>\t\t<\/div>\n\t\t\t\t<\/div>\n\t\t\t\t<div class=\"elementor-element elementor-element-f465bfd elementor-widget elementor-widget-text-editor\" data-id=\"f465bfd\" data-element_type=\"widget\" data-widget_type=\"text-editor.default\">\n\t\t\t\t<div class=\"elementor-widget-container\">\n\t\t\t\t\t\t\tA boneca sexual el\u00e9trica \u00e9 produzida com uma pe\u00e7a autom\u00e1tica embutida na n\u00e1dega da boneca sexual para permitir facilidade de movimento e tor\u00e7\u00e3o como um ser humano real faria. Experimente voc\u00ea mesmo a boneca sexual e veja o que ela pode fazer.\t\t\t\t\t\t<\/div>\n\t\t\t\t<\/div>\n\t\t\t\t<div class=\"elementor-element elementor-element-7871ee2 elementor-widget elementor-widget-text-editor\" data-id=\"7871ee2\" data-element_type=\"widget\" data-widget_type=\"text-editor.default\">\n\t\t\t\t<div class=\"elementor-widget-container\">\n\t\t\t\t\t\t\tObserve a boneca sexual se mover e girar sozinha.\t\t\t\t\t\t<\/div>\n\t\t\t\t<\/div>\n\t\t\t\t<div class=\"elementor-element elementor-element-0dd79a4 elementor-widget elementor-widget-text-editor\" data-id=\"0dd79a4\" data-element_type=\"widget\" data-widget_type=\"text-editor.default\">\n\t\t\t\t<div class=\"elementor-widget-container\">\n\t\t\t\t\t\t\tNossas bonecas sexuais el\u00e9tricas est\u00e3o em duas vers\u00f5es; com base na sua prefer\u00eancia, voc\u00ea pode escolher a configura\u00e7\u00e3o que precisa carregar ou aquela que precisa conectar.\t\t\t\t\t\t<\/div>\n\t\t\t\t<\/div>\n\t\t\t\t<div class=\"elementor-element elementor-element-39907ae elementor-invisible elementor-widget elementor-widget-heading\" data-id=\"39907ae\" data-element_type=\"widget\" data-settings=\"{&quot;_animation&quot;:&quot;fadeInUp&quot;}\" data-widget_type=\"heading.default\">\n\t\t\t\t<div class=\"elementor-widget-container\">\n\t\t\t<h2 class=\"elementor-heading-title elementor-size-default\">Configura\u00e7\u00e3o de carregamento da bateria embutida (assista ao v\u00eddeo)<\/h2>\t\t<\/div>\n\t\t\t\t<\/div>\n\t\t\t\t<div class=\"elementor-element elementor-element-6f89ec5 elementor-widget elementor-widget-text-editor\" data-id=\"6f89ec5\" data-element_type=\"widget\" data-widget_type=\"text-editor.default\">\n\t\t\t\t<div class=\"elementor-widget-container\">\n\t\t\t\t\t\t\tQuando usar: use somente quando estiver totalmente carregado.\t\t\t\t\t\t<\/div>\n\t\t\t\t<\/div>\n\t\t\t\t<div class=\"elementor-element elementor-element-7afd254 elementor-widget elementor-widget-text-editor\" data-id=\"7afd254\" data-element_type=\"widget\" data-widget_type=\"text-editor.default\">\n\t\t\t\t<div class=\"elementor-widget-container\">\n\t\t\t\t\t\t\tTempo de carga: 1 hora e trinta minutos a duas horas\t\t\t\t\t\t<\/div>\n\t\t\t\t<\/div>\n\t\t\t\t<div class=\"elementor-element elementor-element-7d36ae2 elementor-widget elementor-widget-text-editor\" data-id=\"7d36ae2\" data-element_type=\"widget\" data-widget_type=\"text-editor.default\">\n\t\t\t\t<div class=\"elementor-widget-container\">\n\t\t\t\t\t\t\tTempo de uso: cinco horas de uso quando estiver totalmente carregado.\t\t\t\t\t\t<\/div>\n\t\t\t\t<\/div>\n\t\t\t\t<div class=\"elementor-element elementor-element-71982d8 elementor-invisible elementor-widget elementor-widget-heading\" data-id=\"71982d8\" data-element_type=\"widget\" data-settings=\"{&quot;_animation&quot;:&quot;fadeInUp&quot;}\" data-widget_type=\"heading.default\">\n\t\t\t\t<div class=\"elementor-widget-container\">\n\t\t\t<h2 class=\"elementor-heading-title elementor-size-default\">Configura\u00e7\u00e3o do plug-in sem bateria embutida (assista ao v\u00eddeo)<\/h2>\t\t<\/div>\n\t\t\t\t<\/div>\n\t\t\t\t<div class=\"elementor-element elementor-element-91f432c elementor-widget elementor-widget-text-editor\" data-id=\"91f432c\" data-element_type=\"widget\" data-widget_type=\"text-editor.default\">\n\t\t\t\t<div class=\"elementor-widget-container\">\n\t\t\t\t\t\t\tComo usar; conecte para carregar e usar.\t\t\t\t\t\t<\/div>\n\t\t\t\t<\/div>\n\t\t\t\t<div class=\"elementor-element elementor-element-b13ce6c elementor-invisible elementor-widget elementor-widget-heading\" data-id=\"b13ce6c\" data-element_type=\"widget\" data-settings=\"{&quot;_animation&quot;:&quot;fadeInUp&quot;}\" data-widget_type=\"heading.default\">\n\t\t\t\t<div class=\"elementor-widget-container\">\n\t\t\t<h2 class=\"elementor-heading-title elementor-size-default\">Seguran\u00e7a<\/h2>\t\t<\/div>\n\t\t\t\t<\/div>\n\t\t\t\t<div class=\"elementor-element elementor-element-3fd4e20 elementor-widget elementor-widget-html\" data-id=\"3fd4e20\" data-element_type=\"widget\" data-widget_type=\"html.default\">\n\t\t\t\t<div class=\"elementor-widget-container\">\n\t\t\t<ol class=\"number_list_type\"><li>Use a boneca na cama, n\u00e3o deixe que a pele seja danificada por objetos pontiagudos e arestas.<\/li>\n<li>Certifique-se de que o quadril el\u00e9trico esteja desligado sempre que voc\u00ea precisar virar a boneca sexual ou mudar a posi\u00e7\u00e3o da boneca sexual.\n<\/li>\n<li>\n    Se voc\u00ea estiver usando-a continuamente por duas horas, por favor, deixe a boneca sexual descansar por pelo menos dez a trinta minutos.\n<\/li>\n<li>\n    Limpe a \u00e1rea de contato e aplique p\u00f3 ap\u00f3s cada uso da boneca sexual.\n<\/li>\n<li>\n    Voc\u00ea n\u00e3o pode fazer com que a boneca sexual execute quadril el\u00e9trico, suc\u00e7\u00e3o autom\u00e1tica ou golpe autom\u00e1tico de uma s\u00f3 vez.\n<\/li>\n<\/ol>\t\t<\/div>\n\t\t\t\t<\/div>\n\t\t\t\t\t<\/div>\n\t\t<\/div>\n\t\t\t\t\t\t\t<\/div>\n\t\t<\/section>\n\t\t\t\t\t\t\t<\/div>","protected":false},"excerpt":{"rendered":"<p>Boneca sexual Electric Hips Os quadris est\u00e3o na moda, e se voc\u00ea quer uma mulher com um e quer experimentar mais satisfa\u00e7\u00e3o sexual, temos a op\u00e7\u00e3o \u201cElectric Hips\u201d para mover bonecas sexuais para atender a todas as suas necessidades e especifica\u00e7\u00f5es. A aplica\u00e7\u00e3o pode ser feita em bonecas de tamanho normal. Clique neste link para conferir nossa cole\u00e7\u00e3o de bonecas sexuais el\u00e9tricas. Veja a demonstra\u00e7\u00e3o da boneca sexual el\u00e9trica abaixo. http:\/\/renodoll.com\/wp-content\/uploads\/2023\/03\/kb-electric-doll.mp4 1. A vers\u00e3o n\u00e3o recarreg\u00e1vel (n\u00e3o tem bateria embutida, \u00e9 plug-and-play) &gt; Adaptador de energia: tens\u00e3o de entrada de energia 100 V\u2014240 V, tens\u00e3o\/corrente de sa\u00edda 24 V\/3 A &gt; Padr\u00e3o de Certifica\u00e7\u00e3o; CE de energia 2.<\/p>","protected":false},"author":1,"featured_media":0,"parent":0,"menu_order":0,"comment_status":"closed","ping_status":"closed","template":"","meta":{"footnotes":""},"class_list":["post-5425","page","type-page","status-publish","hentry"],"aioseo_notices":[],"_links":{"self":[{"href":"https:\/\/renodoll.com\/pt\/wp-json\/wp\/v2\/pages\/5425","targetHints":{"allow":["GET"]}}],"collection":[{"href":"https:\/\/renodoll.com\/pt\/wp-json\/wp\/v2\/pages"}],"about":[{"href":"https:\/\/renodoll.com\/pt\/wp-json\/wp\/v2\/types\/page"}],"author":[{"embeddable":true,"href":"https:\/\/renodoll.com\/pt\/wp-json\/wp\/v2\/users\/1"}],"replies":[{"embeddable":true,"href":"https:\/\/renodoll.com\/pt\/wp-json\/wp\/v2\/comments?post=5425"}],"version-history":[{"count":52,"href":"https:\/\/renodoll.com\/pt\/wp-json\/wp\/v2\/pages\/5425\/revisions"}],"predecessor-version":[{"id":15989,"href":"https:\/\/renodoll.com\/pt\/wp-json\/wp\/v2\/pages\/5425\/revisions\/15989"}],"wp:attachment":[{"href":"https:\/\/renodoll.com\/pt\/wp-json\/wp\/v2\/media?parent=5425"}],"curies":[{"name":"wp","href":"https:\/\/api.w.org\/{rel}","templated":true}]}}