{"id":5157,"date":"2023-02-20T14:08:08","date_gmt":"2023-02-20T06:08:08","guid":{"rendered":"https:\/\/renodoll.com\/?page_id=5157"},"modified":"2023-03-31T14:23:28","modified_gmt":"2023-03-31T06:23:28","slug":"disclaimer","status":"publish","type":"page","link":"https:\/\/renodoll.com\/pt\/isencao-de-responsabilidade\/","title":{"rendered":"Isen\u00e7\u00e3o de responsabilidade"},"content":{"rendered":"<div data-elementor-type=\"wp-page\" data-elementor-id=\"5157\" class=\"elementor elementor-5157\">\n\t\t\t\t\t\t\t\t\t<section class=\"elementor-section elementor-top-section elementor-element elementor-element-2aace59 elementor-section-boxed elementor-section-height-default elementor-section-height-default\" data-id=\"2aace59\" data-element_type=\"section\">\n\t\t\t\t\t\t<div class=\"elementor-container elementor-column-gap-no\">\n\t\t\t\t\t<div class=\"elementor-column elementor-col-100 elementor-top-column elementor-element elementor-element-0017d57\" data-id=\"0017d57\" data-element_type=\"column\">\n\t\t\t<div class=\"elementor-widget-wrap elementor-element-populated\">\n\t\t\t\t\t\t\t\t<div class=\"elementor-element elementor-element-8a2ff4e elementor-widget elementor-widget-spacer\" data-id=\"8a2ff4e\" data-element_type=\"widget\" data-widget_type=\"spacer.default\">\n\t\t\t\t<div class=\"elementor-widget-container\">\n\t\t\t<style>\/*! elementor - v3.10.2 - 29-01-2023 *\/\n.elementor-column .elementor-spacer-inner{height:var(--spacer-size)}.e-con{--container-widget-width:100%}.e-con-inner>.elementor-widget-spacer,.e-con>.elementor-widget-spacer{width:var(--container-widget-width,var(--spacer-size));--align-self:var(--container-widget-align-self,initial);--flex-shrink:0}.e-con-inner>.elementor-widget-spacer>.elementor-widget-container,.e-con-inner>.elementor-widget-spacer>.elementor-widget-container>.elementor-spacer,.e-con>.elementor-widget-spacer>.elementor-widget-container,.e-con>.elementor-widget-spacer>.elementor-widget-container>.elementor-spacer{height:100%}.e-con-inner>.elementor-widget-spacer>.elementor-widget-container>.elementor-spacer>.elementor-spacer-inner,.e-con>.elementor-widget-spacer>.elementor-widget-container>.elementor-spacer>.elementor-spacer-inner{height:var(--container-widget-height,var(--spacer-size))}<\/style>\t\t<div class=\"elementor-spacer\">\n\t\t\t<div class=\"elementor-spacer-inner\"><\/div>\n\t\t<\/div>\n\t\t\t\t<\/div>\n\t\t\t\t<\/div>\n\t\t\t\t<section class=\"elementor-section elementor-inner-section elementor-element elementor-element-16bb0ad elementor-section-boxed elementor-section-height-default elementor-section-height-default\" data-id=\"16bb0ad\" data-element_type=\"section\">\n\t\t\t\t\t\t<div class=\"elementor-container elementor-column-gap-default\">\n\t\t\t\t\t<div class=\"elementor-column elementor-col-50 elementor-inner-column elementor-element elementor-element-3d41176\" data-id=\"3d41176\" data-element_type=\"column\">\n\t\t\t<div class=\"elementor-widget-wrap elementor-element-populated\">\n\t\t\t\t\t\t\t\t<div class=\"elementor-element elementor-element-5997a9f elementor-invisible elementor-widget elementor-widget-heading\" data-id=\"5997a9f\" data-element_type=\"widget\" data-settings=\"{&quot;_animation&quot;:&quot;fadeInUp&quot;}\" data-widget_type=\"heading.default\">\n\t\t\t\t<div class=\"elementor-widget-container\">\n\t\t\t<style>\/*! elementor - v3.10.2 - 29-01-2023 *\/\n.elementor-heading-title{padding:0;margin:0;line-height:1}.elementor-widget-heading .elementor-heading-title[class*=elementor-size-]>a{color:inherit;font-size:inherit;line-height:inherit}.elementor-widget-heading .elementor-heading-title.elementor-size-small{font-size:15px}.elementor-widget-heading .elementor-heading-title.elementor-size-medium{font-size:19px}.elementor-widget-heading .elementor-heading-title.elementor-size-large{font-size:29px}.elementor-widget-heading .elementor-heading-title.elementor-size-xl{font-size:39px}.elementor-widget-heading .elementor-heading-title.elementor-size-xxl{font-size:59px}<\/style><h2 class=\"elementor-heading-title elementor-size-default\">Aviso<\/h2>\t\t<\/div>\n\t\t\t\t<\/div>\n\t\t\t\t<div class=\"elementor-element elementor-element-3feda34 elementor-widget elementor-widget-text-editor\" data-id=\"3feda34\" data-element_type=\"widget\" data-widget_type=\"text-editor.default\">\n\t\t\t\t<div class=\"elementor-widget-container\">\n\t\t\t<style>\/*! elementor - v3.10.2 - 29-01-2023 *\/\n.elementor-widget-text-editor.elementor-drop-cap-view-stacked .elementor-drop-cap{background-color:#818a91;color:#fff}.elementor-widget-text-editor.elementor-drop-cap-view-framed .elementor-drop-cap{color:#818a91;border:3px solid;background-color:transparent}.elementor-widget-text-editor:not(.elementor-drop-cap-view-default) .elementor-drop-cap{margin-top:8px}.elementor-widget-text-editor:not(.elementor-drop-cap-view-default) .elementor-drop-cap-letter{width:1em;height:1em}.elementor-widget-text-editor .elementor-drop-cap{float:left;text-align:center;line-height:1;font-size:50px}.elementor-widget-text-editor .elementor-drop-cap-letter{display:inline-block}<\/style>\t\t\t\tO que est\u00e1 contido neste site s\u00e3o materiais principalmente para excita\u00e7\u00e3o e satisfa\u00e7\u00e3o sexual, e destina-se apenas a pessoas com 18 anos ou mais. Antes de fazer login em nosso site, voc\u00ea deve concordar com os seguintes termos:\t\t\t\t\t\t<\/div>\n\t\t\t\t<\/div>\n\t\t\t\t<div class=\"elementor-element elementor-element-1a4cbf5 elementor-widget elementor-widget-spacer\" data-id=\"1a4cbf5\" data-element_type=\"widget\" data-widget_type=\"spacer.default\">\n\t\t\t\t<div class=\"elementor-widget-container\">\n\t\t\t\t\t<div class=\"elementor-spacer\">\n\t\t\t<div class=\"elementor-spacer-inner\"><\/div>\n\t\t<\/div>\n\t\t\t\t<\/div>\n\t\t\t\t<\/div>\n\t\t\t\t<div class=\"elementor-element elementor-element-57d9795 elementor-invisible elementor-widget elementor-widget-heading\" data-id=\"57d9795\" data-element_type=\"widget\" data-settings=\"{&quot;_animation&quot;:&quot;fadeInUp&quot;}\" data-widget_type=\"heading.default\">\n\t\t\t\t<div class=\"elementor-widget-container\">\n\t\t\t<h2 class=\"elementor-heading-title elementor-size-default\">Adultos com 18 anos ou mais <\/h2>\t\t<\/div>\n\t\t\t\t<\/div>\n\t\t\t\t<div class=\"elementor-element elementor-element-4079b24 elementor-widget elementor-widget-text-editor\" data-id=\"4079b24\" data-element_type=\"widget\" data-widget_type=\"text-editor.default\">\n\t\t\t\t<div class=\"elementor-widget-container\">\n\t\t\t\t\t\t\t<p>renodoll.com n\u00e3o pode e nunca proibir\u00e1 menores de visitar o site. \u00c9 responsabilidade exclusiva dos pais e respons\u00e1veis fiscalizar as atividades das crian\u00e7as e adolescentes nos materiais apropriados disponibilizados para sua visualiza\u00e7\u00e3o. A RenoDoll s\u00f3 aceitar\u00e1 compras feitas por adultos com 18 anos ou mais.<\/p>\t\t\t\t\t\t<\/div>\n\t\t\t\t<\/div>\n\t\t\t\t\t<\/div>\n\t\t<\/div>\n\t\t\t\t<div class=\"elementor-column elementor-col-50 elementor-inner-column elementor-element elementor-element-df8a856\" data-id=\"df8a856\" data-element_type=\"column\">\n\t\t\t<div class=\"elementor-widget-wrap elementor-element-populated\">\n\t\t\t\t\t\t\t\t<div class=\"elementor-element elementor-element-5e5ebd7 elementor-widget elementor-widget-image\" data-id=\"5e5ebd7\" data-element_type=\"widget\" data-widget_type=\"image.default\">\n\t\t\t\t<div class=\"elementor-widget-container\">\n\t\t\t<style>\/*! elementor - v3.10.2 - 29-01-2023 *\/\n.elementor-widget-image{text-align:center}.elementor-widget-image a{display:inline-block}.elementor-widget-image a img[src$=\".svg\"]{width:48px}.elementor-widget-image img{vertical-align:middle;display:inline-block}<\/style>\t\t\t\t\t\t\t\t\t\t\t\t<img loading=\"lazy\" decoding=\"async\" width=\"626\" height=\"391\" src=\"https:\/\/renodoll.com\/wp-content\/uploads\/2023\/03\/renodoll_adults-only-18-plus.jpg\" class=\"attachment-large size-large wp-image-14375\" alt=\"\" srcset=\"https:\/\/renodoll.com\/wp-content\/uploads\/2023\/03\/renodoll_adults-only-18-plus.jpg 626w, https:\/\/renodoll.com\/wp-content\/uploads\/2023\/03\/renodoll_adults-only-18-plus-300x187.jpg 300w, https:\/\/renodoll.com\/wp-content\/uploads\/2023\/03\/renodoll_adults-only-18-plus-18x12.jpg 18w, https:\/\/renodoll.com\/wp-content\/uploads\/2023\/03\/renodoll_adults-only-18-plus-100x62.jpg 100w, https:\/\/renodoll.com\/wp-content\/uploads\/2023\/03\/renodoll_adults-only-18-plus-600x375.jpg 600w, https:\/\/renodoll.com\/wp-content\/uploads\/2023\/03\/renodoll_adults-only-18-plus-10x6.jpg 10w\" sizes=\"auto, (max-width: 626px) 100vw, 626px\" \/>\t\t\t\t\t\t\t\t\t\t\t\t\t\t\t<\/div>\n\t\t\t\t<\/div>\n\t\t\t\t\t<\/div>\n\t\t<\/div>\n\t\t\t\t\t\t\t<\/div>\n\t\t<\/section>\n\t\t\t\t<div class=\"elementor-element elementor-element-d37e8f7 elementor-widget elementor-widget-spacer\" data-id=\"d37e8f7\" data-element_type=\"widget\" data-widget_type=\"spacer.default\">\n\t\t\t\t<div class=\"elementor-widget-container\">\n\t\t\t\t\t<div class=\"elementor-spacer\">\n\t\t\t<div class=\"elementor-spacer-inner\"><\/div>\n\t\t<\/div>\n\t\t\t\t<\/div>\n\t\t\t\t<\/div>\n\t\t\t\t<div class=\"elementor-element elementor-element-fd092ed elementor-invisible elementor-widget elementor-widget-heading\" data-id=\"fd092ed\" data-element_type=\"widget\" data-settings=\"{&quot;_animation&quot;:&quot;fadeInUp&quot;}\" data-widget_type=\"heading.default\">\n\t\t\t\t<div class=\"elementor-widget-container\">\n\t\t\t<h2 class=\"elementor-heading-title elementor-size-default\">direito autoral<\/h2>\t\t<\/div>\n\t\t\t\t<\/div>\n\t\t\t\t<div class=\"elementor-element elementor-element-4a2734b elementor-widget elementor-widget-text-editor\" data-id=\"4a2734b\" data-element_type=\"widget\" data-widget_type=\"text-editor.default\">\n\t\t\t\t<div class=\"elementor-widget-container\">\n\t\t\t\t\t\t\t<p>Se n\u00e3o for contra-indicado, todos os recursos disponibilizados, tanto desenhos pict\u00f3ricos, sites, reda\u00e7\u00f5es, configura\u00e7\u00f5es e outras sele\u00e7\u00f5es, s\u00e3o todos direitos de propriedade de renodoll.com; portanto, o uso do conte\u00fado deste site \u00e9 exclusivamente para fins comerciais e n\u00e3o h\u00e1 nenhuma agenda oculta associada a ele. Nenhum recurso material copiado deste site deve ser submetido a regenera\u00e7\u00e3o, altera\u00e7\u00e3o, reimpress\u00e3o, publicado, comunicado e distribu\u00eddo por qualquer meio ou por qualquer pessoa sem o devido consentimento atrav\u00e9s de um documento escrito de renodoll.com. Todos os direitos n\u00e3o devidamente dados s\u00e3o anulados. A utiliza\u00e7\u00e3o de exemplares deste site sem a devida autoriza\u00e7\u00e3o poder\u00e1 violar o direito e a marca, o que poder\u00e1 resultar em penalidade criminal ou civil.<\/p>\t\t\t\t\t\t<\/div>\n\t\t\t\t<\/div>\n\t\t\t\t<div class=\"elementor-element elementor-element-b84993c elementor-widget elementor-widget-spacer\" data-id=\"b84993c\" data-element_type=\"widget\" data-widget_type=\"spacer.default\">\n\t\t\t\t<div class=\"elementor-widget-container\">\n\t\t\t\t\t<div class=\"elementor-spacer\">\n\t\t\t<div class=\"elementor-spacer-inner\"><\/div>\n\t\t<\/div>\n\t\t\t\t<\/div>\n\t\t\t\t<\/div>\n\t\t\t\t<div class=\"elementor-element elementor-element-4cc3835 elementor-invisible elementor-widget elementor-widget-heading\" data-id=\"4cc3835\" data-element_type=\"widget\" data-settings=\"{&quot;_animation&quot;:&quot;fadeInUp&quot;}\" data-widget_type=\"heading.default\">\n\t\t\t\t<div class=\"elementor-widget-container\">\n\t\t\t<h2 class=\"elementor-heading-title elementor-size-default\">Isen\u00e7\u00e3o de responsabilidade<\/h2>\t\t<\/div>\n\t\t\t\t<\/div>\n\t\t\t\t<div class=\"elementor-element elementor-element-5b37396 elementor-widget elementor-widget-text-editor\" data-id=\"5b37396\" data-element_type=\"widget\" data-widget_type=\"text-editor.default\">\n\t\t\t\t<div class=\"elementor-widget-container\">\n\t\t\t\t\t\t\t<p>Todo o conte\u00fado encontrado nesta web \u00e9 disponibilizado em sua forma original sem qualquer garantia. Ao assinar este site, voc\u00ea concorda com todos os perigos associados ao uso de cada conte\u00fado deste site. renodoll.com, sua equipe, equipe de gerenciamento e contratados n\u00e3o ser\u00e3o respons\u00e1veis por qualquer perda ou dano resultante de sua incapacidade de usar o site corretamente e seus links. renodoll.com e seus colaboradores que contribu\u00edram para o conte\u00fado do site n\u00e3o podem ser responsabilizados caso haja algum problema devido \u00e0 sua depend\u00eancia do conte\u00fado.<\/p>\t\t\t\t\t\t<\/div>\n\t\t\t\t<\/div>\n\t\t\t\t<div class=\"elementor-element elementor-element-5fbeccb elementor-widget elementor-widget-text-editor\" data-id=\"5fbeccb\" data-element_type=\"widget\" data-widget_type=\"text-editor.default\">\n\t\t\t\t<div class=\"elementor-widget-container\">\n\t\t\t\t\t\t\t<p>Neste site, todos os produtos encontrados s\u00e3o para experi\u00eancias emocionantes e \u00fanicas. A RenoDoll n\u00e3o garante que nossos produtos estejam intactos, isentos de defeitos do fabricante e deturpa\u00e7\u00f5es do fabricante.<\/p>\t\t\t\t\t\t<\/div>\n\t\t\t\t<\/div>\n\t\t\t\t<div class=\"elementor-element elementor-element-87c5887 elementor-widget elementor-widget-text-editor\" data-id=\"87c5887\" data-element_type=\"widget\" data-widget_type=\"text-editor.default\">\n\t\t\t\t<div class=\"elementor-widget-container\">\n\t\t\t\t\t\t\t<p>Ao enviar seus pedidos, voc\u00ea aceita e concorda com o mencionado abaixo de que a RenoDoll n\u00e3o ser\u00e1 responsabilizada por qualquer acidente intencional ou n\u00e3o intencional causado por ignor\u00e2ncia, independentemente da lei de responsabilidade civil.<\/p>\t\t\t\t\t\t<\/div>\n\t\t\t\t<\/div>\n\t\t\t\t<div class=\"elementor-element elementor-element-373e79d elementor-widget elementor-widget-spacer\" data-id=\"373e79d\" data-element_type=\"widget\" data-widget_type=\"spacer.default\">\n\t\t\t\t<div class=\"elementor-widget-container\">\n\t\t\t\t\t<div class=\"elementor-spacer\">\n\t\t\t<div class=\"elementor-spacer-inner\"><\/div>\n\t\t<\/div>\n\t\t\t\t<\/div>\n\t\t\t\t<\/div>\n\t\t\t\t<div class=\"elementor-element elementor-element-56745a0 elementor-invisible elementor-widget elementor-widget-heading\" data-id=\"56745a0\" data-element_type=\"widget\" data-settings=\"{&quot;_animation&quot;:&quot;fadeInUp&quot;}\" data-widget_type=\"heading.default\">\n\t\t\t\t<div class=\"elementor-widget-container\">\n\t\t\t<h2 class=\"elementor-heading-title elementor-size-default\">Reembolso<\/h2>\t\t<\/div>\n\t\t\t\t<\/div>\n\t\t\t\t<div class=\"elementor-element elementor-element-1d0d6b3 elementor-widget elementor-widget-text-editor\" data-id=\"1d0d6b3\" data-element_type=\"widget\" data-widget_type=\"text-editor.default\">\n\t\t\t\t<div class=\"elementor-widget-container\">\n\t\t\t\t\t\t\tTodos os itens comprados e que sa\u00edram da empresa, mas devido a algumas atividades falsas, foram devolvidos \u00e0 empresa como um estorno, estes ser\u00e3o cuidadosamente e legalmente arquivados atrav\u00e9s de sua autoridade local, e a lei seguir\u00e1 todo o seu curso se for considerada culpada . \t\t\t\t\t\t<\/div>\n\t\t\t\t<\/div>\n\t\t\t\t<div class=\"elementor-element elementor-element-0300983 elementor-widget elementor-widget-text-editor\" data-id=\"0300983\" data-element_type=\"widget\" data-widget_type=\"text-editor.default\">\n\t\t\t\t<div class=\"elementor-widget-container\">\n\t\t\t\t\t\t\t<p>Ao comprar qualquer um dos nossos itens em renodoll.com, voc\u00ea concorda com o fato de que; voc\u00ea n\u00e3o far\u00e1 nenhuma a\u00e7\u00e3o legal de qualquer forma ou exigir\u00e1 o reembolso de qualquer produto cujo pagamento tenha sido feito com seu dinheiro de pl\u00e1stico\/cart\u00e3o de cr\u00e9dito em renodoll.com.<\/p>\t\t\t\t\t\t<\/div>\n\t\t\t\t<\/div>\n\t\t\t\t<div class=\"elementor-element elementor-element-92ba549 elementor-widget elementor-widget-text-editor\" data-id=\"92ba549\" data-element_type=\"widget\" data-widget_type=\"text-editor.default\">\n\t\t\t\t<div class=\"elementor-widget-container\">\n\t\t\t\t\t\t\t<p>Sem fazer um esfor\u00e7o consciente, para nos informar de qualquer dificuldade encontrada e tamb\u00e9m para dar \u00e0 organiza\u00e7\u00e3o um tempo razo\u00e1vel para resolv\u00ea-la, renodoll.com considera um pedido de reembolso de pagamento ou estorno como um ato fraudulento.<\/p>\t\t\t\t\t\t<\/div>\n\t\t\t\t<\/div>\n\t\t\t\t<div class=\"elementor-element elementor-element-f9ca80d elementor-widget elementor-widget-text-editor\" data-id=\"f9ca80d\" data-element_type=\"widget\" data-widget_type=\"text-editor.default\">\n\t\t\t\t<div class=\"elementor-widget-container\">\n\t\t\t\t\t\t\tQualquer ato para fraudar a organiza\u00e7\u00e3o usando dinheiro\/cart\u00e3o de cr\u00e9dito de pl\u00e1stico falso para efetuar o pagamento ap\u00f3s a compra de um item n\u00e3o ser\u00e1 tolerado. Qualquer transa\u00e7\u00e3o ilegal de qualquer cliente que fa\u00e7a com que a empresa incorra em d\u00edvidas ou perdas ser\u00e1 feita para enfrentar todo o curso da lei, seja nos neg\u00f3cios, custo de pesquisa ou pagamento legal, e isso inclui momentos de lazer dos funcion\u00e1rios.\t\t\t\t\t\t<\/div>\n\t\t\t\t<\/div>\n\t\t\t\t<div class=\"elementor-element elementor-element-0647a6a elementor-widget elementor-widget-text-editor\" data-id=\"0647a6a\" data-element_type=\"widget\" data-widget_type=\"text-editor.default\">\n\t\t\t\t<div class=\"elementor-widget-container\">\n\t\t\t\t\t\t\tCada reembolso exigido por um cliente incomoda nossa equipe porque interfere em nossas atividades comerciais regulares e tamb\u00e9m retira dinheiro do bolso da empresa neste sentido:\t\t\t\t\t\t<\/div>\n\t\t\t\t<\/div>\n\t\t\t\t<div class=\"elementor-element elementor-element-25f164f elementor-widget elementor-widget-text-editor\" data-id=\"25f164f\" data-element_type=\"widget\" data-widget_type=\"text-editor.default\">\n\t\t\t\t<div class=\"elementor-widget-container\">\n\t\t\t\t\t\t\t<p>Caso haja uma compra de nossas bonecas sexuais realistas por algum cliente da renodoll.com, e nesse processo, incorrer em danos ao produto e, ao mesmo tempo, cobrar a empresa na Justi\u00e7a ou exigir a devolu\u00e7\u00e3o do dinheiro com seu dinheiro de pl\u00e1stico \/empresa de cart\u00e3o de cr\u00e9dito, devido a uma situa\u00e7\u00e3o que viola nossos termos e condi\u00e7\u00f5es, com os quais voc\u00ea consentiu inicialmente no momento em que fez o pedido, ou por n\u00e3o notificar a empresa a tempo e por n\u00e3o exercer paci\u00eancia para que a empresa aceite, confirme e fa\u00e7a uma consulta adequada para feedback, ent\u00e3o esse cliente perde e n\u00e3o receber\u00e1 reembolso.<\/p>\t\t\t\t\t\t<\/div>\n\t\t\t\t<\/div>\n\t\t\t\t<div class=\"elementor-element elementor-element-3356070 elementor-widget elementor-widget-text-editor\" data-id=\"3356070\" data-element_type=\"widget\" data-widget_type=\"text-editor.default\">\n\t\t\t\t<div class=\"elementor-widget-container\">\n\t\t\t\t\t\t\t<p>Mas em uma situa\u00e7\u00e3o em que um cliente ganhe o caso de reembolso\/pagamento com sua empresa de dinheiro de pl\u00e1stico\/cart\u00e3o de cr\u00e9dito, renodoll.com tentar\u00e1 recuperar todas as taxas falsamente argumentadas, incluindo um custo adicional para o agente da pessoa. Os dados biol\u00f3gicos incluir\u00e3o nome completo, e-mail, data do pedido do produto, quantidade do produto, endere\u00e7o IP, endere\u00e7o residencial e n\u00famero de telefone celular.<\/p>\t\t\t\t\t\t<\/div>\n\t\t\t\t<\/div>\n\t\t\t\t\t<\/div>\n\t\t<\/div>\n\t\t\t\t\t\t\t<\/div>\n\t\t<\/section>\n\t\t\t\t\t\t\t<\/div>","protected":false},"excerpt":{"rendered":"<p>Aviso O que est\u00e1 contido neste site s\u00e3o materiais principalmente para excita\u00e7\u00e3o e satisfa\u00e7\u00e3o sexual, e \u00e9 destinado apenas para pessoas com 18 anos ou mais. Antes de fazer login em nosso site, voc\u00ea deve concordar com os seguintes termos: Adultos com 18 anos ou mais renodoll.com n\u00e3o pode e nunca proibir\u00e1 menores de verificar o site. \u00c9 de responsabilidade exclusiva dos pais e respons\u00e1veis supervisionar as atividades de crian\u00e7as e adolescentes nos materiais apropriados disponibilizados para sua visualiza\u00e7\u00e3o. RenoDoll s\u00f3 aceitar\u00e1 compras feitas por um adulto com 18 anos ou mais. Direitos autorais<\/p>","protected":false},"author":1,"featured_media":0,"parent":0,"menu_order":0,"comment_status":"closed","ping_status":"closed","template":"","meta":{"footnotes":""},"class_list":["post-5157","page","type-page","status-publish","hentry"],"aioseo_notices":[],"_links":{"self":[{"href":"https:\/\/renodoll.com\/pt\/wp-json\/wp\/v2\/pages\/5157","targetHints":{"allow":["GET"]}}],"collection":[{"href":"https:\/\/renodoll.com\/pt\/wp-json\/wp\/v2\/pages"}],"about":[{"href":"https:\/\/renodoll.com\/pt\/wp-json\/wp\/v2\/types\/page"}],"author":[{"embeddable":true,"href":"https:\/\/renodoll.com\/pt\/wp-json\/wp\/v2\/users\/1"}],"replies":[{"embeddable":true,"href":"https:\/\/renodoll.com\/pt\/wp-json\/wp\/v2\/comments?post=5157"}],"version-history":[{"count":31,"href":"https:\/\/renodoll.com\/pt\/wp-json\/wp\/v2\/pages\/5157\/revisions"}],"predecessor-version":[{"id":14623,"href":"https:\/\/renodoll.com\/pt\/wp-json\/wp\/v2\/pages\/5157\/revisions\/14623"}],"wp:attachment":[{"href":"https:\/\/renodoll.com\/pt\/wp-json\/wp\/v2\/media?parent=5157"}],"curies":[{"name":"wp","href":"https:\/\/api.w.org\/{rel}","templated":true}]}}