{"id":5477,"date":"2023-02-22T19:21:45","date_gmt":"2023-02-22T11:21:45","guid":{"rendered":"https:\/\/renodoll.com\/?page_id=5477"},"modified":"2023-03-31T18:35:03","modified_gmt":"2023-03-31T10:35:03","slug":"sex-doll-tongue","status":"publish","type":"page","link":"https:\/\/renodoll.com\/pl\/sex-doll-tongue\/","title":{"rendered":"J\u0119zyk lalki seksu"},"content":{"rendered":"<div data-elementor-type=\"wp-page\" data-elementor-id=\"5477\" class=\"elementor elementor-5477\" data-elementor-post-type=\"page\">\n\t\t\t\t\t\t<section class=\"elementor-section elementor-top-section elementor-element elementor-element-19ce2b8 page-content-text elementor-section-boxed elementor-section-height-default elementor-section-height-default\" data-id=\"19ce2b8\" data-element_type=\"section\" data-e-type=\"section\">\n\t\t\t\t\t\t<div class=\"elementor-container elementor-column-gap-default\">\n\t\t\t\t\t<div class=\"elementor-column elementor-col-100 elementor-top-column elementor-element elementor-element-f3c1b7c\" data-id=\"f3c1b7c\" data-element_type=\"column\" data-e-type=\"column\">\n\t\t\t<div class=\"elementor-widget-wrap elementor-element-populated\">\n\t\t\t\t\t\t<div class=\"elementor-element elementor-element-d7cc961 elementor-invisible elementor-widget elementor-widget-heading\" data-id=\"d7cc961\" data-element_type=\"widget\" data-e-type=\"widget\" data-settings=\"{&quot;_animation&quot;:&quot;fadeInUp&quot;}\" data-widget_type=\"heading.default\">\n\t\t\t\t<div class=\"elementor-widget-container\">\n\t\t\t\t\t<h2 class=\"elementor-heading-title elementor-size-default\">J\u0119zyk<\/h2>\t\t\t\t<\/div>\n\t\t\t\t<\/div>\n\t\t\t\t<div class=\"elementor-element elementor-element-2f50bad elementor-widget elementor-widget-text-editor\" data-id=\"2f50bad\" data-element_type=\"widget\" data-e-type=\"widget\" data-widget_type=\"text-editor.default\">\n\t\t\t\t<div class=\"elementor-widget-container\">\n\t\t\t\t\t\t\t\t\tJ\u0119zyk TPE (elastomer termoplastyczny) wykonany z g\u0142owy Twojej lalki erotycznej. Ten j\u0119zyk jest r\u00f3wnie\u017c zdejmowany i mo\u017ce by\u0107 u\u017cywany do cel\u00f3w fotograficznych. Nie jest przymocowany i znajduje si\u0119 tylko w ustach lalki.\t\t\t\t\t\t\t\t<\/div>\n\t\t\t\t<\/div>\n\t\t\t\t<div class=\"elementor-element elementor-element-7b009cf elementor-widget elementor-widget-text-editor\" data-id=\"7b009cf\" data-element_type=\"widget\" data-e-type=\"widget\" data-widget_type=\"text-editor.default\">\n\t\t\t\t<div class=\"elementor-widget-container\">\n\t\t\t\t\t\t\t\t\tCzy jeste\u015b u\u017cytkownikiem lalek erotycznych i chcesz do\u015bwiadczy\u0107 jeszcze wi\u0119kszej przyjemno\u015bci seksualnej? Mamy lalki erotyczne z wszczepionymi wymiennymi j\u0119zykami, kt\u00f3re zosta\u0142y specjalnie zaprojektowane do realistycznego seksu oralnego.\n\t\t\t\t\t\t\t\t<\/div>\n\t\t\t\t<\/div>\n\t\t\t\t<section class=\"elementor-section elementor-inner-section elementor-element elementor-element-d419c7c elementor-section-boxed elementor-section-height-default elementor-section-height-default\" data-id=\"d419c7c\" data-element_type=\"section\" data-e-type=\"section\">\n\t\t\t\t\t\t<div class=\"elementor-container elementor-column-gap-default\">\n\t\t\t\t\t<div class=\"elementor-column elementor-col-50 elementor-inner-column elementor-element elementor-element-df64315\" data-id=\"df64315\" data-element_type=\"column\" data-e-type=\"column\">\n\t\t\t<div class=\"elementor-widget-wrap elementor-element-populated\">\n\t\t\t\t\t\t<div class=\"elementor-element elementor-element-791ec70 elementor-invisible elementor-widget elementor-widget-heading\" data-id=\"791ec70\" data-element_type=\"widget\" data-e-type=\"widget\" data-settings=\"{&quot;_animation&quot;:&quot;fadeInUp&quot;}\" data-widget_type=\"heading.default\">\n\t\t\t\t<div class=\"elementor-widget-container\">\n\t\t\t\t\t<h2 class=\"elementor-heading-title elementor-size-default\">Realistyczne j\u0119zyki dla Twojej lalki RenoDoll \n<\/h2>\t\t\t\t<\/div>\n\t\t\t\t<\/div>\n\t\t\t\t<div class=\"elementor-element elementor-element-d24a218 elementor-widget elementor-widget-text-editor\" data-id=\"d24a218\" data-element_type=\"widget\" data-e-type=\"widget\" data-widget_type=\"text-editor.default\">\n\t\t\t\t<div class=\"elementor-widget-container\">\n\t\t\t\t\t\t\t\t\tMin\u0119\u0142o du\u017co czasu. Pr\u00f3bowali\u015bmy wprowadzi\u0107 pewne ulepszenia do naszego nowego sklepu z lalkami erotycznymi; przekonasz si\u0119, \u017ce to prawda w przypadku nowej lalki mi\u0142o\u015bci, kt\u00f3r\u0105 mamy w magazynie. Z pewnych powod\u00f3w b\u0119dziemy mie\u0107 wi\u0119cej lalek silikonowych, dlatego wk\u0142adamy wi\u0119cej wysi\u0142ku w ulepszanie naszego asortymentu.\n\t\t\t\t\t\t\t\t<\/div>\n\t\t\t\t<\/div>\n\t\t\t\t<div class=\"elementor-element elementor-element-9f505e9 elementor-widget elementor-widget-text-editor\" data-id=\"9f505e9\" data-element_type=\"widget\" data-e-type=\"widget\" data-widget_type=\"text-editor.default\">\n\t\t\t\t<div class=\"elementor-widget-container\">\n\t\t\t\t\t\t\t\t\t<p>Mamy now\u0105 funkcj\u0119 dla naszej RenoDoll, o kt\u00f3rej b\u0119dziemy informowa\u0107 w tym po\u015bcie. Zamiast tego jest znanym sekretem, \u017ce lalki mi\u0142osne nie maj\u0105 j\u0119zyk\u00f3w; mo\u017ce to powodowa\u0107 satysfakcj\u0119 z ich u\u017cywania, zw\u0142aszcza je\u015bli chodzi o ca\u0142owanie tych lalek mi\u0142o\u015bci.<\/p>\t\t\t\t\t\t\t\t<\/div>\n\t\t\t\t<\/div>\n\t\t\t\t<div class=\"elementor-element elementor-element-75d035e elementor-widget elementor-widget-text-editor\" data-id=\"75d035e\" data-element_type=\"widget\" data-e-type=\"widget\" data-widget_type=\"text-editor.default\">\n\t\t\t\t<div class=\"elementor-widget-container\">\n\t\t\t\t\t\t\t\t\t<p>Nareszcie oferujemy j\u0119zyki dla naszych lalek RenoDoll. Te j\u0119zyki sprawiaj\u0105 wra\u017cenie realistycznych, zupe\u0142nie jak prawdziwe, i s\u0105 przymocowane do g\u0142\u00f3wek, dzi\u0119ki czemu nie odrywaj\u0105 si\u0119 tak \u0142atwo, jak wcze\u015bniej. Jednak t\u0119 innowacj\u0119 mamy tylko dla kilku zweryfikowanych sprzedawc\u00f3w RenoDolls. Jeste\u015bmy dumnymi, zweryfikowanymi sprzedawcami lalek; nie chcesz tego przegapi\u0107, sprawd\u017a to jak najszybciej.<\/p>\t\t\t\t\t\t\t\t<\/div>\n\t\t\t\t<\/div>\n\t\t\t\t<div class=\"elementor-element elementor-element-4c9dc49 elementor-widget elementor-widget-text-editor\" data-id=\"4c9dc49\" data-element_type=\"widget\" data-e-type=\"widget\" data-widget_type=\"text-editor.default\">\n\t\t\t\t<div class=\"elementor-widget-container\">\n\t\t\t\t\t\t\t\t\tZapraszamy do zapoznania si\u0119 z poni\u017cszymi zdj\u0119ciami.\n\t\t\t\t\t\t\t\t<\/div>\n\t\t\t\t<\/div>\n\t\t\t\t\t<\/div>\n\t\t<\/div>\n\t\t\t\t<div class=\"elementor-column elementor-col-50 elementor-inner-column elementor-element elementor-element-6a2ef2e\" data-id=\"6a2ef2e\" data-element_type=\"column\" data-e-type=\"column\">\n\t\t\t<div class=\"elementor-widget-wrap elementor-element-populated\">\n\t\t\t\t\t\t<div class=\"elementor-element elementor-element-799aff2 elementor-widget elementor-widget-image\" data-id=\"799aff2\" data-element_type=\"widget\" data-e-type=\"widget\" data-widget_type=\"image.default\">\n\t\t\t\t<div class=\"elementor-widget-container\">\n\t\t\t\t\t\t\t\t\t\t\t\t\t\t\t<img loading=\"lazy\" decoding=\"async\" width=\"1000\" height=\"1000\" src=\"https:\/\/renodoll.com\/wp-content\/uploads\/xstore\/xstore-placeholder-1x1.png\" class=\"attachment-large size-large wp-image-8720 lazyload lazyload-simple et-lazyload-fadeIn\" alt=\"\" sizes=\"auto, (max-width: 1000px) 100vw, 1000px\" data-src=\"https:\/\/renodoll.com\/wp-content\/uploads\/2023\/03\/aura-dolls-toronto-s8n24.jpg\" data-srcset=\"https:\/\/renodoll.com\/wp-content\/uploads\/2023\/03\/aura-dolls-toronto-s8n24.jpg 1000w, https:\/\/renodoll.com\/wp-content\/uploads\/2023\/03\/aura-dolls-toronto-s8n24-300x300.jpg 300w, https:\/\/renodoll.com\/wp-content\/uploads\/2023\/03\/aura-dolls-toronto-s8n24-150x150.jpg 150w, https:\/\/renodoll.com\/wp-content\/uploads\/2023\/03\/aura-dolls-toronto-s8n24-768x768.jpg 768w, https:\/\/renodoll.com\/wp-content\/uploads\/2023\/03\/aura-dolls-toronto-s8n24-12x12.jpg 12w, https:\/\/renodoll.com\/wp-content\/uploads\/2023\/03\/aura-dolls-toronto-s8n24-100x100.jpg 100w, https:\/\/renodoll.com\/wp-content\/uploads\/2023\/03\/aura-dolls-toronto-s8n24-600x600.jpg 600w, https:\/\/renodoll.com\/wp-content\/uploads\/2023\/03\/aura-dolls-toronto-s8n24-10x10.jpg 10w\" \/>\t\t\t\t\t\t\t\t\t\t\t\t\t\t\t<\/div>\n\t\t\t\t<\/div>\n\t\t\t\t\t<\/div>\n\t\t<\/div>\n\t\t\t\t\t<\/div>\n\t\t<\/section>\n\t\t\t\t<div class=\"elementor-element elementor-element-7895fb1 elementor-invisible elementor-widget elementor-widget-heading\" data-id=\"7895fb1\" data-element_type=\"widget\" data-e-type=\"widget\" data-settings=\"{&quot;_animation&quot;:&quot;fadeInUp&quot;}\" data-widget_type=\"heading.default\">\n\t\t\t\t<div class=\"elementor-widget-container\">\n\t\t\t\t\t<h2 class=\"elementor-heading-title elementor-size-default\">Zestaw j\u0119zyka i z\u0119b\u00f3w dla g\u0142owy lalki.\n<\/h2>\t\t\t\t<\/div>\n\t\t\t\t<\/div>\n\t\t\t\t<div class=\"elementor-element elementor-element-6f7a4a4 elementor-widget elementor-widget-text-editor\" data-id=\"6f7a4a4\" data-element_type=\"widget\" data-e-type=\"widget\" data-widget_type=\"text-editor.default\">\n\t\t\t\t<div class=\"elementor-widget-container\">\n\t\t\t\t\t\t\t\t\tChcesz, \u017ceby Twoja lalka mia\u0142a inny wygl\u0105d? Oto idealne z\u0119by i j\u0119zyk dla Ciebie.\n\t\t\t\t\t\t\t\t<\/div>\n\t\t\t\t<\/div>\n\t\t\t\t<div class=\"elementor-element elementor-element-cddf1f1 elementor-widget elementor-widget-html\" data-id=\"cddf1f1\" data-element_type=\"widget\" data-e-type=\"widget\" data-widget_type=\"html.default\">\n\t\t\t\t<div class=\"elementor-widget-container\">\n\t\t\t\t\t<ol class=\"number_list_type\">\n    <li>\n        Twoja lalka mi\u0142osna ma wi\u0119cej wyrazu dzi\u0119ki prawdziwym z\u0119bom i j\u0119zykom.\n    <\/li>\n    <li>\n        Ulepszone g\u0142owy, usta i wszczepione w\u0142osy nie pasuj\u0105 do tych zestaw\u00f3w z\u0119b\u00f3w i j\u0119zyk\u00f3w; dzia\u0142aj\u0105 tylko ze zwyk\u0142ymi g\u0142owami.\n    <\/li>\n<\/ol>\t\t\t\t<\/div>\n\t\t\t\t<\/div>\n\t\t\t\t<div class=\"elementor-element elementor-element-2d6e4b0 elementor-widget elementor-widget-text-editor\" data-id=\"2d6e4b0\" data-element_type=\"widget\" data-e-type=\"widget\" data-widget_type=\"text-editor.default\">\n\t\t\t\t<div class=\"elementor-widget-container\">\n\t\t\t\t\t\t\t\t\tSkontaktuj si\u0119 z nami, aby dowiedzie\u0107 si\u0119, czy Twoja lalka mi\u0142o\u015bci ma g\u0142ow\u0119 kompatybiln\u0105 z tymi nowymi wynalazkami.\t\t\t\t\t\t\t\t<\/div>\n\t\t\t\t<\/div>\n\t\t\t\t\t<\/div>\n\t\t<\/div>\n\t\t\t\t\t<\/div>\n\t\t<\/section>\n\t\t\t\t<\/div>","protected":false},"excerpt":{"rendered":"<p>J\u0119zyk TPE (termoplastyczny elastomer) wykonany z j\u0119zyka na g\u0142ow\u0119 twojej lalki erotycznej. J\u0119zyk ten jest r\u00f3wnie\u017c wyjmowany i mo\u017ce by\u0107 u\u017cywany do cel\u00f3w fotograficznych. Nie jest przymocowany i znajduje si\u0119 tylko w ustach lalki. Czy jeste\u015b u\u017cytkownikiem lalek erotycznych i chcesz do\u015bwiadczy\u0107 jeszcze bardziej satysfakcjonuj\u0105cej przyjemno\u015bci seksualnej? Mamy lalki erotyczne z wyjmowanymi wszczepionymi j\u0119zykami, kt\u00f3re s\u0105 specjalnie zaprojektowane do realistycznego seksu oralnego. Realistyczne j\u0119zyki dla twojej RenoDoll Min\u0119\u0142o du\u017co czasu. Pr\u00f3bowali\u015bmy wprowadzi\u0107 pewne ulepszenia w naszym nowym sklepie z lalkami erotycznymi; zobaczysz, \u017ce jest to prawd\u0105 w przypadku nowej lalki mi\u0142osnej, kt\u00f3r\u0105 mamy w<\/p>","protected":false},"author":1,"featured_media":0,"parent":0,"menu_order":0,"comment_status":"closed","ping_status":"closed","template":"","meta":{"footnotes":""},"class_list":["post-5477","page","type-page","status-publish","hentry"],"aioseo_notices":[],"_links":{"self":[{"href":"https:\/\/renodoll.com\/pl\/wp-json\/wp\/v2\/pages\/5477","targetHints":{"allow":["GET"]}}],"collection":[{"href":"https:\/\/renodoll.com\/pl\/wp-json\/wp\/v2\/pages"}],"about":[{"href":"https:\/\/renodoll.com\/pl\/wp-json\/wp\/v2\/types\/page"}],"author":[{"embeddable":true,"href":"https:\/\/renodoll.com\/pl\/wp-json\/wp\/v2\/users\/1"}],"replies":[{"embeddable":true,"href":"https:\/\/renodoll.com\/pl\/wp-json\/wp\/v2\/comments?post=5477"}],"version-history":[{"count":107,"href":"https:\/\/renodoll.com\/pl\/wp-json\/wp\/v2\/pages\/5477\/revisions"}],"predecessor-version":[{"id":14853,"href":"https:\/\/renodoll.com\/pl\/wp-json\/wp\/v2\/pages\/5477\/revisions\/14853"}],"wp:attachment":[{"href":"https:\/\/renodoll.com\/pl\/wp-json\/wp\/v2\/media?parent=5477"}],"curies":[{"name":"wp","href":"https:\/\/api.w.org\/{rel}","templated":true}]}}