{"id":5458,"date":"2023-02-22T19:06:10","date_gmt":"2023-02-22T11:06:10","guid":{"rendered":"https:\/\/renodoll.com\/?page_id=5458"},"modified":"2023-03-29T17:03:19","modified_gmt":"2023-03-29T09:03:19","slug":"freckles","status":"publish","type":"page","link":"https:\/\/renodoll.com\/pl\/piegi\/","title":{"rendered":"Malowanie pieg\u00f3w"},"content":{"rendered":"<div data-elementor-type=\"wp-page\" data-elementor-id=\"5458\" class=\"elementor elementor-5458\">\n\t\t\t\t\t\t\t\t\t<section class=\"elementor-section elementor-top-section elementor-element elementor-element-829a5bf elementor-section-boxed elementor-section-height-default elementor-section-height-default\" data-id=\"829a5bf\" data-element_type=\"section\">\n\t\t\t\t\t\t<div class=\"elementor-container elementor-column-gap-default\">\n\t\t\t\t\t<div class=\"elementor-column elementor-col-50 elementor-top-column elementor-element elementor-element-f3c1b7c page-content-text\" data-id=\"f3c1b7c\" data-element_type=\"column\">\n\t\t\t<div class=\"elementor-widget-wrap elementor-element-populated\">\n\t\t\t\t\t\t\t\t<div class=\"elementor-element elementor-element-445fe14 elementor-invisible elementor-widget elementor-widget-heading\" data-id=\"445fe14\" data-element_type=\"widget\" data-settings=\"{&quot;_animation&quot;:&quot;fadeInUp&quot;}\" data-widget_type=\"heading.default\">\n\t\t\t\t<div class=\"elementor-widget-container\">\n\t\t\t<style>\/*! elementor - v3.10.2 - 29-01-2023 *\/\n.elementor-heading-title{padding:0;margin:0;line-height:1}.elementor-widget-heading .elementor-heading-title[class*=elementor-size-]>a{color:inherit;font-size:inherit;line-height:inherit}.elementor-widget-heading .elementor-heading-title.elementor-size-small{font-size:15px}.elementor-widget-heading .elementor-heading-title.elementor-size-medium{font-size:19px}.elementor-widget-heading .elementor-heading-title.elementor-size-large{font-size:29px}.elementor-widget-heading .elementor-heading-title.elementor-size-xl{font-size:39px}.elementor-widget-heading .elementor-heading-title.elementor-size-xxl{font-size:59px}<\/style><h2 class=\"elementor-heading-title elementor-size-default\">Piegi \/ Pigmentacja<\/h2>\t\t<\/div>\n\t\t\t\t<\/div>\n\t\t\t\t<div class=\"elementor-element elementor-element-2f50bad elementor-widget elementor-widget-text-editor\" data-id=\"2f50bad\" data-element_type=\"widget\" data-widget_type=\"text-editor.default\">\n\t\t\t\t<div class=\"elementor-widget-container\">\n\t\t\t<style>\/*! elementor - v3.10.2 - 29-01-2023 *\/\n.elementor-widget-text-editor.elementor-drop-cap-view-stacked .elementor-drop-cap{background-color:#818a91;color:#fff}.elementor-widget-text-editor.elementor-drop-cap-view-framed .elementor-drop-cap{color:#818a91;border:3px solid;background-color:transparent}.elementor-widget-text-editor:not(.elementor-drop-cap-view-default) .elementor-drop-cap{margin-top:8px}.elementor-widget-text-editor:not(.elementor-drop-cap-view-default) .elementor-drop-cap-letter{width:1em;height:1em}.elementor-widget-text-editor .elementor-drop-cap{float:left;text-align:center;line-height:1;font-size:50px}.elementor-widget-text-editor .elementor-drop-cap-letter{display:inline-block}<\/style>\t\t\t\t<p>Poca\u0142uj ten prawdziwy pieg na uroczej twarzy swojej dziewczyny. Obszary naturalnie najbardziej nara\u017cone na dzia\u0142anie s\u0142o\u0144ca to te pokryte pigmentacj\u0105; nos, policzki i czo\u0142o.<\/p>\t\t\t\t\t\t<\/div>\n\t\t\t\t<\/div>\n\t\t\t\t<div class=\"elementor-element elementor-element-7b009cf elementor-widget elementor-widget-text-editor\" data-id=\"7b009cf\" data-element_type=\"widget\" data-widget_type=\"text-editor.default\">\n\t\t\t\t<div class=\"elementor-widget-container\">\n\t\t\t\t\t\t\t<p>Ten pieg to jedna z opcji, kt\u00f3re mo\u017cna dostosowa\u0107 do potrzeb Twojej lalki erotycznej, a w firmie Jinsan zajmuje si\u0119 ni\u0105 do\u015bwiadczony wiza\u017cysta.<\/p>\t\t\t\t\t\t<\/div>\n\t\t\t\t<\/div>\n\t\t\t\t<div class=\"elementor-element elementor-element-d24a218 elementor-widget elementor-widget-text-editor\" data-id=\"d24a218\" data-element_type=\"widget\" data-widget_type=\"text-editor.default\">\n\t\t\t\t<div class=\"elementor-widget-container\">\n\t\t\t\t\t\t\tJednak te piegi s\u0105 p\u00f3\u0142trwa\u0142e. Jakiekolwiek malowanie cia\u0142a, makija\u017c cia\u0142a i makija\u017c twarzy do\u0142\u0105czony do Twojej lalki erotycznej jest p\u00f3\u0142trwa\u0142y i po pewnym czasie zetrze si\u0119 w wyniku u\u017cytkowania i czyszczenia. Makija\u017c lalki mo\u017cna natychmiast usun\u0105\u0107 za pomoc\u0105 p\u0142ynu do demakija\u017cu lub oleju mineralnego; w tym przypadku m\u0105drze jest upewni\u0107 si\u0119, \u017ce lalka erotyczna zachowuje sw\u00f3j wygl\u0105d. Czy\u015b\u0107 swoj\u0105 lalk\u0119 erotyczn\u0105 wy\u0142\u0105cznie zatwierdzonym \u015brodkiem czyszcz\u0105cym TPE.\n\t\t\t\t\t\t<\/div>\n\t\t\t\t<\/div>\n\t\t\t\t<div class=\"elementor-element elementor-element-9f505e9 elementor-widget elementor-widget-text-editor\" data-id=\"9f505e9\" data-element_type=\"widget\" data-widget_type=\"text-editor.default\">\n\t\t\t\t<div class=\"elementor-widget-container\">\n\t\t\t\t\t\t\tTwoja lalka mi\u0142osna ma bardziej realistyczny i naturalny wygl\u0105d dzi\u0119ki piegom. Nie tylko rude lalki erotyczne mog\u0105 mie\u0107 piegi; Twoja lalka mi\u0142osna mo\u017ce by\u0107 blondynk\u0105 lub brunetk\u0105 i nadal mie\u0107 piegi jako dodatkowy element urody na jej ciele. Szczeg\u00f3\u0142y lalek zyskuj\u0105 wi\u0119ksz\u0105 ulg\u0119 od tych pieg\u00f3w; wygl\u0105da tak osza\u0142amiaj\u0105co. \n\t\t\t\t\t\t<\/div>\n\t\t\t\t<\/div>\n\t\t\t\t<div class=\"elementor-element elementor-element-75d035e elementor-widget elementor-widget-text-editor\" data-id=\"75d035e\" data-element_type=\"widget\" data-widget_type=\"text-editor.default\">\n\t\t\t\t<div class=\"elementor-widget-container\">\n\t\t\t\t\t\t\tTe piegi s\u0105 tworzone ze szczeg\u00f3ln\u0105 staranno\u015bci\u0105 za pomoc\u0105 p\u0119dzla, w kilku warstwach farby i mog\u0105 by\u0107 tak g\u0119ste lub widoczne, jak to po\u017c\u0105dane. Nie ma znaczenia, czy s\u0105 to ma\u0142e i delikatne plamki na nosie, czy bardzo realne piegi na wi\u0119kszych obszarach; dostaniesz to, czego chcesz.\n\t\t\t\t\t\t<\/div>\n\t\t\t\t<\/div>\n\t\t\t\t<div class=\"elementor-element elementor-element-4c9dc49 elementor-widget elementor-widget-text-editor\" data-id=\"4c9dc49\" data-element_type=\"widget\" data-widget_type=\"text-editor.default\">\n\t\t\t\t<div class=\"elementor-widget-container\">\n\t\t\t\t\t\t\tAplikacj\u0119 pieg\u00f3w mo\u017cna wykona\u0107 na r\u00f3\u017cnych partiach cia\u0142a; mo\u017ce to by\u0107 twarz, policzki, nos, tu\u017c nad ramieniem, g\u00f3rna cz\u0119\u015b\u0107 plec\u00f3w, rami\u0119 lub dekolt. Nie mo\u017cna jednak okre\u015bli\u0107 ceny z ca\u0142\u0105 pewno\u015bci\u0105, podobnie jak jej g\u0119sto\u015b\u0107 i liczb\u0119 obszar\u00f3w, kt\u00f3re chcia\u0142by\u015b mie\u0107.\n\t\t\t\t\t\t<\/div>\n\t\t\t\t<\/div>\n\t\t\t\t<div class=\"elementor-element elementor-element-6f7a4a4 elementor-widget elementor-widget-text-editor\" data-id=\"6f7a4a4\" data-element_type=\"widget\" data-widget_type=\"text-editor.default\">\n\t\t\t\t<div class=\"elementor-widget-container\">\n\t\t\t\t\t\t\tPrzyjrzyj si\u0119 tutaj rodzajom pieg\u00f3w, kt\u00f3re mo\u017cemy zastosowa\u0107 na Twojej lalce erotycznej.\t\t\t\t\t\t<\/div>\n\t\t\t\t<\/div>\n\t\t\t\t\t<\/div>\n\t\t<\/div>\n\t\t\t\t<div class=\"elementor-column elementor-col-50 elementor-top-column elementor-element elementor-element-0648baa\" data-id=\"0648baa\" data-element_type=\"column\">\n\t\t\t<div class=\"elementor-widget-wrap elementor-element-populated\">\n\t\t\t\t\t\t\t\t<div class=\"elementor-element elementor-element-d265377 elementor-widget elementor-widget-image\" data-id=\"d265377\" data-element_type=\"widget\" data-widget_type=\"image.default\">\n\t\t\t\t<div class=\"elementor-widget-container\">\n\t\t\t<style>\/*! elementor - v3.10.2 - 29-01-2023 *\/\n.elementor-widget-image{text-align:center}.elementor-widget-image a{display:inline-block}.elementor-widget-image a img[src$=\".svg\"]{width:48px}.elementor-widget-image img{vertical-align:middle;display:inline-block}<\/style>\t\t\t\t\t\t\t\t\t\t\t\t<img loading=\"lazy\" decoding=\"async\" width=\"683\" height=\"1024\" src=\"https:\/\/renodoll.com\/wp-content\/uploads\/2023\/03\/kb-freckles-683x1024.jpg\" class=\"attachment-large size-large wp-image-14261\" alt=\"\" srcset=\"https:\/\/renodoll.com\/wp-content\/uploads\/2023\/03\/kb-freckles-683x1024.jpg 683w, https:\/\/renodoll.com\/wp-content\/uploads\/2023\/03\/kb-freckles-200x300.jpg 200w, https:\/\/renodoll.com\/wp-content\/uploads\/2023\/03\/kb-freckles-768x1152.jpg 768w, https:\/\/renodoll.com\/wp-content\/uploads\/2023\/03\/kb-freckles-1024x1536.jpg 1024w, https:\/\/renodoll.com\/wp-content\/uploads\/2023\/03\/kb-freckles-1365x2048.jpg 1365w, https:\/\/renodoll.com\/wp-content\/uploads\/2023\/03\/kb-freckles-8x12.jpg 8w, https:\/\/renodoll.com\/wp-content\/uploads\/2023\/03\/kb-freckles-67x100.jpg 67w, https:\/\/renodoll.com\/wp-content\/uploads\/2023\/03\/kb-freckles-300x450.jpg 300w, https:\/\/renodoll.com\/wp-content\/uploads\/2023\/03\/kb-freckles-600x900.jpg 600w, https:\/\/renodoll.com\/wp-content\/uploads\/2023\/03\/kb-freckles-7x10.jpg 7w, https:\/\/renodoll.com\/wp-content\/uploads\/2023\/03\/kb-freckles.jpg 1500w\" sizes=\"auto, (max-width: 683px) 100vw, 683px\" \/>\t\t\t\t\t\t\t\t\t\t\t\t\t\t\t<\/div>\n\t\t\t\t<\/div>\n\t\t\t\t\t<\/div>\n\t\t<\/div>\n\t\t\t\t\t\t\t<\/div>\n\t\t<\/section>\n\t\t\t\t\t\t\t<\/div>","protected":false},"excerpt":{"rendered":"<p>Freckles \/ Pigmentation Kiss that real freckle spread on your girl&#8217;s cute face. The areas which are naturally mostly affected by the sun are the ones covered in pigmentation; nose, cheeks, and forehead. This freckle is one of the customizable options that come with your sex doll, and an expert makeup artist is handling it at Jinsan. However, these freckles are semi-permanent. Whatever body painting, body makeup, and makeup of the face that comes with your sex doll is semi-permanent and will wipe off after some period due to usage and cleaning. Makeup on your doll can be removed immediately<\/p>","protected":false},"author":1,"featured_media":0,"parent":0,"menu_order":0,"comment_status":"closed","ping_status":"closed","template":"","meta":{"footnotes":""},"class_list":["post-5458","page","type-page","status-publish","hentry"],"aioseo_notices":[],"_links":{"self":[{"href":"https:\/\/renodoll.com\/pl\/wp-json\/wp\/v2\/pages\/5458","targetHints":{"allow":["GET"]}}],"collection":[{"href":"https:\/\/renodoll.com\/pl\/wp-json\/wp\/v2\/pages"}],"about":[{"href":"https:\/\/renodoll.com\/pl\/wp-json\/wp\/v2\/types\/page"}],"author":[{"embeddable":true,"href":"https:\/\/renodoll.com\/pl\/wp-json\/wp\/v2\/users\/1"}],"replies":[{"embeddable":true,"href":"https:\/\/renodoll.com\/pl\/wp-json\/wp\/v2\/comments?post=5458"}],"version-history":[{"count":26,"href":"https:\/\/renodoll.com\/pl\/wp-json\/wp\/v2\/pages\/5458\/revisions"}],"predecessor-version":[{"id":14266,"href":"https:\/\/renodoll.com\/pl\/wp-json\/wp\/v2\/pages\/5458\/revisions\/14266"}],"wp:attachment":[{"href":"https:\/\/renodoll.com\/pl\/wp-json\/wp\/v2\/media?parent=5458"}],"curies":[{"name":"wp","href":"https:\/\/api.w.org\/{rel}","templated":true}]}}