{"id":5441,"date":"2023-02-22T18:54:21","date_gmt":"2023-02-22T10:54:21","guid":{"rendered":"https:\/\/renodoll.com\/?page_id=5441"},"modified":"2023-03-29T17:38:45","modified_gmt":"2023-03-29T09:38:45","slug":"evo-yoga-skeleton","status":"publish","type":"page","link":"https:\/\/renodoll.com\/pl\/evo-yoga-skeleton\/","title":{"rendered":"Szkielet do jogi EVO"},"content":{"rendered":"<div data-elementor-type=\"wp-page\" data-elementor-id=\"5441\" class=\"elementor elementor-5441\" data-elementor-post-type=\"page\">\n\t\t\t\t\t\t<section class=\"elementor-section elementor-top-section elementor-element elementor-element-19ce2b8 elementor-section-boxed elementor-section-height-default elementor-section-height-default\" data-id=\"19ce2b8\" data-element_type=\"section\" data-e-type=\"section\">\n\t\t\t\t\t\t<div class=\"elementor-container elementor-column-gap-default\">\n\t\t\t\t\t<div class=\"elementor-column elementor-col-100 elementor-top-column elementor-element elementor-element-f3c1b7c page-content-text\" data-id=\"f3c1b7c\" data-element_type=\"column\" data-e-type=\"column\">\n\t\t\t<div class=\"elementor-widget-wrap elementor-element-populated\">\n\t\t\t\t\t\t<div class=\"elementor-element elementor-element-445fe14 elementor-invisible elementor-widget elementor-widget-heading\" data-id=\"445fe14\" data-element_type=\"widget\" data-e-type=\"widget\" data-settings=\"{&quot;_animation&quot;:&quot;fadeInUp&quot;}\" data-widget_type=\"heading.default\">\n\t\t\t\t<div class=\"elementor-widget-container\">\n\t\t\t\t\t<h2 class=\"elementor-heading-title elementor-size-default\">Przeguby z\u0119bate (przek\u0142adnia Evo, szkielet do jogi)<\/h2>\t\t\t\t<\/div>\n\t\t\t\t<\/div>\n\t\t\t\t<div class=\"elementor-element elementor-element-2f50bad elementor-widget elementor-widget-text-editor\" data-id=\"2f50bad\" data-element_type=\"widget\" data-e-type=\"widget\" data-widget_type=\"text-editor.default\">\n\t\t\t\t<div class=\"elementor-widget-container\">\n\t\t\t\t\t\t\t\t\tDu\u017ce marki czasami u\u017cywaj\u0105 bardzo niepor\u0119cznych szkielet\u00f3w, co sprawia, \u017ce rotacja staw\u00f3w nie jest tak elastyczna, a lalka erotyczna jest bardzo trudna do umieszczenia w po\u017c\u0105danej pozycji, nawet dla m\u0119\u017cczyzny o wzro\u015bcie 186 cm. Szkielet jogi z przek\u0142adni\u0105 z \u0142atwo\u015bci\u0105 rozwi\u0105za\u0142by ten problem.\t\t\t\t\t\t\t\t<\/div>\n\t\t\t\t<\/div>\n\t\t\t\t<div class=\"elementor-element elementor-element-7b009cf elementor-widget elementor-widget-text-editor\" data-id=\"7b009cf\" data-element_type=\"widget\" data-e-type=\"widget\" data-widget_type=\"text-editor.default\">\n\t\t\t\t<div class=\"elementor-widget-container\">\n\t\t\t\t\t\t\t\t\tProsimy o zapoznanie si\u0119 z poni\u017csz\u0105 ilustracj\u0105 i skorzystanie z niej.\t\t\t\t\t\t\t\t<\/div>\n\t\t\t\t<\/div>\n\t\t\t\t<div class=\"elementor-element elementor-element-fa47064 elementor-widget elementor-widget-image\" data-id=\"fa47064\" data-element_type=\"widget\" data-e-type=\"widget\" data-widget_type=\"image.default\">\n\t\t\t\t<div class=\"elementor-widget-container\">\n\t\t\t\t\t\t\t\t\t\t\t\t\t\t\t<img loading=\"lazy\" decoding=\"async\" width=\"488\" height=\"1024\" src=\"https:\/\/renodoll.com\/wp-content\/uploads\/elementor\/thumbs\/xstore-placeholder-q1lsnz7dz6f9wss1ii0gg4998xrp37rdpr696eqywk.png\" class=\"attachment-large size-large wp-image-14096 lazyload lazyload-simple et-lazyload-fadeIn\" alt=\"\" sizes=\"auto, (max-width: 488px) 100vw, 488px\" data-src=\"https:\/\/renodoll.com\/wp-content\/uploads\/2023\/03\/renodoll_evoskeleton-488x1024.jpg\" data-srcset=\"https:\/\/renodoll.com\/wp-content\/uploads\/2023\/03\/renodoll_evoskeleton-488x1024.jpg 488w, https:\/\/renodoll.com\/wp-content\/uploads\/2023\/03\/renodoll_evoskeleton-143x300.jpg 143w, https:\/\/renodoll.com\/wp-content\/uploads\/2023\/03\/renodoll_evoskeleton-768x1611.jpg 768w, https:\/\/renodoll.com\/wp-content\/uploads\/2023\/03\/renodoll_evoskeleton-732x1536.jpg 732w, https:\/\/renodoll.com\/wp-content\/uploads\/2023\/03\/renodoll_evoskeleton-6x12.jpg 6w, https:\/\/renodoll.com\/wp-content\/uploads\/2023\/03\/renodoll_evoskeleton-48x100.jpg 48w, https:\/\/renodoll.com\/wp-content\/uploads\/2023\/03\/renodoll_evoskeleton-300x629.jpg 300w, https:\/\/renodoll.com\/wp-content\/uploads\/2023\/03\/renodoll_evoskeleton-600x1258.jpg 600w, https:\/\/renodoll.com\/wp-content\/uploads\/2023\/03\/renodoll_evoskeleton-5x10.jpg 5w, https:\/\/renodoll.com\/wp-content\/uploads\/2023\/03\/renodoll_evoskeleton.jpg 790w\" \/>\t\t\t\t\t\t\t\t\t\t\t\t\t\t\t<\/div>\n\t\t\t\t<\/div>\n\t\t\t\t<div class=\"elementor-element elementor-element-e28a12e elementor-invisible elementor-widget elementor-widget-heading\" data-id=\"e28a12e\" data-element_type=\"widget\" data-e-type=\"widget\" data-settings=\"{&quot;_animation&quot;:&quot;fadeInUp&quot;}\" data-widget_type=\"heading.default\">\n\t\t\t\t<div class=\"elementor-widget-container\">\n\t\t\t\t\t<h2 class=\"elementor-heading-title elementor-size-default\">Elastyczno\u015b\u0107 szkieletu - pozycja jogi<\/h2>\t\t\t\t<\/div>\n\t\t\t\t<\/div>\n\t\t\t\t<div class=\"elementor-element elementor-element-f465bfd elementor-widget elementor-widget-text-editor\" data-id=\"f465bfd\" data-element_type=\"widget\" data-e-type=\"widget\" data-widget_type=\"text-editor.default\">\n\t\t\t\t<div class=\"elementor-widget-container\">\n\t\t\t\t\t\t\t\t\tWszystkie lalki erotyczne (zw\u0142aszcza przysz\u0142e) s\u0105 wykonane z najwy\u017cszej jako\u015bci materia\u0142\u00f3w silikonowych, dzi\u0119ki czemu ich sk\u00f3ra i cia\u0142o bardzo przypominaj\u0105 sk\u00f3r\u0119 i cia\u0142o prawdziwej kobiety.\t\t\t\t\t\t\t\t<\/div>\n\t\t\t\t<\/div>\n\t\t\t\t<div class=\"elementor-element elementor-element-7871ee2 elementor-widget elementor-widget-text-editor\" data-id=\"7871ee2\" data-element_type=\"widget\" data-e-type=\"widget\" data-widget_type=\"text-editor.default\">\n\t\t\t\t<div class=\"elementor-widget-container\">\n\t\t\t\t\t\t\t\t\t<p>Metalowy szkielet tych lalek erotycznych jest dobrze przegubowy 100%, co zapewnia elastyczno\u015b\u0107 i u\u0142atwia umieszczenie lalek erotycznych w dowolnej mo\u017cliwej pozycji, aby zaspokoi\u0107 pragnienia i pragnienia seksualne.<\/p>\t\t\t\t\t\t\t\t<\/div>\n\t\t\t\t<\/div>\n\t\t\t\t\t<\/div>\n\t\t<\/div>\n\t\t\t\t\t<\/div>\n\t\t<\/section>\n\t\t\t\t<\/div>","protected":false},"excerpt":{"rendered":"<p>Z\u0142\u0105cza z\u0119bate (Evo Gear, Yoga Skeleton) Du\u017ce marki czasami u\u017cywaj\u0105 bardzo du\u017cych szkielet\u00f3w, co sprawia, \u017ce obr\u00f3t staw\u00f3w nie jest tak elastyczny, a lalka seksualna jest bardzo trudna do umieszczenia w po\u017c\u0105danej pozycji, nawet dla m\u0119\u017cczyzny o wzro\u015bcie 6 st\u00f3p. Szkielet do jogi z\u0119batej z \u0142atwo\u015bci\u0105 rozwi\u0105za\u0142by ten problem. Prosimy o zapoznanie si\u0119 z poni\u017csz\u0105 ilustracj\u0105 i jej wykorzystanie. Elastyczno\u015b\u0107 szkieletu \u2013 pozycja jogi Wszystkie lalki seksualne (zw\u0142aszcza w przysz\u0142o\u015bci) s\u0105 wykonane z wysokiej jako\u015bci materia\u0142\u00f3w silikonowych, dzi\u0119ki czemu ich sk\u00f3ra i cia\u0142o s\u0105 bardzo podobne do sk\u00f3ry i cia\u0142a prawdziwej kobiety. Metalowy szkielet tych lalek seksualnych jest dobrze wykonany z materia\u0142u 100%<\/p>","protected":false},"author":1,"featured_media":0,"parent":0,"menu_order":0,"comment_status":"closed","ping_status":"closed","template":"","meta":{"footnotes":""},"class_list":["post-5441","page","type-page","status-publish","hentry"],"aioseo_notices":[],"_links":{"self":[{"href":"https:\/\/renodoll.com\/pl\/wp-json\/wp\/v2\/pages\/5441","targetHints":{"allow":["GET"]}}],"collection":[{"href":"https:\/\/renodoll.com\/pl\/wp-json\/wp\/v2\/pages"}],"about":[{"href":"https:\/\/renodoll.com\/pl\/wp-json\/wp\/v2\/types\/page"}],"author":[{"embeddable":true,"href":"https:\/\/renodoll.com\/pl\/wp-json\/wp\/v2\/users\/1"}],"replies":[{"embeddable":true,"href":"https:\/\/renodoll.com\/pl\/wp-json\/wp\/v2\/comments?post=5441"}],"version-history":[{"count":25,"href":"https:\/\/renodoll.com\/pl\/wp-json\/wp\/v2\/pages\/5441\/revisions"}],"predecessor-version":[{"id":14278,"href":"https:\/\/renodoll.com\/pl\/wp-json\/wp\/v2\/pages\/5441\/revisions\/14278"}],"wp:attachment":[{"href":"https:\/\/renodoll.com\/pl\/wp-json\/wp\/v2\/media?parent=5441"}],"curies":[{"name":"wp","href":"https:\/\/api.w.org\/{rel}","templated":true}]}}