{"id":5425,"date":"2023-02-22T18:33:16","date_gmt":"2023-02-22T10:33:16","guid":{"rendered":"https:\/\/renodoll.com\/?page_id=5425"},"modified":"2023-04-24T19:27:15","modified_gmt":"2023-04-24T11:27:15","slug":"electric-hip-sex-doll","status":"publish","type":"page","link":"https:\/\/renodoll.com\/pl\/elektryczna-hip-lalka-seksu\/","title":{"rendered":"Elektryczna lalka seksu biodrowego"},"content":{"rendered":"<div data-elementor-type=\"wp-page\" data-elementor-id=\"5425\" class=\"elementor elementor-5425\">\n\t\t\t\t\t\t\t\t\t<section class=\"elementor-section elementor-top-section elementor-element elementor-element-19ce2b8 elementor-section-boxed elementor-section-height-default elementor-section-height-default\" data-id=\"19ce2b8\" data-element_type=\"section\">\n\t\t\t\t\t\t<div class=\"elementor-container elementor-column-gap-default\">\n\t\t\t\t\t<div class=\"elementor-column elementor-col-100 elementor-top-column elementor-element elementor-element-f3c1b7c page-content-text\" data-id=\"f3c1b7c\" data-element_type=\"column\">\n\t\t\t<div class=\"elementor-widget-wrap elementor-element-populated\">\n\t\t\t\t\t\t\t\t<div class=\"elementor-element elementor-element-445fe14 elementor-invisible elementor-widget elementor-widget-heading\" data-id=\"445fe14\" data-element_type=\"widget\" data-settings=\"{&quot;_animation&quot;:&quot;fadeInUp&quot;}\" data-widget_type=\"heading.default\">\n\t\t\t\t<div class=\"elementor-widget-container\">\n\t\t\t<style>\/*! elementor - v3.10.2 - 29-01-2023 *\/\n.elementor-heading-title{padding:0;margin:0;line-height:1}.elementor-widget-heading .elementor-heading-title[class*=elementor-size-]>a{color:inherit;font-size:inherit;line-height:inherit}.elementor-widget-heading .elementor-heading-title.elementor-size-small{font-size:15px}.elementor-widget-heading .elementor-heading-title.elementor-size-medium{font-size:19px}.elementor-widget-heading .elementor-heading-title.elementor-size-large{font-size:29px}.elementor-widget-heading .elementor-heading-title.elementor-size-xl{font-size:39px}.elementor-widget-heading .elementor-heading-title.elementor-size-xxl{font-size:59px}<\/style><h2 class=\"elementor-heading-title elementor-size-default\">Lalka erotyczna z elektrycznymi biodrami<\/h2>\t\t<\/div>\n\t\t\t\t<\/div>\n\t\t\t\t<div class=\"elementor-element elementor-element-2f50bad elementor-widget elementor-widget-text-editor\" data-id=\"2f50bad\" data-element_type=\"widget\" data-widget_type=\"text-editor.default\">\n\t\t\t\t<div class=\"elementor-widget-container\">\n\t\t\t<style>\/*! elementor - v3.10.2 - 29-01-2023 *\/\n.elementor-widget-text-editor.elementor-drop-cap-view-stacked .elementor-drop-cap{background-color:#818a91;color:#fff}.elementor-widget-text-editor.elementor-drop-cap-view-framed .elementor-drop-cap{color:#818a91;border:3px solid;background-color:transparent}.elementor-widget-text-editor:not(.elementor-drop-cap-view-default) .elementor-drop-cap{margin-top:8px}.elementor-widget-text-editor:not(.elementor-drop-cap-view-default) .elementor-drop-cap-letter{width:1em;height:1em}.elementor-widget-text-editor .elementor-drop-cap{float:left;text-align:center;line-height:1;font-size:50px}.elementor-widget-text-editor .elementor-drop-cap-letter{display:inline-block}<\/style>\t\t\t\t<p>Biodra s\u0105 modne, a je\u015bli chcesz mie\u0107 kobiet\u0119 z jednym i chcesz do\u015bwiadczy\u0107 wi\u0119kszego spe\u0142nienia seksualnego, mamy opcj\u0119 \u201eElektryczne biodra\u201d do przenoszenia lalek erotycznych, aby spe\u0142ni\u0107 wszystkie Twoje potrzeby i specyfikacje. Aplikacj\u0119 mo\u017cna wykona\u0107 na lalkach pe\u0142nowymiarowych. Prosimy klikn\u0105\u0107 ten link, aby sprawdzi\u0107 nasz\u0105 kolekcj\u0119 elektrycznych lalek erotycznych.<\/p>\t\t\t\t\t\t<\/div>\n\t\t\t\t<\/div>\n\t\t\t\t<div class=\"elementor-element elementor-element-7b009cf elementor-widget elementor-widget-text-editor\" data-id=\"7b009cf\" data-element_type=\"widget\" data-widget_type=\"text-editor.default\">\n\t\t\t\t<div class=\"elementor-widget-container\">\n\t\t\t\t\t\t\t<p>Zach\u0119camy do obejrzenia demonstracji elektrycznej lalki erotycznej poni\u017cej.<\/p>\t\t\t\t\t\t<\/div>\n\t\t\t\t<\/div>\n\t\t\t\t<div class=\"elementor-element elementor-element-300e279 elementor-aspect-ratio-169 elementor-widget elementor-widget-video\" data-id=\"300e279\" data-element_type=\"widget\" data-settings=\"{&quot;video_type&quot;:&quot;hosted&quot;,&quot;autoplay&quot;:&quot;yes&quot;,&quot;play_on_mobile&quot;:&quot;yes&quot;,&quot;loop&quot;:&quot;yes&quot;,&quot;controls&quot;:&quot;yes&quot;,&quot;aspect_ratio&quot;:&quot;169&quot;}\" data-widget_type=\"video.default\">\n\t\t\t\t<div class=\"elementor-widget-container\">\n\t\t\t<style>\/*! elementor - v3.10.2 - 29-01-2023 *\/\n.elementor-widget-video .elementor-widget-container{overflow:hidden;transform:translateZ(0)}.elementor-widget-video .elementor-open-inline .elementor-custom-embed-image-overlay{position:absolute;top:0;left:0;width:100%;height:100%;background-size:cover;background-position:50%}.elementor-widget-video .elementor-custom-embed-image-overlay{cursor:pointer;text-align:center}.elementor-widget-video .elementor-custom-embed-image-overlay:hover .elementor-custom-embed-play i{opacity:1}.elementor-widget-video .elementor-custom-embed-image-overlay img{display:block;width:100%}.elementor-widget-video .e-hosted-video .elementor-video{-o-object-fit:cover;object-fit:cover}.e-con-inner>.elementor-widget-video,.e-con>.elementor-widget-video{width:var(--container-widget-width);--flex-grow:var(--container-widget-flex-grow)}<\/style>\t\t<div class=\"e-hosted-video elementor-wrapper elementor-fit-aspect-ratio elementor-open-inline\">\n\t\t\t\t\t<video class=\"elementor-video\" src=\"http:\/\/renodoll.com\/wp-content\/uploads\/2023\/03\/kb-electric-doll.mp4\" autoplay=\"\" loop=\"\" controls=\"\" playsinline=\"\"><\/video>\n\t\t\t\t<\/div>\n\t\t\t\t<\/div>\n\t\t\t\t<\/div>\n\t\t\t\t<section class=\"elementor-section elementor-inner-section elementor-element elementor-element-97c6960 elementor-section-boxed elementor-section-height-default elementor-section-height-default\" data-id=\"97c6960\" data-element_type=\"section\">\n\t\t\t\t\t\t<div class=\"elementor-container elementor-column-gap-default\">\n\t\t\t\t\t<div class=\"elementor-column elementor-col-50 elementor-inner-column elementor-element elementor-element-564e172\" data-id=\"564e172\" data-element_type=\"column\">\n\t\t\t<div class=\"elementor-widget-wrap elementor-element-populated\">\n\t\t\t\t\t\t\t\t<div class=\"elementor-element elementor-element-d24a218 elementor-widget elementor-widget-text-editor\" data-id=\"d24a218\" data-element_type=\"widget\" data-widget_type=\"text-editor.default\">\n\t\t\t\t<div class=\"elementor-widget-container\">\n\t\t\t\t\t\t\t<p>1. Wersja nie\u0142adowalna (nie ma wbudowanej baterii, jest typu plug-and-play)<br \/>&gt;Zasilacz: napi\u0119cie wej\u015bciowe zasilania 100 V-240 V, napi\u0119cie\/pr\u0105d wyj\u015bciowy 24 V\/3A<br \/>&gt;Standard certyfikacji; Moc CE<\/p>\t\t\t\t\t\t<\/div>\n\t\t\t\t<\/div>\n\t\t\t\t\t<\/div>\n\t\t<\/div>\n\t\t\t\t<div class=\"elementor-column elementor-col-50 elementor-inner-column elementor-element elementor-element-6290fd1\" data-id=\"6290fd1\" data-element_type=\"column\">\n\t\t\t<div class=\"elementor-widget-wrap elementor-element-populated\">\n\t\t\t\t\t\t\t\t<div class=\"elementor-element elementor-element-9f505e9 elementor-widget elementor-widget-text-editor\" data-id=\"9f505e9\" data-element_type=\"widget\" data-widget_type=\"text-editor.default\">\n\t\t\t\t<div class=\"elementor-widget-container\">\n\t\t\t\t\t\t\t<p>2. Wersja akumulatorowa (wbudowana bateria musi zosta\u0107 w pe\u0142ni na\u0142adowana przed u\u017cyciem).<br \/>&gt; Napi\u0119cie akumulatora: napi\u0119cie robocze wynosi 22,2 V, a napi\u0119cie bez obci\u0105\u017cenia wynosi 24 V<br \/>&gt; D\u0142ugo\u015b\u0107 \u0142adowania i roz\u0142adowania trwa oko\u0142o 280-300 tygodni<br \/>&gt;Czas \u0142adowania: szybkie \u0142adowanie zajmuje 1,5 godziny<br \/>&gt;Czas u\u017cytkowania: po nale\u017cytym na\u0142adowaniu mo\u017ce pracowa\u0107 nawet pi\u0119\u0107 godzin<\/p>\t\t\t\t\t\t<\/div>\n\t\t\t\t<\/div>\n\t\t\t\t\t<\/div>\n\t\t<\/div>\n\t\t\t\t\t\t\t<\/div>\n\t\t<\/section>\n\t\t\t\t<div class=\"elementor-element elementor-element-e28a12e elementor-invisible elementor-widget elementor-widget-heading\" data-id=\"e28a12e\" data-element_type=\"widget\" data-settings=\"{&quot;_animation&quot;:&quot;fadeInUp&quot;}\" data-widget_type=\"heading.default\">\n\t\t\t\t<div class=\"elementor-widget-container\">\n\t\t\t<h2 class=\"elementor-heading-title elementor-size-default\">Notatki<\/h2>\t\t<\/div>\n\t\t\t\t<\/div>\n\t\t\t\t<div class=\"elementor-element elementor-element-504aea1 elementor-widget elementor-widget-html\" data-id=\"504aea1\" data-element_type=\"widget\" data-widget_type=\"html.default\">\n\t\t\t\t<div class=\"elementor-widget-container\">\n\t\t\t<ol class=\"number_list_type\"><li>Dla bezpiecze\u0144stwa elektrycznej lalki erotycznej biodrowej i aby zapobiec uszkodzeniu nask\u00f3rka przez ostre przedmioty i ostre kraw\u0119dzie, nale\u017cy u\u017cywa\u0107 lalki erotycznej na \u0142\u00f3\u017cku.<\/li>\n<li>Dostosuj interaktywn\u0105 postaw\u0119 lalki erotycznej, zanim b\u0119dziesz mia\u0142 cokolwiek wsp\u00f3lnego z elektrycznym biodrem.\n<\/li>\n<li>Podczas korzystania z elektrycznej lalki erotycznej nie zmieniaj na si\u0142\u0119 postawy ani nie odwracaj lalki erotycznej.<\/li>\n<li>Je\u015bli chcesz dostosowa\u0107 postaw\u0119 lub kszta\u0142t lalki erotycznej, zanim to zrobisz, musisz wy\u0142\u0105czy\u0107 prze\u0142\u0105cznik lub zasilanie.<\/li>\n<li>Je\u015bli b\u0119dziesz u\u017cywa\u0107 elektrycznej lalki erotycznej biodrowej przez d\u0142ug\u0105 godzin\u0119 w jednym u\u017cyciu. Prosimy o regularne dwadzie\u015bcia trzydzie\u015bci minut odpoczynku w trakcie u\u017cytkowania.<\/li>\n<li>Aby unikn\u0105\u0107 skr\u00f3cenia \u017cywotno\u015bci baterii elektrycznej lalki erotycznej biodrowej, nale\u017cy j\u0105 na\u0142adowa\u0107 po trzech-czterech godzinach jednego u\u017cycia.<\/li>\n<li>Uprzejmie wyczy\u015b\u0107 no\u015bn\u0105 cz\u0119\u015b\u0107 elektrycznej lalki erotycznej, sproszkuj j\u0105 i dok\u0142adnie konserwuj ca\u0142\u0105 cz\u0119\u015b\u0107 lalki.<\/li>\n<li>\n    Za\u0142\u00f3\u017cmy, \u017ce istniej\u0105 uszkodzenia, takie jak nak\u0142ucia sk\u00f3ry lub jakiekolwiek uszkodzenia mechaniczne spowodowane niew\u0142a\u015bciwym u\u017cytkowaniem lalki erotycznej. W takim przypadku nie b\u0119dzie to obowi\u0105zkiem naszej firmy.\n<\/li>\n<li>\n    Napi\u0119cie naszej lalki erotycznej jest zgodne z globalnym standardem bezpiecze\u0144stwa jazdy pod napi\u0119ciem, poniewa\u017c nasza lalka sec przyjmuje napi\u0119cie steruj\u0105ce 24 V.\n<\/li>\n<li>\n    Obecnie nie mo\u017cna regulowa\u0107 pr\u0119dko\u015bci.\n<\/li>\n<\/ol>\t\t<\/div>\n\t\t\t\t<\/div>\n\t\t\t\t<div class=\"elementor-element elementor-element-5483d1c elementor-invisible elementor-widget elementor-widget-heading\" data-id=\"5483d1c\" data-element_type=\"widget\" data-settings=\"{&quot;_animation&quot;:&quot;fadeInUp&quot;}\" data-widget_type=\"heading.default\">\n\t\t\t\t<div class=\"elementor-widget-container\">\n\t\t\t<h2 class=\"elementor-heading-title elementor-size-default\">Wprowadzenie naszej elektrycznej lalki erotycznej biodrowej<\/h2>\t\t<\/div>\n\t\t\t\t<\/div>\n\t\t\t\t<div class=\"elementor-element elementor-element-f465bfd elementor-widget elementor-widget-text-editor\" data-id=\"f465bfd\" data-element_type=\"widget\" data-widget_type=\"text-editor.default\">\n\t\t\t\t<div class=\"elementor-widget-container\">\n\t\t\t\t\t\t\tElektryczna lalka erotyczna jest produkowana z automatyczn\u0105 cz\u0119\u015bci\u0105 osadzon\u0105 w po\u015bladku lalki erotycznej, aby umo\u017cliwi\u0107 \u0142atwe poruszanie si\u0119 i skr\u0119canie tak, jak zrobi\u0142by to prawdziwy cz\u0142owiek. Wypr\u00f3buj lalk\u0119 seksu samodzielnie i zobacz, co potrafi.\t\t\t\t\t\t<\/div>\n\t\t\t\t<\/div>\n\t\t\t\t<div class=\"elementor-element elementor-element-7871ee2 elementor-widget elementor-widget-text-editor\" data-id=\"7871ee2\" data-element_type=\"widget\" data-widget_type=\"text-editor.default\">\n\t\t\t\t<div class=\"elementor-widget-container\">\n\t\t\t\t\t\t\tZobacz, jak lalka seksu sama si\u0119 porusza i skr\u0119ca.\t\t\t\t\t\t<\/div>\n\t\t\t\t<\/div>\n\t\t\t\t<div class=\"elementor-element elementor-element-0dd79a4 elementor-widget elementor-widget-text-editor\" data-id=\"0dd79a4\" data-element_type=\"widget\" data-widget_type=\"text-editor.default\">\n\t\t\t\t<div class=\"elementor-widget-container\">\n\t\t\t\t\t\t\tNasze elektryczne lalki erotyczne s\u0105 dost\u0119pne w dw\u00f3ch wersjach; w zale\u017cno\u015bci od preferencji mo\u017cesz wybra\u0107 konfiguracj\u0119, kt\u00f3r\u0105 chcesz na\u0142adowa\u0107 lub t\u0119, kt\u00f3r\u0105 musisz pod\u0142\u0105czy\u0107.\t\t\t\t\t\t<\/div>\n\t\t\t\t<\/div>\n\t\t\t\t<div class=\"elementor-element elementor-element-39907ae elementor-invisible elementor-widget elementor-widget-heading\" data-id=\"39907ae\" data-element_type=\"widget\" data-settings=\"{&quot;_animation&quot;:&quot;fadeInUp&quot;}\" data-widget_type=\"heading.default\">\n\t\t\t\t<div class=\"elementor-widget-container\">\n\t\t\t<h2 class=\"elementor-heading-title elementor-size-default\">Konfiguracja \u0142adowania wbudowanego akumulatora (obejrzyj film)<\/h2>\t\t<\/div>\n\t\t\t\t<\/div>\n\t\t\t\t<div class=\"elementor-element elementor-element-6f89ec5 elementor-widget elementor-widget-text-editor\" data-id=\"6f89ec5\" data-element_type=\"widget\" data-widget_type=\"text-editor.default\">\n\t\t\t\t<div class=\"elementor-widget-container\">\n\t\t\t\t\t\t\tKiedy u\u017cywa\u0107: u\u017cywa\u0107 tylko wtedy, gdy jest w pe\u0142ni na\u0142adowany.\t\t\t\t\t\t<\/div>\n\t\t\t\t<\/div>\n\t\t\t\t<div class=\"elementor-element elementor-element-7afd254 elementor-widget elementor-widget-text-editor\" data-id=\"7afd254\" data-element_type=\"widget\" data-widget_type=\"text-editor.default\">\n\t\t\t\t<div class=\"elementor-widget-container\">\n\t\t\t\t\t\t\tCzas \u0142adowania: 1 godzina trzydzie\u015bci minut do dw\u00f3ch godzin\t\t\t\t\t\t<\/div>\n\t\t\t\t<\/div>\n\t\t\t\t<div class=\"elementor-element elementor-element-7d36ae2 elementor-widget elementor-widget-text-editor\" data-id=\"7d36ae2\" data-element_type=\"widget\" data-widget_type=\"text-editor.default\">\n\t\t\t\t<div class=\"elementor-widget-container\">\n\t\t\t\t\t\t\tCzas u\u017cytkowania: pi\u0119\u0107 godzin u\u017cytkowania po pe\u0142nym na\u0142adowaniu.\t\t\t\t\t\t<\/div>\n\t\t\t\t<\/div>\n\t\t\t\t<div class=\"elementor-element elementor-element-71982d8 elementor-invisible elementor-widget elementor-widget-heading\" data-id=\"71982d8\" data-element_type=\"widget\" data-settings=\"{&quot;_animation&quot;:&quot;fadeInUp&quot;}\" data-widget_type=\"heading.default\">\n\t\t\t\t<div class=\"elementor-widget-container\">\n\t\t\t<h2 class=\"elementor-heading-title elementor-size-default\">Konfiguracja typu plug-in bez wbudowanego akumulatora (obejrzyj wideo)<\/h2>\t\t<\/div>\n\t\t\t\t<\/div>\n\t\t\t\t<div class=\"elementor-element elementor-element-91f432c elementor-widget elementor-widget-text-editor\" data-id=\"91f432c\" data-element_type=\"widget\" data-widget_type=\"text-editor.default\">\n\t\t\t\t<div class=\"elementor-widget-container\">\n\t\t\t\t\t\t\tJak u\u017cywa\u0107; pod\u0142\u0105cz, aby na\u0142adowa\u0107 i u\u017cywa\u0107.\t\t\t\t\t\t<\/div>\n\t\t\t\t<\/div>\n\t\t\t\t<div class=\"elementor-element elementor-element-b13ce6c elementor-invisible elementor-widget elementor-widget-heading\" data-id=\"b13ce6c\" data-element_type=\"widget\" data-settings=\"{&quot;_animation&quot;:&quot;fadeInUp&quot;}\" data-widget_type=\"heading.default\">\n\t\t\t\t<div class=\"elementor-widget-container\">\n\t\t\t<h2 class=\"elementor-heading-title elementor-size-default\">Bezpiecze\u0144stwo<\/h2>\t\t<\/div>\n\t\t\t\t<\/div>\n\t\t\t\t<div class=\"elementor-element elementor-element-3fd4e20 elementor-widget elementor-widget-html\" data-id=\"3fd4e20\" data-element_type=\"widget\" data-widget_type=\"html.default\">\n\t\t\t\t<div class=\"elementor-widget-container\">\n\t\t\t<ol class=\"number_list_type\"><li>U\u017cywaj lalki na \u0142\u00f3\u017cku, nie pozw\u00f3l, aby sk\u00f3ra zosta\u0142a uszkodzona przez ostre przedmioty i ostre kraw\u0119dzie.<\/li>\n<li>Upewnij si\u0119, \u017ce elektryczne biodro jest wy\u0142\u0105czone za ka\u017cdym razem, gdy musisz odwr\u00f3ci\u0107 lalk\u0119 erotyczn\u0105 lub zmieni\u0107 jej pozycj\u0119.\n<\/li>\n<li>\n    Je\u015bli u\u017cywasz go nieprzerwanie przez dwie godziny, pozw\u00f3l lalce erotycznej odpocz\u0105\u0107 przez co najmniej dziesi\u0119\u0107-trzydzie\u015bci minut.\n<\/li>\n<li>\n    Po ka\u017cdym u\u017cyciu lalki erotycznej wyczy\u015b\u0107 obszar kontaktu i na\u0142\u00f3\u017c na niego proszek.\n<\/li>\n<li>\n    Nie mo\u017cna sprawi\u0107, aby lalka erotyczna wykonywa\u0142a elektryczne biodra, automatyczne ssanie lub automatyczne robienie loda za jednym razem.\n<\/li>\n<\/ol>\t\t<\/div>\n\t\t\t\t<\/div>\n\t\t\t\t\t<\/div>\n\t\t<\/div>\n\t\t\t\t\t\t\t<\/div>\n\t\t<\/section>\n\t\t\t\t\t\t\t<\/div>","protected":false},"excerpt":{"rendered":"<p>Elektryczne biodra seks lalki Biodra s\u0105 modne, a je\u015bli chcesz, aby kobieta mia\u0142a jedno i chcesz do\u015bwiadczy\u0107 wi\u0119kszej satysfakcji seksualnej, mamy opcj\u0119 \u201eElektryczne biodra\u201d do ruchomych lalek seksualnych, aby spe\u0142ni\u0107 wszystkie Twoje potrzeby i specyfikacje. Aplikacja mo\u017ce by\u0107 wykonana na lalkach pe\u0142nowymiarowych. Kliknij ten link, aby sprawdzi\u0107 nasz\u0105 kolekcj\u0119 elektrycznych lalek seksualnych. Zobacz demo elektrycznej lalki seksualnej poni\u017cej. http:\/\/renodoll.com\/wp-content\/uploads\/2023\/03\/kb-electric-doll.mp4 1. Wersja bez mo\u017cliwo\u015bci \u0142adowania (nie ma wbudowanej baterii, jest typu plug-and-play) &gt; Zasilacz: napi\u0119cie wej\u015bciowe zasilania 100 V\u2014240 V, napi\u0119cie\/pr\u0105d wyj\u015bciowy 24 V\/3 A &gt; Standard certyfikacji; Moc CE 2.<\/p>","protected":false},"author":1,"featured_media":0,"parent":0,"menu_order":0,"comment_status":"closed","ping_status":"closed","template":"","meta":{"footnotes":""},"class_list":["post-5425","page","type-page","status-publish","hentry"],"aioseo_notices":[],"_links":{"self":[{"href":"https:\/\/renodoll.com\/pl\/wp-json\/wp\/v2\/pages\/5425","targetHints":{"allow":["GET"]}}],"collection":[{"href":"https:\/\/renodoll.com\/pl\/wp-json\/wp\/v2\/pages"}],"about":[{"href":"https:\/\/renodoll.com\/pl\/wp-json\/wp\/v2\/types\/page"}],"author":[{"embeddable":true,"href":"https:\/\/renodoll.com\/pl\/wp-json\/wp\/v2\/users\/1"}],"replies":[{"embeddable":true,"href":"https:\/\/renodoll.com\/pl\/wp-json\/wp\/v2\/comments?post=5425"}],"version-history":[{"count":52,"href":"https:\/\/renodoll.com\/pl\/wp-json\/wp\/v2\/pages\/5425\/revisions"}],"predecessor-version":[{"id":15989,"href":"https:\/\/renodoll.com\/pl\/wp-json\/wp\/v2\/pages\/5425\/revisions\/15989"}],"wp:attachment":[{"href":"https:\/\/renodoll.com\/pl\/wp-json\/wp\/v2\/media?parent=5425"}],"curies":[{"name":"wp","href":"https:\/\/api.w.org\/{rel}","templated":true}]}}