{"id":5394,"date":"2023-02-22T16:53:11","date_gmt":"2023-02-22T08:53:11","guid":{"rendered":"https:\/\/renodoll.com\/?page_id=5394"},"modified":"2023-04-24T20:06:46","modified_gmt":"2023-04-24T12:06:46","slug":"sex-doll-maintenance","status":"publish","type":"page","link":"https:\/\/renodoll.com\/pl\/konserwacja-lalek-erotycznych\/","title":{"rendered":"Konserwacja lalek seksu"},"content":{"rendered":"<div data-elementor-type=\"wp-page\" data-elementor-id=\"5394\" class=\"elementor elementor-5394\">\n\t\t\t\t\t\t\t\t\t<section class=\"elementor-section elementor-top-section elementor-element elementor-element-b863e45 elementor-section-boxed elementor-section-height-default elementor-section-height-default\" data-id=\"b863e45\" data-element_type=\"section\">\n\t\t\t\t\t\t<div class=\"elementor-container elementor-column-gap-default\">\n\t\t\t\t\t<div class=\"elementor-column elementor-col-100 elementor-top-column elementor-element elementor-element-d06ff7c page-content-text\" data-id=\"d06ff7c\" data-element_type=\"column\">\n\t\t\t<div class=\"elementor-widget-wrap elementor-element-populated\">\n\t\t\t\t\t\t\t\t<div class=\"elementor-element elementor-element-cc13aac elementor-invisible elementor-widget elementor-widget-heading\" data-id=\"cc13aac\" data-element_type=\"widget\" data-settings=\"{&quot;_animation&quot;:&quot;fadeInUp&quot;}\" data-widget_type=\"heading.default\">\n\t\t\t\t<div class=\"elementor-widget-container\">\n\t\t\t<style>\/*! elementor - v3.10.2 - 29-01-2023 *\/\n.elementor-heading-title{padding:0;margin:0;line-height:1}.elementor-widget-heading .elementor-heading-title[class*=elementor-size-]>a{color:inherit;font-size:inherit;line-height:inherit}.elementor-widget-heading .elementor-heading-title.elementor-size-small{font-size:15px}.elementor-widget-heading .elementor-heading-title.elementor-size-medium{font-size:19px}.elementor-widget-heading .elementor-heading-title.elementor-size-large{font-size:29px}.elementor-widget-heading .elementor-heading-title.elementor-size-xl{font-size:39px}.elementor-widget-heading .elementor-heading-title.elementor-size-xxl{font-size:59px}<\/style><h2 class=\"elementor-heading-title elementor-size-default\">PIEL\u0118GNACJA POWIERZCHNI SILIKONOWEJ<\/h2>\t\t<\/div>\n\t\t\t\t<\/div>\n\t\t\t\t<section class=\"elementor-section elementor-inner-section elementor-element elementor-element-b9cb035 elementor-section-boxed elementor-section-height-default elementor-section-height-default\" data-id=\"b9cb035\" data-element_type=\"section\">\n\t\t\t\t\t\t<div class=\"elementor-container elementor-column-gap-default\">\n\t\t\t\t\t<div class=\"elementor-column elementor-col-100 elementor-inner-column elementor-element elementor-element-3145bdb\" data-id=\"3145bdb\" data-element_type=\"column\">\n\t\t\t<div class=\"elementor-widget-wrap elementor-element-populated\">\n\t\t\t\t\t\t\t\t<div class=\"elementor-element elementor-element-8958d6e elementor-invisible elementor-widget elementor-widget-heading\" data-id=\"8958d6e\" data-element_type=\"widget\" data-settings=\"{&quot;_animation&quot;:&quot;fadeInUp&quot;}\" data-widget_type=\"heading.default\">\n\t\t\t\t<div class=\"elementor-widget-container\">\n\t\t\t<h2 class=\"elementor-heading-title elementor-size-default\">Wprowadzenie do piel\u0119gnacji lalek erotycznych<\/h2>\t\t<\/div>\n\t\t\t\t<\/div>\n\t\t\t\t<div class=\"elementor-element elementor-element-5c55386 elementor-widget elementor-widget-text-editor\" data-id=\"5c55386\" data-element_type=\"widget\" data-widget_type=\"text-editor.default\">\n\t\t\t\t<div class=\"elementor-widget-container\">\n\t\t\t<style>\/*! elementor - v3.10.2 - 29-01-2023 *\/\n.elementor-widget-text-editor.elementor-drop-cap-view-stacked .elementor-drop-cap{background-color:#818a91;color:#fff}.elementor-widget-text-editor.elementor-drop-cap-view-framed .elementor-drop-cap{color:#818a91;border:3px solid;background-color:transparent}.elementor-widget-text-editor:not(.elementor-drop-cap-view-default) .elementor-drop-cap{margin-top:8px}.elementor-widget-text-editor:not(.elementor-drop-cap-view-default) .elementor-drop-cap-letter{width:1em;height:1em}.elementor-widget-text-editor .elementor-drop-cap{float:left;text-align:center;line-height:1;font-size:50px}.elementor-widget-text-editor .elementor-drop-cap-letter{display:inline-block}<\/style>\t\t\t\t<p>Do duplikacji sk\u00f3ry modelu lalki u\u017cywamy obcego polimeru, gumy silikonowej do cia\u0142a ludzkiego, jako wyposa\u017cenia, kt\u00f3re jest nietoksyczne i bezwonne.<\/p>\t\t\t\t\t\t<\/div>\n\t\t\t\t<\/div>\n\t\t\t\t<div class=\"elementor-element elementor-element-ce0966c elementor-widget elementor-widget-text-editor\" data-id=\"ce0966c\" data-element_type=\"widget\" data-widget_type=\"text-editor.default\">\n\t\t\t\t<div class=\"elementor-widget-container\">\n\t\t\t\t\t\t\tGdy materia\u0142y silikonowe nie s\u0105 u\u017cywane przez d\u0142u\u017cszy czas, na ich powierzchni mo\u017ce nast\u0105pi\u0107 rozlanie oleju z powodu oleju silikonowego zawartego w formule silikonowej, co jest cz\u0119stym zjawiskiem.\t\t\t\t\t\t<\/div>\n\t\t\t\t<\/div>\n\t\t\t\t<div class=\"elementor-element elementor-element-28b24ad elementor-widget elementor-widget-text-editor\" data-id=\"28b24ad\" data-element_type=\"widget\" data-widget_type=\"text-editor.default\">\n\t\t\t\t<div class=\"elementor-widget-container\">\n\t\t\t\t\t\t\tWystarczy delikatnie wyczy\u015bci\u0107 powierzchni\u0119 dowoln\u0105 czyst\u0105 tkanin\u0105. Ponadto, je\u015bli lalki erotyczne nie s\u0105 u\u017cywane przez d\u0142u\u017cszy czas, ich powierzchnie zostan\u0105 poplamione olejem; to znaczy, aby utrzyma\u0107 silikonow\u0105 os\u0142on\u0119 w czysto\u015bci i bezpiecze\u0144stwie, aby zapewni\u0107 lepsz\u0105 wydajno\u015b\u0107, zawsze przeprowadzaj rutynow\u0105 kontrol\u0119 i regularnie przeprowadzaj konserwacj\u0119.\t\t\t\t\t\t<\/div>\n\t\t\t\t<\/div>\n\t\t\t\t<div class=\"elementor-element elementor-element-1003aec elementor-widget elementor-widget-text-editor\" data-id=\"1003aec\" data-element_type=\"widget\" data-widget_type=\"text-editor.default\">\n\t\t\t\t<div class=\"elementor-widget-container\">\n\t\t\t\t\t\t\tSzacowany czas czyszczenia r\u00f3\u017cni si\u0119 w zale\u017cno\u015bci od zakresu obowi\u0105zk\u00f3w i domeny magazynu. Og\u00f3lnie rzecz bior\u0105c, akceptowalna jest comiesi\u0119czna rutyna.\t\t\t\t\t\t<\/div>\n\t\t\t\t<\/div>\n\t\t\t\t\t<\/div>\n\t\t<\/div>\n\t\t\t\t\t\t\t<\/div>\n\t\t<\/section>\n\t\t\t\t<div class=\"elementor-element elementor-element-e5c4aaa elementor-invisible elementor-widget elementor-widget-heading\" data-id=\"e5c4aaa\" data-element_type=\"widget\" data-settings=\"{&quot;_animation&quot;:&quot;fadeInUp&quot;}\" data-widget_type=\"heading.default\">\n\t\t\t\t<div class=\"elementor-widget-container\">\n\t\t\t<h2 class=\"elementor-heading-title elementor-size-default\">Metoda rutynowej konserwacji lalek erotycznych <\/h2>\t\t<\/div>\n\t\t\t\t<\/div>\n\t\t\t\t<div class=\"elementor-element elementor-element-6d7a9f6 elementor-widget elementor-widget-text-editor\" data-id=\"6d7a9f6\" data-element_type=\"widget\" data-widget_type=\"text-editor.default\">\n\t\t\t\t<div class=\"elementor-widget-container\">\n\t\t\t\t\t\t\tNajpierw zanurz tkanin\u0119 w letniej wodzie i u\u017cyj jej do dok\u0142adnego oczyszczenia powierzchni lalek. Je\u015bli na powierzchni silikonowej znajduje si\u0119 brud lub lepka plama, ostro\u017cnie przetrzyj j\u0105 kilka razy wod\u0105 z myd\u0142em i nie wycieraj jej na si\u0142\u0119.\t\t\t\t\t\t<\/div>\n\t\t\t\t<\/div>\n\t\t\t\t<div class=\"elementor-element elementor-element-9ea4cf7 elementor-widget elementor-widget-text-editor\" data-id=\"9ea4cf7\" data-element_type=\"widget\" data-widget_type=\"text-editor.default\">\n\t\t\t\t<div class=\"elementor-widget-container\">\n\t\t\t\t\t\t\tPodczas czyszczenia powierzchni silikonu staraj si\u0119 nie u\u017cywa\u0107 niebezpiecznych \u015brodk\u00f3w czyszcz\u0105cych, takich jak mocne roztwory kwas\u00f3w i zasad, silne detergenty w postaci roztwor\u00f3w dezynfekcyjnych itp.\t\t\t\t\t\t<\/div>\n\t\t\t\t<\/div>\n\t\t\t\t<div class=\"elementor-element elementor-element-3cf20d9 elementor-widget elementor-widget-text-editor\" data-id=\"3cf20d9\" data-element_type=\"widget\" data-widget_type=\"text-editor.default\">\n\t\t\t\t<div class=\"elementor-widget-container\">\n\t\t\t\t\t\t\tDo wcierania mo\u017cna u\u017cy\u0107 \u0142agodnego myd\u0142a, detergentu w p\u0142ynie, szamponu lub \u017celu pod prysznic.\t\t\t\t\t\t<\/div>\n\t\t\t\t<\/div>\n\t\t\t\t<div class=\"elementor-element elementor-element-ece45d6 elementor-widget elementor-widget-image\" data-id=\"ece45d6\" data-element_type=\"widget\" data-widget_type=\"image.default\">\n\t\t\t\t<div class=\"elementor-widget-container\">\n\t\t\t<style>\/*! elementor - v3.10.2 - 29-01-2023 *\/\n.elementor-widget-image{text-align:center}.elementor-widget-image a{display:inline-block}.elementor-widget-image a img[src$=\".svg\"]{width:48px}.elementor-widget-image img{vertical-align:middle;display:inline-block}<\/style>\t\t\t\t\t\t\t\t\t\t\t\t<img loading=\"lazy\" decoding=\"async\" width=\"770\" height=\"213\" src=\"https:\/\/renodoll.com\/wp-content\/uploads\/2023\/03\/kb-maintain-1.gif\" class=\"attachment-large size-large wp-image-14560\" alt=\"\" \/>\t\t\t\t\t\t\t\t\t\t\t\t\t\t\t<\/div>\n\t\t\t\t<\/div>\n\t\t\t\t<div class=\"elementor-element elementor-element-018d411 elementor-widget elementor-widget-text-editor\" data-id=\"018d411\" data-element_type=\"widget\" data-widget_type=\"text-editor.default\">\n\t\t\t\t<div class=\"elementor-widget-container\">\n\t\t\t\t\t\t\tPo u\u017cyciu wyczy\u015b\u0107 i osusz powierzchni\u0119, a nast\u0119pnie na\u0142\u00f3\u017c k\u0105piel lub talk na \u017cyw\u0105 lalk\u0119; podczas wykonywania tej operacji nale\u017cy nosi\u0107 mask\u0119 na twarz, aby unikn\u0105\u0107 wdychania py\u0142u.\t\t\t\t\t\t<\/div>\n\t\t\t\t<\/div>\n\t\t\t\t<div class=\"elementor-element elementor-element-8d314f9 elementor-invisible elementor-widget elementor-widget-heading\" data-id=\"8d314f9\" data-element_type=\"widget\" data-settings=\"{&quot;_animation&quot;:&quot;fadeInUp&quot;}\" data-widget_type=\"heading.default\">\n\t\t\t\t<div class=\"elementor-widget-container\">\n\t\t\t<h2 class=\"elementor-heading-title elementor-size-default\">Piel\u0119gnacja cz\u0119\u015bci staw\u00f3w <\/h2>\t\t<\/div>\n\t\t\t\t<\/div>\n\t\t\t\t<div class=\"elementor-element elementor-element-db124c9 elementor-widget elementor-widget-text-editor\" data-id=\"db124c9\" data-element_type=\"widget\" data-widget_type=\"text-editor.default\">\n\t\t\t\t<div class=\"elementor-widget-container\">\n\t\t\t\t\t\t\tCz\u0119\u015b\u0107 stawowa nie powinna zbyt d\u0142ugo pozostawa\u0107 pochylona, w przeciwnym razie na jej powierzchni pojawi\u0105 si\u0119 zmarszczki na skutek nieprawid\u0142owego jej u\u0142o\u017cenia spowodowanego d\u0142ugotrwa\u0142ym naciskiem na sk\u00f3r\u0119. Na przyk\u0142ad, je\u015bli przez d\u0142u\u017cszy czas b\u0119dzie siedzia\u0142 na kanapie, na jego brzuchu pojawi si\u0119 pozioma linia.\t\t\t\t\t\t<\/div>\n\t\t\t\t<\/div>\n\t\t\t\t<div class=\"elementor-element elementor-element-c56c12b elementor-widget elementor-widget-image\" data-id=\"c56c12b\" data-element_type=\"widget\" data-widget_type=\"image.default\">\n\t\t\t\t<div class=\"elementor-widget-container\">\n\t\t\t\t\t\t\t\t\t\t\t\t\t\t\t<img loading=\"lazy\" decoding=\"async\" width=\"770\" height=\"332\" src=\"https:\/\/renodoll.com\/wp-content\/uploads\/2023\/03\/kb-maintain-2.gif\" class=\"attachment-large size-large wp-image-14561\" alt=\"\" \/>\t\t\t\t\t\t\t\t\t\t\t\t\t\t\t<\/div>\n\t\t\t\t<\/div>\n\t\t\t\t<div class=\"elementor-element elementor-element-04e7cc1 elementor-widget elementor-widget-text-editor\" data-id=\"04e7cc1\" data-element_type=\"widget\" data-widget_type=\"text-editor.default\">\n\t\t\t\t<div class=\"elementor-widget-container\">\n\t\t\t\t\t\t\tSilikon ma trwa\u0142o\u015b\u0107; lalka erotyczna nie jest u\u017cywana; prosz\u0119 zapakowa\u0107 go w taki sam spos\u00f3b, w jaki wyszed\u0142 z fabryki; zmniejszy to nacisk na wszystkie stawy. Je\u015bli pojawi\u0105 si\u0119 jakie\u015b zagniecenia i zmarszczki, od\u0142\u00f3\u017c realistyczn\u0105 lalk\u0119 seksu na kilka dni, a ona zniknie.\t\t\t\t\t\t<\/div>\n\t\t\t\t<\/div>\n\t\t\t\t<div class=\"elementor-element elementor-element-30b6d21 elementor-invisible elementor-widget elementor-widget-heading\" data-id=\"30b6d21\" data-element_type=\"widget\" data-settings=\"{&quot;_animation&quot;:&quot;fadeInUp&quot;}\" data-widget_type=\"heading.default\">\n\t\t\t\t<div class=\"elementor-widget-container\">\n\t\t\t<h2 class=\"elementor-heading-title elementor-size-default\">Piel\u0119gnacja realistycznej pow\u0142oki lalki erotycznej <\/h2>\t\t<\/div>\n\t\t\t\t<\/div>\n\t\t\t\t<div class=\"elementor-element elementor-element-56ee739 elementor-widget elementor-widget-html\" data-id=\"56ee739\" data-element_type=\"widget\" data-widget_type=\"html.default\">\n\t\t\t\t<div class=\"elementor-widget-container\">\n\t\t\t<ol class=\"number_list_type\"><li>Pi\u0119kny makija\u017c wykonany na lalce mi\u0142osnej wysy\u0142anej do naszych klient\u00f3w to silikonowa pow\u0142oka, kt\u00f3rej nie da si\u0119 oczy\u015bci\u0107<\/li>\n<li>Nie czy\u015b\u0107 go na si\u0142\u0119, zw\u0142aszcza je\u015bli makija\u017c znajduje si\u0119 na twarzy, brwiach i rz\u0119sach lalki naturalnej wielko\u015bci. Prosimy zwr\u00f3ci\u0107 szczeg\u00f3ln\u0105 uwag\u0119 na si\u0142\u0119 zastosowan\u0105 podczas rutynowego czyszczenia prawdziwej lalki erotycznej naturalnej wielko\u015bci.\n<\/li>\n<li>Je\u015bli zastosujesz du\u017c\u0105 si\u0142\u0119, w\u0142osy si\u0119 wyrw\u0105, a ich kolor r\u00f3wnie\u017c zniknie, gdy kolor zniknie; trudno jest dokona\u0107 naprawy.<\/li>\n<li>Do makija\u017cu lalek erotycznych mo\u017cna u\u017cywa\u0107 kosmetyk\u00f3w og\u00f3lnych, np. szminki itp.<\/li>\n<li>Unikaj nak\u0142adania zbyt g\u0119stej i lepkiej ma\u015bci na twarz, gdy\u017c b\u0119dzie ona trudna do zetarcia.<\/li>\n<li>Zmieniaj\u0105c makija\u017c, nie nale\u017cy go niedbale przeciera\u0107 z du\u017c\u0105 ilo\u015bci\u0105 energii; Do czyszczenia nale\u017cy ostro\u017cnie u\u017cywa\u0107 wody z myd\u0142em lub chusteczki do twarzy.<\/li>\n<\/ol>\t\t<\/div>\n\t\t\t\t<\/div>\n\t\t\t\t\t<\/div>\n\t\t<\/div>\n\t\t\t\t\t\t\t<\/div>\n\t\t<\/section>\n\t\t\t\t\t\t\t<\/div>","protected":false},"excerpt":{"rendered":"<p>PIEL\u0118GNACJA POWIERZCHNI SILIKONOWEJ Piel\u0119gnacja lalki seksualnej Wprowadzenie Do duplikatu sk\u00f3ry modelu lalki u\u017cywamy obcego polimeru gumy silikonowej ludzkiego cia\u0142a jako jej wyposa\u017cenia, kt\u00f3ra jest nietoksyczna i bezwonna. Gdy materia\u0142y silikonowe nie s\u0105 u\u017cywane przez d\u0142ugi czas, na ich powierzchniach pojawi si\u0119 wyciek oleju z powodu oleju silikonowego zamkni\u0119tego w formule silikonowej, a to jest normalne zjawisko. Wystarczy delikatnie wyczy\u015bci\u0107 powierzchni\u0119 dowoln\u0105 czyst\u0105 tkanin\u0105. Ponadto, gdy lalki seksualne nie s\u0105 u\u017cywane przez d\u0142u\u017cszy czas, ich powierzchnie zostan\u0105 poplamione<\/p>","protected":false},"author":1,"featured_media":0,"parent":0,"menu_order":0,"comment_status":"closed","ping_status":"closed","template":"","meta":{"footnotes":""},"class_list":["post-5394","page","type-page","status-publish","hentry"],"aioseo_notices":[],"_links":{"self":[{"href":"https:\/\/renodoll.com\/pl\/wp-json\/wp\/v2\/pages\/5394","targetHints":{"allow":["GET"]}}],"collection":[{"href":"https:\/\/renodoll.com\/pl\/wp-json\/wp\/v2\/pages"}],"about":[{"href":"https:\/\/renodoll.com\/pl\/wp-json\/wp\/v2\/types\/page"}],"author":[{"embeddable":true,"href":"https:\/\/renodoll.com\/pl\/wp-json\/wp\/v2\/users\/1"}],"replies":[{"embeddable":true,"href":"https:\/\/renodoll.com\/pl\/wp-json\/wp\/v2\/comments?post=5394"}],"version-history":[{"count":55,"href":"https:\/\/renodoll.com\/pl\/wp-json\/wp\/v2\/pages\/5394\/revisions"}],"predecessor-version":[{"id":16006,"href":"https:\/\/renodoll.com\/pl\/wp-json\/wp\/v2\/pages\/5394\/revisions\/16006"}],"wp:attachment":[{"href":"https:\/\/renodoll.com\/pl\/wp-json\/wp\/v2\/media?parent=5394"}],"curies":[{"name":"wp","href":"https:\/\/api.w.org\/{rel}","templated":true}]}}