{"id":5347,"date":"2023-02-22T14:44:51","date_gmt":"2023-02-22T06:44:51","guid":{"rendered":"https:\/\/renodoll.com\/?page_id=5347"},"modified":"2023-06-24T19:07:30","modified_gmt":"2023-06-24T11:07:30","slug":"auto-blowjob-sex-doll","status":"publish","type":"page","link":"https:\/\/renodoll.com\/pl\/lalka-z-automatycznym-obciaganiem-i-seksem\/","title":{"rendered":"Automatyczna lalka erotyczna"},"content":{"rendered":"<div data-elementor-type=\"wp-page\" data-elementor-id=\"5347\" class=\"elementor elementor-5347\">\n\t\t\t\t\t\t\t\t\t<section class=\"elementor-section elementor-top-section elementor-element elementor-element-09aec2c elementor-section-boxed elementor-section-height-default elementor-section-height-default\" data-id=\"09aec2c\" data-element_type=\"section\">\n\t\t\t\t\t\t<div class=\"elementor-container elementor-column-gap-default\">\n\t\t\t\t\t<div class=\"elementor-column elementor-col-100 elementor-top-column elementor-element elementor-element-7bf6429 page-content-text\" data-id=\"7bf6429\" data-element_type=\"column\">\n\t\t\t<div class=\"elementor-widget-wrap elementor-element-populated\">\n\t\t\t\t\t\t\t\t<div class=\"elementor-element elementor-element-2f4c251 elementor-invisible elementor-widget elementor-widget-heading\" data-id=\"2f4c251\" data-element_type=\"widget\" data-settings=\"{&quot;_animation&quot;:&quot;fadeInUp&quot;}\" data-widget_type=\"heading.default\">\n\t\t\t\t<div class=\"elementor-widget-container\">\n\t\t\t<style>\/*! elementor - v3.10.2 - 29-01-2023 *\/\n.elementor-heading-title{padding:0;margin:0;line-height:1}.elementor-widget-heading .elementor-heading-title[class*=elementor-size-]>a{color:inherit;font-size:inherit;line-height:inherit}.elementor-widget-heading .elementor-heading-title.elementor-size-small{font-size:15px}.elementor-widget-heading .elementor-heading-title.elementor-size-medium{font-size:19px}.elementor-widget-heading .elementor-heading-title.elementor-size-large{font-size:29px}.elementor-widget-heading .elementor-heading-title.elementor-size-xl{font-size:39px}.elementor-widget-heading .elementor-heading-title.elementor-size-xxl{font-size:59px}<\/style><h2 class=\"elementor-heading-title elementor-size-default\">Automatyczna rutyna seksu oralnego<\/h2>\t\t<\/div>\n\t\t\t\t<\/div>\n\t\t\t\t<div class=\"elementor-element elementor-element-f7efe5c elementor-widget elementor-widget-text-editor\" data-id=\"f7efe5c\" data-element_type=\"widget\" data-widget_type=\"text-editor.default\">\n\t\t\t\t<div class=\"elementor-widget-container\">\n\t\t\t<style>\/*! elementor - v3.10.2 - 29-01-2023 *\/\n.elementor-widget-text-editor.elementor-drop-cap-view-stacked .elementor-drop-cap{background-color:#818a91;color:#fff}.elementor-widget-text-editor.elementor-drop-cap-view-framed .elementor-drop-cap{color:#818a91;border:3px solid;background-color:transparent}.elementor-widget-text-editor:not(.elementor-drop-cap-view-default) .elementor-drop-cap{margin-top:8px}.elementor-widget-text-editor:not(.elementor-drop-cap-view-default) .elementor-drop-cap-letter{width:1em;height:1em}.elementor-widget-text-editor .elementor-drop-cap{float:left;text-align:center;line-height:1;font-size:50px}.elementor-widget-text-editor .elementor-drop-cap-letter{display:inline-block}<\/style>\t\t\t\tBy\u0107 mo\u017ce potrzebujesz czu\u0142ej kobiety lub pragniesz bardziej ekscytuj\u0105cego i przyjemniejszego pop\u0119du seksualnego. Je\u015bli chcesz realistycznego seksu, tutaj mamy dla Ciebie satysfakcjonuj\u0105cy wyb\u00f3r.\t\t\t\t\t\t<\/div>\n\t\t\t\t<\/div>\n\t\t\t\t<section class=\"elementor-section elementor-inner-section elementor-element elementor-element-b5bb391 elementor-section-boxed elementor-section-height-default elementor-section-height-default\" data-id=\"b5bb391\" data-element_type=\"section\">\n\t\t\t\t\t\t<div class=\"elementor-container elementor-column-gap-default\">\n\t\t\t\t\t<div class=\"elementor-column elementor-col-50 elementor-inner-column elementor-element elementor-element-c05a3a8 elementor-invisible\" data-id=\"c05a3a8\" data-element_type=\"column\" data-settings=\"{&quot;animation&quot;:&quot;fadeInLeft&quot;}\">\n\t\t\t<div class=\"elementor-widget-wrap elementor-element-populated\">\n\t\t\t\t\t\t\t\t<div class=\"elementor-element elementor-element-0cdc0d0 elementor-widget elementor-widget-text-editor\" data-id=\"0cdc0d0\" data-element_type=\"widget\" data-widget_type=\"text-editor.default\">\n\t\t\t\t<div class=\"elementor-widget-container\">\n\t\t\t\t\t\t\tRenoDoll przedstawia alternatyw\u0119 dla ruchu w postaci \u201eautomatycznego seksu oralnego\u201d. <span title=\"sekslalka z w\u0142asnym obci\u0105ganiem\">lalka seksu<\/span> i mo\u017ce spe\u0142ni\u0107 wszystkie Twoje pragnienia. Mo\u017cna przypisa\u0107 do cia\u0142a pe\u0142nowymiarow\u0105 lalk\u0119 mi\u0142o\u015bci. Prosimy zalogowa\u0107 si\u0119 na nasz\u0105 stron\u0119 internetow\u0105 poni\u017cej, aby zapozna\u0107 si\u0119 z kompilacj\u0105 z Auto Oral Sex.\t\t\t\t\t\t<\/div>\n\t\t\t\t<\/div>\n\t\t\t\t<div class=\"elementor-element elementor-element-4ef8f1c elementor-align-left elementor-icon-list--layout-traditional elementor-list-item-link-full_width elementor-widget elementor-widget-icon-list\" data-id=\"4ef8f1c\" data-element_type=\"widget\" data-widget_type=\"icon-list.default\">\n\t\t\t\t<div class=\"elementor-widget-container\">\n\t\t\t<link rel=\"stylesheet\" href=\"https:\/\/renodoll.com\/wp-content\/plugins\/elementor\/assets\/css\/widget-icon-list.min.css\">\t\t<ul class=\"elementor-icon-list-items\">\n\t\t\t\t\t\t\t<li class=\"elementor-icon-list-item\">\n\t\t\t\t\t\t\t\t\t\t\t<span class=\"elementor-icon-list-icon\">\n\t\t\t\t\t\t\t<i aria-hidden=\"true\" class=\"fas fa-check\"><\/i>\t\t\t\t\t\t<\/span>\n\t\t\t\t\t\t\t\t\t\t<span class=\"elementor-icon-list-text\">Chodz\u0105ca lalka. <\/span>\n\t\t\t\t\t\t\t\t\t<\/li>\n\t\t\t\t\t\t\t\t<li class=\"elementor-icon-list-item\">\n\t\t\t\t\t\t\t\t\t\t\t<span class=\"elementor-icon-list-icon\">\n\t\t\t\t\t\t\t<i aria-hidden=\"true\" class=\"fas fa-check\"><\/i>\t\t\t\t\t\t<\/span>\n\t\t\t\t\t\t\t\t\t\t<span class=\"elementor-icon-list-text\">Przyspieszenie mo\u017cna modyfikowa\u0107.<\/span>\n\t\t\t\t\t\t\t\t\t<\/li>\n\t\t\t\t\t\t\t\t<li class=\"elementor-icon-list-item\">\n\t\t\t\t\t\t\t\t\t\t\t<span class=\"elementor-icon-list-icon\">\n\t\t\t\t\t\t\t<i aria-hidden=\"true\" class=\"fas fa-check\"><\/i>\t\t\t\t\t\t<\/span>\n\t\t\t\t\t\t\t\t\t\t<span class=\"elementor-icon-list-text\">Dost\u0119pna jest edycja podw\u00f3jna:<\/span>\n\t\t\t\t\t\t\t\t\t<\/li>\n\t\t\t\t\t\t<\/ul>\n\t\t\t\t<\/div>\n\t\t\t\t<\/div>\n\t\t\t\t\t<\/div>\n\t\t<\/div>\n\t\t\t\t<div class=\"elementor-column elementor-col-50 elementor-inner-column elementor-element elementor-element-9c59ec7 elementor-invisible\" data-id=\"9c59ec7\" data-element_type=\"column\" data-settings=\"{&quot;animation&quot;:&quot;fadeInRight&quot;}\">\n\t\t\t<div class=\"elementor-widget-wrap elementor-element-populated\">\n\t\t\t\t\t\t\t\t<div class=\"elementor-element elementor-element-9b51cca elementor-widget elementor-widget-image\" data-id=\"9b51cca\" data-element_type=\"widget\" data-widget_type=\"image.default\">\n\t\t\t\t<div class=\"elementor-widget-container\">\n\t\t\t<style>\/*! elementor - v3.10.2 - 29-01-2023 *\/\n.elementor-widget-image{text-align:center}.elementor-widget-image a{display:inline-block}.elementor-widget-image a img[src$=\".svg\"]{width:48px}.elementor-widget-image img{vertical-align:middle;display:inline-block}<\/style>\t\t\t\t\t\t\t\t\t\t\t\t<img loading=\"lazy\" decoding=\"async\" width=\"480\" height=\"217\" src=\"https:\/\/renodoll.com\/wp-content\/uploads\/2023\/03\/oral.png\" class=\"attachment-large size-large wp-image-6591\" alt=\"Automatyczna lalka erotyczna\" srcset=\"https:\/\/renodoll.com\/wp-content\/uploads\/2023\/03\/oral.png 480w, https:\/\/renodoll.com\/wp-content\/uploads\/2023\/03\/oral-300x136.png 300w, https:\/\/renodoll.com\/wp-content\/uploads\/2023\/03\/oral-18x8.png 18w, https:\/\/renodoll.com\/wp-content\/uploads\/2023\/03\/oral-100x45.png 100w, https:\/\/renodoll.com\/wp-content\/uploads\/2023\/03\/oral-10x5.png 10w\" sizes=\"auto, (max-width: 480px) 100vw, 480px\" \/>\t\t\t\t\t\t\t\t\t\t\t\t\t\t\t<\/div>\n\t\t\t\t<\/div>\n\t\t\t\t\t<\/div>\n\t\t<\/div>\n\t\t\t\t\t\t\t<\/div>\n\t\t<\/section>\n\t\t\t\t<div class=\"elementor-element elementor-element-bb1687c elementor-invisible elementor-widget elementor-widget-heading\" data-id=\"bb1687c\" data-element_type=\"widget\" data-settings=\"{&quot;_animation&quot;:&quot;fadeInUp&quot;}\" data-widget_type=\"heading.default\">\n\t\t\t\t<div class=\"elementor-widget-container\">\n\t\t\t<h2 class=\"elementor-heading-title elementor-size-default\">Nie\u0142adowalna wersja wtyczki i model flirtu bez wbudowanej baterii<\/h2>\t\t<\/div>\n\t\t\t\t<\/div>\n\t\t\t\t<div class=\"elementor-element elementor-element-869e276 elementor-widget elementor-widget-text-editor\" data-id=\"869e276\" data-element_type=\"widget\" data-widget_type=\"text-editor.default\">\n\t\t\t\t<div class=\"elementor-widget-container\">\n\t\t\t\t\t\t\tZasilacz: pojemno\u015b\u0107 napi\u0119cie wej\u015bciowe 100 V-240 V, napi\u0119cie wyj\u015bciowe 24 V\/3A\t\t\t\t\t\t<\/div>\n\t\t\t\t<\/div>\n\t\t\t\t<div class=\"elementor-element elementor-element-9bfd9a6 elementor-widget elementor-widget-text-editor\" data-id=\"9bfd9a6\" data-element_type=\"widget\" data-widget_type=\"text-editor.default\">\n\t\t\t\t<div class=\"elementor-widget-container\">\n\t\t\t\t\t\t\tStandard certyfikacji: Moc CE\t\t\t\t\t\t<\/div>\n\t\t\t\t<\/div>\n\t\t\t\t<div class=\"elementor-element elementor-element-3ea5d21 elementor-invisible elementor-widget elementor-widget-heading\" data-id=\"3ea5d21\" data-element_type=\"widget\" data-settings=\"{&quot;_animation&quot;:&quot;fadeInUp&quot;}\" data-widget_type=\"heading.default\">\n\t\t\t\t<div class=\"elementor-widget-container\">\n\t\t\t<h2 class=\"elementor-heading-title elementor-size-default\">Model z mo\u017cliwo\u015bci\u0105 \u0142adowania (u\u017cytkowanie nast\u0119puje po ca\u0142kowitym na\u0142adowaniu wbudowanego akumulatora)<\/h2>\t\t<\/div>\n\t\t\t\t<\/div>\n\t\t\t\t<div class=\"elementor-element elementor-element-d867c0b elementor-widget elementor-widget-text-editor\" data-id=\"d867c0b\" data-element_type=\"widget\" data-widget_type=\"text-editor.default\">\n\t\t\t\t<div class=\"elementor-widget-container\">\n\t\t\t\t\t\t\tPojemno\u015b\u0107 baterii: napi\u0119cie robocze 22,2 V, napi\u0119cie niskoci\u015bnieniowe 24 V.\t\t\t\t\t\t<\/div>\n\t\t\t\t<\/div>\n\t\t\t\t<div class=\"elementor-element elementor-element-3566703 elementor-widget elementor-widget-text-editor\" data-id=\"3566703\" data-element_type=\"widget\" data-widget_type=\"text-editor.default\">\n\t\t\t\t<div class=\"elementor-widget-container\">\n\t\t\t\t\t\t\t\u0141adowanie i roz\u0142adowywanie: 280-300 tygodni.\t\t\t\t\t\t<\/div>\n\t\t\t\t<\/div>\n\t\t\t\t<div class=\"elementor-element elementor-element-67fe7ac elementor-widget elementor-widget-text-editor\" data-id=\"67fe7ac\" data-element_type=\"widget\" data-widget_type=\"text-editor.default\">\n\t\t\t\t<div class=\"elementor-widget-container\">\n\t\t\t\t\t\t\tSzybko\u015b\u0107 \u0142adowania: szybkie \u0142adowanie 1,5 godziny.\t\t\t\t\t\t<\/div>\n\t\t\t\t<\/div>\n\t\t\t\t<div class=\"elementor-element elementor-element-cb5dad5 elementor-widget elementor-widget-text-editor\" data-id=\"cb5dad5\" data-element_type=\"widget\" data-widget_type=\"text-editor.default\">\n\t\t\t\t<div class=\"elementor-widget-container\">\n\t\t\t\t\t\t\t<p>Czas u\u017cytkowania: Po ca\u0142kowitym na\u0142adowaniu, podeszwa <a href=\"https:\/\/renodoll.com\/pl\/elektryczna-hip-lalka-seksu\/\">Prawdziwa lalka erotyczna z elektrycznymi biodrami<\/a> mo\u017ce stale dzia\u0142a\u0107 a\u017c do 5 godzin.<\/p>\t\t\t\t\t\t<\/div>\n\t\t\t\t<\/div>\n\t\t\t\t<div class=\"elementor-element elementor-element-8bed1ad elementor-widget elementor-widget-text-editor\" data-id=\"8bed1ad\" data-element_type=\"widget\" data-widget_type=\"text-editor.default\">\n\t\t\t\t<div class=\"elementor-widget-container\">\n\t\t\t\t\t\t\tObw\u00f3d automatycznego seksu oralnego nie mo\u017ce by\u0107 ciasno wype\u0142niony wzruszonymi ramionami.\t\t\t\t\t\t<\/div>\n\t\t\t\t<\/div>\n\t\t\t\t<div class=\"elementor-element elementor-element-89ddbe4 elementor-invisible elementor-widget elementor-widget-heading\" data-id=\"89ddbe4\" data-element_type=\"widget\" data-settings=\"{&quot;_animation&quot;:&quot;fadeInUp&quot;}\" data-widget_type=\"heading.default\">\n\t\t\t\t<div class=\"elementor-widget-container\">\n\t\t\t<h2 class=\"elementor-heading-title elementor-size-default\">Przedstawiamy lalk\u0119 erotyczn\u0105 z automatycznym obci\u0105ganiem<\/h2>\t\t<\/div>\n\t\t\t\t<\/div>\n\t\t\t\t<div class=\"elementor-element elementor-element-0e1a5fe elementor-widget elementor-widget-text-editor\" data-id=\"0e1a5fe\" data-element_type=\"widget\" data-widget_type=\"text-editor.default\">\n\t\t\t\t<div class=\"elementor-widget-container\">\n\t\t\t\t\t\t\trenodoll Dolls wszczepiaj\u0105 mechaniczne elementy maszyn w realistyczne lalki erotyczne, dzi\u0119ki czemu prawdziwe lalki mog\u0105 samodzielnie uprawia\u0107 seks oralny, dzi\u0119ki czemu mo\u017cesz czerpa\u0107 satysfakcj\u0119 z bardziej wyra\u017anej i pot\u0119\u017cniejszej przyjemno\u015bci!\t\t\t\t\t\t<\/div>\n\t\t\t\t<\/div>\n\t\t\t\t<div class=\"elementor-element elementor-element-f326ee7 elementor-widget elementor-widget-text-editor\" data-id=\"f326ee7\" data-element_type=\"widget\" data-widget_type=\"text-editor.default\">\n\t\t\t\t<div class=\"elementor-widget-container\">\n\t\t\t\t\t\t\tLalki erotyczne dla doros\u0142ych z obci\u0105ganiem s\u0105 dost\u0119pne w dw\u00f3ch modelach; w zale\u017cno\u015bci od Twoich pragnie\u0144 seksualnych mo\u017cesz wybra\u0107 model \u0142adowania lub model wtyczki.\t\t\t\t\t\t<\/div>\n\t\t\t\t<\/div>\n\t\t\t\t<div class=\"elementor-element elementor-element-57f070c elementor-invisible elementor-widget elementor-widget-heading\" data-id=\"57f070c\" data-element_type=\"widget\" data-settings=\"{&quot;_animation&quot;:&quot;fadeInUp&quot;}\" data-widget_type=\"heading.default\">\n\t\t\t\t<div class=\"elementor-widget-container\">\n\t\t\t<h2 class=\"elementor-heading-title elementor-size-default\">Podr\u0119cznik u\u017cytkownika pilota zdalnego sterowania <\/h2>\t\t<\/div>\n\t\t\t\t<\/div>\n\t\t\t\t<div class=\"elementor-element elementor-element-ad47ed5 elementor-widget elementor-widget-text-editor\" data-id=\"ad47ed5\" data-element_type=\"widget\" data-widget_type=\"text-editor.default\">\n\t\t\t\t<div class=\"elementor-widget-container\">\n\t\t\t\t\t\t\tInstrukcja \u0142adowania: \u0142aduj urz\u0105dzenie przez 2 godziny i wyjmij \u0142adowark\u0119 z latarki.\t\t\t\t\t\t<\/div>\n\t\t\t\t<\/div>\n\t\t\t\t<div class=\"elementor-element elementor-element-67f86d1 elementor-widget elementor-widget-text-editor\" data-id=\"67f86d1\" data-element_type=\"widget\" data-widget_type=\"text-editor.default\">\n\t\t\t\t<div class=\"elementor-widget-container\">\n\t\t\t\t\t\t\tInstrukcja wtyczki: \u0142aduj i graj\t\t\t\t\t\t<\/div>\n\t\t\t\t<\/div>\n\t\t\t\t<div class=\"elementor-element elementor-element-863d016 elementor-widget elementor-widget-text-editor\" data-id=\"863d016\" data-element_type=\"widget\" data-widget_type=\"text-editor.default\">\n\t\t\t\t<div class=\"elementor-widget-container\">\n\t\t\t\t\t\t\tPo na\u0142adowaniu naci\u015bnij bezpo\u015brednio A (niska pr\u0119dko\u015b\u0107), B (\u015brednia pr\u0119dko\u015b\u0107) C (du\u017ca pr\u0119dko\u015b\u0107) na pilocie, a lalka erotyczna rozpocznie seks oralny; mo\u017cesz regulowa\u0107 go z rozs\u0105dn\u0105 pr\u0119dko\u015bci\u0105 w zale\u017cno\u015bci od potrzeb seksualnych. Naciskaj\u0105c doln\u0105 cz\u0119\u015b\u0107 \u201eD\u201d, realistyczna lalka erotyczna przestanie dzia\u0142a\u0107.\t\t\t\t\t\t<\/div>\n\t\t\t\t<\/div>\n\t\t\t\t<div class=\"elementor-element elementor-element-808a42d elementor-invisible elementor-widget elementor-widget-heading\" data-id=\"808a42d\" data-element_type=\"widget\" data-settings=\"{&quot;_animation&quot;:&quot;fadeInUp&quot;}\" data-widget_type=\"heading.default\">\n\t\t\t\t<div class=\"elementor-widget-container\">\n\t\t\t<h2 class=\"elementor-heading-title elementor-size-default\">\u015arodki ostro\u017cno\u015bci <\/h2>\t\t<\/div>\n\t\t\t\t<\/div>\n\t\t\t\t<div class=\"elementor-element elementor-element-dea0f73 elementor-widget elementor-widget-html\" data-id=\"dea0f73\" data-element_type=\"widget\" data-widget_type=\"html.default\">\n\t\t\t\t<div class=\"elementor-widget-container\">\n\t\t\t<ol class=\"number_list_type\"><li>Upewnij si\u0119, \u017ce przyciski s\u0105 wy\u0142\u0105czone podczas \u0142adowania lub zmiany pozycji lalki erotycznej. Nie wymuszaj roli, gdy jest ona pod\u0142\u0105czona do \u0142adowania.<\/li>\n<li>Pozw\u00f3l lalce erotycznej uspokoi\u0107 si\u0119 po 2 godzinach nieko\u0144cz\u0105cego si\u0119 u\u017cytkowania. B\u0119dzie musia\u0142a le\u017ce\u0107 co najmniej 10\u201330 minut na ka\u017cde 2 godziny u\u017cytkowania<\/li>\n<li>Je\u015bli zostanie prawid\u0142owo na\u0142adowany, mo\u017cna go u\u017cywa\u0107 do 5 godzin, zanim si\u0119 roz\u0142aduje.<\/li>\n<li>Po ka\u017cdym u\u017cyciu nale\u017cy dok\u0142adnie wyczy\u015bci\u0107 i pudrowa\u0107 dotkni\u0119ty obszar seksownej lalki erotycznej. <\/li>\n<li>Skomputeryzowany <span title=\"sekslalka z w\u0142asnym obci\u0105ganiem\">obci\u0105ganie<\/span>, <a href=\"https:\/\/renodoll.com\/pl\/elektryczna-hip-lalka-seksu\/\">elektryczne biodro<\/a>i skomputeryzowane ssanie nie mo\u017ce zosta\u0107 wybrane samoistnie <\/li>\n \n<\/ol>\t\t<\/div>\n\t\t\t\t<\/div>\n\t\t\t\t<div class=\"elementor-element elementor-element-d99a9ed elementor-aspect-ratio-169 elementor-invisible elementor-widget elementor-widget-video\" data-id=\"d99a9ed\" data-element_type=\"widget\" data-settings=\"{&quot;video_type&quot;:&quot;hosted&quot;,&quot;autoplay&quot;:&quot;yes&quot;,&quot;play_on_mobile&quot;:&quot;yes&quot;,&quot;loop&quot;:&quot;yes&quot;,&quot;_animation&quot;:&quot;slideInLeft&quot;,&quot;controls&quot;:&quot;yes&quot;,&quot;aspect_ratio&quot;:&quot;169&quot;}\" data-widget_type=\"video.default\">\n\t\t\t\t<div class=\"elementor-widget-container\">\n\t\t\t<style>\/*! elementor - v3.10.2 - 29-01-2023 *\/\n.elementor-widget-video .elementor-widget-container{overflow:hidden;transform:translateZ(0)}.elementor-widget-video .elementor-open-inline .elementor-custom-embed-image-overlay{position:absolute;top:0;left:0;width:100%;height:100%;background-size:cover;background-position:50%}.elementor-widget-video .elementor-custom-embed-image-overlay{cursor:pointer;text-align:center}.elementor-widget-video .elementor-custom-embed-image-overlay:hover .elementor-custom-embed-play i{opacity:1}.elementor-widget-video .elementor-custom-embed-image-overlay img{display:block;width:100%}.elementor-widget-video .e-hosted-video .elementor-video{-o-object-fit:cover;object-fit:cover}.e-con-inner>.elementor-widget-video,.e-con>.elementor-widget-video{width:var(--container-widget-width);--flex-grow:var(--container-widget-flex-grow)}<\/style>\t\t<div class=\"e-hosted-video elementor-wrapper elementor-fit-aspect-ratio elementor-open-inline\">\n\t\t\t\t\t<video class=\"elementor-video\" src=\"http:\/\/renodoll.com\/wp-content\/uploads\/2023\/03\/auto-oral.mp4\" autoplay=\"\" loop=\"\" controls=\"\" playsinline=\"\"><\/video>\n\t\t\t\t<\/div>\n\t\t\t\t<\/div>\n\t\t\t\t<\/div>\n\t\t\t\t\t<\/div>\n\t\t<\/div>\n\t\t\t\t\t\t\t<\/div>\n\t\t<\/section>\n\t\t\t\t\t\t\t<\/div>","protected":false},"excerpt":{"rendered":"<p>Rutyna automatycznego seksu oralnego By\u0107 mo\u017ce potrzebujesz czu\u0142ej kobiety lub chcesz bardziej ekscytuj\u0105cego i przyjemnego pop\u0119du seksualnego. Je\u015bli chcesz realistycznego seksu, oto satysfakcjonuj\u0105cy wyb\u00f3r dla Ciebie. RenoDoll prezentuje Ci alternatyw\u0119 \u201eAuto Oral Sex\u201d dla ruchomej lalki seksualnej i mo\u017ce spe\u0142ni\u0107 wszystkie Twoje pragnienia. Mo\u017ce przypisa\u0107 do cia\u0142a pe\u0142nowymiarow\u0105 lalk\u0119 mi\u0142osn\u0105. Zaloguj si\u0119 na nasz\u0105 stron\u0119 internetow\u0105 poni\u017cej, aby uzyska\u0107 kompilacj\u0119 z automatycznym seksem oralnym. Chodz\u0105ca lalka. Przyspieszenie jest modyfikowalne. Dost\u0119pna jest podw\u00f3jna edycja: Wersja bez op\u0142at Wtyczka i model flirtu bez wbudowanej baterii<\/p>","protected":false},"author":1,"featured_media":0,"parent":0,"menu_order":0,"comment_status":"closed","ping_status":"closed","template":"","meta":{"footnotes":""},"class_list":["post-5347","page","type-page","status-publish","hentry"],"aioseo_notices":[],"_links":{"self":[{"href":"https:\/\/renodoll.com\/pl\/wp-json\/wp\/v2\/pages\/5347","targetHints":{"allow":["GET"]}}],"collection":[{"href":"https:\/\/renodoll.com\/pl\/wp-json\/wp\/v2\/pages"}],"about":[{"href":"https:\/\/renodoll.com\/pl\/wp-json\/wp\/v2\/types\/page"}],"author":[{"embeddable":true,"href":"https:\/\/renodoll.com\/pl\/wp-json\/wp\/v2\/users\/1"}],"replies":[{"embeddable":true,"href":"https:\/\/renodoll.com\/pl\/wp-json\/wp\/v2\/comments?post=5347"}],"version-history":[{"count":55,"href":"https:\/\/renodoll.com\/pl\/wp-json\/wp\/v2\/pages\/5347\/revisions"}],"predecessor-version":[{"id":16163,"href":"https:\/\/renodoll.com\/pl\/wp-json\/wp\/v2\/pages\/5347\/revisions\/16163"}],"wp:attachment":[{"href":"https:\/\/renodoll.com\/pl\/wp-json\/wp\/v2\/media?parent=5347"}],"curies":[{"name":"wp","href":"https:\/\/api.w.org\/{rel}","templated":true}]}}