{"id":5221,"date":"2023-02-20T19:46:32","date_gmt":"2023-02-20T11:46:32","guid":{"rendered":"https:\/\/renodoll.com\/?page_id=5221"},"modified":"2023-03-31T15:17:09","modified_gmt":"2023-03-31T07:17:09","slug":"sex-doll-video","status":"publish","type":"page","link":"https:\/\/renodoll.com\/pl\/wideo-lalka-seks\/","title":{"rendered":"Film z lalk\u0105 erotyczn\u0105"},"content":{"rendered":"<div data-elementor-type=\"wp-page\" data-elementor-id=\"5221\" class=\"elementor elementor-5221\">\n\t\t\t\t\t\t\t\t\t<section class=\"elementor-section elementor-top-section elementor-element elementor-element-2aace59 elementor-section-boxed elementor-section-height-default elementor-section-height-default\" data-id=\"2aace59\" data-element_type=\"section\">\n\t\t\t\t\t\t<div class=\"elementor-container elementor-column-gap-no\">\n\t\t\t\t\t<div class=\"elementor-column elementor-col-100 elementor-top-column elementor-element elementor-element-0017d57\" data-id=\"0017d57\" data-element_type=\"column\">\n\t\t\t<div class=\"elementor-widget-wrap elementor-element-populated\">\n\t\t\t\t\t\t\t\t<div class=\"elementor-element elementor-element-0608af7 elementor-widget elementor-widget-spacer\" data-id=\"0608af7\" data-element_type=\"widget\" data-widget_type=\"spacer.default\">\n\t\t\t\t<div class=\"elementor-widget-container\">\n\t\t\t<style>\/*! elementor - v3.10.2 - 29-01-2023 *\/\n.elementor-column .elementor-spacer-inner{height:var(--spacer-size)}.e-con{--container-widget-width:100%}.e-con-inner>.elementor-widget-spacer,.e-con>.elementor-widget-spacer{width:var(--container-widget-width,var(--spacer-size));--align-self:var(--container-widget-align-self,initial);--flex-shrink:0}.e-con-inner>.elementor-widget-spacer>.elementor-widget-container,.e-con-inner>.elementor-widget-spacer>.elementor-widget-container>.elementor-spacer,.e-con>.elementor-widget-spacer>.elementor-widget-container,.e-con>.elementor-widget-spacer>.elementor-widget-container>.elementor-spacer{height:100%}.e-con-inner>.elementor-widget-spacer>.elementor-widget-container>.elementor-spacer>.elementor-spacer-inner,.e-con>.elementor-widget-spacer>.elementor-widget-container>.elementor-spacer>.elementor-spacer-inner{height:var(--container-widget-height,var(--spacer-size))}<\/style>\t\t<div class=\"elementor-spacer\">\n\t\t\t<div class=\"elementor-spacer-inner\"><\/div>\n\t\t<\/div>\n\t\t\t\t<\/div>\n\t\t\t\t<\/div>\n\t\t\t\t<div class=\"elementor-element elementor-element-5997a9f elementor-invisible elementor-widget elementor-widget-heading\" data-id=\"5997a9f\" data-element_type=\"widget\" data-settings=\"{&quot;_animation&quot;:&quot;fadeInUp&quot;}\" data-widget_type=\"heading.default\">\n\t\t\t\t<div class=\"elementor-widget-container\">\n\t\t\t<style>\/*! elementor - v3.10.2 - 29-01-2023 *\/\n.elementor-heading-title{padding:0;margin:0;line-height:1}.elementor-widget-heading .elementor-heading-title[class*=elementor-size-]>a{color:inherit;font-size:inherit;line-height:inherit}.elementor-widget-heading .elementor-heading-title.elementor-size-small{font-size:15px}.elementor-widget-heading .elementor-heading-title.elementor-size-medium{font-size:19px}.elementor-widget-heading .elementor-heading-title.elementor-size-large{font-size:29px}.elementor-widget-heading .elementor-heading-title.elementor-size-xl{font-size:39px}.elementor-widget-heading .elementor-heading-title.elementor-size-xxl{font-size:59px}<\/style><h2 class=\"elementor-heading-title elementor-size-default\">Filmy z lalkami erotycznymi<\/h2>\t\t<\/div>\n\t\t\t\t<\/div>\n\t\t\t\t<div class=\"elementor-element elementor-element-3feda34 elementor-widget elementor-widget-text-editor\" data-id=\"3feda34\" data-element_type=\"widget\" data-widget_type=\"text-editor.default\">\n\t\t\t\t<div class=\"elementor-widget-container\">\n\t\t\t<style>\/*! elementor - v3.10.2 - 29-01-2023 *\/\n.elementor-widget-text-editor.elementor-drop-cap-view-stacked .elementor-drop-cap{background-color:#818a91;color:#fff}.elementor-widget-text-editor.elementor-drop-cap-view-framed .elementor-drop-cap{color:#818a91;border:3px solid;background-color:transparent}.elementor-widget-text-editor:not(.elementor-drop-cap-view-default) .elementor-drop-cap{margin-top:8px}.elementor-widget-text-editor:not(.elementor-drop-cap-view-default) .elementor-drop-cap-letter{width:1em;height:1em}.elementor-widget-text-editor .elementor-drop-cap{float:left;text-align:center;line-height:1;font-size:50px}.elementor-widget-text-editor .elementor-drop-cap-letter{display:inline-block}<\/style>\t\t\t\t<p>Przed dokonaniem zakupu mo\u017cesz obejrze\u0107 filmy przedstawiaj\u0105ce te lalki mi\u0142osne, poniewa\u017c nasze zdj\u0119cia sprawiaj\u0105, \u017ce pragniesz. Zawsze o Tobie my\u015bleli\u015bmy, dlatego Renodoll przygotowa\u0142 kilka film\u00f3w z prawdziwymi lalkami. Pocz\u0105wszy od azjatyckich japo\u0144skich po hebanowe czarne lalki, zar\u00f3wno realistyczne lalki p\u0142ci m\u0119skiej, jak i \u017ce\u0144skiej.<\/p>\t\t\t\t\t\t<\/div>\n\t\t\t\t<\/div>\n\t\t\t\t<div class=\"elementor-element elementor-element-30cad5c elementor-widget elementor-widget-text-editor\" data-id=\"30cad5c\" data-element_type=\"widget\" data-widget_type=\"text-editor.default\">\n\t\t\t\t<div class=\"elementor-widget-container\">\n\t\t\t\t\t\t\t<p>Te filmy zachwycaj\u0105 Ci\u0119 jako\u015bci\u0105 i standardem RenoDolls. By\u0107 mo\u017ce to, czego szukasz, nie jest widoczne. Wy\u015blij wiadomo\u015b\u0107 zawieraj\u0105c\u0105 zam\u00f3wienie i specyfikacje, a otrzymasz j\u0105 niemal natychmiast.<\/p>\t\t\t\t\t\t<\/div>\n\t\t\t\t<\/div>\n\t\t\t\t<div class=\"elementor-element elementor-element-f910b75 elementor-widget elementor-widget-text-editor\" data-id=\"f910b75\" data-element_type=\"widget\" data-widget_type=\"text-editor.default\">\n\t\t\t\t<div class=\"elementor-widget-container\">\n\t\t\t\t\t\t\tTylko jedno klikni\u0119cie dzieli Ci\u0119 od zobaczenia tych lalek mi\u0142o\u015bci. Przejd\u017a do naszej galerii lalek mi\u0142osnych, aby nakarmi\u0107 swoje oczy.\t\t\t\t\t\t<\/div>\n\t\t\t\t<\/div>\n\t\t\t\t<div class=\"elementor-element elementor-element-8a0d734 elementor-widget elementor-widget-text-editor\" data-id=\"8a0d734\" data-element_type=\"widget\" data-widget_type=\"text-editor.default\">\n\t\t\t\t<div class=\"elementor-widget-container\">\n\t\t\t\t\t\t\tZastanawiasz si\u0119, jak wygl\u0105da\u0142by seks z tymi lalkami erotycznymi naturalnej wielko\u015bci? Nie obci\u0105\u017caj ju\u017c swojego m\u00f3zgu. Obejrzyj porno z seks lalkami. Czeka tam na Ciebie ca\u0142y \u015bwiat. Gwiazdy porno z lalkami erotycznymi s\u0105 dost\u0119pne ju\u017c od jakiego\u015b czasu i oferuj\u0105 r\u00f3\u017cne odmiany lalek z prawdziwego \u017cycia, czy to realistyczne lalki azjatyckie, lalki mi\u0142osne dla m\u0119\u017cczyzn i kobiet, lalki z TPE czy silikonowe lalki erotyczne. Wi\u0119kszo\u015b\u0107 tych lalek jest obecnie dost\u0119pna w burdelach. \t\t\t\t\t\t<\/div>\n\t\t\t\t<\/div>\n\t\t\t\t<div class=\"elementor-element elementor-element-e07d640 elementor-widget elementor-widget-text-editor\" data-id=\"e07d640\" data-element_type=\"widget\" data-widget_type=\"text-editor.default\">\n\t\t\t\t<div class=\"elementor-widget-container\">\n\t\t\t\t\t\t\tCelem jest, aby lalki mi\u0142osne w ka\u017cdy mo\u017cliwy spos\u00f3b przypomina\u0142y budow\u0119 cia\u0142a p\u0142ci m\u0119skiej lub \u017ce\u0144skiej. Twoja ulubiona gwiazda porno z lalkami czeka na Ciebie w Doll Sex Porn. Id\u017a i znajd\u017a to\t\t\t\t\t\t<\/div>\n\t\t\t\t<\/div>\n\t\t\t\t<div class=\"elementor-element elementor-element-6ddc415 elementor-widget elementor-widget-text-editor\" data-id=\"6ddc415\" data-element_type=\"widget\" data-widget_type=\"text-editor.default\">\n\t\t\t\t<div class=\"elementor-widget-container\">\n\t\t\t\t\t\t\tG\u0142\u00f3wnym celem lalki erotycznej naturalnej wielko\u015bci jest masturbacja, ale niekt\u00f3re osoby wol\u0105 zamiast tego obecno\u015b\u0107 tych lalek dla przyjemno\u015bci.\t\t\t\t\t\t<\/div>\n\t\t\t\t<\/div>\n\t\t\t\t<section class=\"elementor-section elementor-inner-section elementor-element elementor-element-494ee89 elementor-section-boxed elementor-section-height-default elementor-section-height-default\" data-id=\"494ee89\" data-element_type=\"section\">\n\t\t\t\t\t\t<div class=\"elementor-container elementor-column-gap-default\">\n\t\t\t\t\t<div class=\"elementor-column elementor-col-50 elementor-inner-column elementor-element elementor-element-96be3b3\" data-id=\"96be3b3\" data-element_type=\"column\">\n\t\t\t<div class=\"elementor-widget-wrap elementor-element-populated\">\n\t\t\t\t\t\t\t\t<div class=\"elementor-element elementor-element-76c9b41 elementor-aspect-ratio-169 elementor-widget elementor-widget-video\" data-id=\"76c9b41\" data-element_type=\"widget\" data-settings=\"{&quot;video_type&quot;:&quot;hosted&quot;,&quot;autoplay&quot;:&quot;yes&quot;,&quot;loop&quot;:&quot;yes&quot;,&quot;play_on_mobile&quot;:&quot;yes&quot;,&quot;controls&quot;:&quot;yes&quot;,&quot;aspect_ratio&quot;:&quot;169&quot;}\" data-widget_type=\"video.default\">\n\t\t\t\t<div class=\"elementor-widget-container\">\n\t\t\t<style>\/*! elementor - v3.10.2 - 29-01-2023 *\/\n.elementor-widget-video .elementor-widget-container{overflow:hidden;transform:translateZ(0)}.elementor-widget-video .elementor-open-inline .elementor-custom-embed-image-overlay{position:absolute;top:0;left:0;width:100%;height:100%;background-size:cover;background-position:50%}.elementor-widget-video .elementor-custom-embed-image-overlay{cursor:pointer;text-align:center}.elementor-widget-video .elementor-custom-embed-image-overlay:hover .elementor-custom-embed-play i{opacity:1}.elementor-widget-video .elementor-custom-embed-image-overlay img{display:block;width:100%}.elementor-widget-video .e-hosted-video .elementor-video{-o-object-fit:cover;object-fit:cover}.e-con-inner>.elementor-widget-video,.e-con>.elementor-widget-video{width:var(--container-widget-width);--flex-grow:var(--container-widget-flex-grow)}<\/style>\t\t<div class=\"e-hosted-video elementor-wrapper elementor-fit-aspect-ratio elementor-open-inline\">\n\t\t\t\t\t<video class=\"elementor-video\" src=\"http:\/\/renodoll.com\/wp-content\/uploads\/2023\/03\/kb-electric-doll.mp4\" autoplay=\"\" loop=\"\" controls=\"\" playsinline=\"\" controlslist=\"nodownload\"><\/video>\n\t\t\t\t<\/div>\n\t\t\t\t<\/div>\n\t\t\t\t<\/div>\n\t\t\t\t\t<\/div>\n\t\t<\/div>\n\t\t\t\t<div class=\"elementor-column elementor-col-50 elementor-inner-column elementor-element elementor-element-21a0a51\" data-id=\"21a0a51\" data-element_type=\"column\">\n\t\t\t<div class=\"elementor-widget-wrap elementor-element-populated\">\n\t\t\t\t\t\t\t\t<div class=\"elementor-element elementor-element-c5f14ef elementor-aspect-ratio-169 elementor-widget elementor-widget-video\" data-id=\"c5f14ef\" data-element_type=\"widget\" data-settings=\"{&quot;video_type&quot;:&quot;hosted&quot;,&quot;autoplay&quot;:&quot;yes&quot;,&quot;play_on_mobile&quot;:&quot;yes&quot;,&quot;loop&quot;:&quot;yes&quot;,&quot;controls&quot;:&quot;yes&quot;,&quot;aspect_ratio&quot;:&quot;169&quot;}\" data-widget_type=\"video.default\">\n\t\t\t\t<div class=\"elementor-widget-container\">\n\t\t\t\t\t<div class=\"e-hosted-video elementor-wrapper elementor-fit-aspect-ratio elementor-open-inline\">\n\t\t\t\t\t<video class=\"elementor-video\" src=\"http:\/\/renodoll.com\/wp-content\/uploads\/2023\/03\/auto-oral.mp4\" autoplay=\"\" loop=\"\" controls=\"\" playsinline=\"\" controlslist=\"nodownload\"><\/video>\n\t\t\t\t<\/div>\n\t\t\t\t<\/div>\n\t\t\t\t<\/div>\n\t\t\t\t\t<\/div>\n\t\t<\/div>\n\t\t\t\t\t\t\t<\/div>\n\t\t<\/section>\n\t\t\t\t<section class=\"elementor-section elementor-inner-section elementor-element elementor-element-76cfe83 elementor-section-boxed elementor-section-height-default elementor-section-height-default\" data-id=\"76cfe83\" data-element_type=\"section\">\n\t\t\t\t\t\t<div class=\"elementor-container elementor-column-gap-default\">\n\t\t\t\t\t<div class=\"elementor-column elementor-col-50 elementor-inner-column elementor-element elementor-element-2a0f47b\" data-id=\"2a0f47b\" data-element_type=\"column\">\n\t\t\t<div class=\"elementor-widget-wrap elementor-element-populated\">\n\t\t\t\t\t\t\t\t<div class=\"elementor-element elementor-element-1716f89 elementor-aspect-ratio-169 elementor-widget elementor-widget-video\" data-id=\"1716f89\" data-element_type=\"widget\" data-settings=\"{&quot;video_type&quot;:&quot;hosted&quot;,&quot;autoplay&quot;:&quot;yes&quot;,&quot;loop&quot;:&quot;yes&quot;,&quot;play_on_mobile&quot;:&quot;yes&quot;,&quot;controls&quot;:&quot;yes&quot;,&quot;aspect_ratio&quot;:&quot;169&quot;}\" data-widget_type=\"video.default\">\n\t\t\t\t<div class=\"elementor-widget-container\">\n\t\t\t\t\t<div class=\"e-hosted-video elementor-wrapper elementor-fit-aspect-ratio elementor-open-inline\">\n\t\t\t\t\t<video class=\"elementor-video\" src=\"http:\/\/renodoll.com\/wp-content\/uploads\/2023\/03\/DisgustingShowyrenodoll.mp4\" autoplay=\"\" loop=\"\" controls=\"\" playsinline=\"\" controlslist=\"nodownload\"><\/video>\n\t\t\t\t<\/div>\n\t\t\t\t<\/div>\n\t\t\t\t<\/div>\n\t\t\t\t\t<\/div>\n\t\t<\/div>\n\t\t\t\t<div class=\"elementor-column elementor-col-50 elementor-inner-column elementor-element elementor-element-7eb9468\" data-id=\"7eb9468\" data-element_type=\"column\">\n\t\t\t<div class=\"elementor-widget-wrap elementor-element-populated\">\n\t\t\t\t\t\t\t\t<div class=\"elementor-element elementor-element-57558a7 elementor-aspect-ratio-169 elementor-widget elementor-widget-video\" data-id=\"57558a7\" data-element_type=\"widget\" data-settings=\"{&quot;video_type&quot;:&quot;hosted&quot;,&quot;autoplay&quot;:&quot;yes&quot;,&quot;play_on_mobile&quot;:&quot;yes&quot;,&quot;loop&quot;:&quot;yes&quot;,&quot;controls&quot;:&quot;yes&quot;,&quot;aspect_ratio&quot;:&quot;169&quot;}\" data-widget_type=\"video.default\">\n\t\t\t\t<div class=\"elementor-widget-container\">\n\t\t\t\t\t<div class=\"e-hosted-video elementor-wrapper elementor-fit-aspect-ratio elementor-open-inline\">\n\t\t\t\t\t<video class=\"elementor-video\" src=\"http:\/\/renodoll.com\/wp-content\/uploads\/2023\/03\/ros.mp4\" autoplay=\"\" loop=\"\" controls=\"\" playsinline=\"\" controlslist=\"nodownload\"><\/video>\n\t\t\t\t<\/div>\n\t\t\t\t<\/div>\n\t\t\t\t<\/div>\n\t\t\t\t\t<\/div>\n\t\t<\/div>\n\t\t\t\t\t\t\t<\/div>\n\t\t<\/section>\n\t\t\t\t\t<\/div>\n\t\t<\/div>\n\t\t\t\t\t\t\t<\/div>\n\t\t<\/section>\n\t\t\t\t\t\t\t<\/div>","protected":false},"excerpt":{"rendered":"<p>Sex doll videos Before you make a purchase, there&#8217;s a possibility you may want to behold videos of these love dolls because our pictures make you thirsty. We&#8217;ve always had you in mind, and so, Renodoll put together some real doll movies on display. Ranging from Asian Japanese to Ebony black dolls, both male and female realistic dolls. These videos feed your eyes with the quality and standard of RenoDolls. Maybe what you want is not on display. Send a message with your order and specifications, and get it almost immediately. You are a click away from seeing these love<\/p>","protected":false},"author":1,"featured_media":0,"parent":0,"menu_order":0,"comment_status":"closed","ping_status":"closed","template":"","meta":{"footnotes":""},"class_list":["post-5221","page","type-page","status-publish","hentry"],"aioseo_notices":[],"_links":{"self":[{"href":"https:\/\/renodoll.com\/pl\/wp-json\/wp\/v2\/pages\/5221","targetHints":{"allow":["GET"]}}],"collection":[{"href":"https:\/\/renodoll.com\/pl\/wp-json\/wp\/v2\/pages"}],"about":[{"href":"https:\/\/renodoll.com\/pl\/wp-json\/wp\/v2\/types\/page"}],"author":[{"embeddable":true,"href":"https:\/\/renodoll.com\/pl\/wp-json\/wp\/v2\/users\/1"}],"replies":[{"embeddable":true,"href":"https:\/\/renodoll.com\/pl\/wp-json\/wp\/v2\/comments?post=5221"}],"version-history":[{"count":23,"href":"https:\/\/renodoll.com\/pl\/wp-json\/wp\/v2\/pages\/5221\/revisions"}],"predecessor-version":[{"id":14656,"href":"https:\/\/renodoll.com\/pl\/wp-json\/wp\/v2\/pages\/5221\/revisions\/14656"}],"wp:attachment":[{"href":"https:\/\/renodoll.com\/pl\/wp-json\/wp\/v2\/media?parent=5221"}],"curies":[{"name":"wp","href":"https:\/\/api.w.org\/{rel}","templated":true}]}}