{"id":5157,"date":"2023-02-20T14:08:08","date_gmt":"2023-02-20T06:08:08","guid":{"rendered":"https:\/\/renodoll.com\/?page_id=5157"},"modified":"2023-03-31T14:23:28","modified_gmt":"2023-03-31T06:23:28","slug":"disclaimer","status":"publish","type":"page","link":"https:\/\/renodoll.com\/pl\/zastrzezenie\/","title":{"rendered":"Zastrze\u017cenie"},"content":{"rendered":"<div data-elementor-type=\"wp-page\" data-elementor-id=\"5157\" class=\"elementor elementor-5157\">\n\t\t\t\t\t\t\t\t\t<section class=\"elementor-section elementor-top-section elementor-element elementor-element-2aace59 elementor-section-boxed elementor-section-height-default elementor-section-height-default\" data-id=\"2aace59\" data-element_type=\"section\">\n\t\t\t\t\t\t<div class=\"elementor-container elementor-column-gap-no\">\n\t\t\t\t\t<div class=\"elementor-column elementor-col-100 elementor-top-column elementor-element elementor-element-0017d57\" data-id=\"0017d57\" data-element_type=\"column\">\n\t\t\t<div class=\"elementor-widget-wrap elementor-element-populated\">\n\t\t\t\t\t\t\t\t<div class=\"elementor-element elementor-element-8a2ff4e elementor-widget elementor-widget-spacer\" data-id=\"8a2ff4e\" data-element_type=\"widget\" data-widget_type=\"spacer.default\">\n\t\t\t\t<div class=\"elementor-widget-container\">\n\t\t\t<style>\/*! elementor - v3.10.2 - 29-01-2023 *\/\n.elementor-column .elementor-spacer-inner{height:var(--spacer-size)}.e-con{--container-widget-width:100%}.e-con-inner>.elementor-widget-spacer,.e-con>.elementor-widget-spacer{width:var(--container-widget-width,var(--spacer-size));--align-self:var(--container-widget-align-self,initial);--flex-shrink:0}.e-con-inner>.elementor-widget-spacer>.elementor-widget-container,.e-con-inner>.elementor-widget-spacer>.elementor-widget-container>.elementor-spacer,.e-con>.elementor-widget-spacer>.elementor-widget-container,.e-con>.elementor-widget-spacer>.elementor-widget-container>.elementor-spacer{height:100%}.e-con-inner>.elementor-widget-spacer>.elementor-widget-container>.elementor-spacer>.elementor-spacer-inner,.e-con>.elementor-widget-spacer>.elementor-widget-container>.elementor-spacer>.elementor-spacer-inner{height:var(--container-widget-height,var(--spacer-size))}<\/style>\t\t<div class=\"elementor-spacer\">\n\t\t\t<div class=\"elementor-spacer-inner\"><\/div>\n\t\t<\/div>\n\t\t\t\t<\/div>\n\t\t\t\t<\/div>\n\t\t\t\t<section class=\"elementor-section elementor-inner-section elementor-element elementor-element-16bb0ad elementor-section-boxed elementor-section-height-default elementor-section-height-default\" data-id=\"16bb0ad\" data-element_type=\"section\">\n\t\t\t\t\t\t<div class=\"elementor-container elementor-column-gap-default\">\n\t\t\t\t\t<div class=\"elementor-column elementor-col-50 elementor-inner-column elementor-element elementor-element-3d41176\" data-id=\"3d41176\" data-element_type=\"column\">\n\t\t\t<div class=\"elementor-widget-wrap elementor-element-populated\">\n\t\t\t\t\t\t\t\t<div class=\"elementor-element elementor-element-5997a9f elementor-invisible elementor-widget elementor-widget-heading\" data-id=\"5997a9f\" data-element_type=\"widget\" data-settings=\"{&quot;_animation&quot;:&quot;fadeInUp&quot;}\" data-widget_type=\"heading.default\">\n\t\t\t\t<div class=\"elementor-widget-container\">\n\t\t\t<style>\/*! elementor - v3.10.2 - 29-01-2023 *\/\n.elementor-heading-title{padding:0;margin:0;line-height:1}.elementor-widget-heading .elementor-heading-title[class*=elementor-size-]>a{color:inherit;font-size:inherit;line-height:inherit}.elementor-widget-heading .elementor-heading-title.elementor-size-small{font-size:15px}.elementor-widget-heading .elementor-heading-title.elementor-size-medium{font-size:19px}.elementor-widget-heading .elementor-heading-title.elementor-size-large{font-size:29px}.elementor-widget-heading .elementor-heading-title.elementor-size-xl{font-size:39px}.elementor-widget-heading .elementor-heading-title.elementor-size-xxl{font-size:59px}<\/style><h2 class=\"elementor-heading-title elementor-size-default\">Ostrze\u017cenie<\/h2>\t\t<\/div>\n\t\t\t\t<\/div>\n\t\t\t\t<div class=\"elementor-element elementor-element-3feda34 elementor-widget elementor-widget-text-editor\" data-id=\"3feda34\" data-element_type=\"widget\" data-widget_type=\"text-editor.default\">\n\t\t\t\t<div class=\"elementor-widget-container\">\n\t\t\t<style>\/*! elementor - v3.10.2 - 29-01-2023 *\/\n.elementor-widget-text-editor.elementor-drop-cap-view-stacked .elementor-drop-cap{background-color:#818a91;color:#fff}.elementor-widget-text-editor.elementor-drop-cap-view-framed .elementor-drop-cap{color:#818a91;border:3px solid;background-color:transparent}.elementor-widget-text-editor:not(.elementor-drop-cap-view-default) .elementor-drop-cap{margin-top:8px}.elementor-widget-text-editor:not(.elementor-drop-cap-view-default) .elementor-drop-cap-letter{width:1em;height:1em}.elementor-widget-text-editor .elementor-drop-cap{float:left;text-align:center;line-height:1;font-size:50px}.elementor-widget-text-editor .elementor-drop-cap-letter{display:inline-block}<\/style>\t\t\t\tNa tej stronie znajduj\u0105 si\u0119 materia\u0142y g\u0142\u00f3wnie maj\u0105ce na celu podniecenie i satysfakcj\u0119 seksualn\u0105 i s\u0105 one przeznaczone wy\u0142\u0105cznie dla os\u00f3b w wieku 18 lat i starszych. Przed zalogowaniem si\u0119 do naszego serwisu nale\u017cy zaakceptowa\u0107 poni\u017csze warunki:\t\t\t\t\t\t<\/div>\n\t\t\t\t<\/div>\n\t\t\t\t<div class=\"elementor-element elementor-element-1a4cbf5 elementor-widget elementor-widget-spacer\" data-id=\"1a4cbf5\" data-element_type=\"widget\" data-widget_type=\"spacer.default\">\n\t\t\t\t<div class=\"elementor-widget-container\">\n\t\t\t\t\t<div class=\"elementor-spacer\">\n\t\t\t<div class=\"elementor-spacer-inner\"><\/div>\n\t\t<\/div>\n\t\t\t\t<\/div>\n\t\t\t\t<\/div>\n\t\t\t\t<div class=\"elementor-element elementor-element-57d9795 elementor-invisible elementor-widget elementor-widget-heading\" data-id=\"57d9795\" data-element_type=\"widget\" data-settings=\"{&quot;_animation&quot;:&quot;fadeInUp&quot;}\" data-widget_type=\"heading.default\">\n\t\t\t\t<div class=\"elementor-widget-container\">\n\t\t\t<h2 class=\"elementor-heading-title elementor-size-default\">Doro\u015bli w wieku 18 lat i starsi <\/h2>\t\t<\/div>\n\t\t\t\t<\/div>\n\t\t\t\t<div class=\"elementor-element elementor-element-4079b24 elementor-widget elementor-widget-text-editor\" data-id=\"4079b24\" data-element_type=\"widget\" data-widget_type=\"text-editor.default\">\n\t\t\t\t<div class=\"elementor-widget-container\">\n\t\t\t\t\t\t\t<p>renodoll.com nie mo\u017ce i nigdy nie b\u0119dzie zabrania\u0107 osobom niepe\u0142noletnim przegl\u0105dania tej witryny. Za nadzorowanie zaj\u0119\u0107 dzieci i nastolatk\u00f3w na odpowiednich materia\u0142ach udost\u0119pnionych im do wgl\u0105du odpowiadaj\u0105 wy\u0142\u0105cznie rodzice i opiekunowie. RenoDoll akceptuje wy\u0142\u0105cznie zakupy dokonane przez osob\u0119 doros\u0142\u0105, kt\u00f3ra uko\u0144czy\u0142a 18 rok \u017cycia.<\/p>\t\t\t\t\t\t<\/div>\n\t\t\t\t<\/div>\n\t\t\t\t\t<\/div>\n\t\t<\/div>\n\t\t\t\t<div class=\"elementor-column elementor-col-50 elementor-inner-column elementor-element elementor-element-df8a856\" data-id=\"df8a856\" data-element_type=\"column\">\n\t\t\t<div class=\"elementor-widget-wrap elementor-element-populated\">\n\t\t\t\t\t\t\t\t<div class=\"elementor-element elementor-element-5e5ebd7 elementor-widget elementor-widget-image\" data-id=\"5e5ebd7\" data-element_type=\"widget\" data-widget_type=\"image.default\">\n\t\t\t\t<div class=\"elementor-widget-container\">\n\t\t\t<style>\/*! elementor - v3.10.2 - 29-01-2023 *\/\n.elementor-widget-image{text-align:center}.elementor-widget-image a{display:inline-block}.elementor-widget-image a img[src$=\".svg\"]{width:48px}.elementor-widget-image img{vertical-align:middle;display:inline-block}<\/style>\t\t\t\t\t\t\t\t\t\t\t\t<img loading=\"lazy\" decoding=\"async\" width=\"626\" height=\"391\" src=\"https:\/\/renodoll.com\/wp-content\/uploads\/2023\/03\/renodoll_adults-only-18-plus.jpg\" class=\"attachment-large size-large wp-image-14375\" alt=\"\" srcset=\"https:\/\/renodoll.com\/wp-content\/uploads\/2023\/03\/renodoll_adults-only-18-plus.jpg 626w, https:\/\/renodoll.com\/wp-content\/uploads\/2023\/03\/renodoll_adults-only-18-plus-300x187.jpg 300w, https:\/\/renodoll.com\/wp-content\/uploads\/2023\/03\/renodoll_adults-only-18-plus-18x12.jpg 18w, https:\/\/renodoll.com\/wp-content\/uploads\/2023\/03\/renodoll_adults-only-18-plus-100x62.jpg 100w, https:\/\/renodoll.com\/wp-content\/uploads\/2023\/03\/renodoll_adults-only-18-plus-600x375.jpg 600w, https:\/\/renodoll.com\/wp-content\/uploads\/2023\/03\/renodoll_adults-only-18-plus-10x6.jpg 10w\" sizes=\"auto, (max-width: 626px) 100vw, 626px\" \/>\t\t\t\t\t\t\t\t\t\t\t\t\t\t\t<\/div>\n\t\t\t\t<\/div>\n\t\t\t\t\t<\/div>\n\t\t<\/div>\n\t\t\t\t\t\t\t<\/div>\n\t\t<\/section>\n\t\t\t\t<div class=\"elementor-element elementor-element-d37e8f7 elementor-widget elementor-widget-spacer\" data-id=\"d37e8f7\" data-element_type=\"widget\" data-widget_type=\"spacer.default\">\n\t\t\t\t<div class=\"elementor-widget-container\">\n\t\t\t\t\t<div class=\"elementor-spacer\">\n\t\t\t<div class=\"elementor-spacer-inner\"><\/div>\n\t\t<\/div>\n\t\t\t\t<\/div>\n\t\t\t\t<\/div>\n\t\t\t\t<div class=\"elementor-element elementor-element-fd092ed elementor-invisible elementor-widget elementor-widget-heading\" data-id=\"fd092ed\" data-element_type=\"widget\" data-settings=\"{&quot;_animation&quot;:&quot;fadeInUp&quot;}\" data-widget_type=\"heading.default\">\n\t\t\t\t<div class=\"elementor-widget-container\">\n\t\t\t<h2 class=\"elementor-heading-title elementor-size-default\">Prawo autorskie<\/h2>\t\t<\/div>\n\t\t\t\t<\/div>\n\t\t\t\t<div class=\"elementor-element elementor-element-4a2734b elementor-widget elementor-widget-text-editor\" data-id=\"4a2734b\" data-element_type=\"widget\" data-widget_type=\"text-editor.default\">\n\t\t\t\t<div class=\"elementor-widget-container\">\n\t\t\t\t\t\t\t<p>Je\u015bli nie jest to przeciwwskazane, wszystkie udost\u0119pnione zasoby, zar\u00f3wno projekty graficzne, strony internetowe, opisy, konfiguracje i inne wybrane elementy, stanowi\u0105 prawa w\u0142asno\u015bci renodoll.com; dlatego te\u017c korzystanie z zawarto\u015bci tej witryny odbywa si\u0119 wy\u0142\u0105cznie w celach biznesowych i nie wi\u0105\u017ce si\u0119 z tym \u017caden ukryty cel. \u017badne skopiowane zasoby materialne z tej witryny nie mog\u0105 by\u0107 poddawane regeneracji, poprawianiu, ponownemu drukowaniu, publikowane, przekazywane i rozpowszechniane w jakikolwiek spos\u00f3b ani przez kogokolwiek bez nale\u017cytej zgody w formie pisemnego dokumentu z renodoll.com. Wszelkie prawa, kt\u00f3re nie zosta\u0142y nale\u017cycie przyznane, zostaj\u0105 od\u0142o\u017cone na bok. Wykorzystanie pr\u00f3bek z tej witryny bez odpowiedniego zezwolenia mo\u017ce naruszy\u0107 prawa i znaki towarowe, co mo\u017ce skutkowa\u0107 kar\u0105 karn\u0105 lub cywiln\u0105.<\/p>\t\t\t\t\t\t<\/div>\n\t\t\t\t<\/div>\n\t\t\t\t<div class=\"elementor-element elementor-element-b84993c elementor-widget elementor-widget-spacer\" data-id=\"b84993c\" data-element_type=\"widget\" data-widget_type=\"spacer.default\">\n\t\t\t\t<div class=\"elementor-widget-container\">\n\t\t\t\t\t<div class=\"elementor-spacer\">\n\t\t\t<div class=\"elementor-spacer-inner\"><\/div>\n\t\t<\/div>\n\t\t\t\t<\/div>\n\t\t\t\t<\/div>\n\t\t\t\t<div class=\"elementor-element elementor-element-4cc3835 elementor-invisible elementor-widget elementor-widget-heading\" data-id=\"4cc3835\" data-element_type=\"widget\" data-settings=\"{&quot;_animation&quot;:&quot;fadeInUp&quot;}\" data-widget_type=\"heading.default\">\n\t\t\t\t<div class=\"elementor-widget-container\">\n\t\t\t<h2 class=\"elementor-heading-title elementor-size-default\">Zastrze\u017cenie<\/h2>\t\t<\/div>\n\t\t\t\t<\/div>\n\t\t\t\t<div class=\"elementor-element elementor-element-5b37396 elementor-widget elementor-widget-text-editor\" data-id=\"5b37396\" data-element_type=\"widget\" data-widget_type=\"text-editor.default\">\n\t\t\t\t<div class=\"elementor-widget-container\">\n\t\t\t\t\t\t\t<p>Ca\u0142a zawarto\u015b\u0107 tej witryny jest udost\u0119pniana w oryginalnej formie, bez \u017cadnej gwarancji. Subskrybuj\u0105c t\u0119 witryn\u0119, zgadzasz si\u0119 na wszystkie niebezpiecze\u0144stwa zwi\u0105zane z korzystaniem z ka\u017cdej zawarto\u015bci tej witryny. renodoll.com, jej pracownicy, zesp\u00f3\u0142 zarz\u0105dzaj\u0105cy i kontrahenci nie b\u0119d\u0105 ponosi\u0107 odpowiedzialno\u015bci za jakiekolwiek straty lub szkody wynikaj\u0105ce z niemo\u017cno\u015bci prawid\u0142owego korzystania z witryny i jej \u0142\u0105czy. renodoll.com i jej wsp\u00f3\u0142pracownicy, kt\u00f3rzy przyczynili si\u0119 do tre\u015bci znajduj\u0105cych si\u0119 w witrynie, nie mog\u0105 ponosi\u0107 odpowiedzialno\u015bci w przypadku wyst\u0105pienia jakichkolwiek problem\u00f3w wynikaj\u0105cych z uzale\u017cnienia od tre\u015bci.<\/p>\t\t\t\t\t\t<\/div>\n\t\t\t\t<\/div>\n\t\t\t\t<div class=\"elementor-element elementor-element-5fbeccb elementor-widget elementor-widget-text-editor\" data-id=\"5fbeccb\" data-element_type=\"widget\" data-widget_type=\"text-editor.default\">\n\t\t\t\t<div class=\"elementor-widget-container\">\n\t\t\t\t\t\t\t<p>Wszystkie produkty znalezione na tej stronie s\u0142u\u017c\u0105 ekscytuj\u0105cym i wyj\u0105tkowym do\u015bwiadczeniom. RenoDoll nie gwarantuje, \u017ce nasze produkty s\u0105 nienaruszone, wolne od wad producenta i fa\u0142szywych o\u015bwiadcze\u0144 ze strony producenta.<\/p>\t\t\t\t\t\t<\/div>\n\t\t\t\t<\/div>\n\t\t\t\t<div class=\"elementor-element elementor-element-87c5887 elementor-widget elementor-widget-text-editor\" data-id=\"87c5887\" data-element_type=\"widget\" data-widget_type=\"text-editor.default\">\n\t\t\t\t<div class=\"elementor-widget-container\">\n\t\t\t\t\t\t\t<p>Wysy\u0142aj\u0105c swoje zam\u00f3wienia, akceptujesz i wyra\u017casz zgod\u0119 na poni\u017csze, \u017ce RenoDoll nie b\u0119dzie ponosi\u0107 odpowiedzialno\u015bci za jakiekolwiek umy\u015blne lub niezamierzone wpadki spowodowane niewiedz\u0105, niezale\u017cnie od prawa deliktowego.<\/p>\t\t\t\t\t\t<\/div>\n\t\t\t\t<\/div>\n\t\t\t\t<div class=\"elementor-element elementor-element-373e79d elementor-widget elementor-widget-spacer\" data-id=\"373e79d\" data-element_type=\"widget\" data-widget_type=\"spacer.default\">\n\t\t\t\t<div class=\"elementor-widget-container\">\n\t\t\t\t\t<div class=\"elementor-spacer\">\n\t\t\t<div class=\"elementor-spacer-inner\"><\/div>\n\t\t<\/div>\n\t\t\t\t<\/div>\n\t\t\t\t<\/div>\n\t\t\t\t<div class=\"elementor-element elementor-element-56745a0 elementor-invisible elementor-widget elementor-widget-heading\" data-id=\"56745a0\" data-element_type=\"widget\" data-settings=\"{&quot;_animation&quot;:&quot;fadeInUp&quot;}\" data-widget_type=\"heading.default\">\n\t\t\t\t<div class=\"elementor-widget-container\">\n\t\t\t<h2 class=\"elementor-heading-title elementor-size-default\">Zwrot pieni\u0119dzy<\/h2>\t\t<\/div>\n\t\t\t\t<\/div>\n\t\t\t\t<div class=\"elementor-element elementor-element-1d0d6b3 elementor-widget elementor-widget-text-editor\" data-id=\"1d0d6b3\" data-element_type=\"widget\" data-widget_type=\"text-editor.default\">\n\t\t\t\t<div class=\"elementor-widget-container\">\n\t\t\t\t\t\t\tWszystkie przedmioty zakupione i opu\u015bci\u0142y firm\u0119, ale z powodu fa\u0142szywych dzia\u0142a\u0144 zosta\u0142y zwr\u00f3cone do firmy w ramach obci\u0105\u017cenia zwrotnego. Zostan\u0105 one starannie i zgodnie z prawem z\u0142o\u017cone za po\u015brednictwem w\u0142adz lokalnych, a w przypadku uznania ich za winne post\u0119powanie prawne zako\u0144czy si\u0119 pe\u0142nym biegiem . \t\t\t\t\t\t<\/div>\n\t\t\t\t<\/div>\n\t\t\t\t<div class=\"elementor-element elementor-element-0300983 elementor-widget elementor-widget-text-editor\" data-id=\"0300983\" data-element_type=\"widget\" data-widget_type=\"text-editor.default\">\n\t\t\t\t<div class=\"elementor-widget-container\">\n\t\t\t\t\t\t\t<p>Kupuj\u0105c kt\u00f3rykolwiek z naszych produkt\u00f3w na renodoll.com, wyra\u017casz zgod\u0119 na to, \u017ce; nie b\u0119dziesz podejmowa\u0107 \u017cadnych dzia\u0142a\u0144 prawnych ani \u017c\u0105da\u0107 zwrotu pieni\u0119dzy za jakikolwiek produkt, kt\u00f3rego p\u0142atno\u015b\u0107 zosta\u0142a dokonana za pomoc\u0105 plastikowych pieni\u0119dzy\/karty kredytowej na stronie renodoll.com.<\/p>\t\t\t\t\t\t<\/div>\n\t\t\t\t<\/div>\n\t\t\t\t<div class=\"elementor-element elementor-element-92ba549 elementor-widget elementor-widget-text-editor\" data-id=\"92ba549\" data-element_type=\"widget\" data-widget_type=\"text-editor.default\">\n\t\t\t\t<div class=\"elementor-widget-container\">\n\t\t\t\t\t\t\t<p>Nie podejmuj\u0105c \u015bwiadomego wysi\u0142ku, aby poinformowa\u0107 nas o napotkanych trudno\u015bciach i nie da\u0107 organizacji odpowiedniego czasu na ich rozwi\u0105zanie, renodoll.com uwa\u017ca \u017c\u0105danie zwrotu p\u0142atno\u015bci lub obci\u0105\u017cenia zwrotnego za dzia\u0142anie oszuka\u0144cze.<\/p>\t\t\t\t\t\t<\/div>\n\t\t\t\t<\/div>\n\t\t\t\t<div class=\"elementor-element elementor-element-f9ca80d elementor-widget elementor-widget-text-editor\" data-id=\"f9ca80d\" data-element_type=\"widget\" data-widget_type=\"text-editor.default\">\n\t\t\t\t<div class=\"elementor-widget-container\">\n\t\t\t\t\t\t\tWszelkie dzia\u0142ania maj\u0105ce na celu oszukanie organizacji poprzez u\u017cycie fa\u0142szywych plastikowych pieni\u0119dzy\/karty kredytowej w celu dokonania p\u0142atno\u015bci po zakupie przedmiotu nie b\u0119d\u0105 tolerowane. Jakakolwiek nielegalna transakcja dokonana przez dowolnego klienta, powoduj\u0105ca zaci\u0105gni\u0119cie przez firm\u0119 d\u0142ugu lub straty, b\u0119dzie podlega\u0107 ca\u0142emu prawu, niezale\u017cnie od tego, czy dotyczy ona dzia\u0142alno\u015bci gospodarczej, koszt\u00f3w bada\u0144 czy p\u0142atno\u015bci prawnych, w tym czasu wolnego personelu.\t\t\t\t\t\t<\/div>\n\t\t\t\t<\/div>\n\t\t\t\t<div class=\"elementor-element elementor-element-0647a6a elementor-widget elementor-widget-text-editor\" data-id=\"0647a6a\" data-element_type=\"widget\" data-widget_type=\"text-editor.default\">\n\t\t\t\t<div class=\"elementor-widget-container\">\n\t\t\t\t\t\t\tKa\u017cdy zwrot pieni\u0119dzy, kt\u00f3rego \u017c\u0105da klient, powoduje niedogodno\u015bci dla naszego personelu, poniewa\u017c zak\u0142\u00f3ca nasz\u0105 normaln\u0105 dzia\u0142alno\u015b\u0107 biznesow\u0105, a tak\u017ce wyci\u0105ga pieni\u0105dze z portfela firmy z tego tytu\u0142u:\t\t\t\t\t\t<\/div>\n\t\t\t\t<\/div>\n\t\t\t\t<div class=\"elementor-element elementor-element-25f164f elementor-widget elementor-widget-text-editor\" data-id=\"25f164f\" data-element_type=\"widget\" data-widget_type=\"text-editor.default\">\n\t\t\t\t<div class=\"elementor-widget-container\">\n\t\t\t\t\t\t\t<p>Je\u015bli jakikolwiek klient na stronie renodoll.com dokona zakupu naszych realistycznych lalek erotycznych i w ten spos\u00f3b poniesie szkody na produkcie, obci\u0105\u017caj\u0105c firm\u0119 przed s\u0105dem lub \u017c\u0105daj\u0105c zwrotu pieni\u0119dzy plastikowymi pieni\u0119dzmi \/wystawcy karty kredytowej, w zwi\u0105zku ze stanem niezgodnym z naszym regulaminem, na kt\u00f3ry pocz\u0105tkowo zgodzi\u0142e\u015b si\u0119 przy sk\u0142adaniu zam\u00f3wienia, lub z powodu braku powiadomienia firmy w terminie i braku cierpliwo\u015bci do jej przyj\u0119cia, potwierd\u017a i z\u0142\u00f3\u017c odpowiednie zapytanie o opini\u0119, wtedy taki klient straci i nie otrzyma zwrotu pieni\u0119dzy.<\/p>\t\t\t\t\t\t<\/div>\n\t\t\t\t<\/div>\n\t\t\t\t<div class=\"elementor-element elementor-element-3356070 elementor-widget elementor-widget-text-editor\" data-id=\"3356070\" data-element_type=\"widget\" data-widget_type=\"text-editor.default\">\n\t\t\t\t<div class=\"elementor-widget-container\">\n\t\t\t\t\t\t\t<p>Jednak w sytuacji, gdy klient wygra spraw\u0119 dotycz\u0105c\u0105 zwrotu pieni\u0119dzy\/p\u0142atno\u015bci ze swoj\u0105 firm\u0105 zajmuj\u0105c\u0105 si\u0119 plastikowymi pieni\u0119dzmi\/kart\u0105 kredytow\u0105, renodoll.com podejmie pr\u00f3b\u0119 odzyskania ka\u017cdej fa\u0142szywie podanej op\u0142aty, \u0142\u0105cznie z dodatkowymi kosztami agenta danej osoby. Dane biologiczne b\u0119d\u0105 obejmowa\u0107 imi\u0119 i nazwisko, adres e-mail, dat\u0119 zam\u00f3wienia produktu, ilo\u015b\u0107 produktu, adres IP, adres domowy i numer telefonu kom\u00f3rkowego.<\/p>\t\t\t\t\t\t<\/div>\n\t\t\t\t<\/div>\n\t\t\t\t\t<\/div>\n\t\t<\/div>\n\t\t\t\t\t\t\t<\/div>\n\t\t<\/section>\n\t\t\t\t\t\t\t<\/div>","protected":false},"excerpt":{"rendered":"<p>Warning What is contained in this site are materials majorly for sexual arousal and satisfaction, and it&#8217;s only meant for persons 18 years and above. Before logging on to our site, you should agree to the following terms: Adults of 18 years and above renodoll.com can not and will never forbid minors from checking out the site. It is the sole responsibility of parents and guardians to supervise the activities of children and teenagers on the appropriate materials made available for their view. RenoDoll will only accept purchases made by an adult of 18 years of age and above. Copyright<\/p>","protected":false},"author":1,"featured_media":0,"parent":0,"menu_order":0,"comment_status":"closed","ping_status":"closed","template":"","meta":{"footnotes":""},"class_list":["post-5157","page","type-page","status-publish","hentry"],"aioseo_notices":[],"_links":{"self":[{"href":"https:\/\/renodoll.com\/pl\/wp-json\/wp\/v2\/pages\/5157","targetHints":{"allow":["GET"]}}],"collection":[{"href":"https:\/\/renodoll.com\/pl\/wp-json\/wp\/v2\/pages"}],"about":[{"href":"https:\/\/renodoll.com\/pl\/wp-json\/wp\/v2\/types\/page"}],"author":[{"embeddable":true,"href":"https:\/\/renodoll.com\/pl\/wp-json\/wp\/v2\/users\/1"}],"replies":[{"embeddable":true,"href":"https:\/\/renodoll.com\/pl\/wp-json\/wp\/v2\/comments?post=5157"}],"version-history":[{"count":31,"href":"https:\/\/renodoll.com\/pl\/wp-json\/wp\/v2\/pages\/5157\/revisions"}],"predecessor-version":[{"id":14623,"href":"https:\/\/renodoll.com\/pl\/wp-json\/wp\/v2\/pages\/5157\/revisions\/14623"}],"wp:attachment":[{"href":"https:\/\/renodoll.com\/pl\/wp-json\/wp\/v2\/media?parent=5157"}],"curies":[{"name":"wp","href":"https:\/\/api.w.org\/{rel}","templated":true}]}}