{"id":5463,"date":"2023-02-22T19:09:25","date_gmt":"2023-02-22T11:09:25","guid":{"rendered":"https:\/\/renodoll.com\/?page_id=5463"},"modified":"2023-04-24T20:08:12","modified_gmt":"2023-04-24T12:08:12","slug":"sex-doll-storage","status":"publish","type":"page","link":"https:\/\/renodoll.com\/nb\/sex-dukke-oppbevaring\/","title":{"rendered":"Oppbevaring av sexdukker"},"content":{"rendered":"<div data-elementor-type=\"wp-page\" data-elementor-id=\"5463\" class=\"elementor elementor-5463\">\n\t\t\t\t\t\t\t\t\t<section class=\"elementor-section elementor-top-section elementor-element elementor-element-bbb23ef elementor-section-boxed elementor-section-height-default elementor-section-height-default\" data-id=\"bbb23ef\" data-element_type=\"section\">\n\t\t\t\t\t\t<div class=\"elementor-container elementor-column-gap-default\">\n\t\t\t\t\t<div class=\"elementor-column elementor-col-100 elementor-top-column elementor-element elementor-element-f3c1b7c page-content-text\" data-id=\"f3c1b7c\" data-element_type=\"column\">\n\t\t\t<div class=\"elementor-widget-wrap elementor-element-populated\">\n\t\t\t\t\t\t\t\t<div class=\"elementor-element elementor-element-58b854c elementor-invisible elementor-widget elementor-widget-heading\" data-id=\"58b854c\" data-element_type=\"widget\" data-settings=\"{&quot;_animation&quot;:&quot;fadeInUp&quot;}\" data-widget_type=\"heading.default\">\n\t\t\t\t<div class=\"elementor-widget-container\">\n\t\t\t<style>\/*! elementor - v3.10.2 - 29-01-2023 *\/\n.elementor-heading-title{padding:0;margin:0;line-height:1}.elementor-widget-heading .elementor-heading-title[class*=elementor-size-]>a{color:inherit;font-size:inherit;line-height:inherit}.elementor-widget-heading .elementor-heading-title.elementor-size-small{font-size:15px}.elementor-widget-heading .elementor-heading-title.elementor-size-medium{font-size:19px}.elementor-widget-heading .elementor-heading-title.elementor-size-large{font-size:29px}.elementor-widget-heading .elementor-heading-title.elementor-size-xl{font-size:39px}.elementor-widget-heading .elementor-heading-title.elementor-size-xxl{font-size:59px}<\/style><h2 class=\"elementor-heading-title elementor-size-default\">Sexdukkeoppbevaring introduksjon <\/h2>\t\t<\/div>\n\t\t\t\t<\/div>\n\t\t\t\t<div class=\"elementor-element elementor-element-2f50bad elementor-widget elementor-widget-text-editor\" data-id=\"2f50bad\" data-element_type=\"widget\" data-widget_type=\"text-editor.default\">\n\t\t\t\t<div class=\"elementor-widget-container\">\n\t\t\t<style>\/*! elementor - v3.10.2 - 29-01-2023 *\/\n.elementor-widget-text-editor.elementor-drop-cap-view-stacked .elementor-drop-cap{background-color:#818a91;color:#fff}.elementor-widget-text-editor.elementor-drop-cap-view-framed .elementor-drop-cap{color:#818a91;border:3px solid;background-color:transparent}.elementor-widget-text-editor:not(.elementor-drop-cap-view-default) .elementor-drop-cap{margin-top:8px}.elementor-widget-text-editor:not(.elementor-drop-cap-view-default) .elementor-drop-cap-letter{width:1em;height:1em}.elementor-widget-text-editor .elementor-drop-cap{float:left;text-align:center;line-height:1;font-size:50px}.elementor-widget-text-editor .elementor-drop-cap-letter{display:inline-block}<\/style>\t\t\t\tDet er spesifikke trinn som skal f\u00f8lges ved oppbevaring av sexdukken for \u00e5 sikre at levetiden bevares og at sexdukkene kan brukes i lang tid.\n\t\t\t\t\t\t<\/div>\n\t\t\t\t<\/div>\n\t\t\t\t<div class=\"elementor-element elementor-element-7b009cf elementor-widget elementor-widget-text-editor\" data-id=\"7b009cf\" data-element_type=\"widget\" data-widget_type=\"text-editor.default\">\n\t\t\t\t<div class=\"elementor-widget-container\">\n\t\t\t\t\t\t\tEt godt omr\u00e5de for oppbevaring av sexdukken kan avgj\u00f8re hvor tidlig silikonhuden til sexdukken og de indre delene vil eldes og forlenge sexdukkens levetid like mye.\t\t\t\t\t\t<\/div>\n\t\t\t\t<\/div>\n\t\t\t\t<div class=\"elementor-element elementor-element-c9145ea elementor-widget elementor-widget-heading\" data-id=\"c9145ea\" data-element_type=\"widget\" data-widget_type=\"heading.default\">\n\t\t\t\t<div class=\"elementor-widget-container\">\n\t\t\t<h2 class=\"elementor-heading-title elementor-size-default\">Som en n\u00f8dvendighet:\n<\/h2>\t\t<\/div>\n\t\t\t\t<\/div>\n\t\t\t\t<div class=\"elementor-element elementor-element-874bd24 elementor-widget elementor-widget-html\" data-id=\"874bd24\" data-element_type=\"widget\" data-widget_type=\"html.default\">\n\t\t\t\t<div class=\"elementor-widget-container\">\n\t\t\t<ol class=\"number_list_type\">\n    <li>Babypulver eller talkum m\u00e5 p\u00e5f\u00f8res sexdukkens hud regelmessig for \u00e5 beskytte den mot olje og st\u00f8v.<\/li>\n    <li>\n        Etter bruk av sexdukken b\u00f8r sexdukken oppbevares i sin opprinnelige posisjon, da dette er den beste posisjonen for oppbevaring.\n    <\/li>\n        <li>\n        Du kan velge best passende oppbevaringsveske for sexdukker, eller oppbevaringsboks eller oppbevaringspose.\n    <\/li>\n<\/ol>\t\t<\/div>\n\t\t\t\t<\/div>\n\t\t\t\t<div class=\"elementor-element elementor-element-db9171e elementor-widget elementor-widget-heading\" data-id=\"db9171e\" data-element_type=\"widget\" data-widget_type=\"heading.default\">\n\t\t\t\t<div class=\"elementor-widget-container\">\n\t\t\t<h2 class=\"elementor-heading-title elementor-size-default\">Langtidsoppbevaringstips for sexdukken<\/h2>\t\t<\/div>\n\t\t\t\t<\/div>\n\t\t\t\t<div class=\"elementor-element elementor-element-dd80794 elementor-widget elementor-widget-heading\" data-id=\"dd80794\" data-element_type=\"widget\" data-widget_type=\"heading.default\">\n\t\t\t\t<div class=\"elementor-widget-container\">\n\t\t\t<h4 class=\"elementor-heading-title elementor-size-default\">1. Unng\u00e5 \u00e5 utsette sexdukken for solen over lengre tid<\/h4>\t\t<\/div>\n\t\t\t\t<\/div>\n\t\t\t\t<div class=\"elementor-element elementor-element-9f505e9 elementor-widget elementor-widget-text-editor\" data-id=\"9f505e9\" data-element_type=\"widget\" data-widget_type=\"text-editor.default\">\n\t\t\t\t<div class=\"elementor-widget-container\">\n\t\t\t\t\t\t\tIkke utsett sexdukken for direkte sollys over en lengre periode; det ville f\u00f8re til at silikon-sexdukkens farge blekner litt.\t\t\t\t\t\t<\/div>\n\t\t\t\t<\/div>\n\t\t\t\t<div class=\"elementor-element elementor-element-e7cb264 elementor-widget elementor-widget-heading\" data-id=\"e7cb264\" data-element_type=\"widget\" data-widget_type=\"heading.default\">\n\t\t\t\t<div class=\"elementor-widget-container\">\n\t\t\t<h4 class=\"elementor-heading-title elementor-size-default\">2. Unng\u00e5 at st\u00f8v fester seg p\u00e5 sexdukkens overflate<\/h4>\t\t<\/div>\n\t\t\t\t<\/div>\n\t\t\t\t<div class=\"elementor-element elementor-element-4c9dc49 elementor-widget elementor-widget-text-editor\" data-id=\"4c9dc49\" data-element_type=\"widget\" data-widget_type=\"text-editor.default\">\n\t\t\t\t<div class=\"elementor-widget-container\">\n\t\t\t\t\t\t\tUnng\u00e5 st\u00f8v for enhver pris fordi sexdukkens silikonoverflate har klebrighet og statisk elektrisitet, noe som gj\u00f8r det lett for st\u00f8v \u00e5 feste seg til den.\t\t\t\t\t\t<\/div>\n\t\t\t\t<\/div>\n\t\t\t\t<div class=\"elementor-element elementor-element-505e489 elementor-widget elementor-widget-heading\" data-id=\"505e489\" data-element_type=\"widget\" data-widget_type=\"heading.default\">\n\t\t\t\t<div class=\"elementor-widget-container\">\n\t\t\t<h4 class=\"elementor-heading-title elementor-size-default\">3. Beskytt sexdukken mot fuktighet.<\/h4>\t\t<\/div>\n\t\t\t\t<\/div>\n\t\t\t\t<div class=\"elementor-element elementor-element-91259c1 elementor-widget elementor-widget-text-editor\" data-id=\"91259c1\" data-element_type=\"widget\" data-widget_type=\"text-editor.default\">\n\t\t\t\t<div class=\"elementor-widget-container\">\n\t\t\t\t\t\t\tUnng\u00e5 et fuktig og fuktig milj\u00f8 fordi innsiden av sexdukken er svampete, og den vil ta inn vannet i et v\u00e5tt og fuktig milj\u00f8.\t\t\t\t\t\t<\/div>\n\t\t\t\t<\/div>\n\t\t\t\t<div class=\"elementor-element elementor-element-6f7a4a4 elementor-widget elementor-widget-text-editor\" data-id=\"6f7a4a4\" data-element_type=\"widget\" data-widget_type=\"text-editor.default\">\n\t\t\t\t<div class=\"elementor-widget-container\">\n\t\t\t\t\t\t\tDet er trygt \u00e5 bade kj\u00e6rlighetsdukken eller rengj\u00f8re kj\u00e6rlighetsdukken med vann, men unng\u00e5 \u00e5 bl\u00f8tlegge kj\u00e6rlighetsdukken i vann eller legge kj\u00e6rlighetsdukken i vann over lengre tid.\n\t\t\t\t\t\t<\/div>\n\t\t\t\t<\/div>\n\t\t\t\t<div class=\"elementor-element elementor-element-75d035e elementor-widget elementor-widget-text-editor\" data-id=\"75d035e\" data-element_type=\"widget\" data-widget_type=\"text-editor.default\">\n\t\t\t\t<div class=\"elementor-widget-container\">\n\t\t\t\t\t\t\t\u00c5 helle vann inn i den delen av halsen hvor det er metall vil for\u00e5rsake permanent skade p\u00e5 sexdukken, ikke gj\u00f8r det.\n\t\t\t\t\t\t<\/div>\n\t\t\t\t<\/div>\n\t\t\t\t<div class=\"elementor-element elementor-element-0f85efc elementor-widget elementor-widget-text-editor\" data-id=\"0f85efc\" data-element_type=\"widget\" data-widget_type=\"text-editor.default\">\n\t\t\t\t<div class=\"elementor-widget-container\">\n\t\t\t\t\t\t\tInnsiden av sexdukken er svampete; n\u00e5r det f\u00f8rst er vann i den, ville det v\u00e6re vanskelig \u00e5 t\u00f8rke sexdukken.\n\t\t\t\t\t\t<\/div>\n\t\t\t\t<\/div>\n\t\t\t\t<div class=\"elementor-element elementor-element-b60c58d elementor-widget elementor-widget-heading\" data-id=\"b60c58d\" data-element_type=\"widget\" data-widget_type=\"heading.default\">\n\t\t\t\t<div class=\"elementor-widget-container\">\n\t\t\t<h4 class=\"elementor-heading-title elementor-size-default\">4. Unng\u00e5 flekker p\u00e5 overflaten av dukken\n<\/h4>\t\t<\/div>\n\t\t\t\t<\/div>\n\t\t\t\t<div class=\"elementor-element elementor-element-b094b3e elementor-widget elementor-widget-text-editor\" data-id=\"b094b3e\" data-element_type=\"widget\" data-widget_type=\"text-editor.default\">\n\t\t\t\t<div class=\"elementor-widget-container\">\n\t\t\t\t\t\t\tUnng\u00e5 \u00e5 legge sexdukken for lenge p\u00e5 kunstskinn eller en t\u00f8rket skinnstol for \u00e5 forhindre at de oljel\u00f8selige pigmentfargene de inneholder kommer p\u00e5 dukken og for\u00e5rsaker en permanent flekk.\n\t\t\t\t\t\t<\/div>\n\t\t\t\t<\/div>\n\t\t\t\t<div class=\"elementor-element elementor-element-c38fba8 elementor-widget elementor-widget-text-editor\" data-id=\"c38fba8\" data-element_type=\"widget\" data-widget_type=\"text-editor.default\">\n\t\t\t\t<div class=\"elementor-widget-container\">\n\t\t\t\t\t\t\tHvis sexdukken din i silikon er plassert p\u00e5 denne typen materiale i to timer eller mer, vil du merke en alvorlig endring i silikonets farge, og dette kan v\u00e6re vanskelig \u00e5 bli kvitt.\t\t\t\t\t\t<\/div>\n\t\t\t\t<\/div>\n\t\t\t\t<div class=\"elementor-element elementor-element-f20f4f3 elementor-widget elementor-widget-heading\" data-id=\"f20f4f3\" data-element_type=\"widget\" data-widget_type=\"heading.default\">\n\t\t\t\t<div class=\"elementor-widget-container\">\n\t\t\t<h4 class=\"elementor-heading-title elementor-size-default\">5. V\u00e6r oppmerksom p\u00e5 temperaturen p\u00e5 lagringsomr\u00e5det\n<\/h4>\t\t<\/div>\n\t\t\t\t<\/div>\n\t\t\t\t<div class=\"elementor-element elementor-element-ea4b523 elementor-widget elementor-widget-text-editor\" data-id=\"ea4b523\" data-element_type=\"widget\" data-widget_type=\"text-editor.default\">\n\t\t\t\t<div class=\"elementor-widget-container\">\n\t\t\t\t\t\t\tUnng\u00e5 en temperatur som er for h\u00f8y eller for lav under romtemperatur; kun romtemperatur er best.\t\t\t\t\t\t<\/div>\n\t\t\t\t<\/div>\n\t\t\t\t<div class=\"elementor-element elementor-element-8bed4d2 elementor-widget elementor-widget-text-editor\" data-id=\"8bed4d2\" data-element_type=\"widget\" data-widget_type=\"text-editor.default\">\n\t\t\t\t<div class=\"elementor-widget-container\">\n\t\t\t\t\t\t\tDet er ikke tilr\u00e5delig \u00e5 sette sexdukken i silikon i en for h\u00f8y eller for lav temperatur over lengre tid; den normale lagringstemperaturen b\u00f8r v\u00e6re ca. 5-35 grader C eller 40-95 grader F\n\t\t\t\t\t\t<\/div>\n\t\t\t\t<\/div>\n\t\t\t\t<div class=\"elementor-element elementor-element-f57a6a9 elementor-widget elementor-widget-text-editor\" data-id=\"f57a6a9\" data-element_type=\"widget\" data-widget_type=\"text-editor.default\">\n\t\t\t\t<div class=\"elementor-widget-container\">\n\t\t\t\t\t\t\tOm vinteren kan du varme sexdukken med et elektrisk teppe; V\u00e6r imidlertid oppmerksom p\u00e5 at temperaturen p\u00e5 teppet ikke blir for h\u00f8y.\t\t\t\t\t\t<\/div>\n\t\t\t\t<\/div>\n\t\t\t\t<div class=\"elementor-element elementor-element-9657b65 elementor-widget elementor-widget-heading\" data-id=\"9657b65\" data-element_type=\"widget\" data-widget_type=\"heading.default\">\n\t\t\t\t<div class=\"elementor-widget-container\">\n\t\t\t<h4 class=\"elementor-heading-title elementor-size-default\">6. Unng\u00e5 \u00e5 klemme sexdukken <\/h4>\t\t<\/div>\n\t\t\t\t<\/div>\n\t\t\t\t<div class=\"elementor-element elementor-element-952079d elementor-widget elementor-widget-text-editor\" data-id=\"952079d\" data-element_type=\"widget\" data-widget_type=\"text-editor.default\">\n\t\t\t\t<div class=\"elementor-widget-container\">\n\t\t\t\t\t\t\tMens sexdukken blir lagret, ikke klem eller komprimer sexdukken over lengre tid; kompresjon kan f\u00f8re til permanent skade p\u00e5 silikonet og svampen i sexdukken.\n\t\t\t\t\t\t<\/div>\n\t\t\t\t<\/div>\n\t\t\t\t<div class=\"elementor-element elementor-element-a02a319 elementor-widget elementor-widget-text-editor\" data-id=\"a02a319\" data-element_type=\"widget\" data-widget_type=\"text-editor.default\">\n\t\t\t\t<div class=\"elementor-widget-container\">\n\t\t\t\t\t\t\tAvst\u00e5 fra \u00e5 legge veldig tunge gjenstander p\u00e5 sexdukken og ikke stram eller klem sexdukken over en lengre periode.\n\t\t\t\t\t\t<\/div>\n\t\t\t\t<\/div>\n\t\t\t\t<div class=\"elementor-element elementor-element-94e52f8 elementor-widget elementor-widget-heading\" data-id=\"94e52f8\" data-element_type=\"widget\" data-widget_type=\"heading.default\">\n\t\t\t\t<div class=\"elementor-widget-container\">\n\t\t\t<h4 class=\"elementor-heading-title elementor-size-default\">7 Hold sexdukkens holdning fri for ytre press.\n<\/h4>\t\t<\/div>\n\t\t\t\t<\/div>\n\t\t\t\t<div class=\"elementor-element elementor-element-9f468f4 elementor-widget elementor-widget-text-editor\" data-id=\"9f468f4\" data-element_type=\"widget\" data-widget_type=\"text-editor.default\">\n\t\t\t\t<div class=\"elementor-widget-container\">\n\t\t\t\t\t\t\tN\u00e5r den oppbevares, b\u00f8r sexdukken plasseres i en stilling som holder den fri for ytre trykk, en posisjon der den ikke brettes fordi det kan f\u00f8re til sprekker og skader p\u00e5 silikonet \u00e5 bli foldet eller klemt.\n\t\t\t\t\t\t<\/div>\n\t\t\t\t<\/div>\n\t\t\t\t<div class=\"elementor-element elementor-element-f501526 elementor-widget elementor-widget-heading\" data-id=\"f501526\" data-element_type=\"widget\" data-widget_type=\"heading.default\">\n\t\t\t\t<div class=\"elementor-widget-container\">\n\t\t\t<h4 class=\"elementor-heading-title elementor-size-default\">8. Det er en sexdukke, ikke et barns leket\u00f8y<\/h4>\t\t<\/div>\n\t\t\t\t<\/div>\n\t\t\t\t<div class=\"elementor-element elementor-element-26f4ec6 elementor-widget elementor-widget-text-editor\" data-id=\"26f4ec6\" data-element_type=\"widget\" data-widget_type=\"text-editor.default\">\n\t\t\t\t<div class=\"elementor-widget-container\">\n\t\t\t\t\t\t\tHold sexdukken unna barn, og ikke oppbevar den p\u00e5 steder der barn lett kan komme i kontakt med den.\n\t\t\t\t\t\t<\/div>\n\t\t\t\t<\/div>\n\t\t\t\t<div class=\"elementor-element elementor-element-7a7f856 elementor-widget elementor-widget-text-editor\" data-id=\"7a7f856\" data-element_type=\"widget\" data-widget_type=\"text-editor.default\">\n\t\t\t\t<div class=\"elementor-widget-container\">\n\t\t\t\t\t\t\tFor \u00e5 vise og lagre dukken din i lang tid.\n\t\t\t\t\t\t<\/div>\n\t\t\t\t<\/div>\n\t\t\t\t<div class=\"elementor-element elementor-element-003fa28 elementor-widget elementor-widget-text-editor\" data-id=\"003fa28\" data-element_type=\"widget\" data-widget_type=\"text-editor.default\">\n\t\t\t\t<div class=\"elementor-widget-container\">\n\t\t\t\t\t\t\tVi tilbyr et sexdukkestativ for sexdukkevisning. Sexdukkestativet vil holde sexdukken din i st\u00e5ende stilling.\n\t\t\t\t\t\t<\/div>\n\t\t\t\t<\/div>\n\t\t\t\t<div class=\"elementor-element elementor-element-91e5c9a elementor-widget elementor-widget-text-editor\" data-id=\"91e5c9a\" data-element_type=\"widget\" data-widget_type=\"text-editor.default\">\n\t\t\t\t<div class=\"elementor-widget-container\">\n\t\t\t\t\t\t\tVi har ogs\u00e5 en sexdukkekrok der sexdukken kan henges i lang tid for \u00e5 sikre sikker oppbevaring.\n\t\t\t\t\t\t<\/div>\n\t\t\t\t<\/div>\n\t\t\t\t<div class=\"elementor-element elementor-element-0f84cab elementor-widget elementor-widget-text-editor\" data-id=\"0f84cab\" data-element_type=\"widget\" data-widget_type=\"text-editor.default\">\n\t\t\t\t<div class=\"elementor-widget-container\">\n\t\t\t\t\t\t\tSe gjerne denne videoen.\n\t\t\t\t\t\t<\/div>\n\t\t\t\t<\/div>\n\t\t\t\t<div class=\"elementor-element elementor-element-0a8f03e elementor-widget elementor-widget-image\" data-id=\"0a8f03e\" data-element_type=\"widget\" data-widget_type=\"image.default\">\n\t\t\t\t<div class=\"elementor-widget-container\">\n\t\t\t<style>\/*! elementor - v3.10.2 - 29-01-2023 *\/\n.elementor-widget-image{text-align:center}.elementor-widget-image a{display:inline-block}.elementor-widget-image a img[src$=\".svg\"]{width:48px}.elementor-widget-image img{vertical-align:middle;display:inline-block}<\/style>\t\t\t\t\t\t\t\t\t\t\t\t<img loading=\"lazy\" decoding=\"async\" width=\"758\" height=\"511\" src=\"https:\/\/renodoll.com\/wp-content\/uploads\/2023\/03\/kb-storage-case.jpg\" class=\"attachment-full size-full wp-image-14208\" alt=\"\" srcset=\"https:\/\/renodoll.com\/wp-content\/uploads\/2023\/03\/kb-storage-case.jpg 758w, https:\/\/renodoll.com\/wp-content\/uploads\/2023\/03\/kb-storage-case-300x202.jpg 300w, https:\/\/renodoll.com\/wp-content\/uploads\/2023\/03\/kb-storage-case-18x12.jpg 18w, https:\/\/renodoll.com\/wp-content\/uploads\/2023\/03\/kb-storage-case-100x67.jpg 100w, https:\/\/renodoll.com\/wp-content\/uploads\/2023\/03\/kb-storage-case-600x404.jpg 600w, https:\/\/renodoll.com\/wp-content\/uploads\/2023\/03\/kb-storage-case-10x7.jpg 10w\" sizes=\"auto, (max-width: 758px) 100vw, 758px\" \/>\t\t\t\t\t\t\t\t\t\t\t\t\t\t\t<\/div>\n\t\t\t\t<\/div>\n\t\t\t\t\t<\/div>\n\t\t<\/div>\n\t\t\t\t\t\t\t<\/div>\n\t\t<\/section>\n\t\t\t\t\t\t\t<\/div>","protected":false},"excerpt":{"rendered":"<p>Sexdukkeoppbevaring Introduksjon Det er spesifikke trinn som skal f\u00f8lges ved oppbevaring av sexdukken for \u00e5 sikre at deres levetid bevares og sexdukkene kan brukes i lang tid. Et godt omr\u00e5de for oppbevaring av sexdukken kan avgj\u00f8re hvor tidlig silikonhuden til sexdukken og de indre delene vil eldes og forlenge sexdukkens levetid like mye. Som en n\u00f8dvendighet: Babypulver eller talkum m\u00e5 p\u00e5f\u00f8res sexdukkens hud regelmessig for \u00e5 beskytte den mot olje og st\u00f8v. Etter sexdukkens bruk, sexen<\/p>","protected":false},"author":1,"featured_media":0,"parent":0,"menu_order":0,"comment_status":"closed","ping_status":"closed","template":"","meta":{"footnotes":""},"class_list":["post-5463","page","type-page","status-publish","hentry"],"aioseo_notices":[],"_links":{"self":[{"href":"https:\/\/renodoll.com\/nb\/wp-json\/wp\/v2\/pages\/5463","targetHints":{"allow":["GET"]}}],"collection":[{"href":"https:\/\/renodoll.com\/nb\/wp-json\/wp\/v2\/pages"}],"about":[{"href":"https:\/\/renodoll.com\/nb\/wp-json\/wp\/v2\/types\/page"}],"author":[{"embeddable":true,"href":"https:\/\/renodoll.com\/nb\/wp-json\/wp\/v2\/users\/1"}],"replies":[{"embeddable":true,"href":"https:\/\/renodoll.com\/nb\/wp-json\/wp\/v2\/comments?post=5463"}],"version-history":[{"count":43,"href":"https:\/\/renodoll.com\/nb\/wp-json\/wp\/v2\/pages\/5463\/revisions"}],"predecessor-version":[{"id":16008,"href":"https:\/\/renodoll.com\/nb\/wp-json\/wp\/v2\/pages\/5463\/revisions\/16008"}],"wp:attachment":[{"href":"https:\/\/renodoll.com\/nb\/wp-json\/wp\/v2\/media?parent=5463"}],"curies":[{"name":"wp","href":"https:\/\/api.w.org\/{rel}","templated":true}]}}