{"id":5358,"date":"2023-02-22T15:16:33","date_gmt":"2023-02-22T07:16:33","guid":{"rendered":"https:\/\/renodoll.com\/?page_id=5358"},"modified":"2023-04-24T20:05:00","modified_gmt":"2023-04-24T12:05:00","slug":"sex-doll-breast-options","status":"publish","type":"page","link":"https:\/\/renodoll.com\/nb\/sex-dukke-bryst-alternativer\/","title":{"rendered":"Brystalternativer for sexdukker"},"content":{"rendered":"<div data-elementor-type=\"wp-page\" data-elementor-id=\"5358\" class=\"elementor elementor-5358\">\n\t\t\t\t\t\t\t\t\t<section class=\"elementor-section elementor-top-section elementor-element elementor-element-f699184 elementor-section-boxed elementor-section-height-default elementor-section-height-default\" data-id=\"f699184\" data-element_type=\"section\">\n\t\t\t\t\t\t<div class=\"elementor-container elementor-column-gap-default\">\n\t\t\t\t\t<div class=\"elementor-column elementor-col-100 elementor-top-column elementor-element elementor-element-d1f5877 page-content-text\" data-id=\"d1f5877\" data-element_type=\"column\">\n\t\t\t<div class=\"elementor-widget-wrap elementor-element-populated\">\n\t\t\t\t\t\t\t\t<div class=\"elementor-element elementor-element-5387678 elementor-widget elementor-widget-text-editor\" data-id=\"5387678\" data-element_type=\"widget\" data-widget_type=\"text-editor.default\">\n\t\t\t\t<div class=\"elementor-widget-container\">\n\t\t\t<style>\/*! elementor - v3.10.2 - 29-01-2023 *\/\n.elementor-widget-text-editor.elementor-drop-cap-view-stacked .elementor-drop-cap{background-color:#818a91;color:#fff}.elementor-widget-text-editor.elementor-drop-cap-view-framed .elementor-drop-cap{color:#818a91;border:3px solid;background-color:transparent}.elementor-widget-text-editor:not(.elementor-drop-cap-view-default) .elementor-drop-cap{margin-top:8px}.elementor-widget-text-editor:not(.elementor-drop-cap-view-default) .elementor-drop-cap-letter{width:1em;height:1em}.elementor-widget-text-editor .elementor-drop-cap{float:left;text-align:center;line-height:1;font-size:50px}.elementor-widget-text-editor .elementor-drop-cap-letter{display:inline-block}<\/style>\t\t\t\tFor \u00e5 gi en lignende opplevelse mens du ber\u00f8rer brystene til kj\u00e6rlighetsdukken din som p\u00e5 en menneskekropp, jobber vi med konstant improvisasjon av brystene. Tre m\u00e5ter \u00e5 jobbe med brystene p\u00e5 er:\t\t\t\t\t\t<\/div>\n\t\t\t\t<\/div>\n\t\t\t\t<div class=\"elementor-element elementor-element-d899880 elementor-align-left elementor-icon-list--layout-traditional elementor-list-item-link-full_width elementor-widget elementor-widget-icon-list\" data-id=\"d899880\" data-element_type=\"widget\" data-widget_type=\"icon-list.default\">\n\t\t\t\t<div class=\"elementor-widget-container\">\n\t\t\t<link rel=\"stylesheet\" href=\"https:\/\/renodoll.com\/wp-content\/plugins\/elementor\/assets\/css\/widget-icon-list.min.css\">\t\t<ul class=\"elementor-icon-list-items\">\n\t\t\t\t\t\t\t<li class=\"elementor-icon-list-item\">\n\t\t\t\t\t\t\t\t\t\t\t<span class=\"elementor-icon-list-icon\">\n\t\t\t\t\t\t\t<i aria-hidden=\"true\" class=\"fas fa-check\"><\/i>\t\t\t\t\t\t<\/span>\n\t\t\t\t\t\t\t\t\t\t<span class=\"elementor-icon-list-text\">Standard<\/span>\n\t\t\t\t\t\t\t\t\t<\/li>\n\t\t\t\t\t\t\t\t<li class=\"elementor-icon-list-item\">\n\t\t\t\t\t\t\t\t\t\t\t<span class=\"elementor-icon-list-icon\">\n\t\t\t\t\t\t\t<i aria-hidden=\"true\" class=\"fas fa-check\"><\/i>\t\t\t\t\t\t<\/span>\n\t\t\t\t\t\t\t\t\t\t<span class=\"elementor-icon-list-text\">Gelfylt<\/span>\n\t\t\t\t\t\t\t\t\t<\/li>\n\t\t\t\t\t\t\t\t<li class=\"elementor-icon-list-item\">\n\t\t\t\t\t\t\t\t\t\t\t<span class=\"elementor-icon-list-icon\">\n\t\t\t\t\t\t\t<i aria-hidden=\"true\" class=\"fas fa-check\"><\/i>\t\t\t\t\t\t<\/span>\n\t\t\t\t\t\t\t\t\t\t<span class=\"elementor-icon-list-text\">Hul<\/span>\n\t\t\t\t\t\t\t\t\t<\/li>\n\t\t\t\t\t\t<\/ul>\n\t\t\t\t<\/div>\n\t\t\t\t<\/div>\n\t\t\t\t<div class=\"elementor-element elementor-element-0f22dab elementor-invisible elementor-widget elementor-widget-heading\" data-id=\"0f22dab\" data-element_type=\"widget\" data-settings=\"{&quot;_animation&quot;:&quot;fadeInUp&quot;}\" data-widget_type=\"heading.default\">\n\t\t\t\t<div class=\"elementor-widget-container\">\n\t\t\t<style>\/*! elementor - v3.10.2 - 29-01-2023 *\/\n.elementor-heading-title{padding:0;margin:0;line-height:1}.elementor-widget-heading .elementor-heading-title[class*=elementor-size-]>a{color:inherit;font-size:inherit;line-height:inherit}.elementor-widget-heading .elementor-heading-title.elementor-size-small{font-size:15px}.elementor-widget-heading .elementor-heading-title.elementor-size-medium{font-size:19px}.elementor-widget-heading .elementor-heading-title.elementor-size-large{font-size:29px}.elementor-widget-heading .elementor-heading-title.elementor-size-xl{font-size:39px}.elementor-widget-heading .elementor-heading-title.elementor-size-xxl{font-size:59px}<\/style><h2 class=\"elementor-heading-title elementor-size-default\">Brystalternativ for voksen sexdukker \u2013 standard, gelfylt eller hul?<\/h2>\t\t<\/div>\n\t\t\t\t<\/div>\n\t\t\t\t<div class=\"elementor-element elementor-element-c746337 elementor-widget elementor-widget-text-editor\" data-id=\"c746337\" data-element_type=\"widget\" data-widget_type=\"text-editor.default\">\n\t\t\t\t<div class=\"elementor-widget-container\">\n\t\t\t\t\t\t\t<p>\u00c5 m\u00e5tte velge ut din favorittdukke fra v\u00e5rt brede utvalg av sexdukker kan v\u00e6re ganske vanskelig. For tiden i samlingen v\u00e5r har vi over 2000 sexdukker du kan velge mellom, og det slutter ikke engang der. N\u00e5r du har klart \u00e5 ta en endelig avgj\u00f8relse og holde deg til den virkelige dukken din, blir du f\u00f8rt inn i en annen hel verden av design og oppgraderinger. Du vil ogs\u00e5 bli spurt om hva slags brystdesign du kanskje vil ha; Det er her denne artikkelen kommer til nytte da den gir et glimt av hva slags bryst du kanskje vil at sexdukken din skal ha.<\/p>\t\t\t\t\t\t<\/div>\n\t\t\t\t<\/div>\n\t\t\t\t<div class=\"elementor-element elementor-element-406d124 elementor-widget elementor-widget-text-editor\" data-id=\"406d124\" data-element_type=\"widget\" data-widget_type=\"text-editor.default\">\n\t\t\t\t<div class=\"elementor-widget-container\">\n\t\t\t\t\t\t\tTre tilgjengelige alternativer for sexdukker:\t\t\t\t\t\t<\/div>\n\t\t\t\t<\/div>\n\t\t\t\t<div class=\"elementor-element elementor-element-1f03e71 elementor-align-left elementor-icon-list--layout-traditional elementor-list-item-link-full_width elementor-widget elementor-widget-icon-list\" data-id=\"1f03e71\" data-element_type=\"widget\" data-widget_type=\"icon-list.default\">\n\t\t\t\t<div class=\"elementor-widget-container\">\n\t\t\t\t\t<ul class=\"elementor-icon-list-items\">\n\t\t\t\t\t\t\t<li class=\"elementor-icon-list-item\">\n\t\t\t\t\t\t\t\t\t\t\t<span class=\"elementor-icon-list-icon\">\n\t\t\t\t\t\t\t<i aria-hidden=\"true\" class=\"fas fa-check\"><\/i>\t\t\t\t\t\t<\/span>\n\t\t\t\t\t\t\t\t\t\t<span class=\"elementor-icon-list-text\">Standard bryster,<\/span>\n\t\t\t\t\t\t\t\t\t<\/li>\n\t\t\t\t\t\t\t\t<li class=\"elementor-icon-list-item\">\n\t\t\t\t\t\t\t\t\t\t\t<span class=\"elementor-icon-list-icon\">\n\t\t\t\t\t\t\t<i aria-hidden=\"true\" class=\"fas fa-check\"><\/i>\t\t\t\t\t\t<\/span>\n\t\t\t\t\t\t\t\t\t\t<span class=\"elementor-icon-list-text\">Gelfylte bryster, <\/span>\n\t\t\t\t\t\t\t\t\t<\/li>\n\t\t\t\t\t\t\t\t<li class=\"elementor-icon-list-item\">\n\t\t\t\t\t\t\t\t\t\t\t<span class=\"elementor-icon-list-icon\">\n\t\t\t\t\t\t\t<i aria-hidden=\"true\" class=\"fas fa-check\"><\/i>\t\t\t\t\t\t<\/span>\n\t\t\t\t\t\t\t\t\t\t<span class=\"elementor-icon-list-text\">Hule bryster.<\/span>\n\t\t\t\t\t\t\t\t\t<\/li>\n\t\t\t\t\t\t<\/ul>\n\t\t\t\t<\/div>\n\t\t\t\t<\/div>\n\t\t\t\t<div class=\"elementor-element elementor-element-1f5c990 elementor-widget elementor-widget-text-editor\" data-id=\"1f5c990\" data-element_type=\"widget\" data-widget_type=\"text-editor.default\">\n\t\t\t\t<div class=\"elementor-widget-container\">\n\t\t\t\t\t\t\tBeskrivelse av hvert brystdesign, fordeler og ulemper er forklart nedenfor.\t\t\t\t\t\t<\/div>\n\t\t\t\t<\/div>\n\t\t\t\t<div class=\"elementor-element elementor-element-4c62670 elementor-invisible elementor-widget elementor-widget-heading\" data-id=\"4c62670\" data-element_type=\"widget\" data-settings=\"{&quot;_animation&quot;:&quot;fadeInUp&quot;}\" data-widget_type=\"heading.default\">\n\t\t\t\t<div class=\"elementor-widget-container\">\n\t\t\t<h2 class=\"elementor-heading-title elementor-size-default\">Standard bryster<\/h2>\t\t<\/div>\n\t\t\t\t<\/div>\n\t\t\t\t<section class=\"elementor-section elementor-inner-section elementor-element elementor-element-16df2c5 elementor-section-boxed elementor-section-height-default elementor-section-height-default\" data-id=\"16df2c5\" data-element_type=\"section\">\n\t\t\t\t\t\t<div class=\"elementor-container elementor-column-gap-default\">\n\t\t\t\t\t<div class=\"elementor-column elementor-col-50 elementor-inner-column elementor-element elementor-element-9f060c9\" data-id=\"9f060c9\" data-element_type=\"column\">\n\t\t\t<div class=\"elementor-widget-wrap elementor-element-populated\">\n\t\t\t\t\t\t\t\t<div class=\"elementor-element elementor-element-00f4dc3 elementor-widget elementor-widget-text-editor\" data-id=\"00f4dc3\" data-element_type=\"widget\" data-widget_type=\"text-editor.default\">\n\t\t\t\t<div class=\"elementor-widget-container\">\n\t\t\t\t\t\t\tStandardbrystene er enkle og enkle, og de kommer uten ekstra kostnad. Den er laget med samme materiale som dukken din, enten silikon eller TPE. Brystene er tilfeldigvis faste og muntre, men inneholder fortsatt til en viss grad en viss grad av mykhet og sprett som en sexdukke av silikon eller TPE burde ha. \t\t\t\t\t\t<\/div>\n\t\t\t\t<\/div>\n\t\t\t\t<div class=\"elementor-element elementor-element-d1c8f9d elementor-widget elementor-widget-text-editor\" data-id=\"d1c8f9d\" data-element_type=\"widget\" data-widget_type=\"text-editor.default\">\n\t\t\t\t<div class=\"elementor-widget-container\">\n\t\t\t\t\t\t\tDette alternativet er det beste alternativet hvis du ikke er s\u00e5 bekymret for brystets mykhet og \u00f8nsker \u00e5 unng\u00e5 \u00e5 betale for oppgraderinger. Standardbrystet er ekte nok for de som vil ha det slik og ikke er interessert i \u00e5 kj\u00f8pe en oppgradering. \t\t\t\t\t\t<\/div>\n\t\t\t\t<\/div>\n\t\t\t\t<div class=\"elementor-element elementor-element-d7f55b7 elementor-widget elementor-widget-heading\" data-id=\"d7f55b7\" data-element_type=\"widget\" data-widget_type=\"heading.default\">\n\t\t\t\t<div class=\"elementor-widget-container\">\n\t\t\t<h2 class=\"elementor-heading-title elementor-size-default\">- Fordeler<\/h2>\t\t<\/div>\n\t\t\t\t<\/div>\n\t\t\t\t<div class=\"elementor-element elementor-element-cd23bc8 elementor-widget elementor-widget-html\" data-id=\"cd23bc8\" data-element_type=\"widget\" data-widget_type=\"html.default\">\n\t\t\t\t<div class=\"elementor-widget-container\">\n\t\t\t<ol class=\"number_list_type\"><li>Du betaler ikke ekstra fordi det f\u00f8lger med sexdukken din.<\/li>\n<li>Fast og frekk.<\/li>\n \n<\/ol>\t\t<\/div>\n\t\t\t\t<\/div>\n\t\t\t\t<div class=\"elementor-element elementor-element-c8bf5aa elementor-widget elementor-widget-heading\" data-id=\"c8bf5aa\" data-element_type=\"widget\" data-widget_type=\"heading.default\">\n\t\t\t\t<div class=\"elementor-widget-container\">\n\t\t\t<h2 class=\"elementor-heading-title elementor-size-default\">- Ulemper<\/h2>\t\t<\/div>\n\t\t\t\t<\/div>\n\t\t\t\t<div class=\"elementor-element elementor-element-f6e0f40 elementor-widget elementor-widget-text-editor\" data-id=\"f6e0f40\" data-element_type=\"widget\" data-widget_type=\"text-editor.default\">\n\t\t\t\t<div class=\"elementor-widget-container\">\n\t\t\t\t\t\t\tAbsolutt ikke kan sammenlignes med de andre som er squishy eller sprettende.\t\t\t\t\t\t<\/div>\n\t\t\t\t<\/div>\n\t\t\t\t\t<\/div>\n\t\t<\/div>\n\t\t\t\t<div class=\"elementor-column elementor-col-50 elementor-inner-column elementor-element elementor-element-62c7b6b\" data-id=\"62c7b6b\" data-element_type=\"column\">\n\t\t\t<div class=\"elementor-widget-wrap elementor-element-populated\">\n\t\t\t\t\t\t\t\t<div class=\"elementor-element elementor-element-61593ef elementor-invisible elementor-widget elementor-widget-image\" data-id=\"61593ef\" data-element_type=\"widget\" data-settings=\"{&quot;_animation&quot;:&quot;fadeInRight&quot;}\" data-widget_type=\"image.default\">\n\t\t\t\t<div class=\"elementor-widget-container\">\n\t\t\t<style>\/*! elementor - v3.10.2 - 29-01-2023 *\/\n.elementor-widget-image{text-align:center}.elementor-widget-image a{display:inline-block}.elementor-widget-image a img[src$=\".svg\"]{width:48px}.elementor-widget-image img{vertical-align:middle;display:inline-block}<\/style>\t\t\t\t\t\t\t\t\t\t\t\t<img loading=\"lazy\" decoding=\"async\" width=\"700\" height=\"700\" src=\"https:\/\/renodoll.com\/wp-content\/uploads\/2023\/03\/solid.png\" class=\"attachment-large size-large wp-image-6612\" alt=\"\" srcset=\"https:\/\/renodoll.com\/wp-content\/uploads\/2023\/03\/solid.png 700w, https:\/\/renodoll.com\/wp-content\/uploads\/2023\/03\/solid-300x300.png 300w, https:\/\/renodoll.com\/wp-content\/uploads\/2023\/03\/solid-150x150.png 150w, https:\/\/renodoll.com\/wp-content\/uploads\/2023\/03\/solid-12x12.png 12w, https:\/\/renodoll.com\/wp-content\/uploads\/2023\/03\/solid-100x100.png 100w, https:\/\/renodoll.com\/wp-content\/uploads\/2023\/03\/solid-600x600.png 600w, https:\/\/renodoll.com\/wp-content\/uploads\/2023\/03\/solid-10x10.png 10w\" sizes=\"auto, (max-width: 700px) 100vw, 700px\" \/>\t\t\t\t\t\t\t\t\t\t\t\t\t\t\t<\/div>\n\t\t\t\t<\/div>\n\t\t\t\t\t<\/div>\n\t\t<\/div>\n\t\t\t\t\t\t\t<\/div>\n\t\t<\/section>\n\t\t\t\t<div class=\"elementor-element elementor-element-b3b0941 elementor-invisible elementor-widget elementor-widget-heading\" data-id=\"b3b0941\" data-element_type=\"widget\" data-settings=\"{&quot;_animation&quot;:&quot;fadeInUp&quot;}\" data-widget_type=\"heading.default\">\n\t\t\t\t<div class=\"elementor-widget-container\">\n\t\t\t<h2 class=\"elementor-heading-title elementor-size-default\">Gelfylte bryster<\/h2>\t\t<\/div>\n\t\t\t\t<\/div>\n\t\t\t\t<section class=\"elementor-section elementor-inner-section elementor-element elementor-element-5a4b94d elementor-section-boxed elementor-section-height-default elementor-section-height-default\" data-id=\"5a4b94d\" data-element_type=\"section\">\n\t\t\t\t\t\t<div class=\"elementor-container elementor-column-gap-default\">\n\t\t\t\t\t<div class=\"elementor-column elementor-col-50 elementor-inner-column elementor-element elementor-element-5856779\" data-id=\"5856779\" data-element_type=\"column\">\n\t\t\t<div class=\"elementor-widget-wrap elementor-element-populated\">\n\t\t\t\t\t\t\t\t<div class=\"elementor-element elementor-element-40bf171 elementor-invisible elementor-widget elementor-widget-image\" data-id=\"40bf171\" data-element_type=\"widget\" data-settings=\"{&quot;_animation&quot;:&quot;fadeInLeft&quot;}\" data-widget_type=\"image.default\">\n\t\t\t\t<div class=\"elementor-widget-container\">\n\t\t\t\t\t\t\t\t\t\t\t\t\t\t\t<img loading=\"lazy\" decoding=\"async\" width=\"700\" height=\"700\" src=\"https:\/\/renodoll.com\/wp-content\/uploads\/2023\/03\/gel.png\" class=\"attachment-large size-large wp-image-6609\" alt=\"\" srcset=\"https:\/\/renodoll.com\/wp-content\/uploads\/2023\/03\/gel.png 700w, https:\/\/renodoll.com\/wp-content\/uploads\/2023\/03\/gel-300x300.png 300w, https:\/\/renodoll.com\/wp-content\/uploads\/2023\/03\/gel-150x150.png 150w, https:\/\/renodoll.com\/wp-content\/uploads\/2023\/03\/gel-12x12.png 12w, https:\/\/renodoll.com\/wp-content\/uploads\/2023\/03\/gel-100x100.png 100w, https:\/\/renodoll.com\/wp-content\/uploads\/2023\/03\/gel-600x600.png 600w, https:\/\/renodoll.com\/wp-content\/uploads\/2023\/03\/gel-10x10.png 10w\" sizes=\"auto, (max-width: 700px) 100vw, 700px\" \/>\t\t\t\t\t\t\t\t\t\t\t\t\t\t\t<\/div>\n\t\t\t\t<\/div>\n\t\t\t\t\t<\/div>\n\t\t<\/div>\n\t\t\t\t<div class=\"elementor-column elementor-col-50 elementor-inner-column elementor-element elementor-element-3e24827\" data-id=\"3e24827\" data-element_type=\"column\">\n\t\t\t<div class=\"elementor-widget-wrap elementor-element-populated\">\n\t\t\t\t\t\t\t\t<div class=\"elementor-element elementor-element-105a2ab elementor-widget elementor-widget-text-editor\" data-id=\"105a2ab\" data-element_type=\"widget\" data-widget_type=\"text-editor.default\">\n\t\t\t\t<div class=\"elementor-widget-container\">\n\t\t\t\t\t\t\tDet beste alternativet som noen gang ville v\u00e6rt n\u00e5r det gjelder bryster til ekte sexdukker. Mye mykere enn standardbrystalternativet, mer fyldige og oppsiktsvekkende enn hule bryster. Gelen kommer n\u00e6rmest fordi den er en perfekt mellomting og sl\u00e5r alle andre alternativer med m\u00e5ten den imiterer f\u00f8lelsen og bevegelsen til menneskebrystene. De gelfylte brystene er laget p\u00e5 en m\u00e5te som virker s\u00e5 realistisk, akkurat som menneskefett. \t\t\t\t\t\t<\/div>\n\t\t\t\t<\/div>\n\t\t\t\t<div class=\"elementor-element elementor-element-67b058d elementor-widget elementor-widget-text-editor\" data-id=\"67b058d\" data-element_type=\"widget\" data-widget_type=\"text-editor.default\">\n\t\t\t\t<div class=\"elementor-widget-container\">\n\t\t\t\t\t\t\tDet gelfylte alternativet er det beste alternativet som finnes og er virkelig verdt oppgraderingen hvis du er interessert i \u00e5 ha en sexy sexdukke som gir f\u00f8lelsen av menneskelige bryster.\t\t\t\t\t\t<\/div>\n\t\t\t\t<\/div>\n\t\t\t\t<div class=\"elementor-element elementor-element-59d4aa3 elementor-widget elementor-widget-text-editor\" data-id=\"59d4aa3\" data-element_type=\"widget\" data-widget_type=\"text-editor.default\">\n\t\t\t\t<div class=\"elementor-widget-container\">\n\t\t\t\t\t\t\tDet er videoer nedenfor som i utgangspunktet viser bevegelsen og f\u00f8lelsen til en sexdukke med gelfylte bryster.\t\t\t\t\t\t<\/div>\n\t\t\t\t<\/div>\n\t\t\t\t<div class=\"elementor-element elementor-element-b0938a0 elementor-widget elementor-widget-heading\" data-id=\"b0938a0\" data-element_type=\"widget\" data-widget_type=\"heading.default\">\n\t\t\t\t<div class=\"elementor-widget-container\">\n\t\t\t<h2 class=\"elementor-heading-title elementor-size-default\">- Fordeler<\/h2>\t\t<\/div>\n\t\t\t\t<\/div>\n\t\t\t\t<div class=\"elementor-element elementor-element-04f5968 elementor-widget elementor-widget-html\" data-id=\"04f5968\" data-element_type=\"widget\" data-widget_type=\"html.default\">\n\t\t\t\t<div class=\"elementor-widget-container\">\n\t\t\t<ol class=\"number_list_type\"><li>Det mest reelle alternativet som finnes.<\/li>\n<li>Middels myk og oppkvikket p\u00e5 samme tid.<\/li>\n \n<\/ol>\t\t<\/div>\n\t\t\t\t<\/div>\n\t\t\t\t<div class=\"elementor-element elementor-element-ddba5a6 elementor-widget elementor-widget-heading\" data-id=\"ddba5a6\" data-element_type=\"widget\" data-widget_type=\"heading.default\">\n\t\t\t\t<div class=\"elementor-widget-container\">\n\t\t\t<h2 class=\"elementor-heading-title elementor-size-default\">- Ulemper<\/h2>\t\t<\/div>\n\t\t\t\t<\/div>\n\t\t\t\t<div class=\"elementor-element elementor-element-6addaf1 elementor-widget elementor-widget-text-editor\" data-id=\"6addaf1\" data-element_type=\"widget\" data-widget_type=\"text-editor.default\">\n\t\t\t\t<div class=\"elementor-widget-container\">\n\t\t\t\t\t\t\tSv\u00e6rt dyrt blant alle alternativer. \t\t\t\t\t\t<\/div>\n\t\t\t\t<\/div>\n\t\t\t\t\t<\/div>\n\t\t<\/div>\n\t\t\t\t\t\t\t<\/div>\n\t\t<\/section>\n\t\t\t\t<div class=\"elementor-element elementor-element-7fcd1f9 elementor-invisible elementor-widget elementor-widget-heading\" data-id=\"7fcd1f9\" data-element_type=\"widget\" data-settings=\"{&quot;_animation&quot;:&quot;fadeInUp&quot;}\" data-widget_type=\"heading.default\">\n\t\t\t\t<div class=\"elementor-widget-container\">\n\t\t\t<h2 class=\"elementor-heading-title elementor-size-default\">Hule bryster<\/h2>\t\t<\/div>\n\t\t\t\t<\/div>\n\t\t\t\t<section class=\"elementor-section elementor-inner-section elementor-element elementor-element-0cd3338 elementor-section-boxed elementor-section-height-default elementor-section-height-default\" data-id=\"0cd3338\" data-element_type=\"section\">\n\t\t\t\t\t\t<div class=\"elementor-container elementor-column-gap-default\">\n\t\t\t\t\t<div class=\"elementor-column elementor-col-50 elementor-inner-column elementor-element elementor-element-2ee01ef\" data-id=\"2ee01ef\" data-element_type=\"column\">\n\t\t\t<div class=\"elementor-widget-wrap elementor-element-populated\">\n\t\t\t\t\t\t\t\t<div class=\"elementor-element elementor-element-63b3ad4 elementor-widget elementor-widget-text-editor\" data-id=\"63b3ad4\" data-element_type=\"widget\" data-widget_type=\"text-editor.default\">\n\t\t\t\t<div class=\"elementor-widget-container\">\n\t\t\t\t\t\t\tHvis du tilfeldigvis faller inn under kategorien menn som virkelig elsker lette og sprettende bryster som er supermyke p\u00e5 samme tid, s\u00e5 er du tilfeldigvis p\u00e5 rett sted. \t\t\t\t\t\t<\/div>\n\t\t\t\t<\/div>\n\t\t\t\t<div class=\"elementor-element elementor-element-5cd7ace elementor-widget elementor-widget-text-editor\" data-id=\"5cd7ace\" data-element_type=\"widget\" data-widget_type=\"text-editor.default\">\n\t\t\t\t<div class=\"elementor-widget-container\">\n\t\t\t\t\t\t\tHule bryster, som antydet av navnet, er hule, og i stedet for \u00e5 v\u00e6re solide som TPE eller gelfylte, blir luften satt inn i dem for \u00e5 fylle dem opp. Med denne luften inni seg, ender de opp med \u00e5 bli squishy og jiggly. En god ting med det er at du vil kunne ta dem eller se dem sprette uten frykt. \t\t\t\t\t\t<\/div>\n\t\t\t\t<\/div>\n\t\t\t\t<div class=\"elementor-element elementor-element-62a62d2 elementor-widget elementor-widget-text-editor\" data-id=\"62a62d2\" data-element_type=\"widget\" data-widget_type=\"text-editor.default\">\n\t\t\t\t<div class=\"elementor-widget-container\">\n\t\t\t\t\t\t\tDe koster litt ekstra sammenlignet med standardbrystene.\t\t\t\t\t\t<\/div>\n\t\t\t\t<\/div>\n\t\t\t\t<div class=\"elementor-element elementor-element-2fe7e37 elementor-widget elementor-widget-heading\" data-id=\"2fe7e37\" data-element_type=\"widget\" data-widget_type=\"heading.default\">\n\t\t\t\t<div class=\"elementor-widget-container\">\n\t\t\t<h2 class=\"elementor-heading-title elementor-size-default\">- Fordeler<\/h2>\t\t<\/div>\n\t\t\t\t<\/div>\n\t\t\t\t<div class=\"elementor-element elementor-element-937b94e elementor-widget elementor-widget-html\" data-id=\"937b94e\" data-element_type=\"widget\" data-widget_type=\"html.default\">\n\t\t\t\t<div class=\"elementor-widget-container\">\n\t\t\t<ol class=\"number_list_type\"><li>Spretter en hel masse.<\/li>\n<li>Sv\u00e6rt myk og squishy.<\/li>\n \n<\/ol>\t\t<\/div>\n\t\t\t\t<\/div>\n\t\t\t\t<div class=\"elementor-element elementor-element-57b81b1 elementor-widget elementor-widget-heading\" data-id=\"57b81b1\" data-element_type=\"widget\" data-widget_type=\"heading.default\">\n\t\t\t\t<div class=\"elementor-widget-container\">\n\t\t\t<h2 class=\"elementor-heading-title elementor-size-default\">- Ulemper<\/h2>\t\t<\/div>\n\t\t\t\t<\/div>\n\t\t\t\t<div class=\"elementor-element elementor-element-4e5fda9 elementor-widget elementor-widget-text-editor\" data-id=\"4e5fda9\" data-element_type=\"widget\" data-widget_type=\"text-editor.default\">\n\t\t\t\t<div class=\"elementor-widget-container\">\n\t\t\t\t\t\t\tIkke s\u00e5 frekk som andre.\t\t\t\t\t\t<\/div>\n\t\t\t\t<\/div>\n\t\t\t\t\t<\/div>\n\t\t<\/div>\n\t\t\t\t<div class=\"elementor-column elementor-col-50 elementor-inner-column elementor-element elementor-element-9c89274\" data-id=\"9c89274\" data-element_type=\"column\">\n\t\t\t<div class=\"elementor-widget-wrap elementor-element-populated\">\n\t\t\t\t\t\t\t\t<div class=\"elementor-element elementor-element-0ff871d elementor-invisible elementor-widget elementor-widget-image\" data-id=\"0ff871d\" data-element_type=\"widget\" data-settings=\"{&quot;_animation&quot;:&quot;fadeInRight&quot;}\" data-widget_type=\"image.default\">\n\t\t\t\t<div class=\"elementor-widget-container\">\n\t\t\t\t\t\t\t\t\t\t\t\t\t\t\t<img loading=\"lazy\" decoding=\"async\" width=\"700\" height=\"700\" src=\"https:\/\/renodoll.com\/wp-content\/uploads\/2023\/03\/hollow.png\" class=\"attachment-large size-large wp-image-6611\" alt=\"\" srcset=\"https:\/\/renodoll.com\/wp-content\/uploads\/2023\/03\/hollow.png 700w, https:\/\/renodoll.com\/wp-content\/uploads\/2023\/03\/hollow-300x300.png 300w, https:\/\/renodoll.com\/wp-content\/uploads\/2023\/03\/hollow-150x150.png 150w, https:\/\/renodoll.com\/wp-content\/uploads\/2023\/03\/hollow-12x12.png 12w, https:\/\/renodoll.com\/wp-content\/uploads\/2023\/03\/hollow-100x100.png 100w, https:\/\/renodoll.com\/wp-content\/uploads\/2023\/03\/hollow-600x600.png 600w, https:\/\/renodoll.com\/wp-content\/uploads\/2023\/03\/hollow-10x10.png 10w\" sizes=\"auto, (max-width: 700px) 100vw, 700px\" \/>\t\t\t\t\t\t\t\t\t\t\t\t\t\t\t<\/div>\n\t\t\t\t<\/div>\n\t\t\t\t\t<\/div>\n\t\t<\/div>\n\t\t\t\t\t\t\t<\/div>\n\t\t<\/section>\n\t\t\t\t\t<\/div>\n\t\t<\/div>\n\t\t\t\t\t\t\t<\/div>\n\t\t<\/section>\n\t\t\t\t\t\t\t<\/div>","protected":false},"excerpt":{"rendered":"<p>To give a similar experience while touching the breasts of your love doll as to that of a human body, we work on constant improvisation of the breasts. Three ways of working on the breasts are: Standard Gel-filled Hollow Adult Sex Doll Breast Option &#8211; Standard, Gel-filled Or Hollow? Having to pick out your favorite doll from our wide variety of sex dolls can be quite a hassle. Presently in our collection, we have over 2000 sex dolls for you to make your choice from, and it doesn&#8217;t even end there. Once you&#8217;ve been able to reach a final decision<\/p>","protected":false},"author":1,"featured_media":0,"parent":0,"menu_order":0,"comment_status":"closed","ping_status":"closed","template":"","meta":{"footnotes":""},"class_list":["post-5358","page","type-page","status-publish","hentry"],"aioseo_notices":[],"_links":{"self":[{"href":"https:\/\/renodoll.com\/nb\/wp-json\/wp\/v2\/pages\/5358","targetHints":{"allow":["GET"]}}],"collection":[{"href":"https:\/\/renodoll.com\/nb\/wp-json\/wp\/v2\/pages"}],"about":[{"href":"https:\/\/renodoll.com\/nb\/wp-json\/wp\/v2\/types\/page"}],"author":[{"embeddable":true,"href":"https:\/\/renodoll.com\/nb\/wp-json\/wp\/v2\/users\/1"}],"replies":[{"embeddable":true,"href":"https:\/\/renodoll.com\/nb\/wp-json\/wp\/v2\/comments?post=5358"}],"version-history":[{"count":49,"href":"https:\/\/renodoll.com\/nb\/wp-json\/wp\/v2\/pages\/5358\/revisions"}],"predecessor-version":[{"id":16002,"href":"https:\/\/renodoll.com\/nb\/wp-json\/wp\/v2\/pages\/5358\/revisions\/16002"}],"wp:attachment":[{"href":"https:\/\/renodoll.com\/nb\/wp-json\/wp\/v2\/media?parent=5358"}],"curies":[{"name":"wp","href":"https:\/\/api.w.org\/{rel}","templated":true}]}}