{"id":5353,"date":"2023-02-22T15:06:32","date_gmt":"2023-02-22T07:06:32","guid":{"rendered":"https:\/\/renodoll.com\/?page_id=5353"},"modified":"2023-03-31T18:22:04","modified_gmt":"2023-03-31T10:22:04","slug":"blood-vessel","status":"publish","type":"page","link":"https:\/\/renodoll.com\/nb\/blodare\/","title":{"rendered":"Blod\u00e5re"},"content":{"rendered":"<div data-elementor-type=\"wp-page\" data-elementor-id=\"5353\" class=\"elementor elementor-5353\">\n\t\t\t\t\t\t\t\t\t<section class=\"elementor-section elementor-top-section elementor-element elementor-element-7fc86cc elementor-section-boxed elementor-section-height-default elementor-section-height-default\" data-id=\"7fc86cc\" data-element_type=\"section\">\n\t\t\t\t\t\t<div class=\"elementor-container elementor-column-gap-default\">\n\t\t\t\t\t<div class=\"elementor-column elementor-col-100 elementor-top-column elementor-element elementor-element-3b22b53 page-content-text\" data-id=\"3b22b53\" data-element_type=\"column\">\n\t\t\t<div class=\"elementor-widget-wrap elementor-element-populated\">\n\t\t\t\t\t\t\t\t<div class=\"elementor-element elementor-element-0aea17b elementor-widget elementor-widget-text-editor\" data-id=\"0aea17b\" data-element_type=\"widget\" data-widget_type=\"text-editor.default\">\n\t\t\t\t<div class=\"elementor-widget-container\">\n\t\t\t<style>\/*! elementor - v3.10.2 - 29-01-2023 *\/\n.elementor-widget-text-editor.elementor-drop-cap-view-stacked .elementor-drop-cap{background-color:#818a91;color:#fff}.elementor-widget-text-editor.elementor-drop-cap-view-framed .elementor-drop-cap{color:#818a91;border:3px solid;background-color:transparent}.elementor-widget-text-editor:not(.elementor-drop-cap-view-default) .elementor-drop-cap{margin-top:8px}.elementor-widget-text-editor:not(.elementor-drop-cap-view-default) .elementor-drop-cap-letter{width:1em;height:1em}.elementor-widget-text-editor .elementor-drop-cap{float:left;text-align:center;line-height:1;font-size:50px}.elementor-widget-text-editor .elementor-drop-cap-letter{display:inline-block}<\/style>\t\t\t\tB\u00e5de TPE og Silicon Bodies kan n\u00e5 ha blodkarutseendet. Finn ut hvordan p\u00e5 bildene nedenfor.\t\t\t\t\t\t<\/div>\n\t\t\t\t<\/div>\n\t\t\t\t<section class=\"elementor-section elementor-inner-section elementor-element elementor-element-541c4ba elementor-section-boxed elementor-section-height-default elementor-section-height-default\" data-id=\"541c4ba\" data-element_type=\"section\">\n\t\t\t\t\t\t<div class=\"elementor-container elementor-column-gap-default\">\n\t\t\t\t\t<div class=\"elementor-column elementor-col-50 elementor-inner-column elementor-element elementor-element-25cfd42\" data-id=\"25cfd42\" data-element_type=\"column\">\n\t\t\t<div class=\"elementor-widget-wrap elementor-element-populated\">\n\t\t\t\t\t\t\t\t<div class=\"elementor-element elementor-element-2f09bdd elementor-invisible elementor-widget elementor-widget-image\" data-id=\"2f09bdd\" data-element_type=\"widget\" data-settings=\"{&quot;_animation&quot;:&quot;fadeInLeft&quot;}\" data-widget_type=\"image.default\">\n\t\t\t\t<div class=\"elementor-widget-container\">\n\t\t\t<style>\/*! elementor - v3.10.2 - 29-01-2023 *\/\n.elementor-widget-image{text-align:center}.elementor-widget-image a{display:inline-block}.elementor-widget-image a img[src$=\".svg\"]{width:48px}.elementor-widget-image img{vertical-align:middle;display:inline-block}<\/style>\t\t\t\t\t\t\t\t\t\t\t\t<img loading=\"lazy\" decoding=\"async\" width=\"768\" height=\"1024\" src=\"https:\/\/renodoll.com\/wp-content\/uploads\/2023\/03\/Blood-Vessel1-768x1024.png\" class=\"attachment-large size-large wp-image-6603\" alt=\"\" srcset=\"https:\/\/renodoll.com\/wp-content\/uploads\/2023\/03\/Blood-Vessel1-768x1024.png 768w, https:\/\/renodoll.com\/wp-content\/uploads\/2023\/03\/Blood-Vessel1-225x300.png 225w, https:\/\/renodoll.com\/wp-content\/uploads\/2023\/03\/Blood-Vessel1-9x12.png 9w, https:\/\/renodoll.com\/wp-content\/uploads\/2023\/03\/Blood-Vessel1-75x100.png 75w, https:\/\/renodoll.com\/wp-content\/uploads\/2023\/03\/Blood-Vessel1-300x400.png 300w, https:\/\/renodoll.com\/wp-content\/uploads\/2023\/03\/Blood-Vessel1-600x800.png 600w, https:\/\/renodoll.com\/wp-content\/uploads\/2023\/03\/Blood-Vessel1-8x10.png 8w, https:\/\/renodoll.com\/wp-content\/uploads\/2023\/03\/Blood-Vessel1.png 900w\" sizes=\"auto, (max-width: 768px) 100vw, 768px\" \/>\t\t\t\t\t\t\t\t\t\t\t\t\t\t\t<\/div>\n\t\t\t\t<\/div>\n\t\t\t\t\t<\/div>\n\t\t<\/div>\n\t\t\t\t<div class=\"elementor-column elementor-col-50 elementor-inner-column elementor-element elementor-element-e0ce621\" data-id=\"e0ce621\" data-element_type=\"column\">\n\t\t\t<div class=\"elementor-widget-wrap elementor-element-populated\">\n\t\t\t\t\t\t\t\t<div class=\"elementor-element elementor-element-6fd4c66 elementor-invisible elementor-widget elementor-widget-image\" data-id=\"6fd4c66\" data-element_type=\"widget\" data-settings=\"{&quot;_animation&quot;:&quot;fadeInRight&quot;}\" data-widget_type=\"image.default\">\n\t\t\t\t<div class=\"elementor-widget-container\">\n\t\t\t\t\t\t\t\t\t\t\t\t\t\t\t<img loading=\"lazy\" decoding=\"async\" width=\"768\" height=\"1024\" src=\"https:\/\/renodoll.com\/wp-content\/uploads\/2023\/03\/Blood-Vessel-768x1024.png\" class=\"attachment-large size-large wp-image-6604\" alt=\"\" srcset=\"https:\/\/renodoll.com\/wp-content\/uploads\/2023\/03\/Blood-Vessel-768x1024.png 768w, https:\/\/renodoll.com\/wp-content\/uploads\/2023\/03\/Blood-Vessel-225x300.png 225w, https:\/\/renodoll.com\/wp-content\/uploads\/2023\/03\/Blood-Vessel-9x12.png 9w, https:\/\/renodoll.com\/wp-content\/uploads\/2023\/03\/Blood-Vessel-75x100.png 75w, https:\/\/renodoll.com\/wp-content\/uploads\/2023\/03\/Blood-Vessel-300x400.png 300w, https:\/\/renodoll.com\/wp-content\/uploads\/2023\/03\/Blood-Vessel-600x800.png 600w, https:\/\/renodoll.com\/wp-content\/uploads\/2023\/03\/Blood-Vessel-8x10.png 8w, https:\/\/renodoll.com\/wp-content\/uploads\/2023\/03\/Blood-Vessel.png 900w\" sizes=\"auto, (max-width: 768px) 100vw, 768px\" \/>\t\t\t\t\t\t\t\t\t\t\t\t\t\t\t<\/div>\n\t\t\t\t<\/div>\n\t\t\t\t\t<\/div>\n\t\t<\/div>\n\t\t\t\t\t\t\t<\/div>\n\t\t<\/section>\n\t\t\t\t<div class=\"elementor-element elementor-element-350bb40 elementor-widget elementor-widget-spacer\" data-id=\"350bb40\" data-element_type=\"widget\" data-widget_type=\"spacer.default\">\n\t\t\t\t<div class=\"elementor-widget-container\">\n\t\t\t<style>\/*! elementor - v3.10.2 - 29-01-2023 *\/\n.elementor-column .elementor-spacer-inner{height:var(--spacer-size)}.e-con{--container-widget-width:100%}.e-con-inner>.elementor-widget-spacer,.e-con>.elementor-widget-spacer{width:var(--container-widget-width,var(--spacer-size));--align-self:var(--container-widget-align-self,initial);--flex-shrink:0}.e-con-inner>.elementor-widget-spacer>.elementor-widget-container,.e-con-inner>.elementor-widget-spacer>.elementor-widget-container>.elementor-spacer,.e-con>.elementor-widget-spacer>.elementor-widget-container,.e-con>.elementor-widget-spacer>.elementor-widget-container>.elementor-spacer{height:100%}.e-con-inner>.elementor-widget-spacer>.elementor-widget-container>.elementor-spacer>.elementor-spacer-inner,.e-con>.elementor-widget-spacer>.elementor-widget-container>.elementor-spacer>.elementor-spacer-inner{height:var(--container-widget-height,var(--spacer-size))}<\/style>\t\t<div class=\"elementor-spacer\">\n\t\t\t<div class=\"elementor-spacer-inner\"><\/div>\n\t\t<\/div>\n\t\t\t\t<\/div>\n\t\t\t\t<\/div>\n\t\t\t\t<div class=\"elementor-element elementor-element-760dc5b elementor-widget elementor-widget-text-editor\" data-id=\"760dc5b\" data-element_type=\"widget\" data-widget_type=\"text-editor.default\">\n\t\t\t\t<div class=\"elementor-widget-container\">\n\t\t\t\t\t\t\t<p>En utrolig ting med RenoDoll kj\u00e6rlighetsdukker er hele kroppssminken med faktiske blod\u00e5rer.<\/p>\t\t\t\t\t\t<\/div>\n\t\t\t\t<\/div>\n\t\t\t\t<div class=\"elementor-element elementor-element-7312d3a elementor-widget elementor-widget-text-editor\" data-id=\"7312d3a\" data-element_type=\"widget\" data-widget_type=\"text-editor.default\">\n\t\t\t\t<div class=\"elementor-widget-container\">\n\t\t\t\t\t\t\t<p>RenoDoll er et kjent verdenskjent merke. Det internasjonale selskapets hovedkontor ligger i Shenzhen, Kina. RenoDoll er den f\u00f8rste l\u00f8peren og lederen av silikonhode + TPE-karbonkopikropp.<\/p>\t\t\t\t\t\t<\/div>\n\t\t\t\t<\/div>\n\t\t\t\t<div class=\"elementor-element elementor-element-6aa2484 elementor-widget elementor-widget-text-editor\" data-id=\"6aa2484\" data-element_type=\"widget\" data-widget_type=\"text-editor.default\">\n\t\t\t\t<div class=\"elementor-widget-container\">\n\t\t\t\t\t\t\tDen bruker real-life mold-teknologi for \u00e5 duplisere den virkelige modellkroppen 1:1 med hudtekstur. \t\t\t\t\t\t<\/div>\n\t\t\t\t<\/div>\n\t\t\t\t<div class=\"elementor-element elementor-element-a759c16 elementor-invisible elementor-widget elementor-widget-heading\" data-id=\"a759c16\" data-element_type=\"widget\" data-settings=\"{&quot;_animation&quot;:&quot;fadeInUp&quot;}\" data-widget_type=\"heading.default\">\n\t\t\t\t<div class=\"elementor-widget-container\">\n\t\t\t<style>\/*! elementor - v3.10.2 - 29-01-2023 *\/\n.elementor-heading-title{padding:0;margin:0;line-height:1}.elementor-widget-heading .elementor-heading-title[class*=elementor-size-]>a{color:inherit;font-size:inherit;line-height:inherit}.elementor-widget-heading .elementor-heading-title.elementor-size-small{font-size:15px}.elementor-widget-heading .elementor-heading-title.elementor-size-medium{font-size:19px}.elementor-widget-heading .elementor-heading-title.elementor-size-large{font-size:29px}.elementor-widget-heading .elementor-heading-title.elementor-size-xl{font-size:39px}.elementor-widget-heading .elementor-heading-title.elementor-size-xxl{font-size:59px}<\/style><h2 class=\"elementor-heading-title elementor-size-default\">Funksjonene til de sexy sexdukkene<\/h2>\t\t<\/div>\n\t\t\t\t<\/div>\n\t\t\t\t<div class=\"elementor-element elementor-element-323fb16 elementor-widget elementor-widget-text-editor\" data-id=\"323fb16\" data-element_type=\"widget\" data-widget_type=\"text-editor.default\">\n\t\t\t\t<div class=\"elementor-widget-container\">\n\t\t\t\t\t\t\tDen sofistikerte, realistiske sexdukken streber etter perfeksjon med den virkelige dukken. Ansiktstrekkene er mer tydelige og mer simulerte, kroppen er belagt for \u00e5 passe til hvilken som helst hudfarge du m\u00e5tte \u00f8nske, og hele kroppssminken er fylt med ekte blod\u00e5rer + hudlinjer.\t\t\t\t\t\t<\/div>\n\t\t\t\t<\/div>\n\t\t\t\t<div class=\"elementor-element elementor-element-b37b977 elementor-invisible elementor-widget elementor-widget-heading\" data-id=\"b37b977\" data-element_type=\"widget\" data-settings=\"{&quot;_animation&quot;:&quot;fadeInUp&quot;}\" data-widget_type=\"heading.default\">\n\t\t\t\t<div class=\"elementor-widget-container\">\n\t\t\t<h2 class=\"elementor-heading-title elementor-size-default\">Reno Doll, en av de beste distribut\u00f8rene av autentiske kj\u00e6rlighetsdukker<\/h2>\t\t<\/div>\n\t\t\t\t<\/div>\n\t\t\t\t<div class=\"elementor-element elementor-element-1e016d9 elementor-widget elementor-widget-text-editor\" data-id=\"1e016d9\" data-element_type=\"widget\" data-widget_type=\"text-editor.default\">\n\t\t\t\t<div class=\"elementor-widget-container\">\n\t\t\t\t\t\t\t<p>Den ekte dukken bruker to forskjellige materialer, silikon og TPE. Kroppen og hodet er laget av ulike toppmaterialer slik at de kan brukes maksimalt. Hodet er sammensatt av h\u00f8ykvalitets silikonmateriale for \u00e5 bekrefte at spesifikasjonene til det virkelige hodet er gjenopprettet i st\u00f8rst grad.<\/p>\t\t\t\t\t\t<\/div>\n\t\t\t\t<\/div>\n\t\t\t\t<div class=\"elementor-element elementor-element-c5464c7 elementor-invisible elementor-widget elementor-widget-heading\" data-id=\"c5464c7\" data-element_type=\"widget\" data-settings=\"{&quot;_animation&quot;:&quot;fadeInUp&quot;}\" data-widget_type=\"heading.default\">\n\t\t\t\t<div class=\"elementor-widget-container\">\n\t\t\t<h2 class=\"elementor-heading-title elementor-size-default\">Kvalitetssexdukker til salgs p\u00e5 nett<\/h2>\t\t<\/div>\n\t\t\t\t<\/div>\n\t\t\t\t<div class=\"elementor-element elementor-element-1dd287d elementor-widget elementor-widget-text-editor\" data-id=\"1dd287d\" data-element_type=\"widget\" data-widget_type=\"text-editor.default\">\n\t\t\t\t<div class=\"elementor-widget-container\">\n\t\t\t\t\t\t\t<p>Sexdukker i naturlig st\u00f8rrelse er uts\u00f8kte, s\u00e6regne og fleksible, noe som gj\u00f8r dem til en veldig praktisk pornoerstatning for sexlivet ditt. Kj\u00f8p RenoDoll sexy sexdukker i v\u00e5r sexdukkebutikk, og v\u00e6r sikker p\u00e5 at du f\u00e5r sexdukker av h\u00f8yeste kvalitet.<\/p>\t\t\t\t\t\t<\/div>\n\t\t\t\t<\/div>\n\t\t\t\t\t<\/div>\n\t\t<\/div>\n\t\t\t\t\t\t\t<\/div>\n\t\t<\/section>\n\t\t\t\t\t\t\t<\/div>","protected":false},"excerpt":{"rendered":"<p>B\u00e5de TPE og Silicon Bodies kan n\u00e5 ha blodkarutseendet. Finn ut hvordan i bildene nedenfor. En utrolig ting med RenoDoll kj\u00e6rlighetsdukker er hele kroppssminken med faktiske blod\u00e5rer. RenoDoll er et kjent verdenskjent merke. Det internasjonale selskapets hovedkontor ligger i Shenzhen, Kina. RenoDoll er den f\u00f8rste l\u00f8peren og lederen av silikonhodet + TPE blodkar karbonkopikropp. Den bruker real-life mold-teknologi for \u00e5 duplisere den virkelige modellkroppen 1:1 med hudtekstur. Egenskapene til de sexy sexdukkene Den sofistikerte, realistiske sexdukken streber etter perfeksjon med<\/p>","protected":false},"author":1,"featured_media":0,"parent":0,"menu_order":0,"comment_status":"closed","ping_status":"closed","template":"","meta":{"footnotes":""},"class_list":["post-5353","page","type-page","status-publish","hentry"],"aioseo_notices":[],"_links":{"self":[{"href":"https:\/\/renodoll.com\/nb\/wp-json\/wp\/v2\/pages\/5353","targetHints":{"allow":["GET"]}}],"collection":[{"href":"https:\/\/renodoll.com\/nb\/wp-json\/wp\/v2\/pages"}],"about":[{"href":"https:\/\/renodoll.com\/nb\/wp-json\/wp\/v2\/types\/page"}],"author":[{"embeddable":true,"href":"https:\/\/renodoll.com\/nb\/wp-json\/wp\/v2\/users\/1"}],"replies":[{"embeddable":true,"href":"https:\/\/renodoll.com\/nb\/wp-json\/wp\/v2\/comments?post=5353"}],"version-history":[{"count":25,"href":"https:\/\/renodoll.com\/nb\/wp-json\/wp\/v2\/pages\/5353\/revisions"}],"predecessor-version":[{"id":14828,"href":"https:\/\/renodoll.com\/nb\/wp-json\/wp\/v2\/pages\/5353\/revisions\/14828"}],"wp:attachment":[{"href":"https:\/\/renodoll.com\/nb\/wp-json\/wp\/v2\/media?parent=5353"}],"curies":[{"name":"wp","href":"https:\/\/api.w.org\/{rel}","templated":true}]}}