{"id":5342,"date":"2023-02-22T14:38:20","date_gmt":"2023-02-22T06:38:20","guid":{"rendered":"https:\/\/renodoll.com\/?page_id=5342"},"modified":"2023-03-31T18:15:51","modified_gmt":"2023-03-31T10:15:51","slug":"sex-doll-skeleton","status":"publish","type":"page","link":"https:\/\/renodoll.com\/nb\/sex-dukke-skjelett\/","title":{"rendered":"Sexdukkeskjelett"},"content":{"rendered":"<div data-elementor-type=\"wp-page\" data-elementor-id=\"5342\" class=\"elementor elementor-5342\">\n\t\t\t\t\t\t\t\t\t<section class=\"elementor-section elementor-top-section elementor-element elementor-element-acc2331 elementor-section-boxed elementor-section-height-default elementor-section-height-default\" data-id=\"acc2331\" data-element_type=\"section\">\n\t\t\t\t\t\t<div class=\"elementor-container elementor-column-gap-default\">\n\t\t\t\t\t<div class=\"elementor-column elementor-col-100 elementor-top-column elementor-element elementor-element-03b26f5 page-content-text\" data-id=\"03b26f5\" data-element_type=\"column\">\n\t\t\t<div class=\"elementor-widget-wrap elementor-element-populated\">\n\t\t\t\t\t\t\t\t<div class=\"elementor-element elementor-element-881ee1c elementor-widget elementor-widget-text-editor\" data-id=\"881ee1c\" data-element_type=\"widget\" data-widget_type=\"text-editor.default\">\n\t\t\t\t<div class=\"elementor-widget-container\">\n\t\t\t<style>\/*! elementor - v3.10.2 - 29-01-2023 *\/\n.elementor-widget-text-editor.elementor-drop-cap-view-stacked .elementor-drop-cap{background-color:#818a91;color:#fff}.elementor-widget-text-editor.elementor-drop-cap-view-framed .elementor-drop-cap{color:#818a91;border:3px solid;background-color:transparent}.elementor-widget-text-editor:not(.elementor-drop-cap-view-default) .elementor-drop-cap{margin-top:8px}.elementor-widget-text-editor:not(.elementor-drop-cap-view-default) .elementor-drop-cap-letter{width:1em;height:1em}.elementor-widget-text-editor .elementor-drop-cap{float:left;text-align:center;line-height:1;font-size:50px}.elementor-widget-text-editor .elementor-drop-cap-letter{display:inline-block}<\/style>\t\t\t\tInne i kroppen til kj\u00e6rlighetsdukken er det en skjelettstruktur som hjelper kroppens bevegelser og hindrer kroppen i \u00e5 vri seg eller falle. Skjelettet inne i sexdukken hjelper med \u00e5 fastsl\u00e5 levetiden og st\u00f8rrelseskapasiteten kroppen kan holde. Skjelettenes ulike design bidrar til \u00e5 bekrefte bevegelsene kj\u00e6rlighetsdukkene kan gj\u00f8re.\t\t\t\t\t\t<\/div>\n\t\t\t\t<\/div>\n\t\t\t\t<div class=\"elementor-element elementor-element-4556673 elementor-widget elementor-widget-text-editor\" data-id=\"4556673\" data-element_type=\"widget\" data-widget_type=\"text-editor.default\">\n\t\t\t\t<div class=\"elementor-widget-container\">\n\t\t\t\t\t\t\tSjekk ut bildene under dette innlegget for \u00e5 se hvordan skjelettet fungerer.\t\t\t\t\t\t<\/div>\n\t\t\t\t<\/div>\n\t\t\t\t<div class=\"elementor-element elementor-element-38afaf6 elementor-invisible elementor-widget elementor-widget-image\" data-id=\"38afaf6\" data-element_type=\"widget\" data-settings=\"{&quot;_animation&quot;:&quot;zoomIn&quot;}\" data-widget_type=\"image.default\">\n\t\t\t\t<div class=\"elementor-widget-container\">\n\t\t\t<style>\/*! elementor - v3.10.2 - 29-01-2023 *\/\n.elementor-widget-image{text-align:center}.elementor-widget-image a{display:inline-block}.elementor-widget-image a img[src$=\".svg\"]{width:48px}.elementor-widget-image img{vertical-align:middle;display:inline-block}<\/style>\t\t\t\t\t\t\t\t\t\t\t\t<img loading=\"lazy\" decoding=\"async\" width=\"1000\" height=\"828\" src=\"https:\/\/renodoll.com\/wp-content\/uploads\/2023\/03\/skeleton-introduction.png\" class=\"attachment-large size-large wp-image-6565\" alt=\"\" srcset=\"https:\/\/renodoll.com\/wp-content\/uploads\/2023\/03\/skeleton-introduction.png 1000w, https:\/\/renodoll.com\/wp-content\/uploads\/2023\/03\/skeleton-introduction-300x248.png 300w, https:\/\/renodoll.com\/wp-content\/uploads\/2023\/03\/skeleton-introduction-768x636.png 768w, https:\/\/renodoll.com\/wp-content\/uploads\/2023\/03\/skeleton-introduction-14x12.png 14w, https:\/\/renodoll.com\/wp-content\/uploads\/2023\/03\/skeleton-introduction-100x83.png 100w, https:\/\/renodoll.com\/wp-content\/uploads\/2023\/03\/skeleton-introduction-600x497.png 600w, https:\/\/renodoll.com\/wp-content\/uploads\/2023\/03\/skeleton-introduction-10x8.png 10w\" sizes=\"auto, (max-width: 1000px) 100vw, 1000px\" \/>\t\t\t\t\t\t\t\t\t\t\t\t\t\t\t<\/div>\n\t\t\t\t<\/div>\n\t\t\t\t<div class=\"elementor-element elementor-element-cc71f48 elementor-widget elementor-widget-text-editor\" data-id=\"cc71f48\" data-element_type=\"widget\" data-widget_type=\"text-editor.default\">\n\t\t\t\t<div class=\"elementor-widget-container\">\n\t\t\t\t\t\t\tForel\u00f8pig har vi to forskjellige typer skjeletter, som har forskjellige kostnader. Den vesentlige forskjellen mellom de to er at mens den ene kan trekke p\u00e5 skuldrene, kan den andre ikke. Gj\u00f8r det klokt i \u00e5 f\u00f8lge artikkelen til slutten for \u00e5 se andre forskjeller.\t\t\t\t\t\t<\/div>\n\t\t\t\t<\/div>\n\t\t\t\t<div class=\"elementor-element elementor-element-b7893ed elementor-invisible elementor-widget elementor-widget-image\" data-id=\"b7893ed\" data-element_type=\"widget\" data-settings=\"{&quot;_animation&quot;:&quot;zoomIn&quot;}\" data-widget_type=\"image.default\">\n\t\t\t\t<div class=\"elementor-widget-container\">\n\t\t\t\t\t\t\t\t\t\t\t\t\t\t\t<img loading=\"lazy\" decoding=\"async\" width=\"932\" height=\"1200\" src=\"https:\/\/renodoll.com\/wp-content\/uploads\/2023\/03\/h3bd0710ee3cb4337bf498e9c8b5ea2583-1662214320665.png\" class=\"attachment-full size-full wp-image-6566\" alt=\"\" srcset=\"https:\/\/renodoll.com\/wp-content\/uploads\/2023\/03\/h3bd0710ee3cb4337bf498e9c8b5ea2583-1662214320665.png 932w, https:\/\/renodoll.com\/wp-content\/uploads\/2023\/03\/h3bd0710ee3cb4337bf498e9c8b5ea2583-1662214320665-233x300.png 233w, https:\/\/renodoll.com\/wp-content\/uploads\/2023\/03\/h3bd0710ee3cb4337bf498e9c8b5ea2583-1662214320665-795x1024.png 795w, https:\/\/renodoll.com\/wp-content\/uploads\/2023\/03\/h3bd0710ee3cb4337bf498e9c8b5ea2583-1662214320665-768x989.png 768w, https:\/\/renodoll.com\/wp-content\/uploads\/2023\/03\/h3bd0710ee3cb4337bf498e9c8b5ea2583-1662214320665-9x12.png 9w, https:\/\/renodoll.com\/wp-content\/uploads\/2023\/03\/h3bd0710ee3cb4337bf498e9c8b5ea2583-1662214320665-78x100.png 78w, https:\/\/renodoll.com\/wp-content\/uploads\/2023\/03\/h3bd0710ee3cb4337bf498e9c8b5ea2583-1662214320665-300x386.png 300w, https:\/\/renodoll.com\/wp-content\/uploads\/2023\/03\/h3bd0710ee3cb4337bf498e9c8b5ea2583-1662214320665-600x773.png 600w, https:\/\/renodoll.com\/wp-content\/uploads\/2023\/03\/h3bd0710ee3cb4337bf498e9c8b5ea2583-1662214320665-8x10.png 8w\" sizes=\"auto, (max-width: 932px) 100vw, 932px\" \/>\t\t\t\t\t\t\t\t\t\t\t\t\t\t\t<\/div>\n\t\t\t\t<\/div>\n\t\t\t\t<div class=\"elementor-element elementor-element-48b66a9 elementor-widget elementor-widget-text-editor\" data-id=\"48b66a9\" data-element_type=\"widget\" data-widget_type=\"text-editor.default\">\n\t\t\t\t<div class=\"elementor-widget-container\">\n\t\t\t\t\t\t\tMens de vurderer hvilken sexdukke de skal ha, kan nybegynnere i sexdukkenes verden m\u00f8te en form for forvirring n\u00e5r de skal velge mellom standard EVO-skjeletter og EVO-skjeletter. Hva er disse forskjellene, sp\u00f8r du kanskje? Hold deg til oss, s\u00e5 vil vi fortelle deg det.\t\t\t\t\t\t<\/div>\n\t\t\t\t<\/div>\n\t\t\t\t<div class=\"elementor-element elementor-element-2aae69c elementor-invisible elementor-widget elementor-widget-heading\" data-id=\"2aae69c\" data-element_type=\"widget\" data-settings=\"{&quot;_animation&quot;:&quot;fadeInUp&quot;}\" data-widget_type=\"heading.default\">\n\t\t\t\t<div class=\"elementor-widget-container\">\n\t\t\t<style>\/*! elementor - v3.10.2 - 29-01-2023 *\/\n.elementor-heading-title{padding:0;margin:0;line-height:1}.elementor-widget-heading .elementor-heading-title[class*=elementor-size-]>a{color:inherit;font-size:inherit;line-height:inherit}.elementor-widget-heading .elementor-heading-title.elementor-size-small{font-size:15px}.elementor-widget-heading .elementor-heading-title.elementor-size-medium{font-size:19px}.elementor-widget-heading .elementor-heading-title.elementor-size-large{font-size:29px}.elementor-widget-heading .elementor-heading-title.elementor-size-xl{font-size:39px}.elementor-widget-heading .elementor-heading-title.elementor-size-xxl{font-size:59px}<\/style><h2 class=\"elementor-heading-title elementor-size-default\">Standard skjelett<\/h2>\t\t<\/div>\n\t\t\t\t<\/div>\n\t\t\t\t<div class=\"elementor-element elementor-element-8b640d4 elementor-widget elementor-widget-text-editor\" data-id=\"8b640d4\" data-element_type=\"widget\" data-widget_type=\"text-editor.default\">\n\t\t\t\t<div class=\"elementor-widget-container\">\n\t\t\t\t\t\t\tStandard Skeleton-dukken tillater ikke rotasjon av skuldrene da den er ganske stiv. \t\t\t\t\t\t<\/div>\n\t\t\t\t<\/div>\n\t\t\t\t<div class=\"elementor-element elementor-element-baa72d8 elementor-widget elementor-widget-text-editor\" data-id=\"baa72d8\" data-element_type=\"widget\" data-widget_type=\"text-editor.default\">\n\t\t\t\t<div class=\"elementor-widget-container\">\n\t\t\t\t\t\t\tAlbuene og kn\u00e6rne kan b\u00f8yes litt. Omtrent 90 grader. \t\t\t\t\t\t<\/div>\n\t\t\t\t<\/div>\n\t\t\t\t<div class=\"elementor-element elementor-element-4ffcfcb elementor-widget elementor-widget-text-editor\" data-id=\"4ffcfcb\" data-element_type=\"widget\" data-widget_type=\"text-editor.default\">\n\t\t\t\t<div class=\"elementor-widget-container\">\n\t\t\t\t\t\t\tDe fleste, om ikke alle, standardskjeletter kan bare f\u00f8res forover og bakover.\t\t\t\t\t\t<\/div>\n\t\t\t\t<\/div>\n\t\t\t\t<div class=\"elementor-element elementor-element-e31910a elementor-invisible elementor-widget elementor-widget-heading\" data-id=\"e31910a\" data-element_type=\"widget\" data-settings=\"{&quot;_animation&quot;:&quot;fadeInUp&quot;}\" data-widget_type=\"heading.default\">\n\t\t\t\t<div class=\"elementor-widget-container\">\n\t\t\t<h2 class=\"elementor-heading-title elementor-size-default\">Evo skjelett<\/h2>\t\t<\/div>\n\t\t\t\t<\/div>\n\t\t\t\t<div class=\"elementor-element elementor-element-780de4e elementor-widget elementor-widget-text-editor\" data-id=\"780de4e\" data-element_type=\"widget\" data-widget_type=\"text-editor.default\">\n\t\t\t\t<div class=\"elementor-widget-container\">\n\t\t\t\t\t\t\tDet nyoppussede EVO-skjelettet kan f\u00e5 sexdukken din til \u00e5 trekke p\u00e5 skuldrene og gi henne friheten til \u00e5 sl\u00e5 forskjellige positurer p\u00e5 en mer naturtro m\u00e5te.\t\t\t\t\t\t<\/div>\n\t\t\t\t<\/div>\n\t\t\t\t<div class=\"elementor-element elementor-element-9de1aa2 elementor-widget elementor-widget-text-editor\" data-id=\"9de1aa2\" data-element_type=\"widget\" data-widget_type=\"text-editor.default\">\n\t\t\t\t<div class=\"elementor-widget-container\">\n\t\t\t\t\t\t\tBena til den voksne sexdukken din kan b\u00f8yes p\u00e5 en slik m\u00e5te at bena n\u00e5r baken p\u00e5 kj\u00e6rlighetsdukken enten nedover eller i W-stilling.\t\t\t\t\t\t<\/div>\n\t\t\t\t<\/div>\n\t\t\t\t<div class=\"elementor-element elementor-element-13a0f35 elementor-widget elementor-widget-text-editor\" data-id=\"13a0f35\" data-element_type=\"widget\" data-widget_type=\"text-editor.default\">\n\t\t\t\t<div class=\"elementor-widget-container\">\n\t\t\t\t\t\t\tRyggraden til dukken i naturlig st\u00f8rrelse er ikke stiv sammenlignet med standardskjelettet. Dette lar den sexy sexdukken bevege ryggraden p\u00e5 hvilken som helst m\u00e5te eieren vil, og skaper dermed mye mer intim nytelse som \u00f8nsket av eierne.\t\t\t\t\t\t<\/div>\n\t\t\t\t<\/div>\n\t\t\t\t<section class=\"elementor-section elementor-inner-section elementor-element elementor-element-389eee2 elementor-section-boxed elementor-section-height-default elementor-section-height-default\" data-id=\"389eee2\" data-element_type=\"section\">\n\t\t\t\t\t\t<div class=\"elementor-container elementor-column-gap-default\">\n\t\t\t\t\t<div class=\"elementor-column elementor-col-50 elementor-inner-column elementor-element elementor-element-209d53e\" data-id=\"209d53e\" data-element_type=\"column\">\n\t\t\t<div class=\"elementor-widget-wrap elementor-element-populated\">\n\t\t\t\t\t\t\t\t<div class=\"elementor-element elementor-element-acedf47 elementor-invisible elementor-widget elementor-widget-heading\" data-id=\"acedf47\" data-element_type=\"widget\" data-settings=\"{&quot;_animation&quot;:&quot;fadeInUp&quot;}\" data-widget_type=\"heading.default\">\n\t\t\t\t<div class=\"elementor-widget-container\">\n\t\t\t<h2 class=\"elementor-heading-title elementor-size-default\">Sexdukke oppgradert EVO-skjelett<\/h2>\t\t<\/div>\n\t\t\t\t<\/div>\n\t\t\t\t<div class=\"elementor-element elementor-element-a110e11 elementor-widget elementor-widget-text-editor\" data-id=\"a110e11\" data-element_type=\"widget\" data-widget_type=\"text-editor.default\">\n\t\t\t\t<div class=\"elementor-widget-container\">\n\t\t\t\t\t\t\tI motsetning til standardskjelettet er EVO et mer detaljert og oppusset skjelett. Den er fleksibel og gir rom for en mer naturlig og realistisk posering som kan v\u00e6re bra for enten modellering eller fotografering og avansert seksuell stilling. Avanserte EVO-skjeletter fra noen selskaper som WM, Piper, Starpery og s\u00e5 mange andre fortsetter \u00e5 utvikle disse ekte dukkene slik at de er mer fleksible med dobbeltleddede armer og ben. Dette hjelper strekkingen deres p\u00e5 huk og kne til \u00e5 v\u00e6re like lik et menneskes.\t\t\t\t\t\t<\/div>\n\t\t\t\t<\/div>\n\t\t\t\t<div class=\"elementor-element elementor-element-41811f4 elementor-widget elementor-widget-text-editor\" data-id=\"41811f4\" data-element_type=\"widget\" data-widget_type=\"text-editor.default\">\n\t\t\t\t<div class=\"elementor-widget-container\">\n\t\t\t\t\t\t\tOppgraderingen av skjelettet til kj\u00e6rlighetsdukken din har en kostnad. Hvis du ikke krever mye fleksibilitet i leddomr\u00e5dene, er standardskjelettet ditt valg. Hvis du \u00f8nsker mye mer intime og behagelige \u00f8yeblikk med sexdukken din p\u00e5 grunn av dens fleksibilitet, er EVO-skjelettet for deg.\t\t\t\t\t\t<\/div>\n\t\t\t\t<\/div>\n\t\t\t\t\t<\/div>\n\t\t<\/div>\n\t\t\t\t<div class=\"elementor-column elementor-col-50 elementor-inner-column elementor-element elementor-element-c8cd916\" data-id=\"c8cd916\" data-element_type=\"column\">\n\t\t\t<div class=\"elementor-widget-wrap elementor-element-populated\">\n\t\t\t\t\t\t\t\t<div class=\"elementor-element elementor-element-2f820d1 elementor-aspect-ratio-32 elementor-widget elementor-widget-video\" data-id=\"2f820d1\" data-element_type=\"widget\" data-settings=\"{&quot;video_type&quot;:&quot;hosted&quot;,&quot;autoplay&quot;:&quot;yes&quot;,&quot;loop&quot;:&quot;yes&quot;,&quot;aspect_ratio&quot;:&quot;32&quot;,&quot;controls&quot;:&quot;yes&quot;}\" data-widget_type=\"video.default\">\n\t\t\t\t<div class=\"elementor-widget-container\">\n\t\t\t<style>\/*! elementor - v3.10.2 - 29-01-2023 *\/\n.elementor-widget-video .elementor-widget-container{overflow:hidden;transform:translateZ(0)}.elementor-widget-video .elementor-open-inline .elementor-custom-embed-image-overlay{position:absolute;top:0;left:0;width:100%;height:100%;background-size:cover;background-position:50%}.elementor-widget-video .elementor-custom-embed-image-overlay{cursor:pointer;text-align:center}.elementor-widget-video .elementor-custom-embed-image-overlay:hover .elementor-custom-embed-play i{opacity:1}.elementor-widget-video .elementor-custom-embed-image-overlay img{display:block;width:100%}.elementor-widget-video .e-hosted-video .elementor-video{-o-object-fit:cover;object-fit:cover}.e-con-inner>.elementor-widget-video,.e-con>.elementor-widget-video{width:var(--container-widget-width);--flex-grow:var(--container-widget-flex-grow)}<\/style>\t\t<div class=\"e-hosted-video elementor-wrapper elementor-fit-aspect-ratio elementor-open-inline\">\n\t\t\t\t\t<video class=\"elementor-video\" src=\"http:\/\/renodoll.com\/wp-content\/uploads\/2023\/03\/RudeLustrousBooby-mobile.mp4\" autoplay=\"\" loop=\"\" controls=\"\"><\/video>\n\t\t\t\t<\/div>\n\t\t\t\t<\/div>\n\t\t\t\t<\/div>\n\t\t\t\t\t<\/div>\n\t\t<\/div>\n\t\t\t\t\t\t\t<\/div>\n\t\t<\/section>\n\t\t\t\t\t<\/div>\n\t\t<\/div>\n\t\t\t\t\t\t\t<\/div>\n\t\t<\/section>\n\t\t\t\t\t\t\t<\/div>","protected":false},"excerpt":{"rendered":"<p>IInside the body of the love doll, there is a skeleton structure that aids body movement and prevents the body from twisting or falling. The skeleton inside the sex doll helps ascertain the lifespan and size capacity the body can hold. The various designs of the skeletons help confirm the movements the love dolls can make.Check out the pictures beneath this post to see how the skeleton works. Currently, we have two different kinds of skeletons, which come at different costs. The significant difference between the two is that while one can shrug, the other can&#8217;t. Do well to follow<\/p>","protected":false},"author":1,"featured_media":0,"parent":0,"menu_order":0,"comment_status":"closed","ping_status":"closed","template":"","meta":{"footnotes":""},"class_list":["post-5342","page","type-page","status-publish","hentry"],"aioseo_notices":[],"_links":{"self":[{"href":"https:\/\/renodoll.com\/nb\/wp-json\/wp\/v2\/pages\/5342","targetHints":{"allow":["GET"]}}],"collection":[{"href":"https:\/\/renodoll.com\/nb\/wp-json\/wp\/v2\/pages"}],"about":[{"href":"https:\/\/renodoll.com\/nb\/wp-json\/wp\/v2\/types\/page"}],"author":[{"embeddable":true,"href":"https:\/\/renodoll.com\/nb\/wp-json\/wp\/v2\/users\/1"}],"replies":[{"embeddable":true,"href":"https:\/\/renodoll.com\/nb\/wp-json\/wp\/v2\/comments?post=5342"}],"version-history":[{"count":41,"href":"https:\/\/renodoll.com\/nb\/wp-json\/wp\/v2\/pages\/5342\/revisions"}],"predecessor-version":[{"id":14819,"href":"https:\/\/renodoll.com\/nb\/wp-json\/wp\/v2\/pages\/5342\/revisions\/14819"}],"wp:attachment":[{"href":"https:\/\/renodoll.com\/nb\/wp-json\/wp\/v2\/media?parent=5342"}],"curies":[{"name":"wp","href":"https:\/\/api.w.org\/{rel}","templated":true}]}}