{"id":5330,"date":"2023-02-22T14:27:04","date_gmt":"2023-02-22T06:27:04","guid":{"rendered":"https:\/\/renodoll.com\/?page_id=5330"},"modified":"2023-04-24T20:06:13","modified_gmt":"2023-04-24T12:06:13","slug":"sex-doll-dress-up","status":"publish","type":"page","link":"https:\/\/renodoll.com\/nb\/sex-dukke-utkledning\/","title":{"rendered":"Sexdukke kle seg"},"content":{"rendered":"<div data-elementor-type=\"wp-page\" data-elementor-id=\"5330\" class=\"elementor elementor-5330\">\n\t\t\t\t\t\t\t\t\t<section class=\"elementor-section elementor-top-section elementor-element elementor-element-9ee3c63 elementor-section-boxed elementor-section-height-default elementor-section-height-default\" data-id=\"9ee3c63\" data-element_type=\"section\">\n\t\t\t\t\t\t<div class=\"elementor-container elementor-column-gap-default\">\n\t\t\t\t\t<div class=\"elementor-column elementor-col-100 elementor-top-column elementor-element elementor-element-a5c4cb6 page-content-text\" data-id=\"a5c4cb6\" data-element_type=\"column\">\n\t\t\t<div class=\"elementor-widget-wrap elementor-element-populated\">\n\t\t\t\t\t\t\t\t<div class=\"elementor-element elementor-element-23b29e3 elementor-invisible elementor-widget elementor-widget-heading\" data-id=\"23b29e3\" data-element_type=\"widget\" data-settings=\"{&quot;_animation&quot;:&quot;fadeInUp&quot;}\" data-widget_type=\"heading.default\">\n\t\t\t\t<div class=\"elementor-widget-container\">\n\t\t\t<style>\/*! elementor - v3.10.2 - 29-01-2023 *\/\n.elementor-heading-title{padding:0;margin:0;line-height:1}.elementor-widget-heading .elementor-heading-title[class*=elementor-size-]>a{color:inherit;font-size:inherit;line-height:inherit}.elementor-widget-heading .elementor-heading-title.elementor-size-small{font-size:15px}.elementor-widget-heading .elementor-heading-title.elementor-size-medium{font-size:19px}.elementor-widget-heading .elementor-heading-title.elementor-size-large{font-size:29px}.elementor-widget-heading .elementor-heading-title.elementor-size-xl{font-size:39px}.elementor-widget-heading .elementor-heading-title.elementor-size-xxl{font-size:59px}<\/style><h2 class=\"elementor-heading-title elementor-size-default\">Punkter \u00e5 merke seg n\u00e5r du kler p\u00e5 dukken<\/h2>\t\t<\/div>\n\t\t\t\t<\/div>\n\t\t\t\t<div class=\"elementor-element elementor-element-0275977 elementor-widget elementor-widget-spacer\" data-id=\"0275977\" data-element_type=\"widget\" data-widget_type=\"spacer.default\">\n\t\t\t\t<div class=\"elementor-widget-container\">\n\t\t\t<style>\/*! elementor - v3.10.2 - 29-01-2023 *\/\n.elementor-column .elementor-spacer-inner{height:var(--spacer-size)}.e-con{--container-widget-width:100%}.e-con-inner>.elementor-widget-spacer,.e-con>.elementor-widget-spacer{width:var(--container-widget-width,var(--spacer-size));--align-self:var(--container-widget-align-self,initial);--flex-shrink:0}.e-con-inner>.elementor-widget-spacer>.elementor-widget-container,.e-con-inner>.elementor-widget-spacer>.elementor-widget-container>.elementor-spacer,.e-con>.elementor-widget-spacer>.elementor-widget-container,.e-con>.elementor-widget-spacer>.elementor-widget-container>.elementor-spacer{height:100%}.e-con-inner>.elementor-widget-spacer>.elementor-widget-container>.elementor-spacer>.elementor-spacer-inner,.e-con>.elementor-widget-spacer>.elementor-widget-container>.elementor-spacer>.elementor-spacer-inner{height:var(--container-widget-height,var(--spacer-size))}<\/style>\t\t<div class=\"elementor-spacer\">\n\t\t\t<div class=\"elementor-spacer-inner\"><\/div>\n\t\t<\/div>\n\t\t\t\t<\/div>\n\t\t\t\t<\/div>\n\t\t\t\t<div class=\"elementor-element elementor-element-0ee033e elementor-invisible elementor-widget elementor-widget-heading\" data-id=\"0ee033e\" data-element_type=\"widget\" data-settings=\"{&quot;_animation&quot;:&quot;fadeInUp&quot;}\" data-widget_type=\"heading.default\">\n\t\t\t\t<div class=\"elementor-widget-container\">\n\t\t\t<h2 class=\"elementor-heading-title elementor-size-default\">Introduksjon<\/h2>\t\t<\/div>\n\t\t\t\t<\/div>\n\t\t\t\t<div class=\"elementor-element elementor-element-1366056 elementor-widget elementor-widget-text-editor\" data-id=\"1366056\" data-element_type=\"widget\" data-widget_type=\"text-editor.default\">\n\t\t\t\t<div class=\"elementor-widget-container\">\n\t\t\t<style>\/*! elementor - v3.10.2 - 29-01-2023 *\/\n.elementor-widget-text-editor.elementor-drop-cap-view-stacked .elementor-drop-cap{background-color:#818a91;color:#fff}.elementor-widget-text-editor.elementor-drop-cap-view-framed .elementor-drop-cap{color:#818a91;border:3px solid;background-color:transparent}.elementor-widget-text-editor:not(.elementor-drop-cap-view-default) .elementor-drop-cap{margin-top:8px}.elementor-widget-text-editor:not(.elementor-drop-cap-view-default) .elementor-drop-cap-letter{width:1em;height:1em}.elementor-widget-text-editor .elementor-drop-cap{float:left;text-align:center;line-height:1;font-size:50px}.elementor-widget-text-editor .elementor-drop-cap-letter{display:inline-block}<\/style>\t\t\t\tLemmene til silikondukken kan bevege seg, men det er med noen begrensninger. Mens du kler sexdukken din for \u00e5 passe din smak, m\u00e5 du ogs\u00e5 beskytte silikonhuden. V\u00e6r oppmerksom p\u00e5 f\u00f8lgende punkter. \t\t\t\t\t\t<\/div>\n\t\t\t\t<\/div>\n\t\t\t\t<div class=\"elementor-element elementor-element-1b286a6 elementor-invisible elementor-widget elementor-widget-heading\" data-id=\"1b286a6\" data-element_type=\"widget\" data-settings=\"{&quot;_animation&quot;:&quot;fadeInUp&quot;}\" data-widget_type=\"heading.default\">\n\t\t\t\t<div class=\"elementor-widget-container\">\n\t\t\t<h2 class=\"elementor-heading-title elementor-size-default\">Ikke la lemmene b\u00f8ye seg for mye<\/h2>\t\t<\/div>\n\t\t\t\t<\/div>\n\t\t\t\t<div class=\"elementor-element elementor-element-5570512 elementor-widget elementor-widget-text-editor\" data-id=\"5570512\" data-element_type=\"widget\" data-widget_type=\"text-editor.default\">\n\t\t\t\t<div class=\"elementor-widget-container\">\n\t\t\t\t\t\t\tN\u00e5r du kler p\u00e5 sexdukken din, pr\u00f8v s\u00e5 mye som mulig for \u00e5 unng\u00e5 \u00e5 l\u00f8fte armene p\u00e5 dukken din for h\u00f8yt, slik at silikonet ikke sprekker eller rives. Vennligst f\u00f8lg n\u00f8ye med instruksjonene for sikker vinkel i Physical Activity Scope, kun for operasjoner. \t\t\t\t\t\t<\/div>\n\t\t\t\t<\/div>\n\t\t\t\t<div class=\"elementor-element elementor-element-690b0e9 elementor-invisible elementor-widget elementor-widget-heading\" data-id=\"690b0e9\" data-element_type=\"widget\" data-settings=\"{&quot;_animation&quot;:&quot;fadeInUp&quot;}\" data-widget_type=\"heading.default\">\n\t\t\t\t<div class=\"elementor-widget-container\">\n\t\t\t<h2 class=\"elementor-heading-title elementor-size-default\">V\u00e6r oppmerksom p\u00e5 riper<\/h2>\t\t<\/div>\n\t\t\t\t<\/div>\n\t\t\t\t<div class=\"elementor-element elementor-element-2665724 elementor-widget elementor-widget-text-editor\" data-id=\"2665724\" data-element_type=\"widget\" data-widget_type=\"text-editor.default\">\n\t\t\t\t<div class=\"elementor-widget-container\">\n\t\t\t\t\t\t\tV\u00e6r forsiktig s\u00e5 du ikke lar kj\u00e6rlighetsdukken din ha p\u00e5 seg kl\u00e6r eller tilbeh\u00f8r med s\u00e5 skarpe kanter at de begynner \u00e5 skjemme kj\u00e6rlighetsdukken din. Hvis valget ditt av kl\u00e6r inneholder skarpe knapper og lignende, b\u00f8r du behandle den ekte dukken din som en baby mens du kler henne.\t\t\t\t\t\t<\/div>\n\t\t\t\t<\/div>\n\t\t\t\t<div class=\"elementor-element elementor-element-760f9e7 elementor-invisible elementor-widget elementor-widget-heading\" data-id=\"760f9e7\" data-element_type=\"widget\" data-settings=\"{&quot;_animation&quot;:&quot;fadeInUp&quot;}\" data-widget_type=\"heading.default\">\n\t\t\t\t<div class=\"elementor-widget-container\">\n\t\t\t<h2 class=\"elementor-heading-title elementor-size-default\">Ta av hodet f\u00f8r du tar p\u00e5 deg en frakk<\/h2>\t\t<\/div>\n\t\t\t\t<\/div>\n\t\t\t\t<div class=\"elementor-element elementor-element-32fca7b elementor-widget elementor-widget-text-editor\" data-id=\"32fca7b\" data-element_type=\"widget\" data-widget_type=\"text-editor.default\">\n\t\t\t\t<div class=\"elementor-widget-container\">\n\t\t\t\t\t\t\tN\u00e5r du kler p\u00e5 kj\u00e6rlighetsdukken din og du legger merke til at en del av kl\u00e6rne er for trange eller vil gi den livaktige dukken en viss grad av ulempe, gj\u00f8r det klokt i \u00e5 ta av hodet p\u00e5 den ekte dukken din. \t\t\t\t\t\t<\/div>\n\t\t\t\t<\/div>\n\t\t\t\t<section class=\"elementor-section elementor-inner-section elementor-element elementor-element-d0ad383 elementor-section-full_width elementor-section-height-default elementor-section-height-default\" data-id=\"d0ad383\" data-element_type=\"section\">\n\t\t\t\t\t\t<div class=\"elementor-container elementor-column-gap-default\">\n\t\t\t\t\t<div class=\"elementor-column elementor-col-50 elementor-inner-column elementor-element elementor-element-0d201b2\" data-id=\"0d201b2\" data-element_type=\"column\">\n\t\t\t<div class=\"elementor-widget-wrap elementor-element-populated\">\n\t\t\t\t\t\t\t\t<div class=\"elementor-element elementor-element-5e75bf3 elementor-widget elementor-widget-image\" data-id=\"5e75bf3\" data-element_type=\"widget\" data-widget_type=\"image.default\">\n\t\t\t\t<div class=\"elementor-widget-container\">\n\t\t\t<style>\/*! elementor - v3.10.2 - 29-01-2023 *\/\n.elementor-widget-image{text-align:center}.elementor-widget-image a{display:inline-block}.elementor-widget-image a img[src$=\".svg\"]{width:48px}.elementor-widget-image img{vertical-align:middle;display:inline-block}<\/style>\t\t\t\t\t\t\t\t\t\t\t\t<img loading=\"lazy\" decoding=\"async\" width=\"367\" height=\"388\" src=\"https:\/\/renodoll.com\/wp-content\/uploads\/2023\/03\/kb-piercing.jpg\" class=\"attachment-woocommerce_single size-woocommerce_single wp-image-14231\" alt=\"\" srcset=\"https:\/\/renodoll.com\/wp-content\/uploads\/2023\/03\/kb-piercing.jpg 367w, https:\/\/renodoll.com\/wp-content\/uploads\/2023\/03\/kb-piercing-284x300.jpg 284w, https:\/\/renodoll.com\/wp-content\/uploads\/2023\/03\/kb-piercing-11x12.jpg 11w, https:\/\/renodoll.com\/wp-content\/uploads\/2023\/03\/kb-piercing-95x100.jpg 95w, https:\/\/renodoll.com\/wp-content\/uploads\/2023\/03\/kb-piercing-300x317.jpg 300w, https:\/\/renodoll.com\/wp-content\/uploads\/2023\/03\/kb-piercing-10x10.jpg 10w\" sizes=\"auto, (max-width: 367px) 100vw, 367px\" \/>\t\t\t\t\t\t\t\t\t\t\t\t\t\t\t<\/div>\n\t\t\t\t<\/div>\n\t\t\t\t\t<\/div>\n\t\t<\/div>\n\t\t\t\t<div class=\"elementor-column elementor-col-50 elementor-inner-column elementor-element elementor-element-e1caa7e\" data-id=\"e1caa7e\" data-element_type=\"column\">\n\t\t\t<div class=\"elementor-widget-wrap elementor-element-populated\">\n\t\t\t\t\t\t\t\t<div class=\"elementor-element elementor-element-4260ec5 elementor-invisible elementor-widget elementor-widget-heading\" data-id=\"4260ec5\" data-element_type=\"widget\" data-settings=\"{&quot;_animation&quot;:&quot;fadeInUp&quot;}\" data-widget_type=\"heading.default\">\n\t\t\t\t<div class=\"elementor-widget-container\">\n\t\t\t<h2 class=\"elementor-heading-title elementor-size-default\">Piercinger (\u00f8re og marine)<\/h2>\t\t<\/div>\n\t\t\t\t<\/div>\n\t\t\t\t<div class=\"elementor-element elementor-element-1732e22 elementor-widget elementor-widget-text-editor\" data-id=\"1732e22\" data-element_type=\"widget\" data-widget_type=\"text-editor.default\">\n\t\t\t\t<div class=\"elementor-widget-container\">\n\t\t\t\t\t\t\tKan du gi den voksne sexdukken din piercing? Positivt. I alt du gj\u00f8r, s\u00f8rg for \u00e5 merke seg at instrumentene for piercing er tynn jerntr\u00e5d eller n\u00e5ler for \u00e5 klemme litt inn i silikonhuden til din realistiske dukke. Imidlertid b\u00f8r diameteren p\u00e5 hullhullet ikke v\u00e6re mer enn 0,5 mm, og du b\u00f8r under ingen omstendighet bruke kniver eller andre skarpe gjenstander til \u00e5 kutte. Disse piercingene er permanente for \u00e5 unng\u00e5 silikonbrudd eller rifter.\t\t\t\t\t\t<\/div>\n\t\t\t\t<\/div>\n\t\t\t\t<div class=\"elementor-element elementor-element-a03cfc1 elementor-widget elementor-widget-text-editor\" data-id=\"a03cfc1\" data-element_type=\"widget\" data-widget_type=\"text-editor.default\">\n\t\t\t\t<div class=\"elementor-widget-container\">\n\t\t\t\t\t\t\tHusk \u00e5 alltid bruke pudder p\u00e5 din ekte dukke f\u00f8r du kler deg ut i trange bukser. Silikon har tilfeldigvis mye friksjon, og hvis det er for trangt til \u00e5 kle kj\u00e6rlighetsdukken i bukser eller sokker, gj\u00f8r f\u00f8lgende. Ta av buksene, og p\u00e5f\u00f8r badepulver eller talkum f\u00f8r du kler p\u00e5 deg igjen.\t\t\t\t\t\t<\/div>\n\t\t\t\t<\/div>\n\t\t\t\t\t<\/div>\n\t\t<\/div>\n\t\t\t\t\t\t\t<\/div>\n\t\t<\/section>\n\t\t\t\t<div class=\"elementor-element elementor-element-91005da elementor-invisible elementor-widget elementor-widget-heading\" data-id=\"91005da\" data-element_type=\"widget\" data-settings=\"{&quot;_animation&quot;:&quot;fadeInUp&quot;}\" data-widget_type=\"heading.default\">\n\t\t\t\t<div class=\"elementor-widget-container\">\n\t\t\t<h2 class=\"elementor-heading-title elementor-size-default\">Fitness av kl\u00e6r<\/h2>\t\t<\/div>\n\t\t\t\t<\/div>\n\t\t\t\t<div class=\"elementor-element elementor-element-0e05e3e elementor-widget elementor-widget-text-editor\" data-id=\"0e05e3e\" data-element_type=\"widget\" data-widget_type=\"text-editor.default\">\n\t\t\t\t<div class=\"elementor-widget-container\">\n\t\t\t\t\t\t\tPr\u00f8v s\u00e5 mye som mulig \u00e5 unng\u00e5 \u00e5 kle sexdukken din i trange kl\u00e6r eller kl\u00e6r som ville klemme henne lenge. Dette kan f\u00f8re til enten brudd p\u00e5 silikonet eller \u00e6rekrenkelse.\t\t\t\t\t\t<\/div>\n\t\t\t\t<\/div>\n\t\t\t\t<div class=\"elementor-element elementor-element-8cc3ec1 elementor-widget elementor-widget-text-editor\" data-id=\"8cc3ec1\" data-element_type=\"widget\" data-widget_type=\"text-editor.default\">\n\t\t\t\t<div class=\"elementor-widget-container\">\n\t\t\t\t\t\t\t Hvis kjolest\u00f8rrelsen du \u00f8nsker for sexdukken din ikke passer, kj\u00f8p en annen. I tillegg m\u00e5 noen av kl\u00e6rne v\u00e6re spesiallaget for dukker.\t\t\t\t\t\t<\/div>\n\t\t\t\t<\/div>\n\t\t\t\t<div class=\"elementor-element elementor-element-fb0bc57 elementor-invisible elementor-widget elementor-widget-heading\" data-id=\"fb0bc57\" data-element_type=\"widget\" data-settings=\"{&quot;_animation&quot;:&quot;fadeInUp&quot;}\" data-widget_type=\"heading.default\">\n\t\t\t\t<div class=\"elementor-widget-container\">\n\t\t\t<h2 class=\"elementor-heading-title elementor-size-default\">Forhindre farging<\/h2>\t\t<\/div>\n\t\t\t\t<\/div>\n\t\t\t\t<div class=\"elementor-element elementor-element-53229ea elementor-widget elementor-widget-text-editor\" data-id=\"53229ea\" data-element_type=\"widget\" data-widget_type=\"text-editor.default\">\n\t\t\t\t<div class=\"elementor-widget-container\">\n\t\t\t\t\t\t\tNoen typer kl\u00e6r er laget av enten farget kunstskinn eller andre oljefargede l\u00e6rmaterialer med forferdelige farger som kan sive inn p\u00e5 innsiden av silikonet n\u00e5r sexdukken har hatt kontakt med kjolen i lang tid. Dette kan f\u00f8re til en endring i sexdukkens hudfarge. Det mest realistiske \u00e5 gj\u00f8re er \u00e5 unng\u00e5 denne typen gl\u00f8d s\u00e5 mye som mulig, eller hvis behovet oppst\u00e5r og du m\u00e5 ta dem p\u00e5, la det v\u00e6re i en begrenset periode p\u00e5 den sexy sexdukkens kropp.\t\t\t\t\t\t<\/div>\n\t\t\t\t<\/div>\n\t\t\t\t<div class=\"elementor-element elementor-element-2e3d2b1 elementor-invisible elementor-widget elementor-widget-heading\" data-id=\"2e3d2b1\" data-element_type=\"widget\" data-settings=\"{&quot;_animation&quot;:&quot;fadeInUp&quot;}\" data-widget_type=\"heading.default\">\n\t\t\t\t<div class=\"elementor-widget-container\">\n\t\t\t<h2 class=\"elementor-heading-title elementor-size-default\">Bruk badepulver, talkum eller babypulver for \u00e5 forhindre klebrighet<\/h2>\t\t<\/div>\n\t\t\t\t<\/div>\n\t\t\t\t<div class=\"elementor-element elementor-element-0963a4f elementor-widget elementor-widget-text-editor\" data-id=\"0963a4f\" data-element_type=\"widget\" data-widget_type=\"text-editor.default\">\n\t\t\t\t<div class=\"elementor-widget-container\">\n\t\t\t\t\t\t\tNaturligvis er silikonoverflaten ganske klissete. Det som m\u00e5 gj\u00f8res er at du bruker badepulver eller talkum f\u00f8r du kler p\u00e5 deg. Hvis statisk elektrisitet er tilgjengelig, kan sprayen for statisk elektrisitet brukes. V\u00e6r imidlertid forsiktig n\u00e5r du sprayer, s\u00e5 du ikke sprayer for mye.\t\t\t\t\t\t<\/div>\n\t\t\t\t<\/div>\n\t\t\t\t\t<\/div>\n\t\t<\/div>\n\t\t\t\t\t\t\t<\/div>\n\t\t<\/section>\n\t\t\t\t\t\t\t<\/div>","protected":false},"excerpt":{"rendered":"<p>Punkter \u00e5 merke seg n\u00e5r du kler p\u00e5 dukken Introduksjon Silikondukkens lemmer kan bevege seg, men det er med noen begrensninger. Mens du kler sexdukken din for \u00e5 passe din smak, m\u00e5 du ogs\u00e5 beskytte silikonhuden. V\u00e6r oppmerksom p\u00e5 f\u00f8lgende punkter. Ikke la lemmene b\u00f8ye seg for mye N\u00e5r du kler p\u00e5 sexdukken, pr\u00f8v s\u00e5 mye som mulig for \u00e5 unng\u00e5 \u00e5 heve armene p\u00e5 dukken for h\u00f8yt, slik at silikonet ikke sprekker eller rives. Vennligst f\u00f8lg n\u00f8ye med instruksjonene for sikker vinkel i Physical Activity Scope strengt tatt for<\/p>","protected":false},"author":1,"featured_media":0,"parent":0,"menu_order":0,"comment_status":"closed","ping_status":"closed","template":"","meta":{"footnotes":""},"class_list":["post-5330","page","type-page","status-publish","hentry"],"aioseo_notices":[],"_links":{"self":[{"href":"https:\/\/renodoll.com\/nb\/wp-json\/wp\/v2\/pages\/5330","targetHints":{"allow":["GET"]}}],"collection":[{"href":"https:\/\/renodoll.com\/nb\/wp-json\/wp\/v2\/pages"}],"about":[{"href":"https:\/\/renodoll.com\/nb\/wp-json\/wp\/v2\/types\/page"}],"author":[{"embeddable":true,"href":"https:\/\/renodoll.com\/nb\/wp-json\/wp\/v2\/users\/1"}],"replies":[{"embeddable":true,"href":"https:\/\/renodoll.com\/nb\/wp-json\/wp\/v2\/comments?post=5330"}],"version-history":[{"count":53,"href":"https:\/\/renodoll.com\/nb\/wp-json\/wp\/v2\/pages\/5330\/revisions"}],"predecessor-version":[{"id":16005,"href":"https:\/\/renodoll.com\/nb\/wp-json\/wp\/v2\/pages\/5330\/revisions\/16005"}],"wp:attachment":[{"href":"https:\/\/renodoll.com\/nb\/wp-json\/wp\/v2\/media?parent=5330"}],"curies":[{"name":"wp","href":"https:\/\/api.w.org\/{rel}","templated":true}]}}