{"id":5188,"date":"2023-02-20T14:54:06","date_gmt":"2023-02-20T06:54:06","guid":{"rendered":"https:\/\/renodoll.com\/?page_id=5188"},"modified":"2023-03-31T14:32:26","modified_gmt":"2023-03-31T06:32:26","slug":"privacy-policy","status":"publish","type":"page","link":"https:\/\/renodoll.com\/nb\/personvernerklaering\/","title":{"rendered":"Personvernerkl\u00e6ring"},"content":{"rendered":"<div data-elementor-type=\"wp-page\" data-elementor-id=\"5188\" class=\"elementor elementor-5188\">\n\t\t\t\t\t\t\t\t\t<section class=\"elementor-section elementor-top-section elementor-element elementor-element-2aace59 elementor-section-boxed elementor-section-height-default elementor-section-height-default\" data-id=\"2aace59\" data-element_type=\"section\">\n\t\t\t\t\t\t<div class=\"elementor-container elementor-column-gap-no\">\n\t\t\t\t\t<div class=\"elementor-column elementor-col-100 elementor-top-column elementor-element elementor-element-0017d57\" data-id=\"0017d57\" data-element_type=\"column\">\n\t\t\t<div class=\"elementor-widget-wrap elementor-element-populated\">\n\t\t\t\t\t\t\t\t<div class=\"elementor-element elementor-element-8a2ff4e elementor-widget elementor-widget-spacer\" data-id=\"8a2ff4e\" data-element_type=\"widget\" data-widget_type=\"spacer.default\">\n\t\t\t\t<div class=\"elementor-widget-container\">\n\t\t\t<style>\/*! elementor - v3.10.2 - 29-01-2023 *\/\n.elementor-column .elementor-spacer-inner{height:var(--spacer-size)}.e-con{--container-widget-width:100%}.e-con-inner>.elementor-widget-spacer,.e-con>.elementor-widget-spacer{width:var(--container-widget-width,var(--spacer-size));--align-self:var(--container-widget-align-self,initial);--flex-shrink:0}.e-con-inner>.elementor-widget-spacer>.elementor-widget-container,.e-con-inner>.elementor-widget-spacer>.elementor-widget-container>.elementor-spacer,.e-con>.elementor-widget-spacer>.elementor-widget-container,.e-con>.elementor-widget-spacer>.elementor-widget-container>.elementor-spacer{height:100%}.e-con-inner>.elementor-widget-spacer>.elementor-widget-container>.elementor-spacer>.elementor-spacer-inner,.e-con>.elementor-widget-spacer>.elementor-widget-container>.elementor-spacer>.elementor-spacer-inner{height:var(--container-widget-height,var(--spacer-size))}<\/style>\t\t<div class=\"elementor-spacer\">\n\t\t\t<div class=\"elementor-spacer-inner\"><\/div>\n\t\t<\/div>\n\t\t\t\t<\/div>\n\t\t\t\t<\/div>\n\t\t\t\t<div class=\"elementor-element elementor-element-5997a9f elementor-invisible elementor-widget elementor-widget-heading\" data-id=\"5997a9f\" data-element_type=\"widget\" data-settings=\"{&quot;_animation&quot;:&quot;fadeInUp&quot;}\" data-widget_type=\"heading.default\">\n\t\t\t\t<div class=\"elementor-widget-container\">\n\t\t\t<style>\/*! elementor - v3.10.2 - 29-01-2023 *\/\n.elementor-heading-title{padding:0;margin:0;line-height:1}.elementor-widget-heading .elementor-heading-title[class*=elementor-size-]>a{color:inherit;font-size:inherit;line-height:inherit}.elementor-widget-heading .elementor-heading-title.elementor-size-small{font-size:15px}.elementor-widget-heading .elementor-heading-title.elementor-size-medium{font-size:19px}.elementor-widget-heading .elementor-heading-title.elementor-size-large{font-size:29px}.elementor-widget-heading .elementor-heading-title.elementor-size-xl{font-size:39px}.elementor-widget-heading .elementor-heading-title.elementor-size-xxl{font-size:59px}<\/style><h2 class=\"elementor-heading-title elementor-size-default\">Om oss<\/h2>\t\t<\/div>\n\t\t\t\t<\/div>\n\t\t\t\t<div class=\"elementor-element elementor-element-3feda34 elementor-widget elementor-widget-text-editor\" data-id=\"3feda34\" data-element_type=\"widget\" data-widget_type=\"text-editor.default\">\n\t\t\t\t<div class=\"elementor-widget-container\">\n\t\t\t<style>\/*! elementor - v3.10.2 - 29-01-2023 *\/\n.elementor-widget-text-editor.elementor-drop-cap-view-stacked .elementor-drop-cap{background-color:#818a91;color:#fff}.elementor-widget-text-editor.elementor-drop-cap-view-framed .elementor-drop-cap{color:#818a91;border:3px solid;background-color:transparent}.elementor-widget-text-editor:not(.elementor-drop-cap-view-default) .elementor-drop-cap{margin-top:8px}.elementor-widget-text-editor:not(.elementor-drop-cap-view-default) .elementor-drop-cap-letter{width:1em;height:1em}.elementor-widget-text-editor .elementor-drop-cap{float:left;text-align:center;line-height:1;font-size:50px}.elementor-widget-text-editor .elementor-drop-cap-letter{display:inline-block}<\/style>\t\t\t\t<p>Denne nettsiden tilh\u00f8rer RenoDoll; vi driver med salg av sexdukker. All informasjon om selskapet v\u00e5rt og kontaktinformasjonen v\u00e5r finner du p\u00e5 nettsiden v\u00e5r.<\/p>\t\t\t\t\t\t<\/div>\n\t\t\t\t<\/div>\n\t\t\t\t<div class=\"elementor-element elementor-element-7cdfd52 elementor-widget elementor-widget-spacer\" data-id=\"7cdfd52\" data-element_type=\"widget\" data-widget_type=\"spacer.default\">\n\t\t\t\t<div class=\"elementor-widget-container\">\n\t\t\t\t\t<div class=\"elementor-spacer\">\n\t\t\t<div class=\"elementor-spacer-inner\"><\/div>\n\t\t<\/div>\n\t\t\t\t<\/div>\n\t\t\t\t<\/div>\n\t\t\t\t<div class=\"elementor-element elementor-element-57d9795 elementor-invisible elementor-widget elementor-widget-heading\" data-id=\"57d9795\" data-element_type=\"widget\" data-settings=\"{&quot;_animation&quot;:&quot;fadeInUp&quot;}\" data-widget_type=\"heading.default\">\n\t\t\t\t<div class=\"elementor-widget-container\">\n\t\t\t<h2 class=\"elementor-heading-title elementor-size-default\">Hva gj\u00f8r v\u00e5r policy?<\/h2>\t\t<\/div>\n\t\t\t\t<\/div>\n\t\t\t\t<div class=\"elementor-element elementor-element-4079b24 elementor-widget elementor-widget-text-editor\" data-id=\"4079b24\" data-element_type=\"widget\" data-widget_type=\"text-editor.default\">\n\t\t\t\t<div class=\"elementor-widget-container\">\n\t\t\t\t\t\t\tV\u00e5r policy forteller deg alt du trenger \u00e5 vite om \u00e5 gi ut dine personlige opplysninger til oss. V\u00e5re policydetaljer dekker kun detaljene gitt til oss. Hvis du gir ut dine personlige opplysninger til andre nettsteder p\u00e5 noe tidspunkt, vennligst sjekk selskapets retningslinjer. \t\t\t\t\t\t<\/div>\n\t\t\t\t<\/div>\n\t\t\t\t<div class=\"elementor-element elementor-element-ac5f931 elementor-widget elementor-widget-text-editor\" data-id=\"ac5f931\" data-element_type=\"widget\" data-widget_type=\"text-editor.default\">\n\t\t\t\t<div class=\"elementor-widget-container\">\n\t\t\t\t\t\t\tBruk kun tjenestene v\u00e5re etter \u00e5 ha g\u00e5tt gjennom v\u00e5re retningslinjer, og det tilfredsstiller deg.\t\t\t\t\t\t<\/div>\n\t\t\t\t<\/div>\n\t\t\t\t<div class=\"elementor-element elementor-element-1a4cbf5 elementor-widget elementor-widget-spacer\" data-id=\"1a4cbf5\" data-element_type=\"widget\" data-widget_type=\"spacer.default\">\n\t\t\t\t<div class=\"elementor-widget-container\">\n\t\t\t\t\t<div class=\"elementor-spacer\">\n\t\t\t<div class=\"elementor-spacer-inner\"><\/div>\n\t\t<\/div>\n\t\t\t\t<\/div>\n\t\t\t\t<\/div>\n\t\t\t\t<div class=\"elementor-element elementor-element-fd092ed elementor-invisible elementor-widget elementor-widget-heading\" data-id=\"fd092ed\" data-element_type=\"widget\" data-settings=\"{&quot;_animation&quot;:&quot;fadeInUp&quot;}\" data-widget_type=\"heading.default\">\n\t\t\t\t<div class=\"elementor-widget-container\">\n\t\t\t<h2 class=\"elementor-heading-title elementor-size-default\">Kan det bli en endring i politikken?<\/h2>\t\t<\/div>\n\t\t\t\t<\/div>\n\t\t\t\t<div class=\"elementor-element elementor-element-4a2734b elementor-widget elementor-widget-text-editor\" data-id=\"4a2734b\" data-element_type=\"widget\" data-widget_type=\"text-editor.default\">\n\t\t\t\t<div class=\"elementor-widget-container\">\n\t\t\t\t\t\t\tHvis retningslinjene v\u00e5re endres p\u00e5 noe tidspunkt, vil vi varsle deg om disse endringene.\t\t\t\t\t\t<\/div>\n\t\t\t\t<\/div>\n\t\t\t\t<div class=\"elementor-element elementor-element-b84993c elementor-widget elementor-widget-spacer\" data-id=\"b84993c\" data-element_type=\"widget\" data-widget_type=\"spacer.default\">\n\t\t\t\t<div class=\"elementor-widget-container\">\n\t\t\t\t\t<div class=\"elementor-spacer\">\n\t\t\t<div class=\"elementor-spacer-inner\"><\/div>\n\t\t<\/div>\n\t\t\t\t<\/div>\n\t\t\t\t<\/div>\n\t\t\t\t<div class=\"elementor-element elementor-element-4cc3835 elementor-invisible elementor-widget elementor-widget-heading\" data-id=\"4cc3835\" data-element_type=\"widget\" data-settings=\"{&quot;_animation&quot;:&quot;fadeInUp&quot;}\" data-widget_type=\"heading.default\">\n\t\t\t\t<div class=\"elementor-widget-container\">\n\t\t\t<h2 class=\"elementor-heading-title elementor-size-default\">Hvilke detaljer gir du oss?<\/h2>\t\t<\/div>\n\t\t\t\t<\/div>\n\t\t\t\t<div class=\"elementor-element elementor-element-dfc3f46 elementor-widget elementor-widget-text-editor\" data-id=\"dfc3f46\" data-element_type=\"widget\" data-widget_type=\"text-editor.default\">\n\t\t\t\t<div class=\"elementor-widget-container\">\n\t\t\t\t\t\t\t<h4>Dine opplysninger som vi f\u00e5r til bruk p\u00e5 nettsidene v\u00e5re inkluderer;<\/h4>\t\t\t\t\t\t<\/div>\n\t\t\t\t<\/div>\n\t\t\t\t<div class=\"elementor-element elementor-element-c9a24b7 elementor-widget elementor-widget-html\" data-id=\"c9a24b7\" data-element_type=\"widget\" data-widget_type=\"html.default\">\n\t\t\t\t<div class=\"elementor-widget-container\">\n\t\t\t<ol class=\"number_list_type\"><li>Ditt navn og kontakt-ID<\/li>\n<li>Beviset p\u00e5 ID-en din for verifiseringsform\u00e5l <\/li>\n<li>Din kontoinformasjon (brukernavn og passord)<\/li>\n<li>Din bruk av v\u00e5r tjenestetransaksjonsdetaljer <\/li>\n<li>Informasjonsbiter inkludert i din kommunikasjon med oss, for eksempel unders\u00f8kelser og tilbakemeldinger <\/li>\n<li>Informasjon du gir oss for \u00e5 bruke til v\u00e5re nyhetsbrev og andre tjenester. <\/li>\n<li>Automatisert informasjon om hvordan du bruker tjenestene v\u00e5re, for eksempel internettprotokollen, den tilkoblede enheten din og nettlesertypen din. <\/li>\n<li>Ditt referansenummer, enhetsidentifikasjon, mobildatanettverk, p\u00e5loggingsdetaljer og p\u00e5loggingsaktiviteter, nettstedet du g\u00e5r inn p\u00e5 v\u00e5re sider, sidene du bes\u00f8kte og transaksjonene du utf\u00f8rte.<\/li>\n<\/ol>\t\t<\/div>\n\t\t\t\t<\/div>\n\t\t\t\t<div class=\"elementor-element elementor-element-5fbeccb elementor-widget elementor-widget-text-editor\" data-id=\"5fbeccb\" data-element_type=\"widget\" data-widget_type=\"text-editor.default\">\n\t\t\t\t<div class=\"elementor-widget-container\">\n\t\t\t\t\t\t\tImidlertid kan vi f\u00e5 f\u00f8lgende informasjon om deg fra tredjeparter;\n\n\t\t\t\t\t\t<\/div>\n\t\t\t\t<\/div>\n\t\t\t\t<div class=\"elementor-element elementor-element-47b90b4 elementor-widget elementor-widget-text-editor\" data-id=\"47b90b4\" data-element_type=\"widget\" data-widget_type=\"text-editor.default\">\n\t\t\t\t<div class=\"elementor-widget-container\">\n\t\t\t\t\t\t\tFaktureringsinformasjonen din sendes til oss fra betalingsutstederne, for eksempel navn, fakturering og e-postadresse, for bekreftelsesform\u00e5l.\t\t\t\t\t\t<\/div>\n\t\t\t\t<\/div>\n\t\t\t\t<div class=\"elementor-element elementor-element-373e79d elementor-widget elementor-widget-spacer\" data-id=\"373e79d\" data-element_type=\"widget\" data-widget_type=\"spacer.default\">\n\t\t\t\t<div class=\"elementor-widget-container\">\n\t\t\t\t\t<div class=\"elementor-spacer\">\n\t\t\t<div class=\"elementor-spacer-inner\"><\/div>\n\t\t<\/div>\n\t\t\t\t<\/div>\n\t\t\t\t<\/div>\n\t\t\t\t<div class=\"elementor-element elementor-element-56745a0 elementor-invisible elementor-widget elementor-widget-heading\" data-id=\"56745a0\" data-element_type=\"widget\" data-settings=\"{&quot;_animation&quot;:&quot;fadeInUp&quot;}\" data-widget_type=\"heading.default\">\n\t\t\t\t<div class=\"elementor-widget-container\">\n\t\t\t<h2 class=\"elementor-heading-title elementor-size-default\">Lovligheten eller grunnlaget for at vi f\u00e5r slik informasjon<\/h2>\t\t<\/div>\n\t\t\t\t<\/div>\n\t\t\t\t<div class=\"elementor-element elementor-element-1d0d6b3 elementor-widget elementor-widget-text-editor\" data-id=\"1d0d6b3\" data-element_type=\"widget\" data-widget_type=\"text-editor.default\">\n\t\t\t\t<div class=\"elementor-widget-container\">\n\t\t\t\t\t\t\tInformasjon, som konto-, kontakt-, transaksjons- og profilinformasjon, m\u00e5 gis fritt. Denne informasjonen innhentes fra deg fordi det kun er med ditt samtykke vi kan bruke denne informasjonen til \u00e5 inng\u00e5 en kontrakt med deg.\t\t\t\t\t\t<\/div>\n\t\t\t\t<\/div>\n\t\t\t\t<div class=\"elementor-element elementor-element-0300983 elementor-widget elementor-widget-text-editor\" data-id=\"0300983\" data-element_type=\"widget\" data-widget_type=\"text-editor.default\">\n\t\t\t\t<div class=\"elementor-widget-container\">\n\t\t\t\t\t\t\tVi f\u00e5r informasjonen din slik at vi lovlig kan sende deg markedsf\u00f8ringsoppdateringer om produktene v\u00e5re og andre lignende produkter, og vi administrerer og beskytter tjenestene v\u00e5re p\u00e5 samme m\u00e5te for \u00e5 gi deg sikkerhet mot svindel eller misbruk og spore bruksm\u00f8nstre p\u00e5 samme m\u00e5te. For disse f\u00e5r vi kontaktinformasjonen din, databruken og tilbakemeldingen din p\u00e5 unders\u00f8kelser. \t\t\t\t\t\t<\/div>\n\t\t\t\t<\/div>\n\t\t\t\t<div class=\"elementor-element elementor-element-297c48c elementor-widget elementor-widget-text-editor\" data-id=\"297c48c\" data-element_type=\"widget\" data-widget_type=\"text-editor.default\">\n\t\t\t\t<div class=\"elementor-widget-container\">\n\t\t\t\t\t\t\tVi har dataene dine fordi du villig har samtykket til \u00e5 bruke tjenestene v\u00e5re (ved \u00e5 merke av i boksen for samtykke). Dette gjelder ogs\u00e5 informasjonen du har samtykket til \u00e5 gi ut til e-postmarkedsf\u00f8ring og andre former for markedsf\u00f8ring. Du har imidlertid rett til \u00e5 trekke tilbake ditt samtykke til \u00e5 gi ut opplysningene dine n\u00e5r som helst, som forklart i v\u00e5re vilk\u00e5r for bruk, eller ved \u00e5 kontakte v\u00e5rt serviceteam via e-post. \t\t\t\t\t\t<\/div>\n\t\t\t\t<\/div>\n\t\t\t\t<div class=\"elementor-element elementor-element-cdef221 elementor-widget elementor-widget-spacer\" data-id=\"cdef221\" data-element_type=\"widget\" data-widget_type=\"spacer.default\">\n\t\t\t\t<div class=\"elementor-widget-container\">\n\t\t\t\t\t<div class=\"elementor-spacer\">\n\t\t\t<div class=\"elementor-spacer-inner\"><\/div>\n\t\t<\/div>\n\t\t\t\t<\/div>\n\t\t\t\t<\/div>\n\t\t\t\t<div class=\"elementor-element elementor-element-8618904 elementor-invisible elementor-widget elementor-widget-heading\" data-id=\"8618904\" data-element_type=\"widget\" data-settings=\"{&quot;_animation&quot;:&quot;fadeInUp&quot;}\" data-widget_type=\"heading.default\">\n\t\t\t\t<div class=\"elementor-widget-container\">\n\t\t\t<h2 class=\"elementor-heading-title elementor-size-default\">Hvor lenge bruker personopplysningene dine hos oss?<\/h2>\t\t<\/div>\n\t\t\t\t<\/div>\n\t\t\t\t<div class=\"elementor-element elementor-element-d43308c elementor-widget elementor-widget-text-editor\" data-id=\"d43308c\" data-element_type=\"widget\" data-widget_type=\"text-editor.default\">\n\t\t\t\t<div class=\"elementor-widget-container\">\n\t\t\t\t\t\t\tBortsett fra at du ber oss om \u00e5 slette opplysningene dine eller v\u00e5r kontrakt med deg er avsluttet, vil dine personlige opplysninger forbli hos oss. Men hvis ogs\u00e5 n\u00f8dvendig, vil vi holde lenger p\u00e5 noen eller alle dine personlige opplysninger i tilfeller av juridiske, regulatoriske eller skattemessige \u00e5rsaker for \u00e5 h\u00e5ndtere problemer eller for \u00e5 h\u00e5ndtere svindel og\/eller misbruk eller h\u00e5ndheving av retningslinjene v\u00e5re (vanligvis for ca seks \u00e5r).\t\t\t\t\t\t<\/div>\n\t\t\t\t<\/div>\n\t\t\t\t<div class=\"elementor-element elementor-element-920a938 elementor-widget elementor-widget-text-editor\" data-id=\"920a938\" data-element_type=\"widget\" data-widget_type=\"text-editor.default\">\n\t\t\t\t<div class=\"elementor-widget-container\">\n\t\t\t\t\t\t\tVi beholder kun informasjonen din for nyhetsbrev eller andre markedsf\u00f8ringsaktiviteter inntil du forteller oss noe annet, og vi vil bare fortsette \u00e5 lese detaljer i en periode p\u00e5 26 m\u00e5neder.\t\t\t\t\t\t<\/div>\n\t\t\t\t<\/div>\n\t\t\t\t<div class=\"elementor-element elementor-element-c674c01 elementor-widget elementor-widget-spacer\" data-id=\"c674c01\" data-element_type=\"widget\" data-widget_type=\"spacer.default\">\n\t\t\t\t<div class=\"elementor-widget-container\">\n\t\t\t\t\t<div class=\"elementor-spacer\">\n\t\t\t<div class=\"elementor-spacer-inner\"><\/div>\n\t\t<\/div>\n\t\t\t\t<\/div>\n\t\t\t\t<\/div>\n\t\t\t\t<div class=\"elementor-element elementor-element-9a04966 elementor-invisible elementor-widget elementor-widget-heading\" data-id=\"9a04966\" data-element_type=\"widget\" data-settings=\"{&quot;_animation&quot;:&quot;fadeInUp&quot;}\" data-widget_type=\"heading.default\">\n\t\t\t\t<div class=\"elementor-widget-container\">\n\t\t\t<h2 class=\"elementor-heading-title elementor-size-default\">hvem sender vi dine personlige opplysninger? <\/h2>\t\t<\/div>\n\t\t\t\t<\/div>\n\t\t\t\t<div class=\"elementor-element elementor-element-123ae33 elementor-widget elementor-widget-text-editor\" data-id=\"123ae33\" data-element_type=\"widget\" data-widget_type=\"text-editor.default\">\n\t\t\t\t<div class=\"elementor-widget-container\">\n\t\t\t\t\t\t\t<h4>Dine opplysninger som vi f\u00e5r til bruk p\u00e5 nettsidene v\u00e5re inkluderer;<\/h4>\t\t\t\t\t\t<\/div>\n\t\t\t\t<\/div>\n\t\t\t\t<div class=\"elementor-element elementor-element-e0655b2 elementor-widget elementor-widget-html\" data-id=\"e0655b2\" data-element_type=\"widget\" data-widget_type=\"html.default\">\n\t\t\t\t<div class=\"elementor-widget-container\">\n\t\t\t<ol class=\"number_list_type\"><li>De som hjelper oss med \u00e5 v\u00e6re vert for nettstedet og administrere det, betalingsoperat\u00f8rer, kundetjenesteleverand\u00f8rer, e-postdistribut\u00f8rer, e-handel, analyser, v\u00e5rt vurderingsteam, kundeunders\u00f8kelse og tilbakemeldinger, livechattene v\u00e5re og leveringstjenester.<\/li>\n<li>Lovregulatorene, politiet og andre rettsh\u00e5ndhevende byr\u00e5er hjelper til i tilfeller av svindel eller misbruk og sikrer overholdelse av lovkrav for \u00e5 beskytte deg og oss.<\/li>\n<li>Til v\u00e5re r\u00e5dgivere og utstedere profesjonelt n\u00e5r det gjelder v\u00e5r forsikringsdekning eller v\u00e5r h\u00e5ndtering av rettskrav.<\/li>\n<li>Til v\u00e5re potensielle kunder, om n\u00f8dvendig, ved et oppgitt kj\u00f8p eller et p\u00e5g\u00e5ende kj\u00f8p eller for en fusjon med hele eller deler av v\u00e5r virksomhet.<\/li>\n<\/ol>\t\t<\/div>\n\t\t\t\t<\/div>\n\t\t\t\t<div class=\"elementor-element elementor-element-e443da4 elementor-invisible elementor-widget elementor-widget-heading\" data-id=\"e443da4\" data-element_type=\"widget\" data-settings=\"{&quot;_animation&quot;:&quot;fadeInUp&quot;}\" data-widget_type=\"heading.default\">\n\t\t\t\t<div class=\"elementor-widget-container\">\n\t\t\t<h2 class=\"elementor-heading-title elementor-size-default\">Hvor blir informasjonen din av?<\/h2>\t\t<\/div>\n\t\t\t\t<\/div>\n\t\t\t\t<div class=\"elementor-element elementor-element-9084bcd elementor-widget elementor-widget-text-editor\" data-id=\"9084bcd\" data-element_type=\"widget\" data-widget_type=\"text-editor.default\">\n\t\t\t\t<div class=\"elementor-widget-container\">\n\t\t\t\t\t\t\tPersonopplysningene vi f\u00e5r fra deg g\u00e5r ikke utover Storbritannia og overf\u00f8res ikke til andre land bortsett fra i tilfeller der vi m\u00e5 gi informasjonen din til land (spesielt USA) som gir oss hosting, e-handel, analyser, e-postdistribusjon og andre tjenester som brukes av oss. \t\t\t\t\t\t<\/div>\n\t\t\t\t<\/div>\n\t\t\t\t<div class=\"elementor-element elementor-element-7b609b2 elementor-widget elementor-widget-text-editor\" data-id=\"7b609b2\" data-element_type=\"widget\" data-widget_type=\"text-editor.default\">\n\t\t\t\t<div class=\"elementor-widget-container\">\n\t\t\t\t\t\t\tHvis det er behov for \u00e5 sende dine personlige opplysninger utenfor Storbritannia, s\u00f8rger vi for at det er juridisk st\u00f8tte for oss til \u00e5 gj\u00f8re det. Vi er, ved design, mandat til \u00e5 gi sikkerhet for opplysningene dine i henhold til standard kontraktsmessige klausuler sanksjonert av informasjonskommiss\u00e6ren.\t\t\t\t\t\t<\/div>\n\t\t\t\t<\/div>\n\t\t\t\t<div class=\"elementor-element elementor-element-d349896 elementor-widget elementor-widget-spacer\" data-id=\"d349896\" data-element_type=\"widget\" data-widget_type=\"spacer.default\">\n\t\t\t\t<div class=\"elementor-widget-container\">\n\t\t\t\t\t<div class=\"elementor-spacer\">\n\t\t\t<div class=\"elementor-spacer-inner\"><\/div>\n\t\t<\/div>\n\t\t\t\t<\/div>\n\t\t\t\t<\/div>\n\t\t\t\t<div class=\"elementor-element elementor-element-28ca1a4 elementor-invisible elementor-widget elementor-widget-heading\" data-id=\"28ca1a4\" data-element_type=\"widget\" data-settings=\"{&quot;_animation&quot;:&quot;fadeInUp&quot;}\" data-widget_type=\"heading.default\">\n\t\t\t\t<div class=\"elementor-widget-container\">\n\t\t\t<h2 class=\"elementor-heading-title elementor-size-default\">Hva er dine rettigheter?<\/h2>\t\t<\/div>\n\t\t\t\t<\/div>\n\t\t\t\t<div class=\"elementor-element elementor-element-2d977db elementor-widget elementor-widget-text-editor\" data-id=\"2d977db\" data-element_type=\"widget\" data-widget_type=\"text-editor.default\">\n\t\t\t\t<div class=\"elementor-widget-container\">\n\t\t\t\t\t\t\tDu har rett til lovlig \u00e5 be om \u00e5 f\u00e5 tilgang til dine personlige opplysninger, foreta justeringer av opplysningene dine i tilfelle feil, slette opplysningene dine fra nettsiden v\u00e5r og begrense bruken av opplysningene dine p\u00e5 nettsiden v\u00e5r under visse omstendigheter eller p\u00e5 grunn av databruk. Du kan ogs\u00e5 trekke tilbake samtykket du har gitt for \u00e5 f\u00e5 opplysningene dine brukt for noen av v\u00e5re tjenester (f.eks. e-post) n\u00e5r som helst.\t\t\t\t\t\t<\/div>\n\t\t\t\t<\/div>\n\t\t\t\t<div class=\"elementor-element elementor-element-649d929 elementor-widget elementor-widget-text-editor\" data-id=\"649d929\" data-element_type=\"widget\" data-widget_type=\"text-editor.default\">\n\t\t\t\t<div class=\"elementor-widget-container\">\n\t\t\t\t\t\t\tHvis du er misn\u00f8ye med v\u00e5r bruk av din personlige tjeneste, vennligst kontakt oss via e-posten ovenfor, og hvis du f\u00f8ler at svaret v\u00e5rt p\u00e5 begj\u00e6ringen din ikke blir behandlet perfekt, har du rett til \u00e5 klage n\u00e5r det er et problem p\u00e5 kontoret til informasjonskommiss\u00e6ren (ICO). \t\t\t\t\t\t<\/div>\n\t\t\t\t<\/div>\n\t\t\t\t<div class=\"elementor-element elementor-element-426c88f elementor-widget elementor-widget-text-editor\" data-id=\"426c88f\" data-element_type=\"widget\" data-widget_type=\"text-editor.default\">\n\t\t\t\t<div class=\"elementor-widget-container\">\n\t\t\t\t\t\t\tFor \u00e5 l\u00e6re mer om dine rettigheter, vennligst bes\u00f8k nettstedet til ICO p\u00e5 ico.org.uk.\t\t\t\t\t\t<\/div>\n\t\t\t\t<\/div>\n\t\t\t\t<div class=\"elementor-element elementor-element-b4cd578 elementor-widget elementor-widget-spacer\" data-id=\"b4cd578\" data-element_type=\"widget\" data-widget_type=\"spacer.default\">\n\t\t\t\t<div class=\"elementor-widget-container\">\n\t\t\t\t\t<div class=\"elementor-spacer\">\n\t\t\t<div class=\"elementor-spacer-inner\"><\/div>\n\t\t<\/div>\n\t\t\t\t<\/div>\n\t\t\t\t<\/div>\n\t\t\t\t<div class=\"elementor-element elementor-element-18f92af elementor-invisible elementor-widget elementor-widget-heading\" data-id=\"18f92af\" data-element_type=\"widget\" data-settings=\"{&quot;_animation&quot;:&quot;fadeInUp&quot;}\" data-widget_type=\"heading.default\">\n\t\t\t\t<div class=\"elementor-widget-container\">\n\t\t\t<h2 class=\"elementor-heading-title elementor-size-default\">hva med informasjonskapsler?<\/h2>\t\t<\/div>\n\t\t\t\t<\/div>\n\t\t\t\t<div class=\"elementor-element elementor-element-82bda86 elementor-widget elementor-widget-text-editor\" data-id=\"82bda86\" data-element_type=\"widget\" data-widget_type=\"text-editor.default\">\n\t\t\t\t<div class=\"elementor-widget-container\">\n\t\t\t\t\t\t\tN\u00e5r du bruker et nettsted, er informasjonskapsler identifikasjoner (enten tall eller bokstaver) som sendes til enhetens nettleser. De er utformet for \u00e5 tillate at nettstedet fungerer jevnt og gi nettstedets eiere og operat\u00f8rer mer informasjon.\t\t\t\t\t\t<\/div>\n\t\t\t\t<\/div>\n\t\t\t\t<div class=\"elementor-element elementor-element-2606e33 elementor-widget elementor-widget-text-editor\" data-id=\"2606e33\" data-element_type=\"widget\" data-widget_type=\"text-editor.default\">\n\t\t\t\t<div class=\"elementor-widget-container\">\n\t\t\t\t\t\t\tVi bruker disse informasjonskapslene for effektiv drift av nettsidene v\u00e5re. Det er midlertidige informasjonskapsler; disse informasjonskapslene forblir i nettleseren din bare til nettleseren din lukkes, og mens mer permanente informasjonskapsler kan bli v\u00e6rende i nettleseren din i lengre tid, avhengig av levetiden. \t\t\t\t\t\t<\/div>\n\t\t\t\t<\/div>\n\t\t\t\t<div class=\"elementor-element elementor-element-1f9c831 elementor-widget elementor-widget-text-editor\" data-id=\"1f9c831\" data-element_type=\"widget\" data-widget_type=\"text-editor.default\">\n\t\t\t\t<div class=\"elementor-widget-container\">\n\t\t\t\t\t\t\tFor \u00e5 vite mer om informasjonskapsler og hvordan du godtar, avviser eller administrerer dem og sletter eksisterende informasjonskapsler, sjekk allaboutcookies.org. Du vil imidlertid sette en begrensning p\u00e5 nettstedets funksjonalitet dersom du velger \u00e5 avvise informasjonskapslene v\u00e5re. \t\t\t\t\t\t<\/div>\n\t\t\t\t<\/div>\n\t\t\t\t\t<\/div>\n\t\t<\/div>\n\t\t\t\t\t\t\t<\/div>\n\t\t<\/section>\n\t\t\t\t\t\t\t<\/div>","protected":false},"excerpt":{"rendered":"<p>Om oss Denne nettsiden tilh\u00f8rer RenoDoll; vi driver med salg av sexdukker. All informasjon om selskapet v\u00e5rt og kontaktinformasjonen v\u00e5r finner du p\u00e5 nettsiden v\u00e5r. Hva gj\u00f8r v\u00e5r policy? V\u00e5r policy forteller deg alt du trenger \u00e5 vite om \u00e5 gi ut dine personlige opplysninger til oss. V\u00e5re policydetaljer dekker kun detaljene gitt til oss. Hvis du gir ut dine personlige opplysninger til andre nettsteder p\u00e5 noe tidspunkt, vennligst sjekk selskapets retningslinjer. Bruk kun tjenestene v\u00e5re etter \u00e5 ha g\u00e5tt gjennom v\u00e5re retningslinjer, og det tilfredsstiller deg. Kan det bli en endring<\/p>","protected":false},"author":1,"featured_media":0,"parent":0,"menu_order":0,"comment_status":"closed","ping_status":"closed","template":"","meta":{"footnotes":""},"class_list":["post-5188","page","type-page","status-publish","hentry"],"aioseo_notices":[],"_links":{"self":[{"href":"https:\/\/renodoll.com\/nb\/wp-json\/wp\/v2\/pages\/5188","targetHints":{"allow":["GET"]}}],"collection":[{"href":"https:\/\/renodoll.com\/nb\/wp-json\/wp\/v2\/pages"}],"about":[{"href":"https:\/\/renodoll.com\/nb\/wp-json\/wp\/v2\/types\/page"}],"author":[{"embeddable":true,"href":"https:\/\/renodoll.com\/nb\/wp-json\/wp\/v2\/users\/1"}],"replies":[{"embeddable":true,"href":"https:\/\/renodoll.com\/nb\/wp-json\/wp\/v2\/comments?post=5188"}],"version-history":[{"count":16,"href":"https:\/\/renodoll.com\/nb\/wp-json\/wp\/v2\/pages\/5188\/revisions"}],"predecessor-version":[{"id":14629,"href":"https:\/\/renodoll.com\/nb\/wp-json\/wp\/v2\/pages\/5188\/revisions\/14629"}],"wp:attachment":[{"href":"https:\/\/renodoll.com\/nb\/wp-json\/wp\/v2\/media?parent=5188"}],"curies":[{"name":"wp","href":"https:\/\/api.w.org\/{rel}","templated":true}]}}