{"id":5425,"date":"2023-02-22T18:33:16","date_gmt":"2023-02-22T10:33:16","guid":{"rendered":"https:\/\/renodoll.com\/?page_id=5425"},"modified":"2023-04-24T19:27:15","modified_gmt":"2023-04-24T11:27:15","slug":"electric-hip-sex-doll","status":"publish","type":"page","link":"https:\/\/renodoll.com\/lv\/electric-hip-sex-doll\/","title":{"rendered":"Elektrisk\u0101 hip seksa lelle"},"content":{"rendered":"<div data-elementor-type=\"wp-page\" data-elementor-id=\"5425\" class=\"elementor elementor-5425\" data-elementor-post-type=\"page\">\n\t\t\t\t\t\t<section class=\"elementor-section elementor-top-section elementor-element elementor-element-19ce2b8 elementor-section-boxed elementor-section-height-default elementor-section-height-default\" data-id=\"19ce2b8\" data-element_type=\"section\" data-e-type=\"section\">\n\t\t\t\t\t\t<div class=\"elementor-container elementor-column-gap-default\">\n\t\t\t\t\t<div class=\"elementor-column elementor-col-100 elementor-top-column elementor-element elementor-element-f3c1b7c page-content-text\" data-id=\"f3c1b7c\" data-element_type=\"column\" data-e-type=\"column\">\n\t\t\t<div class=\"elementor-widget-wrap elementor-element-populated\">\n\t\t\t\t\t\t<div class=\"elementor-element elementor-element-445fe14 elementor-invisible elementor-widget elementor-widget-heading\" data-id=\"445fe14\" data-element_type=\"widget\" data-e-type=\"widget\" data-settings=\"{&quot;_animation&quot;:&quot;fadeInUp&quot;}\" data-widget_type=\"heading.default\">\n\t\t\t\t<div class=\"elementor-widget-container\">\n\t\t\t\t\t<h2 class=\"elementor-heading-title elementor-size-default\">Elektrisk\u0101 gurnu seksa lelle<\/h2>\t\t\t\t<\/div>\n\t\t\t\t<\/div>\n\t\t\t\t<div class=\"elementor-element elementor-element-2f50bad elementor-widget elementor-widget-text-editor\" data-id=\"2f50bad\" data-element_type=\"widget\" data-e-type=\"widget\" data-widget_type=\"text-editor.default\">\n\t\t\t\t<div class=\"elementor-widget-container\">\n\t\t\t\t\t\t\t\t\t<p>Gurni ir moderni, un, ja v\u0113laties sievieti ar t\u0101du un v\u0113laties piedz\u012bvot liel\u0101ku seksu\u0101lo piepild\u012bjumu, mums ir iesp\u0113ja p\u0101rvietot seksa lelles, lai t\u0101s atbilstu vis\u0101m j\u016bsu vajadz\u012bb\u0101m un specifik\u0101cij\u0101m. Pieteikumu var veikt uz pilna izm\u0113ra lell\u0113m. L\u016bdzu, noklik\u0161\u0137iniet uz \u0161\u012bs saites, lai apskat\u012btu m\u016bsu elektrisko seksa le\u013c\u013cu kolekciju.<\/p>\t\t\t\t\t\t\t\t<\/div>\n\t\t\t\t<\/div>\n\t\t\t\t<div class=\"elementor-element elementor-element-7b009cf elementor-widget elementor-widget-text-editor\" data-id=\"7b009cf\" data-element_type=\"widget\" data-e-type=\"widget\" data-widget_type=\"text-editor.default\">\n\t\t\t\t<div class=\"elementor-widget-container\">\n\t\t\t\t\t\t\t\t\t<p>L\u016bdzu, skatiet elektrisk\u0101s seksa lelles demonstr\u0101ciju zem\u0101k.<\/p>\t\t\t\t\t\t\t\t<\/div>\n\t\t\t\t<\/div>\n\t\t\t\t<div class=\"elementor-element elementor-element-300e279 elementor-widget elementor-widget-video\" data-id=\"300e279\" data-element_type=\"widget\" data-e-type=\"widget\" data-settings=\"{&quot;video_type&quot;:&quot;hosted&quot;,&quot;autoplay&quot;:&quot;yes&quot;,&quot;play_on_mobile&quot;:&quot;yes&quot;,&quot;loop&quot;:&quot;yes&quot;,&quot;controls&quot;:&quot;yes&quot;}\" data-widget_type=\"video.default\">\n\t\t\t\t<div class=\"elementor-widget-container\">\n\t\t\t\t\t\t\t<div class=\"e-hosted-video elementor-wrapper elementor-open-inline\">\n\t\t\t\t\t<video class=\"elementor-video\" src=\"http:\/\/renodoll.com\/wp-content\/uploads\/2023\/03\/kb-electric-doll.mp4\" autoplay=\"\" loop=\"\" controls=\"\" playsinline=\"\"><\/video>\n\t\t\t\t<\/div>\n\t\t\t\t\t\t<\/div>\n\t\t\t\t<\/div>\n\t\t\t\t<section class=\"elementor-section elementor-inner-section elementor-element elementor-element-97c6960 elementor-section-boxed elementor-section-height-default elementor-section-height-default\" data-id=\"97c6960\" data-element_type=\"section\" data-e-type=\"section\">\n\t\t\t\t\t\t<div class=\"elementor-container elementor-column-gap-default\">\n\t\t\t\t\t<div class=\"elementor-column elementor-col-50 elementor-inner-column elementor-element elementor-element-564e172\" data-id=\"564e172\" data-element_type=\"column\" data-e-type=\"column\">\n\t\t\t<div class=\"elementor-widget-wrap elementor-element-populated\">\n\t\t\t\t\t\t<div class=\"elementor-element elementor-element-d24a218 elementor-widget elementor-widget-text-editor\" data-id=\"d24a218\" data-element_type=\"widget\" data-e-type=\"widget\" data-widget_type=\"text-editor.default\">\n\t\t\t\t<div class=\"elementor-widget-container\">\n\t\t\t\t\t\t\t\t\t<p>1.\u00a0Neuzl\u0101d\u0113jama versija (tai nav ieb\u016bv\u0113ta akumulatora, t\u0101 ir plug-and-play)<br \/>&gt;Str\u0101vas adapteris: baro\u0161anas ieejas spriegums 100V-240V, izejas spriegums\/str\u0101va 24V\/3A<br \/>&gt;Sertifik\u0101cijas standarts; Jauda CE<\/p>\t\t\t\t\t\t\t\t<\/div>\n\t\t\t\t<\/div>\n\t\t\t\t\t<\/div>\n\t\t<\/div>\n\t\t\t\t<div class=\"elementor-column elementor-col-50 elementor-inner-column elementor-element elementor-element-6290fd1\" data-id=\"6290fd1\" data-element_type=\"column\" data-e-type=\"column\">\n\t\t\t<div class=\"elementor-widget-wrap elementor-element-populated\">\n\t\t\t\t\t\t<div class=\"elementor-element elementor-element-9f505e9 elementor-widget elementor-widget-text-editor\" data-id=\"9f505e9\" data-element_type=\"widget\" data-e-type=\"widget\" data-widget_type=\"text-editor.default\">\n\t\t\t\t<div class=\"elementor-widget-container\">\n\t\t\t\t\t\t\t\t\t<p>2. Atk\u0101rtoti uzl\u0101d\u0113jam\u0101 versija (ieb\u016bv\u0113tais akumulators ir piln\u012bb\u0101 j\u0101uzl\u0101d\u0113, lai to var\u0113tu izmantot).<br \/>&gt; Akumulatora spriegums: t\u0101 darba spriegums ir 22,2 V un bezslodzes spriegums ir 24 V<br \/>&gt; Uzl\u0101des un izl\u0101des ilgums aiz\u0146em apm\u0113ram 280-300 ned\u0113\u013cas<br \/>&gt;Uzl\u0101des laiks: \u0101trai uzl\u0101dei nepiecie\u0161amas 1,5 stundas<br \/>&gt;Lieto\u0161anas laiks: kad tas ir pareizi uzl\u0101d\u0113ts, tas var darboties pat piecas stundas<\/p>\t\t\t\t\t\t\t\t<\/div>\n\t\t\t\t<\/div>\n\t\t\t\t\t<\/div>\n\t\t<\/div>\n\t\t\t\t\t<\/div>\n\t\t<\/section>\n\t\t\t\t<div class=\"elementor-element elementor-element-e28a12e elementor-invisible elementor-widget elementor-widget-heading\" data-id=\"e28a12e\" data-element_type=\"widget\" data-e-type=\"widget\" data-settings=\"{&quot;_animation&quot;:&quot;fadeInUp&quot;}\" data-widget_type=\"heading.default\">\n\t\t\t\t<div class=\"elementor-widget-container\">\n\t\t\t\t\t<h2 class=\"elementor-heading-title elementor-size-default\">Piez\u012bmes<\/h2>\t\t\t\t<\/div>\n\t\t\t\t<\/div>\n\t\t\t\t<div class=\"elementor-element elementor-element-504aea1 elementor-widget elementor-widget-html\" data-id=\"504aea1\" data-element_type=\"widget\" data-e-type=\"widget\" data-widget_type=\"html.default\">\n\t\t\t\t<div class=\"elementor-widget-container\">\n\t\t\t\t\t<ol class=\"number_list_type\"><li>Lai nodro\u0161in\u0101tu elektrisk\u0101s gurnu seksa lelles dro\u0161\u012bbu un lai nov\u0113rstu epidermas boj\u0101jumus no asiem priek\u0161metiem un raupj\u0101m mal\u0101m, l\u016bdzu, izmantojiet seksa lelli uz gultas.<\/li>\n<li>Piel\u0101gojiet seksa lelles interakt\u012bvo st\u0101ju, pirms s\u0101kat kaut ko dar\u012bt ar elektrisko gurnu.\n<\/li>\n<li>Izmantojot elektrisko seksa lelli, ar sp\u0113ku nemainiet st\u0101ju un neapgrieziet seksa lelli otr\u0101di.<\/li>\n<li>Ja v\u0113laties piel\u0101got seksa lelles st\u0101ju vai formu, pirms to izdar\u012b\u0161anas jums ir j\u0101izsl\u0113dz sl\u0113dzis vai str\u0101vas padeve.<\/li>\n<li>Ja j\u016bs izmantotu elektrisko gurnu seksa lelli ilgu stundu vien\u0101 lieto\u0161anas reiz\u0113. L\u016bdzu, at\u013caujiet regul\u0101ru divdesmit tr\u012bsdesmit min\u016b\u0161u atp\u016btu lieto\u0161anas laik\u0101.<\/li>\n<li>Lai izvair\u012btos no elektrisk\u0101s gurnu seksa lelles uzl\u0101des versijas akumulatora darb\u012bbas laika samazin\u0101\u0161an\u0101s, l\u016bdzu, uzl\u0101d\u0113jiet seksa lelli p\u0113c tr\u012bs l\u012bdz \u010detr\u0101m stund\u0101m vien\u0101 lieto\u0161anas reiz\u0113.<\/li>\n<li>L\u016bdzu, not\u012briet elektrisk\u0101s seksa lelles nestsp\u0113ju, pulver\u0113jiet to un r\u016bp\u012bgi apkopiet visu lelles da\u013cu.<\/li>\n<li>\n    Pie\u0146emsim, ka ir boj\u0101jumi, piem\u0113ram, \u0101das punkcijas vai jebk\u0101di meh\u0101niski boj\u0101jumi, ko izrais\u012bjusi seksa lelles nepareiza lieto\u0161ana. T\u0101d\u0101 gad\u012bjum\u0101 t\u0101 neb\u016bs m\u016bsu uz\u0146\u0113muma atbild\u012bba.\n<\/li>\n<li>\n    M\u016bsu seksa lelles spriegums atbilst glob\u0101lajam sprieguma brauk\u0161anas dro\u0161\u012bbas standartam, jo m\u016bsu sec lelle izmanto 24 V brauk\u0161anas spriegumu.\n<\/li>\n<li>\n    \u0160obr\u012bd \u0101trumu nevar regul\u0113t.\n<\/li>\n<\/ol>\t\t\t\t<\/div>\n\t\t\t\t<\/div>\n\t\t\t\t<div class=\"elementor-element elementor-element-5483d1c elementor-invisible elementor-widget elementor-widget-heading\" data-id=\"5483d1c\" data-element_type=\"widget\" data-e-type=\"widget\" data-settings=\"{&quot;_animation&quot;:&quot;fadeInUp&quot;}\" data-widget_type=\"heading.default\">\n\t\t\t\t<div class=\"elementor-widget-container\">\n\t\t\t\t\t<h2 class=\"elementor-heading-title elementor-size-default\">Iepaz\u012bstin\u0101m ar m\u016bsu elektrisko gurnu seksa lelli<\/h2>\t\t\t\t<\/div>\n\t\t\t\t<\/div>\n\t\t\t\t<div class=\"elementor-element elementor-element-f465bfd elementor-widget elementor-widget-text-editor\" data-id=\"f465bfd\" data-element_type=\"widget\" data-e-type=\"widget\" data-widget_type=\"text-editor.default\">\n\t\t\t\t<div class=\"elementor-widget-container\">\n\t\t\t\t\t\t\t\t\tElektrisk\u0101 seksa lelle ir ra\u017eota ar autom\u0101tisku da\u013cu, kas ir iestr\u0101d\u0101ta seksa lelles s\u0113\u017eamviet\u0101, lai nodro\u0161in\u0101tu vieglu kust\u012bbu un grie\u0161anos, k\u0101 to dar\u012btu \u012bsts cilv\u0113ks. Izm\u0113\u0123iniet seksa lelli pats un uzziniet, ko t\u0101 sp\u0113j.\t\t\t\t\t\t\t\t<\/div>\n\t\t\t\t<\/div>\n\t\t\t\t<div class=\"elementor-element elementor-element-7871ee2 elementor-widget elementor-widget-text-editor\" data-id=\"7871ee2\" data-element_type=\"widget\" data-e-type=\"widget\" data-widget_type=\"text-editor.default\">\n\t\t\t\t<div class=\"elementor-widget-container\">\n\t\t\t\t\t\t\t\t\tSkatieties, k\u0101 seksa lelle pati kustas un grie\u017eas.\t\t\t\t\t\t\t\t<\/div>\n\t\t\t\t<\/div>\n\t\t\t\t<div class=\"elementor-element elementor-element-0dd79a4 elementor-widget elementor-widget-text-editor\" data-id=\"0dd79a4\" data-element_type=\"widget\" data-e-type=\"widget\" data-widget_type=\"text-editor.default\">\n\t\t\t\t<div class=\"elementor-widget-container\">\n\t\t\t\t\t\t\t\t\tM\u016bsu elektrisk\u0101s seksa lelles ir div\u0101s versij\u0101s; pamatojoties uz sav\u0101m v\u0113lm\u0113m, varat izv\u0113l\u0113ties konfigur\u0101ciju, kas ir j\u0101uzl\u0101d\u0113, vai konfigur\u0101ciju, kas j\u0101pievieno.\t\t\t\t\t\t\t\t<\/div>\n\t\t\t\t<\/div>\n\t\t\t\t<div class=\"elementor-element elementor-element-39907ae elementor-invisible elementor-widget elementor-widget-heading\" data-id=\"39907ae\" data-element_type=\"widget\" data-e-type=\"widget\" data-settings=\"{&quot;_animation&quot;:&quot;fadeInUp&quot;}\" data-widget_type=\"heading.default\">\n\t\t\t\t<div class=\"elementor-widget-container\">\n\t\t\t\t\t<h2 class=\"elementor-heading-title elementor-size-default\">Ieb\u016bv\u0113t\u0101 akumulatora uzl\u0101des iestat\u012b\u0161ana (skatieties video)<\/h2>\t\t\t\t<\/div>\n\t\t\t\t<\/div>\n\t\t\t\t<div class=\"elementor-element elementor-element-6f89ec5 elementor-widget elementor-widget-text-editor\" data-id=\"6f89ec5\" data-element_type=\"widget\" data-e-type=\"widget\" data-widget_type=\"text-editor.default\">\n\t\t\t\t<div class=\"elementor-widget-container\">\n\t\t\t\t\t\t\t\t\tKad lietot: izmantojiet tikai tad, kad tas ir piln\u012bb\u0101 uzl\u0101d\u0113ts.\t\t\t\t\t\t\t\t<\/div>\n\t\t\t\t<\/div>\n\t\t\t\t<div class=\"elementor-element elementor-element-7afd254 elementor-widget elementor-widget-text-editor\" data-id=\"7afd254\" data-element_type=\"widget\" data-e-type=\"widget\" data-widget_type=\"text-editor.default\">\n\t\t\t\t<div class=\"elementor-widget-container\">\n\t\t\t\t\t\t\t\t\tUzl\u0101des laiks: 1 stunda tr\u012bsdesmit min\u016btes l\u012bdz divas stundas\t\t\t\t\t\t\t\t<\/div>\n\t\t\t\t<\/div>\n\t\t\t\t<div class=\"elementor-element elementor-element-7d36ae2 elementor-widget elementor-widget-text-editor\" data-id=\"7d36ae2\" data-element_type=\"widget\" data-e-type=\"widget\" data-widget_type=\"text-editor.default\">\n\t\t\t\t<div class=\"elementor-widget-container\">\n\t\t\t\t\t\t\t\t\tLieto\u0161anas laiks: piecas stundas, kad tas ir piln\u012bb\u0101 uzl\u0101d\u0113ts.\t\t\t\t\t\t\t\t<\/div>\n\t\t\t\t<\/div>\n\t\t\t\t<div class=\"elementor-element elementor-element-71982d8 elementor-invisible elementor-widget elementor-widget-heading\" data-id=\"71982d8\" data-element_type=\"widget\" data-e-type=\"widget\" data-settings=\"{&quot;_animation&quot;:&quot;fadeInUp&quot;}\" data-widget_type=\"heading.default\">\n\t\t\t\t<div class=\"elementor-widget-container\">\n\t\t\t\t\t<h2 class=\"elementor-heading-title elementor-size-default\">Spraud\u0146a iestat\u012b\u0161ana bez ieb\u016bv\u0113ta akumulatora (skatieties video)<\/h2>\t\t\t\t<\/div>\n\t\t\t\t<\/div>\n\t\t\t\t<div class=\"elementor-element elementor-element-91f432c elementor-widget elementor-widget-text-editor\" data-id=\"91f432c\" data-element_type=\"widget\" data-e-type=\"widget\" data-widget_type=\"text-editor.default\">\n\t\t\t\t<div class=\"elementor-widget-container\">\n\t\t\t\t\t\t\t\t\tK\u0101 izmantot; pievienojiet, lai uzl\u0101d\u0113tu un lietotu.\t\t\t\t\t\t\t\t<\/div>\n\t\t\t\t<\/div>\n\t\t\t\t<div class=\"elementor-element elementor-element-b13ce6c elementor-invisible elementor-widget elementor-widget-heading\" data-id=\"b13ce6c\" data-element_type=\"widget\" data-e-type=\"widget\" data-settings=\"{&quot;_animation&quot;:&quot;fadeInUp&quot;}\" data-widget_type=\"heading.default\">\n\t\t\t\t<div class=\"elementor-widget-container\">\n\t\t\t\t\t<h2 class=\"elementor-heading-title elementor-size-default\">Dro\u0161\u012bba<\/h2>\t\t\t\t<\/div>\n\t\t\t\t<\/div>\n\t\t\t\t<div class=\"elementor-element elementor-element-3fd4e20 elementor-widget elementor-widget-html\" data-id=\"3fd4e20\" data-element_type=\"widget\" data-e-type=\"widget\" data-widget_type=\"html.default\">\n\t\t\t\t<div class=\"elementor-widget-container\">\n\t\t\t\t\t<ol class=\"number_list_type\"><li>Izmantojiet lelli uz gultas, ne\u013caujiet \u0101dai tikt boj\u0101tas no asiem priek\u0161metiem un raupj\u0101m mal\u0101m.<\/li>\n<li>P\u0101rliecinieties, ka elektrisk\u0101 g\u016b\u017ea ir izsl\u0113gta ikreiz, kad jums ir j\u0101apgrie\u017e seksa lelle vai j\u0101maina seksa lelles poz\u012bcija.\n<\/li>\n<li>\n    Ja esat to lietojis nep\u0101rtraukti divas stundas, l\u016bdzu, \u013caujiet seksa lellei atp\u016bsties vismaz desmit l\u012bdz tr\u012bsdesmit min\u016btes.\n<\/li>\n<li>\n    L\u016bdzu, not\u012briet kontakta zonu un uzkl\u0101jiet tai pulveri p\u0113c katras seksa lelles lieto\u0161anas reizes.\n<\/li>\n<li>\n    J\u016bs nevarat likt seksa lellei vien\u0101 pieg\u0101jien\u0101 veikt elektrisko gurnu, autom\u0101tisko s\u016bk\u0161anu vai autom\u0101tisko sitienu.\n<\/li>\n<\/ol>\t\t\t\t<\/div>\n\t\t\t\t<\/div>\n\t\t\t\t\t<\/div>\n\t\t<\/div>\n\t\t\t\t\t<\/div>\n\t\t<\/section>\n\t\t\t\t<\/div>","protected":false},"excerpt":{"rendered":"<p>Electric Hips Sex Doll Hips are trendy, and if you want a woman with one and want to experience more sexual fulfillment, we have the \u201cElectric Hips\u201d option for moving sex dolls to meet all your needs and specifications. The application can be made on the full size dolls. Kindly click this link to check out our collection of electric sex doll. Kindly see the demo of the electric sex doll below. http:\/\/renodoll.com\/wp-content\/uploads\/2023\/03\/kb-electric-doll.mp4 1. The Non-chargeable version (it has no inbuilt battery, it\u2019s a plug-and-play) &gt;Power adapter: power input voltage 100V\u2014240V, output voltage\/current 24V\/3A &gt;Standard of Certification; Power CE 2.<\/p>","protected":false},"author":1,"featured_media":0,"parent":0,"menu_order":0,"comment_status":"closed","ping_status":"closed","template":"","meta":{"footnotes":""},"class_list":["post-5425","page","type-page","status-publish","hentry"],"aioseo_notices":[],"_links":{"self":[{"href":"https:\/\/renodoll.com\/lv\/wp-json\/wp\/v2\/pages\/5425","targetHints":{"allow":["GET"]}}],"collection":[{"href":"https:\/\/renodoll.com\/lv\/wp-json\/wp\/v2\/pages"}],"about":[{"href":"https:\/\/renodoll.com\/lv\/wp-json\/wp\/v2\/types\/page"}],"author":[{"embeddable":true,"href":"https:\/\/renodoll.com\/lv\/wp-json\/wp\/v2\/users\/1"}],"replies":[{"embeddable":true,"href":"https:\/\/renodoll.com\/lv\/wp-json\/wp\/v2\/comments?post=5425"}],"version-history":[{"count":52,"href":"https:\/\/renodoll.com\/lv\/wp-json\/wp\/v2\/pages\/5425\/revisions"}],"predecessor-version":[{"id":15989,"href":"https:\/\/renodoll.com\/lv\/wp-json\/wp\/v2\/pages\/5425\/revisions\/15989"}],"wp:attachment":[{"href":"https:\/\/renodoll.com\/lv\/wp-json\/wp\/v2\/media?parent=5425"}],"curies":[{"name":"wp","href":"https:\/\/api.w.org\/{rel}","templated":true}]}}