{"id":5342,"date":"2023-02-22T14:38:20","date_gmt":"2023-02-22T06:38:20","guid":{"rendered":"https:\/\/renodoll.com\/?page_id=5342"},"modified":"2023-03-31T18:15:51","modified_gmt":"2023-03-31T10:15:51","slug":"sex-doll-skeleton","status":"publish","type":"page","link":"https:\/\/renodoll.com\/lv\/sex-doll-skeleton\/","title":{"rendered":"Seksa lelles skelets"},"content":{"rendered":"<div data-elementor-type=\"wp-page\" data-elementor-id=\"5342\" class=\"elementor elementor-5342\" data-elementor-post-type=\"page\">\n\t\t\t\t\t\t<section class=\"elementor-section elementor-top-section elementor-element elementor-element-acc2331 elementor-section-boxed elementor-section-height-default elementor-section-height-default\" data-id=\"acc2331\" data-element_type=\"section\" data-e-type=\"section\">\n\t\t\t\t\t\t<div class=\"elementor-container elementor-column-gap-default\">\n\t\t\t\t\t<div class=\"elementor-column elementor-col-100 elementor-top-column elementor-element elementor-element-03b26f5 page-content-text\" data-id=\"03b26f5\" data-element_type=\"column\" data-e-type=\"column\">\n\t\t\t<div class=\"elementor-widget-wrap elementor-element-populated\">\n\t\t\t\t\t\t<div class=\"elementor-element elementor-element-881ee1c elementor-widget elementor-widget-text-editor\" data-id=\"881ee1c\" data-element_type=\"widget\" data-e-type=\"widget\" data-widget_type=\"text-editor.default\">\n\t\t\t\t<div class=\"elementor-widget-container\">\n\t\t\t\t\t\t\t\t\tM\u012blest\u012bbas lelles \u0137erme\u0146a iek\u0161pus\u0113 ir skeleta strukt\u016bra, kas pal\u012bdz \u0137erme\u0146a kust\u012bbai un ne\u013cauj \u0137ermenim sagriezties vai nokrist. Skelets seksa lelles iek\u0161pus\u0113 pal\u012bdz noteikt m\u016b\u017ea ilgumu un \u0137erme\u0146a ietilp\u012bbu. Da\u017e\u0101die skeletu dizaini pal\u012bdz apstiprin\u0101t kust\u012bbas, ko m\u012bl m\u012blas lelles.\t\t\t\t\t\t\t\t<\/div>\n\t\t\t\t<\/div>\n\t\t\t\t<div class=\"elementor-element elementor-element-4556673 elementor-widget elementor-widget-text-editor\" data-id=\"4556673\" data-element_type=\"widget\" data-e-type=\"widget\" data-widget_type=\"text-editor.default\">\n\t\t\t\t<div class=\"elementor-widget-container\">\n\t\t\t\t\t\t\t\t\tApskatiet att\u0113lus zem \u0161\u012b ieraksta, lai redz\u0113tu, k\u0101 darbojas skelets.\t\t\t\t\t\t\t\t<\/div>\n\t\t\t\t<\/div>\n\t\t\t\t<div class=\"elementor-element elementor-element-38afaf6 elementor-invisible elementor-widget elementor-widget-image\" data-id=\"38afaf6\" data-element_type=\"widget\" data-e-type=\"widget\" data-settings=\"{&quot;_animation&quot;:&quot;zoomIn&quot;}\" data-widget_type=\"image.default\">\n\t\t\t\t<div class=\"elementor-widget-container\">\n\t\t\t\t\t\t\t\t\t\t\t\t\t\t\t<img loading=\"lazy\" decoding=\"async\" width=\"1000\" height=\"828\" src=\"https:\/\/renodoll.com\/wp-content\/uploads\/xstore\/xstore-placeholder-1024x1024.png\" class=\"attachment-large size-large wp-image-6565 lazyload lazyload-simple et-lazyload-fadeIn\" alt=\"\" sizes=\"auto, (max-width: 1000px) 100vw, 1000px\" data-src=\"https:\/\/renodoll.com\/wp-content\/uploads\/2023\/03\/skeleton-introduction.png\" data-srcset=\"https:\/\/renodoll.com\/wp-content\/uploads\/2023\/03\/skeleton-introduction.png 1000w, https:\/\/renodoll.com\/wp-content\/uploads\/2023\/03\/skeleton-introduction-300x248.png 300w, https:\/\/renodoll.com\/wp-content\/uploads\/2023\/03\/skeleton-introduction-768x636.png 768w, https:\/\/renodoll.com\/wp-content\/uploads\/2023\/03\/skeleton-introduction-14x12.png 14w, https:\/\/renodoll.com\/wp-content\/uploads\/2023\/03\/skeleton-introduction-100x83.png 100w, https:\/\/renodoll.com\/wp-content\/uploads\/2023\/03\/skeleton-introduction-600x497.png 600w, https:\/\/renodoll.com\/wp-content\/uploads\/2023\/03\/skeleton-introduction-10x8.png 10w\" \/>\t\t\t\t\t\t\t\t\t\t\t\t\t\t\t<\/div>\n\t\t\t\t<\/div>\n\t\t\t\t<div class=\"elementor-element elementor-element-cc71f48 elementor-widget elementor-widget-text-editor\" data-id=\"cc71f48\" data-element_type=\"widget\" data-e-type=\"widget\" data-widget_type=\"text-editor.default\">\n\t\t\t\t<div class=\"elementor-widget-container\">\n\t\t\t\t\t\t\t\t\tPa\u0161laik mums ir divu veidu skeleti, kuru izmaksas ir at\u0161\u0137ir\u012bgas. B\u016btisk\u0101 at\u0161\u0137ir\u012bba starp abiem ir t\u0101, ka, kam\u0113r viens var paraust\u012bt plecus, otrs nevar. Izpildiet rakstu l\u012bdz beig\u0101m, lai redz\u0113tu citas at\u0161\u0137ir\u012bbas.\t\t\t\t\t\t\t\t<\/div>\n\t\t\t\t<\/div>\n\t\t\t\t<div class=\"elementor-element elementor-element-b7893ed elementor-invisible elementor-widget elementor-widget-image\" data-id=\"b7893ed\" data-element_type=\"widget\" data-e-type=\"widget\" data-settings=\"{&quot;_animation&quot;:&quot;zoomIn&quot;}\" data-widget_type=\"image.default\">\n\t\t\t\t<div class=\"elementor-widget-container\">\n\t\t\t\t\t\t\t\t\t\t\t\t\t\t\t<img loading=\"lazy\" decoding=\"async\" width=\"932\" height=\"1200\" src=\"https:\/\/renodoll.com\/wp-content\/uploads\/xstore\/xstore-placeholder.png\" class=\"attachment-full size-full wp-image-6566 lazyload lazyload-simple et-lazyload-fadeIn\" alt=\"\" sizes=\"auto, (max-width: 932px) 100vw, 932px\" data-src=\"https:\/\/renodoll.com\/wp-content\/uploads\/2023\/03\/h3bd0710ee3cb4337bf498e9c8b5ea2583-1662214320665.png\" data-srcset=\"https:\/\/renodoll.com\/wp-content\/uploads\/2023\/03\/h3bd0710ee3cb4337bf498e9c8b5ea2583-1662214320665.png 932w, https:\/\/renodoll.com\/wp-content\/uploads\/2023\/03\/h3bd0710ee3cb4337bf498e9c8b5ea2583-1662214320665-233x300.png 233w, https:\/\/renodoll.com\/wp-content\/uploads\/2023\/03\/h3bd0710ee3cb4337bf498e9c8b5ea2583-1662214320665-795x1024.png 795w, https:\/\/renodoll.com\/wp-content\/uploads\/2023\/03\/h3bd0710ee3cb4337bf498e9c8b5ea2583-1662214320665-768x989.png 768w, https:\/\/renodoll.com\/wp-content\/uploads\/2023\/03\/h3bd0710ee3cb4337bf498e9c8b5ea2583-1662214320665-9x12.png 9w, https:\/\/renodoll.com\/wp-content\/uploads\/2023\/03\/h3bd0710ee3cb4337bf498e9c8b5ea2583-1662214320665-78x100.png 78w, https:\/\/renodoll.com\/wp-content\/uploads\/2023\/03\/h3bd0710ee3cb4337bf498e9c8b5ea2583-1662214320665-300x386.png 300w, https:\/\/renodoll.com\/wp-content\/uploads\/2023\/03\/h3bd0710ee3cb4337bf498e9c8b5ea2583-1662214320665-600x773.png 600w, https:\/\/renodoll.com\/wp-content\/uploads\/2023\/03\/h3bd0710ee3cb4337bf498e9c8b5ea2583-1662214320665-8x10.png 8w\" \/>\t\t\t\t\t\t\t\t\t\t\t\t\t\t\t<\/div>\n\t\t\t\t<\/div>\n\t\t\t\t<div class=\"elementor-element elementor-element-48b66a9 elementor-widget elementor-widget-text-editor\" data-id=\"48b66a9\" data-element_type=\"widget\" data-e-type=\"widget\" data-widget_type=\"text-editor.default\">\n\t\t\t\t<div class=\"elementor-widget-container\">\n\t\t\t\t\t\t\t\t\tDom\u0101jot par seksa lelles izv\u0113li, ies\u0101c\u0113ji seksa le\u013c\u013cu pasaul\u0113 var saskarties ar zin\u0101m\u0101m neskaidr\u012bb\u0101m, izv\u0113loties standarta EVO skeletus vai EVO skeletus. K\u0101das ir \u0161\u012bs at\u0161\u0137ir\u012bbas, j\u016bs varat jaut\u0101t? Palieciet ar mums, un m\u0113s jums pateiksim.\t\t\t\t\t\t\t\t<\/div>\n\t\t\t\t<\/div>\n\t\t\t\t<div class=\"elementor-element elementor-element-2aae69c elementor-invisible elementor-widget elementor-widget-heading\" data-id=\"2aae69c\" data-element_type=\"widget\" data-e-type=\"widget\" data-settings=\"{&quot;_animation&quot;:&quot;fadeInUp&quot;}\" data-widget_type=\"heading.default\">\n\t\t\t\t<div class=\"elementor-widget-container\">\n\t\t\t\t\t<h2 class=\"elementor-heading-title elementor-size-default\">Standarta skelets<\/h2>\t\t\t\t<\/div>\n\t\t\t\t<\/div>\n\t\t\t\t<div class=\"elementor-element elementor-element-8b640d4 elementor-widget elementor-widget-text-editor\" data-id=\"8b640d4\" data-element_type=\"widget\" data-e-type=\"widget\" data-widget_type=\"text-editor.default\">\n\t\t\t\t<div class=\"elementor-widget-container\">\n\t\t\t\t\t\t\t\t\tStandarta lelle Skeleton ne\u013cauj pagriezt plecus, jo t\u0101 ir diezgan stingra. \t\t\t\t\t\t\t\t<\/div>\n\t\t\t\t<\/div>\n\t\t\t\t<div class=\"elementor-element elementor-element-baa72d8 elementor-widget elementor-widget-text-editor\" data-id=\"baa72d8\" data-element_type=\"widget\" data-e-type=\"widget\" data-widget_type=\"text-editor.default\">\n\t\t\t\t<div class=\"elementor-widget-container\">\n\t\t\t\t\t\t\t\t\tElko\u0146us un ce\u013cus var nedaudz saliekt. Apm\u0113ram 90 gr\u0101di. \t\t\t\t\t\t\t\t<\/div>\n\t\t\t\t<\/div>\n\t\t\t\t<div class=\"elementor-element elementor-element-4ffcfcb elementor-widget elementor-widget-text-editor\" data-id=\"4ffcfcb\" data-element_type=\"widget\" data-e-type=\"widget\" data-widget_type=\"text-editor.default\">\n\t\t\t\t<div class=\"elementor-widget-container\">\n\t\t\t\t\t\t\t\t\tLiel\u0101ko da\u013cu, ja ne visus, standarta skeletus var p\u0101rvietot tikai uz priek\u0161u un atpaka\u013c.\t\t\t\t\t\t\t\t<\/div>\n\t\t\t\t<\/div>\n\t\t\t\t<div class=\"elementor-element elementor-element-e31910a elementor-invisible elementor-widget elementor-widget-heading\" data-id=\"e31910a\" data-element_type=\"widget\" data-e-type=\"widget\" data-settings=\"{&quot;_animation&quot;:&quot;fadeInUp&quot;}\" data-widget_type=\"heading.default\">\n\t\t\t\t<div class=\"elementor-widget-container\">\n\t\t\t\t\t<h2 class=\"elementor-heading-title elementor-size-default\">Evo skelets<\/h2>\t\t\t\t<\/div>\n\t\t\t\t<\/div>\n\t\t\t\t<div class=\"elementor-element elementor-element-780de4e elementor-widget elementor-widget-text-editor\" data-id=\"780de4e\" data-element_type=\"widget\" data-e-type=\"widget\" data-widget_type=\"text-editor.default\">\n\t\t\t\t<div class=\"elementor-widget-container\">\n\t\t\t\t\t\t\t\t\tNesen atjaunotais EVO skelets var likt j\u016bsu seksa lellei paraust\u012bt plecus un dot vi\u0146ai br\u012bv\u012bbu uz\u0146emt da\u017e\u0101das pozas dz\u012bv\u012bg\u0101k.\t\t\t\t\t\t\t\t<\/div>\n\t\t\t\t<\/div>\n\t\t\t\t<div class=\"elementor-element elementor-element-9de1aa2 elementor-widget elementor-widget-text-editor\" data-id=\"9de1aa2\" data-element_type=\"widget\" data-e-type=\"widget\" data-widget_type=\"text-editor.default\">\n\t\t\t\t<div class=\"elementor-widget-container\">\n\t\t\t\t\t\t\t\t\tJ\u016bsu pieaugu\u0161\u0101s seksa lelles k\u0101jas var b\u016bt saliektas t\u0101, lai k\u0101jas sasniegtu m\u012blas lelles dibenu vai nu uz leju, vai W poz\u012bcij\u0101.\t\t\t\t\t\t\t\t<\/div>\n\t\t\t\t<\/div>\n\t\t\t\t<div class=\"elementor-element elementor-element-13a0f35 elementor-widget elementor-widget-text-editor\" data-id=\"13a0f35\" data-element_type=\"widget\" data-e-type=\"widget\" data-widget_type=\"text-editor.default\">\n\t\t\t\t<div class=\"elementor-widget-container\">\n\t\t\t\t\t\t\t\t\tDabisk\u0101 izm\u0113ra lelles mugurkauls nav stingrs sal\u012bdzin\u0101jum\u0101 ar standarta skeletu. Tas \u013cauj seks\u012bgajai seksa lellei kustin\u0101t mugurkaulu, k\u0101 to v\u0113las \u012bpa\u0161nieks, t\u0101d\u0113j\u0101di radot daudz int\u012bm\u0101ku baudu, k\u0101 to v\u0113las \u012bpa\u0161nieki.\t\t\t\t\t\t\t\t<\/div>\n\t\t\t\t<\/div>\n\t\t\t\t<section class=\"elementor-section elementor-inner-section elementor-element elementor-element-389eee2 elementor-section-boxed elementor-section-height-default elementor-section-height-default\" data-id=\"389eee2\" data-element_type=\"section\" data-e-type=\"section\">\n\t\t\t\t\t\t<div class=\"elementor-container elementor-column-gap-default\">\n\t\t\t\t\t<div class=\"elementor-column elementor-col-50 elementor-inner-column elementor-element elementor-element-209d53e\" data-id=\"209d53e\" data-element_type=\"column\" data-e-type=\"column\">\n\t\t\t<div class=\"elementor-widget-wrap elementor-element-populated\">\n\t\t\t\t\t\t<div class=\"elementor-element elementor-element-acedf47 elementor-invisible elementor-widget elementor-widget-heading\" data-id=\"acedf47\" data-element_type=\"widget\" data-e-type=\"widget\" data-settings=\"{&quot;_animation&quot;:&quot;fadeInUp&quot;}\" data-widget_type=\"heading.default\">\n\t\t\t\t<div class=\"elementor-widget-container\">\n\t\t\t\t\t<h2 class=\"elementor-heading-title elementor-size-default\">Sex Doll uzlabots EVO skelets<\/h2>\t\t\t\t<\/div>\n\t\t\t\t<\/div>\n\t\t\t\t<div class=\"elementor-element elementor-element-a110e11 elementor-widget elementor-widget-text-editor\" data-id=\"a110e11\" data-element_type=\"widget\" data-e-type=\"widget\" data-widget_type=\"text-editor.default\">\n\t\t\t\t<div class=\"elementor-widget-container\">\n\t\t\t\t\t\t\t\t\tAt\u0161\u0137ir\u012bb\u0101 no standarta skeleta, EVO ir detaliz\u0113t\u0101ks un atjaunots skelets. Tas ir elast\u012bgs un dod vietu dabisk\u0101kai un re\u0101listisk\u0101kai poz\u0113\u0161anai, kas var b\u016bt piem\u0113rota gan model\u0113\u0161anai, gan fotograf\u0113\u0161anai un uzlabotai seksu\u0101lajai poz\u012bcijai. Uzlabotie EVO skeleti no da\u017eiem uz\u0146\u0113mumiem, piem\u0113ram, WM, Piper, Starpery un daudziem citiem, turpina izstr\u0101d\u0101t \u0161\u012bs \u012bst\u0101s lelles, lai t\u0101s b\u016btu elast\u012bg\u0101kas ar dubult\u0101m rok\u0101m un k\u0101j\u0101m. Tas pal\u012bdz izstiepties tupus un ce\u013cos, lai tie b\u016btu tikpat l\u012bdz\u012bgi k\u0101 cilv\u0113kiem.\t\t\t\t\t\t\t\t<\/div>\n\t\t\t\t<\/div>\n\t\t\t\t<div class=\"elementor-element elementor-element-41811f4 elementor-widget elementor-widget-text-editor\" data-id=\"41811f4\" data-element_type=\"widget\" data-e-type=\"widget\" data-widget_type=\"text-editor.default\">\n\t\t\t\t<div class=\"elementor-widget-container\">\n\t\t\t\t\t\t\t\t\tM\u012blest\u012bbas lelles skeleta uzlabo\u0161anai ir j\u0101maks\u0101. Ja jums nav nepiecie\u0161ama liela elast\u012bba loc\u012btavu zon\u0101s, standarta skelets ir j\u016bsu izv\u0113le. Ja v\u0113laties daudz int\u012bm\u0101kus un pat\u012bkam\u0101kus mirk\u013cus ar savu seksa lelli, pateicoties t\u0101s elast\u012bbai, EVO skelets ir paredz\u0113ts jums.\t\t\t\t\t\t\t\t<\/div>\n\t\t\t\t<\/div>\n\t\t\t\t\t<\/div>\n\t\t<\/div>\n\t\t\t\t<div class=\"elementor-column elementor-col-50 elementor-inner-column elementor-element elementor-element-c8cd916\" data-id=\"c8cd916\" data-element_type=\"column\" data-e-type=\"column\">\n\t\t\t<div class=\"elementor-widget-wrap elementor-element-populated\">\n\t\t\t\t\t\t<div class=\"elementor-element elementor-element-2f820d1 elementor-widget elementor-widget-video\" data-id=\"2f820d1\" data-element_type=\"widget\" data-e-type=\"widget\" data-settings=\"{&quot;video_type&quot;:&quot;hosted&quot;,&quot;autoplay&quot;:&quot;yes&quot;,&quot;loop&quot;:&quot;yes&quot;,&quot;controls&quot;:&quot;yes&quot;}\" data-widget_type=\"video.default\">\n\t\t\t\t<div class=\"elementor-widget-container\">\n\t\t\t\t\t\t\t<div class=\"e-hosted-video elementor-wrapper elementor-open-inline\">\n\t\t\t\t\t<video class=\"elementor-video\" src=\"http:\/\/renodoll.com\/wp-content\/uploads\/2023\/03\/RudeLustrousBooby-mobile.mp4\" autoplay=\"\" loop=\"\" controls=\"\"><\/video>\n\t\t\t\t<\/div>\n\t\t\t\t\t\t<\/div>\n\t\t\t\t<\/div>\n\t\t\t\t\t<\/div>\n\t\t<\/div>\n\t\t\t\t\t<\/div>\n\t\t<\/section>\n\t\t\t\t\t<\/div>\n\t\t<\/div>\n\t\t\t\t\t<\/div>\n\t\t<\/section>\n\t\t\t\t<\/div>","protected":false},"excerpt":{"rendered":"<p>M\u012blest\u012bbas lelles korpusa iek\u0161pus\u0113 ir skeleta strukt\u016bra, kas pal\u012bdz \u0137erme\u0146a kust\u012bbai un ne\u013cauj \u0137ermenim sagriezties vai nokrist. Skelets seksa lelles iek\u0161pus\u0113 pal\u012bdz noskaidrot, cik ilgi \u0137ermenis sp\u0113j notur\u0113t dz\u012bves ilgumu un izm\u0113ru. Da\u017e\u0101die skeletu dizaini pal\u012bdz apstiprin\u0101t kust\u012bbas, ko var veikt m\u012blas lelles. Apskatiet att\u0113lus zem \u0161\u012b ieraksta, lai redz\u0113tu, k\u0101 skelets darbojas. Pa\u0161laik mums ir divu veidu skeleti, kuru izmaksas ir at\u0161\u0137ir\u012bgas. B\u016btisk\u0101 at\u0161\u0137ir\u012bba starp abiem ir t\u0101, ka, kam\u0113r viens var paraust\u012bt plecus, otrs nevar. Dariet labi, lai sekotu<\/p>","protected":false},"author":1,"featured_media":0,"parent":0,"menu_order":0,"comment_status":"closed","ping_status":"closed","template":"","meta":{"footnotes":""},"class_list":["post-5342","page","type-page","status-publish","hentry"],"aioseo_notices":[],"_links":{"self":[{"href":"https:\/\/renodoll.com\/lv\/wp-json\/wp\/v2\/pages\/5342","targetHints":{"allow":["GET"]}}],"collection":[{"href":"https:\/\/renodoll.com\/lv\/wp-json\/wp\/v2\/pages"}],"about":[{"href":"https:\/\/renodoll.com\/lv\/wp-json\/wp\/v2\/types\/page"}],"author":[{"embeddable":true,"href":"https:\/\/renodoll.com\/lv\/wp-json\/wp\/v2\/users\/1"}],"replies":[{"embeddable":true,"href":"https:\/\/renodoll.com\/lv\/wp-json\/wp\/v2\/comments?post=5342"}],"version-history":[{"count":41,"href":"https:\/\/renodoll.com\/lv\/wp-json\/wp\/v2\/pages\/5342\/revisions"}],"predecessor-version":[{"id":14819,"href":"https:\/\/renodoll.com\/lv\/wp-json\/wp\/v2\/pages\/5342\/revisions\/14819"}],"wp:attachment":[{"href":"https:\/\/renodoll.com\/lv\/wp-json\/wp\/v2\/media?parent=5342"}],"curies":[{"name":"wp","href":"https:\/\/api.w.org\/{rel}","templated":true}]}}