{"id":5330,"date":"2023-02-22T14:27:04","date_gmt":"2023-02-22T06:27:04","guid":{"rendered":"https:\/\/renodoll.com\/?page_id=5330"},"modified":"2023-04-24T20:06:13","modified_gmt":"2023-04-24T12:06:13","slug":"sex-doll-dress-up","status":"publish","type":"page","link":"https:\/\/renodoll.com\/lv\/sex-doll-dress-up\/","title":{"rendered":"Seksa lelles sa\u0123\u0113rbt"},"content":{"rendered":"<div data-elementor-type=\"wp-page\" data-elementor-id=\"5330\" class=\"elementor elementor-5330\" data-elementor-post-type=\"page\">\n\t\t\t\t\t\t<section class=\"elementor-section elementor-top-section elementor-element elementor-element-9ee3c63 elementor-section-boxed elementor-section-height-default elementor-section-height-default\" data-id=\"9ee3c63\" data-element_type=\"section\" data-e-type=\"section\">\n\t\t\t\t\t\t<div class=\"elementor-container elementor-column-gap-default\">\n\t\t\t\t\t<div class=\"elementor-column elementor-col-100 elementor-top-column elementor-element elementor-element-a5c4cb6 page-content-text\" data-id=\"a5c4cb6\" data-element_type=\"column\" data-e-type=\"column\">\n\t\t\t<div class=\"elementor-widget-wrap elementor-element-populated\">\n\t\t\t\t\t\t<div class=\"elementor-element elementor-element-23b29e3 elementor-invisible elementor-widget elementor-widget-heading\" data-id=\"23b29e3\" data-element_type=\"widget\" data-e-type=\"widget\" data-settings=\"{&quot;_animation&quot;:&quot;fadeInUp&quot;}\" data-widget_type=\"heading.default\">\n\t\t\t\t<div class=\"elementor-widget-container\">\n\t\t\t\t\t<h2 class=\"elementor-heading-title elementor-size-default\">Lietas, kas j\u0101\u0146em v\u0113r\u0101, \u0123\u0113rbjot lelli<\/h2>\t\t\t\t<\/div>\n\t\t\t\t<\/div>\n\t\t\t\t<div class=\"elementor-element elementor-element-0275977 elementor-widget elementor-widget-spacer\" data-id=\"0275977\" data-element_type=\"widget\" data-e-type=\"widget\" data-widget_type=\"spacer.default\">\n\t\t\t\t<div class=\"elementor-widget-container\">\n\t\t\t\t\t\t\t<div class=\"elementor-spacer\">\n\t\t\t<div class=\"elementor-spacer-inner\"><\/div>\n\t\t<\/div>\n\t\t\t\t\t\t<\/div>\n\t\t\t\t<\/div>\n\t\t\t\t<div class=\"elementor-element elementor-element-0ee033e elementor-invisible elementor-widget elementor-widget-heading\" data-id=\"0ee033e\" data-element_type=\"widget\" data-e-type=\"widget\" data-settings=\"{&quot;_animation&quot;:&quot;fadeInUp&quot;}\" data-widget_type=\"heading.default\">\n\t\t\t\t<div class=\"elementor-widget-container\">\n\t\t\t\t\t<h2 class=\"elementor-heading-title elementor-size-default\">Ievads<\/h2>\t\t\t\t<\/div>\n\t\t\t\t<\/div>\n\t\t\t\t<div class=\"elementor-element elementor-element-1366056 elementor-widget elementor-widget-text-editor\" data-id=\"1366056\" data-element_type=\"widget\" data-e-type=\"widget\" data-widget_type=\"text-editor.default\">\n\t\t\t\t<div class=\"elementor-widget-container\">\n\t\t\t\t\t\t\t\t\tSilikona lelles ekstremit\u0101tes var kust\u0113ties, ta\u010du tas ir ar da\u017eiem ierobe\u017eojumiem. \u0122\u0113rbjot seksa lelli atbilsto\u0161i savai gaumei, jums ir j\u0101aizsarg\u0101 ar\u012b silikona \u0101da. Dariet labi, ja \u0146emiet v\u0113r\u0101 t\u0101l\u0101k nor\u0101d\u012btos punktus. \t\t\t\t\t\t\t\t<\/div>\n\t\t\t\t<\/div>\n\t\t\t\t<div class=\"elementor-element elementor-element-1b286a6 elementor-invisible elementor-widget elementor-widget-heading\" data-id=\"1b286a6\" data-element_type=\"widget\" data-e-type=\"widget\" data-settings=\"{&quot;_animation&quot;:&quot;fadeInUp&quot;}\" data-widget_type=\"heading.default\">\n\t\t\t\t<div class=\"elementor-widget-container\">\n\t\t\t\t\t<h2 class=\"elementor-heading-title elementor-size-default\">Ne\u013caujiet ekstremit\u0101t\u0113m p\u0101r\u0101k daudz saliekties<\/h2>\t\t\t\t<\/div>\n\t\t\t\t<\/div>\n\t\t\t\t<div class=\"elementor-element elementor-element-5570512 elementor-widget elementor-widget-text-editor\" data-id=\"5570512\" data-element_type=\"widget\" data-e-type=\"widget\" data-widget_type=\"text-editor.default\">\n\t\t\t\t<div class=\"elementor-widget-container\">\n\t\t\t\t\t\t\t\t\t\u0122\u0113rbjot seksa lelli, p\u0113c iesp\u0113jas m\u0113\u0123iniet izvair\u012bties no lelles roku pacel\u0161anas p\u0101r\u0101k augstu, lai nerastos silikona pl\u012bsumi vai pl\u012bsumi. L\u016bdzu, stingri iev\u0113rojiet nor\u0101d\u012bjumus par dro\u0161u le\u0146\u0137i fizisko aktivit\u0101\u0161u tv\u0113rum\u0101 tikai attiec\u012bb\u0101 uz darb\u012bb\u0101m. \t\t\t\t\t\t\t\t<\/div>\n\t\t\t\t<\/div>\n\t\t\t\t<div class=\"elementor-element elementor-element-690b0e9 elementor-invisible elementor-widget elementor-widget-heading\" data-id=\"690b0e9\" data-element_type=\"widget\" data-e-type=\"widget\" data-settings=\"{&quot;_animation&quot;:&quot;fadeInUp&quot;}\" data-widget_type=\"heading.default\">\n\t\t\t\t<div class=\"elementor-widget-container\">\n\t\t\t\t\t<h2 class=\"elementor-heading-title elementor-size-default\">Esiet piesardz\u012bgs pret skr\u0101p\u0113jumiem<\/h2>\t\t\t\t<\/div>\n\t\t\t\t<\/div>\n\t\t\t\t<div class=\"elementor-element elementor-element-2665724 elementor-widget elementor-widget-text-editor\" data-id=\"2665724\" data-element_type=\"widget\" data-e-type=\"widget\" data-widget_type=\"text-editor.default\">\n\t\t\t\t<div class=\"elementor-widget-container\">\n\t\t\t\t\t\t\t\t\tEsiet piesardz\u012bgs, lai ne\u013cautu savai m\u012blas lellei valk\u0101t ap\u0123\u0113rbu vai aksesu\u0101rus ar tik as\u0101m mal\u0101m, ka t\u0101s s\u0101k izkrop\u013cot j\u016bsu m\u012blas lelli. Tom\u0113r, ja j\u016bsu izv\u0113l\u0113taj\u0101 ap\u0123\u0113rb\u0101 ir asas pogas un taml\u012bdz\u012bgi, dariet labi, ja \u0123\u0113rb\u0161anas laik\u0101 izturieties pret savu \u012bsto lelli k\u0101 pret mazuli.\t\t\t\t\t\t\t\t<\/div>\n\t\t\t\t<\/div>\n\t\t\t\t<div class=\"elementor-element elementor-element-760f9e7 elementor-invisible elementor-widget elementor-widget-heading\" data-id=\"760f9e7\" data-element_type=\"widget\" data-e-type=\"widget\" data-settings=\"{&quot;_animation&quot;:&quot;fadeInUp&quot;}\" data-widget_type=\"heading.default\">\n\t\t\t\t<div class=\"elementor-widget-container\">\n\t\t\t\t\t<h2 class=\"elementor-heading-title elementor-size-default\">Pirms m\u0113te\u013ca uzvilk\u0161anas no\u0146emiet galvu<\/h2>\t\t\t\t<\/div>\n\t\t\t\t<\/div>\n\t\t\t\t<div class=\"elementor-element elementor-element-32fca7b elementor-widget elementor-widget-text-editor\" data-id=\"32fca7b\" data-element_type=\"widget\" data-e-type=\"widget\" data-widget_type=\"text-editor.default\">\n\t\t\t\t<div class=\"elementor-widget-container\">\n\t\t\t\t\t\t\t\t\tKad \u0123\u0113rbjat savu m\u012blas lelli un paman\u0101t, ka k\u0101da ap\u0123\u0113rba da\u013ca ir p\u0101r\u0101k cie\u0161a vai sag\u0101d\u0101s j\u016bsu dz\u012bv\u012bbai l\u012bdz\u012bgajai lellei zin\u0101mas ne\u0113rt\u012bbas, dariet labi, ja no\u0146emiet galvu savai \u012bstajai lellei. \t\t\t\t\t\t\t\t<\/div>\n\t\t\t\t<\/div>\n\t\t\t\t<section class=\"elementor-section elementor-inner-section elementor-element elementor-element-d0ad383 elementor-section-full_width elementor-section-height-default elementor-section-height-default\" data-id=\"d0ad383\" data-element_type=\"section\" data-e-type=\"section\">\n\t\t\t\t\t\t<div class=\"elementor-container elementor-column-gap-default\">\n\t\t\t\t\t<div class=\"elementor-column elementor-col-50 elementor-inner-column elementor-element elementor-element-0d201b2\" data-id=\"0d201b2\" data-element_type=\"column\" data-e-type=\"column\">\n\t\t\t<div class=\"elementor-widget-wrap elementor-element-populated\">\n\t\t\t\t\t\t<div class=\"elementor-element elementor-element-5e75bf3 elementor-widget elementor-widget-image\" data-id=\"5e75bf3\" data-element_type=\"widget\" data-e-type=\"widget\" data-widget_type=\"image.default\">\n\t\t\t\t<div class=\"elementor-widget-container\">\n\t\t\t\t\t\t\t\t\t\t\t\t\t\t\t<img loading=\"lazy\" decoding=\"async\" width=\"367\" height=\"388\" src=\"https:\/\/renodoll.com\/wp-content\/uploads\/xstore\/xstore-placeholder-600x600.png\" class=\"attachment-woocommerce_single size-woocommerce_single wp-image-14231 lazyload lazyload-simple et-lazyload-fadeIn\" alt=\"\" sizes=\"auto, (max-width: 367px) 100vw, 367px\" data-src=\"https:\/\/renodoll.com\/wp-content\/uploads\/2023\/03\/kb-piercing.jpg\" data-srcset=\"https:\/\/renodoll.com\/wp-content\/uploads\/2023\/03\/kb-piercing.jpg 367w, https:\/\/renodoll.com\/wp-content\/uploads\/2023\/03\/kb-piercing-284x300.jpg 284w, https:\/\/renodoll.com\/wp-content\/uploads\/2023\/03\/kb-piercing-11x12.jpg 11w, https:\/\/renodoll.com\/wp-content\/uploads\/2023\/03\/kb-piercing-95x100.jpg 95w, https:\/\/renodoll.com\/wp-content\/uploads\/2023\/03\/kb-piercing-300x317.jpg 300w, https:\/\/renodoll.com\/wp-content\/uploads\/2023\/03\/kb-piercing-10x10.jpg 10w\" \/>\t\t\t\t\t\t\t\t\t\t\t\t\t\t\t<\/div>\n\t\t\t\t<\/div>\n\t\t\t\t\t<\/div>\n\t\t<\/div>\n\t\t\t\t<div class=\"elementor-column elementor-col-50 elementor-inner-column elementor-element elementor-element-e1caa7e\" data-id=\"e1caa7e\" data-element_type=\"column\" data-e-type=\"column\">\n\t\t\t<div class=\"elementor-widget-wrap elementor-element-populated\">\n\t\t\t\t\t\t<div class=\"elementor-element elementor-element-4260ec5 elementor-invisible elementor-widget elementor-widget-heading\" data-id=\"4260ec5\" data-element_type=\"widget\" data-e-type=\"widget\" data-settings=\"{&quot;_animation&quot;:&quot;fadeInUp&quot;}\" data-widget_type=\"heading.default\">\n\t\t\t\t<div class=\"elementor-widget-container\">\n\t\t\t\t\t<h2 class=\"elementor-heading-title elementor-size-default\">P\u012brsingi (auss un j\u016bras)<\/h2>\t\t\t\t<\/div>\n\t\t\t\t<\/div>\n\t\t\t\t<div class=\"elementor-element elementor-element-1732e22 elementor-widget elementor-widget-text-editor\" data-id=\"1732e22\" data-element_type=\"widget\" data-e-type=\"widget\" data-widget_type=\"text-editor.default\">\n\t\t\t\t<div class=\"elementor-widget-container\">\n\t\t\t\t\t\t\t\t\tVai j\u016bs varat uzd\u0101vin\u0101t savai pieaugu\u0161ajai seksa lellei p\u012brsingu? Pozit\u012bvi. Veicot visu, noteikti \u0146emiet v\u0113r\u0101, ka instrumenti p\u012brsingu veik\u0161anai ir pl\u0101nas dzelzs stieples vai adatas, lai t\u0101s nedaudz iespiestu re\u0101listisk\u0101s lelles silikona \u0101d\u0101. Tom\u0113r caurdur\u0161anas cauruma diametrs nedr\u012bkst b\u016bt liel\u0101ks par 0,5\u00a0mm, un grie\u0161anai nek\u0101d\u0101 gad\u012bjum\u0101 nevajadz\u0113tu izmantot na\u017eus vai citus asus priek\u0161metus. \u0160ie p\u012brsingi ir past\u0101v\u012bgi, lai izvair\u012btos no silikona pl\u012bsumiem vai pl\u012bsumiem.\t\t\t\t\t\t\t\t<\/div>\n\t\t\t\t<\/div>\n\t\t\t\t<div class=\"elementor-element elementor-element-a03cfc1 elementor-widget elementor-widget-text-editor\" data-id=\"a03cfc1\" data-element_type=\"widget\" data-e-type=\"widget\" data-widget_type=\"text-editor.default\">\n\t\t\t\t<div class=\"elementor-widget-container\">\n\t\t\t\t\t\t\t\t\tAtcerieties vienm\u0113r uzkl\u0101t p\u016bderi savai \u012bstajai lellei, pirms \u0123\u0113rbjaties \u0161aur\u0101s biks\u0113s. Silikonam ir liela berze, t\u0101p\u0113c, ja tas ir p\u0101r\u0101k \u0161auri, lai m\u012blas lelli ie\u0123\u0113rbtu biks\u0113s vai ze\u0137\u0113s, r\u012bkojieties \u0161\u0101di. Novelciet bikses un pirms atk\u0101rtotas \u0123\u0113rb\u0161an\u0101s uzkl\u0101jiet vannas pulveri vai talku.\t\t\t\t\t\t\t\t<\/div>\n\t\t\t\t<\/div>\n\t\t\t\t\t<\/div>\n\t\t<\/div>\n\t\t\t\t\t<\/div>\n\t\t<\/section>\n\t\t\t\t<div class=\"elementor-element elementor-element-91005da elementor-invisible elementor-widget elementor-widget-heading\" data-id=\"91005da\" data-element_type=\"widget\" data-e-type=\"widget\" data-settings=\"{&quot;_animation&quot;:&quot;fadeInUp&quot;}\" data-widget_type=\"heading.default\">\n\t\t\t\t<div class=\"elementor-widget-container\">\n\t\t\t\t\t<h2 class=\"elementor-heading-title elementor-size-default\">Ap\u0123\u0113rba piem\u0113rot\u012bba<\/h2>\t\t\t\t<\/div>\n\t\t\t\t<\/div>\n\t\t\t\t<div class=\"elementor-element elementor-element-0e05e3e elementor-widget elementor-widget-text-editor\" data-id=\"0e05e3e\" data-element_type=\"widget\" data-e-type=\"widget\" data-widget_type=\"text-editor.default\">\n\t\t\t\t<div class=\"elementor-widget-container\">\n\t\t\t\t\t\t\t\t\tCentieties p\u0113c iesp\u0113jas izvair\u012bties no seksa lelles \u0123\u0113rb\u0161anas piegu\u013co\u0161\u0101 ap\u0123\u0113rb\u0101 vai ap\u0123\u0113rb\u0101, kas vi\u0146u ilgsto\u0161i saspiestu. Tas var izrais\u012bt silikona pl\u012bsumu vai neslavas cel\u0161anu.\t\t\t\t\t\t\t\t<\/div>\n\t\t\t\t<\/div>\n\t\t\t\t<div class=\"elementor-element elementor-element-8cc3ec1 elementor-widget elementor-widget-text-editor\" data-id=\"8cc3ec1\" data-element_type=\"widget\" data-e-type=\"widget\" data-widget_type=\"text-editor.default\">\n\t\t\t\t<div class=\"elementor-widget-container\">\n\t\t\t\t\t\t\t\t\t Ja kleitas izm\u0113rs, ko v\u0113laties savai seksa lellei, neder, ieg\u0101d\u0101jieties citu. Turkl\u0101t da\u013cai ap\u0123\u0113rbu j\u0101b\u016bt \u012bpa\u0161i izgatavotam lell\u0113m.\t\t\t\t\t\t\t\t<\/div>\n\t\t\t\t<\/div>\n\t\t\t\t<div class=\"elementor-element elementor-element-fb0bc57 elementor-invisible elementor-widget elementor-widget-heading\" data-id=\"fb0bc57\" data-element_type=\"widget\" data-e-type=\"widget\" data-settings=\"{&quot;_animation&quot;:&quot;fadeInUp&quot;}\" data-widget_type=\"heading.default\">\n\t\t\t\t<div class=\"elementor-widget-container\">\n\t\t\t\t\t<h2 class=\"elementor-heading-title elementor-size-default\">Nov\u0113rst kr\u0101so\u0161anos<\/h2>\t\t\t\t<\/div>\n\t\t\t\t<\/div>\n\t\t\t\t<div class=\"elementor-element elementor-element-53229ea elementor-widget elementor-widget-text-editor\" data-id=\"53229ea\" data-element_type=\"widget\" data-e-type=\"widget\" data-widget_type=\"text-editor.default\">\n\t\t\t\t<div class=\"elementor-widget-container\">\n\t\t\t\t\t\t\t\t\tDa\u017ei ap\u0123\u0113rbu veidi ir izgatavoti no kr\u0101sotas m\u0101ksl\u012bg\u0101s \u0101das vai citiem ar e\u013c\u013cu notraip\u012btiem \u0101das materi\u0101liem ar briesm\u012bgu kr\u0101sojumu, kas var iek\u013c\u016bt silikona iek\u0161pus\u0113, kad seksa lelle ilgsto\u0161i ir bijusi saskar\u0113 ar kleitu. Tas var izrais\u012bt izmai\u0146as j\u016bsu seksa lelles \u0101das kr\u0101s\u0101. Visre\u0101l\u0101k ir p\u0113c iesp\u0113jas izvair\u012bties no \u0161\u0101da veida mirdz\u0113\u0161anas vai, ja rodas t\u0101da nepiecie\u0161am\u012bba un t\u0101s ir j\u0101uzvelk, \u013caujiet tai ierobe\u017eotu laiku b\u016bt uz seks\u012bg\u0101s lelles \u0137erme\u0146a.\t\t\t\t\t\t\t\t<\/div>\n\t\t\t\t<\/div>\n\t\t\t\t<div class=\"elementor-element elementor-element-2e3d2b1 elementor-invisible elementor-widget elementor-widget-heading\" data-id=\"2e3d2b1\" data-element_type=\"widget\" data-e-type=\"widget\" data-settings=\"{&quot;_animation&quot;:&quot;fadeInUp&quot;}\" data-widget_type=\"heading.default\">\n\t\t\t\t<div class=\"elementor-widget-container\">\n\t\t\t\t\t<h2 class=\"elementor-heading-title elementor-size-default\">Izmantojiet vannas pulveri, talku vai b\u0113rnu pulveri, lai nov\u0113rstu lip\u012bgumu<\/h2>\t\t\t\t<\/div>\n\t\t\t\t<\/div>\n\t\t\t\t<div class=\"elementor-element elementor-element-0963a4f elementor-widget elementor-widget-text-editor\" data-id=\"0963a4f\" data-element_type=\"widget\" data-e-type=\"widget\" data-widget_type=\"text-editor.default\">\n\t\t\t\t<div class=\"elementor-widget-container\">\n\t\t\t\t\t\t\t\t\tProtams, silikona virsma ir diezgan lip\u012bga. Pirms \u0123\u0113rb\u0161an\u0101s ir j\u0101izmanto vannas pulveris vai talka pulveris. Ja ir pieejama statisk\u0101 elektr\u012bba, var izmantot statisk\u0101s elektr\u012bbas aerosolu. Tom\u0113r esiet piesardz\u012bgs, izsmidzinot, lai neizsmidzin\u0101tu p\u0101r\u0101k daudz.\t\t\t\t\t\t\t\t<\/div>\n\t\t\t\t<\/div>\n\t\t\t\t\t<\/div>\n\t\t<\/div>\n\t\t\t\t\t<\/div>\n\t\t<\/section>\n\t\t\t\t<\/div>","protected":false},"excerpt":{"rendered":"<p>Lietas, kas j\u0101\u0146em v\u0113r\u0101, \u0123\u0113rbjot lelli Ievads Silikona lelles ekstremit\u0101tes var kust\u0113ties, ta\u010du tas ir ar da\u017eiem ierobe\u017eojumiem. \u0122\u0113rbjot seksa lelli atbilsto\u0161i savai gaumei, jums ir j\u0101aizsarg\u0101 ar\u012b silikona \u0101da. Dariet labi, ja \u0146emiet v\u0113r\u0101 t\u0101l\u0101k nor\u0101d\u012btos punktus. Ne\u013caujiet ekstremit\u0101t\u0113m p\u0101r\u0101k stipri saliekties Ap\u0123\u0113rbjot seksa lelli, p\u0113c iesp\u0113jas m\u0113\u0123iniet izvair\u012bties no lelles roku pacel\u0161anas p\u0101r\u0101k augstu, lai nerastos silikona pl\u012bsumi vai pl\u012bsumi. L\u016bdzu, piev\u0113rsiet \u012bpa\u0161u uzman\u012bbu dro\u0161\u0101 le\u0146\u0137a nor\u0101d\u012bjumiem fizisko aktivit\u0101\u0161u tv\u0113rum\u0101<\/p>","protected":false},"author":1,"featured_media":0,"parent":0,"menu_order":0,"comment_status":"closed","ping_status":"closed","template":"","meta":{"footnotes":""},"class_list":["post-5330","page","type-page","status-publish","hentry"],"aioseo_notices":[],"_links":{"self":[{"href":"https:\/\/renodoll.com\/lv\/wp-json\/wp\/v2\/pages\/5330","targetHints":{"allow":["GET"]}}],"collection":[{"href":"https:\/\/renodoll.com\/lv\/wp-json\/wp\/v2\/pages"}],"about":[{"href":"https:\/\/renodoll.com\/lv\/wp-json\/wp\/v2\/types\/page"}],"author":[{"embeddable":true,"href":"https:\/\/renodoll.com\/lv\/wp-json\/wp\/v2\/users\/1"}],"replies":[{"embeddable":true,"href":"https:\/\/renodoll.com\/lv\/wp-json\/wp\/v2\/comments?post=5330"}],"version-history":[{"count":53,"href":"https:\/\/renodoll.com\/lv\/wp-json\/wp\/v2\/pages\/5330\/revisions"}],"predecessor-version":[{"id":16005,"href":"https:\/\/renodoll.com\/lv\/wp-json\/wp\/v2\/pages\/5330\/revisions\/16005"}],"wp:attachment":[{"href":"https:\/\/renodoll.com\/lv\/wp-json\/wp\/v2\/media?parent=5330"}],"curies":[{"name":"wp","href":"https:\/\/api.w.org\/{rel}","templated":true}]}}