{"id":5221,"date":"2023-02-20T19:46:32","date_gmt":"2023-02-20T11:46:32","guid":{"rendered":"https:\/\/renodoll.com\/?page_id=5221"},"modified":"2023-03-31T15:17:09","modified_gmt":"2023-03-31T07:17:09","slug":"sex-doll-video","status":"publish","type":"page","link":"https:\/\/renodoll.com\/lv\/sekss-lelle-video\/","title":{"rendered":"Seksa lelles video"},"content":{"rendered":"<div data-elementor-type=\"wp-page\" data-elementor-id=\"5221\" class=\"elementor elementor-5221\">\n\t\t\t\t\t\t\t\t\t<section class=\"elementor-section elementor-top-section elementor-element elementor-element-2aace59 elementor-section-boxed elementor-section-height-default elementor-section-height-default\" data-id=\"2aace59\" data-element_type=\"section\">\n\t\t\t\t\t\t<div class=\"elementor-container elementor-column-gap-no\">\n\t\t\t\t\t<div class=\"elementor-column elementor-col-100 elementor-top-column elementor-element elementor-element-0017d57\" data-id=\"0017d57\" data-element_type=\"column\">\n\t\t\t<div class=\"elementor-widget-wrap elementor-element-populated\">\n\t\t\t\t\t\t\t\t<div class=\"elementor-element elementor-element-0608af7 elementor-widget elementor-widget-spacer\" data-id=\"0608af7\" data-element_type=\"widget\" data-widget_type=\"spacer.default\">\n\t\t\t\t<div class=\"elementor-widget-container\">\n\t\t\t<style>\/*! elementor - v3.10.2 - 29-01-2023 *\/\n.elementor-column .elementor-spacer-inner{height:var(--spacer-size)}.e-con{--container-widget-width:100%}.e-con-inner>.elementor-widget-spacer,.e-con>.elementor-widget-spacer{width:var(--container-widget-width,var(--spacer-size));--align-self:var(--container-widget-align-self,initial);--flex-shrink:0}.e-con-inner>.elementor-widget-spacer>.elementor-widget-container,.e-con-inner>.elementor-widget-spacer>.elementor-widget-container>.elementor-spacer,.e-con>.elementor-widget-spacer>.elementor-widget-container,.e-con>.elementor-widget-spacer>.elementor-widget-container>.elementor-spacer{height:100%}.e-con-inner>.elementor-widget-spacer>.elementor-widget-container>.elementor-spacer>.elementor-spacer-inner,.e-con>.elementor-widget-spacer>.elementor-widget-container>.elementor-spacer>.elementor-spacer-inner{height:var(--container-widget-height,var(--spacer-size))}<\/style>\t\t<div class=\"elementor-spacer\">\n\t\t\t<div class=\"elementor-spacer-inner\"><\/div>\n\t\t<\/div>\n\t\t\t\t<\/div>\n\t\t\t\t<\/div>\n\t\t\t\t<div class=\"elementor-element elementor-element-5997a9f elementor-invisible elementor-widget elementor-widget-heading\" data-id=\"5997a9f\" data-element_type=\"widget\" data-settings=\"{&quot;_animation&quot;:&quot;fadeInUp&quot;}\" data-widget_type=\"heading.default\">\n\t\t\t\t<div class=\"elementor-widget-container\">\n\t\t\t<style>\/*! elementor - v3.10.2 - 29-01-2023 *\/\n.elementor-heading-title{padding:0;margin:0;line-height:1}.elementor-widget-heading .elementor-heading-title[class*=elementor-size-]>a{color:inherit;font-size:inherit;line-height:inherit}.elementor-widget-heading .elementor-heading-title.elementor-size-small{font-size:15px}.elementor-widget-heading .elementor-heading-title.elementor-size-medium{font-size:19px}.elementor-widget-heading .elementor-heading-title.elementor-size-large{font-size:29px}.elementor-widget-heading .elementor-heading-title.elementor-size-xl{font-size:39px}.elementor-widget-heading .elementor-heading-title.elementor-size-xxl{font-size:59px}<\/style><h2 class=\"elementor-heading-title elementor-size-default\">Seksa le\u013c\u013cu video<\/h2>\t\t<\/div>\n\t\t\t\t<\/div>\n\t\t\t\t<div class=\"elementor-element elementor-element-3feda34 elementor-widget elementor-widget-text-editor\" data-id=\"3feda34\" data-element_type=\"widget\" data-widget_type=\"text-editor.default\">\n\t\t\t\t<div class=\"elementor-widget-container\">\n\t\t\t<style>\/*! elementor - v3.10.2 - 29-01-2023 *\/\n.elementor-widget-text-editor.elementor-drop-cap-view-stacked .elementor-drop-cap{background-color:#818a91;color:#fff}.elementor-widget-text-editor.elementor-drop-cap-view-framed .elementor-drop-cap{color:#818a91;border:3px solid;background-color:transparent}.elementor-widget-text-editor:not(.elementor-drop-cap-view-default) .elementor-drop-cap{margin-top:8px}.elementor-widget-text-editor:not(.elementor-drop-cap-view-default) .elementor-drop-cap-letter{width:1em;height:1em}.elementor-widget-text-editor .elementor-drop-cap{float:left;text-align:center;line-height:1;font-size:50px}.elementor-widget-text-editor .elementor-drop-cap-letter{display:inline-block}<\/style>\t\t\t\t<p>Pirms pirkuma veik\u0161anas, iesp\u0113jams, v\u0113l\u0113sities noskat\u012bties videoklipus ar \u0161\u012bm m\u012blas lell\u0113m, jo m\u016bsu att\u0113li izraisa sl\u0101pes. M\u0113s vienm\u0113r esam dom\u0101ju\u0161i par jums, t\u0101p\u0113c Renodoll ir par\u0101d\u012bjis da\u017eas \u012bstas le\u013c\u013cu filmas. No \u0100zijas jap\u0101\u0146u l\u012bdz melnkoka lell\u0113m, gan v\u012brie\u0161u, gan sievie\u0161u re\u0101listisk\u0101m lell\u0113m.<\/p>\t\t\t\t\t\t<\/div>\n\t\t\t\t<\/div>\n\t\t\t\t<div class=\"elementor-element elementor-element-30cad5c elementor-widget elementor-widget-text-editor\" data-id=\"30cad5c\" data-element_type=\"widget\" data-widget_type=\"text-editor.default\">\n\t\t\t\t<div class=\"elementor-widget-container\">\n\t\t\t\t\t\t\t<p>\u0160ie videoklipi pabaro j\u016bsu acis ar RenoDolls kvalit\u0101ti un standartiem. Varb\u016bt tas, ko v\u0113laties, nav redzams. Nos\u016btiet zi\u0146ojumu ar pas\u016bt\u012bjumu un specifik\u0101cij\u0101m un sa\u0146emiet to gandr\u012bz nekav\u0113joties.<\/p>\t\t\t\t\t\t<\/div>\n\t\t\t\t<\/div>\n\t\t\t\t<div class=\"elementor-element elementor-element-f910b75 elementor-widget elementor-widget-text-editor\" data-id=\"f910b75\" data-element_type=\"widget\" data-widget_type=\"text-editor.default\">\n\t\t\t\t<div class=\"elementor-widget-container\">\n\t\t\t\t\t\t\tJ\u016bs esat klik\u0161\u0137a att\u0101lum\u0101, lai redz\u0113tu \u0161\u012bs m\u012blas lelles. Dodieties uz m\u016bsu m\u012blas le\u013c\u013cu galeriju, lai pabarotu acis.\t\t\t\t\t\t<\/div>\n\t\t\t\t<\/div>\n\t\t\t\t<div class=\"elementor-element elementor-element-8a0d734 elementor-widget elementor-widget-text-editor\" data-id=\"8a0d734\" data-element_type=\"widget\" data-widget_type=\"text-editor.default\">\n\t\t\t\t<div class=\"elementor-widget-container\">\n\t\t\t\t\t\t\tVai dom\u0101jat, k\u0101da b\u016btu seksa saj\u016bta ar \u0161\u012bm dabiska izm\u0113ra seksa lell\u0113m? Vairs nenoslogojiet smadzenes. Skatieties seksa le\u013c\u013cu pornogr\u0101fiju. Tur j\u016bs gaida vesela pasaule. Seksa le\u013c\u013cu pornozvaigznes jau k\u0101du laiku ir pieejamas ar da\u017e\u0101d\u0101m re\u0101l\u0101s dz\u012bves seksa lelles \u0161\u0137irn\u0113m, neatkar\u012bgi no t\u0101, vai t\u0101s ir \u0100zijas re\u0101listiskas lelles, v\u012brie\u0161u vai sievie\u0161u m\u012blas lelles, TPE vai silikona seksa lelles. Liel\u0101k\u0101 da\u013ca no \u0161\u012bm lell\u0113m tagad ir pieejamas borde\u013cos. \t\t\t\t\t\t<\/div>\n\t\t\t\t<\/div>\n\t\t\t\t<div class=\"elementor-element elementor-element-e07d640 elementor-widget elementor-widget-text-editor\" data-id=\"e07d640\" data-element_type=\"widget\" data-widget_type=\"text-editor.default\">\n\t\t\t\t<div class=\"elementor-widget-container\">\n\t\t\t\t\t\t\tM\u0113r\u0137is ir pan\u0101kt, lai m\u012blas lelles visos iesp\u0113jamos veidos atg\u0101din\u0101tu v\u012brie\u0161u vai sievie\u0161u dzimuma \u0137erme\u0146a uzb\u016bvi. J\u016bsu m\u012b\u013c\u0101k\u0101 lelle pornozvaigzne gaida j\u016bs lelles seksa pornografij\u0101. Ej un atrodi\t\t\t\t\t\t<\/div>\n\t\t\t\t<\/div>\n\t\t\t\t<div class=\"elementor-element elementor-element-6ddc415 elementor-widget elementor-widget-text-editor\" data-id=\"6ddc415\" data-element_type=\"widget\" data-widget_type=\"text-editor.default\">\n\t\t\t\t<div class=\"elementor-widget-container\">\n\t\t\t\t\t\t\tDabisk\u0101 izm\u0113ra seksa lelles galvenais m\u0113r\u0137is ir masturb\u0101cija, ta\u010du da\u017ei cilv\u0113ki dod priek\u0161roku \u0161o le\u013c\u013cu kl\u0101tb\u016btnei sava prieka p\u0113c.\t\t\t\t\t\t<\/div>\n\t\t\t\t<\/div>\n\t\t\t\t<section class=\"elementor-section elementor-inner-section elementor-element elementor-element-494ee89 elementor-section-boxed elementor-section-height-default elementor-section-height-default\" data-id=\"494ee89\" data-element_type=\"section\">\n\t\t\t\t\t\t<div class=\"elementor-container elementor-column-gap-default\">\n\t\t\t\t\t<div class=\"elementor-column elementor-col-50 elementor-inner-column elementor-element elementor-element-96be3b3\" data-id=\"96be3b3\" data-element_type=\"column\">\n\t\t\t<div class=\"elementor-widget-wrap elementor-element-populated\">\n\t\t\t\t\t\t\t\t<div class=\"elementor-element elementor-element-76c9b41 elementor-aspect-ratio-169 elementor-widget elementor-widget-video\" data-id=\"76c9b41\" data-element_type=\"widget\" data-settings=\"{&quot;video_type&quot;:&quot;hosted&quot;,&quot;autoplay&quot;:&quot;yes&quot;,&quot;loop&quot;:&quot;yes&quot;,&quot;play_on_mobile&quot;:&quot;yes&quot;,&quot;controls&quot;:&quot;yes&quot;,&quot;aspect_ratio&quot;:&quot;169&quot;}\" data-widget_type=\"video.default\">\n\t\t\t\t<div class=\"elementor-widget-container\">\n\t\t\t<style>\/*! elementor - v3.10.2 - 29-01-2023 *\/\n.elementor-widget-video .elementor-widget-container{overflow:hidden;transform:translateZ(0)}.elementor-widget-video .elementor-open-inline .elementor-custom-embed-image-overlay{position:absolute;top:0;left:0;width:100%;height:100%;background-size:cover;background-position:50%}.elementor-widget-video .elementor-custom-embed-image-overlay{cursor:pointer;text-align:center}.elementor-widget-video .elementor-custom-embed-image-overlay:hover .elementor-custom-embed-play i{opacity:1}.elementor-widget-video .elementor-custom-embed-image-overlay img{display:block;width:100%}.elementor-widget-video .e-hosted-video .elementor-video{-o-object-fit:cover;object-fit:cover}.e-con-inner>.elementor-widget-video,.e-con>.elementor-widget-video{width:var(--container-widget-width);--flex-grow:var(--container-widget-flex-grow)}<\/style>\t\t<div class=\"e-hosted-video elementor-wrapper elementor-fit-aspect-ratio elementor-open-inline\">\n\t\t\t\t\t<video class=\"elementor-video\" src=\"http:\/\/renodoll.com\/wp-content\/uploads\/2023\/03\/kb-electric-doll.mp4\" autoplay=\"\" loop=\"\" controls=\"\" playsinline=\"\" controlslist=\"nodownload\"><\/video>\n\t\t\t\t<\/div>\n\t\t\t\t<\/div>\n\t\t\t\t<\/div>\n\t\t\t\t\t<\/div>\n\t\t<\/div>\n\t\t\t\t<div class=\"elementor-column elementor-col-50 elementor-inner-column elementor-element elementor-element-21a0a51\" data-id=\"21a0a51\" data-element_type=\"column\">\n\t\t\t<div class=\"elementor-widget-wrap elementor-element-populated\">\n\t\t\t\t\t\t\t\t<div class=\"elementor-element elementor-element-c5f14ef elementor-aspect-ratio-169 elementor-widget elementor-widget-video\" data-id=\"c5f14ef\" data-element_type=\"widget\" data-settings=\"{&quot;video_type&quot;:&quot;hosted&quot;,&quot;autoplay&quot;:&quot;yes&quot;,&quot;play_on_mobile&quot;:&quot;yes&quot;,&quot;loop&quot;:&quot;yes&quot;,&quot;controls&quot;:&quot;yes&quot;,&quot;aspect_ratio&quot;:&quot;169&quot;}\" data-widget_type=\"video.default\">\n\t\t\t\t<div class=\"elementor-widget-container\">\n\t\t\t\t\t<div class=\"e-hosted-video elementor-wrapper elementor-fit-aspect-ratio elementor-open-inline\">\n\t\t\t\t\t<video class=\"elementor-video\" src=\"http:\/\/renodoll.com\/wp-content\/uploads\/2023\/03\/auto-oral.mp4\" autoplay=\"\" loop=\"\" controls=\"\" playsinline=\"\" controlslist=\"nodownload\"><\/video>\n\t\t\t\t<\/div>\n\t\t\t\t<\/div>\n\t\t\t\t<\/div>\n\t\t\t\t\t<\/div>\n\t\t<\/div>\n\t\t\t\t\t\t\t<\/div>\n\t\t<\/section>\n\t\t\t\t<section class=\"elementor-section elementor-inner-section elementor-element elementor-element-76cfe83 elementor-section-boxed elementor-section-height-default elementor-section-height-default\" data-id=\"76cfe83\" data-element_type=\"section\">\n\t\t\t\t\t\t<div class=\"elementor-container elementor-column-gap-default\">\n\t\t\t\t\t<div class=\"elementor-column elementor-col-50 elementor-inner-column elementor-element elementor-element-2a0f47b\" data-id=\"2a0f47b\" data-element_type=\"column\">\n\t\t\t<div class=\"elementor-widget-wrap elementor-element-populated\">\n\t\t\t\t\t\t\t\t<div class=\"elementor-element elementor-element-1716f89 elementor-aspect-ratio-169 elementor-widget elementor-widget-video\" data-id=\"1716f89\" data-element_type=\"widget\" data-settings=\"{&quot;video_type&quot;:&quot;hosted&quot;,&quot;autoplay&quot;:&quot;yes&quot;,&quot;loop&quot;:&quot;yes&quot;,&quot;play_on_mobile&quot;:&quot;yes&quot;,&quot;controls&quot;:&quot;yes&quot;,&quot;aspect_ratio&quot;:&quot;169&quot;}\" data-widget_type=\"video.default\">\n\t\t\t\t<div class=\"elementor-widget-container\">\n\t\t\t\t\t<div class=\"e-hosted-video elementor-wrapper elementor-fit-aspect-ratio elementor-open-inline\">\n\t\t\t\t\t<video class=\"elementor-video\" src=\"http:\/\/renodoll.com\/wp-content\/uploads\/2023\/03\/DisgustingShowyrenodoll.mp4\" autoplay=\"\" loop=\"\" controls=\"\" playsinline=\"\" controlslist=\"nodownload\"><\/video>\n\t\t\t\t<\/div>\n\t\t\t\t<\/div>\n\t\t\t\t<\/div>\n\t\t\t\t\t<\/div>\n\t\t<\/div>\n\t\t\t\t<div class=\"elementor-column elementor-col-50 elementor-inner-column elementor-element elementor-element-7eb9468\" data-id=\"7eb9468\" data-element_type=\"column\">\n\t\t\t<div class=\"elementor-widget-wrap elementor-element-populated\">\n\t\t\t\t\t\t\t\t<div class=\"elementor-element elementor-element-57558a7 elementor-aspect-ratio-169 elementor-widget elementor-widget-video\" data-id=\"57558a7\" data-element_type=\"widget\" data-settings=\"{&quot;video_type&quot;:&quot;hosted&quot;,&quot;autoplay&quot;:&quot;yes&quot;,&quot;play_on_mobile&quot;:&quot;yes&quot;,&quot;loop&quot;:&quot;yes&quot;,&quot;controls&quot;:&quot;yes&quot;,&quot;aspect_ratio&quot;:&quot;169&quot;}\" data-widget_type=\"video.default\">\n\t\t\t\t<div class=\"elementor-widget-container\">\n\t\t\t\t\t<div class=\"e-hosted-video elementor-wrapper elementor-fit-aspect-ratio elementor-open-inline\">\n\t\t\t\t\t<video class=\"elementor-video\" src=\"http:\/\/renodoll.com\/wp-content\/uploads\/2023\/03\/ros.mp4\" autoplay=\"\" loop=\"\" controls=\"\" playsinline=\"\" controlslist=\"nodownload\"><\/video>\n\t\t\t\t<\/div>\n\t\t\t\t<\/div>\n\t\t\t\t<\/div>\n\t\t\t\t\t<\/div>\n\t\t<\/div>\n\t\t\t\t\t\t\t<\/div>\n\t\t<\/section>\n\t\t\t\t\t<\/div>\n\t\t<\/div>\n\t\t\t\t\t\t\t<\/div>\n\t\t<\/section>\n\t\t\t\t\t\t\t<\/div>","protected":false},"excerpt":{"rendered":"<p>Seksa le\u013c\u013cu videoklipi Pirms pirkuma veik\u0161anas, iesp\u0113jams, v\u0113l\u0113sities noskat\u012bties \u0161o m\u012blas le\u013c\u013cu videoklipus, jo m\u016bsu att\u0113li izraisa sl\u0101pes. M\u0113s vienm\u0113r esam dom\u0101ju\u0161i par jums, t\u0101p\u0113c Renodoll ir par\u0101d\u012bjis da\u017eas \u012bstas le\u013c\u013cu filmas. No \u0100zijas jap\u0101\u0146u l\u012bdz melnkoka lell\u0113m, gan v\u012brie\u0161u, gan sievie\u0161u re\u0101listisk\u0101m lell\u0113m. \u0160ie videoklipi pabaro j\u016bsu acis ar RenoDolls kvalit\u0101ti un standartiem. Varb\u016bt tas, ko v\u0113laties, nav redzams. Nos\u016btiet zi\u0146ojumu ar pas\u016bt\u012bjumu un specifik\u0101cij\u0101m un sa\u0146emiet to gandr\u012bz nekav\u0113joties. J\u016bs esat klik\u0161\u0137a att\u0101lum\u0101, lai redz\u0113tu \u0161o m\u012blest\u012bbu<\/p>","protected":false},"author":1,"featured_media":0,"parent":0,"menu_order":0,"comment_status":"closed","ping_status":"closed","template":"","meta":{"footnotes":""},"class_list":["post-5221","page","type-page","status-publish","hentry"],"aioseo_notices":[],"_links":{"self":[{"href":"https:\/\/renodoll.com\/lv\/wp-json\/wp\/v2\/pages\/5221","targetHints":{"allow":["GET"]}}],"collection":[{"href":"https:\/\/renodoll.com\/lv\/wp-json\/wp\/v2\/pages"}],"about":[{"href":"https:\/\/renodoll.com\/lv\/wp-json\/wp\/v2\/types\/page"}],"author":[{"embeddable":true,"href":"https:\/\/renodoll.com\/lv\/wp-json\/wp\/v2\/users\/1"}],"replies":[{"embeddable":true,"href":"https:\/\/renodoll.com\/lv\/wp-json\/wp\/v2\/comments?post=5221"}],"version-history":[{"count":23,"href":"https:\/\/renodoll.com\/lv\/wp-json\/wp\/v2\/pages\/5221\/revisions"}],"predecessor-version":[{"id":14656,"href":"https:\/\/renodoll.com\/lv\/wp-json\/wp\/v2\/pages\/5221\/revisions\/14656"}],"wp:attachment":[{"href":"https:\/\/renodoll.com\/lv\/wp-json\/wp\/v2\/media?parent=5221"}],"curies":[{"name":"wp","href":"https:\/\/api.w.org\/{rel}","templated":true}]}}