{"id":5157,"date":"2023-02-20T14:08:08","date_gmt":"2023-02-20T06:08:08","guid":{"rendered":"https:\/\/renodoll.com\/?page_id=5157"},"modified":"2023-03-31T14:23:28","modified_gmt":"2023-03-31T06:23:28","slug":"disclaimer","status":"publish","type":"page","link":"https:\/\/renodoll.com\/lv\/atruna\/","title":{"rendered":"Atruna"},"content":{"rendered":"<div data-elementor-type=\"wp-page\" data-elementor-id=\"5157\" class=\"elementor elementor-5157\">\n\t\t\t\t\t\t\t\t\t<section class=\"elementor-section elementor-top-section elementor-element elementor-element-2aace59 elementor-section-boxed elementor-section-height-default elementor-section-height-default\" data-id=\"2aace59\" data-element_type=\"section\">\n\t\t\t\t\t\t<div class=\"elementor-container elementor-column-gap-no\">\n\t\t\t\t\t<div class=\"elementor-column elementor-col-100 elementor-top-column elementor-element elementor-element-0017d57\" data-id=\"0017d57\" data-element_type=\"column\">\n\t\t\t<div class=\"elementor-widget-wrap elementor-element-populated\">\n\t\t\t\t\t\t\t\t<div class=\"elementor-element elementor-element-8a2ff4e elementor-widget elementor-widget-spacer\" data-id=\"8a2ff4e\" data-element_type=\"widget\" data-widget_type=\"spacer.default\">\n\t\t\t\t<div class=\"elementor-widget-container\">\n\t\t\t<style>\/*! elementor - v3.10.2 - 29-01-2023 *\/\n.elementor-column .elementor-spacer-inner{height:var(--spacer-size)}.e-con{--container-widget-width:100%}.e-con-inner>.elementor-widget-spacer,.e-con>.elementor-widget-spacer{width:var(--container-widget-width,var(--spacer-size));--align-self:var(--container-widget-align-self,initial);--flex-shrink:0}.e-con-inner>.elementor-widget-spacer>.elementor-widget-container,.e-con-inner>.elementor-widget-spacer>.elementor-widget-container>.elementor-spacer,.e-con>.elementor-widget-spacer>.elementor-widget-container,.e-con>.elementor-widget-spacer>.elementor-widget-container>.elementor-spacer{height:100%}.e-con-inner>.elementor-widget-spacer>.elementor-widget-container>.elementor-spacer>.elementor-spacer-inner,.e-con>.elementor-widget-spacer>.elementor-widget-container>.elementor-spacer>.elementor-spacer-inner{height:var(--container-widget-height,var(--spacer-size))}<\/style>\t\t<div class=\"elementor-spacer\">\n\t\t\t<div class=\"elementor-spacer-inner\"><\/div>\n\t\t<\/div>\n\t\t\t\t<\/div>\n\t\t\t\t<\/div>\n\t\t\t\t<section class=\"elementor-section elementor-inner-section elementor-element elementor-element-16bb0ad elementor-section-boxed elementor-section-height-default elementor-section-height-default\" data-id=\"16bb0ad\" data-element_type=\"section\">\n\t\t\t\t\t\t<div class=\"elementor-container elementor-column-gap-default\">\n\t\t\t\t\t<div class=\"elementor-column elementor-col-50 elementor-inner-column elementor-element elementor-element-3d41176\" data-id=\"3d41176\" data-element_type=\"column\">\n\t\t\t<div class=\"elementor-widget-wrap elementor-element-populated\">\n\t\t\t\t\t\t\t\t<div class=\"elementor-element elementor-element-5997a9f elementor-invisible elementor-widget elementor-widget-heading\" data-id=\"5997a9f\" data-element_type=\"widget\" data-settings=\"{&quot;_animation&quot;:&quot;fadeInUp&quot;}\" data-widget_type=\"heading.default\">\n\t\t\t\t<div class=\"elementor-widget-container\">\n\t\t\t<style>\/*! elementor - v3.10.2 - 29-01-2023 *\/\n.elementor-heading-title{padding:0;margin:0;line-height:1}.elementor-widget-heading .elementor-heading-title[class*=elementor-size-]>a{color:inherit;font-size:inherit;line-height:inherit}.elementor-widget-heading .elementor-heading-title.elementor-size-small{font-size:15px}.elementor-widget-heading .elementor-heading-title.elementor-size-medium{font-size:19px}.elementor-widget-heading .elementor-heading-title.elementor-size-large{font-size:29px}.elementor-widget-heading .elementor-heading-title.elementor-size-xl{font-size:39px}.elementor-widget-heading .elementor-heading-title.elementor-size-xxl{font-size:59px}<\/style><h2 class=\"elementor-heading-title elementor-size-default\">Br\u012bdin\u0101jums<\/h2>\t\t<\/div>\n\t\t\t\t<\/div>\n\t\t\t\t<div class=\"elementor-element elementor-element-3feda34 elementor-widget elementor-widget-text-editor\" data-id=\"3feda34\" data-element_type=\"widget\" data-widget_type=\"text-editor.default\">\n\t\t\t\t<div class=\"elementor-widget-container\">\n\t\t\t<style>\/*! elementor - v3.10.2 - 29-01-2023 *\/\n.elementor-widget-text-editor.elementor-drop-cap-view-stacked .elementor-drop-cap{background-color:#818a91;color:#fff}.elementor-widget-text-editor.elementor-drop-cap-view-framed .elementor-drop-cap{color:#818a91;border:3px solid;background-color:transparent}.elementor-widget-text-editor:not(.elementor-drop-cap-view-default) .elementor-drop-cap{margin-top:8px}.elementor-widget-text-editor:not(.elementor-drop-cap-view-default) .elementor-drop-cap-letter{width:1em;height:1em}.elementor-widget-text-editor .elementor-drop-cap{float:left;text-align:center;line-height:1;font-size:50px}.elementor-widget-text-editor .elementor-drop-cap-letter{display:inline-block}<\/style>\t\t\t\t\u0160aj\u0101 vietn\u0113 ietvertie materi\u0101li galvenok\u0101rt ir paredz\u0113ti seksu\u0101lai uzbudin\u0101\u0161anai un apmierin\u0101\u0161anai, un tie ir paredz\u0113ti tikai person\u0101m no 18\u00a0gadu vecuma. Pirms pieteik\u0161an\u0101s m\u016bsu vietn\u0113, jums j\u0101piekr\u012bt \u0161\u0101diem noteikumiem:\t\t\t\t\t\t<\/div>\n\t\t\t\t<\/div>\n\t\t\t\t<div class=\"elementor-element elementor-element-1a4cbf5 elementor-widget elementor-widget-spacer\" data-id=\"1a4cbf5\" data-element_type=\"widget\" data-widget_type=\"spacer.default\">\n\t\t\t\t<div class=\"elementor-widget-container\">\n\t\t\t\t\t<div class=\"elementor-spacer\">\n\t\t\t<div class=\"elementor-spacer-inner\"><\/div>\n\t\t<\/div>\n\t\t\t\t<\/div>\n\t\t\t\t<\/div>\n\t\t\t\t<div class=\"elementor-element elementor-element-57d9795 elementor-invisible elementor-widget elementor-widget-heading\" data-id=\"57d9795\" data-element_type=\"widget\" data-settings=\"{&quot;_animation&quot;:&quot;fadeInUp&quot;}\" data-widget_type=\"heading.default\">\n\t\t\t\t<div class=\"elementor-widget-container\">\n\t\t\t<h2 class=\"elementor-heading-title elementor-size-default\">Pieaugu\u0161ie no 18 gadu vecuma un vec\u0101ki <\/h2>\t\t<\/div>\n\t\t\t\t<\/div>\n\t\t\t\t<div class=\"elementor-element elementor-element-4079b24 elementor-widget elementor-widget-text-editor\" data-id=\"4079b24\" data-element_type=\"widget\" data-widget_type=\"text-editor.default\">\n\t\t\t\t<div class=\"elementor-widget-container\">\n\t\t\t\t\t\t\t<p>renodoll.com nevar un nekad neaizliedz nepilngad\u012bgajiem apmekl\u0113t vietni. Vien\u012bgi vec\u0101ki un aizbild\u0146i ir atbild\u012bgi par b\u0113rnu un pusaud\u017eu darb\u012bbu uzraudz\u012bbu, izmantojot atbilsto\u0161us materi\u0101lus, kas ir pieejami vi\u0146u skat\u012b\u0161anai. RenoDoll pie\u0146ems tikai t\u0101dus pirkumus, ko veiku\u0161i pieaugu\u0161ie, kas ir sasniegu\u0161i 18\u00a0gadu vecumu.<\/p>\t\t\t\t\t\t<\/div>\n\t\t\t\t<\/div>\n\t\t\t\t\t<\/div>\n\t\t<\/div>\n\t\t\t\t<div class=\"elementor-column elementor-col-50 elementor-inner-column elementor-element elementor-element-df8a856\" data-id=\"df8a856\" data-element_type=\"column\">\n\t\t\t<div class=\"elementor-widget-wrap elementor-element-populated\">\n\t\t\t\t\t\t\t\t<div class=\"elementor-element elementor-element-5e5ebd7 elementor-widget elementor-widget-image\" data-id=\"5e5ebd7\" data-element_type=\"widget\" data-widget_type=\"image.default\">\n\t\t\t\t<div class=\"elementor-widget-container\">\n\t\t\t<style>\/*! elementor - v3.10.2 - 29-01-2023 *\/\n.elementor-widget-image{text-align:center}.elementor-widget-image a{display:inline-block}.elementor-widget-image a img[src$=\".svg\"]{width:48px}.elementor-widget-image img{vertical-align:middle;display:inline-block}<\/style>\t\t\t\t\t\t\t\t\t\t\t\t<img loading=\"lazy\" decoding=\"async\" width=\"626\" height=\"391\" src=\"https:\/\/renodoll.com\/wp-content\/uploads\/2023\/03\/renodoll_adults-only-18-plus.jpg\" class=\"attachment-large size-large wp-image-14375\" alt=\"\" srcset=\"https:\/\/renodoll.com\/wp-content\/uploads\/2023\/03\/renodoll_adults-only-18-plus.jpg 626w, https:\/\/renodoll.com\/wp-content\/uploads\/2023\/03\/renodoll_adults-only-18-plus-300x187.jpg 300w, https:\/\/renodoll.com\/wp-content\/uploads\/2023\/03\/renodoll_adults-only-18-plus-18x12.jpg 18w, https:\/\/renodoll.com\/wp-content\/uploads\/2023\/03\/renodoll_adults-only-18-plus-100x62.jpg 100w, https:\/\/renodoll.com\/wp-content\/uploads\/2023\/03\/renodoll_adults-only-18-plus-600x375.jpg 600w, https:\/\/renodoll.com\/wp-content\/uploads\/2023\/03\/renodoll_adults-only-18-plus-10x6.jpg 10w\" sizes=\"auto, (max-width: 626px) 100vw, 626px\" \/>\t\t\t\t\t\t\t\t\t\t\t\t\t\t\t<\/div>\n\t\t\t\t<\/div>\n\t\t\t\t\t<\/div>\n\t\t<\/div>\n\t\t\t\t\t\t\t<\/div>\n\t\t<\/section>\n\t\t\t\t<div class=\"elementor-element elementor-element-d37e8f7 elementor-widget elementor-widget-spacer\" data-id=\"d37e8f7\" data-element_type=\"widget\" data-widget_type=\"spacer.default\">\n\t\t\t\t<div class=\"elementor-widget-container\">\n\t\t\t\t\t<div class=\"elementor-spacer\">\n\t\t\t<div class=\"elementor-spacer-inner\"><\/div>\n\t\t<\/div>\n\t\t\t\t<\/div>\n\t\t\t\t<\/div>\n\t\t\t\t<div class=\"elementor-element elementor-element-fd092ed elementor-invisible elementor-widget elementor-widget-heading\" data-id=\"fd092ed\" data-element_type=\"widget\" data-settings=\"{&quot;_animation&quot;:&quot;fadeInUp&quot;}\" data-widget_type=\"heading.default\">\n\t\t\t\t<div class=\"elementor-widget-container\">\n\t\t\t<h2 class=\"elementor-heading-title elementor-size-default\">Autorties\u012bbas<\/h2>\t\t<\/div>\n\t\t\t\t<\/div>\n\t\t\t\t<div class=\"elementor-element elementor-element-4a2734b elementor-widget elementor-widget-text-editor\" data-id=\"4a2734b\" data-element_type=\"widget\" data-widget_type=\"text-editor.default\">\n\t\t\t\t<div class=\"elementor-widget-container\">\n\t\t\t\t\t\t\t<p>Ja tas nav kontrindic\u0113ts, visi pieejamie resursi, gan att\u0113lu dizaini, vietnes, ieraksti, konfigur\u0101cijas un citas izlases, pieder renodoll.com \u012bpa\u0161umties\u012bb\u0101m; t\u0101d\u0113j\u0101di \u0161\u012bs t\u012bmek\u013ca vietnes saturs tiek izmantots tikai uz\u0146\u0113m\u0113jdarb\u012bbas nol\u016bkos, un tai nav pievienota sl\u0113pta programma. Nek\u0101dus \u0161\u012bs vietnes kop\u0113tos materi\u0101los resursus nedr\u012bkst pak\u013caut re\u0123ener\u0101cijai, labo\u0161anai, atk\u0101rtotai druk\u0101\u0161anai, ievieto\u0161anai, pazi\u0146o\u0161anai un izsnieg\u0161anai, izmantojot jebk\u0101dus l\u012bdzek\u013cus, k\u0101 ar\u012b neviens bez pien\u0101c\u012bgas piekri\u0161anas, izmantojot rakstisku dokumentu no vietnes renodoll.com. Visas ties\u012bbas, kas nav pien\u0101c\u012bgi pie\u0161\u0137irtas, tiek atceltas. Paraugu izmanto\u0161ana no \u0161\u012bs vietnes bez pien\u0101c\u012bgas at\u013caujas var saboj\u0101t ties\u012bbas un pre\u010du z\u012bmi, k\u0101 rezult\u0101t\u0101 var tikt piem\u0113rots krimin\u0101lsods vai civilsods.<\/p>\t\t\t\t\t\t<\/div>\n\t\t\t\t<\/div>\n\t\t\t\t<div class=\"elementor-element elementor-element-b84993c elementor-widget elementor-widget-spacer\" data-id=\"b84993c\" data-element_type=\"widget\" data-widget_type=\"spacer.default\">\n\t\t\t\t<div class=\"elementor-widget-container\">\n\t\t\t\t\t<div class=\"elementor-spacer\">\n\t\t\t<div class=\"elementor-spacer-inner\"><\/div>\n\t\t<\/div>\n\t\t\t\t<\/div>\n\t\t\t\t<\/div>\n\t\t\t\t<div class=\"elementor-element elementor-element-4cc3835 elementor-invisible elementor-widget elementor-widget-heading\" data-id=\"4cc3835\" data-element_type=\"widget\" data-settings=\"{&quot;_animation&quot;:&quot;fadeInUp&quot;}\" data-widget_type=\"heading.default\">\n\t\t\t\t<div class=\"elementor-widget-container\">\n\t\t\t<h2 class=\"elementor-heading-title elementor-size-default\">Atruna<\/h2>\t\t<\/div>\n\t\t\t\t<\/div>\n\t\t\t\t<div class=\"elementor-element elementor-element-5b37396 elementor-widget elementor-widget-text-editor\" data-id=\"5b37396\" data-element_type=\"widget\" data-widget_type=\"text-editor.default\">\n\t\t\t\t<div class=\"elementor-widget-container\">\n\t\t\t\t\t\t\t<p>Viss \u0161aj\u0101 t\u012bmekl\u012b atrodamais saturs ir pieejams t\u0101 s\u0101kotn\u0113j\u0101 form\u0101 bez jebk\u0101das garantijas. Abon\u0113jot \u0161o vietni, j\u016bs piekr\u012btat vis\u0101m briesm\u0101m, kas saist\u012btas ar katra \u0161\u012bs vietnes satura izmanto\u0161anu. renodoll.com, t\u0101 darbinieki, vad\u012bbas komanda un darbuz\u0146\u0113m\u0113ji neb\u016bs atbild\u012bgi par zaud\u0113jumiem vai boj\u0101jumiem, kas radu\u0161ies j\u016bsu nesp\u0113jas pareizi izmantot vietni un t\u0101s saites. Vietne renodoll.com un vi\u0146as l\u012bdzstr\u0101dnieki, kas sniedza ieguld\u012bjumu vietnes satur\u0101, nevar tikt saukti pie atbild\u012bbas, ja rodas k\u0101das probl\u0113mas saist\u012bb\u0101 ar j\u016bsu atkar\u012bbu no satura.<\/p>\t\t\t\t\t\t<\/div>\n\t\t\t\t<\/div>\n\t\t\t\t<div class=\"elementor-element elementor-element-5fbeccb elementor-widget elementor-widget-text-editor\" data-id=\"5fbeccb\" data-element_type=\"widget\" data-widget_type=\"text-editor.default\">\n\t\t\t\t<div class=\"elementor-widget-container\">\n\t\t\t\t\t\t\t<p>Visi \u0161aj\u0101 vietn\u0113 atrastie produkti ir paredz\u0113ti aizraujo\u0161ai un unik\u0101lai pieredzei. RenoDoll negarant\u0113, ka m\u016bsu produkti ir neskarti, tiem nav ra\u017eot\u0101ja defektu un ra\u017eot\u0101ja sniegta nepatiesa inform\u0101cija.<\/p>\t\t\t\t\t\t<\/div>\n\t\t\t\t<\/div>\n\t\t\t\t<div class=\"elementor-element elementor-element-87c5887 elementor-widget elementor-widget-text-editor\" data-id=\"87c5887\" data-element_type=\"widget\" data-widget_type=\"text-editor.default\">\n\t\t\t\t<div class=\"elementor-widget-container\">\n\t\t\t\t\t\t\t<p>Nos\u016btot savus pas\u016bt\u012bjumus, j\u016bs piekr\u012btat un piekr\u012btat zem\u0101k min\u0113tajam, ka RenoDoll neb\u016bs atbild\u012bgs par jebk\u0101du t\u012b\u0161u vai net\u012b\u0161u neveiksmi, ko izrais\u012bjusi nezi\u0146a, neatkar\u012bgi no deliktu likuma.<\/p>\t\t\t\t\t\t<\/div>\n\t\t\t\t<\/div>\n\t\t\t\t<div class=\"elementor-element elementor-element-373e79d elementor-widget elementor-widget-spacer\" data-id=\"373e79d\" data-element_type=\"widget\" data-widget_type=\"spacer.default\">\n\t\t\t\t<div class=\"elementor-widget-container\">\n\t\t\t\t\t<div class=\"elementor-spacer\">\n\t\t\t<div class=\"elementor-spacer-inner\"><\/div>\n\t\t<\/div>\n\t\t\t\t<\/div>\n\t\t\t\t<\/div>\n\t\t\t\t<div class=\"elementor-element elementor-element-56745a0 elementor-invisible elementor-widget elementor-widget-heading\" data-id=\"56745a0\" data-element_type=\"widget\" data-settings=\"{&quot;_animation&quot;:&quot;fadeInUp&quot;}\" data-widget_type=\"heading.default\">\n\t\t\t\t<div class=\"elementor-widget-container\">\n\t\t\t<h2 class=\"elementor-heading-title elementor-size-default\">Atmaksa<\/h2>\t\t<\/div>\n\t\t\t\t<\/div>\n\t\t\t\t<div class=\"elementor-element elementor-element-1d0d6b3 elementor-widget elementor-widget-text-editor\" data-id=\"1d0d6b3\" data-element_type=\"widget\" data-widget_type=\"text-editor.default\">\n\t\t\t\t<div class=\"elementor-widget-container\">\n\t\t\t\t\t\t\tVisas preces, kas ieg\u0101d\u0101tas un ir izvestas no uz\u0146\u0113muma, ta\u010du da\u017eu ne\u012bstu darb\u012bbu d\u0113\u013c t\u0101s tika atgrieztas atpaka\u013c uz\u0146\u0113mumam k\u0101 atmaksa. T\u0101s tiks r\u016bp\u012bgi un likum\u012bgi iesniegtas j\u016bsu viet\u0113j\u0101 iest\u0101d\u0113, un, ja tiks atz\u012bta par vain\u012bgu, viss tiks pie\u0146emts likum\u0101. . \t\t\t\t\t\t<\/div>\n\t\t\t\t<\/div>\n\t\t\t\t<div class=\"elementor-element elementor-element-0300983 elementor-widget elementor-widget-text-editor\" data-id=\"0300983\" data-element_type=\"widget\" data-widget_type=\"text-editor.default\">\n\t\t\t\t<div class=\"elementor-widget-container\">\n\t\t\t\t\t\t\t<p>Ieg\u0101d\u0101joties k\u0101du no m\u016bsu prec\u0113m vietn\u0113 renodoll.com, j\u016bs piekr\u012btat tam, ka; j\u016bs neveiksit nek\u0101das juridiskas darb\u012bbas vai nepiepras\u012bsiet atmaksu par produktu, ja maks\u0101jums ir veikts ar j\u016bsu plastmasas naudu\/kred\u012btkarti vietn\u0113 renodoll.com.<\/p>\t\t\t\t\t\t<\/div>\n\t\t\t\t<\/div>\n\t\t\t\t<div class=\"elementor-element elementor-element-92ba549 elementor-widget elementor-widget-text-editor\" data-id=\"92ba549\" data-element_type=\"widget\" data-widget_type=\"text-editor.default\">\n\t\t\t\t<div class=\"elementor-widget-container\">\n\t\t\t\t\t\t\t<p>Nepieliekot apzin\u0101tas p\u016bles, lai inform\u0113tu m\u016bs par jebk\u0101d\u0101m gr\u016bt\u012bb\u0101m un ar\u012b dotu organiz\u0101cijai sapr\u0101t\u012bgu laiku, lai t\u0101s atrisin\u0101tu, renodoll.com uzskata piepras\u012bjumu par maks\u0101juma atmaksu vai atdo\u0161anu par kr\u0101pniecisku darb\u012bbu.<\/p>\t\t\t\t\t\t<\/div>\n\t\t\t\t<\/div>\n\t\t\t\t<div class=\"elementor-element elementor-element-f9ca80d elementor-widget elementor-widget-text-editor\" data-id=\"f9ca80d\" data-element_type=\"widget\" data-widget_type=\"text-editor.default\">\n\t\t\t\t<div class=\"elementor-widget-container\">\n\t\t\t\t\t\t\tJebk\u0101da r\u012bc\u012bba, kuras m\u0113r\u0137is ir apkr\u0101pt organiz\u0101ciju, izmantojot viltotu plastmasas naudu\/kred\u012btkarti, lai veiktu maks\u0101jumu p\u0113c preces ieg\u0101des, netiks pie\u013cauta. Jebkur\u0161 jebkura klienta veikts nelikum\u012bgs dar\u012bjums, kas uz\u0146\u0113mumam rada par\u0101dus vai zaud\u0113jumus, tiks pak\u013cauts visam juridiskajam procesam neatkar\u012bgi no t\u0101, vai tas attiecas uz uz\u0146\u0113m\u0113jdarb\u012bbu, izp\u0113tes izmaks\u0101m vai juridiskiem maks\u0101jumiem, un tas ietver person\u0101la br\u012bvo laiku.\t\t\t\t\t\t<\/div>\n\t\t\t\t<\/div>\n\t\t\t\t<div class=\"elementor-element elementor-element-0647a6a elementor-widget elementor-widget-text-editor\" data-id=\"0647a6a\" data-element_type=\"widget\" data-widget_type=\"text-editor.default\">\n\t\t\t\t<div class=\"elementor-widget-container\">\n\t\t\t\t\t\t\tKatra klienta piepras\u012bt\u0101 naudas atmaksa rada ne\u0113rt\u012bbas m\u016bsu darbiniekiem, jo trauc\u0113 m\u016bsu parastajai uz\u0146\u0113m\u0113jdarb\u012bbai un ar\u012b izvelk naudu no uz\u0146\u0113muma maci\u0146a \u0161aj\u0101 sakar\u0101:\t\t\t\t\t\t<\/div>\n\t\t\t\t<\/div>\n\t\t\t\t<div class=\"elementor-element elementor-element-25f164f elementor-widget elementor-widget-text-editor\" data-id=\"25f164f\" data-element_type=\"widget\" data-widget_type=\"text-editor.default\">\n\t\t\t\t<div class=\"elementor-widget-container\">\n\t\t\t\t\t\t\t<p>Ja k\u0101ds klients no renodoll.com ieg\u0101d\u0101jas m\u016bsu re\u0101listisk\u0101s seksa lelles un \u0161aj\u0101 proces\u0101 nodar\u012bs produkta boj\u0101jumus un taj\u0101 pa\u0161\u0101 laik\u0101 iekas\u0113s no uz\u0146\u0113muma ties\u0101 vai piepras\u012bs naudas atmaksu ar savu plastmasas naudu. \/kred\u012btkar\u0161u uz\u0146\u0113mums, par situ\u0101ciju, kas p\u0101rk\u0101pj m\u016bsu noteikumus un nosac\u012bjumus, kuriem s\u0101kotn\u0113ji piekrit\u0101t pas\u016bt\u012bjuma veik\u0161anas br\u012bd\u012b, vai laic\u012bgi nepazi\u0146ojot uz\u0146\u0113mumam un nav izr\u0101d\u012bju\u0161i paciet\u012bbu, lai uz\u0146\u0113mums to pie\u0146emtu, apstipriniet un veiciet adekv\u0101tu piepras\u012bjumu, lai sa\u0146emtu atsauksmes, tad \u0161\u0101ds klients zaud\u0113 un vi\u0146am netiks atmaks\u0101ta nauda.<\/p>\t\t\t\t\t\t<\/div>\n\t\t\t\t<\/div>\n\t\t\t\t<div class=\"elementor-element elementor-element-3356070 elementor-widget elementor-widget-text-editor\" data-id=\"3356070\" data-element_type=\"widget\" data-widget_type=\"text-editor.default\">\n\t\t\t\t<div class=\"elementor-widget-container\">\n\t\t\t\t\t\t\t<p>Ta\u010du situ\u0101cij\u0101, kad klients uzvar atmaksas\/maks\u0101juma liet\u0101 ar savu plastmasas naudas\/kred\u012btkar\u0161u uz\u0146\u0113mumu, renodoll.com m\u0113\u0123in\u0101s atg\u016bt katru nepatiesi argument\u0113to nodevu, tostarp papildu izmaksas personas a\u0123entam. Biodatos b\u016bs iek\u013cauts vi\u0146u pilns v\u0101rds, e-pasts, produkta pas\u016bt\u012bjuma datums, produkta daudzums, IP adrese, m\u0101jas adrese un mobil\u0101 t\u0101lru\u0146a numurs.<\/p>\t\t\t\t\t\t<\/div>\n\t\t\t\t<\/div>\n\t\t\t\t\t<\/div>\n\t\t<\/div>\n\t\t\t\t\t\t\t<\/div>\n\t\t<\/section>\n\t\t\t\t\t\t\t<\/div>","protected":false},"excerpt":{"rendered":"<p>Br\u012bdin\u0101jums \u0160aj\u0101 vietn\u0113 ietvertie materi\u0101li galvenok\u0101rt ir paredz\u0113ti seksu\u0101lai uzbudin\u0101\u0161anai un apmierin\u0101\u0161anai, un tas ir paredz\u0113ts tikai person\u0101m, kas ir sasniegu\u0161as 18\u00a0gadu vecumu. Pirms pieteik\u0161an\u0101s m\u016bsu vietn\u0113, jums j\u0101piekr\u012bt \u0161\u0101diem noteikumiem: Pieaugu\u0161ie, kas ir sasniegu\u0161i 18\u00a0gadu vecumu un vec\u0101ki, renodoll.com nevar un nekad neaizliedz nepilngad\u012bgajiem apmekl\u0113t vietni. Vien\u012bgi vec\u0101ki un aizbild\u0146i ir atbild\u012bgi par b\u0113rnu un pusaud\u017eu darb\u012bbu uzraudz\u012bbu, izmantojot atbilsto\u0161us materi\u0101lus, kas ir pieejami vi\u0146u skat\u012b\u0161anai. RenoDoll pie\u0146ems tikai t\u0101dus pirkumus, ko veiku\u0161i pieaugu\u0161ie, kas ir sasniegu\u0161i 18\u00a0gadu vecumu. Autorties\u012bbas<\/p>","protected":false},"author":1,"featured_media":0,"parent":0,"menu_order":0,"comment_status":"closed","ping_status":"closed","template":"","meta":{"footnotes":""},"class_list":["post-5157","page","type-page","status-publish","hentry"],"aioseo_notices":[],"_links":{"self":[{"href":"https:\/\/renodoll.com\/lv\/wp-json\/wp\/v2\/pages\/5157","targetHints":{"allow":["GET"]}}],"collection":[{"href":"https:\/\/renodoll.com\/lv\/wp-json\/wp\/v2\/pages"}],"about":[{"href":"https:\/\/renodoll.com\/lv\/wp-json\/wp\/v2\/types\/page"}],"author":[{"embeddable":true,"href":"https:\/\/renodoll.com\/lv\/wp-json\/wp\/v2\/users\/1"}],"replies":[{"embeddable":true,"href":"https:\/\/renodoll.com\/lv\/wp-json\/wp\/v2\/comments?post=5157"}],"version-history":[{"count":31,"href":"https:\/\/renodoll.com\/lv\/wp-json\/wp\/v2\/pages\/5157\/revisions"}],"predecessor-version":[{"id":14623,"href":"https:\/\/renodoll.com\/lv\/wp-json\/wp\/v2\/pages\/5157\/revisions\/14623"}],"wp:attachment":[{"href":"https:\/\/renodoll.com\/lv\/wp-json\/wp\/v2\/media?parent=5157"}],"curies":[{"name":"wp","href":"https:\/\/api.w.org\/{rel}","templated":true}]}}