{"id":5477,"date":"2023-02-22T19:21:45","date_gmt":"2023-02-22T11:21:45","guid":{"rendered":"https:\/\/renodoll.com\/?page_id=5477"},"modified":"2023-03-31T18:35:03","modified_gmt":"2023-03-31T10:35:03","slug":"sex-doll-tongue","status":"publish","type":"page","link":"https:\/\/renodoll.com\/lt\/sex-doll-tongue\/","title":{"rendered":"Sekso l\u0117l\u0117s lie\u017euvis"},"content":{"rendered":"<div data-elementor-type=\"wp-page\" data-elementor-id=\"5477\" class=\"elementor elementor-5477\" data-elementor-post-type=\"page\">\n\t\t\t\t\t\t<section class=\"elementor-section elementor-top-section elementor-element elementor-element-19ce2b8 page-content-text elementor-section-boxed elementor-section-height-default elementor-section-height-default\" data-id=\"19ce2b8\" data-element_type=\"section\" data-e-type=\"section\">\n\t\t\t\t\t\t<div class=\"elementor-container elementor-column-gap-default\">\n\t\t\t\t\t<div class=\"elementor-column elementor-col-100 elementor-top-column elementor-element elementor-element-f3c1b7c\" data-id=\"f3c1b7c\" data-element_type=\"column\" data-e-type=\"column\">\n\t\t\t<div class=\"elementor-widget-wrap elementor-element-populated\">\n\t\t\t\t\t\t<div class=\"elementor-element elementor-element-d7cc961 elementor-invisible elementor-widget elementor-widget-heading\" data-id=\"d7cc961\" data-element_type=\"widget\" data-e-type=\"widget\" data-settings=\"{&quot;_animation&quot;:&quot;fadeInUp&quot;}\" data-widget_type=\"heading.default\">\n\t\t\t\t<div class=\"elementor-widget-container\">\n\t\t\t\t\t<h2 class=\"elementor-heading-title elementor-size-default\">Lie\u017euvis<\/h2>\t\t\t\t<\/div>\n\t\t\t\t<\/div>\n\t\t\t\t<div class=\"elementor-element elementor-element-2f50bad elementor-widget elementor-widget-text-editor\" data-id=\"2f50bad\" data-element_type=\"widget\" data-e-type=\"widget\" data-widget_type=\"text-editor.default\">\n\t\t\t\t<div class=\"elementor-widget-container\">\n\t\t\t\t\t\t\t\t\tTPE (termoplastinis elastomeras) pagamintas lie\u017euv\u0117lis j\u016bs\u0173 sekso l\u0117l\u0117s galvai. \u0160is lie\u017euvis taip pat yra nuimamas ir gali b\u016bti naudojamas fotografuojant. Jis nepritvirtintas ir s\u0117di tik l\u0117l\u0117s burnoje.\t\t\t\t\t\t\t\t<\/div>\n\t\t\t\t<\/div>\n\t\t\t\t<div class=\"elementor-element elementor-element-7b009cf elementor-widget elementor-widget-text-editor\" data-id=\"7b009cf\" data-element_type=\"widget\" data-e-type=\"widget\" data-widget_type=\"text-editor.default\">\n\t\t\t\t<div class=\"elementor-widget-container\">\n\t\t\t\t\t\t\t\t\tAr esate sekso l\u0117l\u0117s naudotojas ir norite patirti dar pilnesn\u012f seksualin\u012f malonum\u0105? Turime implantuot\u0173 sekso l\u0117li\u0173 su i\u0161imamais lie\u017euviais, kurios yra specialiai sukurtos tikrovi\u0161kam oraliniam seksui.\n\t\t\t\t\t\t\t\t<\/div>\n\t\t\t\t<\/div>\n\t\t\t\t<section class=\"elementor-section elementor-inner-section elementor-element elementor-element-d419c7c elementor-section-boxed elementor-section-height-default elementor-section-height-default\" data-id=\"d419c7c\" data-element_type=\"section\" data-e-type=\"section\">\n\t\t\t\t\t\t<div class=\"elementor-container elementor-column-gap-default\">\n\t\t\t\t\t<div class=\"elementor-column elementor-col-50 elementor-inner-column elementor-element elementor-element-df64315\" data-id=\"df64315\" data-element_type=\"column\" data-e-type=\"column\">\n\t\t\t<div class=\"elementor-widget-wrap elementor-element-populated\">\n\t\t\t\t\t\t<div class=\"elementor-element elementor-element-791ec70 elementor-invisible elementor-widget elementor-widget-heading\" data-id=\"791ec70\" data-element_type=\"widget\" data-e-type=\"widget\" data-settings=\"{&quot;_animation&quot;:&quot;fadeInUp&quot;}\" data-widget_type=\"heading.default\">\n\t\t\t\t<div class=\"elementor-widget-container\">\n\t\t\t\t\t<h2 class=\"elementor-heading-title elementor-size-default\">Realisti\u0161ki lie\u017euviai j\u016bs\u0173 RenoDoll \n<\/h2>\t\t\t\t<\/div>\n\t\t\t\t<\/div>\n\t\t\t\t<div class=\"elementor-element elementor-element-d24a218 elementor-widget elementor-widget-text-editor\" data-id=\"d24a218\" data-element_type=\"widget\" data-e-type=\"widget\" data-widget_type=\"text-editor.default\">\n\t\t\t\t<div class=\"elementor-widget-container\">\n\t\t\t\t\t\t\t\t\tJau senokai. Mes band\u0117me \u0161iek tiek patobulinti savo nauj\u0105 sekso l\u0117li\u0173 parduotuv\u0119; pamatysite, kad tai tiesa su nauja meil\u0117s l\u0117l\u0117, kuri\u0105 turime sand\u0117lyje. D\u0117l kai kuri\u0173 prie\u017eas\u010di\u0173 tur\u0117sime daugiau silikonini\u0173 l\u0117li\u0173, tod\u0117l dedame daugiau pastang\u0173, kad pagerintume savo atsargas.\n\t\t\t\t\t\t\t\t<\/div>\n\t\t\t\t<\/div>\n\t\t\t\t<div class=\"elementor-element elementor-element-9f505e9 elementor-widget elementor-widget-text-editor\" data-id=\"9f505e9\" data-element_type=\"widget\" data-e-type=\"widget\" data-widget_type=\"text-editor.default\">\n\t\t\t\t<div class=\"elementor-widget-container\">\n\t\t\t\t\t\t\t\t\t<p>Turime nauj\u0105 \u201eRenoDoll\u201c funkcij\u0105 ir apie tai jums papasakosime \u0161iame \u012fra\u0161e. Vietoj to, \u017einoma paslaptis, kad meil\u0117s l\u0117l\u0117s n\u0117ra su lie\u017euviais; tai gali sukelti pasitenkinim\u0105 j\u0173 naudojimu, ypa\u010d kai reikia bu\u010diuoti \u0161ias meil\u0117s l\u0117les.<\/p>\t\t\t\t\t\t\t\t<\/div>\n\t\t\t\t<\/div>\n\t\t\t\t<div class=\"elementor-element elementor-element-75d035e elementor-widget elementor-widget-text-editor\" data-id=\"75d035e\" data-element_type=\"widget\" data-e-type=\"widget\" data-widget_type=\"text-editor.default\">\n\t\t\t\t<div class=\"elementor-widget-container\">\n\t\t\t\t\t\t\t\t\t<p>Pagaliau si\u016blome lie\u017euvius savo RenoDolls. \u0160ie lie\u017euviai atrodo realisti\u0161ki, kaip ir tikri, ir yra pritvirtinti prie galv\u0173, kad nenupl\u0117\u0161t\u0173 taip lengvai, kaip anks\u010diau. Ta\u010diau \u0161i\u0105 naujov\u0119 turime tik keliems patvirtintiems RenoDolls pardav\u0117jams. Ir mes did\u017eiuojam\u0117s patikrintais l\u0117li\u0173 pardav\u0117jais; nenorite to praleisti, patikrinkite kuo grei\u010diau.<\/p>\t\t\t\t\t\t\t\t<\/div>\n\t\t\t\t<\/div>\n\t\t\t\t<div class=\"elementor-element elementor-element-4c9dc49 elementor-widget elementor-widget-text-editor\" data-id=\"4c9dc49\" data-element_type=\"widget\" data-e-type=\"widget\" data-widget_type=\"text-editor.default\">\n\t\t\t\t<div class=\"elementor-widget-container\">\n\t\t\t\t\t\t\t\t\tPra\u0161ome per\u017ei\u016br\u0117ti toliau pateiktas nuotraukas.\n\t\t\t\t\t\t\t\t<\/div>\n\t\t\t\t<\/div>\n\t\t\t\t\t<\/div>\n\t\t<\/div>\n\t\t\t\t<div class=\"elementor-column elementor-col-50 elementor-inner-column elementor-element elementor-element-6a2ef2e\" data-id=\"6a2ef2e\" data-element_type=\"column\" data-e-type=\"column\">\n\t\t\t<div class=\"elementor-widget-wrap elementor-element-populated\">\n\t\t\t\t\t\t<div class=\"elementor-element elementor-element-799aff2 elementor-widget elementor-widget-image\" data-id=\"799aff2\" data-element_type=\"widget\" data-e-type=\"widget\" data-widget_type=\"image.default\">\n\t\t\t\t<div class=\"elementor-widget-container\">\n\t\t\t\t\t\t\t\t\t\t\t\t\t\t\t<img loading=\"lazy\" decoding=\"async\" width=\"1000\" height=\"1000\" src=\"https:\/\/renodoll.com\/wp-content\/uploads\/xstore\/xstore-placeholder-1x1.png\" class=\"attachment-large size-large wp-image-8720 lazyload lazyload-simple et-lazyload-fadeIn\" alt=\"\" sizes=\"auto, (max-width: 1000px) 100vw, 1000px\" data-src=\"https:\/\/renodoll.com\/wp-content\/uploads\/2023\/03\/aura-dolls-toronto-s8n24.jpg\" data-srcset=\"https:\/\/renodoll.com\/wp-content\/uploads\/2023\/03\/aura-dolls-toronto-s8n24.jpg 1000w, https:\/\/renodoll.com\/wp-content\/uploads\/2023\/03\/aura-dolls-toronto-s8n24-300x300.jpg 300w, https:\/\/renodoll.com\/wp-content\/uploads\/2023\/03\/aura-dolls-toronto-s8n24-150x150.jpg 150w, https:\/\/renodoll.com\/wp-content\/uploads\/2023\/03\/aura-dolls-toronto-s8n24-768x768.jpg 768w, https:\/\/renodoll.com\/wp-content\/uploads\/2023\/03\/aura-dolls-toronto-s8n24-12x12.jpg 12w, https:\/\/renodoll.com\/wp-content\/uploads\/2023\/03\/aura-dolls-toronto-s8n24-100x100.jpg 100w, https:\/\/renodoll.com\/wp-content\/uploads\/2023\/03\/aura-dolls-toronto-s8n24-600x600.jpg 600w, https:\/\/renodoll.com\/wp-content\/uploads\/2023\/03\/aura-dolls-toronto-s8n24-10x10.jpg 10w\" \/>\t\t\t\t\t\t\t\t\t\t\t\t\t\t\t<\/div>\n\t\t\t\t<\/div>\n\t\t\t\t\t<\/div>\n\t\t<\/div>\n\t\t\t\t\t<\/div>\n\t\t<\/section>\n\t\t\t\t<div class=\"elementor-element elementor-element-7895fb1 elementor-invisible elementor-widget elementor-widget-heading\" data-id=\"7895fb1\" data-element_type=\"widget\" data-e-type=\"widget\" data-settings=\"{&quot;_animation&quot;:&quot;fadeInUp&quot;}\" data-widget_type=\"heading.default\">\n\t\t\t\t<div class=\"elementor-widget-container\">\n\t\t\t\t\t<h2 class=\"elementor-heading-title elementor-size-default\">Lie\u017euvio ir dant\u0173 rinkinys l\u0117l\u0117ms Galva.\n<\/h2>\t\t\t\t<\/div>\n\t\t\t\t<\/div>\n\t\t\t\t<div class=\"elementor-element elementor-element-6f7a4a4 elementor-widget elementor-widget-text-editor\" data-id=\"6f7a4a4\" data-element_type=\"widget\" data-e-type=\"widget\" data-widget_type=\"text-editor.default\">\n\t\t\t\t<div class=\"elementor-widget-container\">\n\t\t\t\t\t\t\t\t\tAr nor\u0117tum\u0117te, kad j\u016bs\u0173 l\u0117l\u0117 atrodyt\u0173 kitaip? Tada \u0161tai jums tobuli dantys ir lie\u017euvis.\n\t\t\t\t\t\t\t\t<\/div>\n\t\t\t\t<\/div>\n\t\t\t\t<div class=\"elementor-element elementor-element-cddf1f1 elementor-widget elementor-widget-html\" data-id=\"cddf1f1\" data-element_type=\"widget\" data-e-type=\"widget\" data-widget_type=\"html.default\">\n\t\t\t\t<div class=\"elementor-widget-container\">\n\t\t\t\t\t<ol class=\"number_list_type\">\n    <li>\n        J\u016bs\u0173 meil\u0117s l\u0117l\u0117 turi daugiau i\u0161rai\u0161kos \u0161iais tikrais dantimis ir lie\u017euviais.\n    <\/li>\n    <li>\n        Padidintos galvos, burnos ir implantuoti plaukai nedera su \u0161iais dant\u0173 ir lie\u017euvi\u0173 rinkiniais; jie dirba tik su \u012fprastomis galvomis.\n    <\/li>\n<\/ol>\t\t\t\t<\/div>\n\t\t\t\t<\/div>\n\t\t\t\t<div class=\"elementor-element elementor-element-2d6e4b0 elementor-widget elementor-widget-text-editor\" data-id=\"2d6e4b0\" data-element_type=\"widget\" data-e-type=\"widget\" data-widget_type=\"text-editor.default\">\n\t\t\t\t<div class=\"elementor-widget-container\">\n\t\t\t\t\t\t\t\t\tSusisiekite su mumis ir su\u017einokite, ar j\u016bs\u0173 meil\u0117s l\u0117l\u0117s galva yra suderinama su \u0161iais naujais i\u0161radimais.\t\t\t\t\t\t\t\t<\/div>\n\t\t\t\t<\/div>\n\t\t\t\t\t<\/div>\n\t\t<\/div>\n\t\t\t\t\t<\/div>\n\t\t<\/section>\n\t\t\t\t<\/div>","protected":false},"excerpt":{"rendered":"<p>Lie\u017euvis TPE (termoplastinis elastomeras) pagamintas lie\u017euv\u0117liu j\u016bs\u0173 sekso l\u0117l\u0117s galvai. \u0160is lie\u017euvis taip pat yra nuimamas ir gali b\u016bti naudojamas fotografuojant. Jis nepritvirtintas ir s\u0117di tik l\u0117l\u0117s burnoje. Ar esate sekso l\u0117l\u0117s naudotojas ir norite patirti dar pilnesn\u012f seksualin\u012f malonum\u0105? Turime implantuot\u0173 sekso l\u0117li\u0173 su i\u0161imamais lie\u017euviais, kurios yra specialiai sukurtos tikrovi\u0161kam oraliniam seksui. Realisti\u0161ki j\u016bs\u0173 RenoDoll lie\u017euviai Pra\u0117jo daug laiko. Mes band\u0117me \u0161iek tiek patobulinti savo nauj\u0105 sekso l\u0117li\u0173 parduotuv\u0119; pamatysite, kad tai tiesa su nauja meil\u0117s l\u0117l\u0117, kuri\u0105 turime<\/p>","protected":false},"author":1,"featured_media":0,"parent":0,"menu_order":0,"comment_status":"closed","ping_status":"closed","template":"","meta":{"footnotes":""},"class_list":["post-5477","page","type-page","status-publish","hentry"],"aioseo_notices":[],"_links":{"self":[{"href":"https:\/\/renodoll.com\/lt\/wp-json\/wp\/v2\/pages\/5477","targetHints":{"allow":["GET"]}}],"collection":[{"href":"https:\/\/renodoll.com\/lt\/wp-json\/wp\/v2\/pages"}],"about":[{"href":"https:\/\/renodoll.com\/lt\/wp-json\/wp\/v2\/types\/page"}],"author":[{"embeddable":true,"href":"https:\/\/renodoll.com\/lt\/wp-json\/wp\/v2\/users\/1"}],"replies":[{"embeddable":true,"href":"https:\/\/renodoll.com\/lt\/wp-json\/wp\/v2\/comments?post=5477"}],"version-history":[{"count":107,"href":"https:\/\/renodoll.com\/lt\/wp-json\/wp\/v2\/pages\/5477\/revisions"}],"predecessor-version":[{"id":14853,"href":"https:\/\/renodoll.com\/lt\/wp-json\/wp\/v2\/pages\/5477\/revisions\/14853"}],"wp:attachment":[{"href":"https:\/\/renodoll.com\/lt\/wp-json\/wp\/v2\/media?parent=5477"}],"curies":[{"name":"wp","href":"https:\/\/api.w.org\/{rel}","templated":true}]}}