{"id":5446,"date":"2023-02-22T18:57:12","date_gmt":"2023-02-22T10:57:12","guid":{"rendered":"https:\/\/renodoll.com\/?page_id=5446"},"modified":"2023-03-29T16:46:47","modified_gmt":"2023-03-29T08:46:47","slug":"articulated-finger","status":"publish","type":"page","link":"https:\/\/renodoll.com\/lt\/articulated-finger\/","title":{"rendered":"\u0160arnyrinis pir\u0161tas"},"content":{"rendered":"<div data-elementor-type=\"wp-page\" data-elementor-id=\"5446\" class=\"elementor elementor-5446\" data-elementor-post-type=\"page\">\n\t\t\t\t\t\t<section class=\"elementor-section elementor-top-section elementor-element elementor-element-19ce2b8 elementor-section-boxed elementor-section-height-default elementor-section-height-default\" data-id=\"19ce2b8\" data-element_type=\"section\" data-e-type=\"section\">\n\t\t\t\t\t\t<div class=\"elementor-container elementor-column-gap-default\">\n\t\t\t\t\t<div class=\"elementor-column elementor-col-100 elementor-top-column elementor-element elementor-element-f3c1b7c page-content-text\" data-id=\"f3c1b7c\" data-element_type=\"column\" data-e-type=\"column\">\n\t\t\t<div class=\"elementor-widget-wrap elementor-element-populated\">\n\t\t\t\t\t\t<section class=\"elementor-section elementor-inner-section elementor-element elementor-element-fd7ff6a elementor-section-boxed elementor-section-height-default elementor-section-height-default\" data-id=\"fd7ff6a\" data-element_type=\"section\" data-e-type=\"section\">\n\t\t\t\t\t\t<div class=\"elementor-container elementor-column-gap-default\">\n\t\t\t\t\t<div class=\"elementor-column elementor-col-50 elementor-inner-column elementor-element elementor-element-4194eef\" data-id=\"4194eef\" data-element_type=\"column\" data-e-type=\"column\">\n\t\t\t<div class=\"elementor-widget-wrap elementor-element-populated\">\n\t\t\t\t\t\t<div class=\"elementor-element elementor-element-445fe14 elementor-invisible elementor-widget elementor-widget-heading\" data-id=\"445fe14\" data-element_type=\"widget\" data-e-type=\"widget\" data-settings=\"{&quot;_animation&quot;:&quot;fadeInUp&quot;}\" data-widget_type=\"heading.default\">\n\t\t\t\t<div class=\"elementor-widget-container\">\n\t\t\t\t\t<h2 class=\"elementor-heading-title elementor-size-default\">Pir\u0161tas<\/h2>\t\t\t\t<\/div>\n\t\t\t\t<\/div>\n\t\t\t\t<div class=\"elementor-element elementor-element-2f50bad elementor-widget elementor-widget-text-editor\" data-id=\"2f50bad\" data-element_type=\"widget\" data-e-type=\"widget\" data-widget_type=\"text-editor.default\">\n\t\t\t\t<div class=\"elementor-widget-container\">\n\t\t\t\t\t\t\t\t\t<p>Neilgai trukus \u201eIrontech\u201c paskelb\u0117 apie nauj\u0173 sulenkt\u0173 rank\u0173 ir pir\u0161t\u0173 i\u0161leidim\u0105 savo sekso l\u0117l\u0117ms ir prisijung\u0117 prie \u201eYL Doll\u201c ir \u201eWMDoll\u201c kaip tre\u010diojo TPE sekso l\u0117li\u0173 prek\u0117s \u017eenklo, kad pasi\u016blyt\u0173 savo sekso l\u0117l\u0117s pir\u0161to atnaujinim\u0105.<\/p>\t\t\t\t\t\t\t\t<\/div>\n\t\t\t\t<\/div>\n\t\t\t\t<div class=\"elementor-element elementor-element-7b009cf elementor-widget elementor-widget-text-editor\" data-id=\"7b009cf\" data-element_type=\"widget\" data-e-type=\"widget\" data-widget_type=\"text-editor.default\">\n\t\t\t\t<div class=\"elementor-widget-container\">\n\t\t\t\t\t\t\t\t\t\u0160i nauja sekso l\u0117li\u0173 funkcija tapo sekso l\u0117li\u0173 pramon\u0117s tendencija, ir tai yra maloni tendencija sekso l\u0117li\u0173 bendruomenei, nes dauguma \u0161i\u0173 tikr\u0173 l\u0117li\u0173 savinink\u0173 nem\u0117gsta sen\u0173, trapi\u0173 ir suri\u0161t\u0173 pir\u0161t\u0173.\n\t\t\t\t\t\t\t\t<\/div>\n\t\t\t\t<\/div>\n\t\t\t\t<div class=\"elementor-element elementor-element-d24a218 elementor-widget elementor-widget-text-editor\" data-id=\"d24a218\" data-element_type=\"widget\" data-e-type=\"widget\" data-widget_type=\"text-editor.default\">\n\t\t\t\t<div class=\"elementor-widget-container\">\n\t\t\t\t\t\t\t\t\t<p>\u201eIrontech\u201c paskelbtas \u0161arnyrinio pir\u0161to atnaujinimas yra toks pat, kaip ir WM. Metalinis sekso l\u0117l\u0117s rankos skeletas turi \u0161arnyrin\u012f jungt\u012f, taip pat padengtas balta danga, kad neb\u016bt\u0173 pa\u017eeista pir\u0161to oda. \u0160ie l\u0117li\u0173 rinkiniai gali nesunkiai padaryti tikrovi\u0161kas pozas, \u012ftraukiant rank\u0105 ir pir\u0161t\u0105, be laid\u0173 per TPE.<\/p>\t\t\t\t\t\t\t\t<\/div>\n\t\t\t\t<\/div>\n\t\t\t\t\t<\/div>\n\t\t<\/div>\n\t\t\t\t<div class=\"elementor-column elementor-col-50 elementor-inner-column elementor-element elementor-element-df10d16\" data-id=\"df10d16\" data-element_type=\"column\" data-e-type=\"column\">\n\t\t\t<div class=\"elementor-widget-wrap elementor-element-populated\">\n\t\t\t\t\t\t<div class=\"elementor-element elementor-element-2fef030 elementor-widget elementor-widget-video\" data-id=\"2fef030\" data-element_type=\"widget\" data-e-type=\"widget\" data-settings=\"{&quot;video_type&quot;:&quot;hosted&quot;,&quot;autoplay&quot;:&quot;yes&quot;,&quot;play_on_mobile&quot;:&quot;yes&quot;,&quot;loop&quot;:&quot;yes&quot;,&quot;controls&quot;:&quot;yes&quot;}\" data-widget_type=\"video.default\">\n\t\t\t\t<div class=\"elementor-widget-container\">\n\t\t\t\t\t\t\t<div class=\"e-hosted-video elementor-wrapper elementor-open-inline\">\n\t\t\t\t\t<video class=\"elementor-video\" src=\"http:\/\/renodoll.com\/wp-content\/uploads\/2023\/03\/kb-finger.mp4\" autoplay=\"\" loop=\"\" controls=\"\" playsinline=\"\" controlslist=\"nodownload\"><\/video>\n\t\t\t\t<\/div>\n\t\t\t\t\t\t<\/div>\n\t\t\t\t<\/div>\n\t\t\t\t\t<\/div>\n\t\t<\/div>\n\t\t\t\t\t<\/div>\n\t\t<\/section>\n\t\t\t\t<div class=\"elementor-element elementor-element-9f505e9 elementor-widget elementor-widget-text-editor\" data-id=\"9f505e9\" data-element_type=\"widget\" data-e-type=\"widget\" data-widget_type=\"text-editor.default\">\n\t\t\t\t<div class=\"elementor-widget-container\">\n\t\t\t\t\t\t\t\t\tTai gal\u0117jo u\u017etrukti ilgai, ta\u010diau sulenktas pir\u0161tas ir ranka yra maloni \u017einia sekso l\u0117li\u0173 bendruomenei. Jei \u0161i funkcija jus d\u017eiugina, nepamir\u0161kite jos prid\u0117ti prie savo u\u017esakymo. \n\t\t\t\t\t\t\t\t<\/div>\n\t\t\t\t<\/div>\n\t\t\t\t<div class=\"elementor-element elementor-element-75d035e elementor-widget elementor-widget-text-editor\" data-id=\"75d035e\" data-element_type=\"widget\" data-e-type=\"widget\" data-widget_type=\"text-editor.default\">\n\t\t\t\t<div class=\"elementor-widget-container\">\n\t\t\t\t\t\t\t\t\tAr pavargote nuo to, kad j\u016bs\u0173 sekso l\u0117l\u0117s pir\u0161tas yra paleid\u017eiamas vidine metaline viela? Ar nor\u0117tum\u0117te, kad j\u016bs\u0173 sekso l\u0117l\u0117s pir\u0161tas b\u016bt\u0173 lankstesnis? Tada \u0161i nauja naujo ir sulenkto pir\u0161to savyb\u0117 yra atnaujinimas, \u012f kur\u012f turite atsi\u017evelgti.\t\t\t\t\t\t\t\t<\/div>\n\t\t\t\t<\/div>\n\t\t\t\t<div class=\"elementor-element elementor-element-4c9dc49 elementor-widget elementor-widget-text-editor\" data-id=\"4c9dc49\" data-element_type=\"widget\" data-e-type=\"widget\" data-widget_type=\"text-editor.default\">\n\t\t\t\t<div class=\"elementor-widget-container\">\n\t\t\t\t\t\t\t\t\t<p>Malonu jums prane\u0161ti, kad WMDoll gamykla prad\u0117jo gaminti viso dyd\u017eio sekso l\u0117les su \u0161arnyriniu pir\u0161tu, kuris yra neseniai sukurtas skeletas.<\/p>\t\t\t\t\t\t\t\t<\/div>\n\t\t\t\t<\/div>\n\t\t\t\t<div class=\"elementor-element elementor-element-6f7a4a4 elementor-widget elementor-widget-text-editor\" data-id=\"6f7a4a4\" data-element_type=\"widget\" data-e-type=\"widget\" data-widget_type=\"text-editor.default\">\n\t\t\t\t<div class=\"elementor-widget-container\">\n\t\t\t\t\t\t\t\t\t\u0160i nauja \u0161arnyrinio pir\u0161to funkcija sukurta atsargiai, joje yra tvirtos metalin\u0117s jungtys ir suapvalinti galiukai, kad pir\u0161to oda neb\u016bt\u0173 lengvai pradurta. Geriausia dalis yra tai; \u0161i nauja funkcija leid\u017eia sekso l\u0117lei nukopijuoti daugyb\u0119 rank\u0173 gest\u0173, kuri\u0173 negali atlikti senoji laidin\u0117 pir\u0161to ranka. Tai puikus atnaujinimas, ypa\u010d skirtas sekso l\u0117li\u0173 m\u0117g\u0117j\u0173 bendruomenei.\n\t\t\t\t\t\t\t\t<\/div>\n\t\t\t\t<\/div>\n\t\t\t\t<div class=\"elementor-element elementor-element-e390632 elementor-widget elementor-widget-text-editor\" data-id=\"e390632\" data-element_type=\"widget\" data-e-type=\"widget\" data-widget_type=\"text-editor.default\">\n\t\t\t\t<div class=\"elementor-widget-container\">\n\t\t\t\t\t\t\t\t\tNor\u0117dami su\u017einoti, kaip veikia \u0161i nauja funkcija, \u017ei\u016br\u0117kite toliau pateikt\u0105 vaizdo \u012fra\u0161\u0105.\t\t\t\t\t\t\t\t<\/div>\n\t\t\t\t<\/div>\n\t\t\t\t<div class=\"elementor-element elementor-element-e28a12e elementor-invisible elementor-widget elementor-widget-heading\" data-id=\"e28a12e\" data-element_type=\"widget\" data-e-type=\"widget\" data-settings=\"{&quot;_animation&quot;:&quot;fadeInUp&quot;}\" data-widget_type=\"heading.default\">\n\t\t\t\t<div class=\"elementor-widget-container\">\n\t\t\t\t\t<h2 class=\"elementor-heading-title elementor-size-default\">Tur\u0117kite omenyje:<\/h2>\t\t\t\t<\/div>\n\t\t\t\t<\/div>\n\t\t\t\t<div class=\"elementor-element elementor-element-ac5f65c elementor-widget elementor-widget-html\" data-id=\"ac5f65c\" data-element_type=\"widget\" data-e-type=\"widget\" data-widget_type=\"html.default\">\n\t\t\t\t<div class=\"elementor-widget-container\">\n\t\t\t\t\t<ol class=\"number_list_type\"><li>Tik WMDoll ir YL Dolls si\u016blo \u0161i\u0105 nauj\u0105 funkcij\u0105.<\/li>\n<li>\u0160i \u012fdomi nauja funkcija pasiekiama tik TPE l\u0117l\u0117ms, kurios yra ilgesn\u0117s nei 140 cm.\n<\/li>\n<li>Jo negalima naudoti su senomis WMdolls, keisti ar atnaujinti.<\/li>\n<li>Jis pagamintas i\u0161 metalo, o ne i\u0161 varin\u0117s vielos.<\/li>\n<li>\u0160arnyriniai pir\u0161tai negali b\u016bti supainioti.\n<\/li>\n<li>\u0160arnyrinio pir\u0161to judesi\u0173 diapazonas yra toks pat, kaip ir senojo laidinio pir\u0161to.<\/li>\n<li>\u0160i nauja funkcija leid\u017eia rank\u0105 jud\u0117ti auk\u0161tyn ir \u017eemyn, taip pat vidin\u012f ir i\u0161orin\u012f dilbio sukim\u0105si.<\/li>\n<li>\n    Rankos judesi\u0173 diapazonas yra beveik 951 TP3T tikros \u017emogaus rankos, tod\u0117l yra \u012fmanomas rankos jud\u0117jimas auk\u0161tyn ir \u017eemyn, taip pat vidinis ir i\u0161orinis dilbio sukimasis.\n<\/li>\n<\/ol>\t\t\t\t<\/div>\n\t\t\t\t<\/div>\n\t\t\t\t\t<\/div>\n\t\t<\/div>\n\t\t\t\t\t<\/div>\n\t\t<\/section>\n\t\t\t\t<\/div>","protected":false},"excerpt":{"rendered":"<p>Pir\u0161tas Neilgai trukus, Irontech paskelb\u0117 apie nauj\u0173 sulenkt\u0173 rank\u0173 ir pir\u0161t\u0173 i\u0161leidim\u0105 savo sekso l\u0117l\u0117ms ir prisijung\u0117 prie YL Doll ir WMDoll kaip tre\u010diojo TPE sekso l\u0117li\u0173 prek\u0117s \u017eenklo, kad pasi\u016blyt\u0173 savo sekso l\u0117l\u0117s pir\u0161to atnaujinim\u0105. \u0160i nauja sekso l\u0117li\u0173 funkcija tapo sekso l\u0117li\u0173 pramon\u0117s tendencija, ir tai yra maloni tendencija sekso l\u0117li\u0173 bendruomenei, nes dauguma \u0161i\u0173 tikr\u0173 l\u0117li\u0173 savinink\u0173 nem\u0117gsta sen\u0173, trapi\u0173 ir suri\u0161t\u0173 pir\u0161t\u0173. \u201eIrontech\u201c paskelbtas \u0161arnyrinio pir\u0161to atnaujinimas yra toks pat kaip ir WM.<\/p>","protected":false},"author":1,"featured_media":0,"parent":0,"menu_order":0,"comment_status":"closed","ping_status":"closed","template":"","meta":{"footnotes":""},"class_list":["post-5446","page","type-page","status-publish","hentry"],"aioseo_notices":[],"_links":{"self":[{"href":"https:\/\/renodoll.com\/lt\/wp-json\/wp\/v2\/pages\/5446","targetHints":{"allow":["GET"]}}],"collection":[{"href":"https:\/\/renodoll.com\/lt\/wp-json\/wp\/v2\/pages"}],"about":[{"href":"https:\/\/renodoll.com\/lt\/wp-json\/wp\/v2\/types\/page"}],"author":[{"embeddable":true,"href":"https:\/\/renodoll.com\/lt\/wp-json\/wp\/v2\/users\/1"}],"replies":[{"embeddable":true,"href":"https:\/\/renodoll.com\/lt\/wp-json\/wp\/v2\/comments?post=5446"}],"version-history":[{"count":38,"href":"https:\/\/renodoll.com\/lt\/wp-json\/wp\/v2\/pages\/5446\/revisions"}],"predecessor-version":[{"id":14260,"href":"https:\/\/renodoll.com\/lt\/wp-json\/wp\/v2\/pages\/5446\/revisions\/14260"}],"wp:attachment":[{"href":"https:\/\/renodoll.com\/lt\/wp-json\/wp\/v2\/media?parent=5446"}],"curies":[{"name":"wp","href":"https:\/\/api.w.org\/{rel}","templated":true}]}}