{"id":5425,"date":"2023-02-22T18:33:16","date_gmt":"2023-02-22T10:33:16","guid":{"rendered":"https:\/\/renodoll.com\/?page_id=5425"},"modified":"2023-04-24T19:27:15","modified_gmt":"2023-04-24T11:27:15","slug":"electric-hip-sex-doll","status":"publish","type":"page","link":"https:\/\/renodoll.com\/lt\/elektrine-klubo-sekso-lele\/","title":{"rendered":"Elektrin\u0117 hip sekso l\u0117l\u0117"},"content":{"rendered":"<div data-elementor-type=\"wp-page\" data-elementor-id=\"5425\" class=\"elementor elementor-5425\">\n\t\t\t\t\t\t\t\t\t<section class=\"elementor-section elementor-top-section elementor-element elementor-element-19ce2b8 elementor-section-boxed elementor-section-height-default elementor-section-height-default\" data-id=\"19ce2b8\" data-element_type=\"section\">\n\t\t\t\t\t\t<div class=\"elementor-container elementor-column-gap-default\">\n\t\t\t\t\t<div class=\"elementor-column elementor-col-100 elementor-top-column elementor-element elementor-element-f3c1b7c page-content-text\" data-id=\"f3c1b7c\" data-element_type=\"column\">\n\t\t\t<div class=\"elementor-widget-wrap elementor-element-populated\">\n\t\t\t\t\t\t\t\t<div class=\"elementor-element elementor-element-445fe14 elementor-invisible elementor-widget elementor-widget-heading\" data-id=\"445fe14\" data-element_type=\"widget\" data-settings=\"{&quot;_animation&quot;:&quot;fadeInUp&quot;}\" data-widget_type=\"heading.default\">\n\t\t\t\t<div class=\"elementor-widget-container\">\n\t\t\t<style>\/*! elementor - v3.10.2 - 29-01-2023 *\/\n.elementor-heading-title{padding:0;margin:0;line-height:1}.elementor-widget-heading .elementor-heading-title[class*=elementor-size-]>a{color:inherit;font-size:inherit;line-height:inherit}.elementor-widget-heading .elementor-heading-title.elementor-size-small{font-size:15px}.elementor-widget-heading .elementor-heading-title.elementor-size-medium{font-size:19px}.elementor-widget-heading .elementor-heading-title.elementor-size-large{font-size:29px}.elementor-widget-heading .elementor-heading-title.elementor-size-xl{font-size:39px}.elementor-widget-heading .elementor-heading-title.elementor-size-xxl{font-size:59px}<\/style><h2 class=\"elementor-heading-title elementor-size-default\">Elektrin\u0117 klub\u0173 sekso l\u0117l\u0117<\/h2>\t\t<\/div>\n\t\t\t\t<\/div>\n\t\t\t\t<div class=\"elementor-element elementor-element-2f50bad elementor-widget elementor-widget-text-editor\" data-id=\"2f50bad\" data-element_type=\"widget\" data-widget_type=\"text-editor.default\">\n\t\t\t\t<div class=\"elementor-widget-container\">\n\t\t\t<style>\/*! elementor - v3.10.2 - 29-01-2023 *\/\n.elementor-widget-text-editor.elementor-drop-cap-view-stacked .elementor-drop-cap{background-color:#818a91;color:#fff}.elementor-widget-text-editor.elementor-drop-cap-view-framed .elementor-drop-cap{color:#818a91;border:3px solid;background-color:transparent}.elementor-widget-text-editor:not(.elementor-drop-cap-view-default) .elementor-drop-cap{margin-top:8px}.elementor-widget-text-editor:not(.elementor-drop-cap-view-default) .elementor-drop-cap-letter{width:1em;height:1em}.elementor-widget-text-editor .elementor-drop-cap{float:left;text-align:center;line-height:1;font-size:50px}.elementor-widget-text-editor .elementor-drop-cap-letter{display:inline-block}<\/style>\t\t\t\t<p>Klubai yra madingi, o jei norite tur\u0117ti toki\u0105 moter\u012f ir norite patirti daugiau seksualinio pasitenkinimo, turime \u201eElektrini\u0173 klub\u0173\u201c parinkt\u012f, skirt\u0105 sekso l\u0117l\u0117ms perkelti, kad atitikt\u0173 visus j\u016bs\u0173 poreikius ir specifikacijas. Parai\u0161ka gali b\u016bti dedama ant viso dyd\u017eio l\u0117li\u0173. Spustel\u0117kite \u0161i\u0105 nuorod\u0105, kad per\u017ei\u016br\u0117tum\u0117te m\u016bs\u0173 elektrini\u0173 sekso l\u0117li\u0173 kolekcij\u0105.<\/p>\t\t\t\t\t\t<\/div>\n\t\t\t\t<\/div>\n\t\t\t\t<div class=\"elementor-element elementor-element-7b009cf elementor-widget elementor-widget-text-editor\" data-id=\"7b009cf\" data-element_type=\"widget\" data-widget_type=\"text-editor.default\">\n\t\t\t\t<div class=\"elementor-widget-container\">\n\t\t\t\t\t\t\t<p>\u017di\u016br\u0117kite toliau pateikt\u0105 elektrin\u0117s sekso l\u0117l\u0117s demonstracin\u0119 versij\u0105.<\/p>\t\t\t\t\t\t<\/div>\n\t\t\t\t<\/div>\n\t\t\t\t<div class=\"elementor-element elementor-element-300e279 elementor-aspect-ratio-169 elementor-widget elementor-widget-video\" data-id=\"300e279\" data-element_type=\"widget\" data-settings=\"{&quot;video_type&quot;:&quot;hosted&quot;,&quot;autoplay&quot;:&quot;yes&quot;,&quot;play_on_mobile&quot;:&quot;yes&quot;,&quot;loop&quot;:&quot;yes&quot;,&quot;controls&quot;:&quot;yes&quot;,&quot;aspect_ratio&quot;:&quot;169&quot;}\" data-widget_type=\"video.default\">\n\t\t\t\t<div class=\"elementor-widget-container\">\n\t\t\t<style>\/*! elementor - v3.10.2 - 29-01-2023 *\/\n.elementor-widget-video .elementor-widget-container{overflow:hidden;transform:translateZ(0)}.elementor-widget-video .elementor-open-inline .elementor-custom-embed-image-overlay{position:absolute;top:0;left:0;width:100%;height:100%;background-size:cover;background-position:50%}.elementor-widget-video .elementor-custom-embed-image-overlay{cursor:pointer;text-align:center}.elementor-widget-video .elementor-custom-embed-image-overlay:hover .elementor-custom-embed-play i{opacity:1}.elementor-widget-video .elementor-custom-embed-image-overlay img{display:block;width:100%}.elementor-widget-video .e-hosted-video .elementor-video{-o-object-fit:cover;object-fit:cover}.e-con-inner>.elementor-widget-video,.e-con>.elementor-widget-video{width:var(--container-widget-width);--flex-grow:var(--container-widget-flex-grow)}<\/style>\t\t<div class=\"e-hosted-video elementor-wrapper elementor-fit-aspect-ratio elementor-open-inline\">\n\t\t\t\t\t<video class=\"elementor-video\" src=\"http:\/\/renodoll.com\/wp-content\/uploads\/2023\/03\/kb-electric-doll.mp4\" autoplay=\"\" loop=\"\" controls=\"\" playsinline=\"\"><\/video>\n\t\t\t\t<\/div>\n\t\t\t\t<\/div>\n\t\t\t\t<\/div>\n\t\t\t\t<section class=\"elementor-section elementor-inner-section elementor-element elementor-element-97c6960 elementor-section-boxed elementor-section-height-default elementor-section-height-default\" data-id=\"97c6960\" data-element_type=\"section\">\n\t\t\t\t\t\t<div class=\"elementor-container elementor-column-gap-default\">\n\t\t\t\t\t<div class=\"elementor-column elementor-col-50 elementor-inner-column elementor-element elementor-element-564e172\" data-id=\"564e172\" data-element_type=\"column\">\n\t\t\t<div class=\"elementor-widget-wrap elementor-element-populated\">\n\t\t\t\t\t\t\t\t<div class=\"elementor-element elementor-element-d24a218 elementor-widget elementor-widget-text-editor\" data-id=\"d24a218\" data-element_type=\"widget\" data-widget_type=\"text-editor.default\">\n\t\t\t\t<div class=\"elementor-widget-container\">\n\t\t\t\t\t\t\t<p>1. Ne\u012fkraunama versija (jie n\u0117ra \u012fmontuotos baterijos, tai yra \u201eplug-and-play\u201c)<br \/>&gt;Maitinimo adapteris: maitinimo \u012f\u0117jimo \u012ftampa 100V-240V, i\u0161\u0117jimo \u012ftampa\/srov\u0117 24V\/3A<br \/>&gt;Sertifikavimo standartas; Galia CE<\/p>\t\t\t\t\t\t<\/div>\n\t\t\t\t<\/div>\n\t\t\t\t\t<\/div>\n\t\t<\/div>\n\t\t\t\t<div class=\"elementor-column elementor-col-50 elementor-inner-column elementor-element elementor-element-6290fd1\" data-id=\"6290fd1\" data-element_type=\"column\">\n\t\t\t<div class=\"elementor-widget-wrap elementor-element-populated\">\n\t\t\t\t\t\t\t\t<div class=\"elementor-element elementor-element-9f505e9 elementor-widget elementor-widget-text-editor\" data-id=\"9f505e9\" data-element_type=\"widget\" data-widget_type=\"text-editor.default\">\n\t\t\t\t<div class=\"elementor-widget-container\">\n\t\t\t\t\t\t\t<p>2. \u012ekraunama versija (\u012ftaisyta baterija turi b\u016bti visi\u0161kai \u012fkrauta, kad j\u0105 b\u016bt\u0173 galima naudoti).<br \/>&gt; Akumuliatoriaus \u012ftampa: darbin\u0117 \u012ftampa yra 22,2 V, o tu\u0161\u010diosios eigos \u012ftampa yra 24 V<br \/>&gt; \u012ekrovimas ir i\u0161krovimas trunka apie 280\u2013300 savai\u010di\u0173<br \/>&gt;Laikas \u012fkrauti: greitas \u012fkrovimas trunka 1,5 valandos<br \/>&gt;Naudojimo laikas: tinkamai \u012fkrautas, jis gali veikti net penkias valandas<\/p>\t\t\t\t\t\t<\/div>\n\t\t\t\t<\/div>\n\t\t\t\t\t<\/div>\n\t\t<\/div>\n\t\t\t\t\t\t\t<\/div>\n\t\t<\/section>\n\t\t\t\t<div class=\"elementor-element elementor-element-e28a12e elementor-invisible elementor-widget elementor-widget-heading\" data-id=\"e28a12e\" data-element_type=\"widget\" data-settings=\"{&quot;_animation&quot;:&quot;fadeInUp&quot;}\" data-widget_type=\"heading.default\">\n\t\t\t\t<div class=\"elementor-widget-container\">\n\t\t\t<h2 class=\"elementor-heading-title elementor-size-default\">Pastabos<\/h2>\t\t<\/div>\n\t\t\t\t<\/div>\n\t\t\t\t<div class=\"elementor-element elementor-element-504aea1 elementor-widget elementor-widget-html\" data-id=\"504aea1\" data-element_type=\"widget\" data-widget_type=\"html.default\">\n\t\t\t\t<div class=\"elementor-widget-container\">\n\t\t\t<ol class=\"number_list_type\"><li>D\u0117l elektrin\u0117s klubin\u0117s sekso l\u0117l\u0117s saugumo ir kad epidermio nepa\u017eeistum\u0117te a\u0161tri\u0173 daikt\u0173 ir \u0161iurk\u0161\u010di\u0173 briaun\u0173, maloniai naudokite sekso l\u0117l\u0119 ant lovos.<\/li>\n<li>Sureguliuokite interaktyvi\u0105 sekso l\u0117l\u0117s laikysen\u0105, kol netur\u0117site nieko bendra su elektriniu klubu.\n<\/li>\n<li>Naudodami elektrin\u0119 sekso l\u0117l\u0119 per j\u0117g\u0105 nekeiskite laikysenos ir neapverskite sekso l\u0117l\u0117s.<\/li>\n<li>Jei norite pakoreguoti sekso l\u0117l\u0117s laikysen\u0105 ar form\u0105, prie\u0161 tai darydami tur\u0117site i\u0161jungti jungikl\u012f arba i\u0161jungti maitinim\u0105.<\/li>\n<li>Jei vien\u0105 kart\u0105 naudotum\u0117te elektrin\u0119 klubo sekso l\u0117l\u0119 ilg\u0105 valand\u0105. Naudodami leiskite reguliariai pails\u0117ti dvide\u0161imt trisde\u0161imt minu\u010di\u0173.<\/li>\n<li>Kad nesuma\u017e\u0117t\u0173 elektrin\u0117s klubin\u0117s sekso l\u0117l\u0117s \u012fkraunamos versijos akumuliatoriaus veikimo laikas, maloniai \u012fkraukite sekso l\u0117l\u0119 po trij\u0173 ar keturi\u0173 valand\u0173 vienu panaudojimu.<\/li>\n<li>Nuvalykite elektrin\u0117s sekso l\u0117l\u0117s laikan\u010di\u0105j\u0105 pus\u0119, nuvalykite pudr\u0105 ir tiksliai pri\u017ei\u016br\u0117kite vis\u0105 l\u0117l\u0117s dal\u012f.<\/li>\n<li>\n    Tarkime, kad yra pa\u017eeidim\u0173, pavyzd\u017eiui, odos prad\u016brim\u0173 ar bet koki\u0173 mechanini\u0173 pa\u017eeidim\u0173, atsiradusi\u0173 d\u0117l netinkamo sekso l\u0117l\u0117s naudojimo. Tokiu atveju tai nebus m\u016bs\u0173 \u012fmon\u0117s atsakomyb\u0117.\n<\/li>\n<li>\n    M\u016bs\u0173 sekso l\u0117l\u0117s \u012ftampa atitinka pasaulin\u012f vairavimo \u012ftamp\u0105 saugos standart\u0105, nes m\u016bs\u0173 l\u0117l\u0117 \u201esec\u201c naudoja 24 V vairavimo \u012ftamp\u0105.\n<\/li>\n<li>\n    \u0160iuo metu grei\u010dio reguliuoti negalima.\n<\/li>\n<\/ol>\t\t<\/div>\n\t\t\t\t<\/div>\n\t\t\t\t<div class=\"elementor-element elementor-element-5483d1c elementor-invisible elementor-widget elementor-widget-heading\" data-id=\"5483d1c\" data-element_type=\"widget\" data-settings=\"{&quot;_animation&quot;:&quot;fadeInUp&quot;}\" data-widget_type=\"heading.default\">\n\t\t\t\t<div class=\"elementor-widget-container\">\n\t\t\t<h2 class=\"elementor-heading-title elementor-size-default\">M\u016bs\u0173 elektrin\u0117s klubin\u0117s sekso l\u0117l\u0117s pristatymas<\/h2>\t\t<\/div>\n\t\t\t\t<\/div>\n\t\t\t\t<div class=\"elementor-element elementor-element-f465bfd elementor-widget elementor-widget-text-editor\" data-id=\"f465bfd\" data-element_type=\"widget\" data-widget_type=\"text-editor.default\">\n\t\t\t\t<div class=\"elementor-widget-container\">\n\t\t\t\t\t\t\tElektrin\u0117 sekso l\u0117l\u0117 gaminama su automatine dalimi, \u012fmontuota \u012f sekso l\u0117l\u0117s s\u0117dmenis, kad b\u016bt\u0173 galima lengvai jud\u0117ti ir suktis, kaip tai daro tikras \u017emogus. I\u0161bandykite sekso l\u0117l\u0119 patys ir pa\u017ei\u016br\u0117kite, k\u0105 ji gali padaryti.\t\t\t\t\t\t<\/div>\n\t\t\t\t<\/div>\n\t\t\t\t<div class=\"elementor-element elementor-element-7871ee2 elementor-widget elementor-widget-text-editor\" data-id=\"7871ee2\" data-element_type=\"widget\" data-widget_type=\"text-editor.default\">\n\t\t\t\t<div class=\"elementor-widget-container\">\n\t\t\t\t\t\t\tSteb\u0117kite, kaip sekso l\u0117l\u0117 pati juda ir sukasi.\t\t\t\t\t\t<\/div>\n\t\t\t\t<\/div>\n\t\t\t\t<div class=\"elementor-element elementor-element-0dd79a4 elementor-widget elementor-widget-text-editor\" data-id=\"0dd79a4\" data-element_type=\"widget\" data-widget_type=\"text-editor.default\">\n\t\t\t\t<div class=\"elementor-widget-container\">\n\t\t\t\t\t\t\tM\u016bs\u0173 elektrin\u0117s sekso l\u0117l\u0117s yra dviej\u0173 versij\u0173; atsi\u017evelgdami \u012f savo pageidavimus, galite pasirinkti konfig\u016bracij\u0105, kuri\u0105 reikia \u012fkrauti, arba t\u0105, kuri\u0105 turite prijungti.\t\t\t\t\t\t<\/div>\n\t\t\t\t<\/div>\n\t\t\t\t<div class=\"elementor-element elementor-element-39907ae elementor-invisible elementor-widget elementor-widget-heading\" data-id=\"39907ae\" data-element_type=\"widget\" data-settings=\"{&quot;_animation&quot;:&quot;fadeInUp&quot;}\" data-widget_type=\"heading.default\">\n\t\t\t\t<div class=\"elementor-widget-container\">\n\t\t\t<h2 class=\"elementor-heading-title elementor-size-default\">Integruotos baterijos \u012fkrovimo s\u0105ranka (\u017ei\u016br\u0117kite vaizdo \u012fra\u0161\u0105)<\/h2>\t\t<\/div>\n\t\t\t\t<\/div>\n\t\t\t\t<div class=\"elementor-element elementor-element-6f89ec5 elementor-widget elementor-widget-text-editor\" data-id=\"6f89ec5\" data-element_type=\"widget\" data-widget_type=\"text-editor.default\">\n\t\t\t\t<div class=\"elementor-widget-container\">\n\t\t\t\t\t\t\tKada naudoti: naudokite tik visi\u0161kai \u012fkraut\u0105.\t\t\t\t\t\t<\/div>\n\t\t\t\t<\/div>\n\t\t\t\t<div class=\"elementor-element elementor-element-7afd254 elementor-widget elementor-widget-text-editor\" data-id=\"7afd254\" data-element_type=\"widget\" data-widget_type=\"text-editor.default\">\n\t\t\t\t<div class=\"elementor-widget-container\">\n\t\t\t\t\t\t\t\u012ekrovimo laikas: nuo 1 valandos trisde\u0161imt minu\u010di\u0173 iki dviej\u0173 valand\u0173\t\t\t\t\t\t<\/div>\n\t\t\t\t<\/div>\n\t\t\t\t<div class=\"elementor-element elementor-element-7d36ae2 elementor-widget elementor-widget-text-editor\" data-id=\"7d36ae2\" data-element_type=\"widget\" data-widget_type=\"text-editor.default\">\n\t\t\t\t<div class=\"elementor-widget-container\">\n\t\t\t\t\t\t\tNaudojimo laikas: penkios valandos, kai jis visi\u0161kai \u012fkrautas.\t\t\t\t\t\t<\/div>\n\t\t\t\t<\/div>\n\t\t\t\t<div class=\"elementor-element elementor-element-71982d8 elementor-invisible elementor-widget elementor-widget-heading\" data-id=\"71982d8\" data-element_type=\"widget\" data-settings=\"{&quot;_animation&quot;:&quot;fadeInUp&quot;}\" data-widget_type=\"heading.default\">\n\t\t\t\t<div class=\"elementor-widget-container\">\n\t\t\t<h2 class=\"elementor-heading-title elementor-size-default\">Prijungimo s\u0105ranka be \u012fmontuotos baterijos (\u017ei\u016br\u0117kite vaizdo \u012fra\u0161\u0105)<\/h2>\t\t<\/div>\n\t\t\t\t<\/div>\n\t\t\t\t<div class=\"elementor-element elementor-element-91f432c elementor-widget elementor-widget-text-editor\" data-id=\"91f432c\" data-element_type=\"widget\" data-widget_type=\"text-editor.default\">\n\t\t\t\t<div class=\"elementor-widget-container\">\n\t\t\t\t\t\t\tKaip naudoti; prijunkite, kad gal\u0117tum\u0117te \u012fkrauti ir naudoti.\t\t\t\t\t\t<\/div>\n\t\t\t\t<\/div>\n\t\t\t\t<div class=\"elementor-element elementor-element-b13ce6c elementor-invisible elementor-widget elementor-widget-heading\" data-id=\"b13ce6c\" data-element_type=\"widget\" data-settings=\"{&quot;_animation&quot;:&quot;fadeInUp&quot;}\" data-widget_type=\"heading.default\">\n\t\t\t\t<div class=\"elementor-widget-container\">\n\t\t\t<h2 class=\"elementor-heading-title elementor-size-default\">Saugumas<\/h2>\t\t<\/div>\n\t\t\t\t<\/div>\n\t\t\t\t<div class=\"elementor-element elementor-element-3fd4e20 elementor-widget elementor-widget-html\" data-id=\"3fd4e20\" data-element_type=\"widget\" data-widget_type=\"html.default\">\n\t\t\t\t<div class=\"elementor-widget-container\">\n\t\t\t<ol class=\"number_list_type\"><li>Naudokite l\u0117l\u0119 ant lovos, neleiskite, kad oda nepa\u017eeist\u0173 a\u0161tri\u0173 daikt\u0173 ir \u0161iurk\u0161\u010di\u0173 kra\u0161t\u0173.<\/li>\n<li>\u012esitikinkite, kad elektrinis klubas yra i\u0161jungtas, kai turite apversti sekso l\u0117l\u0119 arba pakeisti sekso l\u0117l\u0117s pad\u0117t\u012f.\n<\/li>\n<li>\n    Jei naudojote j\u0105 nepertraukiamai dvi valandas, maloniai leiskite sekso l\u0117lei pails\u0117ti bent 10\u201330 minu\u010di\u0173.\n<\/li>\n<li>\n    Po kiekvieno sekso l\u0117l\u0117s naudojimo maloniai nuvalykite kontaktin\u0119 viet\u0105 ir patepkite j\u0105 pudra.\n<\/li>\n<li>\n    Negalite priversti sekso l\u0117l\u0117s atlikti elektrinio klubo, automatinio siurbimo ar automatinio sm\u016bgio darb\u0173 vienu ypu.\n<\/li>\n<\/ol>\t\t<\/div>\n\t\t\t\t<\/div>\n\t\t\t\t\t<\/div>\n\t\t<\/div>\n\t\t\t\t\t\t\t<\/div>\n\t\t<\/section>\n\t\t\t\t\t\t\t<\/div>","protected":false},"excerpt":{"rendered":"<p>Electric Hips Sex Doll Klubai yra madingi, o jei norite tur\u0117ti toki\u0105 moter\u012f ir norite patirti daugiau seksualinio pasitenkinimo, turime \u201eElectric Hips\u201c parinkt\u012f, skirt\u0105 sekso l\u0117l\u0117ms perkelti, kad atitikt\u0173 visus j\u016bs\u0173 poreikius ir specifikacijas. Parai\u0161ka gali b\u016bti dedama ant viso dyd\u017eio l\u0117li\u0173. Spustel\u0117kite \u0161i\u0105 nuorod\u0105 ir per\u017ei\u016br\u0117kite m\u016bs\u0173 elektrini\u0173 sekso l\u0117li\u0173 kolekcij\u0105. \u017demiau \u017ei\u016br\u0117kite elektrin\u0117s sekso l\u0117l\u0117s demonstracin\u0119 versij\u0105. http:\/\/renodoll.com\/wp-content\/uploads\/2023\/03\/kb-electric-doll.mp4 1. Ne\u012fkraunama versija (joje n\u0117ra \u012fmontuoto akumuliatoriaus, tai yra \u201eplug-and-play\u201c) &gt; Maitinimo adapteris : maitinimo \u012f\u0117jimo \u012ftampa 100V\u2014240V, i\u0161\u0117jimo \u012ftampa\/srov\u0117 24V\/3A &gt;Sertifikavimo standartas; Galia CE 2.<\/p>","protected":false},"author":1,"featured_media":0,"parent":0,"menu_order":0,"comment_status":"closed","ping_status":"closed","template":"","meta":{"footnotes":""},"class_list":["post-5425","page","type-page","status-publish","hentry"],"aioseo_notices":[],"_links":{"self":[{"href":"https:\/\/renodoll.com\/lt\/wp-json\/wp\/v2\/pages\/5425","targetHints":{"allow":["GET"]}}],"collection":[{"href":"https:\/\/renodoll.com\/lt\/wp-json\/wp\/v2\/pages"}],"about":[{"href":"https:\/\/renodoll.com\/lt\/wp-json\/wp\/v2\/types\/page"}],"author":[{"embeddable":true,"href":"https:\/\/renodoll.com\/lt\/wp-json\/wp\/v2\/users\/1"}],"replies":[{"embeddable":true,"href":"https:\/\/renodoll.com\/lt\/wp-json\/wp\/v2\/comments?post=5425"}],"version-history":[{"count":52,"href":"https:\/\/renodoll.com\/lt\/wp-json\/wp\/v2\/pages\/5425\/revisions"}],"predecessor-version":[{"id":15989,"href":"https:\/\/renodoll.com\/lt\/wp-json\/wp\/v2\/pages\/5425\/revisions\/15989"}],"wp:attachment":[{"href":"https:\/\/renodoll.com\/lt\/wp-json\/wp\/v2\/media?parent=5425"}],"curies":[{"name":"wp","href":"https:\/\/api.w.org\/{rel}","templated":true}]}}