{"id":5353,"date":"2023-02-22T15:06:32","date_gmt":"2023-02-22T07:06:32","guid":{"rendered":"https:\/\/renodoll.com\/?page_id=5353"},"modified":"2023-03-31T18:22:04","modified_gmt":"2023-03-31T10:22:04","slug":"blood-vessel","status":"publish","type":"page","link":"https:\/\/renodoll.com\/lt\/blood-vessel\/","title":{"rendered":"Kraujagysl\u0117"},"content":{"rendered":"<div data-elementor-type=\"wp-page\" data-elementor-id=\"5353\" class=\"elementor elementor-5353\" data-elementor-post-type=\"page\">\n\t\t\t\t\t\t<section class=\"elementor-section elementor-top-section elementor-element elementor-element-7fc86cc elementor-section-boxed elementor-section-height-default elementor-section-height-default\" data-id=\"7fc86cc\" data-element_type=\"section\" data-e-type=\"section\">\n\t\t\t\t\t\t<div class=\"elementor-container elementor-column-gap-default\">\n\t\t\t\t\t<div class=\"elementor-column elementor-col-100 elementor-top-column elementor-element elementor-element-3b22b53 page-content-text\" data-id=\"3b22b53\" data-element_type=\"column\" data-e-type=\"column\">\n\t\t\t<div class=\"elementor-widget-wrap elementor-element-populated\">\n\t\t\t\t\t\t<div class=\"elementor-element elementor-element-0aea17b elementor-widget elementor-widget-text-editor\" data-id=\"0aea17b\" data-element_type=\"widget\" data-e-type=\"widget\" data-widget_type=\"text-editor.default\">\n\t\t\t\t<div class=\"elementor-widget-container\">\n\t\t\t\t\t\t\t\t\tTiek TPE, tiek silicio korpusai dabar gali tur\u0117ti kraujagysli\u0173 i\u0161vaizd\u0105. Kaip tai padaryti, su\u017einokite toliau pateiktose nuotraukose.\t\t\t\t\t\t\t\t<\/div>\n\t\t\t\t<\/div>\n\t\t\t\t<section class=\"elementor-section elementor-inner-section elementor-element elementor-element-541c4ba elementor-section-boxed elementor-section-height-default elementor-section-height-default\" data-id=\"541c4ba\" data-element_type=\"section\" data-e-type=\"section\">\n\t\t\t\t\t\t<div class=\"elementor-container elementor-column-gap-default\">\n\t\t\t\t\t<div class=\"elementor-column elementor-col-50 elementor-inner-column elementor-element elementor-element-25cfd42\" data-id=\"25cfd42\" data-element_type=\"column\" data-e-type=\"column\">\n\t\t\t<div class=\"elementor-widget-wrap elementor-element-populated\">\n\t\t\t\t\t\t<div class=\"elementor-element elementor-element-2f09bdd elementor-invisible elementor-widget elementor-widget-image\" data-id=\"2f09bdd\" data-element_type=\"widget\" data-e-type=\"widget\" data-settings=\"{&quot;_animation&quot;:&quot;fadeInLeft&quot;}\" data-widget_type=\"image.default\">\n\t\t\t\t<div class=\"elementor-widget-container\">\n\t\t\t\t\t\t\t\t\t\t\t\t\t\t\t<img loading=\"lazy\" decoding=\"async\" width=\"768\" height=\"1024\" src=\"https:\/\/renodoll.com\/wp-content\/uploads\/xstore\/xstore-placeholder-1024x1024.png\" class=\"attachment-large size-large wp-image-6603 lazyload lazyload-simple et-lazyload-fadeIn\" alt=\"\" sizes=\"auto, (max-width: 768px) 100vw, 768px\" data-src=\"https:\/\/renodoll.com\/wp-content\/uploads\/2023\/03\/Blood-Vessel1-768x1024.png\" data-srcset=\"https:\/\/renodoll.com\/wp-content\/uploads\/2023\/03\/Blood-Vessel1-768x1024.png 768w, https:\/\/renodoll.com\/wp-content\/uploads\/2023\/03\/Blood-Vessel1-225x300.png 225w, https:\/\/renodoll.com\/wp-content\/uploads\/2023\/03\/Blood-Vessel1-9x12.png 9w, https:\/\/renodoll.com\/wp-content\/uploads\/2023\/03\/Blood-Vessel1-75x100.png 75w, https:\/\/renodoll.com\/wp-content\/uploads\/2023\/03\/Blood-Vessel1-300x400.png 300w, https:\/\/renodoll.com\/wp-content\/uploads\/2023\/03\/Blood-Vessel1-600x800.png 600w, https:\/\/renodoll.com\/wp-content\/uploads\/2023\/03\/Blood-Vessel1-8x10.png 8w, https:\/\/renodoll.com\/wp-content\/uploads\/2023\/03\/Blood-Vessel1.png 900w\" \/>\t\t\t\t\t\t\t\t\t\t\t\t\t\t\t<\/div>\n\t\t\t\t<\/div>\n\t\t\t\t\t<\/div>\n\t\t<\/div>\n\t\t\t\t<div class=\"elementor-column elementor-col-50 elementor-inner-column elementor-element elementor-element-e0ce621\" data-id=\"e0ce621\" data-element_type=\"column\" data-e-type=\"column\">\n\t\t\t<div class=\"elementor-widget-wrap elementor-element-populated\">\n\t\t\t\t\t\t<div class=\"elementor-element elementor-element-6fd4c66 elementor-invisible elementor-widget elementor-widget-image\" data-id=\"6fd4c66\" data-element_type=\"widget\" data-e-type=\"widget\" data-settings=\"{&quot;_animation&quot;:&quot;fadeInRight&quot;}\" data-widget_type=\"image.default\">\n\t\t\t\t<div class=\"elementor-widget-container\">\n\t\t\t\t\t\t\t\t\t\t\t\t\t\t\t<img loading=\"lazy\" decoding=\"async\" width=\"768\" height=\"1024\" src=\"https:\/\/renodoll.com\/wp-content\/uploads\/xstore\/xstore-placeholder-1024x1024.png\" class=\"attachment-large size-large wp-image-6604 lazyload lazyload-simple et-lazyload-fadeIn\" alt=\"\" sizes=\"auto, (max-width: 768px) 100vw, 768px\" data-src=\"https:\/\/renodoll.com\/wp-content\/uploads\/2023\/03\/Blood-Vessel-768x1024.png\" data-srcset=\"https:\/\/renodoll.com\/wp-content\/uploads\/2023\/03\/Blood-Vessel-768x1024.png 768w, https:\/\/renodoll.com\/wp-content\/uploads\/2023\/03\/Blood-Vessel-225x300.png 225w, https:\/\/renodoll.com\/wp-content\/uploads\/2023\/03\/Blood-Vessel-9x12.png 9w, https:\/\/renodoll.com\/wp-content\/uploads\/2023\/03\/Blood-Vessel-75x100.png 75w, https:\/\/renodoll.com\/wp-content\/uploads\/2023\/03\/Blood-Vessel-300x400.png 300w, https:\/\/renodoll.com\/wp-content\/uploads\/2023\/03\/Blood-Vessel-600x800.png 600w, https:\/\/renodoll.com\/wp-content\/uploads\/2023\/03\/Blood-Vessel-8x10.png 8w, https:\/\/renodoll.com\/wp-content\/uploads\/2023\/03\/Blood-Vessel.png 900w\" \/>\t\t\t\t\t\t\t\t\t\t\t\t\t\t\t<\/div>\n\t\t\t\t<\/div>\n\t\t\t\t\t<\/div>\n\t\t<\/div>\n\t\t\t\t\t<\/div>\n\t\t<\/section>\n\t\t\t\t<div class=\"elementor-element elementor-element-350bb40 elementor-widget elementor-widget-spacer\" data-id=\"350bb40\" data-element_type=\"widget\" data-e-type=\"widget\" data-widget_type=\"spacer.default\">\n\t\t\t\t<div class=\"elementor-widget-container\">\n\t\t\t\t\t\t\t<div class=\"elementor-spacer\">\n\t\t\t<div class=\"elementor-spacer-inner\"><\/div>\n\t\t<\/div>\n\t\t\t\t\t\t<\/div>\n\t\t\t\t<\/div>\n\t\t\t\t<div class=\"elementor-element elementor-element-760dc5b elementor-widget elementor-widget-text-editor\" data-id=\"760dc5b\" data-element_type=\"widget\" data-e-type=\"widget\" data-widget_type=\"text-editor.default\">\n\t\t\t\t<div class=\"elementor-widget-container\">\n\t\t\t\t\t\t\t\t\t<p>Nuostabus dalykas RenoDoll meil\u0117s l\u0117l\u0117se yra viso k\u016bno makia\u017eas su tikromis kraujagysl\u0117mis.<\/p>\t\t\t\t\t\t\t\t<\/div>\n\t\t\t\t<\/div>\n\t\t\t\t<div class=\"elementor-element elementor-element-7312d3a elementor-widget elementor-widget-text-editor\" data-id=\"7312d3a\" data-element_type=\"widget\" data-e-type=\"widget\" data-widget_type=\"text-editor.default\">\n\t\t\t\t<div class=\"elementor-widget-container\">\n\t\t\t\t\t\t\t\t\t<p>RenoDoll yra visame pasaulyje \u017einomas prek\u0117s \u017eenklas. Tarptautin\u0117s \u012fmon\u0117s pagrindin\u0117 b\u016bstin\u0117 yra \u0160end\u017eene, Kinijoje. RenoDoll yra pirmasis silikonin\u0117s galvut\u0117s + TPE kraujagysli\u0173 anglies kopijos korpuso b\u0117gikas ir lyderis.<\/p>\t\t\t\t\t\t\t\t<\/div>\n\t\t\t\t<\/div>\n\t\t\t\t<div class=\"elementor-element elementor-element-6aa2484 elementor-widget elementor-widget-text-editor\" data-id=\"6aa2484\" data-element_type=\"widget\" data-e-type=\"widget\" data-widget_type=\"text-editor.default\">\n\t\t\t\t<div class=\"elementor-widget-container\">\n\t\t\t\t\t\t\t\t\tJame naudojama tikros formos pel\u0117si\u0173 technologija, kad tikrovi\u0161ko modelio korpusas 1:1 b\u016bt\u0173 kopijuojamas su odos tekst\u016bra. \t\t\t\t\t\t\t\t<\/div>\n\t\t\t\t<\/div>\n\t\t\t\t<div class=\"elementor-element elementor-element-a759c16 elementor-invisible elementor-widget elementor-widget-heading\" data-id=\"a759c16\" data-element_type=\"widget\" data-e-type=\"widget\" data-settings=\"{&quot;_animation&quot;:&quot;fadeInUp&quot;}\" data-widget_type=\"heading.default\">\n\t\t\t\t<div class=\"elementor-widget-container\">\n\t\t\t\t\t<h2 class=\"elementor-heading-title elementor-size-default\">Seksuali\u0173 l\u0117li\u0173 ypatyb\u0117s<\/h2>\t\t\t\t<\/div>\n\t\t\t\t<\/div>\n\t\t\t\t<div class=\"elementor-element elementor-element-323fb16 elementor-widget elementor-widget-text-editor\" data-id=\"323fb16\" data-element_type=\"widget\" data-e-type=\"widget\" data-widget_type=\"text-editor.default\">\n\t\t\t\t<div class=\"elementor-widget-container\">\n\t\t\t\t\t\t\t\t\tRafinuota, tikrovi\u0161ka sekso l\u0117l\u0117 siekia tobulumo su tikrovi\u0161ka l\u0117le. Veido bruo\u017eai yra ai\u0161kesni ir labiau imituojami, k\u016bnas padengtas bet kokia j\u016bs\u0173 odos spalva, o visas k\u016bno makia\u017eas u\u017epildytas tikromis kraujagysl\u0117mis ir odos linijomis.\t\t\t\t\t\t\t\t<\/div>\n\t\t\t\t<\/div>\n\t\t\t\t<div class=\"elementor-element elementor-element-b37b977 elementor-invisible elementor-widget elementor-widget-heading\" data-id=\"b37b977\" data-element_type=\"widget\" data-e-type=\"widget\" data-settings=\"{&quot;_animation&quot;:&quot;fadeInUp&quot;}\" data-widget_type=\"heading.default\">\n\t\t\t\t<div class=\"elementor-widget-container\">\n\t\t\t\t\t<h2 class=\"elementor-heading-title elementor-size-default\">Reno Doll, viena i\u0161 geriausi\u0173 autenti\u0161k\u0173 meil\u0117s l\u0117li\u0173 platintoj\u0173<\/h2>\t\t\t\t<\/div>\n\t\t\t\t<\/div>\n\t\t\t\t<div class=\"elementor-element elementor-element-1e016d9 elementor-widget elementor-widget-text-editor\" data-id=\"1e016d9\" data-element_type=\"widget\" data-e-type=\"widget\" data-widget_type=\"text-editor.default\">\n\t\t\t\t<div class=\"elementor-widget-container\">\n\t\t\t\t\t\t\t\t\t<p>Tikra l\u0117l\u0117 pagaminta i\u0161 dviej\u0173 skirting\u0173 med\u017eiag\u0173 \u2013 silikono ir TPE. K\u016bnas ir galva pagaminti i\u0161 \u012fvairi\u0173 auk\u0161\u010diausios kokyb\u0117s med\u017eiag\u0173, kad b\u016bt\u0173 galima maksimaliai i\u0161naudoti. Galvut\u0117 pagaminta i\u0161 auk\u0161tos kokyb\u0117s silikonin\u0117s med\u017eiagos, kuri u\u017etikrina, kad maksimaliai atkurtos tikrosios galvos specifikacijos.<\/p>\t\t\t\t\t\t\t\t<\/div>\n\t\t\t\t<\/div>\n\t\t\t\t<div class=\"elementor-element elementor-element-c5464c7 elementor-invisible elementor-widget elementor-widget-heading\" data-id=\"c5464c7\" data-element_type=\"widget\" data-e-type=\"widget\" data-settings=\"{&quot;_animation&quot;:&quot;fadeInUp&quot;}\" data-widget_type=\"heading.default\">\n\t\t\t\t<div class=\"elementor-widget-container\">\n\t\t\t\t\t<h2 class=\"elementor-heading-title elementor-size-default\">Kokybi\u0161kos sekso l\u0117l\u0117s parduodamos internetu<\/h2>\t\t\t\t<\/div>\n\t\t\t\t<\/div>\n\t\t\t\t<div class=\"elementor-element elementor-element-1dd287d elementor-widget elementor-widget-text-editor\" data-id=\"1dd287d\" data-element_type=\"widget\" data-e-type=\"widget\" data-widget_type=\"text-editor.default\">\n\t\t\t\t<div class=\"elementor-widget-container\">\n\t\t\t\t\t\t\t\t\t<p>Nat\u016bralaus dyd\u017eio sekso l\u0117l\u0117s yra i\u0161skirtin\u0117s, savoti\u0161kos ir lanks\u010dios, tod\u0117l jos yra labai prakti\u0161kas pornografijos pakaitalas j\u016bs\u0173 seksualiniam gyvenimui. Pirkite RenoDoll Sexy Sex Dolls bet kurioje m\u016bs\u0173 sekso l\u0117li\u0173 parduotuv\u0117je ir \u012fsitikinkite, kad gausite auk\u0161\u010diausios kokyb\u0117s sekso l\u0117les.<\/p>\t\t\t\t\t\t\t\t<\/div>\n\t\t\t\t<\/div>\n\t\t\t\t\t<\/div>\n\t\t<\/div>\n\t\t\t\t\t<\/div>\n\t\t<\/section>\n\t\t\t\t<\/div>","protected":false},"excerpt":{"rendered":"<p>Tiek TPE, tiek silicio korpusai dabar gali tur\u0117ti kraujagysli\u0173 i\u0161vaizd\u0105. Kaip tai padaryti, su\u017einokite toliau pateiktose nuotraukose. Nuostabus dalykas RenoDoll meil\u0117s l\u0117l\u0117se yra viso k\u016bno makia\u017eas su tikromis kraujagysl\u0117mis. RenoDoll yra visame pasaulyje \u017einomas prek\u0117s \u017eenklas. Tarptautin\u0117s \u012fmon\u0117s pagrindin\u0117 b\u016bstin\u0117 yra \u0160end\u017eene, Kinijoje. RenoDoll yra pirmasis silikonin\u0117s galvut\u0117s + TPE kraujagysli\u0173 anglies kopijos korpuso b\u0117gikas ir lyderis. Jame naudojama tikrosios pel\u0117si\u0173 technologija, kad tikrovi\u0161ko modelio korpusas 1:1 b\u016bt\u0173 kopijuojamas su odos tekst\u016bra. Seksuali\u0173 l\u0117li\u0173 ypatyb\u0117s Rafinuota, tikrovi\u0161ka sekso l\u0117l\u0117 siekia tobulumo su<\/p>","protected":false},"author":1,"featured_media":0,"parent":0,"menu_order":0,"comment_status":"closed","ping_status":"closed","template":"","meta":{"footnotes":""},"class_list":["post-5353","page","type-page","status-publish","hentry"],"aioseo_notices":[],"_links":{"self":[{"href":"https:\/\/renodoll.com\/lt\/wp-json\/wp\/v2\/pages\/5353","targetHints":{"allow":["GET"]}}],"collection":[{"href":"https:\/\/renodoll.com\/lt\/wp-json\/wp\/v2\/pages"}],"about":[{"href":"https:\/\/renodoll.com\/lt\/wp-json\/wp\/v2\/types\/page"}],"author":[{"embeddable":true,"href":"https:\/\/renodoll.com\/lt\/wp-json\/wp\/v2\/users\/1"}],"replies":[{"embeddable":true,"href":"https:\/\/renodoll.com\/lt\/wp-json\/wp\/v2\/comments?post=5353"}],"version-history":[{"count":25,"href":"https:\/\/renodoll.com\/lt\/wp-json\/wp\/v2\/pages\/5353\/revisions"}],"predecessor-version":[{"id":14828,"href":"https:\/\/renodoll.com\/lt\/wp-json\/wp\/v2\/pages\/5353\/revisions\/14828"}],"wp:attachment":[{"href":"https:\/\/renodoll.com\/lt\/wp-json\/wp\/v2\/media?parent=5353"}],"curies":[{"name":"wp","href":"https:\/\/api.w.org\/{rel}","templated":true}]}}