{"id":5347,"date":"2023-02-22T14:44:51","date_gmt":"2023-02-22T06:44:51","guid":{"rendered":"https:\/\/renodoll.com\/?page_id=5347"},"modified":"2023-06-24T19:07:30","modified_gmt":"2023-06-24T11:07:30","slug":"auto-blowjob-sex-doll","status":"publish","type":"page","link":"https:\/\/renodoll.com\/lt\/auto-blowjob-sex-doll\/","title":{"rendered":"Automatin\u0117 Blowjob Sekso L\u0117l\u0117"},"content":{"rendered":"<div data-elementor-type=\"wp-page\" data-elementor-id=\"5347\" class=\"elementor elementor-5347\" data-elementor-post-type=\"page\">\n\t\t\t\t\t\t<section class=\"elementor-section elementor-top-section elementor-element elementor-element-09aec2c elementor-section-boxed elementor-section-height-default elementor-section-height-default\" data-id=\"09aec2c\" data-element_type=\"section\" data-e-type=\"section\">\n\t\t\t\t\t\t<div class=\"elementor-container elementor-column-gap-default\">\n\t\t\t\t\t<div class=\"elementor-column elementor-col-100 elementor-top-column elementor-element elementor-element-7bf6429 page-content-text\" data-id=\"7bf6429\" data-element_type=\"column\" data-e-type=\"column\">\n\t\t\t<div class=\"elementor-widget-wrap elementor-element-populated\">\n\t\t\t\t\t\t<div class=\"elementor-element elementor-element-2f4c251 elementor-invisible elementor-widget elementor-widget-heading\" data-id=\"2f4c251\" data-element_type=\"widget\" data-e-type=\"widget\" data-settings=\"{&quot;_animation&quot;:&quot;fadeInUp&quot;}\" data-widget_type=\"heading.default\">\n\t\t\t\t<div class=\"elementor-widget-container\">\n\t\t\t\t\t<h2 class=\"elementor-heading-title elementor-size-default\">Automatin\u0117 oralinio sekso rutina<\/h2>\t\t\t\t<\/div>\n\t\t\t\t<\/div>\n\t\t\t\t<div class=\"elementor-element elementor-element-f7efe5c elementor-widget elementor-widget-text-editor\" data-id=\"f7efe5c\" data-element_type=\"widget\" data-e-type=\"widget\" data-widget_type=\"text-editor.default\">\n\t\t\t\t<div class=\"elementor-widget-container\">\n\t\t\t\t\t\t\t\t\tGalb\u016bt jums reikia meilios moters arba tai, ko norite, yra \u012fdomesnio ir malonesnio lytinio potraukio. Jei norite tikrovi\u0161ko sekso, \u010dia yra jums tinkamas pasirinkimas.\t\t\t\t\t\t\t\t<\/div>\n\t\t\t\t<\/div>\n\t\t\t\t<section class=\"elementor-section elementor-inner-section elementor-element elementor-element-b5bb391 elementor-section-boxed elementor-section-height-default elementor-section-height-default\" data-id=\"b5bb391\" data-element_type=\"section\" data-e-type=\"section\">\n\t\t\t\t\t\t<div class=\"elementor-container elementor-column-gap-default\">\n\t\t\t\t\t<div class=\"elementor-column elementor-col-50 elementor-inner-column elementor-element elementor-element-c05a3a8 elementor-invisible\" data-id=\"c05a3a8\" data-element_type=\"column\" data-e-type=\"column\" data-settings=\"{&quot;animation&quot;:&quot;fadeInLeft&quot;}\">\n\t\t\t<div class=\"elementor-widget-wrap elementor-element-populated\">\n\t\t\t\t\t\t<div class=\"elementor-element elementor-element-0cdc0d0 elementor-widget elementor-widget-text-editor\" data-id=\"0cdc0d0\" data-element_type=\"widget\" data-e-type=\"widget\" data-widget_type=\"text-editor.default\">\n\t\t\t\t<div class=\"elementor-widget-container\">\n\t\t\t\t\t\t\t\t\t\u201eRenoDoll\u201c pristato jums \u201eautomatinio oralinio sekso\u201c alternatyv\u0105 jud\u0117jimui <span title=\"savaranki\u0161kai blowjob sexdoll\">sekso l\u0117l\u0117<\/span> ir gali i\u0161pildyti visus tavo norus. Ant k\u016bno galima priskirti pilno dyd\u017eio meil\u0117s l\u0117l\u0119. Pra\u0161ome prisijungti prie m\u016bs\u0173 svetain\u0117s \u017eemiau, kad gautum\u0117te rinkin\u012f su automatiniu oraliniu seksu.\t\t\t\t\t\t\t\t<\/div>\n\t\t\t\t<\/div>\n\t\t\t\t<div class=\"elementor-element elementor-element-4ef8f1c elementor-align-start elementor-icon-list--layout-traditional elementor-list-item-link-full_width elementor-widget elementor-widget-icon-list\" data-id=\"4ef8f1c\" data-element_type=\"widget\" data-e-type=\"widget\" data-widget_type=\"icon-list.default\">\n\t\t\t\t<div class=\"elementor-widget-container\">\n\t\t\t\t\t\t\t<ul class=\"elementor-icon-list-items\">\n\t\t\t\t\t\t\t<li class=\"elementor-icon-list-item\">\n\t\t\t\t\t\t\t\t\t\t\t<span class=\"elementor-icon-list-icon\">\n\t\t\t\t\t\t\t<i aria-hidden=\"true\" class=\"fas fa-check\"><\/i>\t\t\t\t\t\t<\/span>\n\t\t\t\t\t\t\t\t\t\t<span class=\"elementor-icon-list-text\">Vaik\u0161\u010diojanti l\u0117l\u0117. <\/span>\n\t\t\t\t\t\t\t\t\t<\/li>\n\t\t\t\t\t\t\t\t<li class=\"elementor-icon-list-item\">\n\t\t\t\t\t\t\t\t\t\t\t<span class=\"elementor-icon-list-icon\">\n\t\t\t\t\t\t\t<i aria-hidden=\"true\" class=\"fas fa-check\"><\/i>\t\t\t\t\t\t<\/span>\n\t\t\t\t\t\t\t\t\t\t<span class=\"elementor-icon-list-text\">Pagreitis yra kei\u010diamas.<\/span>\n\t\t\t\t\t\t\t\t\t<\/li>\n\t\t\t\t\t\t\t\t<li class=\"elementor-icon-list-item\">\n\t\t\t\t\t\t\t\t\t\t\t<span class=\"elementor-icon-list-icon\">\n\t\t\t\t\t\t\t<i aria-hidden=\"true\" class=\"fas fa-check\"><\/i>\t\t\t\t\t\t<\/span>\n\t\t\t\t\t\t\t\t\t\t<span class=\"elementor-icon-list-text\">Galimas dvigubas leidimas:<\/span>\n\t\t\t\t\t\t\t\t\t<\/li>\n\t\t\t\t\t\t<\/ul>\n\t\t\t\t\t\t<\/div>\n\t\t\t\t<\/div>\n\t\t\t\t\t<\/div>\n\t\t<\/div>\n\t\t\t\t<div class=\"elementor-column elementor-col-50 elementor-inner-column elementor-element elementor-element-9c59ec7 elementor-invisible\" data-id=\"9c59ec7\" data-element_type=\"column\" data-e-type=\"column\" data-settings=\"{&quot;animation&quot;:&quot;fadeInRight&quot;}\">\n\t\t\t<div class=\"elementor-widget-wrap elementor-element-populated\">\n\t\t\t\t\t\t<div class=\"elementor-element elementor-element-9b51cca elementor-widget elementor-widget-image\" data-id=\"9b51cca\" data-element_type=\"widget\" data-e-type=\"widget\" data-widget_type=\"image.default\">\n\t\t\t\t<div class=\"elementor-widget-container\">\n\t\t\t\t\t\t\t\t\t\t\t\t\t\t\t<img loading=\"lazy\" decoding=\"async\" width=\"480\" height=\"217\" src=\"https:\/\/renodoll.com\/wp-content\/uploads\/elementor\/thumbs\/xstore-placeholder-q1lsnz7fgoielvaun2xku1pmtki4wap0gutl6ge1k8.png\" class=\"attachment-large size-large wp-image-6591 lazyload lazyload-simple et-lazyload-fadeIn\" alt=\"Automatin\u0117 Blowjob Sekso L\u0117l\u0117\" sizes=\"auto, (max-width: 480px) 100vw, 480px\" data-src=\"https:\/\/renodoll.com\/wp-content\/uploads\/2023\/03\/oral.png\" data-srcset=\"https:\/\/renodoll.com\/wp-content\/uploads\/2023\/03\/oral.png 480w, https:\/\/renodoll.com\/wp-content\/uploads\/2023\/03\/oral-300x136.png 300w, https:\/\/renodoll.com\/wp-content\/uploads\/2023\/03\/oral-18x8.png 18w, https:\/\/renodoll.com\/wp-content\/uploads\/2023\/03\/oral-100x45.png 100w, https:\/\/renodoll.com\/wp-content\/uploads\/2023\/03\/oral-10x5.png 10w\" \/>\t\t\t\t\t\t\t\t\t\t\t\t\t\t\t<\/div>\n\t\t\t\t<\/div>\n\t\t\t\t\t<\/div>\n\t\t<\/div>\n\t\t\t\t\t<\/div>\n\t\t<\/section>\n\t\t\t\t<div class=\"elementor-element elementor-element-bb1687c elementor-invisible elementor-widget elementor-widget-heading\" data-id=\"bb1687c\" data-element_type=\"widget\" data-e-type=\"widget\" data-settings=\"{&quot;_animation&quot;:&quot;fadeInUp&quot;}\" data-widget_type=\"heading.default\">\n\t\t\t\t<div class=\"elementor-widget-container\">\n\t\t\t\t\t<h2 class=\"elementor-heading-title elementor-size-default\">Ne\u012fkraunamo leidimo papildinio ir flirto modelis be \u012fmontuoto akumuliatoriaus<\/h2>\t\t\t\t<\/div>\n\t\t\t\t<\/div>\n\t\t\t\t<div class=\"elementor-element elementor-element-869e276 elementor-widget elementor-widget-text-editor\" data-id=\"869e276\" data-element_type=\"widget\" data-e-type=\"widget\" data-widget_type=\"text-editor.default\">\n\t\t\t\t<div class=\"elementor-widget-container\">\n\t\t\t\t\t\t\t\t\tMaitinimo adapteris: talpos \u012f\u0117jimo \u012ftampa 100V-240V, i\u0161\u0117jimo \u012ftampa 24V\/3A\t\t\t\t\t\t\t\t<\/div>\n\t\t\t\t<\/div>\n\t\t\t\t<div class=\"elementor-element elementor-element-9bfd9a6 elementor-widget elementor-widget-text-editor\" data-id=\"9bfd9a6\" data-element_type=\"widget\" data-e-type=\"widget\" data-widget_type=\"text-editor.default\">\n\t\t\t\t<div class=\"elementor-widget-container\">\n\t\t\t\t\t\t\t\t\tSertifikavimo standartas: Power CE\t\t\t\t\t\t\t\t<\/div>\n\t\t\t\t<\/div>\n\t\t\t\t<div class=\"elementor-element elementor-element-3ea5d21 elementor-invisible elementor-widget elementor-widget-heading\" data-id=\"3ea5d21\" data-element_type=\"widget\" data-e-type=\"widget\" data-settings=\"{&quot;_animation&quot;:&quot;fadeInUp&quot;}\" data-widget_type=\"heading.default\">\n\t\t\t\t<div class=\"elementor-widget-container\">\n\t\t\t\t\t<h2 class=\"elementor-heading-title elementor-size-default\">\u012ekraunamas modelis (naudojama po to, kai \u012fmontuota baterija yra visi\u0161kai \u012fkrauta)<\/h2>\t\t\t\t<\/div>\n\t\t\t\t<\/div>\n\t\t\t\t<div class=\"elementor-element elementor-element-d867c0b elementor-widget elementor-widget-text-editor\" data-id=\"d867c0b\" data-element_type=\"widget\" data-e-type=\"widget\" data-widget_type=\"text-editor.default\">\n\t\t\t\t<div class=\"elementor-widget-container\">\n\t\t\t\t\t\t\t\t\tBaterijos talpa: darbin\u0117 \u012ftampa 22,2V, \u017eemo sl\u0117gio \u012ftampa 24V.\t\t\t\t\t\t\t\t<\/div>\n\t\t\t\t<\/div>\n\t\t\t\t<div class=\"elementor-element elementor-element-3566703 elementor-widget elementor-widget-text-editor\" data-id=\"3566703\" data-element_type=\"widget\" data-e-type=\"widget\" data-widget_type=\"text-editor.default\">\n\t\t\t\t<div class=\"elementor-widget-container\">\n\t\t\t\t\t\t\t\t\t\u012ekrovimas ir i\u0161krovimas: 280-300 savai\u010di\u0173.\t\t\t\t\t\t\t\t<\/div>\n\t\t\t\t<\/div>\n\t\t\t\t<div class=\"elementor-element elementor-element-67fe7ac elementor-widget elementor-widget-text-editor\" data-id=\"67fe7ac\" data-element_type=\"widget\" data-e-type=\"widget\" data-widget_type=\"text-editor.default\">\n\t\t\t\t<div class=\"elementor-widget-container\">\n\t\t\t\t\t\t\t\t\t\u012ekrovimo greitis: 1,5h greitas \u012fkrovimas.\t\t\t\t\t\t\t\t<\/div>\n\t\t\t\t<\/div>\n\t\t\t\t<div class=\"elementor-element elementor-element-cb5dad5 elementor-widget elementor-widget-text-editor\" data-id=\"cb5dad5\" data-element_type=\"widget\" data-e-type=\"widget\" data-widget_type=\"text-editor.default\">\n\t\t\t\t<div class=\"elementor-widget-container\">\n\t\t\t\t\t\t\t\t\t<p>Naudojimo trukm\u0117: Kai jis visi\u0161kai \u012fkrautas, padas <a href=\"https:\/\/renodoll.com\/lt\/electric-hip-sex-doll\/\">elektrin\u0117 klub\u0173 tikroji sekso l\u0117l\u0117<\/a> gali nuolat veikti iki 5 valand\u0173.<\/p>\t\t\t\t\t\t\t\t<\/div>\n\t\t\t\t<\/div>\n\t\t\t\t<div class=\"elementor-element elementor-element-8bed1ad elementor-widget elementor-widget-text-editor\" data-id=\"8bed1ad\" data-element_type=\"widget\" data-e-type=\"widget\" data-widget_type=\"text-editor.default\">\n\t\t\t\t<div class=\"elementor-widget-container\">\n\t\t\t\t\t\t\t\t\tAutomatinio oralinio sekso grandin\u0117 negali b\u016bti glaud\u017eiai supakuota g\u016b\u017e\u010diojusiais pe\u010diais.\t\t\t\t\t\t\t\t<\/div>\n\t\t\t\t<\/div>\n\t\t\t\t<div class=\"elementor-element elementor-element-89ddbe4 elementor-invisible elementor-widget elementor-widget-heading\" data-id=\"89ddbe4\" data-element_type=\"widget\" data-e-type=\"widget\" data-settings=\"{&quot;_animation&quot;:&quot;fadeInUp&quot;}\" data-widget_type=\"heading.default\">\n\t\t\t\t<div class=\"elementor-widget-container\">\n\t\t\t\t\t<h2 class=\"elementor-heading-title elementor-size-default\">Pristatome \u201eAuto Blow Job Sex Doll\u201c.<\/h2>\t\t\t\t<\/div>\n\t\t\t\t<\/div>\n\t\t\t\t<div class=\"elementor-element elementor-element-0e1a5fe elementor-widget elementor-widget-text-editor\" data-id=\"0e1a5fe\" data-element_type=\"widget\" data-e-type=\"widget\" data-widget_type=\"text-editor.default\">\n\t\t\t\t<div class=\"elementor-widget-container\">\n\t\t\t\t\t\t\t\t\tRenodoll Dolls implantuoja mechaninius ma\u0161inos komponentus \u012f tikrovi\u0161kas sekso l\u0117les, kad tikros l\u0117l\u0117s gal\u0117t\u0173 pa\u010dios atlikti oralin\u012f seks\u0105, o tai leis jums pasitenkinti ry\u0161kesniu ir galingesniu malonumu!\t\t\t\t\t\t\t\t<\/div>\n\t\t\t\t<\/div>\n\t\t\t\t<div class=\"elementor-element elementor-element-f326ee7 elementor-widget elementor-widget-text-editor\" data-id=\"f326ee7\" data-element_type=\"widget\" data-e-type=\"widget\" data-widget_type=\"text-editor.default\">\n\t\t\t\t<div class=\"elementor-widget-container\">\n\t\t\t\t\t\t\t\t\tBlowjob suaugusi\u0173j\u0173 sekso l\u0117l\u0117s yra dviej\u0173 modeli\u0173; priklausomai nuo seksualinio potraukio, galite pasirinkti \u012fkrovimo model\u012f arba papildinio model\u012f.\t\t\t\t\t\t\t\t<\/div>\n\t\t\t\t<\/div>\n\t\t\t\t<div class=\"elementor-element elementor-element-57f070c elementor-invisible elementor-widget elementor-widget-heading\" data-id=\"57f070c\" data-element_type=\"widget\" data-e-type=\"widget\" data-settings=\"{&quot;_animation&quot;:&quot;fadeInUp&quot;}\" data-widget_type=\"heading.default\">\n\t\t\t\t<div class=\"elementor-widget-container\">\n\t\t\t\t\t<h2 class=\"elementor-heading-title elementor-size-default\">Nuotolinio valdymo pulto vartotojo vadovas <\/h2>\t\t\t\t<\/div>\n\t\t\t\t<\/div>\n\t\t\t\t<div class=\"elementor-element elementor-element-ad47ed5 elementor-widget elementor-widget-text-editor\" data-id=\"ad47ed5\" data-element_type=\"widget\" data-e-type=\"widget\" data-widget_type=\"text-editor.default\">\n\t\t\t\t<div class=\"elementor-widget-container\">\n\t\t\t\t\t\t\t\t\t\u012ekrovimo instrukcija: \u012fkraukite \u012frengin\u012f 2 valandas ir nuimkite \u012fkrovikl\u012f nuo lemput\u0117s.\t\t\t\t\t\t\t\t<\/div>\n\t\t\t\t<\/div>\n\t\t\t\t<div class=\"elementor-element elementor-element-67f86d1 elementor-widget elementor-widget-text-editor\" data-id=\"67f86d1\" data-element_type=\"widget\" data-e-type=\"widget\" data-widget_type=\"text-editor.default\">\n\t\t\t\t<div class=\"elementor-widget-container\">\n\t\t\t\t\t\t\t\t\t\u012eskiepio instrukcija: \u012fkraukite ir \u017eaiskite\t\t\t\t\t\t\t\t<\/div>\n\t\t\t\t<\/div>\n\t\t\t\t<div class=\"elementor-element elementor-element-863d016 elementor-widget elementor-widget-text-editor\" data-id=\"863d016\" data-element_type=\"widget\" data-e-type=\"widget\" data-widget_type=\"text-editor.default\">\n\t\t\t\t<div class=\"elementor-widget-container\">\n\t\t\t\t\t\t\t\t\tPo \u012fkrovimo nuotolinio valdymo pulte tiesiogiai paspauskite A (ma\u017eas greitis), B (vidutinis greitis) C (didelis greitis) ir sekso l\u0117l\u0117 prad\u0117s oralinio sekso darb\u0105; galite j\u012f reguliuoti iki priimtino grei\u010dio pagal savo seksualinius poreikius. Paspaudus \u201eD\u201c apa\u010di\u0105, tikrovi\u0161ka sekso l\u0117l\u0117 nustos veikti.\t\t\t\t\t\t\t\t<\/div>\n\t\t\t\t<\/div>\n\t\t\t\t<div class=\"elementor-element elementor-element-808a42d elementor-invisible elementor-widget elementor-widget-heading\" data-id=\"808a42d\" data-element_type=\"widget\" data-e-type=\"widget\" data-settings=\"{&quot;_animation&quot;:&quot;fadeInUp&quot;}\" data-widget_type=\"heading.default\">\n\t\t\t\t<div class=\"elementor-widget-container\">\n\t\t\t\t\t<h2 class=\"elementor-heading-title elementor-size-default\">Atsargumo priemon\u0117s <\/h2>\t\t\t\t<\/div>\n\t\t\t\t<\/div>\n\t\t\t\t<div class=\"elementor-element elementor-element-dea0f73 elementor-widget elementor-widget-html\" data-id=\"dea0f73\" data-element_type=\"widget\" data-e-type=\"widget\" data-widget_type=\"html.default\">\n\t\t\t\t<div class=\"elementor-widget-container\">\n\t\t\t\t\t<ol class=\"number_list_type\"><li>\u012esitikinkite, kad mygtukai yra i\u0161jungti, kai kraunate arba kei\u010diate sekso l\u0117l\u0117s (-i\u0173) pad\u0117t\u012f. Neverskite vaidmens, kai jis prijungtas, kad b\u016bt\u0173 galima \u012fkrauti.<\/li>\n<li>Leiskite sekso l\u0117lei nusiraminti po 2 valand\u0173 begalinio naudojimo. Ji tur\u0117s gul\u0117ti bent 10-30 minu\u010di\u0173 kas 2 naudojimo valandas<\/li>\n<li>Jei leid\u017eiama tinkamai \u012fkrauti, j\u012f galima naudoti iki 5 valand\u0173, kol jis i\u0161sikrauna.<\/li>\n<li>Po kiekvieno naudojimo tinkamai nuvalykite ir papudruokite seksualios sekso l\u0117l\u0117s paliest\u0105 viet\u0105. <\/li>\n<li>Kompiuterizuotas <span title=\"savaranki\u0161kai blowjob sexdoll\">blowjob<\/span>, <a href=\"https:\/\/renodoll.com\/lt\/electric-hip-sex-doll\/\">elektrinis klubas<\/a>, o kompiuterinis \u010diulpimas negali b\u016bti pasirinktas spontani\u0161kai <\/li>\n \n<\/ol>\t\t\t\t<\/div>\n\t\t\t\t<\/div>\n\t\t\t\t<div class=\"elementor-element elementor-element-d99a9ed elementor-invisible elementor-widget elementor-widget-video\" data-id=\"d99a9ed\" data-element_type=\"widget\" data-e-type=\"widget\" data-settings=\"{&quot;video_type&quot;:&quot;hosted&quot;,&quot;autoplay&quot;:&quot;yes&quot;,&quot;play_on_mobile&quot;:&quot;yes&quot;,&quot;loop&quot;:&quot;yes&quot;,&quot;_animation&quot;:&quot;slideInLeft&quot;,&quot;controls&quot;:&quot;yes&quot;}\" data-widget_type=\"video.default\">\n\t\t\t\t<div class=\"elementor-widget-container\">\n\t\t\t\t\t\t\t<div class=\"e-hosted-video elementor-wrapper elementor-open-inline\">\n\t\t\t\t\t<video class=\"elementor-video\" src=\"http:\/\/renodoll.com\/wp-content\/uploads\/2023\/03\/auto-oral.mp4\" autoplay=\"\" loop=\"\" controls=\"\" playsinline=\"\"><\/video>\n\t\t\t\t<\/div>\n\t\t\t\t\t\t<\/div>\n\t\t\t\t<\/div>\n\t\t\t\t\t<\/div>\n\t\t<\/div>\n\t\t\t\t\t<\/div>\n\t\t<\/section>\n\t\t\t\t<\/div>","protected":false},"excerpt":{"rendered":"<p>Automatinio oralinio sekso rutina Galb\u016bt jums reikia meilios moters arba tai, ko norite, yra \u012fdomesnio ir malonesnio lytinio potraukio. Jei norite tikrovi\u0161ko sekso, \u010dia yra jums tinkamas pasirinkimas. RenoDoll pristato jums \u201eAuto Oral Sex\u201c alternatyv\u0105 judan\u010diajai sekso l\u0117lei ir gali i\u0161pildyti visus j\u016bs\u0173 norus. Ant k\u016bno galima priskirti pilno dyd\u017eio meil\u0117s l\u0117l\u0119. Pra\u0161ome prisijungti prie m\u016bs\u0173 svetain\u0117s \u017eemiau, kad gautum\u0117te rinkin\u012f su automatiniu oraliniu seksu. Vaik\u0161\u010diojanti l\u0117l\u0117. Pagreitis yra kei\u010diamas. Galimas dvigubas leidimas: Ne\u012fkraunamo leidimo papildinio ir flirto modelis be \u012fmontuoto akumuliatoriaus<\/p>","protected":false},"author":1,"featured_media":0,"parent":0,"menu_order":0,"comment_status":"closed","ping_status":"closed","template":"","meta":{"footnotes":""},"class_list":["post-5347","page","type-page","status-publish","hentry"],"aioseo_notices":[],"_links":{"self":[{"href":"https:\/\/renodoll.com\/lt\/wp-json\/wp\/v2\/pages\/5347","targetHints":{"allow":["GET"]}}],"collection":[{"href":"https:\/\/renodoll.com\/lt\/wp-json\/wp\/v2\/pages"}],"about":[{"href":"https:\/\/renodoll.com\/lt\/wp-json\/wp\/v2\/types\/page"}],"author":[{"embeddable":true,"href":"https:\/\/renodoll.com\/lt\/wp-json\/wp\/v2\/users\/1"}],"replies":[{"embeddable":true,"href":"https:\/\/renodoll.com\/lt\/wp-json\/wp\/v2\/comments?post=5347"}],"version-history":[{"count":55,"href":"https:\/\/renodoll.com\/lt\/wp-json\/wp\/v2\/pages\/5347\/revisions"}],"predecessor-version":[{"id":16163,"href":"https:\/\/renodoll.com\/lt\/wp-json\/wp\/v2\/pages\/5347\/revisions\/16163"}],"wp:attachment":[{"href":"https:\/\/renodoll.com\/lt\/wp-json\/wp\/v2\/media?parent=5347"}],"curies":[{"name":"wp","href":"https:\/\/api.w.org\/{rel}","templated":true}]}}